{"id":835,"date":"2021-02-08T23:08:27","date_gmt":"2021-02-09T04:08:27","guid":{"rendered":"https:\/\/www.integralpro.com.co\/index.php\/product\/import-placeholder-for-1116\/"},"modified":"2021-02-17T15:03:32","modified_gmt":"2021-02-17T20:03:32","slug":"router-tp-link-c60-ac1350-wireless-dual-band","status":"publish","type":"product","link":"https:\/\/www.integralpro.com.co\/index.php\/producto\/router-tp-link-c60-ac1350-wireless-dual-band\/","title":{"rendered":"Router Tp Link C60 Ac1350 Wireless Dual Band"},"content":{"rendered":"<p>La Nueva Norma de Wi-Fi para una Experiencia Avanzada en L\u00ednea:<br \/>\nViene con la norma m\u00e1s reciente del inal\u00e1mbrico \u2013 802.11ac. Este Wi-Fi avanzado est\u00e1 dise\u00f1ado para actividades en l\u00ednea de alto tr\u00e1fico y puede ayudar a ejecutar aplicaciones triplicando la velocidad de la norma anterior 802.11n. El resultado: Wi-Fi m\u00e1s r\u00e1pido, m\u00e1s fuerte y m\u00e1s capaz para dar rienda suelta a todos sus dispositivos inal\u00e1mbricos.<\/p>\n<p>Cobertura Planificada, Estabilidad Mejorada:<br \/>\nSu dise\u00f1o innovador incluye cinco antenas, tres a 2.4GHz y dos a 5GHz. Estas han sido arregladas alternativamente para optimizar la banda dual de Wi-Fi de 802.11ac, creando una transmisi\u00f3n con cobertura maximizada, interferencia minimizada.<\/p>\n<p>Wi-Fi R\u00e1pido de Banda Dual Concurrente<br \/>\nLe brinda conexiones Wi-Fi de banda dual simult\u00e1nea.<br \/>\nBanda de 2.4GHz: MIMO 3\u00d73 crea un Wi-Fi r\u00e1pido y estable a velocidades de 450Mbps, haci\u00e9ndolo perfecto para las aplicaciones diarias como enviar correos electr\u00f3nicos, navegar por Internet o escuchar m\u00fasica.<br \/>\nBanda de 5GHz: Proporciona un Wi-Fi de hasta 867Mbps para entretenimiento sensible a retrasos para que pueda transmitir video HD, jugar juegos en l\u00ednea y mantener video chats todo al mismo tiempo sin retrasos.<\/p>\n<p>F\u00e1cil Control Parental:<br \/>\nSupervise a sus ni\u00f1os y al personal con acceso responsable, controlado por padres o administradores. Utilice el bloqueo de URL para configurar f\u00e1cilmente una lista blanca o negra y limitar el nivel de acceso a Internet.<br \/>\nAcceso a la Red para Invitados:<br \/>\nPermita que los invitados se unan a su red Wi-Fi, mientras protege su privacidad. Haga una compartici\u00f3n f\u00e1cil, manteniendo la seguridad.<\/p>\n<p>Dise\u00f1o Impecable:<br \/>\nPara hacer compatibles sus caracter\u00edsticas avanzadas, este router introduce una textura y color elegantes para que adec\u00fae a la decoraci\u00f3n con estilo de su hogar.<\/p>\n<p>F\u00e1cil Configuraci\u00f3n y Administraci\u00f3n:<br \/>\nConfig\u00farelo en minutos gracias a su interfaz de Internet intuitiva. La configuraci\u00f3n tambi\u00e9n est\u00e1 en la palma de sus manos con la potente app de TP-LINK. Tether, la forma m\u00e1s f\u00e1cil de acceder y administrar su router a trav\u00e9s de su smartphone.<\/p>\n","protected":false},"excerpt":{"rendered":"<p># DE PARTE: ARCHER C60<\/p>\n","protected":false},"featured_media":766,"template":"","meta":{"site-sidebar-layout":"default","site-content-layout":"default","ast-site-content-layout":"default","site-content-style":"default","site-sidebar-style":"default","ast-global-header-display":"","ast-banner-title-visibility":"","ast-main-header-display":"","ast-hfb-above-header-display":"","ast-hfb-below-header-display":"","ast-hfb-mobile-header-display":"","site-post-title":"","ast-breadcrumbs-content":"","ast-featured-img":"","footer-sml-layout":"","ast-disable-related-posts":"","theme-transparent-header-meta":"default","adv-header-id-meta":"","stick-header-meta":"","header-above-stick-meta":"","header-main-stick-meta":"","header-below-stick-meta":"","astra-migrate-meta-layouts":"default","ast-page-background-enabled":"default","ast-page-background-meta":{"desktop":{"background-color":"var(--ast-global-color-4)","background-image":"","background-repeat":"repeat","background-position":"center center","background-size":"auto","background-attachment":"scroll","background-type":"","background-media":"","overlay-type":"","overlay-color":"","overlay-opacity":"","overlay-gradient":""},"tablet":{"background-color":"","background-image":"","background-repeat":"repeat","background-position":"center center","background-size":"auto","background-attachment":"scroll","background-type":"","background-media":"","overlay-type":"","overlay-color":"","overlay-opacity":"","overlay-gradient":""},"mobile":{"background-color":"","background-image":"","background-repeat":"repeat","background-position":"center center","background-size":"auto","background-attachment":"scroll","background-type":"","background-media":"","overlay-type":"","overlay-color":"","overlay-opacity":"","overlay-gradient":""}},"ast-content-background-meta":{"desktop":{"background-color":"var(--ast-global-color-5)","background-image":"","background-repeat":"repeat","background-position":"center center","background-size":"auto","background-attachment":"scroll","background-type":"","background-media":"","overlay-type":"","overlay-color":"","overlay-opacity":"","overlay-gradient":""},"tablet":{"background-color":"var(--ast-global-color-5)","background-image":"","background-repeat":"repeat","background-position":"center center","background-size":"auto","background-attachment":"scroll","background-type":"","background-media":"","overlay-type":"","overlay-color":"","overlay-opacity":"","overlay-gradient":""},"mobile":{"background-color":"var(--ast-global-color-5)","background-image":"","background-repeat":"repeat","background-position":"center center","background-size":"auto","background-attachment":"scroll","background-type":"","background-media":"","overlay-type":"","overlay-color":"","overlay-opacity":"","overlay-gradient":""}}},"product_brand":[],"product_cat":[62,150],"product_tag":[45],"class_list":{"0":"post-835","1":"product","2":"type-product","3":"status-publish","4":"has-post-thumbnail","6":"product_cat-redes","7":"product_cat-routers","8":"product_tag-tp-link","9":"desktop-align-left","10":"tablet-align-left","11":"mobile-align-left","13":"first","14":"instock","15":"taxable","16":"shipping-taxable","17":"product-type-simple"},"yoast_head":"<!-- This site is optimized with the Yoast SEO plugin v27.3 - https:\/\/yoast.com\/product\/yoast-seo-wordpress\/ -->\n<title>Router Tp Link C60 Ac1350 Wireless Dual Band - IntegralPro<\/title>\n<meta name=\"description\" content=\"Est\u00e1 dise\u00f1ado para actividades en l\u00ednea de alto tr\u00e1fico y puede ayudar a ejecutar aplicaciones triplicando la velocidad.\" \/>\n<meta name=\"robots\" content=\"index, follow, max-snippet:-1, max-image-preview:large, max-video-preview:-1\" \/>\n<link rel=\"canonical\" href=\"https:\/\/www.integralpro.com.co\/index.php\/producto\/router-tp-link-c60-ac1350-wireless-dual-band\/\" \/>\n<meta property=\"og:locale\" content=\"es_ES\" \/>\n<meta property=\"og:type\" content=\"article\" \/>\n<meta property=\"og:title\" content=\"Router Tp Link C60 Ac1350 Wireless Dual Band - IntegralPro\" \/>\n<meta property=\"og:description\" content=\"Est\u00e1 dise\u00f1ado para actividades en l\u00ednea de alto tr\u00e1fico y puede ayudar a ejecutar aplicaciones triplicando la velocidad.\" \/>\n<meta property=\"og:url\" content=\"https:\/\/www.integralpro.com.co\/index.php\/producto\/router-tp-link-c60-ac1350-wireless-dual-band\/\" \/>\n<meta property=\"og:site_name\" content=\"IntegralPro\" \/>\n<meta property=\"article:modified_time\" content=\"2021-02-17T20:03:32+00:00\" \/>\n<meta property=\"og:image\" content=\"https:\/\/www.integralpro.com.co\/wp-content\/uploads\/2021\/02\/Router-Tp-Link-C60-Ac1350-Wireless-Dual-Band.jpg\" \/>\n\t<meta property=\"og:image:width\" content=\"1000\" \/>\n\t<meta property=\"og:image:height\" content=\"1000\" \/>\n\t<meta property=\"og:image:type\" content=\"image\/jpeg\" \/>\n<meta name=\"twitter:card\" content=\"summary_large_image\" \/>\n<meta name=\"twitter:label1\" content=\"Tiempo de lectura\" \/>\n\t<meta name=\"twitter:data1\" content=\"2 minutos\" \/>\n<script type=\"application\/ld+json\" class=\"yoast-schema-graph\">{\"@context\":\"https:\\\/\\\/schema.org\",\"@graph\":[{\"@type\":\"WebPage\",\"@id\":\"https:\\\/\\\/www.integralpro.com.co\\\/index.php\\\/producto\\\/router-tp-link-c60-ac1350-wireless-dual-band\\\/\",\"url\":\"https:\\\/\\\/www.integralpro.com.co\\\/index.php\\\/producto\\\/router-tp-link-c60-ac1350-wireless-dual-band\\\/\",\"name\":\"Router Tp Link C60 Ac1350 Wireless Dual Band - IntegralPro\",\"isPartOf\":{\"@id\":\"https:\\\/\\\/www.integralpro.com.co\\\/#website\"},\"primaryImageOfPage\":{\"@id\":\"https:\\\/\\\/www.integralpro.com.co\\\/index.php\\\/producto\\\/router-tp-link-c60-ac1350-wireless-dual-band\\\/#primaryimage\"},\"image\":{\"@id\":\"https:\\\/\\\/www.integralpro.com.co\\\/index.php\\\/producto\\\/router-tp-link-c60-ac1350-wireless-dual-band\\\/#primaryimage\"},\"thumbnailUrl\":\"https:\\\/\\\/www.integralpro.com.co\\\/wp-content\\\/uploads\\\/2021\\\/02\\\/Router-Tp-Link-C60-Ac1350-Wireless-Dual-Band.jpg\",\"datePublished\":\"2021-02-09T04:08:27+00:00\",\"dateModified\":\"2021-02-17T20:03:32+00:00\",\"description\":\"Est\u00e1 dise\u00f1ado para actividades en l\u00ednea de alto tr\u00e1fico y puede ayudar a ejecutar aplicaciones triplicando la velocidad.\",\"breadcrumb\":{\"@id\":\"https:\\\/\\\/www.integralpro.com.co\\\/index.php\\\/producto\\\/router-tp-link-c60-ac1350-wireless-dual-band\\\/#breadcrumb\"},\"inLanguage\":\"es\",\"potentialAction\":[{\"@type\":\"ReadAction\",\"target\":[\"https:\\\/\\\/www.integralpro.com.co\\\/index.php\\\/producto\\\/router-tp-link-c60-ac1350-wireless-dual-band\\\/\"]}]},{\"@type\":\"ImageObject\",\"inLanguage\":\"es\",\"@id\":\"https:\\\/\\\/www.integralpro.com.co\\\/index.php\\\/producto\\\/router-tp-link-c60-ac1350-wireless-dual-band\\\/#primaryimage\",\"url\":\"https:\\\/\\\/www.integralpro.com.co\\\/wp-content\\\/uploads\\\/2021\\\/02\\\/Router-Tp-Link-C60-Ac1350-Wireless-Dual-Band.jpg\",\"contentUrl\":\"https:\\\/\\\/www.integralpro.com.co\\\/wp-content\\\/uploads\\\/2021\\\/02\\\/Router-Tp-Link-C60-Ac1350-Wireless-Dual-Band.jpg\",\"width\":1000,\"height\":1000},{\"@type\":\"BreadcrumbList\",\"@id\":\"https:\\\/\\\/www.integralpro.com.co\\\/index.php\\\/producto\\\/router-tp-link-c60-ac1350-wireless-dual-band\\\/#breadcrumb\",\"itemListElement\":[{\"@type\":\"ListItem\",\"position\":1,\"name\":\"Portada\",\"item\":\"https:\\\/\\\/www.integralpro.com.co\\\/\"},{\"@type\":\"ListItem\",\"position\":2,\"name\":\"Tienda\",\"item\":\"https:\\\/\\\/www.integralpro.com.co\\\/index.php\\\/tienda\\\/\"},{\"@type\":\"ListItem\",\"position\":3,\"name\":\"Router Tp Link C60 Ac1350 Wireless Dual Band\"}]},{\"@type\":\"WebSite\",\"@id\":\"https:\\\/\\\/www.integralpro.com.co\\\/#website\",\"url\":\"https:\\\/\\\/www.integralpro.com.co\\\/\",\"name\":\"IntegralPro\",\"description\":\"Tienda de Tecnolog\u00eda en L\u00ednea\",\"publisher\":{\"@id\":\"https:\\\/\\\/www.integralpro.com.co\\\/#organization\"},\"potentialAction\":[{\"@type\":\"SearchAction\",\"target\":{\"@type\":\"EntryPoint\",\"urlTemplate\":\"https:\\\/\\\/www.integralpro.com.co\\\/?s={search_term_string}\"},\"query-input\":{\"@type\":\"PropertyValueSpecification\",\"valueRequired\":true,\"valueName\":\"search_term_string\"}}],\"inLanguage\":\"es\"},{\"@type\":\"Organization\",\"@id\":\"https:\\\/\\\/www.integralpro.com.co\\\/#organization\",\"name\":\"IntegralPro SAS\",\"url\":\"https:\\\/\\\/www.integralpro.com.co\\\/\",\"logo\":{\"@type\":\"ImageObject\",\"inLanguage\":\"es\",\"@id\":\"https:\\\/\\\/www.integralpro.com.co\\\/#\\\/schema\\\/logo\\\/image\\\/\",\"url\":\"https:\\\/\\\/www.integralpro.com.co\\\/wp-content\\\/uploads\\\/2021\\\/02\\\/logo-def.jpg\",\"contentUrl\":\"https:\\\/\\\/www.integralpro.com.co\\\/wp-content\\\/uploads\\\/2021\\\/02\\\/logo-def.jpg\",\"width\":238,\"height\":234,\"caption\":\"IntegralPro SAS\"},\"image\":{\"@id\":\"https:\\\/\\\/www.integralpro.com.co\\\/#\\\/schema\\\/logo\\\/image\\\/\"}}]}<\/script>\n<!-- \/ Yoast SEO plugin. -->","yoast_head_json":{"title":"Router Tp Link C60 Ac1350 Wireless Dual Band - IntegralPro","description":"Est\u00e1 dise\u00f1ado para actividades en l\u00ednea de alto tr\u00e1fico y puede ayudar a ejecutar aplicaciones triplicando la velocidad.","robots":{"index":"index","follow":"follow","max-snippet":"max-snippet:-1","max-image-preview":"max-image-preview:large","max-video-preview":"max-video-preview:-1"},"canonical":"https:\/\/www.integralpro.com.co\/index.php\/producto\/router-tp-link-c60-ac1350-wireless-dual-band\/","og_locale":"es_ES","og_type":"article","og_title":"Router Tp Link C60 Ac1350 Wireless Dual Band - IntegralPro","og_description":"Est\u00e1 dise\u00f1ado para actividades en l\u00ednea de alto tr\u00e1fico y puede ayudar a ejecutar aplicaciones triplicando la velocidad.","og_url":"https:\/\/www.integralpro.com.co\/index.php\/producto\/router-tp-link-c60-ac1350-wireless-dual-band\/","og_site_name":"IntegralPro","article_modified_time":"2021-02-17T20:03:32+00:00","og_image":[{"width":1000,"height":1000,"url":"https:\/\/www.integralpro.com.co\/wp-content\/uploads\/2021\/02\/Router-Tp-Link-C60-Ac1350-Wireless-Dual-Band.jpg","type":"image\/jpeg"}],"twitter_card":"summary_large_image","twitter_misc":{"Tiempo de lectura":"2 minutos"},"schema":{"@context":"https:\/\/schema.org","@graph":[{"@type":"WebPage","@id":"https:\/\/www.integralpro.com.co\/index.php\/producto\/router-tp-link-c60-ac1350-wireless-dual-band\/","url":"https:\/\/www.integralpro.com.co\/index.php\/producto\/router-tp-link-c60-ac1350-wireless-dual-band\/","name":"Router Tp Link C60 Ac1350 Wireless Dual Band - IntegralPro","isPartOf":{"@id":"https:\/\/www.integralpro.com.co\/#website"},"primaryImageOfPage":{"@id":"https:\/\/www.integralpro.com.co\/index.php\/producto\/router-tp-link-c60-ac1350-wireless-dual-band\/#primaryimage"},"image":{"@id":"https:\/\/www.integralpro.com.co\/index.php\/producto\/router-tp-link-c60-ac1350-wireless-dual-band\/#primaryimage"},"thumbnailUrl":"https:\/\/www.integralpro.com.co\/wp-content\/uploads\/2021\/02\/Router-Tp-Link-C60-Ac1350-Wireless-Dual-Band.jpg","datePublished":"2021-02-09T04:08:27+00:00","dateModified":"2021-02-17T20:03:32+00:00","description":"Est\u00e1 dise\u00f1ado para actividades en l\u00ednea de alto tr\u00e1fico y puede ayudar a ejecutar aplicaciones triplicando la velocidad.","breadcrumb":{"@id":"https:\/\/www.integralpro.com.co\/index.php\/producto\/router-tp-link-c60-ac1350-wireless-dual-band\/#breadcrumb"},"inLanguage":"es","potentialAction":[{"@type":"ReadAction","target":["https:\/\/www.integralpro.com.co\/index.php\/producto\/router-tp-link-c60-ac1350-wireless-dual-band\/"]}]},{"@type":"ImageObject","inLanguage":"es","@id":"https:\/\/www.integralpro.com.co\/index.php\/producto\/router-tp-link-c60-ac1350-wireless-dual-band\/#primaryimage","url":"https:\/\/www.integralpro.com.co\/wp-content\/uploads\/2021\/02\/Router-Tp-Link-C60-Ac1350-Wireless-Dual-Band.jpg","contentUrl":"https:\/\/www.integralpro.com.co\/wp-content\/uploads\/2021\/02\/Router-Tp-Link-C60-Ac1350-Wireless-Dual-Band.jpg","width":1000,"height":1000},{"@type":"BreadcrumbList","@id":"https:\/\/www.integralpro.com.co\/index.php\/producto\/router-tp-link-c60-ac1350-wireless-dual-band\/#breadcrumb","itemListElement":[{"@type":"ListItem","position":1,"name":"Portada","item":"https:\/\/www.integralpro.com.co\/"},{"@type":"ListItem","position":2,"name":"Tienda","item":"https:\/\/www.integralpro.com.co\/index.php\/tienda\/"},{"@type":"ListItem","position":3,"name":"Router Tp Link C60 Ac1350 Wireless Dual Band"}]},{"@type":"WebSite","@id":"https:\/\/www.integralpro.com.co\/#website","url":"https:\/\/www.integralpro.com.co\/","name":"IntegralPro","description":"Tienda de Tecnolog\u00eda en L\u00ednea","publisher":{"@id":"https:\/\/www.integralpro.com.co\/#organization"},"potentialAction":[{"@type":"SearchAction","target":{"@type":"EntryPoint","urlTemplate":"https:\/\/www.integralpro.com.co\/?s={search_term_string}"},"query-input":{"@type":"PropertyValueSpecification","valueRequired":true,"valueName":"search_term_string"}}],"inLanguage":"es"},{"@type":"Organization","@id":"https:\/\/www.integralpro.com.co\/#organization","name":"IntegralPro SAS","url":"https:\/\/www.integralpro.com.co\/","logo":{"@type":"ImageObject","inLanguage":"es","@id":"https:\/\/www.integralpro.com.co\/#\/schema\/logo\/image\/","url":"https:\/\/www.integralpro.com.co\/wp-content\/uploads\/2021\/02\/logo-def.jpg","contentUrl":"https:\/\/www.integralpro.com.co\/wp-content\/uploads\/2021\/02\/logo-def.jpg","width":238,"height":234,"caption":"IntegralPro SAS"},"image":{"@id":"https:\/\/www.integralpro.com.co\/#\/schema\/logo\/image\/"}}]}},"_links":{"self":[{"href":"https:\/\/www.integralpro.com.co\/index.php\/wp-json\/wp\/v2\/product\/835","targetHints":{"allow":["GET"]}}],"collection":[{"href":"https:\/\/www.integralpro.com.co\/index.php\/wp-json\/wp\/v2\/product"}],"about":[{"href":"https:\/\/www.integralpro.com.co\/index.php\/wp-json\/wp\/v2\/types\/product"}],"version-history":[{"count":3,"href":"https:\/\/www.integralpro.com.co\/index.php\/wp-json\/wp\/v2\/product\/835\/revisions"}],"predecessor-version":[{"id":1189,"href":"https:\/\/www.integralpro.com.co\/index.php\/wp-json\/wp\/v2\/product\/835\/revisions\/1189"}],"wp:featuredmedia":[{"embeddable":true,"href":"https:\/\/www.integralpro.com.co\/index.php\/wp-json\/wp\/v2\/media\/766"}],"wp:attachment":[{"href":"https:\/\/www.integralpro.com.co\/index.php\/wp-json\/wp\/v2\/media?parent=835"}],"wp:term":[{"taxonomy":"product_brand","embeddable":true,"href":"https:\/\/www.integralpro.com.co\/index.php\/wp-json\/wp\/v2\/product_brand?post=835"},{"taxonomy":"product_cat","embeddable":true,"href":"https:\/\/www.integralpro.com.co\/index.php\/wp-json\/wp\/v2\/product_cat?post=835"},{"taxonomy":"product_tag","embeddable":true,"href":"https:\/\/www.integralpro.com.co\/index.php\/wp-json\/wp\/v2\/product_tag?post=835"}],"curies":[{"name":"wp","href":"https:\/\/api.w.org\/{rel}","templated":true}]}}