{"id":834,"date":"2021-02-08T23:08:27","date_gmt":"2021-02-09T04:08:27","guid":{"rendered":"https:\/\/www.integralpro.com.co\/index.php\/product\/import-placeholder-for-1113\/"},"modified":"2024-07-01T21:50:41","modified_gmt":"2024-07-02T02:50:41","slug":"router-tp-link-a6-ac1200-wireless-mu-mimo-gigabit","status":"publish","type":"product","link":"https:\/\/www.integralpro.com.co\/index.php\/producto\/router-tp-link-a6-ac1200-wireless-mu-mimo-gigabit\/","title":{"rendered":"Router Tp Link A6 Ac1200 Wireless Mu Mimo Gigabit"},"content":{"rendered":"<p>Router WiFi Dual Band MU-MIMO Gigabit AC1200, TP-Link Archer A6<\/p>\n<p>\u2022 Soporta est\u00e1ndar 802.11ac<br \/>\n\u2022 Conexiones simult\u00e1neas de 2.4GHz a 300 Mbps y 5GHz a 867 Mbps para 1200 Mbps de ancho de banda total disponible<br \/>\n\u2022 4 antenas externas y una antena interna proporcionan conexiones inal\u00e1mbricas estables y una cobertura \u00f3ptima<br \/>\n\u2022 F\u00e1cil administraci\u00f3n de la red a su alcance con TP-Link Tether<br \/>\n\u2022 MU-MIMO logra una eficiencia de 2X al comunicarse con hasta 2 dispositivos a la vez<br \/>\n\u2022 La tecnolog\u00eda de formaci\u00f3n de haces ofrece una cobertura inal\u00e1mbrica m\u00e1s amplia<br \/>\n\u2022 Admite el modo de punto de acceso para crear un nuevo punto de acceso Wi-Fi<\/p>\n<p>Entretenimiento suave con Wi-Fi de doble banda AC1200<br \/>\nEl Archer A6 crea una red confiable y veloz impulsada por la tecnolog\u00eda 802.11ac Wi-Fi. La banda de 2.4GHz ofrece velocidades de hasta 300Mbps, lista para tareas diarias como correo electr\u00f3nico y navegaci\u00f3n web, mientras que la banda de 5GHz ofrece velocidades de hasta 867Mbps, ideal para transmisi\u00f3n de video HD y juegos en l\u00ednea sin demoras.<\/p>\n<p>5 Antenas de alto rendimiento Cobertura de Wi-Fi en su hogar<br \/>\nCuatro antenas externas y una antena interna env\u00edan se\u00f1ales de Wi-Fi a cada rinc\u00f3n de su hogar. Mant\u00e9ngase conectado y disfrute de la r\u00e1pida conexi\u00f3n Wi-Fi, ya sea que est\u00e9 descansando en el sof\u00e1 o en el balc\u00f3n. Con un potente chipset, el Archer A6 proporciona una cobertura ideal de Wi-Fi. La cobertura de la banda de 2,4 GHz es especialmente impresionante, ya que elimina las zonas muertas de Wi-Fi y supera a la de otros enrutadores de la competencia.<\/p>\n<p>Es un punto de acceso, tambi\u00e9n cambie el modo de trabajo del Archer A6 al modo de punto de acceso para compartir su red cableada con otros dispositivos inal\u00e1mbricos.<\/p>\n<p>Las cuestiones de MU-MIMO aumentan la velocidad, el rendimiento y la capacidad MU-MIMO le permite al Archer A6 servir m\u00faltiples dispositivos a la vez. No m\u00e1s congesti\u00f3n de ancho de banda o latencia. \u00a1Todos los dispositivos obtienen sus datos m\u00e1s r\u00e1pido y Wi-Fi se usa de manera m\u00e1s eficiente!<\/p>\n<p>Conectividad Gigabit, 10 \u00d7 m\u00e1s r\u00e1pido<br \/>\nCon un puerto Gigabit WAN y cuatro puertos Gigabit LAN, las velocidades pueden ser hasta 10 veces m\u00e1s r\u00e1pidas que las conexiones Ethernet est\u00e1ndar . \u00a1Conecta tus dispositivos por cable favoritos al Archer A6 y quedate impresionado!<\/p>\n<p>F\u00e1cil configuraci\u00f3n y gesti\u00f3n con la aplicaci\u00f3n Tether<br \/>\nLa aplicaci\u00f3n gratuita Tether est\u00e1 disponible para dispositivos Android e iOS, lo que facilita la configuraci\u00f3n del Archer A6 y la administraci\u00f3n de la configuraci\u00f3n de red.<\/p>\n<p>____________________________________________________<\/p>\n<p>ESPECIFICACIONES<\/p>\n<p>SISTEMA<\/p>\n<p>Requisitos del sistema Microsoft Windows 10 \/ 8.1 \/ 8\/7 \/ Vista \/ XP \/ 2000 \/ NT \/ 98SE, MAC OS, NetWare, UNIX o Linux Internet Explorer 11, Firefox 12.0, Chrome 20.0, Safari 4.0 u otro navegador o DSL habilitado para Java Suscripci\u00f3n de m\u00f3dem con un proveedor de servicios de Internet (para acceso a Internet)<\/p>\n<p>AMBIENTE<\/p>\n<p>Temperatura de funcionamiento 0 \u00bf ~ 40 \u00bf (32 \u00bf ~ 104 \u00bf)<br \/>\nTemperatura de almacenamiento -40 \u00bf ~ 70 \u00bf (-40 \u00bf ~ 158 \u00bf)<br \/>\nHumedad de funcionamiento 10% ~ 90% sin condensaci\u00f3n<br \/>\nHumedad de almacenamiento 5% ~ 90% sin condensaci\u00f3n<\/p>\n<p>CARACTER\u00cdSTICAS DE HARDWARE<\/p>\n<p>\u2022 Puertos 4 * 10\/100 \/ 1000Mbps puertos LAN, 1 * 10\/100 \/ 1000Mbps puerto WAN<br \/>\n\u2022 Bot\u00f3n Bot\u00f3n de reinicio, bot\u00f3n de encendido \/ apagado, bot\u00f3n de encendido \/ apagado de WPS \/ Wi-Fi<br \/>\n\u2022 Fuente de alimentaci\u00f3n 12V \/ 1A<br \/>\n\u2022 Dimensiones (W x D x H) 9.1 \u00d7 5.7 \u00d7 1.4 pulg. (230 \u00d7 144 \u00d7 35 mm)<br \/>\n\u2022 Antena 4 Antenas Externas Fijas y 1 Antena Interna<\/p>\n<p>CARACTER\u00cdSTICAS INAL\u00c1MBRICAS<\/p>\n<p>\u2022 Est\u00e1ndares inal\u00e1mbricos IEEE 802.11ac \/ n \/ a 5GHz, IEEE 802.11b \/ g \/ n 2.4GHz<br \/>\n\u2022 Frecuencia 2.4GHz y 5GHz<br \/>\n\u2022 Tasa de se\u00f1al 5GHz: hasta 867Mbps , 2.4GHz: hasta 300Mbps<\/p>\n<p>Potencia de transmisi\u00f3n<\/p>\n<p>\u2022 EIRP CE: &lt;20dBm (2.4GHz); &lt;23dBm (5GHz)<br \/>\n\u2022 FCC EIRP: &lt;30dBm (2.4GHz); &lt;30dBm (5GHz)<\/p>\n<p>Funciones inal\u00e1mbricas<\/p>\n<p>\u2022 Activar \/ desactivar radio inal\u00e1mbrica, WDS Bridge, WMM,<br \/>\n\u2022 estad\u00edsticas inal\u00e1mbricas<\/p>\n<p>Seguridad inal\u00e1mbrica<\/p>\n<p>\u2022 Cifrado WEP, WPA \/ WPA2, WPA-PSK \/ WPA2-PSK de 64\/128 bits<\/p>\n<p>FUNCIONES DE SOFTWARE<\/p>\n<p>\u2022 Tipo de WAN IP din\u00e1mica, IP est\u00e1tica, PPPoE, PPTP (acceso doble), L2TP (<br \/>\n\u2022 acceso doble ), BigPond<br \/>\n\u2022 administraci\u00f3n Control de acceso, gesti\u00f3n local, gesti\u00f3n remota.<br \/>\n\u2022 DHCP Servidor, lista de clientes DHCP, reserva de direcciones<br \/>\n\u2022 Reenv\u00edo de puertos Servidor virtual, activaci\u00f3n de puertos, UPnP, DMZ<br \/>\n\u2022 DNS Din\u00e1mico DynDns, NO-IP<br \/>\n\u2022 Control de acceso Controles parentales, Control de administraci\u00f3n local, Lista de hosts, Lista blanca, Lista negra<br \/>\n\u2022 Seguridad de firewall DoS, SPI Firewall, IP y enlace de direcciones MAC<br \/>\n\u2022 Protocolos IPv4, IPv6<br \/>\n\u2022 Red de invitados Red de invitados de 2.4GHz, red de invitados de 5GHz<br \/>\n\u2022 Servidor VPN OpenVPN, PPTP VPN<\/p>\n<p>____________________________________________________<\/p>\n<p>CONTENIDO DEL PAQUETE<\/p>\n<p>\u2022 Gu\u00eda de instalaci\u00f3n r\u00e1pida del cable Ethernet RJ45<br \/>\n\u2022 adaptador de corriente<br \/>\n\u2022 enrutador inal\u00e1mbrico Archer C6<\/p>\n","protected":false},"excerpt":{"rendered":"<p># DE PARTE Archer A6<\/p>\n","protected":false},"featured_media":765,"template":"","meta":{"site-sidebar-layout":"default","site-content-layout":"default","ast-site-content-layout":"default","site-content-style":"default","site-sidebar-style":"default","ast-global-header-display":"","ast-banner-title-visibility":"","ast-main-header-display":"","ast-hfb-above-header-display":"","ast-hfb-below-header-display":"","ast-hfb-mobile-header-display":"","site-post-title":"","ast-breadcrumbs-content":"","ast-featured-img":"","footer-sml-layout":"","ast-disable-related-posts":"","theme-transparent-header-meta":"default","adv-header-id-meta":"","stick-header-meta":"","header-above-stick-meta":"","header-main-stick-meta":"","header-below-stick-meta":"","astra-migrate-meta-layouts":"default","ast-page-background-enabled":"default","ast-page-background-meta":{"desktop":{"background-color":"var(--ast-global-color-4)","background-image":"","background-repeat":"repeat","background-position":"center center","background-size":"auto","background-attachment":"scroll","background-type":"","background-media":"","overlay-type":"","overlay-color":"","overlay-opacity":"","overlay-gradient":""},"tablet":{"background-color":"","background-image":"","background-repeat":"repeat","background-position":"center center","background-size":"auto","background-attachment":"scroll","background-type":"","background-media":"","overlay-type":"","overlay-color":"","overlay-opacity":"","overlay-gradient":""},"mobile":{"background-color":"","background-image":"","background-repeat":"repeat","background-position":"center center","background-size":"auto","background-attachment":"scroll","background-type":"","background-media":"","overlay-type":"","overlay-color":"","overlay-opacity":"","overlay-gradient":""}},"ast-content-background-meta":{"desktop":{"background-color":"var(--ast-global-color-5)","background-image":"","background-repeat":"repeat","background-position":"center center","background-size":"auto","background-attachment":"scroll","background-type":"","background-media":"","overlay-type":"","overlay-color":"","overlay-opacity":"","overlay-gradient":""},"tablet":{"background-color":"var(--ast-global-color-5)","background-image":"","background-repeat":"repeat","background-position":"center center","background-size":"auto","background-attachment":"scroll","background-type":"","background-media":"","overlay-type":"","overlay-color":"","overlay-opacity":"","overlay-gradient":""},"mobile":{"background-color":"var(--ast-global-color-5)","background-image":"","background-repeat":"repeat","background-position":"center center","background-size":"auto","background-attachment":"scroll","background-type":"","background-media":"","overlay-type":"","overlay-color":"","overlay-opacity":"","overlay-gradient":""}}},"product_brand":[],"product_cat":[62,150],"product_tag":[45],"class_list":{"0":"post-834","1":"product","2":"type-product","3":"status-publish","4":"has-post-thumbnail","6":"product_cat-redes","7":"product_cat-routers","8":"product_tag-tp-link","9":"desktop-align-left","10":"tablet-align-left","11":"mobile-align-left","13":"first","14":"instock","15":"taxable","16":"shipping-taxable","17":"product-type-simple"},"yoast_head":"<!-- This site is optimized with the Yoast SEO plugin v27.3 - https:\/\/yoast.com\/product\/yoast-seo-wordpress\/ -->\n<title>Router Tp Link A6 Ac1200 Wireless Mu Mimo Gigabit - IntegralPro<\/title>\n<meta name=\"description\" content=\"Crea una red confiable y veloz impulsada por la tecnolog\u00eda 802.11ac Wi-Fi. La banda de 2.4GHz ofrece velocidades de hasta 300Mbps\" \/>\n<meta name=\"robots\" content=\"index, follow, max-snippet:-1, max-image-preview:large, max-video-preview:-1\" \/>\n<link rel=\"canonical\" href=\"https:\/\/www.integralpro.com.co\/index.php\/producto\/router-tp-link-a6-ac1200-wireless-mu-mimo-gigabit\/\" \/>\n<meta property=\"og:locale\" content=\"es_ES\" \/>\n<meta property=\"og:type\" content=\"article\" \/>\n<meta property=\"og:title\" content=\"Router Tp Link A6 Ac1200 Wireless Mu Mimo Gigabit - IntegralPro\" \/>\n<meta property=\"og:description\" content=\"Crea una red confiable y veloz impulsada por la tecnolog\u00eda 802.11ac Wi-Fi. La banda de 2.4GHz ofrece velocidades de hasta 300Mbps\" \/>\n<meta property=\"og:url\" content=\"https:\/\/www.integralpro.com.co\/index.php\/producto\/router-tp-link-a6-ac1200-wireless-mu-mimo-gigabit\/\" \/>\n<meta property=\"og:site_name\" content=\"IntegralPro\" \/>\n<meta property=\"article:modified_time\" content=\"2024-07-02T02:50:41+00:00\" \/>\n<meta property=\"og:image\" content=\"https:\/\/www.integralpro.com.co\/wp-content\/uploads\/2021\/02\/Router-Tp-Link-A6-Ac1200-Wireless-Mu-Mimo-Gigabit.jpg\" \/>\n\t<meta property=\"og:image:width\" content=\"1000\" \/>\n\t<meta property=\"og:image:height\" content=\"1000\" \/>\n\t<meta property=\"og:image:type\" content=\"image\/jpeg\" \/>\n<meta name=\"twitter:card\" content=\"summary_large_image\" \/>\n<meta name=\"twitter:label1\" content=\"Tiempo de lectura\" \/>\n\t<meta name=\"twitter:data1\" content=\"4 minutos\" \/>\n<script type=\"application\/ld+json\" class=\"yoast-schema-graph\">{\"@context\":\"https:\\\/\\\/schema.org\",\"@graph\":[{\"@type\":\"WebPage\",\"@id\":\"https:\\\/\\\/www.integralpro.com.co\\\/index.php\\\/producto\\\/router-tp-link-a6-ac1200-wireless-mu-mimo-gigabit\\\/\",\"url\":\"https:\\\/\\\/www.integralpro.com.co\\\/index.php\\\/producto\\\/router-tp-link-a6-ac1200-wireless-mu-mimo-gigabit\\\/\",\"name\":\"Router Tp Link A6 Ac1200 Wireless Mu Mimo Gigabit - IntegralPro\",\"isPartOf\":{\"@id\":\"https:\\\/\\\/www.integralpro.com.co\\\/#website\"},\"primaryImageOfPage\":{\"@id\":\"https:\\\/\\\/www.integralpro.com.co\\\/index.php\\\/producto\\\/router-tp-link-a6-ac1200-wireless-mu-mimo-gigabit\\\/#primaryimage\"},\"image\":{\"@id\":\"https:\\\/\\\/www.integralpro.com.co\\\/index.php\\\/producto\\\/router-tp-link-a6-ac1200-wireless-mu-mimo-gigabit\\\/#primaryimage\"},\"thumbnailUrl\":\"https:\\\/\\\/www.integralpro.com.co\\\/wp-content\\\/uploads\\\/2021\\\/02\\\/Router-Tp-Link-A6-Ac1200-Wireless-Mu-Mimo-Gigabit.jpg\",\"datePublished\":\"2021-02-09T04:08:27+00:00\",\"dateModified\":\"2024-07-02T02:50:41+00:00\",\"description\":\"Crea una red confiable y veloz impulsada por la tecnolog\u00eda 802.11ac Wi-Fi. La banda de 2.4GHz ofrece velocidades de hasta 300Mbps\",\"breadcrumb\":{\"@id\":\"https:\\\/\\\/www.integralpro.com.co\\\/index.php\\\/producto\\\/router-tp-link-a6-ac1200-wireless-mu-mimo-gigabit\\\/#breadcrumb\"},\"inLanguage\":\"es\",\"potentialAction\":[{\"@type\":\"ReadAction\",\"target\":[\"https:\\\/\\\/www.integralpro.com.co\\\/index.php\\\/producto\\\/router-tp-link-a6-ac1200-wireless-mu-mimo-gigabit\\\/\"]}]},{\"@type\":\"ImageObject\",\"inLanguage\":\"es\",\"@id\":\"https:\\\/\\\/www.integralpro.com.co\\\/index.php\\\/producto\\\/router-tp-link-a6-ac1200-wireless-mu-mimo-gigabit\\\/#primaryimage\",\"url\":\"https:\\\/\\\/www.integralpro.com.co\\\/wp-content\\\/uploads\\\/2021\\\/02\\\/Router-Tp-Link-A6-Ac1200-Wireless-Mu-Mimo-Gigabit.jpg\",\"contentUrl\":\"https:\\\/\\\/www.integralpro.com.co\\\/wp-content\\\/uploads\\\/2021\\\/02\\\/Router-Tp-Link-A6-Ac1200-Wireless-Mu-Mimo-Gigabit.jpg\",\"width\":1000,\"height\":1000},{\"@type\":\"BreadcrumbList\",\"@id\":\"https:\\\/\\\/www.integralpro.com.co\\\/index.php\\\/producto\\\/router-tp-link-a6-ac1200-wireless-mu-mimo-gigabit\\\/#breadcrumb\",\"itemListElement\":[{\"@type\":\"ListItem\",\"position\":1,\"name\":\"Portada\",\"item\":\"https:\\\/\\\/www.integralpro.com.co\\\/\"},{\"@type\":\"ListItem\",\"position\":2,\"name\":\"Tienda\",\"item\":\"https:\\\/\\\/www.integralpro.com.co\\\/index.php\\\/tienda\\\/\"},{\"@type\":\"ListItem\",\"position\":3,\"name\":\"Router Tp Link A6 Ac1200 Wireless Mu Mimo Gigabit\"}]},{\"@type\":\"WebSite\",\"@id\":\"https:\\\/\\\/www.integralpro.com.co\\\/#website\",\"url\":\"https:\\\/\\\/www.integralpro.com.co\\\/\",\"name\":\"IntegralPro\",\"description\":\"Tienda de Tecnolog\u00eda en L\u00ednea\",\"publisher\":{\"@id\":\"https:\\\/\\\/www.integralpro.com.co\\\/#organization\"},\"potentialAction\":[{\"@type\":\"SearchAction\",\"target\":{\"@type\":\"EntryPoint\",\"urlTemplate\":\"https:\\\/\\\/www.integralpro.com.co\\\/?s={search_term_string}\"},\"query-input\":{\"@type\":\"PropertyValueSpecification\",\"valueRequired\":true,\"valueName\":\"search_term_string\"}}],\"inLanguage\":\"es\"},{\"@type\":\"Organization\",\"@id\":\"https:\\\/\\\/www.integralpro.com.co\\\/#organization\",\"name\":\"IntegralPro SAS\",\"url\":\"https:\\\/\\\/www.integralpro.com.co\\\/\",\"logo\":{\"@type\":\"ImageObject\",\"inLanguage\":\"es\",\"@id\":\"https:\\\/\\\/www.integralpro.com.co\\\/#\\\/schema\\\/logo\\\/image\\\/\",\"url\":\"https:\\\/\\\/www.integralpro.com.co\\\/wp-content\\\/uploads\\\/2021\\\/02\\\/logo-def.jpg\",\"contentUrl\":\"https:\\\/\\\/www.integralpro.com.co\\\/wp-content\\\/uploads\\\/2021\\\/02\\\/logo-def.jpg\",\"width\":238,\"height\":234,\"caption\":\"IntegralPro SAS\"},\"image\":{\"@id\":\"https:\\\/\\\/www.integralpro.com.co\\\/#\\\/schema\\\/logo\\\/image\\\/\"}}]}<\/script>\n<!-- \/ Yoast SEO plugin. -->","yoast_head_json":{"title":"Router Tp Link A6 Ac1200 Wireless Mu Mimo Gigabit - IntegralPro","description":"Crea una red confiable y veloz impulsada por la tecnolog\u00eda 802.11ac Wi-Fi. La banda de 2.4GHz ofrece velocidades de hasta 300Mbps","robots":{"index":"index","follow":"follow","max-snippet":"max-snippet:-1","max-image-preview":"max-image-preview:large","max-video-preview":"max-video-preview:-1"},"canonical":"https:\/\/www.integralpro.com.co\/index.php\/producto\/router-tp-link-a6-ac1200-wireless-mu-mimo-gigabit\/","og_locale":"es_ES","og_type":"article","og_title":"Router Tp Link A6 Ac1200 Wireless Mu Mimo Gigabit - IntegralPro","og_description":"Crea una red confiable y veloz impulsada por la tecnolog\u00eda 802.11ac Wi-Fi. La banda de 2.4GHz ofrece velocidades de hasta 300Mbps","og_url":"https:\/\/www.integralpro.com.co\/index.php\/producto\/router-tp-link-a6-ac1200-wireless-mu-mimo-gigabit\/","og_site_name":"IntegralPro","article_modified_time":"2024-07-02T02:50:41+00:00","og_image":[{"width":1000,"height":1000,"url":"https:\/\/www.integralpro.com.co\/wp-content\/uploads\/2021\/02\/Router-Tp-Link-A6-Ac1200-Wireless-Mu-Mimo-Gigabit.jpg","type":"image\/jpeg"}],"twitter_card":"summary_large_image","twitter_misc":{"Tiempo de lectura":"4 minutos"},"schema":{"@context":"https:\/\/schema.org","@graph":[{"@type":"WebPage","@id":"https:\/\/www.integralpro.com.co\/index.php\/producto\/router-tp-link-a6-ac1200-wireless-mu-mimo-gigabit\/","url":"https:\/\/www.integralpro.com.co\/index.php\/producto\/router-tp-link-a6-ac1200-wireless-mu-mimo-gigabit\/","name":"Router Tp Link A6 Ac1200 Wireless Mu Mimo Gigabit - IntegralPro","isPartOf":{"@id":"https:\/\/www.integralpro.com.co\/#website"},"primaryImageOfPage":{"@id":"https:\/\/www.integralpro.com.co\/index.php\/producto\/router-tp-link-a6-ac1200-wireless-mu-mimo-gigabit\/#primaryimage"},"image":{"@id":"https:\/\/www.integralpro.com.co\/index.php\/producto\/router-tp-link-a6-ac1200-wireless-mu-mimo-gigabit\/#primaryimage"},"thumbnailUrl":"https:\/\/www.integralpro.com.co\/wp-content\/uploads\/2021\/02\/Router-Tp-Link-A6-Ac1200-Wireless-Mu-Mimo-Gigabit.jpg","datePublished":"2021-02-09T04:08:27+00:00","dateModified":"2024-07-02T02:50:41+00:00","description":"Crea una red confiable y veloz impulsada por la tecnolog\u00eda 802.11ac Wi-Fi. La banda de 2.4GHz ofrece velocidades de hasta 300Mbps","breadcrumb":{"@id":"https:\/\/www.integralpro.com.co\/index.php\/producto\/router-tp-link-a6-ac1200-wireless-mu-mimo-gigabit\/#breadcrumb"},"inLanguage":"es","potentialAction":[{"@type":"ReadAction","target":["https:\/\/www.integralpro.com.co\/index.php\/producto\/router-tp-link-a6-ac1200-wireless-mu-mimo-gigabit\/"]}]},{"@type":"ImageObject","inLanguage":"es","@id":"https:\/\/www.integralpro.com.co\/index.php\/producto\/router-tp-link-a6-ac1200-wireless-mu-mimo-gigabit\/#primaryimage","url":"https:\/\/www.integralpro.com.co\/wp-content\/uploads\/2021\/02\/Router-Tp-Link-A6-Ac1200-Wireless-Mu-Mimo-Gigabit.jpg","contentUrl":"https:\/\/www.integralpro.com.co\/wp-content\/uploads\/2021\/02\/Router-Tp-Link-A6-Ac1200-Wireless-Mu-Mimo-Gigabit.jpg","width":1000,"height":1000},{"@type":"BreadcrumbList","@id":"https:\/\/www.integralpro.com.co\/index.php\/producto\/router-tp-link-a6-ac1200-wireless-mu-mimo-gigabit\/#breadcrumb","itemListElement":[{"@type":"ListItem","position":1,"name":"Portada","item":"https:\/\/www.integralpro.com.co\/"},{"@type":"ListItem","position":2,"name":"Tienda","item":"https:\/\/www.integralpro.com.co\/index.php\/tienda\/"},{"@type":"ListItem","position":3,"name":"Router Tp Link A6 Ac1200 Wireless Mu Mimo Gigabit"}]},{"@type":"WebSite","@id":"https:\/\/www.integralpro.com.co\/#website","url":"https:\/\/www.integralpro.com.co\/","name":"IntegralPro","description":"Tienda de Tecnolog\u00eda en L\u00ednea","publisher":{"@id":"https:\/\/www.integralpro.com.co\/#organization"},"potentialAction":[{"@type":"SearchAction","target":{"@type":"EntryPoint","urlTemplate":"https:\/\/www.integralpro.com.co\/?s={search_term_string}"},"query-input":{"@type":"PropertyValueSpecification","valueRequired":true,"valueName":"search_term_string"}}],"inLanguage":"es"},{"@type":"Organization","@id":"https:\/\/www.integralpro.com.co\/#organization","name":"IntegralPro SAS","url":"https:\/\/www.integralpro.com.co\/","logo":{"@type":"ImageObject","inLanguage":"es","@id":"https:\/\/www.integralpro.com.co\/#\/schema\/logo\/image\/","url":"https:\/\/www.integralpro.com.co\/wp-content\/uploads\/2021\/02\/logo-def.jpg","contentUrl":"https:\/\/www.integralpro.com.co\/wp-content\/uploads\/2021\/02\/logo-def.jpg","width":238,"height":234,"caption":"IntegralPro SAS"},"image":{"@id":"https:\/\/www.integralpro.com.co\/#\/schema\/logo\/image\/"}}]}},"_links":{"self":[{"href":"https:\/\/www.integralpro.com.co\/index.php\/wp-json\/wp\/v2\/product\/834","targetHints":{"allow":["GET"]}}],"collection":[{"href":"https:\/\/www.integralpro.com.co\/index.php\/wp-json\/wp\/v2\/product"}],"about":[{"href":"https:\/\/www.integralpro.com.co\/index.php\/wp-json\/wp\/v2\/types\/product"}],"version-history":[{"count":3,"href":"https:\/\/www.integralpro.com.co\/index.php\/wp-json\/wp\/v2\/product\/834\/revisions"}],"predecessor-version":[{"id":1185,"href":"https:\/\/www.integralpro.com.co\/index.php\/wp-json\/wp\/v2\/product\/834\/revisions\/1185"}],"wp:featuredmedia":[{"embeddable":true,"href":"https:\/\/www.integralpro.com.co\/index.php\/wp-json\/wp\/v2\/media\/765"}],"wp:attachment":[{"href":"https:\/\/www.integralpro.com.co\/index.php\/wp-json\/wp\/v2\/media?parent=834"}],"wp:term":[{"taxonomy":"product_brand","embeddable":true,"href":"https:\/\/www.integralpro.com.co\/index.php\/wp-json\/wp\/v2\/product_brand?post=834"},{"taxonomy":"product_cat","embeddable":true,"href":"https:\/\/www.integralpro.com.co\/index.php\/wp-json\/wp\/v2\/product_cat?post=834"},{"taxonomy":"product_tag","embeddable":true,"href":"https:\/\/www.integralpro.com.co\/index.php\/wp-json\/wp\/v2\/product_tag?post=834"}],"curies":[{"name":"wp","href":"https:\/\/api.w.org\/{rel}","templated":true}]}}