{"id":833,"date":"2021-02-08T23:08:27","date_gmt":"2021-02-09T04:08:27","guid":{"rendered":"https:\/\/www.integralpro.com.co\/index.php\/product\/import-placeholder-for-1110\/"},"modified":"2021-02-16T12:48:40","modified_gmt":"2021-02-16T17:48:40","slug":"tablet-galaxy-tab-a-10-1-lte-2019-32gb-ram-2gb-10pul-plata","status":"publish","type":"product","link":"https:\/\/www.integralpro.com.co\/index.php\/producto\/tablet-galaxy-tab-a-10-1-lte-2019-32gb-ram-2gb-10pul-plata\/","title":{"rendered":"Tablet Galaxy Tab A 10.1 Lte 2019 32Gb Ram 2Gb 10Pul Plata"},"content":{"rendered":"<p>La Tableta Galaxy Tab A 10.1 (2019), 32GB, Plata LTE con un dise\u00f1o muy moderno Bisel m\u00ednimo M\u00e1xima vista. Mire, transmita y navegue en<br \/>\nuna pantalla de esquina a esquina Full HD de 10.1 \u00ab.<\/p>\n<p>Diversi\u00f3n de \u00faltima generaci\u00f3n dentro de una tablet<\/p>\n<p>Creamos una tablet que es tan vers\u00e1til y sofisticada como asequible, porque la diversi\u00f3n de \u00faltima generaci\u00f3n es para todos. Obt\u00e9n tu tablet premium sin pagar un alto costo con la nueva Galaxy Tab A (2019, 10.1&#8243;).<\/p>\n<p>Dise\u00f1o met\u00e1lico y c\u00f3modo de usar<\/p>\n<p>Su pantalla y especificaciones, un grosor de solo 7,5 mm y un acabado met\u00e1lico de primera calidad, convierten a la nueva Galaxy Tab A en la tablet multimedia perfecta. Elije la tuya entre los colores; dorado, plateado o negro.<\/p>\n<p>Experiencia inmersiva que lleva tus series favoritas a la realidad<\/p>\n<p>Disfruta a\u00fan m\u00e1s de tus contenidos favoritos. La nueva Galaxy Tab A cuenta con una n\u00edtida pantalla WUXGA de 10,1 pulgadas y resoluci\u00f3n de 1920 por 1200 p\u00edxeles que brinda colores asombrosos y excelentes niveles de iluminaci\u00f3n. Sum\u00e9rgete por completo en tus pel\u00edculas y series de Netflix favoritas.<\/p>\n<p>Experiencia de sonido din\u00e1mico 3D<\/p>\n<p>Con su sistema mejorado de altavoces duales, la nueva Galaxy Tab A te permite escuchar tu m\u00fasica favorita de Spotify con un sonido potente y lleno de matices. Sum\u00e9rgete en tus contenidos y playlist con el sonido surround tridimensional Dolby Atmos.<\/p>\n<p>Plataforma digital para ni\u00f1os<\/p>\n<p>Kids Home te permite crear un ambiente seguro en el que tus hijos puedan explorar. Solo debes entrar a la app desde el panel de acceso r\u00e1pido y disfrutar de las apps locales disponibles. El Control Parental te permite monitorear el uso y los tiempos de juego para que puedas entregar la tablet con tranquilidad.<\/p>\n<p>Controla tus dispositivos desde una sola pantalla<\/p>\n<p>La nueva Galaxy Tab A es la compa\u00f1era perfecta para el resto de dispositivos conectados de tu hogar inteligente. Con la aplicaci\u00f3n SmartThings podr\u00e1s supervisar y controlar todos los equipos y electrodom\u00e9sticos conectados a la app, todo desde una \u00fanica pantalla<\/p>\n<p>Comparte y mant\u00e9n el contacto incluso cuando est\u00e1s lejos<\/p>\n<p>Cada integrante de la familia puede usar su cuenta de Samsung para compartir de manera sencilla contenidos como fotos, eventos del calendario, notas y otros recordatorios que les permitan estar al d\u00eda y tener recuerdos juntos.<\/p>\n<p>Enf\u00f3cate en lo que realmente importa.<\/p>\n<p>Ve solo lo que quieras y cuando quieras. Con la interfaz One UI la tablet Galaxy Tab A (2019, 10.1&#8243;) conserva solo el contenido que sea m\u00e1s relevante para ti. Toca para centrarte en lo que quieres ver y disfruta de cada contenido con una experiencia optimizada para la gran pantalla de tu tablet.<\/p>\n<p>M\u00e1s poder para cuando realmente lo necesitas<\/p>\n<p>Deja que los buenos tiempos contin\u00faen. La nueva Galaxy Tab A tiene una bater\u00eda de 6.150 mAH (promedio) para un uso prolongado. Con esta capacidad puedes disfrutar largas horas de visualizaci\u00f3n y una mayor movilidad sin tener que cargar la tablet.<\/p>\n<p>Especificaciones T\u00e9cnicas<\/p>\n<p>Dimensiones: 24.5 x 1 x 14.9 cm<\/p>\n<p>Peso: 469gr<\/p>\n<p>Red 2G GSM \/ 3G UMTS \/ 4G FDD LTE \/ 4G TDD LTE<\/p>\n<p>Sistema operativo Android<\/p>\n<p>Procesador Velocidad CPU 1.8GHz, 1.6GHz<\/p>\n<p>Tipo de CPU Octa-Core<\/p>\n<p>Pantalla Tama\u00f1o (Pantalla principal) 10.1\u00bb (255.4mm) Resoluci\u00f3n (Pantalla<br \/>\nPrincipal) 1920 x 1200 (WUXGA)<\/p>\n<p>Tecnolog\u00eda (Pantalla Principal) TFT<\/p>\n<p>Profundidad de Color (Pantalla Principal) 16M<\/p>\n<p>C\u00e1mara C\u00e1mara Principal &#8211; Resoluci\u00f3n 8.0 MP C\u00e1mara Principal &#8211; Enfoque<br \/>\nAutom\u00e1tico S\u00ed<\/p>\n<p>C\u00e1mara Frontal &#8211; Resoluci\u00f3n 5.0 MP<\/p>\n<p>Memoria Tama\u00f1o de RAM (GB) 2<\/p>\n<p>Tama\u00f1o de ROM (GB) 32 Memoria Disponible (GB)* 23.6 Compatibilidad con memoria<br \/>\nexterna MicroSD (Hasta 512GB)<\/p>\n<p>Resoluci\u00f3n de Grabaci\u00f3n de Video FHD (1920 x 1080) @30fps<\/p>\n<p>Conectividad ANT<\/p>\n<p>Versi\u00f3n USB USB 2.0<\/p>\n<p>Tecnolog\u00eda de Localizaci\u00f3n GPS, Glonass, Beidou, Galileo<\/p>\n<p>Wi-Fi 802.11 a\/b\/g\/n\/ac 2.4G+5GHz, VHT80 Wi-Fi Direct Si<\/p>\n<p>Versi\u00f3n Bluetooth Bluetooth v5.0 (LE hasta 2 Mbps)<\/p>\n<p>Bluetooth Profiles A2DP, AVRCP, DI, HFP, HID, HOGP, HSP, MAP, OPP, PAN, PBAP<\/p>\n<p>Sincronizaci\u00f3n con PC Smart Switch (PC version)<\/p>\n<p>Resoluci\u00f3n de reproducci\u00f3n de v\u00eddeo UHD 4K (3840 x 2160)@30fps<\/p>\n<p>Color Plata<\/p>\n<p>Contenido del Paquete<\/p>\n<p>Tableta &#8211; Cargador &#8211; Documentaci\u00f3n<\/p>\n","protected":false},"excerpt":{"rendered":"<p># DE PARTE SM-T515NZSLCOO<\/p>\n","protected":false},"featured_media":768,"template":"","meta":{"site-sidebar-layout":"default","site-content-layout":"default","ast-site-content-layout":"default","site-content-style":"default","site-sidebar-style":"default","ast-global-header-display":"","ast-banner-title-visibility":"","ast-main-header-display":"","ast-hfb-above-header-display":"","ast-hfb-below-header-display":"","ast-hfb-mobile-header-display":"","site-post-title":"","ast-breadcrumbs-content":"","ast-featured-img":"","footer-sml-layout":"","ast-disable-related-posts":"","theme-transparent-header-meta":"default","adv-header-id-meta":"","stick-header-meta":"","header-above-stick-meta":"","header-main-stick-meta":"","header-below-stick-meta":"","astra-migrate-meta-layouts":"default","ast-page-background-enabled":"default","ast-page-background-meta":{"desktop":{"background-color":"var(--ast-global-color-4)","background-image":"","background-repeat":"repeat","background-position":"center center","background-size":"auto","background-attachment":"scroll","background-type":"","background-media":"","overlay-type":"","overlay-color":"","overlay-opacity":"","overlay-gradient":""},"tablet":{"background-color":"","background-image":"","background-repeat":"repeat","background-position":"center center","background-size":"auto","background-attachment":"scroll","background-type":"","background-media":"","overlay-type":"","overlay-color":"","overlay-opacity":"","overlay-gradient":""},"mobile":{"background-color":"","background-image":"","background-repeat":"repeat","background-position":"center center","background-size":"auto","background-attachment":"scroll","background-type":"","background-media":"","overlay-type":"","overlay-color":"","overlay-opacity":"","overlay-gradient":""}},"ast-content-background-meta":{"desktop":{"background-color":"var(--ast-global-color-5)","background-image":"","background-repeat":"repeat","background-position":"center center","background-size":"auto","background-attachment":"scroll","background-type":"","background-media":"","overlay-type":"","overlay-color":"","overlay-opacity":"","overlay-gradient":""},"tablet":{"background-color":"var(--ast-global-color-5)","background-image":"","background-repeat":"repeat","background-position":"center center","background-size":"auto","background-attachment":"scroll","background-type":"","background-media":"","overlay-type":"","overlay-color":"","overlay-opacity":"","overlay-gradient":""},"mobile":{"background-color":"var(--ast-global-color-5)","background-image":"","background-repeat":"repeat","background-position":"center center","background-size":"auto","background-attachment":"scroll","background-type":"","background-media":"","overlay-type":"","overlay-color":"","overlay-opacity":"","overlay-gradient":""}}},"product_brand":[],"product_cat":[53,115],"product_tag":[44],"class_list":{"0":"post-833","1":"product","2":"type-product","3":"status-publish","4":"has-post-thumbnail","6":"product_cat-celulares-y-tablets","7":"product_cat-tablets","8":"product_tag-samsung","9":"desktop-align-left","10":"tablet-align-left","11":"mobile-align-left","13":"first","14":"instock","15":"taxable","16":"shipping-taxable","17":"product-type-simple"},"yoast_head":"<!-- This site is optimized with the Yoast SEO plugin v27.4 - https:\/\/yoast.com\/product\/yoast-seo-wordpress\/ -->\n<title>Tablet Galaxy Tab A 10.1 Lte 2019 32Gb Ram 2Gb 10Pul Plata - IntegralPro<\/title>\n<meta name=\"description\" content=\"Tablet Galaxy Tab A 10.1 Lte 2019 32Gb Ram 2Gb 10Pul Plata con un dise\u00f1o muy moderno Bisel m\u00ednimo M\u00e1xima vista.\" \/>\n<meta name=\"robots\" content=\"index, follow, max-snippet:-1, max-image-preview:large, max-video-preview:-1\" \/>\n<link rel=\"canonical\" href=\"https:\/\/www.integralpro.com.co\/index.php\/producto\/tablet-galaxy-tab-a-10-1-lte-2019-32gb-ram-2gb-10pul-plata\/\" \/>\n<meta property=\"og:locale\" content=\"es_ES\" \/>\n<meta property=\"og:type\" content=\"article\" \/>\n<meta property=\"og:title\" content=\"Tablet Galaxy Tab A 10.1 Lte 2019 32Gb Ram 2Gb 10Pul Plata - IntegralPro\" \/>\n<meta property=\"og:description\" content=\"Tablet Galaxy Tab A 10.1 Lte 2019 32Gb Ram 2Gb 10Pul Plata con un dise\u00f1o muy moderno Bisel m\u00ednimo M\u00e1xima vista.\" \/>\n<meta property=\"og:url\" content=\"https:\/\/www.integralpro.com.co\/index.php\/producto\/tablet-galaxy-tab-a-10-1-lte-2019-32gb-ram-2gb-10pul-plata\/\" \/>\n<meta property=\"og:site_name\" content=\"IntegralPro\" \/>\n<meta property=\"article:modified_time\" content=\"2021-02-16T17:48:40+00:00\" \/>\n<meta property=\"og:image\" content=\"https:\/\/www.integralpro.com.co\/wp-content\/uploads\/2021\/02\/Tablet-Galaxy-Tab-A-10.1-Lte-2019-32Gb-Ram-2Gb-10Pul-Plata.jpg\" \/>\n\t<meta property=\"og:image:width\" content=\"1000\" \/>\n\t<meta property=\"og:image:height\" content=\"1000\" \/>\n\t<meta property=\"og:image:type\" content=\"image\/jpeg\" \/>\n<meta name=\"twitter:card\" content=\"summary_large_image\" \/>\n<meta name=\"twitter:label1\" content=\"Tiempo de lectura\" \/>\n\t<meta name=\"twitter:data1\" content=\"3 minutos\" \/>\n<script type=\"application\/ld+json\" class=\"yoast-schema-graph\">{\"@context\":\"https:\\\/\\\/schema.org\",\"@graph\":[{\"@type\":\"WebPage\",\"@id\":\"https:\\\/\\\/www.integralpro.com.co\\\/index.php\\\/producto\\\/tablet-galaxy-tab-a-10-1-lte-2019-32gb-ram-2gb-10pul-plata\\\/\",\"url\":\"https:\\\/\\\/www.integralpro.com.co\\\/index.php\\\/producto\\\/tablet-galaxy-tab-a-10-1-lte-2019-32gb-ram-2gb-10pul-plata\\\/\",\"name\":\"Tablet Galaxy Tab A 10.1 Lte 2019 32Gb Ram 2Gb 10Pul Plata - IntegralPro\",\"isPartOf\":{\"@id\":\"https:\\\/\\\/www.integralpro.com.co\\\/#website\"},\"primaryImageOfPage\":{\"@id\":\"https:\\\/\\\/www.integralpro.com.co\\\/index.php\\\/producto\\\/tablet-galaxy-tab-a-10-1-lte-2019-32gb-ram-2gb-10pul-plata\\\/#primaryimage\"},\"image\":{\"@id\":\"https:\\\/\\\/www.integralpro.com.co\\\/index.php\\\/producto\\\/tablet-galaxy-tab-a-10-1-lte-2019-32gb-ram-2gb-10pul-plata\\\/#primaryimage\"},\"thumbnailUrl\":\"https:\\\/\\\/www.integralpro.com.co\\\/wp-content\\\/uploads\\\/2021\\\/02\\\/Tablet-Galaxy-Tab-A-10.1-Lte-2019-32Gb-Ram-2Gb-10Pul-Plata.jpg\",\"datePublished\":\"2021-02-09T04:08:27+00:00\",\"dateModified\":\"2021-02-16T17:48:40+00:00\",\"description\":\"Tablet Galaxy Tab A 10.1 Lte 2019 32Gb Ram 2Gb 10Pul Plata con un dise\u00f1o muy moderno Bisel m\u00ednimo M\u00e1xima vista.\",\"breadcrumb\":{\"@id\":\"https:\\\/\\\/www.integralpro.com.co\\\/index.php\\\/producto\\\/tablet-galaxy-tab-a-10-1-lte-2019-32gb-ram-2gb-10pul-plata\\\/#breadcrumb\"},\"inLanguage\":\"es\",\"potentialAction\":[{\"@type\":\"ReadAction\",\"target\":[\"https:\\\/\\\/www.integralpro.com.co\\\/index.php\\\/producto\\\/tablet-galaxy-tab-a-10-1-lte-2019-32gb-ram-2gb-10pul-plata\\\/\"]}]},{\"@type\":\"ImageObject\",\"inLanguage\":\"es\",\"@id\":\"https:\\\/\\\/www.integralpro.com.co\\\/index.php\\\/producto\\\/tablet-galaxy-tab-a-10-1-lte-2019-32gb-ram-2gb-10pul-plata\\\/#primaryimage\",\"url\":\"https:\\\/\\\/www.integralpro.com.co\\\/wp-content\\\/uploads\\\/2021\\\/02\\\/Tablet-Galaxy-Tab-A-10.1-Lte-2019-32Gb-Ram-2Gb-10Pul-Plata.jpg\",\"contentUrl\":\"https:\\\/\\\/www.integralpro.com.co\\\/wp-content\\\/uploads\\\/2021\\\/02\\\/Tablet-Galaxy-Tab-A-10.1-Lte-2019-32Gb-Ram-2Gb-10Pul-Plata.jpg\",\"width\":1000,\"height\":1000},{\"@type\":\"BreadcrumbList\",\"@id\":\"https:\\\/\\\/www.integralpro.com.co\\\/index.php\\\/producto\\\/tablet-galaxy-tab-a-10-1-lte-2019-32gb-ram-2gb-10pul-plata\\\/#breadcrumb\",\"itemListElement\":[{\"@type\":\"ListItem\",\"position\":1,\"name\":\"Portada\",\"item\":\"https:\\\/\\\/www.integralpro.com.co\\\/\"},{\"@type\":\"ListItem\",\"position\":2,\"name\":\"Tienda\",\"item\":\"https:\\\/\\\/www.integralpro.com.co\\\/index.php\\\/tienda\\\/\"},{\"@type\":\"ListItem\",\"position\":3,\"name\":\"Tablet Galaxy Tab A 10.1 Lte 2019 32Gb Ram 2Gb 10Pul Plata\"}]},{\"@type\":\"WebSite\",\"@id\":\"https:\\\/\\\/www.integralpro.com.co\\\/#website\",\"url\":\"https:\\\/\\\/www.integralpro.com.co\\\/\",\"name\":\"IntegralPro\",\"description\":\"Tienda de Tecnolog\u00eda en L\u00ednea\",\"publisher\":{\"@id\":\"https:\\\/\\\/www.integralpro.com.co\\\/#organization\"},\"potentialAction\":[{\"@type\":\"SearchAction\",\"target\":{\"@type\":\"EntryPoint\",\"urlTemplate\":\"https:\\\/\\\/www.integralpro.com.co\\\/?s={search_term_string}\"},\"query-input\":{\"@type\":\"PropertyValueSpecification\",\"valueRequired\":true,\"valueName\":\"search_term_string\"}}],\"inLanguage\":\"es\"},{\"@type\":\"Organization\",\"@id\":\"https:\\\/\\\/www.integralpro.com.co\\\/#organization\",\"name\":\"IntegralPro SAS\",\"url\":\"https:\\\/\\\/www.integralpro.com.co\\\/\",\"logo\":{\"@type\":\"ImageObject\",\"inLanguage\":\"es\",\"@id\":\"https:\\\/\\\/www.integralpro.com.co\\\/#\\\/schema\\\/logo\\\/image\\\/\",\"url\":\"https:\\\/\\\/www.integralpro.com.co\\\/wp-content\\\/uploads\\\/2021\\\/02\\\/logo-def.jpg\",\"contentUrl\":\"https:\\\/\\\/www.integralpro.com.co\\\/wp-content\\\/uploads\\\/2021\\\/02\\\/logo-def.jpg\",\"width\":238,\"height\":234,\"caption\":\"IntegralPro SAS\"},\"image\":{\"@id\":\"https:\\\/\\\/www.integralpro.com.co\\\/#\\\/schema\\\/logo\\\/image\\\/\"}}]}<\/script>\n<!-- \/ Yoast SEO plugin. -->","yoast_head_json":{"title":"Tablet Galaxy Tab A 10.1 Lte 2019 32Gb Ram 2Gb 10Pul Plata - IntegralPro","description":"Tablet Galaxy Tab A 10.1 Lte 2019 32Gb Ram 2Gb 10Pul Plata con un dise\u00f1o muy moderno Bisel m\u00ednimo M\u00e1xima vista.","robots":{"index":"index","follow":"follow","max-snippet":"max-snippet:-1","max-image-preview":"max-image-preview:large","max-video-preview":"max-video-preview:-1"},"canonical":"https:\/\/www.integralpro.com.co\/index.php\/producto\/tablet-galaxy-tab-a-10-1-lte-2019-32gb-ram-2gb-10pul-plata\/","og_locale":"es_ES","og_type":"article","og_title":"Tablet Galaxy Tab A 10.1 Lte 2019 32Gb Ram 2Gb 10Pul Plata - IntegralPro","og_description":"Tablet Galaxy Tab A 10.1 Lte 2019 32Gb Ram 2Gb 10Pul Plata con un dise\u00f1o muy moderno Bisel m\u00ednimo M\u00e1xima vista.","og_url":"https:\/\/www.integralpro.com.co\/index.php\/producto\/tablet-galaxy-tab-a-10-1-lte-2019-32gb-ram-2gb-10pul-plata\/","og_site_name":"IntegralPro","article_modified_time":"2021-02-16T17:48:40+00:00","og_image":[{"width":1000,"height":1000,"url":"https:\/\/www.integralpro.com.co\/wp-content\/uploads\/2021\/02\/Tablet-Galaxy-Tab-A-10.1-Lte-2019-32Gb-Ram-2Gb-10Pul-Plata.jpg","type":"image\/jpeg"}],"twitter_card":"summary_large_image","twitter_misc":{"Tiempo de lectura":"3 minutos"},"schema":{"@context":"https:\/\/schema.org","@graph":[{"@type":"WebPage","@id":"https:\/\/www.integralpro.com.co\/index.php\/producto\/tablet-galaxy-tab-a-10-1-lte-2019-32gb-ram-2gb-10pul-plata\/","url":"https:\/\/www.integralpro.com.co\/index.php\/producto\/tablet-galaxy-tab-a-10-1-lte-2019-32gb-ram-2gb-10pul-plata\/","name":"Tablet Galaxy Tab A 10.1 Lte 2019 32Gb Ram 2Gb 10Pul Plata - IntegralPro","isPartOf":{"@id":"https:\/\/www.integralpro.com.co\/#website"},"primaryImageOfPage":{"@id":"https:\/\/www.integralpro.com.co\/index.php\/producto\/tablet-galaxy-tab-a-10-1-lte-2019-32gb-ram-2gb-10pul-plata\/#primaryimage"},"image":{"@id":"https:\/\/www.integralpro.com.co\/index.php\/producto\/tablet-galaxy-tab-a-10-1-lte-2019-32gb-ram-2gb-10pul-plata\/#primaryimage"},"thumbnailUrl":"https:\/\/www.integralpro.com.co\/wp-content\/uploads\/2021\/02\/Tablet-Galaxy-Tab-A-10.1-Lte-2019-32Gb-Ram-2Gb-10Pul-Plata.jpg","datePublished":"2021-02-09T04:08:27+00:00","dateModified":"2021-02-16T17:48:40+00:00","description":"Tablet Galaxy Tab A 10.1 Lte 2019 32Gb Ram 2Gb 10Pul Plata con un dise\u00f1o muy moderno Bisel m\u00ednimo M\u00e1xima vista.","breadcrumb":{"@id":"https:\/\/www.integralpro.com.co\/index.php\/producto\/tablet-galaxy-tab-a-10-1-lte-2019-32gb-ram-2gb-10pul-plata\/#breadcrumb"},"inLanguage":"es","potentialAction":[{"@type":"ReadAction","target":["https:\/\/www.integralpro.com.co\/index.php\/producto\/tablet-galaxy-tab-a-10-1-lte-2019-32gb-ram-2gb-10pul-plata\/"]}]},{"@type":"ImageObject","inLanguage":"es","@id":"https:\/\/www.integralpro.com.co\/index.php\/producto\/tablet-galaxy-tab-a-10-1-lte-2019-32gb-ram-2gb-10pul-plata\/#primaryimage","url":"https:\/\/www.integralpro.com.co\/wp-content\/uploads\/2021\/02\/Tablet-Galaxy-Tab-A-10.1-Lte-2019-32Gb-Ram-2Gb-10Pul-Plata.jpg","contentUrl":"https:\/\/www.integralpro.com.co\/wp-content\/uploads\/2021\/02\/Tablet-Galaxy-Tab-A-10.1-Lte-2019-32Gb-Ram-2Gb-10Pul-Plata.jpg","width":1000,"height":1000},{"@type":"BreadcrumbList","@id":"https:\/\/www.integralpro.com.co\/index.php\/producto\/tablet-galaxy-tab-a-10-1-lte-2019-32gb-ram-2gb-10pul-plata\/#breadcrumb","itemListElement":[{"@type":"ListItem","position":1,"name":"Portada","item":"https:\/\/www.integralpro.com.co\/"},{"@type":"ListItem","position":2,"name":"Tienda","item":"https:\/\/www.integralpro.com.co\/index.php\/tienda\/"},{"@type":"ListItem","position":3,"name":"Tablet Galaxy Tab A 10.1 Lte 2019 32Gb Ram 2Gb 10Pul Plata"}]},{"@type":"WebSite","@id":"https:\/\/www.integralpro.com.co\/#website","url":"https:\/\/www.integralpro.com.co\/","name":"IntegralPro","description":"Tienda de Tecnolog\u00eda en L\u00ednea","publisher":{"@id":"https:\/\/www.integralpro.com.co\/#organization"},"potentialAction":[{"@type":"SearchAction","target":{"@type":"EntryPoint","urlTemplate":"https:\/\/www.integralpro.com.co\/?s={search_term_string}"},"query-input":{"@type":"PropertyValueSpecification","valueRequired":true,"valueName":"search_term_string"}}],"inLanguage":"es"},{"@type":"Organization","@id":"https:\/\/www.integralpro.com.co\/#organization","name":"IntegralPro SAS","url":"https:\/\/www.integralpro.com.co\/","logo":{"@type":"ImageObject","inLanguage":"es","@id":"https:\/\/www.integralpro.com.co\/#\/schema\/logo\/image\/","url":"https:\/\/www.integralpro.com.co\/wp-content\/uploads\/2021\/02\/logo-def.jpg","contentUrl":"https:\/\/www.integralpro.com.co\/wp-content\/uploads\/2021\/02\/logo-def.jpg","width":238,"height":234,"caption":"IntegralPro SAS"},"image":{"@id":"https:\/\/www.integralpro.com.co\/#\/schema\/logo\/image\/"}}]}},"_links":{"self":[{"href":"https:\/\/www.integralpro.com.co\/index.php\/wp-json\/wp\/v2\/product\/833","targetHints":{"allow":["GET"]}}],"collection":[{"href":"https:\/\/www.integralpro.com.co\/index.php\/wp-json\/wp\/v2\/product"}],"about":[{"href":"https:\/\/www.integralpro.com.co\/index.php\/wp-json\/wp\/v2\/types\/product"}],"version-history":[{"count":3,"href":"https:\/\/www.integralpro.com.co\/index.php\/wp-json\/wp\/v2\/product\/833\/revisions"}],"predecessor-version":[{"id":1182,"href":"https:\/\/www.integralpro.com.co\/index.php\/wp-json\/wp\/v2\/product\/833\/revisions\/1182"}],"wp:featuredmedia":[{"embeddable":true,"href":"https:\/\/www.integralpro.com.co\/index.php\/wp-json\/wp\/v2\/media\/768"}],"wp:attachment":[{"href":"https:\/\/www.integralpro.com.co\/index.php\/wp-json\/wp\/v2\/media?parent=833"}],"wp:term":[{"taxonomy":"product_brand","embeddable":true,"href":"https:\/\/www.integralpro.com.co\/index.php\/wp-json\/wp\/v2\/product_brand?post=833"},{"taxonomy":"product_cat","embeddable":true,"href":"https:\/\/www.integralpro.com.co\/index.php\/wp-json\/wp\/v2\/product_cat?post=833"},{"taxonomy":"product_tag","embeddable":true,"href":"https:\/\/www.integralpro.com.co\/index.php\/wp-json\/wp\/v2\/product_tag?post=833"}],"curies":[{"name":"wp","href":"https:\/\/api.w.org\/{rel}","templated":true}]}}