{"id":830,"date":"2021-02-08T23:08:26","date_gmt":"2021-02-09T04:08:26","guid":{"rendered":"https:\/\/www.integralpro.com.co\/index.php\/product\/import-placeholder-for-1100\/"},"modified":"2021-02-17T15:08:54","modified_gmt":"2021-02-17T20:08:54","slug":"mouse-optico-genius-dx-120-1200dpi-usb-blanco","status":"publish","type":"product","link":"https:\/\/www.integralpro.com.co\/index.php\/producto\/mouse-optico-genius-dx-120-1200dpi-usb-blanco\/","title":{"rendered":"Mouse Optico Genius Dx-120 1200Dpi Usb Blanco"},"content":{"rendered":"<p>La introducci\u00f3n de un nuevo rat\u00f3n \u00f3ptico de Genius ~ DX-120. Con un sensor \u00f3ptico de 1200 dpi que tiene el triple de la precisi\u00f3n en comparaci\u00f3n con un rat\u00f3n \u00f3ptico est\u00e1ndar, tendr\u00e1 un control preciso sobre el cursor del rat\u00f3n.<\/p>\n<p>Dise\u00f1o flexible<\/p>\n<p>El dise\u00f1o de la cubierta de peces de oro liso lo hace adecuado tanto para usuarios diestros o zurdos.<\/p>\n<p>Adaptaci\u00f3n y sencillez<\/p>\n<p>Disponible en un paquete compacto de suspensi\u00f3n, que se adapta perfectamente en cualquier ambiente contempor\u00e1neo. Hay dos colores para elegir, por lo que s\u00f3lo en contacto con su representante de ventas ahora para m\u00e1s informaci\u00f3n sobre el DX-120<\/p>\n<p>Para ambas manos<\/p>\n<p>Mouse \u00f3ptico que sirve sin problemas para ambas manos, es decir, que su forma es acorde con la mano que utiliza, sea derecha o izquierda.<\/p>\n<p>Especificaciones T\u00e9cnicas<\/p>\n<p>Dimensiones: 6 x 10.5 x 3.7 cm<br \/>\nPeso: 85gr<br \/>\nRequisitos del sistema Windows 7, 8, 8.1, 10 Mac OS 10.7.4 o posterior Puerto USB<br \/>\nSensor de motor \u00f3ptico<br \/>\nLongitud del cable 1.5m<br \/>\nN\u00famero de botones 3 ( bot\u00f3n izquierdo, derecho, medio con desplazamiento)<br \/>\nColor Blanco<\/p>\n<p>Contenido del paquete<\/p>\n<p>Mouse &#8211; Documentaci\u00f3n<\/p>\n","protected":false},"excerpt":{"rendered":"<p># DE PARTE: 31010105102<\/p>\n","protected":false},"featured_media":763,"template":"","meta":{"site-sidebar-layout":"default","site-content-layout":"default","ast-site-content-layout":"default","site-content-style":"default","site-sidebar-style":"default","ast-global-header-display":"","ast-banner-title-visibility":"","ast-main-header-display":"","ast-hfb-above-header-display":"","ast-hfb-below-header-display":"","ast-hfb-mobile-header-display":"","site-post-title":"","ast-breadcrumbs-content":"","ast-featured-img":"","footer-sml-layout":"","ast-disable-related-posts":"","theme-transparent-header-meta":"default","adv-header-id-meta":"","stick-header-meta":"","header-above-stick-meta":"","header-main-stick-meta":"","header-below-stick-meta":"","astra-migrate-meta-layouts":"default","ast-page-background-enabled":"default","ast-page-background-meta":{"desktop":{"background-color":"var(--ast-global-color-4)","background-image":"","background-repeat":"repeat","background-position":"center center","background-size":"auto","background-attachment":"scroll","background-type":"","background-media":"","overlay-type":"","overlay-color":"","overlay-opacity":"","overlay-gradient":""},"tablet":{"background-color":"","background-image":"","background-repeat":"repeat","background-position":"center center","background-size":"auto","background-attachment":"scroll","background-type":"","background-media":"","overlay-type":"","overlay-color":"","overlay-opacity":"","overlay-gradient":""},"mobile":{"background-color":"","background-image":"","background-repeat":"repeat","background-position":"center center","background-size":"auto","background-attachment":"scroll","background-type":"","background-media":"","overlay-type":"","overlay-color":"","overlay-opacity":"","overlay-gradient":""}},"ast-content-background-meta":{"desktop":{"background-color":"var(--ast-global-color-5)","background-image":"","background-repeat":"repeat","background-position":"center center","background-size":"auto","background-attachment":"scroll","background-type":"","background-media":"","overlay-type":"","overlay-color":"","overlay-opacity":"","overlay-gradient":""},"tablet":{"background-color":"var(--ast-global-color-5)","background-image":"","background-repeat":"repeat","background-position":"center center","background-size":"auto","background-attachment":"scroll","background-type":"","background-media":"","overlay-type":"","overlay-color":"","overlay-opacity":"","overlay-gradient":""},"mobile":{"background-color":"var(--ast-global-color-5)","background-image":"","background-repeat":"repeat","background-position":"center center","background-size":"auto","background-attachment":"scroll","background-type":"","background-media":"","overlay-type":"","overlay-color":"","overlay-opacity":"","overlay-gradient":""}}},"product_brand":[],"product_cat":[49,79],"product_tag":[78],"class_list":{"0":"post-830","1":"product","2":"type-product","3":"status-publish","4":"has-post-thumbnail","6":"product_cat-accesorios","7":"product_cat-mouse","8":"product_tag-genius","9":"desktop-align-left","10":"tablet-align-left","11":"mobile-align-left","13":"first","14":"instock","15":"taxable","16":"shipping-taxable","17":"product-type-simple"},"yoast_head":"<!-- This site is optimized with the Yoast SEO plugin v27.3 - https:\/\/yoast.com\/product\/yoast-seo-wordpress\/ -->\n<title>Mouse Optico Genius Dx-120 1200Dpi Usb Blanco - IntegralPro<\/title>\n<meta name=\"description\" content=\"Con un sensor \u00f3ptico de 1200 dpi que tiene el triple de la precisi\u00f3n en comparaci\u00f3n con un rat\u00f3n \u00f3ptico est\u00e1ndar.\" \/>\n<meta name=\"robots\" content=\"index, follow, max-snippet:-1, max-image-preview:large, max-video-preview:-1\" \/>\n<link rel=\"canonical\" href=\"https:\/\/www.integralpro.com.co\/index.php\/producto\/mouse-optico-genius-dx-120-1200dpi-usb-blanco\/\" \/>\n<meta property=\"og:locale\" content=\"es_ES\" \/>\n<meta property=\"og:type\" content=\"article\" \/>\n<meta property=\"og:title\" content=\"Mouse Optico Genius Dx-120 1200Dpi Usb Blanco - IntegralPro\" \/>\n<meta property=\"og:description\" content=\"Con un sensor \u00f3ptico de 1200 dpi que tiene el triple de la precisi\u00f3n en comparaci\u00f3n con un rat\u00f3n \u00f3ptico est\u00e1ndar.\" \/>\n<meta property=\"og:url\" content=\"https:\/\/www.integralpro.com.co\/index.php\/producto\/mouse-optico-genius-dx-120-1200dpi-usb-blanco\/\" \/>\n<meta property=\"og:site_name\" content=\"IntegralPro\" \/>\n<meta property=\"article:modified_time\" content=\"2021-02-17T20:08:54+00:00\" \/>\n<meta property=\"og:image\" content=\"https:\/\/www.integralpro.com.co\/wp-content\/uploads\/2021\/02\/Mouse-Optico-Genius-Dx-120-1200Dpi-Usb-Blanco.jpg\" \/>\n\t<meta property=\"og:image:width\" content=\"1200\" \/>\n\t<meta property=\"og:image:height\" content=\"1200\" \/>\n\t<meta property=\"og:image:type\" content=\"image\/jpeg\" \/>\n<meta name=\"twitter:card\" content=\"summary_large_image\" \/>\n<meta name=\"twitter:label1\" content=\"Tiempo de lectura\" \/>\n\t<meta name=\"twitter:data1\" content=\"1 minuto\" \/>\n<script type=\"application\/ld+json\" class=\"yoast-schema-graph\">{\"@context\":\"https:\\\/\\\/schema.org\",\"@graph\":[{\"@type\":\"WebPage\",\"@id\":\"https:\\\/\\\/www.integralpro.com.co\\\/index.php\\\/producto\\\/mouse-optico-genius-dx-120-1200dpi-usb-blanco\\\/\",\"url\":\"https:\\\/\\\/www.integralpro.com.co\\\/index.php\\\/producto\\\/mouse-optico-genius-dx-120-1200dpi-usb-blanco\\\/\",\"name\":\"Mouse Optico Genius Dx-120 1200Dpi Usb Blanco - IntegralPro\",\"isPartOf\":{\"@id\":\"https:\\\/\\\/www.integralpro.com.co\\\/#website\"},\"primaryImageOfPage\":{\"@id\":\"https:\\\/\\\/www.integralpro.com.co\\\/index.php\\\/producto\\\/mouse-optico-genius-dx-120-1200dpi-usb-blanco\\\/#primaryimage\"},\"image\":{\"@id\":\"https:\\\/\\\/www.integralpro.com.co\\\/index.php\\\/producto\\\/mouse-optico-genius-dx-120-1200dpi-usb-blanco\\\/#primaryimage\"},\"thumbnailUrl\":\"https:\\\/\\\/www.integralpro.com.co\\\/wp-content\\\/uploads\\\/2021\\\/02\\\/Mouse-Optico-Genius-Dx-120-1200Dpi-Usb-Blanco.jpg\",\"datePublished\":\"2021-02-09T04:08:26+00:00\",\"dateModified\":\"2021-02-17T20:08:54+00:00\",\"description\":\"Con un sensor \u00f3ptico de 1200 dpi que tiene el triple de la precisi\u00f3n en comparaci\u00f3n con un rat\u00f3n \u00f3ptico est\u00e1ndar.\",\"breadcrumb\":{\"@id\":\"https:\\\/\\\/www.integralpro.com.co\\\/index.php\\\/producto\\\/mouse-optico-genius-dx-120-1200dpi-usb-blanco\\\/#breadcrumb\"},\"inLanguage\":\"es\",\"potentialAction\":[{\"@type\":\"ReadAction\",\"target\":[\"https:\\\/\\\/www.integralpro.com.co\\\/index.php\\\/producto\\\/mouse-optico-genius-dx-120-1200dpi-usb-blanco\\\/\"]}]},{\"@type\":\"ImageObject\",\"inLanguage\":\"es\",\"@id\":\"https:\\\/\\\/www.integralpro.com.co\\\/index.php\\\/producto\\\/mouse-optico-genius-dx-120-1200dpi-usb-blanco\\\/#primaryimage\",\"url\":\"https:\\\/\\\/www.integralpro.com.co\\\/wp-content\\\/uploads\\\/2021\\\/02\\\/Mouse-Optico-Genius-Dx-120-1200Dpi-Usb-Blanco.jpg\",\"contentUrl\":\"https:\\\/\\\/www.integralpro.com.co\\\/wp-content\\\/uploads\\\/2021\\\/02\\\/Mouse-Optico-Genius-Dx-120-1200Dpi-Usb-Blanco.jpg\",\"width\":1200,\"height\":1200},{\"@type\":\"BreadcrumbList\",\"@id\":\"https:\\\/\\\/www.integralpro.com.co\\\/index.php\\\/producto\\\/mouse-optico-genius-dx-120-1200dpi-usb-blanco\\\/#breadcrumb\",\"itemListElement\":[{\"@type\":\"ListItem\",\"position\":1,\"name\":\"Portada\",\"item\":\"https:\\\/\\\/www.integralpro.com.co\\\/\"},{\"@type\":\"ListItem\",\"position\":2,\"name\":\"Tienda\",\"item\":\"https:\\\/\\\/www.integralpro.com.co\\\/index.php\\\/tienda\\\/\"},{\"@type\":\"ListItem\",\"position\":3,\"name\":\"Mouse Optico Genius Dx-120 1200Dpi Usb Blanco\"}]},{\"@type\":\"WebSite\",\"@id\":\"https:\\\/\\\/www.integralpro.com.co\\\/#website\",\"url\":\"https:\\\/\\\/www.integralpro.com.co\\\/\",\"name\":\"IntegralPro\",\"description\":\"Tienda de Tecnolog\u00eda en L\u00ednea\",\"publisher\":{\"@id\":\"https:\\\/\\\/www.integralpro.com.co\\\/#organization\"},\"potentialAction\":[{\"@type\":\"SearchAction\",\"target\":{\"@type\":\"EntryPoint\",\"urlTemplate\":\"https:\\\/\\\/www.integralpro.com.co\\\/?s={search_term_string}\"},\"query-input\":{\"@type\":\"PropertyValueSpecification\",\"valueRequired\":true,\"valueName\":\"search_term_string\"}}],\"inLanguage\":\"es\"},{\"@type\":\"Organization\",\"@id\":\"https:\\\/\\\/www.integralpro.com.co\\\/#organization\",\"name\":\"IntegralPro SAS\",\"url\":\"https:\\\/\\\/www.integralpro.com.co\\\/\",\"logo\":{\"@type\":\"ImageObject\",\"inLanguage\":\"es\",\"@id\":\"https:\\\/\\\/www.integralpro.com.co\\\/#\\\/schema\\\/logo\\\/image\\\/\",\"url\":\"https:\\\/\\\/www.integralpro.com.co\\\/wp-content\\\/uploads\\\/2021\\\/02\\\/logo-def.jpg\",\"contentUrl\":\"https:\\\/\\\/www.integralpro.com.co\\\/wp-content\\\/uploads\\\/2021\\\/02\\\/logo-def.jpg\",\"width\":238,\"height\":234,\"caption\":\"IntegralPro SAS\"},\"image\":{\"@id\":\"https:\\\/\\\/www.integralpro.com.co\\\/#\\\/schema\\\/logo\\\/image\\\/\"}}]}<\/script>\n<!-- \/ Yoast SEO plugin. -->","yoast_head_json":{"title":"Mouse Optico Genius Dx-120 1200Dpi Usb Blanco - IntegralPro","description":"Con un sensor \u00f3ptico de 1200 dpi que tiene el triple de la precisi\u00f3n en comparaci\u00f3n con un rat\u00f3n \u00f3ptico est\u00e1ndar.","robots":{"index":"index","follow":"follow","max-snippet":"max-snippet:-1","max-image-preview":"max-image-preview:large","max-video-preview":"max-video-preview:-1"},"canonical":"https:\/\/www.integralpro.com.co\/index.php\/producto\/mouse-optico-genius-dx-120-1200dpi-usb-blanco\/","og_locale":"es_ES","og_type":"article","og_title":"Mouse Optico Genius Dx-120 1200Dpi Usb Blanco - IntegralPro","og_description":"Con un sensor \u00f3ptico de 1200 dpi que tiene el triple de la precisi\u00f3n en comparaci\u00f3n con un rat\u00f3n \u00f3ptico est\u00e1ndar.","og_url":"https:\/\/www.integralpro.com.co\/index.php\/producto\/mouse-optico-genius-dx-120-1200dpi-usb-blanco\/","og_site_name":"IntegralPro","article_modified_time":"2021-02-17T20:08:54+00:00","og_image":[{"width":1200,"height":1200,"url":"https:\/\/www.integralpro.com.co\/wp-content\/uploads\/2021\/02\/Mouse-Optico-Genius-Dx-120-1200Dpi-Usb-Blanco.jpg","type":"image\/jpeg"}],"twitter_card":"summary_large_image","twitter_misc":{"Tiempo de lectura":"1 minuto"},"schema":{"@context":"https:\/\/schema.org","@graph":[{"@type":"WebPage","@id":"https:\/\/www.integralpro.com.co\/index.php\/producto\/mouse-optico-genius-dx-120-1200dpi-usb-blanco\/","url":"https:\/\/www.integralpro.com.co\/index.php\/producto\/mouse-optico-genius-dx-120-1200dpi-usb-blanco\/","name":"Mouse Optico Genius Dx-120 1200Dpi Usb Blanco - IntegralPro","isPartOf":{"@id":"https:\/\/www.integralpro.com.co\/#website"},"primaryImageOfPage":{"@id":"https:\/\/www.integralpro.com.co\/index.php\/producto\/mouse-optico-genius-dx-120-1200dpi-usb-blanco\/#primaryimage"},"image":{"@id":"https:\/\/www.integralpro.com.co\/index.php\/producto\/mouse-optico-genius-dx-120-1200dpi-usb-blanco\/#primaryimage"},"thumbnailUrl":"https:\/\/www.integralpro.com.co\/wp-content\/uploads\/2021\/02\/Mouse-Optico-Genius-Dx-120-1200Dpi-Usb-Blanco.jpg","datePublished":"2021-02-09T04:08:26+00:00","dateModified":"2021-02-17T20:08:54+00:00","description":"Con un sensor \u00f3ptico de 1200 dpi que tiene el triple de la precisi\u00f3n en comparaci\u00f3n con un rat\u00f3n \u00f3ptico est\u00e1ndar.","breadcrumb":{"@id":"https:\/\/www.integralpro.com.co\/index.php\/producto\/mouse-optico-genius-dx-120-1200dpi-usb-blanco\/#breadcrumb"},"inLanguage":"es","potentialAction":[{"@type":"ReadAction","target":["https:\/\/www.integralpro.com.co\/index.php\/producto\/mouse-optico-genius-dx-120-1200dpi-usb-blanco\/"]}]},{"@type":"ImageObject","inLanguage":"es","@id":"https:\/\/www.integralpro.com.co\/index.php\/producto\/mouse-optico-genius-dx-120-1200dpi-usb-blanco\/#primaryimage","url":"https:\/\/www.integralpro.com.co\/wp-content\/uploads\/2021\/02\/Mouse-Optico-Genius-Dx-120-1200Dpi-Usb-Blanco.jpg","contentUrl":"https:\/\/www.integralpro.com.co\/wp-content\/uploads\/2021\/02\/Mouse-Optico-Genius-Dx-120-1200Dpi-Usb-Blanco.jpg","width":1200,"height":1200},{"@type":"BreadcrumbList","@id":"https:\/\/www.integralpro.com.co\/index.php\/producto\/mouse-optico-genius-dx-120-1200dpi-usb-blanco\/#breadcrumb","itemListElement":[{"@type":"ListItem","position":1,"name":"Portada","item":"https:\/\/www.integralpro.com.co\/"},{"@type":"ListItem","position":2,"name":"Tienda","item":"https:\/\/www.integralpro.com.co\/index.php\/tienda\/"},{"@type":"ListItem","position":3,"name":"Mouse Optico Genius Dx-120 1200Dpi Usb Blanco"}]},{"@type":"WebSite","@id":"https:\/\/www.integralpro.com.co\/#website","url":"https:\/\/www.integralpro.com.co\/","name":"IntegralPro","description":"Tienda de Tecnolog\u00eda en L\u00ednea","publisher":{"@id":"https:\/\/www.integralpro.com.co\/#organization"},"potentialAction":[{"@type":"SearchAction","target":{"@type":"EntryPoint","urlTemplate":"https:\/\/www.integralpro.com.co\/?s={search_term_string}"},"query-input":{"@type":"PropertyValueSpecification","valueRequired":true,"valueName":"search_term_string"}}],"inLanguage":"es"},{"@type":"Organization","@id":"https:\/\/www.integralpro.com.co\/#organization","name":"IntegralPro SAS","url":"https:\/\/www.integralpro.com.co\/","logo":{"@type":"ImageObject","inLanguage":"es","@id":"https:\/\/www.integralpro.com.co\/#\/schema\/logo\/image\/","url":"https:\/\/www.integralpro.com.co\/wp-content\/uploads\/2021\/02\/logo-def.jpg","contentUrl":"https:\/\/www.integralpro.com.co\/wp-content\/uploads\/2021\/02\/logo-def.jpg","width":238,"height":234,"caption":"IntegralPro SAS"},"image":{"@id":"https:\/\/www.integralpro.com.co\/#\/schema\/logo\/image\/"}}]}},"_links":{"self":[{"href":"https:\/\/www.integralpro.com.co\/index.php\/wp-json\/wp\/v2\/product\/830","targetHints":{"allow":["GET"]}}],"collection":[{"href":"https:\/\/www.integralpro.com.co\/index.php\/wp-json\/wp\/v2\/product"}],"about":[{"href":"https:\/\/www.integralpro.com.co\/index.php\/wp-json\/wp\/v2\/types\/product"}],"version-history":[{"count":2,"href":"https:\/\/www.integralpro.com.co\/index.php\/wp-json\/wp\/v2\/product\/830\/revisions"}],"predecessor-version":[{"id":1171,"href":"https:\/\/www.integralpro.com.co\/index.php\/wp-json\/wp\/v2\/product\/830\/revisions\/1171"}],"wp:featuredmedia":[{"embeddable":true,"href":"https:\/\/www.integralpro.com.co\/index.php\/wp-json\/wp\/v2\/media\/763"}],"wp:attachment":[{"href":"https:\/\/www.integralpro.com.co\/index.php\/wp-json\/wp\/v2\/media?parent=830"}],"wp:term":[{"taxonomy":"product_brand","embeddable":true,"href":"https:\/\/www.integralpro.com.co\/index.php\/wp-json\/wp\/v2\/product_brand?post=830"},{"taxonomy":"product_cat","embeddable":true,"href":"https:\/\/www.integralpro.com.co\/index.php\/wp-json\/wp\/v2\/product_cat?post=830"},{"taxonomy":"product_tag","embeddable":true,"href":"https:\/\/www.integralpro.com.co\/index.php\/wp-json\/wp\/v2\/product_tag?post=830"}],"curies":[{"name":"wp","href":"https:\/\/api.w.org\/{rel}","templated":true}]}}