{"id":824,"date":"2021-02-08T23:08:26","date_gmt":"2021-02-09T04:08:26","guid":{"rendered":"https:\/\/www.integralpro.com.co\/index.php\/product\/import-placeholder-for-1081\/"},"modified":"2023-01-09T13:59:12","modified_gmt":"2023-01-09T18:59:12","slug":"ups-cdp-interactiva-500va-240w-8-tomas-regulacion-voltaje","status":"publish","type":"product","link":"https:\/\/www.integralpro.com.co\/index.php\/producto\/ups-cdp-interactiva-500va-240w-8-tomas-regulacion-voltaje\/","title":{"rendered":"UPS CDP Interactiva 500VA\/240W 8 Tomas Regulacion Voltaje"},"content":{"rendered":"<p>La serie R-UPR esta dise\u00f1ado con un funcionamiento y confiabilidad incomparables para la protecci\u00f3n de tus consolas de videojuegos y estaciones de trabajo avanzadas.<\/p>\n<p>Funci\u00f3n<\/p>\n<p>Cuando la condici\u00f3n de flujo electr\u00f3nico es normal, el UPS le protege contra la sobretensi\u00f3n mientras utiliza la energ\u00eda para cargar la bater\u00eda interna.<\/p>\n<p>Ventajas<\/p>\n<p>Cuenta con controles potentes basados en microprocesadores para una mayor confiabilidad con regulaci\u00f3n autom\u00e1tica de la tensi\u00f3n.<\/p>\n<p>Protecci\u00f3n<\/p>\n<p>Ideal para la protecci\u00f3n completa de equipos de computo, routers, modems, puntos de venta, consolas de videojuegos y teatros en casa.<\/p>\n<p>Especificaciones T\u00e9cnicas<\/p>\n<p>Dimensiones: 30 x 9.5 x 14 cm<br \/>\nPeso:4kg<br \/>\nVoltaje entrada: 50\/60Hz (ajuste automatico)<br \/>\nRango voltaje entrada: 80 &#8211; 145Vca<br \/>\nCorriente max entrada: 672W (5.6A max)<br \/>\nCable de alimentaci\u00f3n: NEMA 5-15P<br \/>\nVoltaje de salida: 120Vca +\/- 10%<br \/>\nFrecuencia de salida: 50Hz o 60Hz +\/- 1Hz<br \/>\nVoltaje en modo de respaldo: 120Vca +\/- 10%<br \/>\nCorriente max Salida: 250W<br \/>\nTiempo de transferencia: 2-4ms Tipico<br \/>\nVoltaje de bater\u00eda: 12VDC<br \/>\nTipo de bater\u00eda: 12V\/5.6AH 1PZA<br \/>\nProtecci\u00f3n de seguridad: Sobrecarga y protecci\u00f3n contra descarga.<br \/>\nFunciones: Inicio funci\u00f3n DC- Auto reseteo UPS &#8211; Protecci\u00f3n de bajo voltaje &#8211; Silenciador de alarma audible &#8211; Modo apagado de carga.<br \/>\nProtecci\u00f3n corto circuito: Breaker termomagnetico y circuitos electronicos (modo linea)<br \/>\nProtecci\u00f3n descarga relampago: 300 Joules<br \/>\nColor: Negro<\/p>\n<p>Contenido Del Paquete<\/p>\n<p>UPS R-UPR 508r &#8211; Cable de poder &#8211; Documentaci\u00f3n<\/p>\n","protected":false},"excerpt":{"rendered":"<p># DE PARTE: R-UPR 508<\/p>\n","protected":false},"featured_media":771,"template":"","meta":{"site-sidebar-layout":"default","site-content-layout":"default","ast-site-content-layout":"default","site-content-style":"default","site-sidebar-style":"default","ast-global-header-display":"","ast-banner-title-visibility":"","ast-main-header-display":"","ast-hfb-above-header-display":"","ast-hfb-below-header-display":"","ast-hfb-mobile-header-display":"","site-post-title":"","ast-breadcrumbs-content":"","ast-featured-img":"","footer-sml-layout":"","ast-disable-related-posts":"","theme-transparent-header-meta":"default","adv-header-id-meta":"","stick-header-meta":"","header-above-stick-meta":"","header-main-stick-meta":"","header-below-stick-meta":"","astra-migrate-meta-layouts":"default","ast-page-background-enabled":"default","ast-page-background-meta":{"desktop":{"background-color":"var(--ast-global-color-4)","background-image":"","background-repeat":"repeat","background-position":"center center","background-size":"auto","background-attachment":"scroll","background-type":"","background-media":"","overlay-type":"","overlay-color":"","overlay-opacity":"","overlay-gradient":""},"tablet":{"background-color":"","background-image":"","background-repeat":"repeat","background-position":"center center","background-size":"auto","background-attachment":"scroll","background-type":"","background-media":"","overlay-type":"","overlay-color":"","overlay-opacity":"","overlay-gradient":""},"mobile":{"background-color":"","background-image":"","background-repeat":"repeat","background-position":"center center","background-size":"auto","background-attachment":"scroll","background-type":"","background-media":"","overlay-type":"","overlay-color":"","overlay-opacity":"","overlay-gradient":""}},"ast-content-background-meta":{"desktop":{"background-color":"var(--ast-global-color-5)","background-image":"","background-repeat":"repeat","background-position":"center center","background-size":"auto","background-attachment":"scroll","background-type":"","background-media":"","overlay-type":"","overlay-color":"","overlay-opacity":"","overlay-gradient":""},"tablet":{"background-color":"var(--ast-global-color-5)","background-image":"","background-repeat":"repeat","background-position":"center center","background-size":"auto","background-attachment":"scroll","background-type":"","background-media":"","overlay-type":"","overlay-color":"","overlay-opacity":"","overlay-gradient":""},"mobile":{"background-color":"var(--ast-global-color-5)","background-image":"","background-repeat":"repeat","background-position":"center center","background-size":"auto","background-attachment":"scroll","background-type":"","background-media":"","overlay-type":"","overlay-color":"","overlay-opacity":"","overlay-gradient":""}}},"product_brand":[],"product_cat":[162,65],"product_tag":[38],"class_list":{"0":"post-824","1":"product","2":"type-product","3":"status-publish","4":"has-post-thumbnail","6":"product_cat-ups","7":"product_cat-ups-reguladores-de-voltaje","8":"product_tag-cdp","9":"desktop-align-left","10":"tablet-align-left","11":"mobile-align-left","13":"first","14":"instock","15":"taxable","16":"shipping-taxable","17":"product-type-simple"},"yoast_head":"<!-- This site is optimized with the Yoast SEO plugin v27.4 - https:\/\/yoast.com\/product\/yoast-seo-wordpress\/ -->\n<title>UPS CDP Interactiva 500VA\/240W 8 Tomas Regulacion Voltaje - IntegralPro<\/title>\n<meta name=\"description\" content=\"UPS CDP Interactiva 500VA\/240W 8 Tomas Regulacion Voltaje le protege contra la sobretensi\u00f3n mientras utiliza la energ\u00eda para cargar la bater\u00eda interna.\" \/>\n<meta name=\"robots\" content=\"index, follow, max-snippet:-1, max-image-preview:large, max-video-preview:-1\" \/>\n<link rel=\"canonical\" href=\"https:\/\/www.integralpro.com.co\/index.php\/producto\/ups-cdp-interactiva-500va-240w-8-tomas-regulacion-voltaje\/\" \/>\n<meta property=\"og:locale\" content=\"es_ES\" \/>\n<meta property=\"og:type\" content=\"article\" \/>\n<meta property=\"og:title\" content=\"UPS CDP Interactiva 500VA\/240W 8 Tomas Regulacion Voltaje - IntegralPro\" \/>\n<meta property=\"og:description\" content=\"UPS CDP Interactiva 500VA\/240W 8 Tomas Regulacion Voltaje le protege contra la sobretensi\u00f3n mientras utiliza la energ\u00eda para cargar la bater\u00eda interna.\" \/>\n<meta property=\"og:url\" content=\"https:\/\/www.integralpro.com.co\/index.php\/producto\/ups-cdp-interactiva-500va-240w-8-tomas-regulacion-voltaje\/\" \/>\n<meta property=\"og:site_name\" content=\"IntegralPro\" \/>\n<meta property=\"article:modified_time\" content=\"2023-01-09T18:59:12+00:00\" \/>\n<meta property=\"og:image\" content=\"https:\/\/www.integralpro.com.co\/wp-content\/uploads\/2021\/02\/UPS-CDP-Interactiva-500VA-240W-8-Tomas-Regulacion-Voltaje.jpg\" \/>\n\t<meta property=\"og:image:width\" content=\"1000\" \/>\n\t<meta property=\"og:image:height\" content=\"1000\" \/>\n\t<meta property=\"og:image:type\" content=\"image\/jpeg\" \/>\n<meta name=\"twitter:card\" content=\"summary_large_image\" \/>\n<meta name=\"twitter:label1\" content=\"Tiempo de lectura\" \/>\n\t<meta name=\"twitter:data1\" content=\"1 minuto\" \/>\n<script type=\"application\/ld+json\" class=\"yoast-schema-graph\">{\"@context\":\"https:\\\/\\\/schema.org\",\"@graph\":[{\"@type\":\"WebPage\",\"@id\":\"https:\\\/\\\/www.integralpro.com.co\\\/index.php\\\/producto\\\/ups-cdp-interactiva-500va-240w-8-tomas-regulacion-voltaje\\\/\",\"url\":\"https:\\\/\\\/www.integralpro.com.co\\\/index.php\\\/producto\\\/ups-cdp-interactiva-500va-240w-8-tomas-regulacion-voltaje\\\/\",\"name\":\"UPS CDP Interactiva 500VA\\\/240W 8 Tomas Regulacion Voltaje - IntegralPro\",\"isPartOf\":{\"@id\":\"https:\\\/\\\/www.integralpro.com.co\\\/#website\"},\"primaryImageOfPage\":{\"@id\":\"https:\\\/\\\/www.integralpro.com.co\\\/index.php\\\/producto\\\/ups-cdp-interactiva-500va-240w-8-tomas-regulacion-voltaje\\\/#primaryimage\"},\"image\":{\"@id\":\"https:\\\/\\\/www.integralpro.com.co\\\/index.php\\\/producto\\\/ups-cdp-interactiva-500va-240w-8-tomas-regulacion-voltaje\\\/#primaryimage\"},\"thumbnailUrl\":\"https:\\\/\\\/www.integralpro.com.co\\\/wp-content\\\/uploads\\\/2021\\\/02\\\/UPS-CDP-Interactiva-500VA-240W-8-Tomas-Regulacion-Voltaje.jpg\",\"datePublished\":\"2021-02-09T04:08:26+00:00\",\"dateModified\":\"2023-01-09T18:59:12+00:00\",\"description\":\"UPS CDP Interactiva 500VA\\\/240W 8 Tomas Regulacion Voltaje le protege contra la sobretensi\u00f3n mientras utiliza la energ\u00eda para cargar la bater\u00eda interna.\",\"breadcrumb\":{\"@id\":\"https:\\\/\\\/www.integralpro.com.co\\\/index.php\\\/producto\\\/ups-cdp-interactiva-500va-240w-8-tomas-regulacion-voltaje\\\/#breadcrumb\"},\"inLanguage\":\"es\",\"potentialAction\":[{\"@type\":\"ReadAction\",\"target\":[\"https:\\\/\\\/www.integralpro.com.co\\\/index.php\\\/producto\\\/ups-cdp-interactiva-500va-240w-8-tomas-regulacion-voltaje\\\/\"]}]},{\"@type\":\"ImageObject\",\"inLanguage\":\"es\",\"@id\":\"https:\\\/\\\/www.integralpro.com.co\\\/index.php\\\/producto\\\/ups-cdp-interactiva-500va-240w-8-tomas-regulacion-voltaje\\\/#primaryimage\",\"url\":\"https:\\\/\\\/www.integralpro.com.co\\\/wp-content\\\/uploads\\\/2021\\\/02\\\/UPS-CDP-Interactiva-500VA-240W-8-Tomas-Regulacion-Voltaje.jpg\",\"contentUrl\":\"https:\\\/\\\/www.integralpro.com.co\\\/wp-content\\\/uploads\\\/2021\\\/02\\\/UPS-CDP-Interactiva-500VA-240W-8-Tomas-Regulacion-Voltaje.jpg\",\"width\":1000,\"height\":1000},{\"@type\":\"BreadcrumbList\",\"@id\":\"https:\\\/\\\/www.integralpro.com.co\\\/index.php\\\/producto\\\/ups-cdp-interactiva-500va-240w-8-tomas-regulacion-voltaje\\\/#breadcrumb\",\"itemListElement\":[{\"@type\":\"ListItem\",\"position\":1,\"name\":\"Portada\",\"item\":\"https:\\\/\\\/www.integralpro.com.co\\\/\"},{\"@type\":\"ListItem\",\"position\":2,\"name\":\"Tienda\",\"item\":\"https:\\\/\\\/www.integralpro.com.co\\\/index.php\\\/tienda\\\/\"},{\"@type\":\"ListItem\",\"position\":3,\"name\":\"UPS CDP Interactiva 500VA\\\/240W 8 Tomas Regulacion Voltaje\"}]},{\"@type\":\"WebSite\",\"@id\":\"https:\\\/\\\/www.integralpro.com.co\\\/#website\",\"url\":\"https:\\\/\\\/www.integralpro.com.co\\\/\",\"name\":\"IntegralPro\",\"description\":\"Tienda de Tecnolog\u00eda en L\u00ednea\",\"publisher\":{\"@id\":\"https:\\\/\\\/www.integralpro.com.co\\\/#organization\"},\"potentialAction\":[{\"@type\":\"SearchAction\",\"target\":{\"@type\":\"EntryPoint\",\"urlTemplate\":\"https:\\\/\\\/www.integralpro.com.co\\\/?s={search_term_string}\"},\"query-input\":{\"@type\":\"PropertyValueSpecification\",\"valueRequired\":true,\"valueName\":\"search_term_string\"}}],\"inLanguage\":\"es\"},{\"@type\":\"Organization\",\"@id\":\"https:\\\/\\\/www.integralpro.com.co\\\/#organization\",\"name\":\"IntegralPro SAS\",\"url\":\"https:\\\/\\\/www.integralpro.com.co\\\/\",\"logo\":{\"@type\":\"ImageObject\",\"inLanguage\":\"es\",\"@id\":\"https:\\\/\\\/www.integralpro.com.co\\\/#\\\/schema\\\/logo\\\/image\\\/\",\"url\":\"https:\\\/\\\/www.integralpro.com.co\\\/wp-content\\\/uploads\\\/2021\\\/02\\\/logo-def.jpg\",\"contentUrl\":\"https:\\\/\\\/www.integralpro.com.co\\\/wp-content\\\/uploads\\\/2021\\\/02\\\/logo-def.jpg\",\"width\":238,\"height\":234,\"caption\":\"IntegralPro SAS\"},\"image\":{\"@id\":\"https:\\\/\\\/www.integralpro.com.co\\\/#\\\/schema\\\/logo\\\/image\\\/\"}}]}<\/script>\n<!-- \/ Yoast SEO plugin. -->","yoast_head_json":{"title":"UPS CDP Interactiva 500VA\/240W 8 Tomas Regulacion Voltaje - IntegralPro","description":"UPS CDP Interactiva 500VA\/240W 8 Tomas Regulacion Voltaje le protege contra la sobretensi\u00f3n mientras utiliza la energ\u00eda para cargar la bater\u00eda interna.","robots":{"index":"index","follow":"follow","max-snippet":"max-snippet:-1","max-image-preview":"max-image-preview:large","max-video-preview":"max-video-preview:-1"},"canonical":"https:\/\/www.integralpro.com.co\/index.php\/producto\/ups-cdp-interactiva-500va-240w-8-tomas-regulacion-voltaje\/","og_locale":"es_ES","og_type":"article","og_title":"UPS CDP Interactiva 500VA\/240W 8 Tomas Regulacion Voltaje - IntegralPro","og_description":"UPS CDP Interactiva 500VA\/240W 8 Tomas Regulacion Voltaje le protege contra la sobretensi\u00f3n mientras utiliza la energ\u00eda para cargar la bater\u00eda interna.","og_url":"https:\/\/www.integralpro.com.co\/index.php\/producto\/ups-cdp-interactiva-500va-240w-8-tomas-regulacion-voltaje\/","og_site_name":"IntegralPro","article_modified_time":"2023-01-09T18:59:12+00:00","og_image":[{"width":1000,"height":1000,"url":"https:\/\/www.integralpro.com.co\/wp-content\/uploads\/2021\/02\/UPS-CDP-Interactiva-500VA-240W-8-Tomas-Regulacion-Voltaje.jpg","type":"image\/jpeg"}],"twitter_card":"summary_large_image","twitter_misc":{"Tiempo de lectura":"1 minuto"},"schema":{"@context":"https:\/\/schema.org","@graph":[{"@type":"WebPage","@id":"https:\/\/www.integralpro.com.co\/index.php\/producto\/ups-cdp-interactiva-500va-240w-8-tomas-regulacion-voltaje\/","url":"https:\/\/www.integralpro.com.co\/index.php\/producto\/ups-cdp-interactiva-500va-240w-8-tomas-regulacion-voltaje\/","name":"UPS CDP Interactiva 500VA\/240W 8 Tomas Regulacion Voltaje - IntegralPro","isPartOf":{"@id":"https:\/\/www.integralpro.com.co\/#website"},"primaryImageOfPage":{"@id":"https:\/\/www.integralpro.com.co\/index.php\/producto\/ups-cdp-interactiva-500va-240w-8-tomas-regulacion-voltaje\/#primaryimage"},"image":{"@id":"https:\/\/www.integralpro.com.co\/index.php\/producto\/ups-cdp-interactiva-500va-240w-8-tomas-regulacion-voltaje\/#primaryimage"},"thumbnailUrl":"https:\/\/www.integralpro.com.co\/wp-content\/uploads\/2021\/02\/UPS-CDP-Interactiva-500VA-240W-8-Tomas-Regulacion-Voltaje.jpg","datePublished":"2021-02-09T04:08:26+00:00","dateModified":"2023-01-09T18:59:12+00:00","description":"UPS CDP Interactiva 500VA\/240W 8 Tomas Regulacion Voltaje le protege contra la sobretensi\u00f3n mientras utiliza la energ\u00eda para cargar la bater\u00eda interna.","breadcrumb":{"@id":"https:\/\/www.integralpro.com.co\/index.php\/producto\/ups-cdp-interactiva-500va-240w-8-tomas-regulacion-voltaje\/#breadcrumb"},"inLanguage":"es","potentialAction":[{"@type":"ReadAction","target":["https:\/\/www.integralpro.com.co\/index.php\/producto\/ups-cdp-interactiva-500va-240w-8-tomas-regulacion-voltaje\/"]}]},{"@type":"ImageObject","inLanguage":"es","@id":"https:\/\/www.integralpro.com.co\/index.php\/producto\/ups-cdp-interactiva-500va-240w-8-tomas-regulacion-voltaje\/#primaryimage","url":"https:\/\/www.integralpro.com.co\/wp-content\/uploads\/2021\/02\/UPS-CDP-Interactiva-500VA-240W-8-Tomas-Regulacion-Voltaje.jpg","contentUrl":"https:\/\/www.integralpro.com.co\/wp-content\/uploads\/2021\/02\/UPS-CDP-Interactiva-500VA-240W-8-Tomas-Regulacion-Voltaje.jpg","width":1000,"height":1000},{"@type":"BreadcrumbList","@id":"https:\/\/www.integralpro.com.co\/index.php\/producto\/ups-cdp-interactiva-500va-240w-8-tomas-regulacion-voltaje\/#breadcrumb","itemListElement":[{"@type":"ListItem","position":1,"name":"Portada","item":"https:\/\/www.integralpro.com.co\/"},{"@type":"ListItem","position":2,"name":"Tienda","item":"https:\/\/www.integralpro.com.co\/index.php\/tienda\/"},{"@type":"ListItem","position":3,"name":"UPS CDP Interactiva 500VA\/240W 8 Tomas Regulacion Voltaje"}]},{"@type":"WebSite","@id":"https:\/\/www.integralpro.com.co\/#website","url":"https:\/\/www.integralpro.com.co\/","name":"IntegralPro","description":"Tienda de Tecnolog\u00eda en L\u00ednea","publisher":{"@id":"https:\/\/www.integralpro.com.co\/#organization"},"potentialAction":[{"@type":"SearchAction","target":{"@type":"EntryPoint","urlTemplate":"https:\/\/www.integralpro.com.co\/?s={search_term_string}"},"query-input":{"@type":"PropertyValueSpecification","valueRequired":true,"valueName":"search_term_string"}}],"inLanguage":"es"},{"@type":"Organization","@id":"https:\/\/www.integralpro.com.co\/#organization","name":"IntegralPro SAS","url":"https:\/\/www.integralpro.com.co\/","logo":{"@type":"ImageObject","inLanguage":"es","@id":"https:\/\/www.integralpro.com.co\/#\/schema\/logo\/image\/","url":"https:\/\/www.integralpro.com.co\/wp-content\/uploads\/2021\/02\/logo-def.jpg","contentUrl":"https:\/\/www.integralpro.com.co\/wp-content\/uploads\/2021\/02\/logo-def.jpg","width":238,"height":234,"caption":"IntegralPro SAS"},"image":{"@id":"https:\/\/www.integralpro.com.co\/#\/schema\/logo\/image\/"}}]}},"_links":{"self":[{"href":"https:\/\/www.integralpro.com.co\/index.php\/wp-json\/wp\/v2\/product\/824","targetHints":{"allow":["GET"]}}],"collection":[{"href":"https:\/\/www.integralpro.com.co\/index.php\/wp-json\/wp\/v2\/product"}],"about":[{"href":"https:\/\/www.integralpro.com.co\/index.php\/wp-json\/wp\/v2\/types\/product"}],"version-history":[{"count":4,"href":"https:\/\/www.integralpro.com.co\/index.php\/wp-json\/wp\/v2\/product\/824\/revisions"}],"predecessor-version":[{"id":1198,"href":"https:\/\/www.integralpro.com.co\/index.php\/wp-json\/wp\/v2\/product\/824\/revisions\/1198"}],"wp:featuredmedia":[{"embeddable":true,"href":"https:\/\/www.integralpro.com.co\/index.php\/wp-json\/wp\/v2\/media\/771"}],"wp:attachment":[{"href":"https:\/\/www.integralpro.com.co\/index.php\/wp-json\/wp\/v2\/media?parent=824"}],"wp:term":[{"taxonomy":"product_brand","embeddable":true,"href":"https:\/\/www.integralpro.com.co\/index.php\/wp-json\/wp\/v2\/product_brand?post=824"},{"taxonomy":"product_cat","embeddable":true,"href":"https:\/\/www.integralpro.com.co\/index.php\/wp-json\/wp\/v2\/product_cat?post=824"},{"taxonomy":"product_tag","embeddable":true,"href":"https:\/\/www.integralpro.com.co\/index.php\/wp-json\/wp\/v2\/product_tag?post=824"}],"curies":[{"name":"wp","href":"https:\/\/api.w.org\/{rel}","templated":true}]}}