{"id":823,"date":"2021-02-08T23:08:26","date_gmt":"2021-02-09T04:08:26","guid":{"rendered":"https:\/\/www.integralpro.com.co\/index.php\/product\/import-placeholder-for-1078\/"},"modified":"2021-02-17T15:15:11","modified_gmt":"2021-02-17T20:15:11","slug":"audifonos-beats-powerbeats-pro-wireless-negro","status":"publish","type":"product","link":"https:\/\/www.integralpro.com.co\/index.php\/producto\/audifonos-beats-powerbeats-pro-wireless-negro\/","title":{"rendered":"Audifonos Beats Powerbeats Pro Wireless Negro"},"content":{"rendered":"<p>Los aud\u00edfonos Powerbeats Pro revolucionar\u00e1n tus entrenamientos. Dise\u00f1ados para atletas de \u00e9lite, estos aud\u00edfonos totalmente inal\u00e1mbricos no tienen cables que te limiten. Los ganchos ajustables y seguros se pueden personalizar con distintas opciones de adaptadores para o\u00eddos y, de ese modo, ofrecer una mayor comodidad. Adem\u00e1s, est\u00e1n dise\u00f1ados para permanecer en su lugar, sin importar la intensidad del entrenamiento. Estos aud\u00edfonos ligeros est\u00e1n pensados en el rendimiento y tienen un nuevo dise\u00f1o que refuerza la resistencia al sudor y al agua para que puedas llevar los entrenamientos al siguiente nivel. Con hasta 9 horas de uso en cada aud\u00edfono y un sonido potente y equilibrado, siempre tendr\u00e1s m\u00fasica para motivarte.<\/p>\n<p>Sonido Profesional<\/p>\n<p>Escuchamos a los atletas reales con el af\u00e1n de dise\u00f1ar unos aud\u00edfonos inal\u00e1mbricos que funcionaran en sus entrenamientos m\u00e1s intensos y lo que siempre o\u00edmos fue que el sonido era su principal prioridad. Los Powerbeats Pro brindan audio potente y equilibrado gracias a un paquete de ac\u00fastica redise\u00f1ado por completo, lo que ofrece reproducci\u00f3n de sonido puro, claridad mejorada y rango din\u00e1mico mejorado. Como un gran sonido empieza con un gran ajuste, estos aud\u00edfonos tambi\u00e9n se fabricaron con un enfoque en la comodidad ergon\u00f3mica para brindarte la mejor experiencia auditiva posible.<\/p>\n<p>Escucha Solo Un Lado O Ambos Al Mismo Tiempo<\/p>\n<p>Izquierdo, derecho o ambos: disfruta del control absoluto del audio. Cada aud\u00edfono tiene controles totales de volumen y pistas, as\u00ed que no necesitas tener tu iPhone ni otro dispositivo para manejar tu m\u00fasica. Los sensores autom\u00e1ticos de pausa\/reproducci\u00f3n saben cuando los aud\u00edfonos est\u00e1n en tu o\u00eddo e inician la m\u00fasica en cuanto est\u00e1s listo para empezar tu entrenamiento. Gracias a la funci\u00f3n de asistencia por voz en una gran variedad de dispositivos compatibles, podr\u00e1s concentrarte en lo tuyo.<\/p>\n<p>Especificaciones T\u00e9cnicas<\/p>\n<p>Dimensiones: 5.6 cm<br \/>\nPeso: 0,203 kg<br \/>\nOtras caracter\u00edsticas: Bluetooth, inal\u00e1mbricos<br \/>\nDise\u00f1o: gancho para oreja, aud\u00edfonos intrauriculares<br \/>\nConexiones: Bluetooth, Tecnolog\u00eda inal\u00e1mbrica<br \/>\nBater\u00eda: Recargable de iones de litio<br \/>\nColor: Negro<\/p>\n<p>Contenido Del Paquete<\/p>\n<p>Auriculares &#8211; Cable USB &#8211; Cable 3.5 mm &#8211; Estuche De Carga &#8211; Documentaci\u00f3n<\/p>\n","protected":false},"excerpt":{"rendered":"<p># DE PARTE: MV6Y2BE\/A<\/p>\n","protected":false},"featured_media":753,"template":"","meta":{"site-sidebar-layout":"default","site-content-layout":"default","ast-site-content-layout":"default","site-content-style":"default","site-sidebar-style":"default","ast-global-header-display":"","ast-banner-title-visibility":"","ast-main-header-display":"","ast-hfb-above-header-display":"","ast-hfb-below-header-display":"","ast-hfb-mobile-header-display":"","site-post-title":"","ast-breadcrumbs-content":"","ast-featured-img":"","footer-sml-layout":"","ast-disable-related-posts":"","theme-transparent-header-meta":"default","adv-header-id-meta":"","stick-header-meta":"","header-above-stick-meta":"","header-main-stick-meta":"","header-below-stick-meta":"","astra-migrate-meta-layouts":"default","ast-page-background-enabled":"default","ast-page-background-meta":{"desktop":{"background-color":"var(--ast-global-color-4)","background-image":"","background-repeat":"repeat","background-position":"center center","background-size":"auto","background-attachment":"scroll","background-type":"","background-media":"","overlay-type":"","overlay-color":"","overlay-opacity":"","overlay-gradient":""},"tablet":{"background-color":"","background-image":"","background-repeat":"repeat","background-position":"center center","background-size":"auto","background-attachment":"scroll","background-type":"","background-media":"","overlay-type":"","overlay-color":"","overlay-opacity":"","overlay-gradient":""},"mobile":{"background-color":"","background-image":"","background-repeat":"repeat","background-position":"center center","background-size":"auto","background-attachment":"scroll","background-type":"","background-media":"","overlay-type":"","overlay-color":"","overlay-opacity":"","overlay-gradient":""}},"ast-content-background-meta":{"desktop":{"background-color":"var(--ast-global-color-5)","background-image":"","background-repeat":"repeat","background-position":"center center","background-size":"auto","background-attachment":"scroll","background-type":"","background-media":"","overlay-type":"","overlay-color":"","overlay-opacity":"","overlay-gradient":""},"tablet":{"background-color":"var(--ast-global-color-5)","background-image":"","background-repeat":"repeat","background-position":"center center","background-size":"auto","background-attachment":"scroll","background-type":"","background-media":"","overlay-type":"","overlay-color":"","overlay-opacity":"","overlay-gradient":""},"mobile":{"background-color":"var(--ast-global-color-5)","background-image":"","background-repeat":"repeat","background-position":"center center","background-size":"auto","background-attachment":"scroll","background-type":"","background-media":"","overlay-type":"","overlay-color":"","overlay-opacity":"","overlay-gradient":""}}},"product_brand":[],"product_cat":[99,51],"product_tag":[37],"class_list":{"0":"post-823","1":"product","2":"type-product","3":"status-publish","4":"has-post-thumbnail","6":"product_cat-audifonos","7":"product_cat-audio","8":"product_tag-audio-y-video","9":"desktop-align-left","10":"tablet-align-left","11":"mobile-align-left","13":"first","14":"instock","15":"taxable","16":"shipping-taxable","17":"product-type-simple"},"yoast_head":"<!-- This site is optimized with the Yoast SEO plugin v27.3 - https:\/\/yoast.com\/product\/yoast-seo-wordpress\/ -->\n<title>Audifonos Beats Powerbeats Pro Wireless Negro - IntegralPro<\/title>\n<meta name=\"description\" content=\"Aud\u00edfonos dise\u00f1ados para atletas de \u00e9lite, estos aud\u00edfonos totalmente inal\u00e1mbricos no tienen cables que te limiten.\" \/>\n<meta name=\"robots\" content=\"index, follow, max-snippet:-1, max-image-preview:large, max-video-preview:-1\" \/>\n<link rel=\"canonical\" href=\"https:\/\/www.integralpro.com.co\/index.php\/producto\/audifonos-beats-powerbeats-pro-wireless-negro\/\" \/>\n<meta property=\"og:locale\" content=\"es_ES\" \/>\n<meta property=\"og:type\" content=\"article\" \/>\n<meta property=\"og:title\" content=\"Audifonos Beats Powerbeats Pro Wireless Negro - IntegralPro\" \/>\n<meta property=\"og:description\" content=\"Aud\u00edfonos dise\u00f1ados para atletas de \u00e9lite, estos aud\u00edfonos totalmente inal\u00e1mbricos no tienen cables que te limiten.\" \/>\n<meta property=\"og:url\" content=\"https:\/\/www.integralpro.com.co\/index.php\/producto\/audifonos-beats-powerbeats-pro-wireless-negro\/\" \/>\n<meta property=\"og:site_name\" content=\"IntegralPro\" \/>\n<meta property=\"article:modified_time\" content=\"2021-02-17T20:15:11+00:00\" \/>\n<meta property=\"og:image\" content=\"https:\/\/www.integralpro.com.co\/wp-content\/uploads\/2021\/02\/Audifonos-Beats-Powerbeats-Pro-Wireless-Negro.jpg\" \/>\n\t<meta property=\"og:image:width\" content=\"1000\" \/>\n\t<meta property=\"og:image:height\" content=\"1000\" \/>\n\t<meta property=\"og:image:type\" content=\"image\/jpeg\" \/>\n<meta name=\"twitter:card\" content=\"summary_large_image\" \/>\n<meta name=\"twitter:label1\" content=\"Tiempo de lectura\" \/>\n\t<meta name=\"twitter:data1\" content=\"2 minutos\" \/>\n<script type=\"application\/ld+json\" class=\"yoast-schema-graph\">{\"@context\":\"https:\\\/\\\/schema.org\",\"@graph\":[{\"@type\":\"WebPage\",\"@id\":\"https:\\\/\\\/www.integralpro.com.co\\\/index.php\\\/producto\\\/audifonos-beats-powerbeats-pro-wireless-negro\\\/\",\"url\":\"https:\\\/\\\/www.integralpro.com.co\\\/index.php\\\/producto\\\/audifonos-beats-powerbeats-pro-wireless-negro\\\/\",\"name\":\"Audifonos Beats Powerbeats Pro Wireless Negro - IntegralPro\",\"isPartOf\":{\"@id\":\"https:\\\/\\\/www.integralpro.com.co\\\/#website\"},\"primaryImageOfPage\":{\"@id\":\"https:\\\/\\\/www.integralpro.com.co\\\/index.php\\\/producto\\\/audifonos-beats-powerbeats-pro-wireless-negro\\\/#primaryimage\"},\"image\":{\"@id\":\"https:\\\/\\\/www.integralpro.com.co\\\/index.php\\\/producto\\\/audifonos-beats-powerbeats-pro-wireless-negro\\\/#primaryimage\"},\"thumbnailUrl\":\"https:\\\/\\\/www.integralpro.com.co\\\/wp-content\\\/uploads\\\/2021\\\/02\\\/Audifonos-Beats-Powerbeats-Pro-Wireless-Negro.jpg\",\"datePublished\":\"2021-02-09T04:08:26+00:00\",\"dateModified\":\"2021-02-17T20:15:11+00:00\",\"description\":\"Aud\u00edfonos dise\u00f1ados para atletas de \u00e9lite, estos aud\u00edfonos totalmente inal\u00e1mbricos no tienen cables que te limiten.\",\"breadcrumb\":{\"@id\":\"https:\\\/\\\/www.integralpro.com.co\\\/index.php\\\/producto\\\/audifonos-beats-powerbeats-pro-wireless-negro\\\/#breadcrumb\"},\"inLanguage\":\"es\",\"potentialAction\":[{\"@type\":\"ReadAction\",\"target\":[\"https:\\\/\\\/www.integralpro.com.co\\\/index.php\\\/producto\\\/audifonos-beats-powerbeats-pro-wireless-negro\\\/\"]}]},{\"@type\":\"ImageObject\",\"inLanguage\":\"es\",\"@id\":\"https:\\\/\\\/www.integralpro.com.co\\\/index.php\\\/producto\\\/audifonos-beats-powerbeats-pro-wireless-negro\\\/#primaryimage\",\"url\":\"https:\\\/\\\/www.integralpro.com.co\\\/wp-content\\\/uploads\\\/2021\\\/02\\\/Audifonos-Beats-Powerbeats-Pro-Wireless-Negro.jpg\",\"contentUrl\":\"https:\\\/\\\/www.integralpro.com.co\\\/wp-content\\\/uploads\\\/2021\\\/02\\\/Audifonos-Beats-Powerbeats-Pro-Wireless-Negro.jpg\",\"width\":1000,\"height\":1000},{\"@type\":\"BreadcrumbList\",\"@id\":\"https:\\\/\\\/www.integralpro.com.co\\\/index.php\\\/producto\\\/audifonos-beats-powerbeats-pro-wireless-negro\\\/#breadcrumb\",\"itemListElement\":[{\"@type\":\"ListItem\",\"position\":1,\"name\":\"Portada\",\"item\":\"https:\\\/\\\/www.integralpro.com.co\\\/\"},{\"@type\":\"ListItem\",\"position\":2,\"name\":\"Tienda\",\"item\":\"https:\\\/\\\/www.integralpro.com.co\\\/index.php\\\/tienda\\\/\"},{\"@type\":\"ListItem\",\"position\":3,\"name\":\"Audifonos Beats Powerbeats Pro Wireless Negro\"}]},{\"@type\":\"WebSite\",\"@id\":\"https:\\\/\\\/www.integralpro.com.co\\\/#website\",\"url\":\"https:\\\/\\\/www.integralpro.com.co\\\/\",\"name\":\"IntegralPro\",\"description\":\"Tienda de Tecnolog\u00eda en L\u00ednea\",\"publisher\":{\"@id\":\"https:\\\/\\\/www.integralpro.com.co\\\/#organization\"},\"potentialAction\":[{\"@type\":\"SearchAction\",\"target\":{\"@type\":\"EntryPoint\",\"urlTemplate\":\"https:\\\/\\\/www.integralpro.com.co\\\/?s={search_term_string}\"},\"query-input\":{\"@type\":\"PropertyValueSpecification\",\"valueRequired\":true,\"valueName\":\"search_term_string\"}}],\"inLanguage\":\"es\"},{\"@type\":\"Organization\",\"@id\":\"https:\\\/\\\/www.integralpro.com.co\\\/#organization\",\"name\":\"IntegralPro SAS\",\"url\":\"https:\\\/\\\/www.integralpro.com.co\\\/\",\"logo\":{\"@type\":\"ImageObject\",\"inLanguage\":\"es\",\"@id\":\"https:\\\/\\\/www.integralpro.com.co\\\/#\\\/schema\\\/logo\\\/image\\\/\",\"url\":\"https:\\\/\\\/www.integralpro.com.co\\\/wp-content\\\/uploads\\\/2021\\\/02\\\/logo-def.jpg\",\"contentUrl\":\"https:\\\/\\\/www.integralpro.com.co\\\/wp-content\\\/uploads\\\/2021\\\/02\\\/logo-def.jpg\",\"width\":238,\"height\":234,\"caption\":\"IntegralPro SAS\"},\"image\":{\"@id\":\"https:\\\/\\\/www.integralpro.com.co\\\/#\\\/schema\\\/logo\\\/image\\\/\"}}]}<\/script>\n<!-- \/ Yoast SEO plugin. -->","yoast_head_json":{"title":"Audifonos Beats Powerbeats Pro Wireless Negro - IntegralPro","description":"Aud\u00edfonos dise\u00f1ados para atletas de \u00e9lite, estos aud\u00edfonos totalmente inal\u00e1mbricos no tienen cables que te limiten.","robots":{"index":"index","follow":"follow","max-snippet":"max-snippet:-1","max-image-preview":"max-image-preview:large","max-video-preview":"max-video-preview:-1"},"canonical":"https:\/\/www.integralpro.com.co\/index.php\/producto\/audifonos-beats-powerbeats-pro-wireless-negro\/","og_locale":"es_ES","og_type":"article","og_title":"Audifonos Beats Powerbeats Pro Wireless Negro - IntegralPro","og_description":"Aud\u00edfonos dise\u00f1ados para atletas de \u00e9lite, estos aud\u00edfonos totalmente inal\u00e1mbricos no tienen cables que te limiten.","og_url":"https:\/\/www.integralpro.com.co\/index.php\/producto\/audifonos-beats-powerbeats-pro-wireless-negro\/","og_site_name":"IntegralPro","article_modified_time":"2021-02-17T20:15:11+00:00","og_image":[{"width":1000,"height":1000,"url":"https:\/\/www.integralpro.com.co\/wp-content\/uploads\/2021\/02\/Audifonos-Beats-Powerbeats-Pro-Wireless-Negro.jpg","type":"image\/jpeg"}],"twitter_card":"summary_large_image","twitter_misc":{"Tiempo de lectura":"2 minutos"},"schema":{"@context":"https:\/\/schema.org","@graph":[{"@type":"WebPage","@id":"https:\/\/www.integralpro.com.co\/index.php\/producto\/audifonos-beats-powerbeats-pro-wireless-negro\/","url":"https:\/\/www.integralpro.com.co\/index.php\/producto\/audifonos-beats-powerbeats-pro-wireless-negro\/","name":"Audifonos Beats Powerbeats Pro Wireless Negro - IntegralPro","isPartOf":{"@id":"https:\/\/www.integralpro.com.co\/#website"},"primaryImageOfPage":{"@id":"https:\/\/www.integralpro.com.co\/index.php\/producto\/audifonos-beats-powerbeats-pro-wireless-negro\/#primaryimage"},"image":{"@id":"https:\/\/www.integralpro.com.co\/index.php\/producto\/audifonos-beats-powerbeats-pro-wireless-negro\/#primaryimage"},"thumbnailUrl":"https:\/\/www.integralpro.com.co\/wp-content\/uploads\/2021\/02\/Audifonos-Beats-Powerbeats-Pro-Wireless-Negro.jpg","datePublished":"2021-02-09T04:08:26+00:00","dateModified":"2021-02-17T20:15:11+00:00","description":"Aud\u00edfonos dise\u00f1ados para atletas de \u00e9lite, estos aud\u00edfonos totalmente inal\u00e1mbricos no tienen cables que te limiten.","breadcrumb":{"@id":"https:\/\/www.integralpro.com.co\/index.php\/producto\/audifonos-beats-powerbeats-pro-wireless-negro\/#breadcrumb"},"inLanguage":"es","potentialAction":[{"@type":"ReadAction","target":["https:\/\/www.integralpro.com.co\/index.php\/producto\/audifonos-beats-powerbeats-pro-wireless-negro\/"]}]},{"@type":"ImageObject","inLanguage":"es","@id":"https:\/\/www.integralpro.com.co\/index.php\/producto\/audifonos-beats-powerbeats-pro-wireless-negro\/#primaryimage","url":"https:\/\/www.integralpro.com.co\/wp-content\/uploads\/2021\/02\/Audifonos-Beats-Powerbeats-Pro-Wireless-Negro.jpg","contentUrl":"https:\/\/www.integralpro.com.co\/wp-content\/uploads\/2021\/02\/Audifonos-Beats-Powerbeats-Pro-Wireless-Negro.jpg","width":1000,"height":1000},{"@type":"BreadcrumbList","@id":"https:\/\/www.integralpro.com.co\/index.php\/producto\/audifonos-beats-powerbeats-pro-wireless-negro\/#breadcrumb","itemListElement":[{"@type":"ListItem","position":1,"name":"Portada","item":"https:\/\/www.integralpro.com.co\/"},{"@type":"ListItem","position":2,"name":"Tienda","item":"https:\/\/www.integralpro.com.co\/index.php\/tienda\/"},{"@type":"ListItem","position":3,"name":"Audifonos Beats Powerbeats Pro Wireless Negro"}]},{"@type":"WebSite","@id":"https:\/\/www.integralpro.com.co\/#website","url":"https:\/\/www.integralpro.com.co\/","name":"IntegralPro","description":"Tienda de Tecnolog\u00eda en L\u00ednea","publisher":{"@id":"https:\/\/www.integralpro.com.co\/#organization"},"potentialAction":[{"@type":"SearchAction","target":{"@type":"EntryPoint","urlTemplate":"https:\/\/www.integralpro.com.co\/?s={search_term_string}"},"query-input":{"@type":"PropertyValueSpecification","valueRequired":true,"valueName":"search_term_string"}}],"inLanguage":"es"},{"@type":"Organization","@id":"https:\/\/www.integralpro.com.co\/#organization","name":"IntegralPro SAS","url":"https:\/\/www.integralpro.com.co\/","logo":{"@type":"ImageObject","inLanguage":"es","@id":"https:\/\/www.integralpro.com.co\/#\/schema\/logo\/image\/","url":"https:\/\/www.integralpro.com.co\/wp-content\/uploads\/2021\/02\/logo-def.jpg","contentUrl":"https:\/\/www.integralpro.com.co\/wp-content\/uploads\/2021\/02\/logo-def.jpg","width":238,"height":234,"caption":"IntegralPro SAS"},"image":{"@id":"https:\/\/www.integralpro.com.co\/#\/schema\/logo\/image\/"}}]}},"_links":{"self":[{"href":"https:\/\/www.integralpro.com.co\/index.php\/wp-json\/wp\/v2\/product\/823","targetHints":{"allow":["GET"]}}],"collection":[{"href":"https:\/\/www.integralpro.com.co\/index.php\/wp-json\/wp\/v2\/product"}],"about":[{"href":"https:\/\/www.integralpro.com.co\/index.php\/wp-json\/wp\/v2\/types\/product"}],"version-history":[{"count":3,"href":"https:\/\/www.integralpro.com.co\/index.php\/wp-json\/wp\/v2\/product\/823\/revisions"}],"predecessor-version":[{"id":1161,"href":"https:\/\/www.integralpro.com.co\/index.php\/wp-json\/wp\/v2\/product\/823\/revisions\/1161"}],"wp:featuredmedia":[{"embeddable":true,"href":"https:\/\/www.integralpro.com.co\/index.php\/wp-json\/wp\/v2\/media\/753"}],"wp:attachment":[{"href":"https:\/\/www.integralpro.com.co\/index.php\/wp-json\/wp\/v2\/media?parent=823"}],"wp:term":[{"taxonomy":"product_brand","embeddable":true,"href":"https:\/\/www.integralpro.com.co\/index.php\/wp-json\/wp\/v2\/product_brand?post=823"},{"taxonomy":"product_cat","embeddable":true,"href":"https:\/\/www.integralpro.com.co\/index.php\/wp-json\/wp\/v2\/product_cat?post=823"},{"taxonomy":"product_tag","embeddable":true,"href":"https:\/\/www.integralpro.com.co\/index.php\/wp-json\/wp\/v2\/product_tag?post=823"}],"curies":[{"name":"wp","href":"https:\/\/api.w.org\/{rel}","templated":true}]}}