{"id":3882,"date":"2022-11-04T17:05:11","date_gmt":"2022-11-04T22:05:11","guid":{"rendered":"https:\/\/www.integralpro.com.co\/?post_type=product&#038;p=3882"},"modified":"2022-11-04T17:26:18","modified_gmt":"2022-11-04T22:26:18","slug":"tablet-samsung-8-7-pulgadas-a7-lite-32gb-wifi","status":"publish","type":"product","link":"https:\/\/www.integralpro.com.co\/index.php\/producto\/tablet-samsung-8-7-pulgadas-a7-lite-32gb-wifi\/","title":{"rendered":"Tablet SAMSUNG 8.7&#8243; Pulgadas A7 Lite 32GB WIFI"},"content":{"rendered":"<p>La\u00a0 tablet Galaxy Tab A7 Lite te ofrece estilo y comodidad, ambas caracter\u00edsticas en un formato delgado. Esta tableta superport\u00e1til, que mide 8 mm y pesa 366 g, cabe f\u00e1cilmente en tu bolso y no te molesta con su peso. Disfruta de pel\u00edculas y juegos en una amplia pantalla de 8,7 pulgadas. Los biseles reducidos ofrecen una mayor relaci\u00f3n pantalla-cuerpo sin aumentar el tama\u00f1o de la tableta. Adem\u00e1s, el factor de forma c\u00f3modamente compacto ayuda a que no se te cansen las manos, incluso cuando llevas horas jugando.<\/p>\n<h3 class=\"hidden-sm hidden-xs tab-details__title\">Caracter\u00edsticas destacadas<\/h3>\n<ul class=\"tab-details__keyFeatures--list\">\n<li style=\"list-style-type: none\">\n<ul class=\"tab-details__keyFeatures--list\">\n<li class=\"tab-details__keyFeatures--item\">Men\u00fa basado en gestos, pone comodidad al alcance de tu mano<\/li>\n<li class=\"tab-details__keyFeatures--item\">Altavoces dobles en orientaci\u00f3n horizontal<\/li>\n<li class=\"tab-details__keyFeatures--item\">Almacenamiento expandible hasta 1 TB con MicroSD<\/li>\n<li class=\"tab-details__keyFeatures--item\">Samsung Knox ofrece seguridad de alto nivel<\/li>\n<li>Resolucion Pantalla FHD (1920 x 1080)@30fps<br \/>\nTama\u00f1o Pantalla 8.7 Pulgadas<\/li>\n<li>Tipos de Puertos Entradas y Salidas Entrada Tarjeta Micro SD<\/li>\n<li>Puerto USB Tipo C<\/li>\n<li>Salida de Aud\u00edfonos<\/li>\n<li>Salida de Parlantes<\/li>\n<li>Memoria Interna 32 GB<\/li>\n<li>Marca del Procesador Mediatek<\/li>\n<li>Memoria RAM 3 GB<\/li>\n<li>Sistema Operativo Android<\/li>\n<li>Version Sistema Operativo 11<\/li>\n<li>Nucleos del Procesador 8 Nucleos<\/li>\n<li>Velocidad del Procesador 2.3 GHz, 1.8 GHz<\/li>\n<li>Resolucion Camara Frontal 2 Mpx<\/li>\n<li>Resolucion Camara Posterior 8 Mpx<\/li>\n<li>Duracion de la Bateria 10 Horas Aproximadas<\/li>\n<li>Opciones de Conectividad Bluetooth<\/li>\n<li>WiFi<\/li>\n<li>Garantia del Fabricante 12 Meses<\/li>\n<\/ul>\n<\/li>\n<\/ul>\n","protected":false},"excerpt":{"rendered":"<p># DE PARTE: SM-T220NZAACOO<\/p>\n","protected":false},"featured_media":3883,"template":"","meta":{"site-sidebar-layout":"default","site-content-layout":"default","ast-site-content-layout":"default","site-content-style":"default","site-sidebar-style":"default","ast-global-header-display":"","ast-banner-title-visibility":"","ast-main-header-display":"","ast-hfb-above-header-display":"","ast-hfb-below-header-display":"","ast-hfb-mobile-header-display":"","site-post-title":"","ast-breadcrumbs-content":"","ast-featured-img":"","footer-sml-layout":"","ast-disable-related-posts":"","theme-transparent-header-meta":"default","adv-header-id-meta":"","stick-header-meta":"","header-above-stick-meta":"","header-main-stick-meta":"","header-below-stick-meta":"","astra-migrate-meta-layouts":"default","ast-page-background-enabled":"default","ast-page-background-meta":{"desktop":{"background-color":"var(--ast-global-color-4)","background-image":"","background-repeat":"repeat","background-position":"center center","background-size":"auto","background-attachment":"scroll","background-type":"","background-media":"","overlay-type":"","overlay-color":"","overlay-opacity":"","overlay-gradient":""},"tablet":{"background-color":"","background-image":"","background-repeat":"repeat","background-position":"center center","background-size":"auto","background-attachment":"scroll","background-type":"","background-media":"","overlay-type":"","overlay-color":"","overlay-opacity":"","overlay-gradient":""},"mobile":{"background-color":"","background-image":"","background-repeat":"repeat","background-position":"center center","background-size":"auto","background-attachment":"scroll","background-type":"","background-media":"","overlay-type":"","overlay-color":"","overlay-opacity":"","overlay-gradient":""}},"ast-content-background-meta":{"desktop":{"background-color":"var(--ast-global-color-5)","background-image":"","background-repeat":"repeat","background-position":"center center","background-size":"auto","background-attachment":"scroll","background-type":"","background-media":"","overlay-type":"","overlay-color":"","overlay-opacity":"","overlay-gradient":""},"tablet":{"background-color":"var(--ast-global-color-5)","background-image":"","background-repeat":"repeat","background-position":"center center","background-size":"auto","background-attachment":"scroll","background-type":"","background-media":"","overlay-type":"","overlay-color":"","overlay-opacity":"","overlay-gradient":""},"mobile":{"background-color":"var(--ast-global-color-5)","background-image":"","background-repeat":"repeat","background-position":"center center","background-size":"auto","background-attachment":"scroll","background-type":"","background-media":"","overlay-type":"","overlay-color":"","overlay-opacity":"","overlay-gradient":""}}},"product_brand":[],"product_cat":[53,60,147,115],"product_tag":[504,501,502,506,503,44,500,505],"class_list":{"0":"post-3882","1":"product","2":"type-product","3":"status-publish","4":"has-post-thumbnail","6":"product_cat-celulares-y-tablets","7":"product_cat-portatiles","8":"product_cat-tablet","9":"product_cat-tablets","10":"product_tag-32gb","11":"product_tag-8-7-pulgadas","12":"product_tag-a7","13":"product_tag-a7-lite","14":"product_tag-lite","15":"product_tag-samsung","16":"product_tag-tablet","17":"product_tag-wifi","18":"desktop-align-left","19":"tablet-align-left","20":"mobile-align-left","22":"first","23":"instock","24":"featured","25":"taxable","26":"shipping-taxable","27":"product-type-simple"},"yoast_head":"<!-- This site is optimized with the Yoast SEO plugin v27.4 - https:\/\/yoast.com\/product\/yoast-seo-wordpress\/ -->\n<title>Tablet SAMSUNG 8.7&quot; Pulgadas A7 Lite 32GB WIFI - IntegralPro<\/title>\n<meta name=\"description\" content=\"Tablet SAMSUNG 8.7&quot; Pulgadas A7 Lite 32GB WIFI tablet-samsung-8-7-pulgadas-a7-lite-32gb-wifi\" \/>\n<meta name=\"robots\" content=\"index, follow, max-snippet:-1, max-image-preview:large, max-video-preview:-1\" \/>\n<link rel=\"canonical\" href=\"https:\/\/www.integralpro.com.co\/index.php\/producto\/tablet-samsung-8-7-pulgadas-a7-lite-32gb-wifi\/\" \/>\n<meta property=\"og:locale\" content=\"es_ES\" \/>\n<meta property=\"og:type\" content=\"article\" \/>\n<meta property=\"og:title\" content=\"Tablet SAMSUNG 8.7&quot; Pulgadas A7 Lite 32GB WIFI - IntegralPro\" \/>\n<meta property=\"og:description\" content=\"Tablet SAMSUNG 8.7&quot; Pulgadas A7 Lite 32GB WIFI tablet-samsung-8-7-pulgadas-a7-lite-32gb-wifi\" \/>\n<meta property=\"og:url\" content=\"https:\/\/www.integralpro.com.co\/index.php\/producto\/tablet-samsung-8-7-pulgadas-a7-lite-32gb-wifi\/\" \/>\n<meta property=\"og:site_name\" content=\"IntegralPro\" \/>\n<meta property=\"article:modified_time\" content=\"2022-11-04T22:26:18+00:00\" \/>\n<meta property=\"og:image\" content=\"https:\/\/www.integralpro.com.co\/wp-content\/uploads\/2022\/11\/tablet-samsung.jpg\" \/>\n\t<meta property=\"og:image:width\" content=\"300\" \/>\n\t<meta property=\"og:image:height\" content=\"500\" \/>\n\t<meta property=\"og:image:type\" content=\"image\/jpeg\" \/>\n<meta name=\"twitter:card\" content=\"summary_large_image\" \/>\n<meta name=\"twitter:label1\" content=\"Tiempo de lectura\" \/>\n\t<meta name=\"twitter:data1\" content=\"1 minuto\" \/>\n<script type=\"application\/ld+json\" class=\"yoast-schema-graph\">{\"@context\":\"https:\\\/\\\/schema.org\",\"@graph\":[{\"@type\":\"WebPage\",\"@id\":\"https:\\\/\\\/www.integralpro.com.co\\\/index.php\\\/producto\\\/tablet-samsung-8-7-pulgadas-a7-lite-32gb-wifi\\\/\",\"url\":\"https:\\\/\\\/www.integralpro.com.co\\\/index.php\\\/producto\\\/tablet-samsung-8-7-pulgadas-a7-lite-32gb-wifi\\\/\",\"name\":\"Tablet SAMSUNG 8.7\\\" Pulgadas A7 Lite 32GB WIFI - IntegralPro\",\"isPartOf\":{\"@id\":\"https:\\\/\\\/www.integralpro.com.co\\\/#website\"},\"primaryImageOfPage\":{\"@id\":\"https:\\\/\\\/www.integralpro.com.co\\\/index.php\\\/producto\\\/tablet-samsung-8-7-pulgadas-a7-lite-32gb-wifi\\\/#primaryimage\"},\"image\":{\"@id\":\"https:\\\/\\\/www.integralpro.com.co\\\/index.php\\\/producto\\\/tablet-samsung-8-7-pulgadas-a7-lite-32gb-wifi\\\/#primaryimage\"},\"thumbnailUrl\":\"https:\\\/\\\/www.integralpro.com.co\\\/wp-content\\\/uploads\\\/2022\\\/11\\\/tablet-samsung.jpg\",\"datePublished\":\"2022-11-04T22:05:11+00:00\",\"dateModified\":\"2022-11-04T22:26:18+00:00\",\"description\":\"Tablet SAMSUNG 8.7\\\" Pulgadas A7 Lite 32GB WIFI tablet-samsung-8-7-pulgadas-a7-lite-32gb-wifi\",\"breadcrumb\":{\"@id\":\"https:\\\/\\\/www.integralpro.com.co\\\/index.php\\\/producto\\\/tablet-samsung-8-7-pulgadas-a7-lite-32gb-wifi\\\/#breadcrumb\"},\"inLanguage\":\"es\",\"potentialAction\":[{\"@type\":\"ReadAction\",\"target\":[\"https:\\\/\\\/www.integralpro.com.co\\\/index.php\\\/producto\\\/tablet-samsung-8-7-pulgadas-a7-lite-32gb-wifi\\\/\"]}]},{\"@type\":\"ImageObject\",\"inLanguage\":\"es\",\"@id\":\"https:\\\/\\\/www.integralpro.com.co\\\/index.php\\\/producto\\\/tablet-samsung-8-7-pulgadas-a7-lite-32gb-wifi\\\/#primaryimage\",\"url\":\"https:\\\/\\\/www.integralpro.com.co\\\/wp-content\\\/uploads\\\/2022\\\/11\\\/tablet-samsung.jpg\",\"contentUrl\":\"https:\\\/\\\/www.integralpro.com.co\\\/wp-content\\\/uploads\\\/2022\\\/11\\\/tablet-samsung.jpg\",\"width\":300,\"height\":500},{\"@type\":\"BreadcrumbList\",\"@id\":\"https:\\\/\\\/www.integralpro.com.co\\\/index.php\\\/producto\\\/tablet-samsung-8-7-pulgadas-a7-lite-32gb-wifi\\\/#breadcrumb\",\"itemListElement\":[{\"@type\":\"ListItem\",\"position\":1,\"name\":\"Portada\",\"item\":\"https:\\\/\\\/www.integralpro.com.co\\\/\"},{\"@type\":\"ListItem\",\"position\":2,\"name\":\"Tienda\",\"item\":\"https:\\\/\\\/www.integralpro.com.co\\\/index.php\\\/tienda\\\/\"},{\"@type\":\"ListItem\",\"position\":3,\"name\":\"Tablet SAMSUNG 8.7&#8243; Pulgadas A7 Lite 32GB WIFI\"}]},{\"@type\":\"WebSite\",\"@id\":\"https:\\\/\\\/www.integralpro.com.co\\\/#website\",\"url\":\"https:\\\/\\\/www.integralpro.com.co\\\/\",\"name\":\"IntegralPro\",\"description\":\"Tienda de Tecnolog\u00eda en L\u00ednea\",\"publisher\":{\"@id\":\"https:\\\/\\\/www.integralpro.com.co\\\/#organization\"},\"potentialAction\":[{\"@type\":\"SearchAction\",\"target\":{\"@type\":\"EntryPoint\",\"urlTemplate\":\"https:\\\/\\\/www.integralpro.com.co\\\/?s={search_term_string}\"},\"query-input\":{\"@type\":\"PropertyValueSpecification\",\"valueRequired\":true,\"valueName\":\"search_term_string\"}}],\"inLanguage\":\"es\"},{\"@type\":\"Organization\",\"@id\":\"https:\\\/\\\/www.integralpro.com.co\\\/#organization\",\"name\":\"IntegralPro SAS\",\"url\":\"https:\\\/\\\/www.integralpro.com.co\\\/\",\"logo\":{\"@type\":\"ImageObject\",\"inLanguage\":\"es\",\"@id\":\"https:\\\/\\\/www.integralpro.com.co\\\/#\\\/schema\\\/logo\\\/image\\\/\",\"url\":\"https:\\\/\\\/www.integralpro.com.co\\\/wp-content\\\/uploads\\\/2021\\\/02\\\/logo-def.jpg\",\"contentUrl\":\"https:\\\/\\\/www.integralpro.com.co\\\/wp-content\\\/uploads\\\/2021\\\/02\\\/logo-def.jpg\",\"width\":238,\"height\":234,\"caption\":\"IntegralPro SAS\"},\"image\":{\"@id\":\"https:\\\/\\\/www.integralpro.com.co\\\/#\\\/schema\\\/logo\\\/image\\\/\"}}]}<\/script>\n<!-- \/ Yoast SEO plugin. -->","yoast_head_json":{"title":"Tablet SAMSUNG 8.7\" Pulgadas A7 Lite 32GB WIFI - IntegralPro","description":"Tablet SAMSUNG 8.7\" Pulgadas A7 Lite 32GB WIFI tablet-samsung-8-7-pulgadas-a7-lite-32gb-wifi","robots":{"index":"index","follow":"follow","max-snippet":"max-snippet:-1","max-image-preview":"max-image-preview:large","max-video-preview":"max-video-preview:-1"},"canonical":"https:\/\/www.integralpro.com.co\/index.php\/producto\/tablet-samsung-8-7-pulgadas-a7-lite-32gb-wifi\/","og_locale":"es_ES","og_type":"article","og_title":"Tablet SAMSUNG 8.7\" Pulgadas A7 Lite 32GB WIFI - IntegralPro","og_description":"Tablet SAMSUNG 8.7\" Pulgadas A7 Lite 32GB WIFI tablet-samsung-8-7-pulgadas-a7-lite-32gb-wifi","og_url":"https:\/\/www.integralpro.com.co\/index.php\/producto\/tablet-samsung-8-7-pulgadas-a7-lite-32gb-wifi\/","og_site_name":"IntegralPro","article_modified_time":"2022-11-04T22:26:18+00:00","og_image":[{"width":300,"height":500,"url":"https:\/\/www.integralpro.com.co\/wp-content\/uploads\/2022\/11\/tablet-samsung.jpg","type":"image\/jpeg"}],"twitter_card":"summary_large_image","twitter_misc":{"Tiempo de lectura":"1 minuto"},"schema":{"@context":"https:\/\/schema.org","@graph":[{"@type":"WebPage","@id":"https:\/\/www.integralpro.com.co\/index.php\/producto\/tablet-samsung-8-7-pulgadas-a7-lite-32gb-wifi\/","url":"https:\/\/www.integralpro.com.co\/index.php\/producto\/tablet-samsung-8-7-pulgadas-a7-lite-32gb-wifi\/","name":"Tablet SAMSUNG 8.7\" Pulgadas A7 Lite 32GB WIFI - IntegralPro","isPartOf":{"@id":"https:\/\/www.integralpro.com.co\/#website"},"primaryImageOfPage":{"@id":"https:\/\/www.integralpro.com.co\/index.php\/producto\/tablet-samsung-8-7-pulgadas-a7-lite-32gb-wifi\/#primaryimage"},"image":{"@id":"https:\/\/www.integralpro.com.co\/index.php\/producto\/tablet-samsung-8-7-pulgadas-a7-lite-32gb-wifi\/#primaryimage"},"thumbnailUrl":"https:\/\/www.integralpro.com.co\/wp-content\/uploads\/2022\/11\/tablet-samsung.jpg","datePublished":"2022-11-04T22:05:11+00:00","dateModified":"2022-11-04T22:26:18+00:00","description":"Tablet SAMSUNG 8.7\" Pulgadas A7 Lite 32GB WIFI tablet-samsung-8-7-pulgadas-a7-lite-32gb-wifi","breadcrumb":{"@id":"https:\/\/www.integralpro.com.co\/index.php\/producto\/tablet-samsung-8-7-pulgadas-a7-lite-32gb-wifi\/#breadcrumb"},"inLanguage":"es","potentialAction":[{"@type":"ReadAction","target":["https:\/\/www.integralpro.com.co\/index.php\/producto\/tablet-samsung-8-7-pulgadas-a7-lite-32gb-wifi\/"]}]},{"@type":"ImageObject","inLanguage":"es","@id":"https:\/\/www.integralpro.com.co\/index.php\/producto\/tablet-samsung-8-7-pulgadas-a7-lite-32gb-wifi\/#primaryimage","url":"https:\/\/www.integralpro.com.co\/wp-content\/uploads\/2022\/11\/tablet-samsung.jpg","contentUrl":"https:\/\/www.integralpro.com.co\/wp-content\/uploads\/2022\/11\/tablet-samsung.jpg","width":300,"height":500},{"@type":"BreadcrumbList","@id":"https:\/\/www.integralpro.com.co\/index.php\/producto\/tablet-samsung-8-7-pulgadas-a7-lite-32gb-wifi\/#breadcrumb","itemListElement":[{"@type":"ListItem","position":1,"name":"Portada","item":"https:\/\/www.integralpro.com.co\/"},{"@type":"ListItem","position":2,"name":"Tienda","item":"https:\/\/www.integralpro.com.co\/index.php\/tienda\/"},{"@type":"ListItem","position":3,"name":"Tablet SAMSUNG 8.7&#8243; Pulgadas A7 Lite 32GB WIFI"}]},{"@type":"WebSite","@id":"https:\/\/www.integralpro.com.co\/#website","url":"https:\/\/www.integralpro.com.co\/","name":"IntegralPro","description":"Tienda de Tecnolog\u00eda en L\u00ednea","publisher":{"@id":"https:\/\/www.integralpro.com.co\/#organization"},"potentialAction":[{"@type":"SearchAction","target":{"@type":"EntryPoint","urlTemplate":"https:\/\/www.integralpro.com.co\/?s={search_term_string}"},"query-input":{"@type":"PropertyValueSpecification","valueRequired":true,"valueName":"search_term_string"}}],"inLanguage":"es"},{"@type":"Organization","@id":"https:\/\/www.integralpro.com.co\/#organization","name":"IntegralPro SAS","url":"https:\/\/www.integralpro.com.co\/","logo":{"@type":"ImageObject","inLanguage":"es","@id":"https:\/\/www.integralpro.com.co\/#\/schema\/logo\/image\/","url":"https:\/\/www.integralpro.com.co\/wp-content\/uploads\/2021\/02\/logo-def.jpg","contentUrl":"https:\/\/www.integralpro.com.co\/wp-content\/uploads\/2021\/02\/logo-def.jpg","width":238,"height":234,"caption":"IntegralPro SAS"},"image":{"@id":"https:\/\/www.integralpro.com.co\/#\/schema\/logo\/image\/"}}]}},"_links":{"self":[{"href":"https:\/\/www.integralpro.com.co\/index.php\/wp-json\/wp\/v2\/product\/3882","targetHints":{"allow":["GET"]}}],"collection":[{"href":"https:\/\/www.integralpro.com.co\/index.php\/wp-json\/wp\/v2\/product"}],"about":[{"href":"https:\/\/www.integralpro.com.co\/index.php\/wp-json\/wp\/v2\/types\/product"}],"version-history":[{"count":1,"href":"https:\/\/www.integralpro.com.co\/index.php\/wp-json\/wp\/v2\/product\/3882\/revisions"}],"predecessor-version":[{"id":3886,"href":"https:\/\/www.integralpro.com.co\/index.php\/wp-json\/wp\/v2\/product\/3882\/revisions\/3886"}],"wp:featuredmedia":[{"embeddable":true,"href":"https:\/\/www.integralpro.com.co\/index.php\/wp-json\/wp\/v2\/media\/3883"}],"wp:attachment":[{"href":"https:\/\/www.integralpro.com.co\/index.php\/wp-json\/wp\/v2\/media?parent=3882"}],"wp:term":[{"taxonomy":"product_brand","embeddable":true,"href":"https:\/\/www.integralpro.com.co\/index.php\/wp-json\/wp\/v2\/product_brand?post=3882"},{"taxonomy":"product_cat","embeddable":true,"href":"https:\/\/www.integralpro.com.co\/index.php\/wp-json\/wp\/v2\/product_cat?post=3882"},{"taxonomy":"product_tag","embeddable":true,"href":"https:\/\/www.integralpro.com.co\/index.php\/wp-json\/wp\/v2\/product_tag?post=3882"}],"curies":[{"name":"wp","href":"https:\/\/api.w.org\/{rel}","templated":true}]}}