{"id":3376,"date":"2021-02-19T15:05:13","date_gmt":"2021-02-19T20:05:13","guid":{"rendered":"https:\/\/www.integralpro.com.co\/index.php\/producto\/import-placeholder-for-1594\/"},"modified":"2022-11-04T17:26:07","modified_gmt":"2022-11-04T22:26:07","slug":"smart-watch-oraimo-tempo-s-bluetooth","status":"publish","type":"product","link":"https:\/\/www.integralpro.com.co\/index.php\/producto\/smart-watch-oraimo-tempo-s-bluetooth\/","title":{"rendered":"Smart Watch Oraimo Tempo S Bluetooth Negro"},"content":{"rendered":"<h3 class=\"fb-cpy-bold\">Pantalla t\u00e1ctil de 1.3&#8243;<\/h3>\n<p class=\"fb-cpy-small\">El modelo Tempo S posee colores claros y brillantes en su pantalla HD de 1.3&#8243;. Controla tu smartwatch con la punta de tus dedos<\/p>\n<h3 class=\"fb-cpy-bold\">Levanta tu mu\u00f1eca y revisa tus notificaciones<\/h3>\n<p class=\"fb-cpy-small\">Accede a la pantalla con solo levantar tu mu\u00f1eca, revisa quien llama, escribe o revisa las notificaciones de tus apps favoritas<\/p>\n<h3 class=\"fb-cpy-bold\">Monitoreo de tu ritmo card\u00edaco 24\/7<\/h3>\n<p class=\"fb-cpy-small\">Gracias a su innovador sensor, tu ritmo cardiaco puede ser monitoreado d\u00eda y noche, obteniendo as\u00ed un registro constante que te ayudar\u00e1 a mantenerte saludable<\/p>\n<h3 class=\"fb-cpy-bold\">Carga f\u00e1cil a trav\u00e9s de puerto USB<\/h3>\n<p class=\"fb-cpy-small\">\u00a1Adi\u00f3s a los cables de carga! Retira la correa de tu smartwatch y ocupa cualquier puerto USB para recargarlo<\/p>\n<h3 class=\"fb-cpy-bold\">El aliado perfecto para tu actividad f\u00edsica<\/h3>\n<p class=\"fb-cpy-small\">Verifica la distancia recorrida, calor\u00edas y duraci\u00f3n en tiempo real con 6 modos de entrenamiento diferentes<\/p>\n<h3 class=\"fb-cpy-bold\">Duerme mucho mejor<\/h3>\n<p class=\"fb-cpy-small\">Registra tus horas de descanso profundo y ligero junto a tu rutina de sue\u00f1o diario para ayudarte a entender la calidad de tu reposo<\/p>\n<h3 class=\"fb-cpy-bold\">Tecnolog\u00eda IP67<\/h3>\n<p class=\"fb-cpy-small\">\u00a1Smartwatch resistente al polvo, salpicaduras y agua! *Pruebas hechas en un ambiente controlado.<\/p>\n<h3 class=\"fb-cpy-bold\">Bater\u00eda de larga duraci\u00f3n<\/h3>\n<p class=\"fb-cpy-small\">Smartwatch equipado con la tecnolog\u00eda avanzada de Oraimo de ahorro energ\u00e9tico. Una sola carga entrega hasta 20 d\u00edas de uso<\/p>\n<div class=\"jsx-734470688 specifications-title\"><strong>Caracter\u00edsticas destacadas<\/strong><\/div>\n<div class=\"jsx-734470688 specifications-list\">\n<ul class=\"jsx-734470688\">\n<li class=\"jsx-734470688\"><strong class=\"jsx-734470688\">Tipo<\/strong>:\u00a0Smartwatch<\/li>\n<li class=\"jsx-734470688\"><strong class=\"jsx-734470688\">G\u00e9nero<\/strong>:\u00a0Unisex<\/li>\n<li class=\"jsx-734470688\"><strong class=\"jsx-734470688\">Tama\u00f1o de la pantalla<\/strong>:\u00a01.3 pulgadas<\/li>\n<li class=\"jsx-734470688\"><strong class=\"jsx-734470688\">Ajuste del brillo<\/strong>:\u00a0S\u00ed<\/li>\n<li class=\"jsx-734470688\"><strong class=\"jsx-734470688\">Alarma<\/strong>:\u00a0S\u00ed<\/li>\n<li class=\"jsx-734470688\"><strong>Bluetooth<\/strong> 4.2<\/li>\n<li class=\"jsx-734470688\"><strong>Capacidad bater\u00eda<\/strong> de 200mAh<\/li>\n<li class=\"jsx-734470688\"><strong>Aplicaci\u00f3n disponible para registro de actividad<\/strong>: Joywear2<\/li>\n<li class=\"jsx-734470688\"><strong>Bater\u00eda<\/strong> de pol\u00edmero de litio<\/li>\n<li class=\"jsx-734470688\"><strong>Medidas smartwatch:<\/strong> 42*20*9.5 mm<\/li>\n<\/ul>\n<\/div>\n","protected":false},"excerpt":{"rendered":"<p># DE PARTE: OSW-11-BLACK<\/p>\n","protected":false},"featured_media":3812,"template":"","meta":{"site-sidebar-layout":"default","site-content-layout":"default","ast-site-content-layout":"default","site-content-style":"default","site-sidebar-style":"default","ast-global-header-display":"","ast-banner-title-visibility":"","ast-main-header-display":"","ast-hfb-above-header-display":"","ast-hfb-below-header-display":"","ast-hfb-mobile-header-display":"","site-post-title":"","ast-breadcrumbs-content":"","ast-featured-img":"","footer-sml-layout":"","ast-disable-related-posts":"","theme-transparent-header-meta":"default","adv-header-id-meta":"","stick-header-meta":"","header-above-stick-meta":"","header-main-stick-meta":"","header-below-stick-meta":"","astra-migrate-meta-layouts":"default","ast-page-background-enabled":"default","ast-page-background-meta":{"desktop":{"background-color":"var(--ast-global-color-4)","background-image":"","background-repeat":"repeat","background-position":"center center","background-size":"auto","background-attachment":"scroll","background-type":"","background-media":"","overlay-type":"","overlay-color":"","overlay-opacity":"","overlay-gradient":""},"tablet":{"background-color":"","background-image":"","background-repeat":"repeat","background-position":"center center","background-size":"auto","background-attachment":"scroll","background-type":"","background-media":"","overlay-type":"","overlay-color":"","overlay-opacity":"","overlay-gradient":""},"mobile":{"background-color":"","background-image":"","background-repeat":"repeat","background-position":"center center","background-size":"auto","background-attachment":"scroll","background-type":"","background-media":"","overlay-type":"","overlay-color":"","overlay-opacity":"","overlay-gradient":""}},"ast-content-background-meta":{"desktop":{"background-color":"var(--ast-global-color-5)","background-image":"","background-repeat":"repeat","background-position":"center center","background-size":"auto","background-attachment":"scroll","background-type":"","background-media":"","overlay-type":"","overlay-color":"","overlay-opacity":"","overlay-gradient":""},"tablet":{"background-color":"var(--ast-global-color-5)","background-image":"","background-repeat":"repeat","background-position":"center center","background-size":"auto","background-attachment":"scroll","background-type":"","background-media":"","overlay-type":"","overlay-color":"","overlay-opacity":"","overlay-gradient":""},"mobile":{"background-color":"var(--ast-global-color-5)","background-image":"","background-repeat":"repeat","background-position":"center center","background-size":"auto","background-attachment":"scroll","background-type":"","background-media":"","overlay-type":"","overlay-color":"","overlay-opacity":"","overlay-gradient":""}}},"product_brand":[],"product_cat":[114],"product_tag":[496,493,495,492,494],"class_list":{"0":"post-3376","1":"product","2":"type-product","3":"status-publish","4":"has-post-thumbnail","6":"product_cat-smartwatch","7":"product_tag-bluetooth","8":"product_tag-oraimo","9":"product_tag-s","10":"product_tag-smartwatch","11":"product_tag-tempo","12":"desktop-align-left","13":"tablet-align-left","14":"mobile-align-left","16":"first","17":"instock","18":"taxable","19":"shipping-taxable","20":"product-type-simple"},"yoast_head":"<!-- This site is optimized with the Yoast SEO plugin v27.3 - https:\/\/yoast.com\/product\/yoast-seo-wordpress\/ -->\n<title>Smart Watch Oraimo Tempo S Bluetooth Negro - IntegralPro<\/title>\n<meta name=\"robots\" content=\"index, follow, max-snippet:-1, max-image-preview:large, max-video-preview:-1\" \/>\n<link rel=\"canonical\" href=\"https:\/\/www.integralpro.com.co\/index.php\/producto\/smart-watch-oraimo-tempo-s-bluetooth\/\" \/>\n<meta property=\"og:locale\" content=\"es_ES\" \/>\n<meta property=\"og:type\" content=\"article\" \/>\n<meta property=\"og:title\" content=\"Smart Watch Oraimo Tempo S Bluetooth Negro - IntegralPro\" \/>\n<meta property=\"og:description\" content=\"# DE PARTE: OSW-11-BLACK\" \/>\n<meta property=\"og:url\" content=\"https:\/\/www.integralpro.com.co\/index.php\/producto\/smart-watch-oraimo-tempo-s-bluetooth\/\" \/>\n<meta property=\"og:site_name\" content=\"IntegralPro\" \/>\n<meta property=\"article:modified_time\" content=\"2022-11-04T22:26:07+00:00\" \/>\n<meta property=\"og:image\" content=\"https:\/\/www.integralpro.com.co\/wp-content\/uploads\/2021\/02\/ORAIMO.jpg\" \/>\n\t<meta property=\"og:image:width\" content=\"2560\" \/>\n\t<meta property=\"og:image:height\" content=\"2421\" \/>\n\t<meta property=\"og:image:type\" content=\"image\/jpeg\" \/>\n<meta name=\"twitter:card\" content=\"summary_large_image\" \/>\n<meta name=\"twitter:label1\" content=\"Tiempo de lectura\" \/>\n\t<meta name=\"twitter:data1\" content=\"2 minutos\" \/>\n<script type=\"application\/ld+json\" class=\"yoast-schema-graph\">{\"@context\":\"https:\\\/\\\/schema.org\",\"@graph\":[{\"@type\":\"WebPage\",\"@id\":\"https:\\\/\\\/www.integralpro.com.co\\\/index.php\\\/producto\\\/smart-watch-oraimo-tempo-s-bluetooth\\\/\",\"url\":\"https:\\\/\\\/www.integralpro.com.co\\\/index.php\\\/producto\\\/smart-watch-oraimo-tempo-s-bluetooth\\\/\",\"name\":\"Smart Watch Oraimo Tempo S Bluetooth Negro - IntegralPro\",\"isPartOf\":{\"@id\":\"https:\\\/\\\/www.integralpro.com.co\\\/#website\"},\"primaryImageOfPage\":{\"@id\":\"https:\\\/\\\/www.integralpro.com.co\\\/index.php\\\/producto\\\/smart-watch-oraimo-tempo-s-bluetooth\\\/#primaryimage\"},\"image\":{\"@id\":\"https:\\\/\\\/www.integralpro.com.co\\\/index.php\\\/producto\\\/smart-watch-oraimo-tempo-s-bluetooth\\\/#primaryimage\"},\"thumbnailUrl\":\"https:\\\/\\\/www.integralpro.com.co\\\/wp-content\\\/uploads\\\/2021\\\/02\\\/ORAIMO.jpg\",\"datePublished\":\"2021-02-19T20:05:13+00:00\",\"dateModified\":\"2022-11-04T22:26:07+00:00\",\"breadcrumb\":{\"@id\":\"https:\\\/\\\/www.integralpro.com.co\\\/index.php\\\/producto\\\/smart-watch-oraimo-tempo-s-bluetooth\\\/#breadcrumb\"},\"inLanguage\":\"es\",\"potentialAction\":[{\"@type\":\"ReadAction\",\"target\":[\"https:\\\/\\\/www.integralpro.com.co\\\/index.php\\\/producto\\\/smart-watch-oraimo-tempo-s-bluetooth\\\/\"]}]},{\"@type\":\"ImageObject\",\"inLanguage\":\"es\",\"@id\":\"https:\\\/\\\/www.integralpro.com.co\\\/index.php\\\/producto\\\/smart-watch-oraimo-tempo-s-bluetooth\\\/#primaryimage\",\"url\":\"https:\\\/\\\/www.integralpro.com.co\\\/wp-content\\\/uploads\\\/2021\\\/02\\\/ORAIMO.jpg\",\"contentUrl\":\"https:\\\/\\\/www.integralpro.com.co\\\/wp-content\\\/uploads\\\/2021\\\/02\\\/ORAIMO.jpg\",\"width\":2560,\"height\":2421},{\"@type\":\"BreadcrumbList\",\"@id\":\"https:\\\/\\\/www.integralpro.com.co\\\/index.php\\\/producto\\\/smart-watch-oraimo-tempo-s-bluetooth\\\/#breadcrumb\",\"itemListElement\":[{\"@type\":\"ListItem\",\"position\":1,\"name\":\"Portada\",\"item\":\"https:\\\/\\\/www.integralpro.com.co\\\/\"},{\"@type\":\"ListItem\",\"position\":2,\"name\":\"Tienda\",\"item\":\"https:\\\/\\\/www.integralpro.com.co\\\/index.php\\\/tienda\\\/\"},{\"@type\":\"ListItem\",\"position\":3,\"name\":\"Smart Watch Oraimo Tempo S Bluetooth Negro\"}]},{\"@type\":\"WebSite\",\"@id\":\"https:\\\/\\\/www.integralpro.com.co\\\/#website\",\"url\":\"https:\\\/\\\/www.integralpro.com.co\\\/\",\"name\":\"IntegralPro\",\"description\":\"Tienda de Tecnolog\u00eda en L\u00ednea\",\"publisher\":{\"@id\":\"https:\\\/\\\/www.integralpro.com.co\\\/#organization\"},\"potentialAction\":[{\"@type\":\"SearchAction\",\"target\":{\"@type\":\"EntryPoint\",\"urlTemplate\":\"https:\\\/\\\/www.integralpro.com.co\\\/?s={search_term_string}\"},\"query-input\":{\"@type\":\"PropertyValueSpecification\",\"valueRequired\":true,\"valueName\":\"search_term_string\"}}],\"inLanguage\":\"es\"},{\"@type\":\"Organization\",\"@id\":\"https:\\\/\\\/www.integralpro.com.co\\\/#organization\",\"name\":\"IntegralPro SAS\",\"url\":\"https:\\\/\\\/www.integralpro.com.co\\\/\",\"logo\":{\"@type\":\"ImageObject\",\"inLanguage\":\"es\",\"@id\":\"https:\\\/\\\/www.integralpro.com.co\\\/#\\\/schema\\\/logo\\\/image\\\/\",\"url\":\"https:\\\/\\\/www.integralpro.com.co\\\/wp-content\\\/uploads\\\/2021\\\/02\\\/logo-def.jpg\",\"contentUrl\":\"https:\\\/\\\/www.integralpro.com.co\\\/wp-content\\\/uploads\\\/2021\\\/02\\\/logo-def.jpg\",\"width\":238,\"height\":234,\"caption\":\"IntegralPro SAS\"},\"image\":{\"@id\":\"https:\\\/\\\/www.integralpro.com.co\\\/#\\\/schema\\\/logo\\\/image\\\/\"}}]}<\/script>\n<!-- \/ Yoast SEO plugin. -->","yoast_head_json":{"title":"Smart Watch Oraimo Tempo S Bluetooth Negro - IntegralPro","robots":{"index":"index","follow":"follow","max-snippet":"max-snippet:-1","max-image-preview":"max-image-preview:large","max-video-preview":"max-video-preview:-1"},"canonical":"https:\/\/www.integralpro.com.co\/index.php\/producto\/smart-watch-oraimo-tempo-s-bluetooth\/","og_locale":"es_ES","og_type":"article","og_title":"Smart Watch Oraimo Tempo S Bluetooth Negro - IntegralPro","og_description":"# DE PARTE: OSW-11-BLACK","og_url":"https:\/\/www.integralpro.com.co\/index.php\/producto\/smart-watch-oraimo-tempo-s-bluetooth\/","og_site_name":"IntegralPro","article_modified_time":"2022-11-04T22:26:07+00:00","og_image":[{"width":2560,"height":2421,"url":"https:\/\/www.integralpro.com.co\/wp-content\/uploads\/2021\/02\/ORAIMO.jpg","type":"image\/jpeg"}],"twitter_card":"summary_large_image","twitter_misc":{"Tiempo de lectura":"2 minutos"},"schema":{"@context":"https:\/\/schema.org","@graph":[{"@type":"WebPage","@id":"https:\/\/www.integralpro.com.co\/index.php\/producto\/smart-watch-oraimo-tempo-s-bluetooth\/","url":"https:\/\/www.integralpro.com.co\/index.php\/producto\/smart-watch-oraimo-tempo-s-bluetooth\/","name":"Smart Watch Oraimo Tempo S Bluetooth Negro - IntegralPro","isPartOf":{"@id":"https:\/\/www.integralpro.com.co\/#website"},"primaryImageOfPage":{"@id":"https:\/\/www.integralpro.com.co\/index.php\/producto\/smart-watch-oraimo-tempo-s-bluetooth\/#primaryimage"},"image":{"@id":"https:\/\/www.integralpro.com.co\/index.php\/producto\/smart-watch-oraimo-tempo-s-bluetooth\/#primaryimage"},"thumbnailUrl":"https:\/\/www.integralpro.com.co\/wp-content\/uploads\/2021\/02\/ORAIMO.jpg","datePublished":"2021-02-19T20:05:13+00:00","dateModified":"2022-11-04T22:26:07+00:00","breadcrumb":{"@id":"https:\/\/www.integralpro.com.co\/index.php\/producto\/smart-watch-oraimo-tempo-s-bluetooth\/#breadcrumb"},"inLanguage":"es","potentialAction":[{"@type":"ReadAction","target":["https:\/\/www.integralpro.com.co\/index.php\/producto\/smart-watch-oraimo-tempo-s-bluetooth\/"]}]},{"@type":"ImageObject","inLanguage":"es","@id":"https:\/\/www.integralpro.com.co\/index.php\/producto\/smart-watch-oraimo-tempo-s-bluetooth\/#primaryimage","url":"https:\/\/www.integralpro.com.co\/wp-content\/uploads\/2021\/02\/ORAIMO.jpg","contentUrl":"https:\/\/www.integralpro.com.co\/wp-content\/uploads\/2021\/02\/ORAIMO.jpg","width":2560,"height":2421},{"@type":"BreadcrumbList","@id":"https:\/\/www.integralpro.com.co\/index.php\/producto\/smart-watch-oraimo-tempo-s-bluetooth\/#breadcrumb","itemListElement":[{"@type":"ListItem","position":1,"name":"Portada","item":"https:\/\/www.integralpro.com.co\/"},{"@type":"ListItem","position":2,"name":"Tienda","item":"https:\/\/www.integralpro.com.co\/index.php\/tienda\/"},{"@type":"ListItem","position":3,"name":"Smart Watch Oraimo Tempo S Bluetooth Negro"}]},{"@type":"WebSite","@id":"https:\/\/www.integralpro.com.co\/#website","url":"https:\/\/www.integralpro.com.co\/","name":"IntegralPro","description":"Tienda de Tecnolog\u00eda en L\u00ednea","publisher":{"@id":"https:\/\/www.integralpro.com.co\/#organization"},"potentialAction":[{"@type":"SearchAction","target":{"@type":"EntryPoint","urlTemplate":"https:\/\/www.integralpro.com.co\/?s={search_term_string}"},"query-input":{"@type":"PropertyValueSpecification","valueRequired":true,"valueName":"search_term_string"}}],"inLanguage":"es"},{"@type":"Organization","@id":"https:\/\/www.integralpro.com.co\/#organization","name":"IntegralPro SAS","url":"https:\/\/www.integralpro.com.co\/","logo":{"@type":"ImageObject","inLanguage":"es","@id":"https:\/\/www.integralpro.com.co\/#\/schema\/logo\/image\/","url":"https:\/\/www.integralpro.com.co\/wp-content\/uploads\/2021\/02\/logo-def.jpg","contentUrl":"https:\/\/www.integralpro.com.co\/wp-content\/uploads\/2021\/02\/logo-def.jpg","width":238,"height":234,"caption":"IntegralPro SAS"},"image":{"@id":"https:\/\/www.integralpro.com.co\/#\/schema\/logo\/image\/"}}]}},"_links":{"self":[{"href":"https:\/\/www.integralpro.com.co\/index.php\/wp-json\/wp\/v2\/product\/3376","targetHints":{"allow":["GET"]}}],"collection":[{"href":"https:\/\/www.integralpro.com.co\/index.php\/wp-json\/wp\/v2\/product"}],"about":[{"href":"https:\/\/www.integralpro.com.co\/index.php\/wp-json\/wp\/v2\/types\/product"}],"version-history":[{"count":3,"href":"https:\/\/www.integralpro.com.co\/index.php\/wp-json\/wp\/v2\/product\/3376\/revisions"}],"predecessor-version":[{"id":3811,"href":"https:\/\/www.integralpro.com.co\/index.php\/wp-json\/wp\/v2\/product\/3376\/revisions\/3811"}],"wp:featuredmedia":[{"embeddable":true,"href":"https:\/\/www.integralpro.com.co\/index.php\/wp-json\/wp\/v2\/media\/3812"}],"wp:attachment":[{"href":"https:\/\/www.integralpro.com.co\/index.php\/wp-json\/wp\/v2\/media?parent=3376"}],"wp:term":[{"taxonomy":"product_brand","embeddable":true,"href":"https:\/\/www.integralpro.com.co\/index.php\/wp-json\/wp\/v2\/product_brand?post=3376"},{"taxonomy":"product_cat","embeddable":true,"href":"https:\/\/www.integralpro.com.co\/index.php\/wp-json\/wp\/v2\/product_cat?post=3376"},{"taxonomy":"product_tag","embeddable":true,"href":"https:\/\/www.integralpro.com.co\/index.php\/wp-json\/wp\/v2\/product_tag?post=3376"}],"curies":[{"name":"wp","href":"https:\/\/api.w.org\/{rel}","templated":true}]}}