{"id":3334,"date":"2021-02-19T15:04:51","date_gmt":"2021-02-19T20:04:51","guid":{"rendered":"https:\/\/www.integralpro.com.co\/index.php\/producto\/import-placeholder-for-1576\/"},"modified":"2021-02-19T15:05:29","modified_gmt":"2021-02-19T20:05:29","slug":"impresora-multifuncional-hp-ink-tank-315-negro","status":"publish","type":"product","link":"https:\/\/www.integralpro.com.co\/index.php\/producto\/impresora-multifuncional-hp-ink-tank-315-negro\/","title":{"rendered":"Impresora Multifuncional Hp Ink Tank 315 Negro"},"content":{"rendered":"<p>Imprima f\u00e1cilmente grandes vol\u00famenes con un costo por p\u00e1gina <br \/>extremadamente bajo, gracias al sistema de tinta confiable y sin derrames. <br \/>Imprima hasta 8.000 p\u00e1ginas a color o 6.000 p\u00e1ginas en negro y produzca calidad <br \/>excepcional.<\/p>\n<p><\/p>\n<p><strong>Impresi\u00f3n De Altos Vol\u00famenes<\/strong><\/p>\n<p><\/p>\n<p>Imprime hasta 8,000 p\u00e1ginas a color o 6,000 p\u00e1ginas en negro por un costo extremadamente bajo. Imprima textos y documentos m\u00e1s oscuros y n\u00edtidos. Obt\u00e9n documentos resistentes a la decoloraci\u00f3n que duran hasta 22 veces m\u00e1s.<br \/>El sistema exclusivo HP de recarga de tinta de f\u00e1cil acceso y sin derrames te permite conectar la botella al dep\u00f3sito de tinta sin la necesidad de presionar.<br \/>Imprime y escanea desde tu smartphone o tablet.<\/p>\n<p><\/p>\n<p><strong>Sin Derrames, Sin Desastres<\/strong><\/p>\n<p><\/p>\n<p>Obtenga un rellenado sin desperdicio y sin suciedad con las botellas resellables y el sistema de tanque de tinta exclusivo de HP.<br \/>Cuando se est\u00e9 quedando sin tinta, simplemente rep\u00f3ngala con las botellas de tinta de alto rendimiento originales HP. Vea f\u00e1cilmente cu\u00e1nta tinta le queda y no se preocupe por que se le acabe.<\/p>\n<p><\/p>\n<p><strong>Especificaciones T&eacute;cnicas<\/strong><\/p>\n<p><\/p>\n<p>Dimensiones: 53 x 56 x 26 cm<\/p>\n<p>Peso: 4,67 kg <br \/>Velocidad de impresi\u00f3n, negro:<=10\n\n<br \/>Color:Impresi\u00f3n a Color<\/p>\n<p>Velocidad de impresi\u00f3n, color:<=10\n\nFunciones: Imprimir, escanear y copiar<br \/>Tecnolog\u00eda: Ink <\/p>\n<p>N\u00famero de cartuchos de impresi\u00f3n:1 botella negra, juego de 3 botellas de color<\/p>\n<p>Tipos de tinta:Basado en colorantes (color); basado en pigmento (negro)<\/p>\n<p>Cabezales de impresi\u00f3n:2 (1 negro, 1 tricolor [cian, magenta, amarillo])<\/p>\n<p>Color(es) de consumibles de impresi\u00f3n:Negro, cian, magenta, amarillo<\/p>\n<p>Inyectores del cabezal de impresi\u00f3n:328 (negro), 588 (tricolor)<\/p>\n<p>Cartuchos de reemplazo:M0H57AA &#8211; Botella de tinta negra original HP GT51 (aprox. 5.000 p\u00e1ginas) X4E40AA Botella de tinta negra original HP GT51XL135 ml (aprox. 6.000 p\u00e1ginas); M0H54AA Botella de tinta cian original HP GT52 (aprox. 8000 p\u00e1ginas); M0H55AA Botella de tinta magenta original HP GT52 (aprox. 8000 p\u00e1ginas); M0H56AA Botella de tinta amarilla original HP GT52 (aprox. 8000 p\u00e1ginas). Promedio basado en ISO\/IEC 24711 o metodolog\u00eda de prueba de HP e impresi\u00f3n continua. El rendimiento real var\u00eda considerablemente de acuerdo con el contenido de las p\u00e1ginas impresas y de otros factores. Para obtener m\u00e1s informaci\u00f3n acerca del llenado y rendimiento, consulte hp.es\/infosupplies.<\/p>\n<p>Colores de impresi\u00f3n, m\u00e1ximo:4 <br \/>Alimentaci\u00f3n:Voltaje de entrada 100 a 240 VCA (+\/- 10%), 50\/60 Hz (+\/- 3 Hz). Alto voltaje: Voltaje de entrada 200 a 240 VCA (+\/- 10%), 50\/60 Hz (+\/- 3 Hz)<\/p>\n<p>Consumo de energ\u00eda:0,07 vatios (apagada), 2,1 vatios (lista), 0,88 vatios (suspensi\u00f3n)<\/p>\n<p>Consumo de energ\u00eda (copia activa):No<\/p>\n<p>Tipo de fuente de alimentaci\u00f3n:Interna <\/p>\n<p>Humedad durante almacenamiento:5 a 90% de HR (sin condensaci\u00f3n)<\/p>\n<p>Intervalo de humedad en funcionamiento:15 a 80% de HR sin condensaci\u00f3n<\/p>\n<p>Temperatura de almacenamiento: l\u00edmites-40 a 60\u00baC<\/p>\n<p>Margen de temperaturas operativas:5 a 40\u00baC<\/p>\n<p>Emisiones de presi\u00f3n ac\u00fastica:47 dB<\/p>\n<p>&nbsp;Emisiones de potencia ac\u00fastica:6,0 B(A)<\/p>\n<p>&nbsp;Margen de temperaturas operativas recomendado:15 a 30\u00baC <\/p>\n<p>Panel de control:3 LEDS y 5 botones, tambi\u00e9n con una pantalla LCD para \u00edconos<\/p>\n<p>Velocidad del procesador:360 MHz<\/p>\n<p> Color: Negro <\/p>\n<p><\/p>\n<p><strong>Contenido Del Paquete<\/strong><\/p>\n<p><\/p>\n<p>Impresora &#8211; Fuente De Alimentaci\u00f3n &#8211; Cable USB &#8211; Documentaci&oacute;n<\/p>\n","protected":false},"excerpt":{"rendered":"<p># DE PARTE:Z4B04A#AKY<\/p>\n","protected":false},"featured_media":3397,"template":"","meta":{"site-sidebar-layout":"default","site-content-layout":"","ast-site-content-layout":"default","site-content-style":"default","site-sidebar-style":"default","ast-global-header-display":"","ast-banner-title-visibility":"","ast-main-header-display":"","ast-hfb-above-header-display":"","ast-hfb-below-header-display":"","ast-hfb-mobile-header-display":"","site-post-title":"","ast-breadcrumbs-content":"","ast-featured-img":"","footer-sml-layout":"","ast-disable-related-posts":"","theme-transparent-header-meta":"","adv-header-id-meta":"","stick-header-meta":"","header-above-stick-meta":"","header-main-stick-meta":"","header-below-stick-meta":"","astra-migrate-meta-layouts":"default","ast-page-background-enabled":"default","ast-page-background-meta":{"desktop":{"background-color":"var(--ast-global-color-4)","background-image":"","background-repeat":"repeat","background-position":"center center","background-size":"auto","background-attachment":"scroll","background-type":"","background-media":"","overlay-type":"","overlay-color":"","overlay-opacity":"","overlay-gradient":""},"tablet":{"background-color":"","background-image":"","background-repeat":"repeat","background-position":"center center","background-size":"auto","background-attachment":"scroll","background-type":"","background-media":"","overlay-type":"","overlay-color":"","overlay-opacity":"","overlay-gradient":""},"mobile":{"background-color":"","background-image":"","background-repeat":"repeat","background-position":"center center","background-size":"auto","background-attachment":"scroll","background-type":"","background-media":"","overlay-type":"","overlay-color":"","overlay-opacity":"","overlay-gradient":""}},"ast-content-background-meta":{"desktop":{"background-color":"var(--ast-global-color-5)","background-image":"","background-repeat":"repeat","background-position":"center center","background-size":"auto","background-attachment":"scroll","background-type":"","background-media":"","overlay-type":"","overlay-color":"","overlay-opacity":"","overlay-gradient":""},"tablet":{"background-color":"var(--ast-global-color-5)","background-image":"","background-repeat":"repeat","background-position":"center center","background-size":"auto","background-attachment":"scroll","background-type":"","background-media":"","overlay-type":"","overlay-color":"","overlay-opacity":"","overlay-gradient":""},"mobile":{"background-color":"var(--ast-global-color-5)","background-image":"","background-repeat":"repeat","background-position":"center center","background-size":"auto","background-attachment":"scroll","background-type":"","background-media":"","overlay-type":"","overlay-color":"","overlay-opacity":"","overlay-gradient":""}}},"product_brand":[],"product_cat":[57],"product_tag":[43],"class_list":{"0":"post-3334","1":"product","2":"type-product","3":"status-publish","4":"has-post-thumbnail","6":"product_cat-impresoras-y-suministros","7":"product_tag-hewlett-packard","8":"desktop-align-left","9":"tablet-align-left","10":"mobile-align-left","12":"first","13":"instock","14":"taxable","15":"shipping-taxable","16":"product-type-simple"},"yoast_head":"<!-- This site is optimized with the Yoast SEO plugin v27.4 - https:\/\/yoast.com\/product\/yoast-seo-wordpress\/ -->\n<title>Impresora Multifuncional Hp Ink Tank 315 Negro - IntegralPro<\/title>\n<meta name=\"robots\" content=\"index, follow, max-snippet:-1, max-image-preview:large, max-video-preview:-1\" \/>\n<link rel=\"canonical\" href=\"https:\/\/www.integralpro.com.co\/index.php\/producto\/impresora-multifuncional-hp-ink-tank-315-negro\/\" \/>\n<meta property=\"og:locale\" content=\"es_ES\" \/>\n<meta property=\"og:type\" content=\"article\" \/>\n<meta property=\"og:title\" content=\"Impresora Multifuncional Hp Ink Tank 315 Negro - IntegralPro\" \/>\n<meta property=\"og:description\" content=\"# DE PARTE:Z4B04A#AKY\" \/>\n<meta property=\"og:url\" content=\"https:\/\/www.integralpro.com.co\/index.php\/producto\/impresora-multifuncional-hp-ink-tank-315-negro\/\" \/>\n<meta property=\"og:site_name\" content=\"IntegralPro\" \/>\n<meta property=\"article:modified_time\" content=\"2021-02-19T20:05:29+00:00\" \/>\n<meta property=\"og:image\" content=\"https:\/\/www.integralpro.com.co\/wp-content\/uploads\/2021\/02\/5561cbdd363de933cf9cd4afbc13d856.jpg\" \/>\n\t<meta property=\"og:image:width\" content=\"1000\" \/>\n\t<meta property=\"og:image:height\" content=\"1000\" \/>\n\t<meta property=\"og:image:type\" content=\"image\/jpeg\" \/>\n<meta name=\"twitter:card\" content=\"summary_large_image\" \/>\n<meta name=\"twitter:label1\" content=\"Tiempo de lectura\" \/>\n\t<meta name=\"twitter:data1\" content=\"1 minuto\" \/>\n<script type=\"application\/ld+json\" class=\"yoast-schema-graph\">{\"@context\":\"https:\\\/\\\/schema.org\",\"@graph\":[{\"@type\":\"WebPage\",\"@id\":\"https:\\\/\\\/www.integralpro.com.co\\\/index.php\\\/producto\\\/impresora-multifuncional-hp-ink-tank-315-negro\\\/\",\"url\":\"https:\\\/\\\/www.integralpro.com.co\\\/index.php\\\/producto\\\/impresora-multifuncional-hp-ink-tank-315-negro\\\/\",\"name\":\"Impresora Multifuncional Hp Ink Tank 315 Negro - IntegralPro\",\"isPartOf\":{\"@id\":\"https:\\\/\\\/www.integralpro.com.co\\\/#website\"},\"primaryImageOfPage\":{\"@id\":\"https:\\\/\\\/www.integralpro.com.co\\\/index.php\\\/producto\\\/impresora-multifuncional-hp-ink-tank-315-negro\\\/#primaryimage\"},\"image\":{\"@id\":\"https:\\\/\\\/www.integralpro.com.co\\\/index.php\\\/producto\\\/impresora-multifuncional-hp-ink-tank-315-negro\\\/#primaryimage\"},\"thumbnailUrl\":\"https:\\\/\\\/www.integralpro.com.co\\\/wp-content\\\/uploads\\\/2021\\\/02\\\/5561cbdd363de933cf9cd4afbc13d856.jpg\",\"datePublished\":\"2021-02-19T20:04:51+00:00\",\"dateModified\":\"2021-02-19T20:05:29+00:00\",\"breadcrumb\":{\"@id\":\"https:\\\/\\\/www.integralpro.com.co\\\/index.php\\\/producto\\\/impresora-multifuncional-hp-ink-tank-315-negro\\\/#breadcrumb\"},\"inLanguage\":\"es\",\"potentialAction\":[{\"@type\":\"ReadAction\",\"target\":[\"https:\\\/\\\/www.integralpro.com.co\\\/index.php\\\/producto\\\/impresora-multifuncional-hp-ink-tank-315-negro\\\/\"]}]},{\"@type\":\"ImageObject\",\"inLanguage\":\"es\",\"@id\":\"https:\\\/\\\/www.integralpro.com.co\\\/index.php\\\/producto\\\/impresora-multifuncional-hp-ink-tank-315-negro\\\/#primaryimage\",\"url\":\"https:\\\/\\\/www.integralpro.com.co\\\/wp-content\\\/uploads\\\/2021\\\/02\\\/5561cbdd363de933cf9cd4afbc13d856.jpg\",\"contentUrl\":\"https:\\\/\\\/www.integralpro.com.co\\\/wp-content\\\/uploads\\\/2021\\\/02\\\/5561cbdd363de933cf9cd4afbc13d856.jpg\",\"width\":1000,\"height\":1000},{\"@type\":\"BreadcrumbList\",\"@id\":\"https:\\\/\\\/www.integralpro.com.co\\\/index.php\\\/producto\\\/impresora-multifuncional-hp-ink-tank-315-negro\\\/#breadcrumb\",\"itemListElement\":[{\"@type\":\"ListItem\",\"position\":1,\"name\":\"Portada\",\"item\":\"https:\\\/\\\/www.integralpro.com.co\\\/\"},{\"@type\":\"ListItem\",\"position\":2,\"name\":\"Tienda\",\"item\":\"https:\\\/\\\/www.integralpro.com.co\\\/index.php\\\/tienda\\\/\"},{\"@type\":\"ListItem\",\"position\":3,\"name\":\"Impresora Multifuncional Hp Ink Tank 315 Negro\"}]},{\"@type\":\"WebSite\",\"@id\":\"https:\\\/\\\/www.integralpro.com.co\\\/#website\",\"url\":\"https:\\\/\\\/www.integralpro.com.co\\\/\",\"name\":\"IntegralPro\",\"description\":\"Tienda de Tecnolog\u00eda en L\u00ednea\",\"publisher\":{\"@id\":\"https:\\\/\\\/www.integralpro.com.co\\\/#organization\"},\"potentialAction\":[{\"@type\":\"SearchAction\",\"target\":{\"@type\":\"EntryPoint\",\"urlTemplate\":\"https:\\\/\\\/www.integralpro.com.co\\\/?s={search_term_string}\"},\"query-input\":{\"@type\":\"PropertyValueSpecification\",\"valueRequired\":true,\"valueName\":\"search_term_string\"}}],\"inLanguage\":\"es\"},{\"@type\":\"Organization\",\"@id\":\"https:\\\/\\\/www.integralpro.com.co\\\/#organization\",\"name\":\"IntegralPro SAS\",\"url\":\"https:\\\/\\\/www.integralpro.com.co\\\/\",\"logo\":{\"@type\":\"ImageObject\",\"inLanguage\":\"es\",\"@id\":\"https:\\\/\\\/www.integralpro.com.co\\\/#\\\/schema\\\/logo\\\/image\\\/\",\"url\":\"https:\\\/\\\/www.integralpro.com.co\\\/wp-content\\\/uploads\\\/2021\\\/02\\\/logo-def.jpg\",\"contentUrl\":\"https:\\\/\\\/www.integralpro.com.co\\\/wp-content\\\/uploads\\\/2021\\\/02\\\/logo-def.jpg\",\"width\":238,\"height\":234,\"caption\":\"IntegralPro SAS\"},\"image\":{\"@id\":\"https:\\\/\\\/www.integralpro.com.co\\\/#\\\/schema\\\/logo\\\/image\\\/\"}}]}<\/script>\n<!-- \/ Yoast SEO plugin. -->","yoast_head_json":{"title":"Impresora Multifuncional Hp Ink Tank 315 Negro - IntegralPro","robots":{"index":"index","follow":"follow","max-snippet":"max-snippet:-1","max-image-preview":"max-image-preview:large","max-video-preview":"max-video-preview:-1"},"canonical":"https:\/\/www.integralpro.com.co\/index.php\/producto\/impresora-multifuncional-hp-ink-tank-315-negro\/","og_locale":"es_ES","og_type":"article","og_title":"Impresora Multifuncional Hp Ink Tank 315 Negro - IntegralPro","og_description":"# DE PARTE:Z4B04A#AKY","og_url":"https:\/\/www.integralpro.com.co\/index.php\/producto\/impresora-multifuncional-hp-ink-tank-315-negro\/","og_site_name":"IntegralPro","article_modified_time":"2021-02-19T20:05:29+00:00","og_image":[{"width":1000,"height":1000,"url":"https:\/\/www.integralpro.com.co\/wp-content\/uploads\/2021\/02\/5561cbdd363de933cf9cd4afbc13d856.jpg","type":"image\/jpeg"}],"twitter_card":"summary_large_image","twitter_misc":{"Tiempo de lectura":"1 minuto"},"schema":{"@context":"https:\/\/schema.org","@graph":[{"@type":"WebPage","@id":"https:\/\/www.integralpro.com.co\/index.php\/producto\/impresora-multifuncional-hp-ink-tank-315-negro\/","url":"https:\/\/www.integralpro.com.co\/index.php\/producto\/impresora-multifuncional-hp-ink-tank-315-negro\/","name":"Impresora Multifuncional Hp Ink Tank 315 Negro - IntegralPro","isPartOf":{"@id":"https:\/\/www.integralpro.com.co\/#website"},"primaryImageOfPage":{"@id":"https:\/\/www.integralpro.com.co\/index.php\/producto\/impresora-multifuncional-hp-ink-tank-315-negro\/#primaryimage"},"image":{"@id":"https:\/\/www.integralpro.com.co\/index.php\/producto\/impresora-multifuncional-hp-ink-tank-315-negro\/#primaryimage"},"thumbnailUrl":"https:\/\/www.integralpro.com.co\/wp-content\/uploads\/2021\/02\/5561cbdd363de933cf9cd4afbc13d856.jpg","datePublished":"2021-02-19T20:04:51+00:00","dateModified":"2021-02-19T20:05:29+00:00","breadcrumb":{"@id":"https:\/\/www.integralpro.com.co\/index.php\/producto\/impresora-multifuncional-hp-ink-tank-315-negro\/#breadcrumb"},"inLanguage":"es","potentialAction":[{"@type":"ReadAction","target":["https:\/\/www.integralpro.com.co\/index.php\/producto\/impresora-multifuncional-hp-ink-tank-315-negro\/"]}]},{"@type":"ImageObject","inLanguage":"es","@id":"https:\/\/www.integralpro.com.co\/index.php\/producto\/impresora-multifuncional-hp-ink-tank-315-negro\/#primaryimage","url":"https:\/\/www.integralpro.com.co\/wp-content\/uploads\/2021\/02\/5561cbdd363de933cf9cd4afbc13d856.jpg","contentUrl":"https:\/\/www.integralpro.com.co\/wp-content\/uploads\/2021\/02\/5561cbdd363de933cf9cd4afbc13d856.jpg","width":1000,"height":1000},{"@type":"BreadcrumbList","@id":"https:\/\/www.integralpro.com.co\/index.php\/producto\/impresora-multifuncional-hp-ink-tank-315-negro\/#breadcrumb","itemListElement":[{"@type":"ListItem","position":1,"name":"Portada","item":"https:\/\/www.integralpro.com.co\/"},{"@type":"ListItem","position":2,"name":"Tienda","item":"https:\/\/www.integralpro.com.co\/index.php\/tienda\/"},{"@type":"ListItem","position":3,"name":"Impresora Multifuncional Hp Ink Tank 315 Negro"}]},{"@type":"WebSite","@id":"https:\/\/www.integralpro.com.co\/#website","url":"https:\/\/www.integralpro.com.co\/","name":"IntegralPro","description":"Tienda de Tecnolog\u00eda en L\u00ednea","publisher":{"@id":"https:\/\/www.integralpro.com.co\/#organization"},"potentialAction":[{"@type":"SearchAction","target":{"@type":"EntryPoint","urlTemplate":"https:\/\/www.integralpro.com.co\/?s={search_term_string}"},"query-input":{"@type":"PropertyValueSpecification","valueRequired":true,"valueName":"search_term_string"}}],"inLanguage":"es"},{"@type":"Organization","@id":"https:\/\/www.integralpro.com.co\/#organization","name":"IntegralPro SAS","url":"https:\/\/www.integralpro.com.co\/","logo":{"@type":"ImageObject","inLanguage":"es","@id":"https:\/\/www.integralpro.com.co\/#\/schema\/logo\/image\/","url":"https:\/\/www.integralpro.com.co\/wp-content\/uploads\/2021\/02\/logo-def.jpg","contentUrl":"https:\/\/www.integralpro.com.co\/wp-content\/uploads\/2021\/02\/logo-def.jpg","width":238,"height":234,"caption":"IntegralPro SAS"},"image":{"@id":"https:\/\/www.integralpro.com.co\/#\/schema\/logo\/image\/"}}]}},"_links":{"self":[{"href":"https:\/\/www.integralpro.com.co\/index.php\/wp-json\/wp\/v2\/product\/3334","targetHints":{"allow":["GET"]}}],"collection":[{"href":"https:\/\/www.integralpro.com.co\/index.php\/wp-json\/wp\/v2\/product"}],"about":[{"href":"https:\/\/www.integralpro.com.co\/index.php\/wp-json\/wp\/v2\/types\/product"}],"version-history":[{"count":1,"href":"https:\/\/www.integralpro.com.co\/index.php\/wp-json\/wp\/v2\/product\/3334\/revisions"}],"predecessor-version":[{"id":3398,"href":"https:\/\/www.integralpro.com.co\/index.php\/wp-json\/wp\/v2\/product\/3334\/revisions\/3398"}],"wp:featuredmedia":[{"embeddable":true,"href":"https:\/\/www.integralpro.com.co\/index.php\/wp-json\/wp\/v2\/media\/3397"}],"wp:attachment":[{"href":"https:\/\/www.integralpro.com.co\/index.php\/wp-json\/wp\/v2\/media?parent=3334"}],"wp:term":[{"taxonomy":"product_brand","embeddable":true,"href":"https:\/\/www.integralpro.com.co\/index.php\/wp-json\/wp\/v2\/product_brand?post=3334"},{"taxonomy":"product_cat","embeddable":true,"href":"https:\/\/www.integralpro.com.co\/index.php\/wp-json\/wp\/v2\/product_cat?post=3334"},{"taxonomy":"product_tag","embeddable":true,"href":"https:\/\/www.integralpro.com.co\/index.php\/wp-json\/wp\/v2\/product_tag?post=3334"}],"curies":[{"name":"wp","href":"https:\/\/api.w.org\/{rel}","templated":true}]}}