{"id":3296,"date":"2021-02-19T15:04:28","date_gmt":"2021-02-19T20:04:28","guid":{"rendered":"https:\/\/www.integralpro.com.co\/index.php\/producto\/import-placeholder-for-1564\/"},"modified":"2021-02-19T15:05:07","modified_gmt":"2021-02-19T20:05:07","slug":"switch-tplink-rj45-24-puertos-gigabit-easy-smart-negro","status":"publish","type":"product","link":"https:\/\/www.integralpro.com.co\/index.php\/producto\/switch-tplink-rj45-24-puertos-gigabit-easy-smart-negro\/","title":{"rendered":"Switch Tplink Rj45 24 Puertos Gigabit Easy Smart Negro"},"content":{"rendered":"<p>El Switch TL-SG1024 Gigabit Ethernet le ofrece una soluci\u00f3n de <\/p>\n<p>alto rendimiento, bajo costo, f\u00e1cil de usar, sin fisuras y est\u00e1ndar para mejorar <\/p>\n<p>su red antigua a una red a 1000Mbps. Todos los puertos soportan auto MDI \/ MDIX <\/p>\n<p>por lo que no hay necesidad de preocuparse por el tipo de cable, s\u00f3lo tiene que <\/p>\n<p>enchufar y listo. Por otra parte, con la innovadora tecnolog\u00eda de eficiencia <\/p>\n<p>energ\u00e9tica, el TL-SG1016 puede ahorrar hasta un 25% del consumo de energ\u00eda; y <\/p>\n<p>como el 80% del material de embalaje puede ser reciclado es una soluci\u00f3n <\/p>\n<p>ecol\u00f3gica para su red de negocios.<\/p>\n<p>Manejo Simple Y Efectivo<\/p>\n<p>El Switch Gigabit Easy Smart de TP-LINK TL-SG1024DE ofrece <\/p>\n<p>monitoreo de red para que los usuarios puedan observar el comportamiento del <\/p>\n<p>tr\u00e1fico. Con Port Mirroring, Loop Prevention y diagn\u00f3sticos sobre el cable, el <\/p>\n<p>TL-SG1024DE puede identificar e incluso localizar problemas de conexi\u00f3n en su <\/p>\n<p>red de negocios. Adem\u00e1s, los administradores pueden designar prioridad del <\/p>\n<p>tr\u00e1fico en funci\u00f3n de prioridad de puertos y de prioridad 802.1p, para asegurar <\/p>\n<p>que la voz y el v\u00eddeo son siempre claros, suaves y sin demoras. Adem\u00e1s, para <\/p>\n<p>mejorar el rendimiento y la seguridad de la red, TL-SG1024DE soporta MTU VLAN, <\/p>\n<p>VLAN basadas en puertos y funciones de VLAN basadas en el est\u00e1ndar 802.1Q. <\/p>\n<p>TL-SG1024DE es una actualizaci\u00f3n del switch plug-and-play no administrable, <\/p>\n<p>ofreciendo un gran valor mientras fortalece su red.<\/p>\n<p>H\u00e1gase Verde Con La Red<\/p>\n<p>\u00a1Ahora tiene la opci\u00f3n de hacerse verde cuando se actualiza a una red gigabit! Esta nueva generaci\u00f3n de switches Smart TL-SG1024DE de 24 puertos Gigabit cuenta con las \u00faltimas tecnolog\u00edas de eficiencia energ\u00e9tica las cuales le ayudar\u00e1n a ampliar en gran medida la capacidad de su red con mucho menos consumo. El consumo de energ\u00eda se ajusta autom\u00e1ticamente de acuerdo con el estado del enlace y la longitud del cable para limitar la huella de carbono de su red.<\/p>\n<p>Especificaciones T\u00e9cnicas<\/p>\n<p>Dimensiones: 30 x 18 x 5 cm <\/p>\n<p>Est\u00e1ndares y Protocolos: IEEE 802.3i, IEEE 802.3u, IEEE 802.3ab, IEEE 802.3x, IEEE 802.1q, IEEE 802.1p <\/p>\n<p>Interfaz: 24 puertos RJ45 a 10\/100\/1000 Mbps con negociaci\u00f3n autom\u00e1tica<\/p>\n<p>(MDI\/MDIX autom\u00e1tico)<\/p>\n<p>Medios de Red: 10Base-T: cable UTP categor\u00edas 3, 4, 5 (100 metros m\u00e1ximo)<\/p>\n<p>EIA\/TIA-568 100\u03a9 STP (m\u00e1ximo 100 m)<\/p>\n<p>100Base-Tx: cable UTP categor\u00edas 5, 5e (m\u00e1ximo 100 metros)<\/p>\n<p>EIA\/TIA-568 100\u03a9 STP (m\u00e1ximo 100 m)<\/p>\n<p>1000Base-T: cables UTP categor\u00eda 5, 5e (m\u00e1ximo 100 metros)<\/p>\n<p>Cantidad de Ventiladores: Sin ventiladores <\/p>\n<p>Fuente de Alimentaci\u00f3n: 100~240VAC, 50\/60Hz <\/p>\n<p>Consumo de Potencia: M\u00e1ximo: 14.86W (220V\/50Hz) <\/p>\n<p>Montaje: Montaje en Rack <\/p>\n<p>Consumo de Potencia: M\u00e1ximo 13.8W (220V\/50Hz) <\/p>\n<p>Max Heat Dissipation: 114.37 BTU\/h<br \/>Capacidad de Conmutaci\u00f3n:48Gbps<\/p>\n<p>Tasa de Reenv\u00edo de Paquetes:35.7Mpps<\/p>\n<p>Tabla de Direcciones MAC:8K<\/p>\n<p>Jumbo Frame:9KB<\/p>\n<p>Color: NegroContenido Del Paquete<\/p>\n<p>Switch &#8211; Adaptador de Poder &#8211; Documentaci\u00f3n<\/p>\n","protected":false},"excerpt":{"rendered":"<p># DE PARTE:TL-SG1024DE<\/p>\n","protected":false},"featured_media":3361,"template":"","meta":{"site-sidebar-layout":"default","site-content-layout":"","ast-site-content-layout":"default","site-content-style":"default","site-sidebar-style":"default","ast-global-header-display":"","ast-banner-title-visibility":"","ast-main-header-display":"","ast-hfb-above-header-display":"","ast-hfb-below-header-display":"","ast-hfb-mobile-header-display":"","site-post-title":"","ast-breadcrumbs-content":"","ast-featured-img":"","footer-sml-layout":"","ast-disable-related-posts":"","theme-transparent-header-meta":"","adv-header-id-meta":"","stick-header-meta":"","header-above-stick-meta":"","header-main-stick-meta":"","header-below-stick-meta":"","astra-migrate-meta-layouts":"default","ast-page-background-enabled":"default","ast-page-background-meta":{"desktop":{"background-color":"var(--ast-global-color-4)","background-image":"","background-repeat":"repeat","background-position":"center center","background-size":"auto","background-attachment":"scroll","background-type":"","background-media":"","overlay-type":"","overlay-color":"","overlay-opacity":"","overlay-gradient":""},"tablet":{"background-color":"","background-image":"","background-repeat":"repeat","background-position":"center center","background-size":"auto","background-attachment":"scroll","background-type":"","background-media":"","overlay-type":"","overlay-color":"","overlay-opacity":"","overlay-gradient":""},"mobile":{"background-color":"","background-image":"","background-repeat":"repeat","background-position":"center center","background-size":"auto","background-attachment":"scroll","background-type":"","background-media":"","overlay-type":"","overlay-color":"","overlay-opacity":"","overlay-gradient":""}},"ast-content-background-meta":{"desktop":{"background-color":"var(--ast-global-color-5)","background-image":"","background-repeat":"repeat","background-position":"center center","background-size":"auto","background-attachment":"scroll","background-type":"","background-media":"","overlay-type":"","overlay-color":"","overlay-opacity":"","overlay-gradient":""},"tablet":{"background-color":"var(--ast-global-color-5)","background-image":"","background-repeat":"repeat","background-position":"center center","background-size":"auto","background-attachment":"scroll","background-type":"","background-media":"","overlay-type":"","overlay-color":"","overlay-opacity":"","overlay-gradient":""},"mobile":{"background-color":"var(--ast-global-color-5)","background-image":"","background-repeat":"repeat","background-position":"center center","background-size":"auto","background-attachment":"scroll","background-type":"","background-media":"","overlay-type":"","overlay-color":"","overlay-opacity":"","overlay-gradient":""}}},"product_brand":[],"product_cat":[62,151],"product_tag":[45],"class_list":{"0":"post-3296","1":"product","2":"type-product","3":"status-publish","4":"has-post-thumbnail","6":"product_cat-redes","7":"product_cat-switch","8":"product_tag-tp-link","9":"desktop-align-left","10":"tablet-align-left","11":"mobile-align-left","13":"first","14":"instock","15":"taxable","16":"shipping-taxable","17":"product-type-simple"},"yoast_head":"<!-- This site is optimized with the Yoast SEO plugin v27.4 - https:\/\/yoast.com\/product\/yoast-seo-wordpress\/ -->\n<title>Switch Tplink Rj45 24 Puertos Gigabit Easy Smart Negro - IntegralPro<\/title>\n<meta name=\"robots\" content=\"index, follow, max-snippet:-1, max-image-preview:large, max-video-preview:-1\" \/>\n<link rel=\"canonical\" href=\"https:\/\/www.integralpro.com.co\/index.php\/producto\/switch-tplink-rj45-24-puertos-gigabit-easy-smart-negro\/\" \/>\n<meta property=\"og:locale\" content=\"es_ES\" \/>\n<meta property=\"og:type\" content=\"article\" \/>\n<meta property=\"og:title\" content=\"Switch Tplink Rj45 24 Puertos Gigabit Easy Smart Negro - IntegralPro\" \/>\n<meta property=\"og:description\" content=\"# DE PARTE:TL-SG1024DE\" \/>\n<meta property=\"og:url\" content=\"https:\/\/www.integralpro.com.co\/index.php\/producto\/switch-tplink-rj45-24-puertos-gigabit-easy-smart-negro\/\" \/>\n<meta property=\"og:site_name\" content=\"IntegralPro\" \/>\n<meta property=\"article:modified_time\" content=\"2021-02-19T20:05:07+00:00\" \/>\n<meta property=\"og:image\" content=\"https:\/\/www.integralpro.com.co\/wp-content\/uploads\/2021\/02\/9c7e15e45f4559e55c8889b6166773c6.jpg\" \/>\n\t<meta property=\"og:image:width\" content=\"1000\" \/>\n\t<meta property=\"og:image:height\" content=\"1000\" \/>\n\t<meta property=\"og:image:type\" content=\"image\/jpeg\" \/>\n<meta name=\"twitter:card\" content=\"summary_large_image\" \/>\n<meta name=\"twitter:label1\" content=\"Tiempo de lectura\" \/>\n\t<meta name=\"twitter:data1\" content=\"2 minutos\" \/>\n<script type=\"application\/ld+json\" class=\"yoast-schema-graph\">{\"@context\":\"https:\\\/\\\/schema.org\",\"@graph\":[{\"@type\":\"WebPage\",\"@id\":\"https:\\\/\\\/www.integralpro.com.co\\\/index.php\\\/producto\\\/switch-tplink-rj45-24-puertos-gigabit-easy-smart-negro\\\/\",\"url\":\"https:\\\/\\\/www.integralpro.com.co\\\/index.php\\\/producto\\\/switch-tplink-rj45-24-puertos-gigabit-easy-smart-negro\\\/\",\"name\":\"Switch Tplink Rj45 24 Puertos Gigabit Easy Smart Negro - IntegralPro\",\"isPartOf\":{\"@id\":\"https:\\\/\\\/www.integralpro.com.co\\\/#website\"},\"primaryImageOfPage\":{\"@id\":\"https:\\\/\\\/www.integralpro.com.co\\\/index.php\\\/producto\\\/switch-tplink-rj45-24-puertos-gigabit-easy-smart-negro\\\/#primaryimage\"},\"image\":{\"@id\":\"https:\\\/\\\/www.integralpro.com.co\\\/index.php\\\/producto\\\/switch-tplink-rj45-24-puertos-gigabit-easy-smart-negro\\\/#primaryimage\"},\"thumbnailUrl\":\"https:\\\/\\\/www.integralpro.com.co\\\/wp-content\\\/uploads\\\/2021\\\/02\\\/9c7e15e45f4559e55c8889b6166773c6.jpg\",\"datePublished\":\"2021-02-19T20:04:28+00:00\",\"dateModified\":\"2021-02-19T20:05:07+00:00\",\"breadcrumb\":{\"@id\":\"https:\\\/\\\/www.integralpro.com.co\\\/index.php\\\/producto\\\/switch-tplink-rj45-24-puertos-gigabit-easy-smart-negro\\\/#breadcrumb\"},\"inLanguage\":\"es\",\"potentialAction\":[{\"@type\":\"ReadAction\",\"target\":[\"https:\\\/\\\/www.integralpro.com.co\\\/index.php\\\/producto\\\/switch-tplink-rj45-24-puertos-gigabit-easy-smart-negro\\\/\"]}]},{\"@type\":\"ImageObject\",\"inLanguage\":\"es\",\"@id\":\"https:\\\/\\\/www.integralpro.com.co\\\/index.php\\\/producto\\\/switch-tplink-rj45-24-puertos-gigabit-easy-smart-negro\\\/#primaryimage\",\"url\":\"https:\\\/\\\/www.integralpro.com.co\\\/wp-content\\\/uploads\\\/2021\\\/02\\\/9c7e15e45f4559e55c8889b6166773c6.jpg\",\"contentUrl\":\"https:\\\/\\\/www.integralpro.com.co\\\/wp-content\\\/uploads\\\/2021\\\/02\\\/9c7e15e45f4559e55c8889b6166773c6.jpg\",\"width\":1000,\"height\":1000},{\"@type\":\"BreadcrumbList\",\"@id\":\"https:\\\/\\\/www.integralpro.com.co\\\/index.php\\\/producto\\\/switch-tplink-rj45-24-puertos-gigabit-easy-smart-negro\\\/#breadcrumb\",\"itemListElement\":[{\"@type\":\"ListItem\",\"position\":1,\"name\":\"Portada\",\"item\":\"https:\\\/\\\/www.integralpro.com.co\\\/\"},{\"@type\":\"ListItem\",\"position\":2,\"name\":\"Tienda\",\"item\":\"https:\\\/\\\/www.integralpro.com.co\\\/index.php\\\/tienda\\\/\"},{\"@type\":\"ListItem\",\"position\":3,\"name\":\"Switch Tplink Rj45 24 Puertos Gigabit Easy Smart Negro\"}]},{\"@type\":\"WebSite\",\"@id\":\"https:\\\/\\\/www.integralpro.com.co\\\/#website\",\"url\":\"https:\\\/\\\/www.integralpro.com.co\\\/\",\"name\":\"IntegralPro\",\"description\":\"Tienda de Tecnolog\u00eda en L\u00ednea\",\"publisher\":{\"@id\":\"https:\\\/\\\/www.integralpro.com.co\\\/#organization\"},\"potentialAction\":[{\"@type\":\"SearchAction\",\"target\":{\"@type\":\"EntryPoint\",\"urlTemplate\":\"https:\\\/\\\/www.integralpro.com.co\\\/?s={search_term_string}\"},\"query-input\":{\"@type\":\"PropertyValueSpecification\",\"valueRequired\":true,\"valueName\":\"search_term_string\"}}],\"inLanguage\":\"es\"},{\"@type\":\"Organization\",\"@id\":\"https:\\\/\\\/www.integralpro.com.co\\\/#organization\",\"name\":\"IntegralPro SAS\",\"url\":\"https:\\\/\\\/www.integralpro.com.co\\\/\",\"logo\":{\"@type\":\"ImageObject\",\"inLanguage\":\"es\",\"@id\":\"https:\\\/\\\/www.integralpro.com.co\\\/#\\\/schema\\\/logo\\\/image\\\/\",\"url\":\"https:\\\/\\\/www.integralpro.com.co\\\/wp-content\\\/uploads\\\/2021\\\/02\\\/logo-def.jpg\",\"contentUrl\":\"https:\\\/\\\/www.integralpro.com.co\\\/wp-content\\\/uploads\\\/2021\\\/02\\\/logo-def.jpg\",\"width\":238,\"height\":234,\"caption\":\"IntegralPro SAS\"},\"image\":{\"@id\":\"https:\\\/\\\/www.integralpro.com.co\\\/#\\\/schema\\\/logo\\\/image\\\/\"}}]}<\/script>\n<!-- \/ Yoast SEO plugin. -->","yoast_head_json":{"title":"Switch Tplink Rj45 24 Puertos Gigabit Easy Smart Negro - IntegralPro","robots":{"index":"index","follow":"follow","max-snippet":"max-snippet:-1","max-image-preview":"max-image-preview:large","max-video-preview":"max-video-preview:-1"},"canonical":"https:\/\/www.integralpro.com.co\/index.php\/producto\/switch-tplink-rj45-24-puertos-gigabit-easy-smart-negro\/","og_locale":"es_ES","og_type":"article","og_title":"Switch Tplink Rj45 24 Puertos Gigabit Easy Smart Negro - IntegralPro","og_description":"# DE PARTE:TL-SG1024DE","og_url":"https:\/\/www.integralpro.com.co\/index.php\/producto\/switch-tplink-rj45-24-puertos-gigabit-easy-smart-negro\/","og_site_name":"IntegralPro","article_modified_time":"2021-02-19T20:05:07+00:00","og_image":[{"width":1000,"height":1000,"url":"https:\/\/www.integralpro.com.co\/wp-content\/uploads\/2021\/02\/9c7e15e45f4559e55c8889b6166773c6.jpg","type":"image\/jpeg"}],"twitter_card":"summary_large_image","twitter_misc":{"Tiempo de lectura":"2 minutos"},"schema":{"@context":"https:\/\/schema.org","@graph":[{"@type":"WebPage","@id":"https:\/\/www.integralpro.com.co\/index.php\/producto\/switch-tplink-rj45-24-puertos-gigabit-easy-smart-negro\/","url":"https:\/\/www.integralpro.com.co\/index.php\/producto\/switch-tplink-rj45-24-puertos-gigabit-easy-smart-negro\/","name":"Switch Tplink Rj45 24 Puertos Gigabit Easy Smart Negro - IntegralPro","isPartOf":{"@id":"https:\/\/www.integralpro.com.co\/#website"},"primaryImageOfPage":{"@id":"https:\/\/www.integralpro.com.co\/index.php\/producto\/switch-tplink-rj45-24-puertos-gigabit-easy-smart-negro\/#primaryimage"},"image":{"@id":"https:\/\/www.integralpro.com.co\/index.php\/producto\/switch-tplink-rj45-24-puertos-gigabit-easy-smart-negro\/#primaryimage"},"thumbnailUrl":"https:\/\/www.integralpro.com.co\/wp-content\/uploads\/2021\/02\/9c7e15e45f4559e55c8889b6166773c6.jpg","datePublished":"2021-02-19T20:04:28+00:00","dateModified":"2021-02-19T20:05:07+00:00","breadcrumb":{"@id":"https:\/\/www.integralpro.com.co\/index.php\/producto\/switch-tplink-rj45-24-puertos-gigabit-easy-smart-negro\/#breadcrumb"},"inLanguage":"es","potentialAction":[{"@type":"ReadAction","target":["https:\/\/www.integralpro.com.co\/index.php\/producto\/switch-tplink-rj45-24-puertos-gigabit-easy-smart-negro\/"]}]},{"@type":"ImageObject","inLanguage":"es","@id":"https:\/\/www.integralpro.com.co\/index.php\/producto\/switch-tplink-rj45-24-puertos-gigabit-easy-smart-negro\/#primaryimage","url":"https:\/\/www.integralpro.com.co\/wp-content\/uploads\/2021\/02\/9c7e15e45f4559e55c8889b6166773c6.jpg","contentUrl":"https:\/\/www.integralpro.com.co\/wp-content\/uploads\/2021\/02\/9c7e15e45f4559e55c8889b6166773c6.jpg","width":1000,"height":1000},{"@type":"BreadcrumbList","@id":"https:\/\/www.integralpro.com.co\/index.php\/producto\/switch-tplink-rj45-24-puertos-gigabit-easy-smart-negro\/#breadcrumb","itemListElement":[{"@type":"ListItem","position":1,"name":"Portada","item":"https:\/\/www.integralpro.com.co\/"},{"@type":"ListItem","position":2,"name":"Tienda","item":"https:\/\/www.integralpro.com.co\/index.php\/tienda\/"},{"@type":"ListItem","position":3,"name":"Switch Tplink Rj45 24 Puertos Gigabit Easy Smart Negro"}]},{"@type":"WebSite","@id":"https:\/\/www.integralpro.com.co\/#website","url":"https:\/\/www.integralpro.com.co\/","name":"IntegralPro","description":"Tienda de Tecnolog\u00eda en L\u00ednea","publisher":{"@id":"https:\/\/www.integralpro.com.co\/#organization"},"potentialAction":[{"@type":"SearchAction","target":{"@type":"EntryPoint","urlTemplate":"https:\/\/www.integralpro.com.co\/?s={search_term_string}"},"query-input":{"@type":"PropertyValueSpecification","valueRequired":true,"valueName":"search_term_string"}}],"inLanguage":"es"},{"@type":"Organization","@id":"https:\/\/www.integralpro.com.co\/#organization","name":"IntegralPro SAS","url":"https:\/\/www.integralpro.com.co\/","logo":{"@type":"ImageObject","inLanguage":"es","@id":"https:\/\/www.integralpro.com.co\/#\/schema\/logo\/image\/","url":"https:\/\/www.integralpro.com.co\/wp-content\/uploads\/2021\/02\/logo-def.jpg","contentUrl":"https:\/\/www.integralpro.com.co\/wp-content\/uploads\/2021\/02\/logo-def.jpg","width":238,"height":234,"caption":"IntegralPro SAS"},"image":{"@id":"https:\/\/www.integralpro.com.co\/#\/schema\/logo\/image\/"}}]}},"_links":{"self":[{"href":"https:\/\/www.integralpro.com.co\/index.php\/wp-json\/wp\/v2\/product\/3296","targetHints":{"allow":["GET"]}}],"collection":[{"href":"https:\/\/www.integralpro.com.co\/index.php\/wp-json\/wp\/v2\/product"}],"about":[{"href":"https:\/\/www.integralpro.com.co\/index.php\/wp-json\/wp\/v2\/types\/product"}],"version-history":[{"count":1,"href":"https:\/\/www.integralpro.com.co\/index.php\/wp-json\/wp\/v2\/product\/3296\/revisions"}],"predecessor-version":[{"id":3362,"href":"https:\/\/www.integralpro.com.co\/index.php\/wp-json\/wp\/v2\/product\/3296\/revisions\/3362"}],"wp:featuredmedia":[{"embeddable":true,"href":"https:\/\/www.integralpro.com.co\/index.php\/wp-json\/wp\/v2\/media\/3361"}],"wp:attachment":[{"href":"https:\/\/www.integralpro.com.co\/index.php\/wp-json\/wp\/v2\/media?parent=3296"}],"wp:term":[{"taxonomy":"product_brand","embeddable":true,"href":"https:\/\/www.integralpro.com.co\/index.php\/wp-json\/wp\/v2\/product_brand?post=3296"},{"taxonomy":"product_cat","embeddable":true,"href":"https:\/\/www.integralpro.com.co\/index.php\/wp-json\/wp\/v2\/product_cat?post=3296"},{"taxonomy":"product_tag","embeddable":true,"href":"https:\/\/www.integralpro.com.co\/index.php\/wp-json\/wp\/v2\/product_tag?post=3296"}],"curies":[{"name":"wp","href":"https:\/\/api.w.org\/{rel}","templated":true}]}}