{"id":3294,"date":"2021-02-19T15:04:28","date_gmt":"2021-02-19T20:04:28","guid":{"rendered":"https:\/\/www.integralpro.com.co\/index.php\/producto\/import-placeholder-for-1562\/"},"modified":"2021-02-19T15:05:04","modified_gmt":"2021-02-19T20:05:04","slug":"timon-de-carreras-con-pedales-logitech-g29-ps4-ps3-y-pc","status":"publish","type":"product","link":"https:\/\/www.integralpro.com.co\/index.php\/producto\/timon-de-carreras-con-pedales-logitech-g29-ps4-ps3-y-pc\/","title":{"rendered":"Timon de Carreras Con Pedales Logitech G29 PS4 PS3 y PC"},"content":{"rendered":"<p>Con un dise\u00f1o impecable para ofrecer la experiencia de manejo perfecta, Driving Force de Logitech G lleva los juegos de carreras m\u00e1s recientes al m\u00e1s alto nivel. Si no manejaste tu b\u00f3lido con un volante, jam\u00e1s disfrutaste de la simulaci\u00f3n de carreras.Aseg\u00farate de seleccionar el volante adecuado para ti:G29 es para PS4, PS3 y PC<\/p>\n<p><strong>Un volante impresionante<\/strong><\/p>\n<p>La simulaci\u00f3n de manejo inmersiva cobra vida en los detalles. El efecto Force Feedback con dos motores deja sentir claramente cada derrapada y particularidad del terreno. Los cojinetes de acero del eje del volante aportan peso y durabilidad. Las palancas de cambio y los pedales de acero inoxidable aplican fuerza con precisi\u00f3n. El volante con recubrimiento de cuero cosido a mano pone un toque de lujo en cada coche. Los engranajes helicoidales ofrecen una silenciosa fluidez.<\/p>\n<p><strong>Pedales ajustables<\/strong><\/p>\n<p>Maneja en una posici\u00f3n m\u00e1s natural gracias a la unidad de pedales independientes para el suelo, con pedales de acelerador, freno y embrague integrados. Driving Force permite acelerar, frenar y cambiar de marcha confortablemente, con la misma sensaci\u00f3n que un coche de verdad.<\/p>\n<p><strong>A toda marcha<\/strong><\/p>\n<p>Para llevar m\u00e1s all\u00e1 la experiencia de simulaci\u00f3n de carreras, agrega el realismo de una aut\u00e9ntica palanca de cambio de marchas. Con una sensaci\u00f3n de recorrido corto en un patr\u00f3n de cambio de marchas de seis velocidades en \u201cH\u201d, con marcha atr\u00e1s mediante presi\u00f3n hacia abajo, la palanca de cambio Driving Force de Logitech G es un complemento de manejo que tardar\u00e1s en olvidar.<\/p>\n<p><strong>Especificaciones T\u00e9cnicas<\/strong><\/p>\n<p>VOLANTERotaci\u00f3n: 900 grados de bloqueo a bloqueoSensor de manejo tipo sala de juegosForce Feedback con dos motoresProtecci\u00f3n contra sobrecalentamiento<br \/>PEDALESPedal de freno no linealSistema de alfombrilla antideslizante patentadoRecubrimiento antideslizanteCalibraci\u00f3n autom\u00e1tica<br \/>MATERIALESRadios del volante: aluminio anodizado<br \/>Recubrimiento del volante: cuero cosido a mano<br \/>Eje de manejo: acero<br \/>Palancas de cambio: acero inoxidable bru\u00f1ido<br \/>Pernos de montaje: nylon relleno de cristal<br \/>Brazos y estructuras de pedales: acero laminado en fr\u00edo<br \/>Superficies de los pedales: acero inoxidable bru\u00f1ido<br \/>Fundas de pistones de pedales: termopl\u00e1stico polioximetileno (POM)<br \/>ESPECIFICACIONES F\u00cdSICAS<br \/>Volante:<br \/>Altura: 270 mm<br \/>Anchura: 260 mm<br \/>Profundidad: 278 mm<br \/>Peso sin cables: 2,25 kg<br \/>Pedales:<br \/>Altura: 167 mm<br \/>Anchura: 428,5 mm<br \/>Profundidad: 311 mm<br \/>Peso sin cables: 3,1 kg<br \/>REQUISITOSG29Playstation\u00ae4 o Playstation\u00ae3Puerto USB con alimentaci\u00f3nOWindows\u00ae 10, 8.1, Windows 8 o Windows 7macOS\u00ae 10.10+<\/p>\n<p><strong>Contenido Del Paquete<\/strong><\/p>\n<p>Volante- Pedales&nbsp; -Adaptador de alimentaci\u00f3n&nbsp; -Documentaci\u00f3n<\/p>\n","protected":false},"excerpt":{"rendered":"<p># DE PARTE:941-000110<\/p>\n","protected":false},"featured_media":3357,"template":"","meta":{"site-sidebar-layout":"default","site-content-layout":"","ast-site-content-layout":"default","site-content-style":"default","site-sidebar-style":"default","ast-global-header-display":"","ast-banner-title-visibility":"","ast-main-header-display":"","ast-hfb-above-header-display":"","ast-hfb-below-header-display":"","ast-hfb-mobile-header-display":"","site-post-title":"","ast-breadcrumbs-content":"","ast-featured-img":"","footer-sml-layout":"","ast-disable-related-posts":"","theme-transparent-header-meta":"","adv-header-id-meta":"","stick-header-meta":"","header-above-stick-meta":"","header-main-stick-meta":"","header-below-stick-meta":"","astra-migrate-meta-layouts":"default","ast-page-background-enabled":"default","ast-page-background-meta":{"desktop":{"background-color":"var(--ast-global-color-4)","background-image":"","background-repeat":"repeat","background-position":"center center","background-size":"auto","background-attachment":"scroll","background-type":"","background-media":"","overlay-type":"","overlay-color":"","overlay-opacity":"","overlay-gradient":""},"tablet":{"background-color":"","background-image":"","background-repeat":"repeat","background-position":"center center","background-size":"auto","background-attachment":"scroll","background-type":"","background-media":"","overlay-type":"","overlay-color":"","overlay-opacity":"","overlay-gradient":""},"mobile":{"background-color":"","background-image":"","background-repeat":"repeat","background-position":"center center","background-size":"auto","background-attachment":"scroll","background-type":"","background-media":"","overlay-type":"","overlay-color":"","overlay-opacity":"","overlay-gradient":""}},"ast-content-background-meta":{"desktop":{"background-color":"var(--ast-global-color-5)","background-image":"","background-repeat":"repeat","background-position":"center center","background-size":"auto","background-attachment":"scroll","background-type":"","background-media":"","overlay-type":"","overlay-color":"","overlay-opacity":"","overlay-gradient":""},"tablet":{"background-color":"var(--ast-global-color-5)","background-image":"","background-repeat":"repeat","background-position":"center center","background-size":"auto","background-attachment":"scroll","background-type":"","background-media":"","overlay-type":"","overlay-color":"","overlay-opacity":"","overlay-gradient":""},"mobile":{"background-color":"var(--ast-global-color-5)","background-image":"","background-repeat":"repeat","background-position":"center center","background-size":"auto","background-attachment":"scroll","background-type":"","background-media":"","overlay-type":"","overlay-color":"","overlay-opacity":"","overlay-gradient":""}}},"product_brand":[],"product_cat":[55,120],"product_tag":[46],"class_list":{"0":"post-3294","1":"product","2":"type-product","3":"status-publish","4":"has-post-thumbnail","6":"product_cat-consolas-y-videojuegos","7":"product_cat-timones","8":"product_tag-logitech","9":"desktop-align-left","10":"tablet-align-left","11":"mobile-align-left","13":"first","14":"instock","15":"taxable","16":"shipping-taxable","17":"product-type-simple"},"yoast_head":"<!-- This site is optimized with the Yoast SEO plugin v27.4 - https:\/\/yoast.com\/product\/yoast-seo-wordpress\/ -->\n<title>Timon de Carreras Con Pedales Logitech G29 PS4 PS3 y PC - IntegralPro<\/title>\n<meta name=\"robots\" content=\"index, follow, max-snippet:-1, max-image-preview:large, max-video-preview:-1\" \/>\n<link rel=\"canonical\" href=\"https:\/\/www.integralpro.com.co\/index.php\/producto\/timon-de-carreras-con-pedales-logitech-g29-ps4-ps3-y-pc\/\" \/>\n<meta property=\"og:locale\" content=\"es_ES\" \/>\n<meta property=\"og:type\" content=\"article\" \/>\n<meta property=\"og:title\" content=\"Timon de Carreras Con Pedales Logitech G29 PS4 PS3 y PC - IntegralPro\" \/>\n<meta property=\"og:description\" content=\"# DE PARTE:941-000110\" \/>\n<meta property=\"og:url\" content=\"https:\/\/www.integralpro.com.co\/index.php\/producto\/timon-de-carreras-con-pedales-logitech-g29-ps4-ps3-y-pc\/\" \/>\n<meta property=\"og:site_name\" content=\"IntegralPro\" \/>\n<meta property=\"article:modified_time\" content=\"2021-02-19T20:05:04+00:00\" \/>\n<meta property=\"og:image\" content=\"https:\/\/www.integralpro.com.co\/wp-content\/uploads\/2021\/02\/a50faed036726a9e213f8bd49a26744e.jpg\" \/>\n\t<meta property=\"og:image:width\" content=\"1280\" \/>\n\t<meta property=\"og:image:height\" content=\"960\" \/>\n\t<meta property=\"og:image:type\" content=\"image\/jpeg\" \/>\n<meta name=\"twitter:card\" content=\"summary_large_image\" \/>\n<meta name=\"twitter:label1\" content=\"Tiempo de lectura\" \/>\n\t<meta name=\"twitter:data1\" content=\"2 minutos\" \/>\n<script type=\"application\/ld+json\" class=\"yoast-schema-graph\">{\"@context\":\"https:\\\/\\\/schema.org\",\"@graph\":[{\"@type\":\"WebPage\",\"@id\":\"https:\\\/\\\/www.integralpro.com.co\\\/index.php\\\/producto\\\/timon-de-carreras-con-pedales-logitech-g29-ps4-ps3-y-pc\\\/\",\"url\":\"https:\\\/\\\/www.integralpro.com.co\\\/index.php\\\/producto\\\/timon-de-carreras-con-pedales-logitech-g29-ps4-ps3-y-pc\\\/\",\"name\":\"Timon de Carreras Con Pedales Logitech G29 PS4 PS3 y PC - IntegralPro\",\"isPartOf\":{\"@id\":\"https:\\\/\\\/www.integralpro.com.co\\\/#website\"},\"primaryImageOfPage\":{\"@id\":\"https:\\\/\\\/www.integralpro.com.co\\\/index.php\\\/producto\\\/timon-de-carreras-con-pedales-logitech-g29-ps4-ps3-y-pc\\\/#primaryimage\"},\"image\":{\"@id\":\"https:\\\/\\\/www.integralpro.com.co\\\/index.php\\\/producto\\\/timon-de-carreras-con-pedales-logitech-g29-ps4-ps3-y-pc\\\/#primaryimage\"},\"thumbnailUrl\":\"https:\\\/\\\/www.integralpro.com.co\\\/wp-content\\\/uploads\\\/2021\\\/02\\\/a50faed036726a9e213f8bd49a26744e.jpg\",\"datePublished\":\"2021-02-19T20:04:28+00:00\",\"dateModified\":\"2021-02-19T20:05:04+00:00\",\"breadcrumb\":{\"@id\":\"https:\\\/\\\/www.integralpro.com.co\\\/index.php\\\/producto\\\/timon-de-carreras-con-pedales-logitech-g29-ps4-ps3-y-pc\\\/#breadcrumb\"},\"inLanguage\":\"es\",\"potentialAction\":[{\"@type\":\"ReadAction\",\"target\":[\"https:\\\/\\\/www.integralpro.com.co\\\/index.php\\\/producto\\\/timon-de-carreras-con-pedales-logitech-g29-ps4-ps3-y-pc\\\/\"]}]},{\"@type\":\"ImageObject\",\"inLanguage\":\"es\",\"@id\":\"https:\\\/\\\/www.integralpro.com.co\\\/index.php\\\/producto\\\/timon-de-carreras-con-pedales-logitech-g29-ps4-ps3-y-pc\\\/#primaryimage\",\"url\":\"https:\\\/\\\/www.integralpro.com.co\\\/wp-content\\\/uploads\\\/2021\\\/02\\\/a50faed036726a9e213f8bd49a26744e.jpg\",\"contentUrl\":\"https:\\\/\\\/www.integralpro.com.co\\\/wp-content\\\/uploads\\\/2021\\\/02\\\/a50faed036726a9e213f8bd49a26744e.jpg\",\"width\":1280,\"height\":960},{\"@type\":\"BreadcrumbList\",\"@id\":\"https:\\\/\\\/www.integralpro.com.co\\\/index.php\\\/producto\\\/timon-de-carreras-con-pedales-logitech-g29-ps4-ps3-y-pc\\\/#breadcrumb\",\"itemListElement\":[{\"@type\":\"ListItem\",\"position\":1,\"name\":\"Portada\",\"item\":\"https:\\\/\\\/www.integralpro.com.co\\\/\"},{\"@type\":\"ListItem\",\"position\":2,\"name\":\"Tienda\",\"item\":\"https:\\\/\\\/www.integralpro.com.co\\\/index.php\\\/tienda\\\/\"},{\"@type\":\"ListItem\",\"position\":3,\"name\":\"Timon de Carreras Con Pedales Logitech G29 PS4 PS3 y PC\"}]},{\"@type\":\"WebSite\",\"@id\":\"https:\\\/\\\/www.integralpro.com.co\\\/#website\",\"url\":\"https:\\\/\\\/www.integralpro.com.co\\\/\",\"name\":\"IntegralPro\",\"description\":\"Tienda de Tecnolog\u00eda en L\u00ednea\",\"publisher\":{\"@id\":\"https:\\\/\\\/www.integralpro.com.co\\\/#organization\"},\"potentialAction\":[{\"@type\":\"SearchAction\",\"target\":{\"@type\":\"EntryPoint\",\"urlTemplate\":\"https:\\\/\\\/www.integralpro.com.co\\\/?s={search_term_string}\"},\"query-input\":{\"@type\":\"PropertyValueSpecification\",\"valueRequired\":true,\"valueName\":\"search_term_string\"}}],\"inLanguage\":\"es\"},{\"@type\":\"Organization\",\"@id\":\"https:\\\/\\\/www.integralpro.com.co\\\/#organization\",\"name\":\"IntegralPro SAS\",\"url\":\"https:\\\/\\\/www.integralpro.com.co\\\/\",\"logo\":{\"@type\":\"ImageObject\",\"inLanguage\":\"es\",\"@id\":\"https:\\\/\\\/www.integralpro.com.co\\\/#\\\/schema\\\/logo\\\/image\\\/\",\"url\":\"https:\\\/\\\/www.integralpro.com.co\\\/wp-content\\\/uploads\\\/2021\\\/02\\\/logo-def.jpg\",\"contentUrl\":\"https:\\\/\\\/www.integralpro.com.co\\\/wp-content\\\/uploads\\\/2021\\\/02\\\/logo-def.jpg\",\"width\":238,\"height\":234,\"caption\":\"IntegralPro SAS\"},\"image\":{\"@id\":\"https:\\\/\\\/www.integralpro.com.co\\\/#\\\/schema\\\/logo\\\/image\\\/\"}}]}<\/script>\n<!-- \/ Yoast SEO plugin. -->","yoast_head_json":{"title":"Timon de Carreras Con Pedales Logitech G29 PS4 PS3 y PC - IntegralPro","robots":{"index":"index","follow":"follow","max-snippet":"max-snippet:-1","max-image-preview":"max-image-preview:large","max-video-preview":"max-video-preview:-1"},"canonical":"https:\/\/www.integralpro.com.co\/index.php\/producto\/timon-de-carreras-con-pedales-logitech-g29-ps4-ps3-y-pc\/","og_locale":"es_ES","og_type":"article","og_title":"Timon de Carreras Con Pedales Logitech G29 PS4 PS3 y PC - IntegralPro","og_description":"# DE PARTE:941-000110","og_url":"https:\/\/www.integralpro.com.co\/index.php\/producto\/timon-de-carreras-con-pedales-logitech-g29-ps4-ps3-y-pc\/","og_site_name":"IntegralPro","article_modified_time":"2021-02-19T20:05:04+00:00","og_image":[{"width":1280,"height":960,"url":"https:\/\/www.integralpro.com.co\/wp-content\/uploads\/2021\/02\/a50faed036726a9e213f8bd49a26744e.jpg","type":"image\/jpeg"}],"twitter_card":"summary_large_image","twitter_misc":{"Tiempo de lectura":"2 minutos"},"schema":{"@context":"https:\/\/schema.org","@graph":[{"@type":"WebPage","@id":"https:\/\/www.integralpro.com.co\/index.php\/producto\/timon-de-carreras-con-pedales-logitech-g29-ps4-ps3-y-pc\/","url":"https:\/\/www.integralpro.com.co\/index.php\/producto\/timon-de-carreras-con-pedales-logitech-g29-ps4-ps3-y-pc\/","name":"Timon de Carreras Con Pedales Logitech G29 PS4 PS3 y PC - IntegralPro","isPartOf":{"@id":"https:\/\/www.integralpro.com.co\/#website"},"primaryImageOfPage":{"@id":"https:\/\/www.integralpro.com.co\/index.php\/producto\/timon-de-carreras-con-pedales-logitech-g29-ps4-ps3-y-pc\/#primaryimage"},"image":{"@id":"https:\/\/www.integralpro.com.co\/index.php\/producto\/timon-de-carreras-con-pedales-logitech-g29-ps4-ps3-y-pc\/#primaryimage"},"thumbnailUrl":"https:\/\/www.integralpro.com.co\/wp-content\/uploads\/2021\/02\/a50faed036726a9e213f8bd49a26744e.jpg","datePublished":"2021-02-19T20:04:28+00:00","dateModified":"2021-02-19T20:05:04+00:00","breadcrumb":{"@id":"https:\/\/www.integralpro.com.co\/index.php\/producto\/timon-de-carreras-con-pedales-logitech-g29-ps4-ps3-y-pc\/#breadcrumb"},"inLanguage":"es","potentialAction":[{"@type":"ReadAction","target":["https:\/\/www.integralpro.com.co\/index.php\/producto\/timon-de-carreras-con-pedales-logitech-g29-ps4-ps3-y-pc\/"]}]},{"@type":"ImageObject","inLanguage":"es","@id":"https:\/\/www.integralpro.com.co\/index.php\/producto\/timon-de-carreras-con-pedales-logitech-g29-ps4-ps3-y-pc\/#primaryimage","url":"https:\/\/www.integralpro.com.co\/wp-content\/uploads\/2021\/02\/a50faed036726a9e213f8bd49a26744e.jpg","contentUrl":"https:\/\/www.integralpro.com.co\/wp-content\/uploads\/2021\/02\/a50faed036726a9e213f8bd49a26744e.jpg","width":1280,"height":960},{"@type":"BreadcrumbList","@id":"https:\/\/www.integralpro.com.co\/index.php\/producto\/timon-de-carreras-con-pedales-logitech-g29-ps4-ps3-y-pc\/#breadcrumb","itemListElement":[{"@type":"ListItem","position":1,"name":"Portada","item":"https:\/\/www.integralpro.com.co\/"},{"@type":"ListItem","position":2,"name":"Tienda","item":"https:\/\/www.integralpro.com.co\/index.php\/tienda\/"},{"@type":"ListItem","position":3,"name":"Timon de Carreras Con Pedales Logitech G29 PS4 PS3 y PC"}]},{"@type":"WebSite","@id":"https:\/\/www.integralpro.com.co\/#website","url":"https:\/\/www.integralpro.com.co\/","name":"IntegralPro","description":"Tienda de Tecnolog\u00eda en L\u00ednea","publisher":{"@id":"https:\/\/www.integralpro.com.co\/#organization"},"potentialAction":[{"@type":"SearchAction","target":{"@type":"EntryPoint","urlTemplate":"https:\/\/www.integralpro.com.co\/?s={search_term_string}"},"query-input":{"@type":"PropertyValueSpecification","valueRequired":true,"valueName":"search_term_string"}}],"inLanguage":"es"},{"@type":"Organization","@id":"https:\/\/www.integralpro.com.co\/#organization","name":"IntegralPro SAS","url":"https:\/\/www.integralpro.com.co\/","logo":{"@type":"ImageObject","inLanguage":"es","@id":"https:\/\/www.integralpro.com.co\/#\/schema\/logo\/image\/","url":"https:\/\/www.integralpro.com.co\/wp-content\/uploads\/2021\/02\/logo-def.jpg","contentUrl":"https:\/\/www.integralpro.com.co\/wp-content\/uploads\/2021\/02\/logo-def.jpg","width":238,"height":234,"caption":"IntegralPro SAS"},"image":{"@id":"https:\/\/www.integralpro.com.co\/#\/schema\/logo\/image\/"}}]}},"_links":{"self":[{"href":"https:\/\/www.integralpro.com.co\/index.php\/wp-json\/wp\/v2\/product\/3294","targetHints":{"allow":["GET"]}}],"collection":[{"href":"https:\/\/www.integralpro.com.co\/index.php\/wp-json\/wp\/v2\/product"}],"about":[{"href":"https:\/\/www.integralpro.com.co\/index.php\/wp-json\/wp\/v2\/types\/product"}],"version-history":[{"count":1,"href":"https:\/\/www.integralpro.com.co\/index.php\/wp-json\/wp\/v2\/product\/3294\/revisions"}],"predecessor-version":[{"id":3358,"href":"https:\/\/www.integralpro.com.co\/index.php\/wp-json\/wp\/v2\/product\/3294\/revisions\/3358"}],"wp:featuredmedia":[{"embeddable":true,"href":"https:\/\/www.integralpro.com.co\/index.php\/wp-json\/wp\/v2\/media\/3357"}],"wp:attachment":[{"href":"https:\/\/www.integralpro.com.co\/index.php\/wp-json\/wp\/v2\/media?parent=3294"}],"wp:term":[{"taxonomy":"product_brand","embeddable":true,"href":"https:\/\/www.integralpro.com.co\/index.php\/wp-json\/wp\/v2\/product_brand?post=3294"},{"taxonomy":"product_cat","embeddable":true,"href":"https:\/\/www.integralpro.com.co\/index.php\/wp-json\/wp\/v2\/product_cat?post=3294"},{"taxonomy":"product_tag","embeddable":true,"href":"https:\/\/www.integralpro.com.co\/index.php\/wp-json\/wp\/v2\/product_tag?post=3294"}],"curies":[{"name":"wp","href":"https:\/\/api.w.org\/{rel}","templated":true}]}}