{"id":3293,"date":"2021-02-19T15:04:28","date_gmt":"2021-02-19T20:04:28","guid":{"rendered":"https:\/\/www.integralpro.com.co\/index.php\/producto\/import-placeholder-for-1561\/"},"modified":"2021-02-19T15:05:02","modified_gmt":"2021-02-19T20:05:02","slug":"switch-tp-link-t1500g-10mps-gigabit-8-puertos-2-ranuras-sfp","status":"publish","type":"product","link":"https:\/\/www.integralpro.com.co\/index.php\/producto\/switch-tp-link-t1500g-10mps-gigabit-8-puertos-2-ranuras-sfp\/","title":{"rendered":"Switch Tp Link T1500G 10Mps Gigabit 8 Puertos 2 Ranuras Sfp"},"content":{"rendered":"<p>Conmutador Switch Smart Gigabit PoE+ de 8 Puertos con 2 <br \/>Ranuras SFP JetStream de TP-LINK (T1500G-10MPS).<\/p>\n<p><\/p>\n<p><strong>Para que sirve <\/strong><\/p>\n<p><\/p>\n<p>El Smart Switch T1500G-10MPS JetStream de TP-Link est\u00e1 <br \/>especialmente dise\u00f1ado para las redes de peque\u00f1as y medianas empresas que <br \/>requieren una gesti\u00f3n de red eficiente. T1500G-10MPS viene con un conjunto <br \/>completo de caracter\u00edsticas, tales como Grupo de agregaci\u00f3n de enlaces, VLAN <br \/>802.1Q, Listas de control de acceso (ACL),<\/p>\n<p><\/p>\n<p><strong>Energ\u00eda sobre ethernet, est\u00e1ndar IEEE 802at\/af<\/strong><\/p>\n<p><\/p>\n<p>El T1500G-10MPS incluye 8 puertos PoE IEEE 802.3af\/at con una <br \/>potencia PoE total de 116W para alimentar cualquier dispositivo compatible con <br \/>est\u00e1ndar 802.3af\/at. Es una opci\u00f3n eficiente y rentable para trabajar con puntos <br \/>de acceso inal\u00e1mbricos, c\u00e1maras de vigilancia, tel\u00e9fonos IP y otros dispositivos <br \/>compatibles con PoE, sin necesidad de los cables o l\u00edneas de alimentaci\u00f3n. <br \/>Compacto y flexible, el T1500G-10MPS es ideal por la flexibilidad que ofrece la <br \/>tecnolog\u00eda PoE para desplegar puntos de acceso inal\u00e1mbricos o redes de c\u00e1maras <br \/>IP para proyectos o peque\u00f1os negocios.<\/p>\n<p><\/p>\n<p><strong>Caracter\u00edsticas Avanzadas de QoS<\/strong><\/p>\n<p><\/p>\n<p>Para integrar voz, datos y video en una red, el switch aplica <br \/>pol\u00edticas ricas de QoS. El administrador puede decidir la prioridad del tr\u00e1fico <br \/>bas\u00e1ndose en una variedad de medios, incluyendo prioridad por puerto, prioridad <br \/>802.1P y prioridad DSCP, para asegurar que la voz y el v\u00eddeo est\u00e9n siempre <br \/>limpios, suaves y libres de jitter. En combinaci\u00f3n con la VLAN de voz que <br \/>soporta el switch, la aplicaci\u00f3n de voz funcionar\u00e1 con un rendimiento mucho m\u00e1s <br \/>suave.<\/p>\n<p><\/p>\n<p><strong>Abundantes Funcionalidades de Capa 2<\/strong><\/p>\n<p><\/p>\n<p>Para una mayor aplicaci\u00f3n de los switches de capa 2, el <br \/>T1500G-10MPS soporta una completa gama de caracter\u00edsticas de la capa 2, <br \/>incluyendo la etiqueta VLAN 802.1Q, aislamiento de puertos, Aislamiento de <br \/>puertos, STP \/ RSTP \/ MSTP; Protocolo de control de agregaci\u00f3n de enlaces y <br \/>funci\u00f3n de control de flujo 802.3x. Adem\u00e1s, los switches proporcionan funciones <br \/>avanzadas para el mantenimiento de la red, como la detecci\u00f3n de retroceso en <br \/>bucle, los diagn\u00f3sticos de cable y la vigilancia IGMP. IGMP Snooping asegura que <br \/>el switch env\u00ede la transmisi\u00f3n de multidifusi\u00f3n de forma inteligente s\u00f3lo a los <br \/>dispositivos adecuados mientras que la limitaci\u00f3n de IGMP y la filtraci\u00f3n <br \/>restringen a cada dispositivo a nivel de puerto para evitar el acceso a <br \/>multidifusi\u00f3n no autorizado.<\/p>\n<p><\/p>\n<p><strong>Funcionalidades de Gesti\u00f3n a Nivel Empresarial<\/strong><\/p>\n<p><\/p>\n<p>El T1500G-10MPS es f\u00e1cil de usar y administrar. Soporta varias <br \/>caracter\u00edsticas de gesti\u00f3n amigables, como un intuitivo Interfaz Gr\u00e1fico de <br \/>Usuario web (GUI) o el est\u00e1ndar de industria para la Interfaz de de L\u00ednea de <br \/>Comandos (CLI), SNMP (v1\/2\/3) y soporte RMON que permite al switch ser sondeado <br \/>para obtener informaci\u00f3n y enviar capturas de eventos anormales.<\/p>\n<p><\/p>\n<p><strong>Compatibilidad<\/strong><\/p>\n<p><\/p>\n<p>Es compatible con Microsoft Windows XP, Vista, Windows 7 o <br \/>Windows 8, MAC OS, NetWare, UNIX o Linux.<\/p>\n<p><strong>Especificaciones T\u00e9cnicas<\/strong><\/p>\n<p><\/p>\n<p>Dimensiones: 29 x 18 x 4 cm<\/p>\n<p>Peso: 2.5kg<\/p>\n<p>Interfaz 8 Puertos RJ45 10\/100\/1000Mbps que soportan PoE+ 2 Ranuras SFP <br \/>100\/1000Mbps (Auto Negociaci\u00f3n\/Auto MDI\/MDIX) <\/p>\n<p>Est\u00e1ndares y Protocolos IEEE 802.3i, IEEE 802.3u, IEEE 802.3ab, IEEE802.3z, IEEE <br \/>802.3ad, IEEE 802.3x, IEEE 802.3af, IEEE 802.3at, IEEE 802.1d, IEEE 802.1s, IEEE <br \/>802.1w, IEEE 802.1q, IEEE 802.1x, IEEE 802.1p <\/p>\n<p>Medios de Red 10BASE-T: UTP\/STP categor\u00eda 3, 4, 5 cable (m\u00e1ximo 100m) <br \/>100BASE-TX\/1000Base-T: UTP categor\u00eda 5, 5e o superior m\u00e1ximo 100m) 100Base-FX: <br \/>MMF M\u00f3dulo SFP 1000BASE-X: MMF, SMF<\/p>\n<p>Cantidad de Ventiladores 1<\/p>\n<p>Puertos PoE+ (RJ45) Est\u00e1ndard: 802.3at\/af Puertos PoE+: 8 Puertos Potencia <br \/>m\u00e1xima: 116W<\/p>\n<p>Capacidad de Conmutaci\u00f3n 20Gbps Tasa de Reenv\u00edo de Paquetes 14.9Mpps <\/p>\n<p>Tabla de Direcciones MAC 8K Memoria del Buffer de Paquete 512KB<\/p>\n<p>Temperatura de funcionamiento: Entre 0 y 50 \u00b0C <\/p>\n<p>Temperatura de almacenamiento: Entre -40 y 70 \u00b0C <\/p>\n<p>Humedad de funcionamiento: Entre 10 y 90 % de humedad relativa <\/p>\n<p>Humedad de almacenamiento: Entre 10 y 90 % de humedad relativa (sin <br \/>condensaci\u00f3n)<\/p>\n<p><\/p>\n<p><strong>Contenido Del Paquete<\/strong><\/p>\n<p><\/p>\n<p>Switch &#8211; Documentaci\u00f3n<\/p>\n","protected":false},"excerpt":{"rendered":"<p># DE PARTE:T1500G-10MPS<\/p>\n","protected":false},"featured_media":3355,"template":"","meta":{"site-sidebar-layout":"default","site-content-layout":"","ast-site-content-layout":"default","site-content-style":"default","site-sidebar-style":"default","ast-global-header-display":"","ast-banner-title-visibility":"","ast-main-header-display":"","ast-hfb-above-header-display":"","ast-hfb-below-header-display":"","ast-hfb-mobile-header-display":"","site-post-title":"","ast-breadcrumbs-content":"","ast-featured-img":"","footer-sml-layout":"","ast-disable-related-posts":"","theme-transparent-header-meta":"","adv-header-id-meta":"","stick-header-meta":"","header-above-stick-meta":"","header-main-stick-meta":"","header-below-stick-meta":"","astra-migrate-meta-layouts":"default","ast-page-background-enabled":"default","ast-page-background-meta":{"desktop":{"background-color":"var(--ast-global-color-4)","background-image":"","background-repeat":"repeat","background-position":"center center","background-size":"auto","background-attachment":"scroll","background-type":"","background-media":"","overlay-type":"","overlay-color":"","overlay-opacity":"","overlay-gradient":""},"tablet":{"background-color":"","background-image":"","background-repeat":"repeat","background-position":"center center","background-size":"auto","background-attachment":"scroll","background-type":"","background-media":"","overlay-type":"","overlay-color":"","overlay-opacity":"","overlay-gradient":""},"mobile":{"background-color":"","background-image":"","background-repeat":"repeat","background-position":"center center","background-size":"auto","background-attachment":"scroll","background-type":"","background-media":"","overlay-type":"","overlay-color":"","overlay-opacity":"","overlay-gradient":""}},"ast-content-background-meta":{"desktop":{"background-color":"var(--ast-global-color-5)","background-image":"","background-repeat":"repeat","background-position":"center center","background-size":"auto","background-attachment":"scroll","background-type":"","background-media":"","overlay-type":"","overlay-color":"","overlay-opacity":"","overlay-gradient":""},"tablet":{"background-color":"var(--ast-global-color-5)","background-image":"","background-repeat":"repeat","background-position":"center center","background-size":"auto","background-attachment":"scroll","background-type":"","background-media":"","overlay-type":"","overlay-color":"","overlay-opacity":"","overlay-gradient":""},"mobile":{"background-color":"var(--ast-global-color-5)","background-image":"","background-repeat":"repeat","background-position":"center center","background-size":"auto","background-attachment":"scroll","background-type":"","background-media":"","overlay-type":"","overlay-color":"","overlay-opacity":"","overlay-gradient":""}}},"product_brand":[],"product_cat":[62,151],"product_tag":[45],"class_list":{"0":"post-3293","1":"product","2":"type-product","3":"status-publish","4":"has-post-thumbnail","6":"product_cat-redes","7":"product_cat-switch","8":"product_tag-tp-link","9":"desktop-align-left","10":"tablet-align-left","11":"mobile-align-left","13":"first","14":"instock","15":"taxable","16":"shipping-taxable","17":"product-type-simple"},"yoast_head":"<!-- This site is optimized with the Yoast SEO plugin v27.4 - https:\/\/yoast.com\/product\/yoast-seo-wordpress\/ -->\n<title>Switch Tp Link T1500G 10Mps Gigabit 8 Puertos 2 Ranuras Sfp - IntegralPro<\/title>\n<meta name=\"robots\" content=\"index, follow, max-snippet:-1, max-image-preview:large, max-video-preview:-1\" \/>\n<link rel=\"canonical\" href=\"https:\/\/www.integralpro.com.co\/index.php\/producto\/switch-tp-link-t1500g-10mps-gigabit-8-puertos-2-ranuras-sfp\/\" \/>\n<meta property=\"og:locale\" content=\"es_ES\" \/>\n<meta property=\"og:type\" content=\"article\" \/>\n<meta property=\"og:title\" content=\"Switch Tp Link T1500G 10Mps Gigabit 8 Puertos 2 Ranuras Sfp - IntegralPro\" \/>\n<meta property=\"og:description\" content=\"# DE PARTE:T1500G-10MPS\" \/>\n<meta property=\"og:url\" content=\"https:\/\/www.integralpro.com.co\/index.php\/producto\/switch-tp-link-t1500g-10mps-gigabit-8-puertos-2-ranuras-sfp\/\" \/>\n<meta property=\"og:site_name\" content=\"IntegralPro\" \/>\n<meta property=\"article:modified_time\" content=\"2021-02-19T20:05:02+00:00\" \/>\n<meta property=\"og:image\" content=\"https:\/\/www.integralpro.com.co\/wp-content\/uploads\/2021\/02\/c784064101b1c1143c42f09f2e2e87b4.jpg\" \/>\n\t<meta property=\"og:image:width\" content=\"800\" \/>\n\t<meta property=\"og:image:height\" content=\"800\" \/>\n\t<meta property=\"og:image:type\" content=\"image\/jpeg\" \/>\n<meta name=\"twitter:card\" content=\"summary_large_image\" \/>\n<meta name=\"twitter:label1\" content=\"Tiempo de lectura\" \/>\n\t<meta name=\"twitter:data1\" content=\"3 minutos\" \/>\n<script type=\"application\/ld+json\" class=\"yoast-schema-graph\">{\"@context\":\"https:\\\/\\\/schema.org\",\"@graph\":[{\"@type\":\"WebPage\",\"@id\":\"https:\\\/\\\/www.integralpro.com.co\\\/index.php\\\/producto\\\/switch-tp-link-t1500g-10mps-gigabit-8-puertos-2-ranuras-sfp\\\/\",\"url\":\"https:\\\/\\\/www.integralpro.com.co\\\/index.php\\\/producto\\\/switch-tp-link-t1500g-10mps-gigabit-8-puertos-2-ranuras-sfp\\\/\",\"name\":\"Switch Tp Link T1500G 10Mps Gigabit 8 Puertos 2 Ranuras Sfp - IntegralPro\",\"isPartOf\":{\"@id\":\"https:\\\/\\\/www.integralpro.com.co\\\/#website\"},\"primaryImageOfPage\":{\"@id\":\"https:\\\/\\\/www.integralpro.com.co\\\/index.php\\\/producto\\\/switch-tp-link-t1500g-10mps-gigabit-8-puertos-2-ranuras-sfp\\\/#primaryimage\"},\"image\":{\"@id\":\"https:\\\/\\\/www.integralpro.com.co\\\/index.php\\\/producto\\\/switch-tp-link-t1500g-10mps-gigabit-8-puertos-2-ranuras-sfp\\\/#primaryimage\"},\"thumbnailUrl\":\"https:\\\/\\\/www.integralpro.com.co\\\/wp-content\\\/uploads\\\/2021\\\/02\\\/c784064101b1c1143c42f09f2e2e87b4.jpg\",\"datePublished\":\"2021-02-19T20:04:28+00:00\",\"dateModified\":\"2021-02-19T20:05:02+00:00\",\"breadcrumb\":{\"@id\":\"https:\\\/\\\/www.integralpro.com.co\\\/index.php\\\/producto\\\/switch-tp-link-t1500g-10mps-gigabit-8-puertos-2-ranuras-sfp\\\/#breadcrumb\"},\"inLanguage\":\"es\",\"potentialAction\":[{\"@type\":\"ReadAction\",\"target\":[\"https:\\\/\\\/www.integralpro.com.co\\\/index.php\\\/producto\\\/switch-tp-link-t1500g-10mps-gigabit-8-puertos-2-ranuras-sfp\\\/\"]}]},{\"@type\":\"ImageObject\",\"inLanguage\":\"es\",\"@id\":\"https:\\\/\\\/www.integralpro.com.co\\\/index.php\\\/producto\\\/switch-tp-link-t1500g-10mps-gigabit-8-puertos-2-ranuras-sfp\\\/#primaryimage\",\"url\":\"https:\\\/\\\/www.integralpro.com.co\\\/wp-content\\\/uploads\\\/2021\\\/02\\\/c784064101b1c1143c42f09f2e2e87b4.jpg\",\"contentUrl\":\"https:\\\/\\\/www.integralpro.com.co\\\/wp-content\\\/uploads\\\/2021\\\/02\\\/c784064101b1c1143c42f09f2e2e87b4.jpg\",\"width\":800,\"height\":800},{\"@type\":\"BreadcrumbList\",\"@id\":\"https:\\\/\\\/www.integralpro.com.co\\\/index.php\\\/producto\\\/switch-tp-link-t1500g-10mps-gigabit-8-puertos-2-ranuras-sfp\\\/#breadcrumb\",\"itemListElement\":[{\"@type\":\"ListItem\",\"position\":1,\"name\":\"Portada\",\"item\":\"https:\\\/\\\/www.integralpro.com.co\\\/\"},{\"@type\":\"ListItem\",\"position\":2,\"name\":\"Tienda\",\"item\":\"https:\\\/\\\/www.integralpro.com.co\\\/index.php\\\/tienda\\\/\"},{\"@type\":\"ListItem\",\"position\":3,\"name\":\"Switch Tp Link T1500G 10Mps Gigabit 8 Puertos 2 Ranuras Sfp\"}]},{\"@type\":\"WebSite\",\"@id\":\"https:\\\/\\\/www.integralpro.com.co\\\/#website\",\"url\":\"https:\\\/\\\/www.integralpro.com.co\\\/\",\"name\":\"IntegralPro\",\"description\":\"Tienda de Tecnolog\u00eda en L\u00ednea\",\"publisher\":{\"@id\":\"https:\\\/\\\/www.integralpro.com.co\\\/#organization\"},\"potentialAction\":[{\"@type\":\"SearchAction\",\"target\":{\"@type\":\"EntryPoint\",\"urlTemplate\":\"https:\\\/\\\/www.integralpro.com.co\\\/?s={search_term_string}\"},\"query-input\":{\"@type\":\"PropertyValueSpecification\",\"valueRequired\":true,\"valueName\":\"search_term_string\"}}],\"inLanguage\":\"es\"},{\"@type\":\"Organization\",\"@id\":\"https:\\\/\\\/www.integralpro.com.co\\\/#organization\",\"name\":\"IntegralPro SAS\",\"url\":\"https:\\\/\\\/www.integralpro.com.co\\\/\",\"logo\":{\"@type\":\"ImageObject\",\"inLanguage\":\"es\",\"@id\":\"https:\\\/\\\/www.integralpro.com.co\\\/#\\\/schema\\\/logo\\\/image\\\/\",\"url\":\"https:\\\/\\\/www.integralpro.com.co\\\/wp-content\\\/uploads\\\/2021\\\/02\\\/logo-def.jpg\",\"contentUrl\":\"https:\\\/\\\/www.integralpro.com.co\\\/wp-content\\\/uploads\\\/2021\\\/02\\\/logo-def.jpg\",\"width\":238,\"height\":234,\"caption\":\"IntegralPro SAS\"},\"image\":{\"@id\":\"https:\\\/\\\/www.integralpro.com.co\\\/#\\\/schema\\\/logo\\\/image\\\/\"}}]}<\/script>\n<!-- \/ Yoast SEO plugin. -->","yoast_head_json":{"title":"Switch Tp Link T1500G 10Mps Gigabit 8 Puertos 2 Ranuras Sfp - IntegralPro","robots":{"index":"index","follow":"follow","max-snippet":"max-snippet:-1","max-image-preview":"max-image-preview:large","max-video-preview":"max-video-preview:-1"},"canonical":"https:\/\/www.integralpro.com.co\/index.php\/producto\/switch-tp-link-t1500g-10mps-gigabit-8-puertos-2-ranuras-sfp\/","og_locale":"es_ES","og_type":"article","og_title":"Switch Tp Link T1500G 10Mps Gigabit 8 Puertos 2 Ranuras Sfp - IntegralPro","og_description":"# DE PARTE:T1500G-10MPS","og_url":"https:\/\/www.integralpro.com.co\/index.php\/producto\/switch-tp-link-t1500g-10mps-gigabit-8-puertos-2-ranuras-sfp\/","og_site_name":"IntegralPro","article_modified_time":"2021-02-19T20:05:02+00:00","og_image":[{"width":800,"height":800,"url":"https:\/\/www.integralpro.com.co\/wp-content\/uploads\/2021\/02\/c784064101b1c1143c42f09f2e2e87b4.jpg","type":"image\/jpeg"}],"twitter_card":"summary_large_image","twitter_misc":{"Tiempo de lectura":"3 minutos"},"schema":{"@context":"https:\/\/schema.org","@graph":[{"@type":"WebPage","@id":"https:\/\/www.integralpro.com.co\/index.php\/producto\/switch-tp-link-t1500g-10mps-gigabit-8-puertos-2-ranuras-sfp\/","url":"https:\/\/www.integralpro.com.co\/index.php\/producto\/switch-tp-link-t1500g-10mps-gigabit-8-puertos-2-ranuras-sfp\/","name":"Switch Tp Link T1500G 10Mps Gigabit 8 Puertos 2 Ranuras Sfp - IntegralPro","isPartOf":{"@id":"https:\/\/www.integralpro.com.co\/#website"},"primaryImageOfPage":{"@id":"https:\/\/www.integralpro.com.co\/index.php\/producto\/switch-tp-link-t1500g-10mps-gigabit-8-puertos-2-ranuras-sfp\/#primaryimage"},"image":{"@id":"https:\/\/www.integralpro.com.co\/index.php\/producto\/switch-tp-link-t1500g-10mps-gigabit-8-puertos-2-ranuras-sfp\/#primaryimage"},"thumbnailUrl":"https:\/\/www.integralpro.com.co\/wp-content\/uploads\/2021\/02\/c784064101b1c1143c42f09f2e2e87b4.jpg","datePublished":"2021-02-19T20:04:28+00:00","dateModified":"2021-02-19T20:05:02+00:00","breadcrumb":{"@id":"https:\/\/www.integralpro.com.co\/index.php\/producto\/switch-tp-link-t1500g-10mps-gigabit-8-puertos-2-ranuras-sfp\/#breadcrumb"},"inLanguage":"es","potentialAction":[{"@type":"ReadAction","target":["https:\/\/www.integralpro.com.co\/index.php\/producto\/switch-tp-link-t1500g-10mps-gigabit-8-puertos-2-ranuras-sfp\/"]}]},{"@type":"ImageObject","inLanguage":"es","@id":"https:\/\/www.integralpro.com.co\/index.php\/producto\/switch-tp-link-t1500g-10mps-gigabit-8-puertos-2-ranuras-sfp\/#primaryimage","url":"https:\/\/www.integralpro.com.co\/wp-content\/uploads\/2021\/02\/c784064101b1c1143c42f09f2e2e87b4.jpg","contentUrl":"https:\/\/www.integralpro.com.co\/wp-content\/uploads\/2021\/02\/c784064101b1c1143c42f09f2e2e87b4.jpg","width":800,"height":800},{"@type":"BreadcrumbList","@id":"https:\/\/www.integralpro.com.co\/index.php\/producto\/switch-tp-link-t1500g-10mps-gigabit-8-puertos-2-ranuras-sfp\/#breadcrumb","itemListElement":[{"@type":"ListItem","position":1,"name":"Portada","item":"https:\/\/www.integralpro.com.co\/"},{"@type":"ListItem","position":2,"name":"Tienda","item":"https:\/\/www.integralpro.com.co\/index.php\/tienda\/"},{"@type":"ListItem","position":3,"name":"Switch Tp Link T1500G 10Mps Gigabit 8 Puertos 2 Ranuras Sfp"}]},{"@type":"WebSite","@id":"https:\/\/www.integralpro.com.co\/#website","url":"https:\/\/www.integralpro.com.co\/","name":"IntegralPro","description":"Tienda de Tecnolog\u00eda en L\u00ednea","publisher":{"@id":"https:\/\/www.integralpro.com.co\/#organization"},"potentialAction":[{"@type":"SearchAction","target":{"@type":"EntryPoint","urlTemplate":"https:\/\/www.integralpro.com.co\/?s={search_term_string}"},"query-input":{"@type":"PropertyValueSpecification","valueRequired":true,"valueName":"search_term_string"}}],"inLanguage":"es"},{"@type":"Organization","@id":"https:\/\/www.integralpro.com.co\/#organization","name":"IntegralPro SAS","url":"https:\/\/www.integralpro.com.co\/","logo":{"@type":"ImageObject","inLanguage":"es","@id":"https:\/\/www.integralpro.com.co\/#\/schema\/logo\/image\/","url":"https:\/\/www.integralpro.com.co\/wp-content\/uploads\/2021\/02\/logo-def.jpg","contentUrl":"https:\/\/www.integralpro.com.co\/wp-content\/uploads\/2021\/02\/logo-def.jpg","width":238,"height":234,"caption":"IntegralPro SAS"},"image":{"@id":"https:\/\/www.integralpro.com.co\/#\/schema\/logo\/image\/"}}]}},"_links":{"self":[{"href":"https:\/\/www.integralpro.com.co\/index.php\/wp-json\/wp\/v2\/product\/3293","targetHints":{"allow":["GET"]}}],"collection":[{"href":"https:\/\/www.integralpro.com.co\/index.php\/wp-json\/wp\/v2\/product"}],"about":[{"href":"https:\/\/www.integralpro.com.co\/index.php\/wp-json\/wp\/v2\/types\/product"}],"version-history":[{"count":1,"href":"https:\/\/www.integralpro.com.co\/index.php\/wp-json\/wp\/v2\/product\/3293\/revisions"}],"predecessor-version":[{"id":3356,"href":"https:\/\/www.integralpro.com.co\/index.php\/wp-json\/wp\/v2\/product\/3293\/revisions\/3356"}],"wp:featuredmedia":[{"embeddable":true,"href":"https:\/\/www.integralpro.com.co\/index.php\/wp-json\/wp\/v2\/media\/3355"}],"wp:attachment":[{"href":"https:\/\/www.integralpro.com.co\/index.php\/wp-json\/wp\/v2\/media?parent=3293"}],"wp:term":[{"taxonomy":"product_brand","embeddable":true,"href":"https:\/\/www.integralpro.com.co\/index.php\/wp-json\/wp\/v2\/product_brand?post=3293"},{"taxonomy":"product_cat","embeddable":true,"href":"https:\/\/www.integralpro.com.co\/index.php\/wp-json\/wp\/v2\/product_cat?post=3293"},{"taxonomy":"product_tag","embeddable":true,"href":"https:\/\/www.integralpro.com.co\/index.php\/wp-json\/wp\/v2\/product_tag?post=3293"}],"curies":[{"name":"wp","href":"https:\/\/api.w.org\/{rel}","templated":true}]}}