{"id":3253,"date":"2021-02-19T15:04:05","date_gmt":"2021-02-19T20:04:05","guid":{"rendered":"https:\/\/www.integralpro.com.co\/index.php\/producto\/import-placeholder-for-1546\/"},"modified":"2021-02-19T15:04:36","modified_gmt":"2021-02-19T20:04:36","slug":"switch-pdu-tripp-lite-16-tomacorrientes-120v-20amp","status":"publish","type":"product","link":"https:\/\/www.integralpro.com.co\/index.php\/producto\/switch-pdu-tripp-lite-16-tomacorrientes-120v-20amp\/","title":{"rendered":"Switch Pdu Tripp Lite 16 Tomacorrientes 120V 20Amp"},"content":{"rendered":"<p>Switch o ATS \/ PDU Monof\u00e1scio Controlable de 1.9kW con <br \/>Interfaz de Plataforma LX, Tomacorrientes de 120V (16 5-15\/20R), 2 entradas de <br \/>120V L5-20P \/ 5-20P de 3.66 m [12 pies], instalaci\u00f3n de 1U en rack, TAA de <br \/>TRIPP-LITE.<\/p>\n<p><\/p>\n<p><strong>Distribuci\u00f3n de energ\u00eda <\/strong><\/p>\n<p><\/p>\n<p>Unidad de Distribuci\u00f3n de Energ\u00eda [PDU] de 20A 120V con <br \/>interfaz de red de Plataforma LX Switch de Transferencia Autom\u00e1tica [ATS] y <br \/>tomacorrientes controlables (Reducido de agencia a 16A). Proporciona una opci\u00f3n <br \/>de alimentaci\u00f3n redundante A\/B para equipo no redundante de red con un solo <br \/>cable de alimentaci\u00f3n.<\/p>\n<p><\/p>\n<p><strong>Pantalla<\/strong><\/p>\n<p><\/p>\n<p>La pantalla digital informa continuamente el consumo de <br \/>potencia de salida en Amperes.<\/p>\n<p><\/p>\n<p><strong>Tomas<\/strong><\/p>\n<p><\/p>\n<p>16 tomacorrientes controlables NEMA 5-15\/20R Factor de forma <br \/>para instalaci\u00f3n horizontal 1U en rack ; 36.8 cm [14.5&#8243;] de profundidad. Los <br \/>tomacorrientes est\u00e1n programados de f\u00e1brica para encendido secuencial a <br \/>intervalos de 250 milisegundos cuando el PDU se energiza inicialmente.<\/p>\n<p><\/p>\n<p><strong>Circuito ATS<\/strong><\/p>\n<p><\/p>\n<p>Los circuitos del ATS mantienen salida alimentada desde el <br \/>cable de alimentaci\u00f3n primaria. Cuando la energ\u00eda de alimentaci\u00f3n primaria falla <br \/>o se vuelve inestable, el ATS conmutar\u00e1 para mantener la salida desde el cable <br \/>de alimentaci\u00f3n secundaria hasta que se restablezca y estabilice la alimentaci\u00f3n <br \/>primaria. Las configuraciones del ATS permiten protecci\u00f3n Hot-Swap del UPS, <br \/>tolerante a fallas, al usarse con un solo UPS y protecci\u00f3n de UPS totalmente <br \/>redundante cuando cada cable de alimentaci\u00f3n se conecta a un sistema UPS <br \/>separado (en un ambiente con dos UPS, el cable de alimentaci\u00f3n primaria debe <br \/>estar soportado por un UPS en l\u00ednea, con cero tiempo de transferencia, similar a <br \/>la serie SmartOnline de Tripp Lite).<\/p>\n<p><\/p>\n<p><strong>Plataforma LX<\/strong><\/p>\n<p><\/p>\n<p>La interfaz de Plataforma LX permite el acceso remoto completo <br \/>para facilitar el monitoreo de la energ\u00eda con notificaciones por correo <br \/>electr\u00f3nico a trav\u00e9s de navegador Web seguro, SNMP, telnet o SSH. La <br \/>configuraci\u00f3n DHCP \/ Manual soporta Detecci\u00f3n Autom\u00e1tica de 10Mbps \/ 100Mbps.<\/p>\n<p><\/p>\n<p><strong>Sensor Autom\u00e1tico<\/strong><\/p>\n<p><\/p>\n<p>La funci\u00f3n del Sensor Autom\u00e1tico (Firmware 15.5.2 y superior) <br \/>comprueba el estado de conectividad de cualquier dispositivo en red y <br \/>autom\u00e1ticamente toma una o m\u00e1s acciones configuradas por el usuario si el <br \/>dispositivo no responde; las acciones incluyen el reinicio de tomacorrientes, <br \/>establecer trampas SNMP, grupos de SNMP OID e incluso la ejecuci\u00f3n del script <br \/>cuando se utiliza junto con el PowerAlert Network Shutdown Agent de Tripp Lite <br \/>[PANSA].<\/p>\n<p><\/p>\n<p><strong>LEDS<\/strong><\/p>\n<p><\/p>\n<p>Los LEDs del panel frontal confirman la disponibilidad de <br \/>energ\u00eda en ambas l\u00edneas de alimentaci\u00f3n.<\/p>\n<p><\/p>\n<p><strong>Especificaciones T\u00e9cnicas<\/strong><\/p>\n<p><\/p>\n<p>Dimensiones: 44 x 36 x 4 cm<\/p>\n<p>Peso: 7kg<\/p>\n<p>Compatibilidad de Frecuencia 50Hz \/ 60Hz <\/p>\n<p>Detalles de Capacidad de Salida Capacidad total 2.03kW (127V), 1.92kW (120V), <br \/>1.6kW (100V) \/ 20A (Reducido por agencia a 16A); 16 A m\u00e1ximo por tomacorrientes<\/p>\n<p>Tomacorrientes (16) 5-15\/20R <\/p>\n<p>Voltaje Nominal de Salida (V~) 100; 120; 127\/Voltaje de Entrada del PDU (V~) <br \/>100; 120; 127 <\/p>\n<p>Pantalla LCD del Panel Frontal La pantalla digital reporta la corriente total de <br \/>salida del PDU en amperes<\/p>\n<p>Servicio El\u00e9ctrico Recomendado 20A 120V <\/p>\n<p>Entrada M\u00e1xima en Amperes 20.0 <\/p>\n<p>Detalles de Entrada M\u00e1xima en Amperes <\/p>\n<p>Reducido por agencia a 16 A continuos <\/p>\n<p>Tipo de Clavija del PDU (2) NEMA 5-20P; (2) NEMA L5-20P<\/p>\n<p>Fase de Entrada Monof\u00e1sico <\/p>\n<p>Longitud del Cable de Alimentaci\u00f3n (m) 3.66<\/p>\n<p><\/p>\n<p><strong>Contenido Del Paquete<\/strong><\/p>\n<p><\/p>\n<p>Switch &#8211; Documentaci\u00f3n<\/p>\n","protected":false},"excerpt":{"rendered":"<p># DE PARTE:PDUMH20ATNET<\/p>\n","protected":false},"featured_media":3312,"template":"","meta":{"site-sidebar-layout":"default","site-content-layout":"","ast-site-content-layout":"default","site-content-style":"default","site-sidebar-style":"default","ast-global-header-display":"","ast-banner-title-visibility":"","ast-main-header-display":"","ast-hfb-above-header-display":"","ast-hfb-below-header-display":"","ast-hfb-mobile-header-display":"","site-post-title":"","ast-breadcrumbs-content":"","ast-featured-img":"","footer-sml-layout":"","ast-disable-related-posts":"","theme-transparent-header-meta":"","adv-header-id-meta":"","stick-header-meta":"","header-above-stick-meta":"","header-main-stick-meta":"","header-below-stick-meta":"","astra-migrate-meta-layouts":"default","ast-page-background-enabled":"default","ast-page-background-meta":{"desktop":{"background-color":"var(--ast-global-color-4)","background-image":"","background-repeat":"repeat","background-position":"center center","background-size":"auto","background-attachment":"scroll","background-type":"","background-media":"","overlay-type":"","overlay-color":"","overlay-opacity":"","overlay-gradient":""},"tablet":{"background-color":"","background-image":"","background-repeat":"repeat","background-position":"center center","background-size":"auto","background-attachment":"scroll","background-type":"","background-media":"","overlay-type":"","overlay-color":"","overlay-opacity":"","overlay-gradient":""},"mobile":{"background-color":"","background-image":"","background-repeat":"repeat","background-position":"center center","background-size":"auto","background-attachment":"scroll","background-type":"","background-media":"","overlay-type":"","overlay-color":"","overlay-opacity":"","overlay-gradient":""}},"ast-content-background-meta":{"desktop":{"background-color":"var(--ast-global-color-5)","background-image":"","background-repeat":"repeat","background-position":"center center","background-size":"auto","background-attachment":"scroll","background-type":"","background-media":"","overlay-type":"","overlay-color":"","overlay-opacity":"","overlay-gradient":""},"tablet":{"background-color":"var(--ast-global-color-5)","background-image":"","background-repeat":"repeat","background-position":"center center","background-size":"auto","background-attachment":"scroll","background-type":"","background-media":"","overlay-type":"","overlay-color":"","overlay-opacity":"","overlay-gradient":""},"mobile":{"background-color":"var(--ast-global-color-5)","background-image":"","background-repeat":"repeat","background-position":"center center","background-size":"auto","background-attachment":"scroll","background-type":"","background-media":"","overlay-type":"","overlay-color":"","overlay-opacity":"","overlay-gradient":""}}},"product_brand":[],"product_cat":[62,151],"product_tag":[473],"class_list":{"0":"post-3253","1":"product","2":"type-product","3":"status-publish","4":"has-post-thumbnail","6":"product_cat-redes","7":"product_cat-switch","8":"product_tag-tripplite","9":"desktop-align-left","10":"tablet-align-left","11":"mobile-align-left","13":"first","14":"instock","15":"taxable","16":"shipping-taxable","17":"product-type-simple"},"yoast_head":"<!-- This site is optimized with the Yoast SEO plugin v27.4 - https:\/\/yoast.com\/product\/yoast-seo-wordpress\/ -->\n<title>Switch Pdu Tripp Lite 16 Tomacorrientes 120V 20Amp - IntegralPro<\/title>\n<meta name=\"robots\" content=\"index, follow, max-snippet:-1, max-image-preview:large, max-video-preview:-1\" \/>\n<link rel=\"canonical\" href=\"https:\/\/www.integralpro.com.co\/index.php\/producto\/switch-pdu-tripp-lite-16-tomacorrientes-120v-20amp\/\" \/>\n<meta property=\"og:locale\" content=\"es_ES\" \/>\n<meta property=\"og:type\" content=\"article\" \/>\n<meta property=\"og:title\" content=\"Switch Pdu Tripp Lite 16 Tomacorrientes 120V 20Amp - IntegralPro\" \/>\n<meta property=\"og:description\" content=\"# DE PARTE:PDUMH20ATNET\" \/>\n<meta property=\"og:url\" content=\"https:\/\/www.integralpro.com.co\/index.php\/producto\/switch-pdu-tripp-lite-16-tomacorrientes-120v-20amp\/\" \/>\n<meta property=\"og:site_name\" content=\"IntegralPro\" \/>\n<meta property=\"article:modified_time\" content=\"2021-02-19T20:04:36+00:00\" \/>\n<meta property=\"og:image\" content=\"https:\/\/www.integralpro.com.co\/wp-content\/uploads\/2021\/02\/817fefc10ef108a26235ad656ad30e9c.jpg\" \/>\n\t<meta property=\"og:image:width\" content=\"800\" \/>\n\t<meta property=\"og:image:height\" content=\"800\" \/>\n\t<meta property=\"og:image:type\" content=\"image\/jpeg\" \/>\n<meta name=\"twitter:card\" content=\"summary_large_image\" \/>\n<meta name=\"twitter:label1\" content=\"Tiempo de lectura\" \/>\n\t<meta name=\"twitter:data1\" content=\"3 minutos\" \/>\n<script type=\"application\/ld+json\" class=\"yoast-schema-graph\">{\"@context\":\"https:\\\/\\\/schema.org\",\"@graph\":[{\"@type\":\"WebPage\",\"@id\":\"https:\\\/\\\/www.integralpro.com.co\\\/index.php\\\/producto\\\/switch-pdu-tripp-lite-16-tomacorrientes-120v-20amp\\\/\",\"url\":\"https:\\\/\\\/www.integralpro.com.co\\\/index.php\\\/producto\\\/switch-pdu-tripp-lite-16-tomacorrientes-120v-20amp\\\/\",\"name\":\"Switch Pdu Tripp Lite 16 Tomacorrientes 120V 20Amp - IntegralPro\",\"isPartOf\":{\"@id\":\"https:\\\/\\\/www.integralpro.com.co\\\/#website\"},\"primaryImageOfPage\":{\"@id\":\"https:\\\/\\\/www.integralpro.com.co\\\/index.php\\\/producto\\\/switch-pdu-tripp-lite-16-tomacorrientes-120v-20amp\\\/#primaryimage\"},\"image\":{\"@id\":\"https:\\\/\\\/www.integralpro.com.co\\\/index.php\\\/producto\\\/switch-pdu-tripp-lite-16-tomacorrientes-120v-20amp\\\/#primaryimage\"},\"thumbnailUrl\":\"https:\\\/\\\/www.integralpro.com.co\\\/wp-content\\\/uploads\\\/2021\\\/02\\\/817fefc10ef108a26235ad656ad30e9c.jpg\",\"datePublished\":\"2021-02-19T20:04:05+00:00\",\"dateModified\":\"2021-02-19T20:04:36+00:00\",\"breadcrumb\":{\"@id\":\"https:\\\/\\\/www.integralpro.com.co\\\/index.php\\\/producto\\\/switch-pdu-tripp-lite-16-tomacorrientes-120v-20amp\\\/#breadcrumb\"},\"inLanguage\":\"es\",\"potentialAction\":[{\"@type\":\"ReadAction\",\"target\":[\"https:\\\/\\\/www.integralpro.com.co\\\/index.php\\\/producto\\\/switch-pdu-tripp-lite-16-tomacorrientes-120v-20amp\\\/\"]}]},{\"@type\":\"ImageObject\",\"inLanguage\":\"es\",\"@id\":\"https:\\\/\\\/www.integralpro.com.co\\\/index.php\\\/producto\\\/switch-pdu-tripp-lite-16-tomacorrientes-120v-20amp\\\/#primaryimage\",\"url\":\"https:\\\/\\\/www.integralpro.com.co\\\/wp-content\\\/uploads\\\/2021\\\/02\\\/817fefc10ef108a26235ad656ad30e9c.jpg\",\"contentUrl\":\"https:\\\/\\\/www.integralpro.com.co\\\/wp-content\\\/uploads\\\/2021\\\/02\\\/817fefc10ef108a26235ad656ad30e9c.jpg\",\"width\":800,\"height\":800},{\"@type\":\"BreadcrumbList\",\"@id\":\"https:\\\/\\\/www.integralpro.com.co\\\/index.php\\\/producto\\\/switch-pdu-tripp-lite-16-tomacorrientes-120v-20amp\\\/#breadcrumb\",\"itemListElement\":[{\"@type\":\"ListItem\",\"position\":1,\"name\":\"Portada\",\"item\":\"https:\\\/\\\/www.integralpro.com.co\\\/\"},{\"@type\":\"ListItem\",\"position\":2,\"name\":\"Tienda\",\"item\":\"https:\\\/\\\/www.integralpro.com.co\\\/index.php\\\/tienda\\\/\"},{\"@type\":\"ListItem\",\"position\":3,\"name\":\"Switch Pdu Tripp Lite 16 Tomacorrientes 120V 20Amp\"}]},{\"@type\":\"WebSite\",\"@id\":\"https:\\\/\\\/www.integralpro.com.co\\\/#website\",\"url\":\"https:\\\/\\\/www.integralpro.com.co\\\/\",\"name\":\"IntegralPro\",\"description\":\"Tienda de Tecnolog\u00eda en L\u00ednea\",\"publisher\":{\"@id\":\"https:\\\/\\\/www.integralpro.com.co\\\/#organization\"},\"potentialAction\":[{\"@type\":\"SearchAction\",\"target\":{\"@type\":\"EntryPoint\",\"urlTemplate\":\"https:\\\/\\\/www.integralpro.com.co\\\/?s={search_term_string}\"},\"query-input\":{\"@type\":\"PropertyValueSpecification\",\"valueRequired\":true,\"valueName\":\"search_term_string\"}}],\"inLanguage\":\"es\"},{\"@type\":\"Organization\",\"@id\":\"https:\\\/\\\/www.integralpro.com.co\\\/#organization\",\"name\":\"IntegralPro SAS\",\"url\":\"https:\\\/\\\/www.integralpro.com.co\\\/\",\"logo\":{\"@type\":\"ImageObject\",\"inLanguage\":\"es\",\"@id\":\"https:\\\/\\\/www.integralpro.com.co\\\/#\\\/schema\\\/logo\\\/image\\\/\",\"url\":\"https:\\\/\\\/www.integralpro.com.co\\\/wp-content\\\/uploads\\\/2021\\\/02\\\/logo-def.jpg\",\"contentUrl\":\"https:\\\/\\\/www.integralpro.com.co\\\/wp-content\\\/uploads\\\/2021\\\/02\\\/logo-def.jpg\",\"width\":238,\"height\":234,\"caption\":\"IntegralPro SAS\"},\"image\":{\"@id\":\"https:\\\/\\\/www.integralpro.com.co\\\/#\\\/schema\\\/logo\\\/image\\\/\"}}]}<\/script>\n<!-- \/ Yoast SEO plugin. -->","yoast_head_json":{"title":"Switch Pdu Tripp Lite 16 Tomacorrientes 120V 20Amp - IntegralPro","robots":{"index":"index","follow":"follow","max-snippet":"max-snippet:-1","max-image-preview":"max-image-preview:large","max-video-preview":"max-video-preview:-1"},"canonical":"https:\/\/www.integralpro.com.co\/index.php\/producto\/switch-pdu-tripp-lite-16-tomacorrientes-120v-20amp\/","og_locale":"es_ES","og_type":"article","og_title":"Switch Pdu Tripp Lite 16 Tomacorrientes 120V 20Amp - IntegralPro","og_description":"# DE PARTE:PDUMH20ATNET","og_url":"https:\/\/www.integralpro.com.co\/index.php\/producto\/switch-pdu-tripp-lite-16-tomacorrientes-120v-20amp\/","og_site_name":"IntegralPro","article_modified_time":"2021-02-19T20:04:36+00:00","og_image":[{"width":800,"height":800,"url":"https:\/\/www.integralpro.com.co\/wp-content\/uploads\/2021\/02\/817fefc10ef108a26235ad656ad30e9c.jpg","type":"image\/jpeg"}],"twitter_card":"summary_large_image","twitter_misc":{"Tiempo de lectura":"3 minutos"},"schema":{"@context":"https:\/\/schema.org","@graph":[{"@type":"WebPage","@id":"https:\/\/www.integralpro.com.co\/index.php\/producto\/switch-pdu-tripp-lite-16-tomacorrientes-120v-20amp\/","url":"https:\/\/www.integralpro.com.co\/index.php\/producto\/switch-pdu-tripp-lite-16-tomacorrientes-120v-20amp\/","name":"Switch Pdu Tripp Lite 16 Tomacorrientes 120V 20Amp - IntegralPro","isPartOf":{"@id":"https:\/\/www.integralpro.com.co\/#website"},"primaryImageOfPage":{"@id":"https:\/\/www.integralpro.com.co\/index.php\/producto\/switch-pdu-tripp-lite-16-tomacorrientes-120v-20amp\/#primaryimage"},"image":{"@id":"https:\/\/www.integralpro.com.co\/index.php\/producto\/switch-pdu-tripp-lite-16-tomacorrientes-120v-20amp\/#primaryimage"},"thumbnailUrl":"https:\/\/www.integralpro.com.co\/wp-content\/uploads\/2021\/02\/817fefc10ef108a26235ad656ad30e9c.jpg","datePublished":"2021-02-19T20:04:05+00:00","dateModified":"2021-02-19T20:04:36+00:00","breadcrumb":{"@id":"https:\/\/www.integralpro.com.co\/index.php\/producto\/switch-pdu-tripp-lite-16-tomacorrientes-120v-20amp\/#breadcrumb"},"inLanguage":"es","potentialAction":[{"@type":"ReadAction","target":["https:\/\/www.integralpro.com.co\/index.php\/producto\/switch-pdu-tripp-lite-16-tomacorrientes-120v-20amp\/"]}]},{"@type":"ImageObject","inLanguage":"es","@id":"https:\/\/www.integralpro.com.co\/index.php\/producto\/switch-pdu-tripp-lite-16-tomacorrientes-120v-20amp\/#primaryimage","url":"https:\/\/www.integralpro.com.co\/wp-content\/uploads\/2021\/02\/817fefc10ef108a26235ad656ad30e9c.jpg","contentUrl":"https:\/\/www.integralpro.com.co\/wp-content\/uploads\/2021\/02\/817fefc10ef108a26235ad656ad30e9c.jpg","width":800,"height":800},{"@type":"BreadcrumbList","@id":"https:\/\/www.integralpro.com.co\/index.php\/producto\/switch-pdu-tripp-lite-16-tomacorrientes-120v-20amp\/#breadcrumb","itemListElement":[{"@type":"ListItem","position":1,"name":"Portada","item":"https:\/\/www.integralpro.com.co\/"},{"@type":"ListItem","position":2,"name":"Tienda","item":"https:\/\/www.integralpro.com.co\/index.php\/tienda\/"},{"@type":"ListItem","position":3,"name":"Switch Pdu Tripp Lite 16 Tomacorrientes 120V 20Amp"}]},{"@type":"WebSite","@id":"https:\/\/www.integralpro.com.co\/#website","url":"https:\/\/www.integralpro.com.co\/","name":"IntegralPro","description":"Tienda de Tecnolog\u00eda en L\u00ednea","publisher":{"@id":"https:\/\/www.integralpro.com.co\/#organization"},"potentialAction":[{"@type":"SearchAction","target":{"@type":"EntryPoint","urlTemplate":"https:\/\/www.integralpro.com.co\/?s={search_term_string}"},"query-input":{"@type":"PropertyValueSpecification","valueRequired":true,"valueName":"search_term_string"}}],"inLanguage":"es"},{"@type":"Organization","@id":"https:\/\/www.integralpro.com.co\/#organization","name":"IntegralPro SAS","url":"https:\/\/www.integralpro.com.co\/","logo":{"@type":"ImageObject","inLanguage":"es","@id":"https:\/\/www.integralpro.com.co\/#\/schema\/logo\/image\/","url":"https:\/\/www.integralpro.com.co\/wp-content\/uploads\/2021\/02\/logo-def.jpg","contentUrl":"https:\/\/www.integralpro.com.co\/wp-content\/uploads\/2021\/02\/logo-def.jpg","width":238,"height":234,"caption":"IntegralPro SAS"},"image":{"@id":"https:\/\/www.integralpro.com.co\/#\/schema\/logo\/image\/"}}]}},"_links":{"self":[{"href":"https:\/\/www.integralpro.com.co\/index.php\/wp-json\/wp\/v2\/product\/3253","targetHints":{"allow":["GET"]}}],"collection":[{"href":"https:\/\/www.integralpro.com.co\/index.php\/wp-json\/wp\/v2\/product"}],"about":[{"href":"https:\/\/www.integralpro.com.co\/index.php\/wp-json\/wp\/v2\/types\/product"}],"version-history":[{"count":1,"href":"https:\/\/www.integralpro.com.co\/index.php\/wp-json\/wp\/v2\/product\/3253\/revisions"}],"predecessor-version":[{"id":3313,"href":"https:\/\/www.integralpro.com.co\/index.php\/wp-json\/wp\/v2\/product\/3253\/revisions\/3313"}],"wp:featuredmedia":[{"embeddable":true,"href":"https:\/\/www.integralpro.com.co\/index.php\/wp-json\/wp\/v2\/media\/3312"}],"wp:attachment":[{"href":"https:\/\/www.integralpro.com.co\/index.php\/wp-json\/wp\/v2\/media?parent=3253"}],"wp:term":[{"taxonomy":"product_brand","embeddable":true,"href":"https:\/\/www.integralpro.com.co\/index.php\/wp-json\/wp\/v2\/product_brand?post=3253"},{"taxonomy":"product_cat","embeddable":true,"href":"https:\/\/www.integralpro.com.co\/index.php\/wp-json\/wp\/v2\/product_cat?post=3253"},{"taxonomy":"product_tag","embeddable":true,"href":"https:\/\/www.integralpro.com.co\/index.php\/wp-json\/wp\/v2\/product_tag?post=3253"}],"curies":[{"name":"wp","href":"https:\/\/api.w.org\/{rel}","templated":true}]}}