{"id":3252,"date":"2021-02-19T15:04:05","date_gmt":"2021-02-19T20:04:05","guid":{"rendered":"https:\/\/www.integralpro.com.co\/index.php\/producto\/import-placeholder-for-1545\/"},"modified":"2021-02-19T15:04:35","modified_gmt":"2021-02-19T20:04:35","slug":"router-vpn-linksys-lrt224-dual-wan-para-empresas","status":"publish","type":"product","link":"https:\/\/www.integralpro.com.co\/index.php\/producto\/router-vpn-linksys-lrt224-dual-wan-para-empresas\/","title":{"rendered":"Router Vpn Linksys Lrt224 Dual Wan Para Empresas"},"content":{"rendered":"<p>Router VPN Gigabit DUAL WAN para empresas LINKSYS LRT224.<\/p>\n<p><\/p>\n<p><strong>Conmutaci\u00f3n por error WAN <\/strong><\/p>\n<p><\/p>\n<p>Compatible con conmutaci\u00f3n por error WAN que permite que su <br \/>negocio contin\u00fae con las actividades de red en el caso de que una de sus <br \/>conexiones WAN a internet falle.<\/p>\n<p><\/p>\n<p><strong>Balanceo de carga de Dual WAN<\/strong><\/p>\n<p><\/p>\n<p>Suma los anchos de banda de ambas conexiones WAN para <br \/>conseguir un ancho de banda de internet mayor que el que una \u00fanica conexi\u00f3n WAN <br \/>puede suministrar.<\/p>\n<p><\/p>\n<p><strong>FireWall Integrado <\/strong><\/p>\n<p><\/p>\n<p>Es compatible con las reglas de filtrado y acceso de URL, que <br \/>permiten a los administradores regular con m\u00e1s precisi\u00f3n el tr\u00e1fico en la red <br \/>corporativa en relaci\u00f3n a los servicios (por ejemplo los puertos TCP\/UDP) y <br \/>direcciones IP de origen\/destino.<\/p>\n<p><\/p>\n<p><strong>Compatibilidad con servidor de OpenVPN<\/strong><\/p>\n<p><\/p>\n<p>Permite a aquellos empleados que usen clientes de OpenVPN en <br \/>port\u00e1tiles, smartphones y tabletas conectarse a la oficina usando una <br \/>autenticaci\u00f3n en dos fases.<\/p>\n<p><\/p>\n<p><strong>Especificaciones T\u00e9cnicas<\/strong><\/p>\n<p><\/p>\n<p>Dimensiones: 19 x 13 x 4 cm<\/p>\n<p>Peso: 722gr<\/p>\n<p>WAN doble: Conmutaci\u00f3n por error, balanceo de carga Protocolo y enlace IP a un <br \/>puerto WAN <\/p>\n<p>Firewall: SPI (inspecci\u00f3n de paquetes de datos) Prevenci\u00f3n de DoS (denegaci\u00f3n <br \/>del servicio) Reglas de acceso programadas (50)<\/p>\n<p>VPN sitio a sitio: 50 t\u00faneles sitio a a sitio IPSec Divisi\u00f3n DNS sobre t\u00fanel <br \/>sitio a sitio VPN de reserva para t\u00fanel sitio a sitio<\/p>\n<p>Acesso remoto VPN: OpenVPN PPTP Client-to-Site IPsec <\/p>\n<p>Puertos: Un puerto WAN RJ45 10\/100\/1000, Un puerto WAN\/DMZ RJ45 10\/100\/1000, <br \/>Cuatro puertos LAN RJ45 10\/100\/1000, OpenVPN para plataformas m\u00f3viles (iOS, <br \/>Android) <\/p>\n<p>Indicadores LED: Sistema, DIAG, WAN, DMZ, VPN, LAN 1-4 <\/p>\n<p>Gesti\u00f3n de puertos: 10\/100\/1000 Mbps<\/p>\n<p>NAT: Gateway mode Router mode <\/p>\n<p>NAPT: NAT 1-a-1 (10) Reenv\u00edo de puerto (30) Disparo de puerto (30)<\/p>\n<p>Puerto DMZ: DMZ Range DMZ Subnet <\/p>\n<p>VLAN 802.1q: 5 VLAN etiquetadas (compatibilidad con enrutado inter-VLAN, reglas <br \/>de acceso de inter-VLAN) <\/p>\n<p>Servidor DHCP compatible con m\u00faltiples grupos de direcciones: Admite m\u00faltiples <br \/>grupos de direcciones, un grupo por cada subred VLAN<\/p>\n<p>Temperatura de funcionamiento: Entre 0 \u00baC y 40 \u00baC <\/p>\n<p>Temperatura de almacenamiento: Entre 0 \u00baC y 70 \u00baC <\/p>\n<p>Temperatura sin funcionamiento: Entre 0 \u00baC y 70 \u00baC<\/p>\n<p>Humedad de almacenamiento: Entre 5 % y 90 % sin condensaci\u00f3n<\/p>\n<p><\/p>\n<p><strong>Contenido Del Paquete<\/strong><\/p>\n<p><\/p>\n<p>Router &#8211; Documentaci\u00f3n<\/p>\n","protected":false},"excerpt":{"rendered":"<p># DE PARTE:LRT224<\/p>\n","protected":false},"featured_media":3310,"template":"","meta":{"site-sidebar-layout":"default","site-content-layout":"","ast-site-content-layout":"default","site-content-style":"default","site-sidebar-style":"default","ast-global-header-display":"","ast-banner-title-visibility":"","ast-main-header-display":"","ast-hfb-above-header-display":"","ast-hfb-below-header-display":"","ast-hfb-mobile-header-display":"","site-post-title":"","ast-breadcrumbs-content":"","ast-featured-img":"","footer-sml-layout":"","ast-disable-related-posts":"","theme-transparent-header-meta":"","adv-header-id-meta":"","stick-header-meta":"","header-above-stick-meta":"","header-main-stick-meta":"","header-below-stick-meta":"","astra-migrate-meta-layouts":"default","ast-page-background-enabled":"default","ast-page-background-meta":{"desktop":{"background-color":"var(--ast-global-color-4)","background-image":"","background-repeat":"repeat","background-position":"center center","background-size":"auto","background-attachment":"scroll","background-type":"","background-media":"","overlay-type":"","overlay-color":"","overlay-opacity":"","overlay-gradient":""},"tablet":{"background-color":"","background-image":"","background-repeat":"repeat","background-position":"center center","background-size":"auto","background-attachment":"scroll","background-type":"","background-media":"","overlay-type":"","overlay-color":"","overlay-opacity":"","overlay-gradient":""},"mobile":{"background-color":"","background-image":"","background-repeat":"repeat","background-position":"center center","background-size":"auto","background-attachment":"scroll","background-type":"","background-media":"","overlay-type":"","overlay-color":"","overlay-opacity":"","overlay-gradient":""}},"ast-content-background-meta":{"desktop":{"background-color":"var(--ast-global-color-5)","background-image":"","background-repeat":"repeat","background-position":"center center","background-size":"auto","background-attachment":"scroll","background-type":"","background-media":"","overlay-type":"","overlay-color":"","overlay-opacity":"","overlay-gradient":""},"tablet":{"background-color":"var(--ast-global-color-5)","background-image":"","background-repeat":"repeat","background-position":"center center","background-size":"auto","background-attachment":"scroll","background-type":"","background-media":"","overlay-type":"","overlay-color":"","overlay-opacity":"","overlay-gradient":""},"mobile":{"background-color":"var(--ast-global-color-5)","background-image":"","background-repeat":"repeat","background-position":"center center","background-size":"auto","background-attachment":"scroll","background-type":"","background-media":"","overlay-type":"","overlay-color":"","overlay-opacity":"","overlay-gradient":""}}},"product_brand":[],"product_cat":[62,150],"product_tag":[466],"class_list":{"0":"post-3252","1":"product","2":"type-product","3":"status-publish","4":"has-post-thumbnail","6":"product_cat-redes","7":"product_cat-routers","8":"product_tag-linksys","9":"desktop-align-left","10":"tablet-align-left","11":"mobile-align-left","13":"first","14":"instock","15":"taxable","16":"shipping-taxable","17":"product-type-simple"},"yoast_head":"<!-- This site is optimized with the Yoast SEO plugin v27.3 - https:\/\/yoast.com\/product\/yoast-seo-wordpress\/ -->\n<title>Router Vpn Linksys Lrt224 Dual Wan Para Empresas - IntegralPro<\/title>\n<meta name=\"robots\" content=\"index, follow, max-snippet:-1, max-image-preview:large, max-video-preview:-1\" \/>\n<link rel=\"canonical\" href=\"https:\/\/www.integralpro.com.co\/index.php\/producto\/router-vpn-linksys-lrt224-dual-wan-para-empresas\/\" \/>\n<meta property=\"og:locale\" content=\"es_ES\" \/>\n<meta property=\"og:type\" content=\"article\" \/>\n<meta property=\"og:title\" content=\"Router Vpn Linksys Lrt224 Dual Wan Para Empresas - IntegralPro\" \/>\n<meta property=\"og:description\" content=\"# DE PARTE:LRT224\" \/>\n<meta property=\"og:url\" content=\"https:\/\/www.integralpro.com.co\/index.php\/producto\/router-vpn-linksys-lrt224-dual-wan-para-empresas\/\" \/>\n<meta property=\"og:site_name\" content=\"IntegralPro\" \/>\n<meta property=\"article:modified_time\" content=\"2021-02-19T20:04:35+00:00\" \/>\n<meta property=\"og:image\" content=\"https:\/\/www.integralpro.com.co\/wp-content\/uploads\/2021\/02\/836fd2a5e35291a1f17288eca055d2bd.jpg\" \/>\n\t<meta property=\"og:image:width\" content=\"800\" \/>\n\t<meta property=\"og:image:height\" content=\"800\" \/>\n\t<meta property=\"og:image:type\" content=\"image\/jpeg\" \/>\n<meta name=\"twitter:card\" content=\"summary_large_image\" \/>\n<meta name=\"twitter:label1\" content=\"Tiempo de lectura\" \/>\n\t<meta name=\"twitter:data1\" content=\"2 minutos\" \/>\n<script type=\"application\/ld+json\" class=\"yoast-schema-graph\">{\"@context\":\"https:\\\/\\\/schema.org\",\"@graph\":[{\"@type\":\"WebPage\",\"@id\":\"https:\\\/\\\/www.integralpro.com.co\\\/index.php\\\/producto\\\/router-vpn-linksys-lrt224-dual-wan-para-empresas\\\/\",\"url\":\"https:\\\/\\\/www.integralpro.com.co\\\/index.php\\\/producto\\\/router-vpn-linksys-lrt224-dual-wan-para-empresas\\\/\",\"name\":\"Router Vpn Linksys Lrt224 Dual Wan Para Empresas - IntegralPro\",\"isPartOf\":{\"@id\":\"https:\\\/\\\/www.integralpro.com.co\\\/#website\"},\"primaryImageOfPage\":{\"@id\":\"https:\\\/\\\/www.integralpro.com.co\\\/index.php\\\/producto\\\/router-vpn-linksys-lrt224-dual-wan-para-empresas\\\/#primaryimage\"},\"image\":{\"@id\":\"https:\\\/\\\/www.integralpro.com.co\\\/index.php\\\/producto\\\/router-vpn-linksys-lrt224-dual-wan-para-empresas\\\/#primaryimage\"},\"thumbnailUrl\":\"https:\\\/\\\/www.integralpro.com.co\\\/wp-content\\\/uploads\\\/2021\\\/02\\\/836fd2a5e35291a1f17288eca055d2bd.jpg\",\"datePublished\":\"2021-02-19T20:04:05+00:00\",\"dateModified\":\"2021-02-19T20:04:35+00:00\",\"breadcrumb\":{\"@id\":\"https:\\\/\\\/www.integralpro.com.co\\\/index.php\\\/producto\\\/router-vpn-linksys-lrt224-dual-wan-para-empresas\\\/#breadcrumb\"},\"inLanguage\":\"es\",\"potentialAction\":[{\"@type\":\"ReadAction\",\"target\":[\"https:\\\/\\\/www.integralpro.com.co\\\/index.php\\\/producto\\\/router-vpn-linksys-lrt224-dual-wan-para-empresas\\\/\"]}]},{\"@type\":\"ImageObject\",\"inLanguage\":\"es\",\"@id\":\"https:\\\/\\\/www.integralpro.com.co\\\/index.php\\\/producto\\\/router-vpn-linksys-lrt224-dual-wan-para-empresas\\\/#primaryimage\",\"url\":\"https:\\\/\\\/www.integralpro.com.co\\\/wp-content\\\/uploads\\\/2021\\\/02\\\/836fd2a5e35291a1f17288eca055d2bd.jpg\",\"contentUrl\":\"https:\\\/\\\/www.integralpro.com.co\\\/wp-content\\\/uploads\\\/2021\\\/02\\\/836fd2a5e35291a1f17288eca055d2bd.jpg\",\"width\":800,\"height\":800},{\"@type\":\"BreadcrumbList\",\"@id\":\"https:\\\/\\\/www.integralpro.com.co\\\/index.php\\\/producto\\\/router-vpn-linksys-lrt224-dual-wan-para-empresas\\\/#breadcrumb\",\"itemListElement\":[{\"@type\":\"ListItem\",\"position\":1,\"name\":\"Portada\",\"item\":\"https:\\\/\\\/www.integralpro.com.co\\\/\"},{\"@type\":\"ListItem\",\"position\":2,\"name\":\"Tienda\",\"item\":\"https:\\\/\\\/www.integralpro.com.co\\\/index.php\\\/tienda\\\/\"},{\"@type\":\"ListItem\",\"position\":3,\"name\":\"Router Vpn Linksys Lrt224 Dual Wan Para Empresas\"}]},{\"@type\":\"WebSite\",\"@id\":\"https:\\\/\\\/www.integralpro.com.co\\\/#website\",\"url\":\"https:\\\/\\\/www.integralpro.com.co\\\/\",\"name\":\"IntegralPro\",\"description\":\"Tienda de Tecnolog\u00eda en L\u00ednea\",\"publisher\":{\"@id\":\"https:\\\/\\\/www.integralpro.com.co\\\/#organization\"},\"potentialAction\":[{\"@type\":\"SearchAction\",\"target\":{\"@type\":\"EntryPoint\",\"urlTemplate\":\"https:\\\/\\\/www.integralpro.com.co\\\/?s={search_term_string}\"},\"query-input\":{\"@type\":\"PropertyValueSpecification\",\"valueRequired\":true,\"valueName\":\"search_term_string\"}}],\"inLanguage\":\"es\"},{\"@type\":\"Organization\",\"@id\":\"https:\\\/\\\/www.integralpro.com.co\\\/#organization\",\"name\":\"IntegralPro SAS\",\"url\":\"https:\\\/\\\/www.integralpro.com.co\\\/\",\"logo\":{\"@type\":\"ImageObject\",\"inLanguage\":\"es\",\"@id\":\"https:\\\/\\\/www.integralpro.com.co\\\/#\\\/schema\\\/logo\\\/image\\\/\",\"url\":\"https:\\\/\\\/www.integralpro.com.co\\\/wp-content\\\/uploads\\\/2021\\\/02\\\/logo-def.jpg\",\"contentUrl\":\"https:\\\/\\\/www.integralpro.com.co\\\/wp-content\\\/uploads\\\/2021\\\/02\\\/logo-def.jpg\",\"width\":238,\"height\":234,\"caption\":\"IntegralPro SAS\"},\"image\":{\"@id\":\"https:\\\/\\\/www.integralpro.com.co\\\/#\\\/schema\\\/logo\\\/image\\\/\"}}]}<\/script>\n<!-- \/ Yoast SEO plugin. -->","yoast_head_json":{"title":"Router Vpn Linksys Lrt224 Dual Wan Para Empresas - IntegralPro","robots":{"index":"index","follow":"follow","max-snippet":"max-snippet:-1","max-image-preview":"max-image-preview:large","max-video-preview":"max-video-preview:-1"},"canonical":"https:\/\/www.integralpro.com.co\/index.php\/producto\/router-vpn-linksys-lrt224-dual-wan-para-empresas\/","og_locale":"es_ES","og_type":"article","og_title":"Router Vpn Linksys Lrt224 Dual Wan Para Empresas - IntegralPro","og_description":"# DE PARTE:LRT224","og_url":"https:\/\/www.integralpro.com.co\/index.php\/producto\/router-vpn-linksys-lrt224-dual-wan-para-empresas\/","og_site_name":"IntegralPro","article_modified_time":"2021-02-19T20:04:35+00:00","og_image":[{"width":800,"height":800,"url":"https:\/\/www.integralpro.com.co\/wp-content\/uploads\/2021\/02\/836fd2a5e35291a1f17288eca055d2bd.jpg","type":"image\/jpeg"}],"twitter_card":"summary_large_image","twitter_misc":{"Tiempo de lectura":"2 minutos"},"schema":{"@context":"https:\/\/schema.org","@graph":[{"@type":"WebPage","@id":"https:\/\/www.integralpro.com.co\/index.php\/producto\/router-vpn-linksys-lrt224-dual-wan-para-empresas\/","url":"https:\/\/www.integralpro.com.co\/index.php\/producto\/router-vpn-linksys-lrt224-dual-wan-para-empresas\/","name":"Router Vpn Linksys Lrt224 Dual Wan Para Empresas - IntegralPro","isPartOf":{"@id":"https:\/\/www.integralpro.com.co\/#website"},"primaryImageOfPage":{"@id":"https:\/\/www.integralpro.com.co\/index.php\/producto\/router-vpn-linksys-lrt224-dual-wan-para-empresas\/#primaryimage"},"image":{"@id":"https:\/\/www.integralpro.com.co\/index.php\/producto\/router-vpn-linksys-lrt224-dual-wan-para-empresas\/#primaryimage"},"thumbnailUrl":"https:\/\/www.integralpro.com.co\/wp-content\/uploads\/2021\/02\/836fd2a5e35291a1f17288eca055d2bd.jpg","datePublished":"2021-02-19T20:04:05+00:00","dateModified":"2021-02-19T20:04:35+00:00","breadcrumb":{"@id":"https:\/\/www.integralpro.com.co\/index.php\/producto\/router-vpn-linksys-lrt224-dual-wan-para-empresas\/#breadcrumb"},"inLanguage":"es","potentialAction":[{"@type":"ReadAction","target":["https:\/\/www.integralpro.com.co\/index.php\/producto\/router-vpn-linksys-lrt224-dual-wan-para-empresas\/"]}]},{"@type":"ImageObject","inLanguage":"es","@id":"https:\/\/www.integralpro.com.co\/index.php\/producto\/router-vpn-linksys-lrt224-dual-wan-para-empresas\/#primaryimage","url":"https:\/\/www.integralpro.com.co\/wp-content\/uploads\/2021\/02\/836fd2a5e35291a1f17288eca055d2bd.jpg","contentUrl":"https:\/\/www.integralpro.com.co\/wp-content\/uploads\/2021\/02\/836fd2a5e35291a1f17288eca055d2bd.jpg","width":800,"height":800},{"@type":"BreadcrumbList","@id":"https:\/\/www.integralpro.com.co\/index.php\/producto\/router-vpn-linksys-lrt224-dual-wan-para-empresas\/#breadcrumb","itemListElement":[{"@type":"ListItem","position":1,"name":"Portada","item":"https:\/\/www.integralpro.com.co\/"},{"@type":"ListItem","position":2,"name":"Tienda","item":"https:\/\/www.integralpro.com.co\/index.php\/tienda\/"},{"@type":"ListItem","position":3,"name":"Router Vpn Linksys Lrt224 Dual Wan Para Empresas"}]},{"@type":"WebSite","@id":"https:\/\/www.integralpro.com.co\/#website","url":"https:\/\/www.integralpro.com.co\/","name":"IntegralPro","description":"Tienda de Tecnolog\u00eda en L\u00ednea","publisher":{"@id":"https:\/\/www.integralpro.com.co\/#organization"},"potentialAction":[{"@type":"SearchAction","target":{"@type":"EntryPoint","urlTemplate":"https:\/\/www.integralpro.com.co\/?s={search_term_string}"},"query-input":{"@type":"PropertyValueSpecification","valueRequired":true,"valueName":"search_term_string"}}],"inLanguage":"es"},{"@type":"Organization","@id":"https:\/\/www.integralpro.com.co\/#organization","name":"IntegralPro SAS","url":"https:\/\/www.integralpro.com.co\/","logo":{"@type":"ImageObject","inLanguage":"es","@id":"https:\/\/www.integralpro.com.co\/#\/schema\/logo\/image\/","url":"https:\/\/www.integralpro.com.co\/wp-content\/uploads\/2021\/02\/logo-def.jpg","contentUrl":"https:\/\/www.integralpro.com.co\/wp-content\/uploads\/2021\/02\/logo-def.jpg","width":238,"height":234,"caption":"IntegralPro SAS"},"image":{"@id":"https:\/\/www.integralpro.com.co\/#\/schema\/logo\/image\/"}}]}},"_links":{"self":[{"href":"https:\/\/www.integralpro.com.co\/index.php\/wp-json\/wp\/v2\/product\/3252","targetHints":{"allow":["GET"]}}],"collection":[{"href":"https:\/\/www.integralpro.com.co\/index.php\/wp-json\/wp\/v2\/product"}],"about":[{"href":"https:\/\/www.integralpro.com.co\/index.php\/wp-json\/wp\/v2\/types\/product"}],"version-history":[{"count":1,"href":"https:\/\/www.integralpro.com.co\/index.php\/wp-json\/wp\/v2\/product\/3252\/revisions"}],"predecessor-version":[{"id":3311,"href":"https:\/\/www.integralpro.com.co\/index.php\/wp-json\/wp\/v2\/product\/3252\/revisions\/3311"}],"wp:featuredmedia":[{"embeddable":true,"href":"https:\/\/www.integralpro.com.co\/index.php\/wp-json\/wp\/v2\/media\/3310"}],"wp:attachment":[{"href":"https:\/\/www.integralpro.com.co\/index.php\/wp-json\/wp\/v2\/media?parent=3252"}],"wp:term":[{"taxonomy":"product_brand","embeddable":true,"href":"https:\/\/www.integralpro.com.co\/index.php\/wp-json\/wp\/v2\/product_brand?post=3252"},{"taxonomy":"product_cat","embeddable":true,"href":"https:\/\/www.integralpro.com.co\/index.php\/wp-json\/wp\/v2\/product_cat?post=3252"},{"taxonomy":"product_tag","embeddable":true,"href":"https:\/\/www.integralpro.com.co\/index.php\/wp-json\/wp\/v2\/product_tag?post=3252"}],"curies":[{"name":"wp","href":"https:\/\/api.w.org\/{rel}","templated":true}]}}