{"id":3223,"date":"2021-02-19T15:03:43","date_gmt":"2021-02-19T20:03:43","guid":{"rendered":"https:\/\/www.integralpro.com.co\/index.php\/producto\/import-placeholder-for-1544\/"},"modified":"2021-02-19T15:04:33","modified_gmt":"2021-02-19T20:04:33","slug":"cargador-powerverter-tripp-lite-de-700w-12-vcd-120v-1toma","status":"publish","type":"product","link":"https:\/\/www.integralpro.com.co\/index.php\/producto\/cargador-powerverter-tripp-lite-de-700w-12-vcd-120v-1toma\/","title":{"rendered":"Cargador Powerverter Tripp Lite De 700W 12 Vcd 120V 1Toma"},"content":{"rendered":"<p>Inversor\/cargador PowerVerter APS de 700W, 12VCD y 120V con <br \/>conmutaci\u00f3n de transferencia autom\u00e1tica y 1 tomacorriente de TRIPP-LITE.<\/p>\n<p><\/p>\n<p><strong>Energ\u00eda Confiable para Aplicaciones M\u00f3viles y Sitios Remotos<\/strong><\/p>\n<p><\/p>\n<p>Genera energ\u00eda de 120V CA segura, estable de grado computadora <br \/>desde en banco de bater\u00eda de 12V. Ideal para alimentar peque\u00f1as aplicaciones que <br \/>van desde herramientas el\u00e9ctricas a computadoras y equipo delicado de monitoreo.<\/p>\n<p><\/p>\n<p><strong>Para veh\u00edculos recreativos<\/strong><\/p>\n<p><\/p>\n<p>Dise\u00f1ado para una f\u00e1cil instalaci\u00f3n en veh\u00edculos recreativos, <br \/>camiones para carretera, veh\u00edculos de flota y furgonetas convertidas. Funciona <br \/>como un inversor para veh\u00edculos, una fuente de alimentaci\u00f3n de CA independiente <br \/>o una UPS de operaci\u00f3n extendida.<\/p>\n<p><\/p>\n<p><strong>Cumple con las demandas de energ\u00eda normal y m\u00e1xima<\/strong><\/p>\n<p><\/p>\n<p>Un detector autom\u00e1tico de sobrecarga, ventilador de <br \/>enfriamiento de varias velocidad incorporado y breakers de CA restaurables <br \/>protegen la unidad contra da\u00f1os. 700W de potencia continua 1050W de potencia de <br \/>reserva hasta 1.5 segundos.<\/p>\n<p><\/p>\n<p><strong>Cargador de Bater\u00eda de 3 Etapas<\/strong><\/p>\n<p><\/p>\n<p>Funciona como cargador de bater\u00edas cuando se suministra <br \/>energ\u00eda de CA externa de 120V CA y alimenta a los equipos conectados. Protege a <br \/>la bater\u00eda de las sobrecargas y sobredescargas La protecci\u00f3n de bater\u00eda baja <br \/>evita el agotamiento excesivo de la bater\u00eda.<\/p>\n<p><\/p>\n<p><strong>LEDs del panel frontal<\/strong><\/p>\n<p><\/p>\n<p>Indican los modos operativos CA\/CD, estado de sobrecarga, <br \/>nivel de voltaje CD, estado de apagado y estado de fallas al sistema.<\/p>\n<p><\/p>\n<p><strong>Gabinete Compacto de Aluminio<\/strong><\/p>\n<p><\/p>\n<p>Resiste humedad y ambientes con un alto nivel de humedad. <br \/>Patas de instalaci\u00f3n incorporadas para su instalaci\u00f3n en cualquier superficie <br \/>horizontal r\u00edgida Una terminal de conexi\u00f3n a tierra conecta la unidad a tierra o <br \/>al sistema de descarga a tierra del veh\u00edculo.<\/p>\n<p><\/p>\n<p><strong>Conmutaci\u00f3n de transferencia autom\u00e1tica<\/strong><\/p>\n<p><\/p>\n<p>Transfiere los interruptores de rel\u00e9s a la energ\u00eda del <br \/>inversor durante los apagones en 16.6 ms.<\/p>\n<p><\/p>\n<p><strong>Especificaciones T\u00e9cnicas<\/strong><\/p>\n<p><\/p>\n<p>Dimensiones: 36 x 21 x 21 cm<\/p>\n<p>Peso: 2kg<\/p>\n<p>Compatibilidad de Frecuencia 60 Hz <\/p>\n<p>Salida (Watts) 700W <\/p>\n<p>Voltaje(s) Nominal(es) de Salida Soportado(s) 120V \/ Voltaje(s) Nominal(es) de <br \/>Entrada Soportado(s) 120V CA<\/p>\n<p>Tomacorrientes (1) 5-15R<\/p>\n<p>Compatibilidad de voltaje (VCA) 120 Compatibilidad de Voltaje (VCD) 12<\/p>\n<p>Capacidad de Salida Continua (Watts) 700W Capacidad de Salida M\u00e1xima (Watts) <br \/>1400W<\/p>\n<p>Voltaje CD del sistema (VCD) 12 <\/p>\n<p>M\u00e9todo de Enfriamiento: Ventilador de varias velocidades<\/p>\n<p>Carga de la Bater\u00eda 6A m\u00e1ximos, se reducen a nivel flotante para mantener <\/p>\n<p>Autonom\u00eda Ampliable S\u00ed<\/p>\n<p><\/p>\n<p><strong>Contenido Del Paquete<\/strong><\/p>\n<p><\/p>\n<p>Cargador &#8211; Cable de alimentaci\u00f3n &#8211; Documentaci\u00f3n<\/p>\n","protected":false},"excerpt":{"rendered":"<p># DE PARTE:APS700HF<\/p>\n","protected":false},"featured_media":3308,"template":"","meta":{"site-sidebar-layout":"default","site-content-layout":"","ast-site-content-layout":"default","site-content-style":"default","site-sidebar-style":"default","ast-global-header-display":"","ast-banner-title-visibility":"","ast-main-header-display":"","ast-hfb-above-header-display":"","ast-hfb-below-header-display":"","ast-hfb-mobile-header-display":"","site-post-title":"","ast-breadcrumbs-content":"","ast-featured-img":"","footer-sml-layout":"","ast-disable-related-posts":"","theme-transparent-header-meta":"","adv-header-id-meta":"","stick-header-meta":"","header-above-stick-meta":"","header-main-stick-meta":"","header-below-stick-meta":"","astra-migrate-meta-layouts":"default","ast-page-background-enabled":"default","ast-page-background-meta":{"desktop":{"background-color":"var(--ast-global-color-4)","background-image":"","background-repeat":"repeat","background-position":"center center","background-size":"auto","background-attachment":"scroll","background-type":"","background-media":"","overlay-type":"","overlay-color":"","overlay-opacity":"","overlay-gradient":""},"tablet":{"background-color":"","background-image":"","background-repeat":"repeat","background-position":"center center","background-size":"auto","background-attachment":"scroll","background-type":"","background-media":"","overlay-type":"","overlay-color":"","overlay-opacity":"","overlay-gradient":""},"mobile":{"background-color":"","background-image":"","background-repeat":"repeat","background-position":"center center","background-size":"auto","background-attachment":"scroll","background-type":"","background-media":"","overlay-type":"","overlay-color":"","overlay-opacity":"","overlay-gradient":""}},"ast-content-background-meta":{"desktop":{"background-color":"var(--ast-global-color-5)","background-image":"","background-repeat":"repeat","background-position":"center center","background-size":"auto","background-attachment":"scroll","background-type":"","background-media":"","overlay-type":"","overlay-color":"","overlay-opacity":"","overlay-gradient":""},"tablet":{"background-color":"var(--ast-global-color-5)","background-image":"","background-repeat":"repeat","background-position":"center center","background-size":"auto","background-attachment":"scroll","background-type":"","background-media":"","overlay-type":"","overlay-color":"","overlay-opacity":"","overlay-gradient":""},"mobile":{"background-color":"var(--ast-global-color-5)","background-image":"","background-repeat":"repeat","background-position":"center center","background-size":"auto","background-attachment":"scroll","background-type":"","background-media":"","overlay-type":"","overlay-color":"","overlay-opacity":"","overlay-gradient":""}}},"product_brand":[],"product_cat":[49],"product_tag":[473],"class_list":{"0":"post-3223","1":"product","2":"type-product","3":"status-publish","4":"has-post-thumbnail","6":"product_cat-accesorios","7":"product_tag-tripplite","8":"desktop-align-left","9":"tablet-align-left","10":"mobile-align-left","12":"first","13":"instock","14":"taxable","15":"shipping-taxable","16":"product-type-simple"},"yoast_head":"<!-- This site is optimized with the Yoast SEO plugin v27.4 - https:\/\/yoast.com\/product\/yoast-seo-wordpress\/ -->\n<title>Cargador Powerverter Tripp Lite De 700W 12 Vcd 120V 1Toma - IntegralPro<\/title>\n<meta name=\"robots\" content=\"index, follow, max-snippet:-1, max-image-preview:large, max-video-preview:-1\" \/>\n<link rel=\"canonical\" href=\"https:\/\/www.integralpro.com.co\/index.php\/producto\/cargador-powerverter-tripp-lite-de-700w-12-vcd-120v-1toma\/\" \/>\n<meta property=\"og:locale\" content=\"es_ES\" \/>\n<meta property=\"og:type\" content=\"article\" \/>\n<meta property=\"og:title\" content=\"Cargador Powerverter Tripp Lite De 700W 12 Vcd 120V 1Toma - IntegralPro\" \/>\n<meta property=\"og:description\" content=\"# DE PARTE:APS700HF\" \/>\n<meta property=\"og:url\" content=\"https:\/\/www.integralpro.com.co\/index.php\/producto\/cargador-powerverter-tripp-lite-de-700w-12-vcd-120v-1toma\/\" \/>\n<meta property=\"og:site_name\" content=\"IntegralPro\" \/>\n<meta property=\"article:modified_time\" content=\"2021-02-19T20:04:33+00:00\" \/>\n<meta property=\"og:image\" content=\"https:\/\/www.integralpro.com.co\/wp-content\/uploads\/2021\/02\/f2c2c249d39bd54053f91cf25d51e072.jpg\" \/>\n\t<meta property=\"og:image:width\" content=\"800\" \/>\n\t<meta property=\"og:image:height\" content=\"800\" \/>\n\t<meta property=\"og:image:type\" content=\"image\/jpeg\" \/>\n<meta name=\"twitter:card\" content=\"summary_large_image\" \/>\n<meta name=\"twitter:label1\" content=\"Tiempo de lectura\" \/>\n\t<meta name=\"twitter:data1\" content=\"2 minutos\" \/>\n<script type=\"application\/ld+json\" class=\"yoast-schema-graph\">{\"@context\":\"https:\\\/\\\/schema.org\",\"@graph\":[{\"@type\":\"WebPage\",\"@id\":\"https:\\\/\\\/www.integralpro.com.co\\\/index.php\\\/producto\\\/cargador-powerverter-tripp-lite-de-700w-12-vcd-120v-1toma\\\/\",\"url\":\"https:\\\/\\\/www.integralpro.com.co\\\/index.php\\\/producto\\\/cargador-powerverter-tripp-lite-de-700w-12-vcd-120v-1toma\\\/\",\"name\":\"Cargador Powerverter Tripp Lite De 700W 12 Vcd 120V 1Toma - IntegralPro\",\"isPartOf\":{\"@id\":\"https:\\\/\\\/www.integralpro.com.co\\\/#website\"},\"primaryImageOfPage\":{\"@id\":\"https:\\\/\\\/www.integralpro.com.co\\\/index.php\\\/producto\\\/cargador-powerverter-tripp-lite-de-700w-12-vcd-120v-1toma\\\/#primaryimage\"},\"image\":{\"@id\":\"https:\\\/\\\/www.integralpro.com.co\\\/index.php\\\/producto\\\/cargador-powerverter-tripp-lite-de-700w-12-vcd-120v-1toma\\\/#primaryimage\"},\"thumbnailUrl\":\"https:\\\/\\\/www.integralpro.com.co\\\/wp-content\\\/uploads\\\/2021\\\/02\\\/f2c2c249d39bd54053f91cf25d51e072.jpg\",\"datePublished\":\"2021-02-19T20:03:43+00:00\",\"dateModified\":\"2021-02-19T20:04:33+00:00\",\"breadcrumb\":{\"@id\":\"https:\\\/\\\/www.integralpro.com.co\\\/index.php\\\/producto\\\/cargador-powerverter-tripp-lite-de-700w-12-vcd-120v-1toma\\\/#breadcrumb\"},\"inLanguage\":\"es\",\"potentialAction\":[{\"@type\":\"ReadAction\",\"target\":[\"https:\\\/\\\/www.integralpro.com.co\\\/index.php\\\/producto\\\/cargador-powerverter-tripp-lite-de-700w-12-vcd-120v-1toma\\\/\"]}]},{\"@type\":\"ImageObject\",\"inLanguage\":\"es\",\"@id\":\"https:\\\/\\\/www.integralpro.com.co\\\/index.php\\\/producto\\\/cargador-powerverter-tripp-lite-de-700w-12-vcd-120v-1toma\\\/#primaryimage\",\"url\":\"https:\\\/\\\/www.integralpro.com.co\\\/wp-content\\\/uploads\\\/2021\\\/02\\\/f2c2c249d39bd54053f91cf25d51e072.jpg\",\"contentUrl\":\"https:\\\/\\\/www.integralpro.com.co\\\/wp-content\\\/uploads\\\/2021\\\/02\\\/f2c2c249d39bd54053f91cf25d51e072.jpg\",\"width\":800,\"height\":800},{\"@type\":\"BreadcrumbList\",\"@id\":\"https:\\\/\\\/www.integralpro.com.co\\\/index.php\\\/producto\\\/cargador-powerverter-tripp-lite-de-700w-12-vcd-120v-1toma\\\/#breadcrumb\",\"itemListElement\":[{\"@type\":\"ListItem\",\"position\":1,\"name\":\"Portada\",\"item\":\"https:\\\/\\\/www.integralpro.com.co\\\/\"},{\"@type\":\"ListItem\",\"position\":2,\"name\":\"Tienda\",\"item\":\"https:\\\/\\\/www.integralpro.com.co\\\/index.php\\\/tienda\\\/\"},{\"@type\":\"ListItem\",\"position\":3,\"name\":\"Cargador Powerverter Tripp Lite De 700W 12 Vcd 120V 1Toma\"}]},{\"@type\":\"WebSite\",\"@id\":\"https:\\\/\\\/www.integralpro.com.co\\\/#website\",\"url\":\"https:\\\/\\\/www.integralpro.com.co\\\/\",\"name\":\"IntegralPro\",\"description\":\"Tienda de Tecnolog\u00eda en L\u00ednea\",\"publisher\":{\"@id\":\"https:\\\/\\\/www.integralpro.com.co\\\/#organization\"},\"potentialAction\":[{\"@type\":\"SearchAction\",\"target\":{\"@type\":\"EntryPoint\",\"urlTemplate\":\"https:\\\/\\\/www.integralpro.com.co\\\/?s={search_term_string}\"},\"query-input\":{\"@type\":\"PropertyValueSpecification\",\"valueRequired\":true,\"valueName\":\"search_term_string\"}}],\"inLanguage\":\"es\"},{\"@type\":\"Organization\",\"@id\":\"https:\\\/\\\/www.integralpro.com.co\\\/#organization\",\"name\":\"IntegralPro SAS\",\"url\":\"https:\\\/\\\/www.integralpro.com.co\\\/\",\"logo\":{\"@type\":\"ImageObject\",\"inLanguage\":\"es\",\"@id\":\"https:\\\/\\\/www.integralpro.com.co\\\/#\\\/schema\\\/logo\\\/image\\\/\",\"url\":\"https:\\\/\\\/www.integralpro.com.co\\\/wp-content\\\/uploads\\\/2021\\\/02\\\/logo-def.jpg\",\"contentUrl\":\"https:\\\/\\\/www.integralpro.com.co\\\/wp-content\\\/uploads\\\/2021\\\/02\\\/logo-def.jpg\",\"width\":238,\"height\":234,\"caption\":\"IntegralPro SAS\"},\"image\":{\"@id\":\"https:\\\/\\\/www.integralpro.com.co\\\/#\\\/schema\\\/logo\\\/image\\\/\"}}]}<\/script>\n<!-- \/ Yoast SEO plugin. -->","yoast_head_json":{"title":"Cargador Powerverter Tripp Lite De 700W 12 Vcd 120V 1Toma - IntegralPro","robots":{"index":"index","follow":"follow","max-snippet":"max-snippet:-1","max-image-preview":"max-image-preview:large","max-video-preview":"max-video-preview:-1"},"canonical":"https:\/\/www.integralpro.com.co\/index.php\/producto\/cargador-powerverter-tripp-lite-de-700w-12-vcd-120v-1toma\/","og_locale":"es_ES","og_type":"article","og_title":"Cargador Powerverter Tripp Lite De 700W 12 Vcd 120V 1Toma - IntegralPro","og_description":"# DE PARTE:APS700HF","og_url":"https:\/\/www.integralpro.com.co\/index.php\/producto\/cargador-powerverter-tripp-lite-de-700w-12-vcd-120v-1toma\/","og_site_name":"IntegralPro","article_modified_time":"2021-02-19T20:04:33+00:00","og_image":[{"width":800,"height":800,"url":"https:\/\/www.integralpro.com.co\/wp-content\/uploads\/2021\/02\/f2c2c249d39bd54053f91cf25d51e072.jpg","type":"image\/jpeg"}],"twitter_card":"summary_large_image","twitter_misc":{"Tiempo de lectura":"2 minutos"},"schema":{"@context":"https:\/\/schema.org","@graph":[{"@type":"WebPage","@id":"https:\/\/www.integralpro.com.co\/index.php\/producto\/cargador-powerverter-tripp-lite-de-700w-12-vcd-120v-1toma\/","url":"https:\/\/www.integralpro.com.co\/index.php\/producto\/cargador-powerverter-tripp-lite-de-700w-12-vcd-120v-1toma\/","name":"Cargador Powerverter Tripp Lite De 700W 12 Vcd 120V 1Toma - IntegralPro","isPartOf":{"@id":"https:\/\/www.integralpro.com.co\/#website"},"primaryImageOfPage":{"@id":"https:\/\/www.integralpro.com.co\/index.php\/producto\/cargador-powerverter-tripp-lite-de-700w-12-vcd-120v-1toma\/#primaryimage"},"image":{"@id":"https:\/\/www.integralpro.com.co\/index.php\/producto\/cargador-powerverter-tripp-lite-de-700w-12-vcd-120v-1toma\/#primaryimage"},"thumbnailUrl":"https:\/\/www.integralpro.com.co\/wp-content\/uploads\/2021\/02\/f2c2c249d39bd54053f91cf25d51e072.jpg","datePublished":"2021-02-19T20:03:43+00:00","dateModified":"2021-02-19T20:04:33+00:00","breadcrumb":{"@id":"https:\/\/www.integralpro.com.co\/index.php\/producto\/cargador-powerverter-tripp-lite-de-700w-12-vcd-120v-1toma\/#breadcrumb"},"inLanguage":"es","potentialAction":[{"@type":"ReadAction","target":["https:\/\/www.integralpro.com.co\/index.php\/producto\/cargador-powerverter-tripp-lite-de-700w-12-vcd-120v-1toma\/"]}]},{"@type":"ImageObject","inLanguage":"es","@id":"https:\/\/www.integralpro.com.co\/index.php\/producto\/cargador-powerverter-tripp-lite-de-700w-12-vcd-120v-1toma\/#primaryimage","url":"https:\/\/www.integralpro.com.co\/wp-content\/uploads\/2021\/02\/f2c2c249d39bd54053f91cf25d51e072.jpg","contentUrl":"https:\/\/www.integralpro.com.co\/wp-content\/uploads\/2021\/02\/f2c2c249d39bd54053f91cf25d51e072.jpg","width":800,"height":800},{"@type":"BreadcrumbList","@id":"https:\/\/www.integralpro.com.co\/index.php\/producto\/cargador-powerverter-tripp-lite-de-700w-12-vcd-120v-1toma\/#breadcrumb","itemListElement":[{"@type":"ListItem","position":1,"name":"Portada","item":"https:\/\/www.integralpro.com.co\/"},{"@type":"ListItem","position":2,"name":"Tienda","item":"https:\/\/www.integralpro.com.co\/index.php\/tienda\/"},{"@type":"ListItem","position":3,"name":"Cargador Powerverter Tripp Lite De 700W 12 Vcd 120V 1Toma"}]},{"@type":"WebSite","@id":"https:\/\/www.integralpro.com.co\/#website","url":"https:\/\/www.integralpro.com.co\/","name":"IntegralPro","description":"Tienda de Tecnolog\u00eda en L\u00ednea","publisher":{"@id":"https:\/\/www.integralpro.com.co\/#organization"},"potentialAction":[{"@type":"SearchAction","target":{"@type":"EntryPoint","urlTemplate":"https:\/\/www.integralpro.com.co\/?s={search_term_string}"},"query-input":{"@type":"PropertyValueSpecification","valueRequired":true,"valueName":"search_term_string"}}],"inLanguage":"es"},{"@type":"Organization","@id":"https:\/\/www.integralpro.com.co\/#organization","name":"IntegralPro SAS","url":"https:\/\/www.integralpro.com.co\/","logo":{"@type":"ImageObject","inLanguage":"es","@id":"https:\/\/www.integralpro.com.co\/#\/schema\/logo\/image\/","url":"https:\/\/www.integralpro.com.co\/wp-content\/uploads\/2021\/02\/logo-def.jpg","contentUrl":"https:\/\/www.integralpro.com.co\/wp-content\/uploads\/2021\/02\/logo-def.jpg","width":238,"height":234,"caption":"IntegralPro SAS"},"image":{"@id":"https:\/\/www.integralpro.com.co\/#\/schema\/logo\/image\/"}}]}},"_links":{"self":[{"href":"https:\/\/www.integralpro.com.co\/index.php\/wp-json\/wp\/v2\/product\/3223","targetHints":{"allow":["GET"]}}],"collection":[{"href":"https:\/\/www.integralpro.com.co\/index.php\/wp-json\/wp\/v2\/product"}],"about":[{"href":"https:\/\/www.integralpro.com.co\/index.php\/wp-json\/wp\/v2\/types\/product"}],"version-history":[{"count":1,"href":"https:\/\/www.integralpro.com.co\/index.php\/wp-json\/wp\/v2\/product\/3223\/revisions"}],"predecessor-version":[{"id":3309,"href":"https:\/\/www.integralpro.com.co\/index.php\/wp-json\/wp\/v2\/product\/3223\/revisions\/3309"}],"wp:featuredmedia":[{"embeddable":true,"href":"https:\/\/www.integralpro.com.co\/index.php\/wp-json\/wp\/v2\/media\/3308"}],"wp:attachment":[{"href":"https:\/\/www.integralpro.com.co\/index.php\/wp-json\/wp\/v2\/media?parent=3223"}],"wp:term":[{"taxonomy":"product_brand","embeddable":true,"href":"https:\/\/www.integralpro.com.co\/index.php\/wp-json\/wp\/v2\/product_brand?post=3223"},{"taxonomy":"product_cat","embeddable":true,"href":"https:\/\/www.integralpro.com.co\/index.php\/wp-json\/wp\/v2\/product_cat?post=3223"},{"taxonomy":"product_tag","embeddable":true,"href":"https:\/\/www.integralpro.com.co\/index.php\/wp-json\/wp\/v2\/product_tag?post=3223"}],"curies":[{"name":"wp","href":"https:\/\/api.w.org\/{rel}","templated":true}]}}