{"id":3216,"date":"2021-02-19T15:03:42","date_gmt":"2021-02-19T20:03:42","guid":{"rendered":"https:\/\/www.integralpro.com.co\/index.php\/producto\/import-placeholder-for-1537\/"},"modified":"2021-02-19T15:04:19","modified_gmt":"2021-02-19T20:04:19","slug":"router-mercusys-inalambrico-doble-banda-ac1200-4-antenas-externas","status":"publish","type":"product","link":"https:\/\/www.integralpro.com.co\/index.php\/producto\/router-mercusys-inalambrico-doble-banda-ac1200-4-antenas-externas\/","title":{"rendered":"Router Mercusys Inalambrico Doble banda AC1200 4 Antenas externas"},"content":{"rendered":"<p>Wi-Fi de 1200Mbps para un Internet m\u00e1s r\u00e1pido y sin interrupcionesEl AC12 crea una red de Wi-Fi confiable e incre\u00edblemente r\u00e1pida utilizando el potente est\u00e1ndar 802.11ac Wi-Fi, 3 veces m\u00e1s r\u00e1pido que las velocidades de N inal\u00e1mbricas.Cada vez m\u00e1s dispositivos utilizan el est\u00e1ndar de CA, y el enrutador correcto puede ser su rendimiento de Wi-Fi a su m\u00e1ximo potencial.Con su velocidad inal\u00e1mbrica avanzada, el AC12 es la opci\u00f3n superior para un Wi-Fi m\u00e1s r\u00e1pido y m\u00e1s fuerte.<\/p>\n<p><strong>Conexiones de banda dual simultanea <\/strong><\/p>\n<p>Con el poder de la banda dual Wi-Fi, sera m\u00e1s activo con m\u00e1s dispositivos inal\u00e1mbricos. 300Mbps en la banda de 2.4GHz es ideal para navegary correos electr\u00f3nicos, mientras que 867Mbps a lo largo de la banda de 5GHz cubre tareas de ancho de banda intensivo como transmisi\u00f3n de HD y juegos. Ambas bandas se transmiten a la vez, lo que le permite realizar estas tareas al mismo tiempo.<\/p>\n<p><strong>Se\u00f1al potente de gran cobertura<\/strong><\/p>\n<p>Las cuatro antenas externas de 5dBi con tecnolog\u00eda de antena avanzada brindan a los usuarios una mayor cobertura inal\u00e1mbrica y una intensidad de se\u00f1al inal\u00e1mbrica en toda su gran casa u oficina, lo que hace que las conexiones d\u00e9biles y ca\u00eddas sean cosa del pasado.<\/p>\n<p>Controles parentales sencillos &#038; Control de accesoSupervisa a los ni\u00f1os y al personal con acceso responsable, controlado por los padres o administradores. Puedes configurar f\u00e1cilmente una lista blanca o negra y limitar el tiempo de acceso a la web.Permite que los invitados se unan a su red Wi-Fi, mientras proteges tu privacidad. Hace que compartir sea f\u00e1cil y mantiene la seguridad.<\/p>\n<p><strong>F\u00e1cil instalaci\u00f3n en tres pasos<\/strong><\/p>\n<p>Sin la necesidad de una configuraci\u00f3n complicada, simplemente puedes seguir las instrucciones paso a paso en la p\u00e1gina web intuitiva para configurar su AC12 en minutos.1Crear una contrase\u00f1a de inicio de sesi\u00f3n \u00fanica2Elije tu servicio de internet e ingresa la informaci\u00f3n requerida3Establece nombre de red inal\u00e1mbrica (SSID) y contrase\u00f1a<\/p>\n<p><strong>Especificaciones T\u00e9cnicas<\/strong><\/p>\n<p>Dimensiones&nbsp; 222 x 140 x 32 mm<br \/>External Power Supply 9VDC\/0.85A<br \/>Tipo de antena 4 x 5dBi antenas omni direccionales<br \/>Signal Rate : 11ac: Up to 867Mbps (Dynamic), 11n: Up to 300Mbps (Dynamic), 11g: Up to 54Mbps (Dynamic), 11b: Up to 11Mbps (Dynamic)<br \/>Estandares inalambricos: IEEE 802.11ac\u3001IEEE 802.11n\u3001IEEE 802.11g\u3001IEEE 802.11b\u3001IEEE 802.3\u3001IEEE 802.3u<br \/>Frecuencia 2.390 ~ 2.4835GHz<br \/>5.150 ~ 5.825GHz <br \/>Recepci\u00f3n 11b CCK 1 -96, 11g OFDM 6 -93, 11n HT20 MCS7 -73, 11n HT40 MCS7 -70, 11a OFDM 6 -92, 11ac VHT20 MCS8 -68, 11ac VHT40 MCS9 -64, 11ac VHT80 MCS9 -60<br \/>Interfaces: 4 10\/100Mbps LAN ports, 1 10\/100Mbps WAN port<br \/>Certificaciones CE, ROHS<br \/>Poder de transmisi\u00f3n:&nbsp; <20dBm<br \/>Wireless Security WPA-PSK \/ WPA2-PSK<br \/>Wireless Functions WDS bridge<br \/>WAN Type Dynamic IP\/Static IP\/PPPoE<br \/>Protocolos IPv4<br \/>Guest Network 2.4GHz guest network <\/p>\n<p><strong>Contenido Del Paquete<\/strong><\/p>\n<p>Router &#8211; Fuente de alimentaci\u00f3n &#8211; Documentaci\u00f3n<\/p>\n","protected":false},"excerpt":{"rendered":"<p># DE PARTE:AC12<\/p>\n","protected":false},"featured_media":3281,"template":"","meta":{"site-sidebar-layout":"default","site-content-layout":"","ast-site-content-layout":"default","site-content-style":"default","site-sidebar-style":"default","ast-global-header-display":"","ast-banner-title-visibility":"","ast-main-header-display":"","ast-hfb-above-header-display":"","ast-hfb-below-header-display":"","ast-hfb-mobile-header-display":"","site-post-title":"","ast-breadcrumbs-content":"","ast-featured-img":"","footer-sml-layout":"","ast-disable-related-posts":"","theme-transparent-header-meta":"","adv-header-id-meta":"","stick-header-meta":"","header-above-stick-meta":"","header-main-stick-meta":"","header-below-stick-meta":"","astra-migrate-meta-layouts":"default","ast-page-background-enabled":"default","ast-page-background-meta":{"desktop":{"background-color":"var(--ast-global-color-4)","background-image":"","background-repeat":"repeat","background-position":"center center","background-size":"auto","background-attachment":"scroll","background-type":"","background-media":"","overlay-type":"","overlay-color":"","overlay-opacity":"","overlay-gradient":""},"tablet":{"background-color":"","background-image":"","background-repeat":"repeat","background-position":"center center","background-size":"auto","background-attachment":"scroll","background-type":"","background-media":"","overlay-type":"","overlay-color":"","overlay-opacity":"","overlay-gradient":""},"mobile":{"background-color":"","background-image":"","background-repeat":"repeat","background-position":"center center","background-size":"auto","background-attachment":"scroll","background-type":"","background-media":"","overlay-type":"","overlay-color":"","overlay-opacity":"","overlay-gradient":""}},"ast-content-background-meta":{"desktop":{"background-color":"var(--ast-global-color-5)","background-image":"","background-repeat":"repeat","background-position":"center center","background-size":"auto","background-attachment":"scroll","background-type":"","background-media":"","overlay-type":"","overlay-color":"","overlay-opacity":"","overlay-gradient":""},"tablet":{"background-color":"var(--ast-global-color-5)","background-image":"","background-repeat":"repeat","background-position":"center center","background-size":"auto","background-attachment":"scroll","background-type":"","background-media":"","overlay-type":"","overlay-color":"","overlay-opacity":"","overlay-gradient":""},"mobile":{"background-color":"var(--ast-global-color-5)","background-image":"","background-repeat":"repeat","background-position":"center center","background-size":"auto","background-attachment":"scroll","background-type":"","background-media":"","overlay-type":"","overlay-color":"","overlay-opacity":"","overlay-gradient":""}}},"product_brand":[],"product_cat":[62,150],"product_tag":[45],"class_list":{"0":"post-3216","1":"product","2":"type-product","3":"status-publish","4":"has-post-thumbnail","6":"product_cat-redes","7":"product_cat-routers","8":"product_tag-tp-link","9":"desktop-align-left","10":"tablet-align-left","11":"mobile-align-left","13":"first","14":"instock","15":"taxable","16":"shipping-taxable","17":"product-type-simple"},"yoast_head":"<!-- This site is optimized with the Yoast SEO plugin v27.4 - https:\/\/yoast.com\/product\/yoast-seo-wordpress\/ -->\n<title>Router Mercusys Inalambrico Doble banda AC1200 4 Antenas externas - IntegralPro<\/title>\n<meta name=\"robots\" content=\"index, follow, max-snippet:-1, max-image-preview:large, max-video-preview:-1\" \/>\n<link rel=\"canonical\" href=\"https:\/\/www.integralpro.com.co\/index.php\/producto\/router-mercusys-inalambrico-doble-banda-ac1200-4-antenas-externas\/\" \/>\n<meta property=\"og:locale\" content=\"es_ES\" \/>\n<meta property=\"og:type\" content=\"article\" \/>\n<meta property=\"og:title\" content=\"Router Mercusys Inalambrico Doble banda AC1200 4 Antenas externas - IntegralPro\" \/>\n<meta property=\"og:description\" content=\"# DE PARTE:AC12\" \/>\n<meta property=\"og:url\" content=\"https:\/\/www.integralpro.com.co\/index.php\/producto\/router-mercusys-inalambrico-doble-banda-ac1200-4-antenas-externas\/\" \/>\n<meta property=\"og:site_name\" content=\"IntegralPro\" \/>\n<meta property=\"article:modified_time\" content=\"2021-02-19T20:04:19+00:00\" \/>\n<meta property=\"og:image\" content=\"https:\/\/www.integralpro.com.co\/wp-content\/uploads\/2021\/02\/ec03034e866a42e90fc993d1f7d4bb56.jpg\" \/>\n\t<meta property=\"og:image:width\" content=\"1161\" \/>\n\t<meta property=\"og:image:height\" content=\"1094\" \/>\n\t<meta property=\"og:image:type\" content=\"image\/jpeg\" \/>\n<meta name=\"twitter:card\" content=\"summary_large_image\" \/>\n<meta name=\"twitter:label1\" content=\"Tiempo de lectura\" \/>\n\t<meta name=\"twitter:data1\" content=\"2 minutos\" \/>\n<script type=\"application\/ld+json\" class=\"yoast-schema-graph\">{\"@context\":\"https:\\\/\\\/schema.org\",\"@graph\":[{\"@type\":\"WebPage\",\"@id\":\"https:\\\/\\\/www.integralpro.com.co\\\/index.php\\\/producto\\\/router-mercusys-inalambrico-doble-banda-ac1200-4-antenas-externas\\\/\",\"url\":\"https:\\\/\\\/www.integralpro.com.co\\\/index.php\\\/producto\\\/router-mercusys-inalambrico-doble-banda-ac1200-4-antenas-externas\\\/\",\"name\":\"Router Mercusys Inalambrico Doble banda AC1200 4 Antenas externas - IntegralPro\",\"isPartOf\":{\"@id\":\"https:\\\/\\\/www.integralpro.com.co\\\/#website\"},\"primaryImageOfPage\":{\"@id\":\"https:\\\/\\\/www.integralpro.com.co\\\/index.php\\\/producto\\\/router-mercusys-inalambrico-doble-banda-ac1200-4-antenas-externas\\\/#primaryimage\"},\"image\":{\"@id\":\"https:\\\/\\\/www.integralpro.com.co\\\/index.php\\\/producto\\\/router-mercusys-inalambrico-doble-banda-ac1200-4-antenas-externas\\\/#primaryimage\"},\"thumbnailUrl\":\"https:\\\/\\\/www.integralpro.com.co\\\/wp-content\\\/uploads\\\/2021\\\/02\\\/ec03034e866a42e90fc993d1f7d4bb56.jpg\",\"datePublished\":\"2021-02-19T20:03:42+00:00\",\"dateModified\":\"2021-02-19T20:04:19+00:00\",\"breadcrumb\":{\"@id\":\"https:\\\/\\\/www.integralpro.com.co\\\/index.php\\\/producto\\\/router-mercusys-inalambrico-doble-banda-ac1200-4-antenas-externas\\\/#breadcrumb\"},\"inLanguage\":\"es\",\"potentialAction\":[{\"@type\":\"ReadAction\",\"target\":[\"https:\\\/\\\/www.integralpro.com.co\\\/index.php\\\/producto\\\/router-mercusys-inalambrico-doble-banda-ac1200-4-antenas-externas\\\/\"]}]},{\"@type\":\"ImageObject\",\"inLanguage\":\"es\",\"@id\":\"https:\\\/\\\/www.integralpro.com.co\\\/index.php\\\/producto\\\/router-mercusys-inalambrico-doble-banda-ac1200-4-antenas-externas\\\/#primaryimage\",\"url\":\"https:\\\/\\\/www.integralpro.com.co\\\/wp-content\\\/uploads\\\/2021\\\/02\\\/ec03034e866a42e90fc993d1f7d4bb56.jpg\",\"contentUrl\":\"https:\\\/\\\/www.integralpro.com.co\\\/wp-content\\\/uploads\\\/2021\\\/02\\\/ec03034e866a42e90fc993d1f7d4bb56.jpg\",\"width\":1161,\"height\":1094},{\"@type\":\"BreadcrumbList\",\"@id\":\"https:\\\/\\\/www.integralpro.com.co\\\/index.php\\\/producto\\\/router-mercusys-inalambrico-doble-banda-ac1200-4-antenas-externas\\\/#breadcrumb\",\"itemListElement\":[{\"@type\":\"ListItem\",\"position\":1,\"name\":\"Portada\",\"item\":\"https:\\\/\\\/www.integralpro.com.co\\\/\"},{\"@type\":\"ListItem\",\"position\":2,\"name\":\"Tienda\",\"item\":\"https:\\\/\\\/www.integralpro.com.co\\\/index.php\\\/tienda\\\/\"},{\"@type\":\"ListItem\",\"position\":3,\"name\":\"Router Mercusys Inalambrico Doble banda AC1200 4 Antenas externas\"}]},{\"@type\":\"WebSite\",\"@id\":\"https:\\\/\\\/www.integralpro.com.co\\\/#website\",\"url\":\"https:\\\/\\\/www.integralpro.com.co\\\/\",\"name\":\"IntegralPro\",\"description\":\"Tienda de Tecnolog\u00eda en L\u00ednea\",\"publisher\":{\"@id\":\"https:\\\/\\\/www.integralpro.com.co\\\/#organization\"},\"potentialAction\":[{\"@type\":\"SearchAction\",\"target\":{\"@type\":\"EntryPoint\",\"urlTemplate\":\"https:\\\/\\\/www.integralpro.com.co\\\/?s={search_term_string}\"},\"query-input\":{\"@type\":\"PropertyValueSpecification\",\"valueRequired\":true,\"valueName\":\"search_term_string\"}}],\"inLanguage\":\"es\"},{\"@type\":\"Organization\",\"@id\":\"https:\\\/\\\/www.integralpro.com.co\\\/#organization\",\"name\":\"IntegralPro SAS\",\"url\":\"https:\\\/\\\/www.integralpro.com.co\\\/\",\"logo\":{\"@type\":\"ImageObject\",\"inLanguage\":\"es\",\"@id\":\"https:\\\/\\\/www.integralpro.com.co\\\/#\\\/schema\\\/logo\\\/image\\\/\",\"url\":\"https:\\\/\\\/www.integralpro.com.co\\\/wp-content\\\/uploads\\\/2021\\\/02\\\/logo-def.jpg\",\"contentUrl\":\"https:\\\/\\\/www.integralpro.com.co\\\/wp-content\\\/uploads\\\/2021\\\/02\\\/logo-def.jpg\",\"width\":238,\"height\":234,\"caption\":\"IntegralPro SAS\"},\"image\":{\"@id\":\"https:\\\/\\\/www.integralpro.com.co\\\/#\\\/schema\\\/logo\\\/image\\\/\"}}]}<\/script>\n<!-- \/ Yoast SEO plugin. -->","yoast_head_json":{"title":"Router Mercusys Inalambrico Doble banda AC1200 4 Antenas externas - IntegralPro","robots":{"index":"index","follow":"follow","max-snippet":"max-snippet:-1","max-image-preview":"max-image-preview:large","max-video-preview":"max-video-preview:-1"},"canonical":"https:\/\/www.integralpro.com.co\/index.php\/producto\/router-mercusys-inalambrico-doble-banda-ac1200-4-antenas-externas\/","og_locale":"es_ES","og_type":"article","og_title":"Router Mercusys Inalambrico Doble banda AC1200 4 Antenas externas - IntegralPro","og_description":"# DE PARTE:AC12","og_url":"https:\/\/www.integralpro.com.co\/index.php\/producto\/router-mercusys-inalambrico-doble-banda-ac1200-4-antenas-externas\/","og_site_name":"IntegralPro","article_modified_time":"2021-02-19T20:04:19+00:00","og_image":[{"width":1161,"height":1094,"url":"https:\/\/www.integralpro.com.co\/wp-content\/uploads\/2021\/02\/ec03034e866a42e90fc993d1f7d4bb56.jpg","type":"image\/jpeg"}],"twitter_card":"summary_large_image","twitter_misc":{"Tiempo de lectura":"2 minutos"},"schema":{"@context":"https:\/\/schema.org","@graph":[{"@type":"WebPage","@id":"https:\/\/www.integralpro.com.co\/index.php\/producto\/router-mercusys-inalambrico-doble-banda-ac1200-4-antenas-externas\/","url":"https:\/\/www.integralpro.com.co\/index.php\/producto\/router-mercusys-inalambrico-doble-banda-ac1200-4-antenas-externas\/","name":"Router Mercusys Inalambrico Doble banda AC1200 4 Antenas externas - IntegralPro","isPartOf":{"@id":"https:\/\/www.integralpro.com.co\/#website"},"primaryImageOfPage":{"@id":"https:\/\/www.integralpro.com.co\/index.php\/producto\/router-mercusys-inalambrico-doble-banda-ac1200-4-antenas-externas\/#primaryimage"},"image":{"@id":"https:\/\/www.integralpro.com.co\/index.php\/producto\/router-mercusys-inalambrico-doble-banda-ac1200-4-antenas-externas\/#primaryimage"},"thumbnailUrl":"https:\/\/www.integralpro.com.co\/wp-content\/uploads\/2021\/02\/ec03034e866a42e90fc993d1f7d4bb56.jpg","datePublished":"2021-02-19T20:03:42+00:00","dateModified":"2021-02-19T20:04:19+00:00","breadcrumb":{"@id":"https:\/\/www.integralpro.com.co\/index.php\/producto\/router-mercusys-inalambrico-doble-banda-ac1200-4-antenas-externas\/#breadcrumb"},"inLanguage":"es","potentialAction":[{"@type":"ReadAction","target":["https:\/\/www.integralpro.com.co\/index.php\/producto\/router-mercusys-inalambrico-doble-banda-ac1200-4-antenas-externas\/"]}]},{"@type":"ImageObject","inLanguage":"es","@id":"https:\/\/www.integralpro.com.co\/index.php\/producto\/router-mercusys-inalambrico-doble-banda-ac1200-4-antenas-externas\/#primaryimage","url":"https:\/\/www.integralpro.com.co\/wp-content\/uploads\/2021\/02\/ec03034e866a42e90fc993d1f7d4bb56.jpg","contentUrl":"https:\/\/www.integralpro.com.co\/wp-content\/uploads\/2021\/02\/ec03034e866a42e90fc993d1f7d4bb56.jpg","width":1161,"height":1094},{"@type":"BreadcrumbList","@id":"https:\/\/www.integralpro.com.co\/index.php\/producto\/router-mercusys-inalambrico-doble-banda-ac1200-4-antenas-externas\/#breadcrumb","itemListElement":[{"@type":"ListItem","position":1,"name":"Portada","item":"https:\/\/www.integralpro.com.co\/"},{"@type":"ListItem","position":2,"name":"Tienda","item":"https:\/\/www.integralpro.com.co\/index.php\/tienda\/"},{"@type":"ListItem","position":3,"name":"Router Mercusys Inalambrico Doble banda AC1200 4 Antenas externas"}]},{"@type":"WebSite","@id":"https:\/\/www.integralpro.com.co\/#website","url":"https:\/\/www.integralpro.com.co\/","name":"IntegralPro","description":"Tienda de Tecnolog\u00eda en L\u00ednea","publisher":{"@id":"https:\/\/www.integralpro.com.co\/#organization"},"potentialAction":[{"@type":"SearchAction","target":{"@type":"EntryPoint","urlTemplate":"https:\/\/www.integralpro.com.co\/?s={search_term_string}"},"query-input":{"@type":"PropertyValueSpecification","valueRequired":true,"valueName":"search_term_string"}}],"inLanguage":"es"},{"@type":"Organization","@id":"https:\/\/www.integralpro.com.co\/#organization","name":"IntegralPro SAS","url":"https:\/\/www.integralpro.com.co\/","logo":{"@type":"ImageObject","inLanguage":"es","@id":"https:\/\/www.integralpro.com.co\/#\/schema\/logo\/image\/","url":"https:\/\/www.integralpro.com.co\/wp-content\/uploads\/2021\/02\/logo-def.jpg","contentUrl":"https:\/\/www.integralpro.com.co\/wp-content\/uploads\/2021\/02\/logo-def.jpg","width":238,"height":234,"caption":"IntegralPro SAS"},"image":{"@id":"https:\/\/www.integralpro.com.co\/#\/schema\/logo\/image\/"}}]}},"_links":{"self":[{"href":"https:\/\/www.integralpro.com.co\/index.php\/wp-json\/wp\/v2\/product\/3216","targetHints":{"allow":["GET"]}}],"collection":[{"href":"https:\/\/www.integralpro.com.co\/index.php\/wp-json\/wp\/v2\/product"}],"about":[{"href":"https:\/\/www.integralpro.com.co\/index.php\/wp-json\/wp\/v2\/types\/product"}],"version-history":[{"count":1,"href":"https:\/\/www.integralpro.com.co\/index.php\/wp-json\/wp\/v2\/product\/3216\/revisions"}],"predecessor-version":[{"id":3282,"href":"https:\/\/www.integralpro.com.co\/index.php\/wp-json\/wp\/v2\/product\/3216\/revisions\/3282"}],"wp:featuredmedia":[{"embeddable":true,"href":"https:\/\/www.integralpro.com.co\/index.php\/wp-json\/wp\/v2\/media\/3281"}],"wp:attachment":[{"href":"https:\/\/www.integralpro.com.co\/index.php\/wp-json\/wp\/v2\/media?parent=3216"}],"wp:term":[{"taxonomy":"product_brand","embeddable":true,"href":"https:\/\/www.integralpro.com.co\/index.php\/wp-json\/wp\/v2\/product_brand?post=3216"},{"taxonomy":"product_cat","embeddable":true,"href":"https:\/\/www.integralpro.com.co\/index.php\/wp-json\/wp\/v2\/product_cat?post=3216"},{"taxonomy":"product_tag","embeddable":true,"href":"https:\/\/www.integralpro.com.co\/index.php\/wp-json\/wp\/v2\/product_tag?post=3216"}],"curies":[{"name":"wp","href":"https:\/\/api.w.org\/{rel}","templated":true}]}}