{"id":3185,"date":"2021-02-19T15:03:22","date_gmt":"2021-02-19T20:03:22","guid":{"rendered":"https:\/\/www.integralpro.com.co\/index.php\/producto\/import-placeholder-for-1530\/"},"modified":"2021-02-19T15:04:09","modified_gmt":"2021-02-19T20:04:09","slug":"switch-tp-link-sg1048-48-puertos-rj45-10-100mbps-gigabit","status":"publish","type":"product","link":"https:\/\/www.integralpro.com.co\/index.php\/producto\/switch-tp-link-sg1048-48-puertos-rj45-10-100mbps-gigabit\/","title":{"rendered":"Switch Tp Link Sg1048 48 Puertos Rj45 10\/100Mbps Gigabit"},"content":{"rendered":"<p>Switch de Sobremesa de 48 puertos RJ45 10\/100\/1000Mbps de TP-LINK.<\/p>\n<p><\/p>\n<p><strong>Para que sirve<\/strong><\/p>\n<p><\/p>\n<p>El switch Gigabit de 48 puertos TL-SG1048 est\u00e1 dise\u00f1ado para <br \/>satisfacer las necesidades m\u00e1s exigentes a nivel de conectividad de cualquier <br \/>grupo de trabajo u organizaci\u00f3n departamental. El TL-SG1048 es un switch con 48 <br \/>puertos a 10\/100\/1000 Mbps fiable y f\u00e1cil tanto de utilizar como de administrar. <br \/>El TL-SG1048 combina la facilidad de uso con unas prestaciones insuperables. <br \/>Ello le proporciona un valor excepcional para todos aquellos administradores <br \/>preocupados por los costes que desean la mejor soluci\u00f3n posible al mejor precio <br \/>posible.<\/p>\n<p><\/p>\n<p><strong>Tecnolog\u00eda ecol\u00f3gica de TP-LINK<\/strong><\/p>\n<p><\/p>\n<p>El switch TL-SG1048 Gigabit de 48 puertos de nueva generaci\u00f3n <br \/>incorpora la m\u00e1s innovadora y reciente tecnolog\u00eda de eficiencia energ\u00e9tica. Ello <br \/>le permite ampliar la capacidad de su red empleando mucha menos energ\u00eda <br \/>el\u00e9ctrica. Ajusta autom\u00e1ticamente el consumo de energ\u00eda de acuerdo con el estado <br \/>del enlace y la longitud del cable, limitando as\u00ed la huella de carbono de su <br \/>red. As\u00ed mismo, cumple con el est\u00e1ndar RoHS de la Uni\u00f3n Europea que proh\u00edbe el <br \/>uso de ciertos materiales considerados como peligrosos. Adem\u00e1s, puede reciclarse <br \/>hasta el 70% del material que compone su embalaje.<\/p>\n<p><\/p>\n<p><strong>Alto rendimiento<\/strong><\/p>\n<p><\/p>\n<p>El TL-SG1048 incorpora tecnolog\u00eda sin bloqueos a la m\u00e1xima <br \/>velocidad del cable y una capacidad de switching de 96 Gbps que permite la <br \/>m\u00e1xima tasa de transferencia. Su tabla de direcciones MAC de 8 K proporciona una <br \/>capacidad de escalabilidad suficiente incluso para las redes de mayor tama\u00f1o. <br \/>Tambi\u00e9n soporta control de flujo IEEE 802.3x en modo Full Duplex y Back-Pressure <br \/>en modo Half Duplex, lo que permite aliviar la congesti\u00f3n del tr\u00e1fico as\u00ed como <br \/>garantizar una transmisi\u00f3n fiable de datos.<\/p>\n<p><\/p>\n<p><strong>F\u00e1cil de Usar<\/strong><\/p>\n<p><\/p>\n<p>Las funcionalidades autom\u00e1ticas de este switch Gigabit <br \/>posibilitan una instalaci\u00f3n Plug and Play sin complicaciones. No es necesaria <br \/>ninguna configuraci\u00f3n. Todos los puertos soportan la funci\u00f3n Auto MDI\/MDI-X, lo <br \/>que elimina la necesidad de emplear un cable cruzado o puertos tipo Uplink. La <br \/>funci\u00f3n de detecci\u00f3n autom\u00e1tica de los puertos identifica la velocidad de enlace <br \/>del dispositivo de red (10, 100 o 1000 Mbps) y la ajusta de forma inteligente a <br \/>fin de garantizar la compatibilidad y el mejor rendimiento. Su tama\u00f1o compacto <br \/>lo convierten en el equipo ideal para mesas con un espacio limitado. Adem\u00e1s, <br \/>puede montarse en bastidor para una mayor comodidad y seguridad. Integra leds <br \/>din\u00e1micos que ofrecen informaci\u00f3n en tiempo real acerca del estado y de <br \/>diagn\u00f3stico b\u00e1sico de problemas.<\/p>\n<p><\/p>\n<p><strong>Puertos<\/strong><\/p>\n<p><\/p>\n<p>El TL-SG1048 trae 48 puertos RJ45 a 10\/100\/1000Mbps. <\/p>\n<p><\/p>\n<p><strong>Compatibilidad<\/strong><\/p>\n<p><\/p>\n<p>El TL-SG1048 es compatible con sistemas Microsoft Windows 8, <br \/>7, Vista , XP o MAC OS, NetWare, UNIX o Linux.<\/p>\n<p><\/p>\n<p><strong>Especificaciones T\u00e9cnicas<\/strong><\/p>\n<p><\/p>\n<p>Dimensiones: 44 x 22 x 4 cm<\/p>\n<p>Peso: 1.5kg<\/p>\n<p>Est\u00e1ndares y Protocolos IEEE 802.3i, IEEE 802.3u, IEEE 802.3ab, IEEE 802.3x <\/p>\n<p>Interfaz 48 Puertos RJ45 10\/100\/1000Mbps (Auto Negociaci\u00f3n\/Auto MDI\/MDIX) <\/p>\n<p>Medios de Red cable 3, 4 5, 10BASE-T: categor\u00eda UTP (m\u00e1ximo 100m) <br \/>100BASE-TX\/1000BASE-T: Category 5 UTP, 5e o sobre cable (m\u00e1ximo 100m)<\/p>\n<p>Cantidad de Ventiladores 2 <\/p>\n<p>Fuente de Alimentaci\u00f3n 100-240VAC, 50 \/ 60Hz <\/p>\n<p>Consumo de Energ\u00eda M\u00e1ximo: 29.8W (220V\/50Hz)<\/p>\n<p>Montaje Montaje en bastidor <\/p>\n<p>Consumo M\u00e1ximo de energ\u00eda 32.29W (220V \/ 50Hz) <\/p>\n<p>Disipaci\u00f3n M\u00e1xima de Calor 110.17BTU \/ h<\/p>\n<p>Capacidad de Switcheo 96Gbps <\/p>\n<p>Tasa de Reenv\u00edo de Paquetes 71.4Mpps <\/p>\n<p>Tabla de MAC Address 8K Memoria B\u00fafer 16Mb<\/p>\n<p>Temperatura de funcionamiento: 0\u2103~40\u2103 (32\u2109~104\u2109) <\/p>\n<p>Temperatura de almacenamiento: -40\u2103~70\u2103 (-40\u2109~158\u2109) <\/p>\n<p>Humedad de funcionamiento: 10%~90% sin condensaci\u00f3n <\/p>\n<p>Humedad de almacenamiento: 5%~90% sin condensaci\u00f3n<\/p>\n<p><\/p>\n<p><strong>Contenido Del Paquete<\/strong><\/p>\n<p><\/p>\n<p>Switch &#8211; Documentaci\u00f3n<\/p>\n","protected":false},"excerpt":{"rendered":"<p># DE PARTE:TL-SG1048<\/p>\n","protected":false},"featured_media":3268,"template":"","meta":{"site-sidebar-layout":"default","site-content-layout":"","ast-site-content-layout":"default","site-content-style":"default","site-sidebar-style":"default","ast-global-header-display":"","ast-banner-title-visibility":"","ast-main-header-display":"","ast-hfb-above-header-display":"","ast-hfb-below-header-display":"","ast-hfb-mobile-header-display":"","site-post-title":"","ast-breadcrumbs-content":"","ast-featured-img":"","footer-sml-layout":"","ast-disable-related-posts":"","theme-transparent-header-meta":"","adv-header-id-meta":"","stick-header-meta":"","header-above-stick-meta":"","header-main-stick-meta":"","header-below-stick-meta":"","astra-migrate-meta-layouts":"default","ast-page-background-enabled":"default","ast-page-background-meta":{"desktop":{"background-color":"var(--ast-global-color-4)","background-image":"","background-repeat":"repeat","background-position":"center center","background-size":"auto","background-attachment":"scroll","background-type":"","background-media":"","overlay-type":"","overlay-color":"","overlay-opacity":"","overlay-gradient":""},"tablet":{"background-color":"","background-image":"","background-repeat":"repeat","background-position":"center center","background-size":"auto","background-attachment":"scroll","background-type":"","background-media":"","overlay-type":"","overlay-color":"","overlay-opacity":"","overlay-gradient":""},"mobile":{"background-color":"","background-image":"","background-repeat":"repeat","background-position":"center center","background-size":"auto","background-attachment":"scroll","background-type":"","background-media":"","overlay-type":"","overlay-color":"","overlay-opacity":"","overlay-gradient":""}},"ast-content-background-meta":{"desktop":{"background-color":"var(--ast-global-color-5)","background-image":"","background-repeat":"repeat","background-position":"center center","background-size":"auto","background-attachment":"scroll","background-type":"","background-media":"","overlay-type":"","overlay-color":"","overlay-opacity":"","overlay-gradient":""},"tablet":{"background-color":"var(--ast-global-color-5)","background-image":"","background-repeat":"repeat","background-position":"center center","background-size":"auto","background-attachment":"scroll","background-type":"","background-media":"","overlay-type":"","overlay-color":"","overlay-opacity":"","overlay-gradient":""},"mobile":{"background-color":"var(--ast-global-color-5)","background-image":"","background-repeat":"repeat","background-position":"center center","background-size":"auto","background-attachment":"scroll","background-type":"","background-media":"","overlay-type":"","overlay-color":"","overlay-opacity":"","overlay-gradient":""}}},"product_brand":[],"product_cat":[62,151],"product_tag":[45],"class_list":{"0":"post-3185","1":"product","2":"type-product","3":"status-publish","4":"has-post-thumbnail","6":"product_cat-redes","7":"product_cat-switch","8":"product_tag-tp-link","9":"desktop-align-left","10":"tablet-align-left","11":"mobile-align-left","13":"first","14":"instock","15":"taxable","16":"shipping-taxable","17":"product-type-simple"},"yoast_head":"<!-- This site is optimized with the Yoast SEO plugin v27.4 - https:\/\/yoast.com\/product\/yoast-seo-wordpress\/ -->\n<title>Switch Tp Link Sg1048 48 Puertos Rj45 10\/100Mbps Gigabit - IntegralPro<\/title>\n<meta name=\"robots\" content=\"index, follow, max-snippet:-1, max-image-preview:large, max-video-preview:-1\" \/>\n<link rel=\"canonical\" href=\"https:\/\/www.integralpro.com.co\/index.php\/producto\/switch-tp-link-sg1048-48-puertos-rj45-10-100mbps-gigabit\/\" \/>\n<meta property=\"og:locale\" content=\"es_ES\" \/>\n<meta property=\"og:type\" content=\"article\" \/>\n<meta property=\"og:title\" content=\"Switch Tp Link Sg1048 48 Puertos Rj45 10\/100Mbps Gigabit - IntegralPro\" \/>\n<meta property=\"og:description\" content=\"# DE PARTE:TL-SG1048\" \/>\n<meta property=\"og:url\" content=\"https:\/\/www.integralpro.com.co\/index.php\/producto\/switch-tp-link-sg1048-48-puertos-rj45-10-100mbps-gigabit\/\" \/>\n<meta property=\"og:site_name\" content=\"IntegralPro\" \/>\n<meta property=\"article:modified_time\" content=\"2021-02-19T20:04:09+00:00\" \/>\n<meta property=\"og:image\" content=\"https:\/\/www.integralpro.com.co\/wp-content\/uploads\/2021\/02\/3ffabb6caf9f3a77ccc8dc8997997aec.jpg\" \/>\n\t<meta property=\"og:image:width\" content=\"800\" \/>\n\t<meta property=\"og:image:height\" content=\"800\" \/>\n\t<meta property=\"og:image:type\" content=\"image\/jpeg\" \/>\n<meta name=\"twitter:card\" content=\"summary_large_image\" \/>\n<meta name=\"twitter:label1\" content=\"Tiempo de lectura\" \/>\n\t<meta name=\"twitter:data1\" content=\"3 minutos\" \/>\n<script type=\"application\/ld+json\" class=\"yoast-schema-graph\">{\"@context\":\"https:\\\/\\\/schema.org\",\"@graph\":[{\"@type\":\"WebPage\",\"@id\":\"https:\\\/\\\/www.integralpro.com.co\\\/index.php\\\/producto\\\/switch-tp-link-sg1048-48-puertos-rj45-10-100mbps-gigabit\\\/\",\"url\":\"https:\\\/\\\/www.integralpro.com.co\\\/index.php\\\/producto\\\/switch-tp-link-sg1048-48-puertos-rj45-10-100mbps-gigabit\\\/\",\"name\":\"Switch Tp Link Sg1048 48 Puertos Rj45 10\\\/100Mbps Gigabit - IntegralPro\",\"isPartOf\":{\"@id\":\"https:\\\/\\\/www.integralpro.com.co\\\/#website\"},\"primaryImageOfPage\":{\"@id\":\"https:\\\/\\\/www.integralpro.com.co\\\/index.php\\\/producto\\\/switch-tp-link-sg1048-48-puertos-rj45-10-100mbps-gigabit\\\/#primaryimage\"},\"image\":{\"@id\":\"https:\\\/\\\/www.integralpro.com.co\\\/index.php\\\/producto\\\/switch-tp-link-sg1048-48-puertos-rj45-10-100mbps-gigabit\\\/#primaryimage\"},\"thumbnailUrl\":\"https:\\\/\\\/www.integralpro.com.co\\\/wp-content\\\/uploads\\\/2021\\\/02\\\/3ffabb6caf9f3a77ccc8dc8997997aec.jpg\",\"datePublished\":\"2021-02-19T20:03:22+00:00\",\"dateModified\":\"2021-02-19T20:04:09+00:00\",\"breadcrumb\":{\"@id\":\"https:\\\/\\\/www.integralpro.com.co\\\/index.php\\\/producto\\\/switch-tp-link-sg1048-48-puertos-rj45-10-100mbps-gigabit\\\/#breadcrumb\"},\"inLanguage\":\"es\",\"potentialAction\":[{\"@type\":\"ReadAction\",\"target\":[\"https:\\\/\\\/www.integralpro.com.co\\\/index.php\\\/producto\\\/switch-tp-link-sg1048-48-puertos-rj45-10-100mbps-gigabit\\\/\"]}]},{\"@type\":\"ImageObject\",\"inLanguage\":\"es\",\"@id\":\"https:\\\/\\\/www.integralpro.com.co\\\/index.php\\\/producto\\\/switch-tp-link-sg1048-48-puertos-rj45-10-100mbps-gigabit\\\/#primaryimage\",\"url\":\"https:\\\/\\\/www.integralpro.com.co\\\/wp-content\\\/uploads\\\/2021\\\/02\\\/3ffabb6caf9f3a77ccc8dc8997997aec.jpg\",\"contentUrl\":\"https:\\\/\\\/www.integralpro.com.co\\\/wp-content\\\/uploads\\\/2021\\\/02\\\/3ffabb6caf9f3a77ccc8dc8997997aec.jpg\",\"width\":800,\"height\":800},{\"@type\":\"BreadcrumbList\",\"@id\":\"https:\\\/\\\/www.integralpro.com.co\\\/index.php\\\/producto\\\/switch-tp-link-sg1048-48-puertos-rj45-10-100mbps-gigabit\\\/#breadcrumb\",\"itemListElement\":[{\"@type\":\"ListItem\",\"position\":1,\"name\":\"Portada\",\"item\":\"https:\\\/\\\/www.integralpro.com.co\\\/\"},{\"@type\":\"ListItem\",\"position\":2,\"name\":\"Tienda\",\"item\":\"https:\\\/\\\/www.integralpro.com.co\\\/index.php\\\/tienda\\\/\"},{\"@type\":\"ListItem\",\"position\":3,\"name\":\"Switch Tp Link Sg1048 48 Puertos Rj45 10\\\/100Mbps Gigabit\"}]},{\"@type\":\"WebSite\",\"@id\":\"https:\\\/\\\/www.integralpro.com.co\\\/#website\",\"url\":\"https:\\\/\\\/www.integralpro.com.co\\\/\",\"name\":\"IntegralPro\",\"description\":\"Tienda de Tecnolog\u00eda en L\u00ednea\",\"publisher\":{\"@id\":\"https:\\\/\\\/www.integralpro.com.co\\\/#organization\"},\"potentialAction\":[{\"@type\":\"SearchAction\",\"target\":{\"@type\":\"EntryPoint\",\"urlTemplate\":\"https:\\\/\\\/www.integralpro.com.co\\\/?s={search_term_string}\"},\"query-input\":{\"@type\":\"PropertyValueSpecification\",\"valueRequired\":true,\"valueName\":\"search_term_string\"}}],\"inLanguage\":\"es\"},{\"@type\":\"Organization\",\"@id\":\"https:\\\/\\\/www.integralpro.com.co\\\/#organization\",\"name\":\"IntegralPro SAS\",\"url\":\"https:\\\/\\\/www.integralpro.com.co\\\/\",\"logo\":{\"@type\":\"ImageObject\",\"inLanguage\":\"es\",\"@id\":\"https:\\\/\\\/www.integralpro.com.co\\\/#\\\/schema\\\/logo\\\/image\\\/\",\"url\":\"https:\\\/\\\/www.integralpro.com.co\\\/wp-content\\\/uploads\\\/2021\\\/02\\\/logo-def.jpg\",\"contentUrl\":\"https:\\\/\\\/www.integralpro.com.co\\\/wp-content\\\/uploads\\\/2021\\\/02\\\/logo-def.jpg\",\"width\":238,\"height\":234,\"caption\":\"IntegralPro SAS\"},\"image\":{\"@id\":\"https:\\\/\\\/www.integralpro.com.co\\\/#\\\/schema\\\/logo\\\/image\\\/\"}}]}<\/script>\n<!-- \/ Yoast SEO plugin. -->","yoast_head_json":{"title":"Switch Tp Link Sg1048 48 Puertos Rj45 10\/100Mbps Gigabit - IntegralPro","robots":{"index":"index","follow":"follow","max-snippet":"max-snippet:-1","max-image-preview":"max-image-preview:large","max-video-preview":"max-video-preview:-1"},"canonical":"https:\/\/www.integralpro.com.co\/index.php\/producto\/switch-tp-link-sg1048-48-puertos-rj45-10-100mbps-gigabit\/","og_locale":"es_ES","og_type":"article","og_title":"Switch Tp Link Sg1048 48 Puertos Rj45 10\/100Mbps Gigabit - IntegralPro","og_description":"# DE PARTE:TL-SG1048","og_url":"https:\/\/www.integralpro.com.co\/index.php\/producto\/switch-tp-link-sg1048-48-puertos-rj45-10-100mbps-gigabit\/","og_site_name":"IntegralPro","article_modified_time":"2021-02-19T20:04:09+00:00","og_image":[{"width":800,"height":800,"url":"https:\/\/www.integralpro.com.co\/wp-content\/uploads\/2021\/02\/3ffabb6caf9f3a77ccc8dc8997997aec.jpg","type":"image\/jpeg"}],"twitter_card":"summary_large_image","twitter_misc":{"Tiempo de lectura":"3 minutos"},"schema":{"@context":"https:\/\/schema.org","@graph":[{"@type":"WebPage","@id":"https:\/\/www.integralpro.com.co\/index.php\/producto\/switch-tp-link-sg1048-48-puertos-rj45-10-100mbps-gigabit\/","url":"https:\/\/www.integralpro.com.co\/index.php\/producto\/switch-tp-link-sg1048-48-puertos-rj45-10-100mbps-gigabit\/","name":"Switch Tp Link Sg1048 48 Puertos Rj45 10\/100Mbps Gigabit - IntegralPro","isPartOf":{"@id":"https:\/\/www.integralpro.com.co\/#website"},"primaryImageOfPage":{"@id":"https:\/\/www.integralpro.com.co\/index.php\/producto\/switch-tp-link-sg1048-48-puertos-rj45-10-100mbps-gigabit\/#primaryimage"},"image":{"@id":"https:\/\/www.integralpro.com.co\/index.php\/producto\/switch-tp-link-sg1048-48-puertos-rj45-10-100mbps-gigabit\/#primaryimage"},"thumbnailUrl":"https:\/\/www.integralpro.com.co\/wp-content\/uploads\/2021\/02\/3ffabb6caf9f3a77ccc8dc8997997aec.jpg","datePublished":"2021-02-19T20:03:22+00:00","dateModified":"2021-02-19T20:04:09+00:00","breadcrumb":{"@id":"https:\/\/www.integralpro.com.co\/index.php\/producto\/switch-tp-link-sg1048-48-puertos-rj45-10-100mbps-gigabit\/#breadcrumb"},"inLanguage":"es","potentialAction":[{"@type":"ReadAction","target":["https:\/\/www.integralpro.com.co\/index.php\/producto\/switch-tp-link-sg1048-48-puertos-rj45-10-100mbps-gigabit\/"]}]},{"@type":"ImageObject","inLanguage":"es","@id":"https:\/\/www.integralpro.com.co\/index.php\/producto\/switch-tp-link-sg1048-48-puertos-rj45-10-100mbps-gigabit\/#primaryimage","url":"https:\/\/www.integralpro.com.co\/wp-content\/uploads\/2021\/02\/3ffabb6caf9f3a77ccc8dc8997997aec.jpg","contentUrl":"https:\/\/www.integralpro.com.co\/wp-content\/uploads\/2021\/02\/3ffabb6caf9f3a77ccc8dc8997997aec.jpg","width":800,"height":800},{"@type":"BreadcrumbList","@id":"https:\/\/www.integralpro.com.co\/index.php\/producto\/switch-tp-link-sg1048-48-puertos-rj45-10-100mbps-gigabit\/#breadcrumb","itemListElement":[{"@type":"ListItem","position":1,"name":"Portada","item":"https:\/\/www.integralpro.com.co\/"},{"@type":"ListItem","position":2,"name":"Tienda","item":"https:\/\/www.integralpro.com.co\/index.php\/tienda\/"},{"@type":"ListItem","position":3,"name":"Switch Tp Link Sg1048 48 Puertos Rj45 10\/100Mbps Gigabit"}]},{"@type":"WebSite","@id":"https:\/\/www.integralpro.com.co\/#website","url":"https:\/\/www.integralpro.com.co\/","name":"IntegralPro","description":"Tienda de Tecnolog\u00eda en L\u00ednea","publisher":{"@id":"https:\/\/www.integralpro.com.co\/#organization"},"potentialAction":[{"@type":"SearchAction","target":{"@type":"EntryPoint","urlTemplate":"https:\/\/www.integralpro.com.co\/?s={search_term_string}"},"query-input":{"@type":"PropertyValueSpecification","valueRequired":true,"valueName":"search_term_string"}}],"inLanguage":"es"},{"@type":"Organization","@id":"https:\/\/www.integralpro.com.co\/#organization","name":"IntegralPro SAS","url":"https:\/\/www.integralpro.com.co\/","logo":{"@type":"ImageObject","inLanguage":"es","@id":"https:\/\/www.integralpro.com.co\/#\/schema\/logo\/image\/","url":"https:\/\/www.integralpro.com.co\/wp-content\/uploads\/2021\/02\/logo-def.jpg","contentUrl":"https:\/\/www.integralpro.com.co\/wp-content\/uploads\/2021\/02\/logo-def.jpg","width":238,"height":234,"caption":"IntegralPro SAS"},"image":{"@id":"https:\/\/www.integralpro.com.co\/#\/schema\/logo\/image\/"}}]}},"_links":{"self":[{"href":"https:\/\/www.integralpro.com.co\/index.php\/wp-json\/wp\/v2\/product\/3185","targetHints":{"allow":["GET"]}}],"collection":[{"href":"https:\/\/www.integralpro.com.co\/index.php\/wp-json\/wp\/v2\/product"}],"about":[{"href":"https:\/\/www.integralpro.com.co\/index.php\/wp-json\/wp\/v2\/types\/product"}],"version-history":[{"count":1,"href":"https:\/\/www.integralpro.com.co\/index.php\/wp-json\/wp\/v2\/product\/3185\/revisions"}],"predecessor-version":[{"id":3269,"href":"https:\/\/www.integralpro.com.co\/index.php\/wp-json\/wp\/v2\/product\/3185\/revisions\/3269"}],"wp:featuredmedia":[{"embeddable":true,"href":"https:\/\/www.integralpro.com.co\/index.php\/wp-json\/wp\/v2\/media\/3268"}],"wp:attachment":[{"href":"https:\/\/www.integralpro.com.co\/index.php\/wp-json\/wp\/v2\/media?parent=3185"}],"wp:term":[{"taxonomy":"product_brand","embeddable":true,"href":"https:\/\/www.integralpro.com.co\/index.php\/wp-json\/wp\/v2\/product_brand?post=3185"},{"taxonomy":"product_cat","embeddable":true,"href":"https:\/\/www.integralpro.com.co\/index.php\/wp-json\/wp\/v2\/product_cat?post=3185"},{"taxonomy":"product_tag","embeddable":true,"href":"https:\/\/www.integralpro.com.co\/index.php\/wp-json\/wp\/v2\/product_tag?post=3185"}],"curies":[{"name":"wp","href":"https:\/\/api.w.org\/{rel}","templated":true}]}}