{"id":3182,"date":"2021-02-19T15:03:21","date_gmt":"2021-02-19T20:03:21","guid":{"rendered":"https:\/\/www.integralpro.com.co\/index.php\/producto\/import-placeholder-for-1527\/"},"modified":"2021-02-19T15:04:02","modified_gmt":"2021-02-19T20:04:02","slug":"tablet-samsung-galaxy-a8-lte-32gb-2gb-ram-8-pulg-plata","status":"publish","type":"product","link":"https:\/\/www.integralpro.com.co\/index.php\/producto\/tablet-samsung-galaxy-a8-lte-32gb-2gb-ram-8-pulg-plata\/","title":{"rendered":"Tablet Samsung Galaxy A8 Lte 32Gb 2Gb Ram 8 Pulg Plata"},"content":{"rendered":"<p><strong>Presentamos el Galaxy Tab A 8.0<\/strong><\/p>\n<p><\/p>\n<p>Hacer lo que amas es f\u00e1cil cuando el Galaxy Tab A lo hace <br \/>todo. Tome una imagen dram\u00e1ticamente m\u00e1s amplia en una pantalla HD y explore y <br \/>transmita durante horas con una bater\u00eda de larga duraci\u00f3n. Mantenga todos sus <br \/>recuerdos en su tableta, gracias al almacenamiento expandible.<\/p>\n<p><\/p>\n<p><strong>Una imagen dram\u00e1ticamente m\u00e1s amplia<\/strong><\/p>\n<p><\/p>\n<p>Disfruta de una vista de esquina a esquina de tus pel\u00edculas y <br \/>programas favoritos en una pantalla panor\u00e1mica de 16:10. No perder\u00e1 el ritmo de <br \/>la acci\u00f3n en la pantalla clara y brillante, todo en un marco elegante que es <br \/>c\u00f3modo de sostener.<\/p>\n<p><\/p>\n<p><strong>Haga m\u00e1s con una bater\u00eda de larga duraci\u00f3n<\/strong><\/p>\n<p><\/p>\n<p>Potencia a trav\u00e9s de pel\u00edculas, juegos, correos electr\u00f3nicos y <br \/>m\u00e1s con la carga de una bater\u00eda de larga duraci\u00f3n. Con hasta 14 horas de <br \/>reproducci\u00f3n de video, puede continuar sin parar para recargar.<\/p>\n<p><\/p>\n<p><strong>Almacene m\u00e1s de sus recuerdos<\/strong><\/p>\n<p><\/p>\n<p>Con 32GB de almacenamiento incorporado, tiene espacio para <br \/>todo, desde sus shows hasta sus recuerdos favoritos. Adem\u00e1s, agregue una tarjeta <br \/>microSD para ampliar su memoria hasta 400 GB 4 para que pueda tener m\u00e1s de sus <br \/>aplicaciones, fotos y videos con usted.<\/p>\n<p><\/p>\n<p><strong>Entretenimiento para todos<\/strong><\/p>\n<p><\/p>\n<p>Mantenga a su familia entretenida en un solo dispositivo. Con <br \/>las aplicaciones amigables para ni\u00f1os de Samsung, obtenga videos y juegos <br \/>atractivos, y establezca f\u00e1cilmente l\u00edmites en el tiempo de visualizaci\u00f3n y las <br \/>compras de aplicaciones.<\/p>\n<p><\/p>\n<p><strong>Administre su d\u00eda con Bixby<\/strong><\/p>\n<p><\/p>\n<p>Bixby Home hace que su dispositivo trabaje m\u00e1s por usted. Al <br \/>aprender sus rutinas, Bixby Home ofrece contenido relevante como el clima y las <br \/>noticias, y le ofrece una vista previa de su d\u00eda. Lo que est\u00e9 buscando est\u00e1 a <br \/>solo un golpe de distancia.<\/p>\n<p><\/p>\n<p><strong>Toma fotos memorables<\/strong><\/p>\n<p><\/p>\n<p>Capture la toma perfecta, incluso con poca luz. Con una c\u00e1mara <br \/>de 8MP con flash, con modo HDR, cada instant\u00e1nea es incre\u00edblemente clara. Y con <br \/>una c\u00e1mara frontal de 5MP, su mejor lado se ve a\u00fan mejor en chats de video con <br \/>amigos y familiares.<\/p>\n<p><\/p>\n<p><strong>Perfectamente conectado<\/strong><\/p>\n<p><\/p>\n<p>Samsung Flow conecta su Galaxy Tab A y su tel\u00e9fono inteligente <br \/>Samsung con un toque. Comparta archivos de forma inal\u00e1mbrica y reciba y responda <br \/>notificaciones y mensajes de aplicaciones nativas y de terceros.<\/p>\n<p><\/p>\n<p><strong>Especificaciones T\u00e9cnicas<\/strong><\/p>\n<p><\/p>\n<p>Dimensiones: 12 x 1 x 21 cm<\/p>\n<p>Peso: 320gr<\/p>\n<p>Sistema Operativo Android 7.1 <\/p>\n<p>Procesador Velocidad del procesador, tipo Quad-Core (1.4GHz) Qualcomm APQ8017<\/p>\n<p>Pantalla Resoluci\u00f3n de pantalla principal 1280 x 800 (WXGA) Tama\u00f1o de pantalla <br \/>principal 8.0 \u00bb Tecnolog\u00eda de pantalla principal TFT<\/p>\n<p>Memoria Memoria interna 2 GB de RAM, 32 GB de ROM <\/p>\n<p>Conectividad Bluetooth Bluetooth v4.2 Perfiles de Bluetooth A2DP, AVRCP, DI, <br \/>HID, HOGP, HSP, OPP, PAN Wi-Fi directo<\/p>\n<p>Capacidad de memoria externa \/ microSD \u2122 microSD de hasta 400 GB<\/p>\n<p>C\u00e1mara Resoluci\u00f3n de la c\u00e1mara (frontal) 5MP <\/p>\n<p>Resoluci\u00f3n de la c\u00e1mara (trasera) 8MP AF con flash Zoom \u00f3ptico digital 4x <br \/>digital Caracteristicas F1.9 (trasero) \/ F2.2 (delantero)<\/p>\n<p>Color Plata<\/p>\n<p><\/p>\n<p><strong>Contenido Del Paquete<\/strong><\/p>\n<p>Tablet &#8211; Cargador &#8211; Documentaci\u00f3n<\/p>\n<p><\/p>\n<p>Tableta &#8211; Cargador &#8211; Documentaci\u00f3n<\/p>\n","protected":false},"excerpt":{"rendered":"<p># DE PARTE:SM-T295NZSACOO<\/p>\n","protected":false},"featured_media":3248,"template":"","meta":{"site-sidebar-layout":"default","site-content-layout":"","ast-site-content-layout":"default","site-content-style":"default","site-sidebar-style":"default","ast-global-header-display":"","ast-banner-title-visibility":"","ast-main-header-display":"","ast-hfb-above-header-display":"","ast-hfb-below-header-display":"","ast-hfb-mobile-header-display":"","site-post-title":"","ast-breadcrumbs-content":"","ast-featured-img":"","footer-sml-layout":"","ast-disable-related-posts":"","theme-transparent-header-meta":"","adv-header-id-meta":"","stick-header-meta":"","header-above-stick-meta":"","header-main-stick-meta":"","header-below-stick-meta":"","astra-migrate-meta-layouts":"default","ast-page-background-enabled":"default","ast-page-background-meta":{"desktop":{"background-color":"var(--ast-global-color-4)","background-image":"","background-repeat":"repeat","background-position":"center center","background-size":"auto","background-attachment":"scroll","background-type":"","background-media":"","overlay-type":"","overlay-color":"","overlay-opacity":"","overlay-gradient":""},"tablet":{"background-color":"","background-image":"","background-repeat":"repeat","background-position":"center center","background-size":"auto","background-attachment":"scroll","background-type":"","background-media":"","overlay-type":"","overlay-color":"","overlay-opacity":"","overlay-gradient":""},"mobile":{"background-color":"","background-image":"","background-repeat":"repeat","background-position":"center center","background-size":"auto","background-attachment":"scroll","background-type":"","background-media":"","overlay-type":"","overlay-color":"","overlay-opacity":"","overlay-gradient":""}},"ast-content-background-meta":{"desktop":{"background-color":"var(--ast-global-color-5)","background-image":"","background-repeat":"repeat","background-position":"center center","background-size":"auto","background-attachment":"scroll","background-type":"","background-media":"","overlay-type":"","overlay-color":"","overlay-opacity":"","overlay-gradient":""},"tablet":{"background-color":"var(--ast-global-color-5)","background-image":"","background-repeat":"repeat","background-position":"center center","background-size":"auto","background-attachment":"scroll","background-type":"","background-media":"","overlay-type":"","overlay-color":"","overlay-opacity":"","overlay-gradient":""},"mobile":{"background-color":"var(--ast-global-color-5)","background-image":"","background-repeat":"repeat","background-position":"center center","background-size":"auto","background-attachment":"scroll","background-type":"","background-media":"","overlay-type":"","overlay-color":"","overlay-opacity":"","overlay-gradient":""}}},"product_brand":[],"product_cat":[53,60,147,115],"product_tag":[44],"class_list":{"0":"post-3182","1":"product","2":"type-product","3":"status-publish","4":"has-post-thumbnail","6":"product_cat-celulares-y-tablets","7":"product_cat-portatiles","8":"product_cat-tablet","9":"product_cat-tablets","10":"product_tag-samsung","11":"desktop-align-left","12":"tablet-align-left","13":"mobile-align-left","15":"first","16":"instock","17":"taxable","18":"shipping-taxable","19":"product-type-simple"},"yoast_head":"<!-- This site is optimized with the Yoast SEO plugin v27.4 - https:\/\/yoast.com\/product\/yoast-seo-wordpress\/ -->\n<title>Tablet Samsung Galaxy A8 Lte 32Gb 2Gb Ram 8 Pulg Plata - IntegralPro<\/title>\n<meta name=\"robots\" content=\"index, follow, max-snippet:-1, max-image-preview:large, max-video-preview:-1\" \/>\n<link rel=\"canonical\" href=\"https:\/\/www.integralpro.com.co\/index.php\/producto\/tablet-samsung-galaxy-a8-lte-32gb-2gb-ram-8-pulg-plata\/\" \/>\n<meta property=\"og:locale\" content=\"es_ES\" \/>\n<meta property=\"og:type\" content=\"article\" \/>\n<meta property=\"og:title\" content=\"Tablet Samsung Galaxy A8 Lte 32Gb 2Gb Ram 8 Pulg Plata - IntegralPro\" \/>\n<meta property=\"og:description\" content=\"# DE PARTE:SM-T295NZSACOO\" \/>\n<meta property=\"og:url\" content=\"https:\/\/www.integralpro.com.co\/index.php\/producto\/tablet-samsung-galaxy-a8-lte-32gb-2gb-ram-8-pulg-plata\/\" \/>\n<meta property=\"og:site_name\" content=\"IntegralPro\" \/>\n<meta property=\"article:modified_time\" content=\"2021-02-19T20:04:02+00:00\" \/>\n<meta property=\"og:image\" content=\"https:\/\/www.integralpro.com.co\/wp-content\/uploads\/2021\/02\/35951e982812bc9079b7de3fe19a3e59.jpg\" \/>\n\t<meta property=\"og:image:width\" content=\"800\" \/>\n\t<meta property=\"og:image:height\" content=\"800\" \/>\n\t<meta property=\"og:image:type\" content=\"image\/jpeg\" \/>\n<meta name=\"twitter:card\" content=\"summary_large_image\" \/>\n<meta name=\"twitter:label1\" content=\"Tiempo de lectura\" \/>\n\t<meta name=\"twitter:data1\" content=\"3 minutos\" \/>\n<script type=\"application\/ld+json\" class=\"yoast-schema-graph\">{\"@context\":\"https:\\\/\\\/schema.org\",\"@graph\":[{\"@type\":\"WebPage\",\"@id\":\"https:\\\/\\\/www.integralpro.com.co\\\/index.php\\\/producto\\\/tablet-samsung-galaxy-a8-lte-32gb-2gb-ram-8-pulg-plata\\\/\",\"url\":\"https:\\\/\\\/www.integralpro.com.co\\\/index.php\\\/producto\\\/tablet-samsung-galaxy-a8-lte-32gb-2gb-ram-8-pulg-plata\\\/\",\"name\":\"Tablet Samsung Galaxy A8 Lte 32Gb 2Gb Ram 8 Pulg Plata - IntegralPro\",\"isPartOf\":{\"@id\":\"https:\\\/\\\/www.integralpro.com.co\\\/#website\"},\"primaryImageOfPage\":{\"@id\":\"https:\\\/\\\/www.integralpro.com.co\\\/index.php\\\/producto\\\/tablet-samsung-galaxy-a8-lte-32gb-2gb-ram-8-pulg-plata\\\/#primaryimage\"},\"image\":{\"@id\":\"https:\\\/\\\/www.integralpro.com.co\\\/index.php\\\/producto\\\/tablet-samsung-galaxy-a8-lte-32gb-2gb-ram-8-pulg-plata\\\/#primaryimage\"},\"thumbnailUrl\":\"https:\\\/\\\/www.integralpro.com.co\\\/wp-content\\\/uploads\\\/2021\\\/02\\\/35951e982812bc9079b7de3fe19a3e59.jpg\",\"datePublished\":\"2021-02-19T20:03:21+00:00\",\"dateModified\":\"2021-02-19T20:04:02+00:00\",\"breadcrumb\":{\"@id\":\"https:\\\/\\\/www.integralpro.com.co\\\/index.php\\\/producto\\\/tablet-samsung-galaxy-a8-lte-32gb-2gb-ram-8-pulg-plata\\\/#breadcrumb\"},\"inLanguage\":\"es\",\"potentialAction\":[{\"@type\":\"ReadAction\",\"target\":[\"https:\\\/\\\/www.integralpro.com.co\\\/index.php\\\/producto\\\/tablet-samsung-galaxy-a8-lte-32gb-2gb-ram-8-pulg-plata\\\/\"]}]},{\"@type\":\"ImageObject\",\"inLanguage\":\"es\",\"@id\":\"https:\\\/\\\/www.integralpro.com.co\\\/index.php\\\/producto\\\/tablet-samsung-galaxy-a8-lte-32gb-2gb-ram-8-pulg-plata\\\/#primaryimage\",\"url\":\"https:\\\/\\\/www.integralpro.com.co\\\/wp-content\\\/uploads\\\/2021\\\/02\\\/35951e982812bc9079b7de3fe19a3e59.jpg\",\"contentUrl\":\"https:\\\/\\\/www.integralpro.com.co\\\/wp-content\\\/uploads\\\/2021\\\/02\\\/35951e982812bc9079b7de3fe19a3e59.jpg\",\"width\":800,\"height\":800},{\"@type\":\"BreadcrumbList\",\"@id\":\"https:\\\/\\\/www.integralpro.com.co\\\/index.php\\\/producto\\\/tablet-samsung-galaxy-a8-lte-32gb-2gb-ram-8-pulg-plata\\\/#breadcrumb\",\"itemListElement\":[{\"@type\":\"ListItem\",\"position\":1,\"name\":\"Portada\",\"item\":\"https:\\\/\\\/www.integralpro.com.co\\\/\"},{\"@type\":\"ListItem\",\"position\":2,\"name\":\"Tienda\",\"item\":\"https:\\\/\\\/www.integralpro.com.co\\\/index.php\\\/tienda\\\/\"},{\"@type\":\"ListItem\",\"position\":3,\"name\":\"Tablet Samsung Galaxy A8 Lte 32Gb 2Gb Ram 8 Pulg Plata\"}]},{\"@type\":\"WebSite\",\"@id\":\"https:\\\/\\\/www.integralpro.com.co\\\/#website\",\"url\":\"https:\\\/\\\/www.integralpro.com.co\\\/\",\"name\":\"IntegralPro\",\"description\":\"Tienda de Tecnolog\u00eda en L\u00ednea\",\"publisher\":{\"@id\":\"https:\\\/\\\/www.integralpro.com.co\\\/#organization\"},\"potentialAction\":[{\"@type\":\"SearchAction\",\"target\":{\"@type\":\"EntryPoint\",\"urlTemplate\":\"https:\\\/\\\/www.integralpro.com.co\\\/?s={search_term_string}\"},\"query-input\":{\"@type\":\"PropertyValueSpecification\",\"valueRequired\":true,\"valueName\":\"search_term_string\"}}],\"inLanguage\":\"es\"},{\"@type\":\"Organization\",\"@id\":\"https:\\\/\\\/www.integralpro.com.co\\\/#organization\",\"name\":\"IntegralPro SAS\",\"url\":\"https:\\\/\\\/www.integralpro.com.co\\\/\",\"logo\":{\"@type\":\"ImageObject\",\"inLanguage\":\"es\",\"@id\":\"https:\\\/\\\/www.integralpro.com.co\\\/#\\\/schema\\\/logo\\\/image\\\/\",\"url\":\"https:\\\/\\\/www.integralpro.com.co\\\/wp-content\\\/uploads\\\/2021\\\/02\\\/logo-def.jpg\",\"contentUrl\":\"https:\\\/\\\/www.integralpro.com.co\\\/wp-content\\\/uploads\\\/2021\\\/02\\\/logo-def.jpg\",\"width\":238,\"height\":234,\"caption\":\"IntegralPro SAS\"},\"image\":{\"@id\":\"https:\\\/\\\/www.integralpro.com.co\\\/#\\\/schema\\\/logo\\\/image\\\/\"}}]}<\/script>\n<!-- \/ Yoast SEO plugin. -->","yoast_head_json":{"title":"Tablet Samsung Galaxy A8 Lte 32Gb 2Gb Ram 8 Pulg Plata - IntegralPro","robots":{"index":"index","follow":"follow","max-snippet":"max-snippet:-1","max-image-preview":"max-image-preview:large","max-video-preview":"max-video-preview:-1"},"canonical":"https:\/\/www.integralpro.com.co\/index.php\/producto\/tablet-samsung-galaxy-a8-lte-32gb-2gb-ram-8-pulg-plata\/","og_locale":"es_ES","og_type":"article","og_title":"Tablet Samsung Galaxy A8 Lte 32Gb 2Gb Ram 8 Pulg Plata - IntegralPro","og_description":"# DE PARTE:SM-T295NZSACOO","og_url":"https:\/\/www.integralpro.com.co\/index.php\/producto\/tablet-samsung-galaxy-a8-lte-32gb-2gb-ram-8-pulg-plata\/","og_site_name":"IntegralPro","article_modified_time":"2021-02-19T20:04:02+00:00","og_image":[{"width":800,"height":800,"url":"https:\/\/www.integralpro.com.co\/wp-content\/uploads\/2021\/02\/35951e982812bc9079b7de3fe19a3e59.jpg","type":"image\/jpeg"}],"twitter_card":"summary_large_image","twitter_misc":{"Tiempo de lectura":"3 minutos"},"schema":{"@context":"https:\/\/schema.org","@graph":[{"@type":"WebPage","@id":"https:\/\/www.integralpro.com.co\/index.php\/producto\/tablet-samsung-galaxy-a8-lte-32gb-2gb-ram-8-pulg-plata\/","url":"https:\/\/www.integralpro.com.co\/index.php\/producto\/tablet-samsung-galaxy-a8-lte-32gb-2gb-ram-8-pulg-plata\/","name":"Tablet Samsung Galaxy A8 Lte 32Gb 2Gb Ram 8 Pulg Plata - IntegralPro","isPartOf":{"@id":"https:\/\/www.integralpro.com.co\/#website"},"primaryImageOfPage":{"@id":"https:\/\/www.integralpro.com.co\/index.php\/producto\/tablet-samsung-galaxy-a8-lte-32gb-2gb-ram-8-pulg-plata\/#primaryimage"},"image":{"@id":"https:\/\/www.integralpro.com.co\/index.php\/producto\/tablet-samsung-galaxy-a8-lte-32gb-2gb-ram-8-pulg-plata\/#primaryimage"},"thumbnailUrl":"https:\/\/www.integralpro.com.co\/wp-content\/uploads\/2021\/02\/35951e982812bc9079b7de3fe19a3e59.jpg","datePublished":"2021-02-19T20:03:21+00:00","dateModified":"2021-02-19T20:04:02+00:00","breadcrumb":{"@id":"https:\/\/www.integralpro.com.co\/index.php\/producto\/tablet-samsung-galaxy-a8-lte-32gb-2gb-ram-8-pulg-plata\/#breadcrumb"},"inLanguage":"es","potentialAction":[{"@type":"ReadAction","target":["https:\/\/www.integralpro.com.co\/index.php\/producto\/tablet-samsung-galaxy-a8-lte-32gb-2gb-ram-8-pulg-plata\/"]}]},{"@type":"ImageObject","inLanguage":"es","@id":"https:\/\/www.integralpro.com.co\/index.php\/producto\/tablet-samsung-galaxy-a8-lte-32gb-2gb-ram-8-pulg-plata\/#primaryimage","url":"https:\/\/www.integralpro.com.co\/wp-content\/uploads\/2021\/02\/35951e982812bc9079b7de3fe19a3e59.jpg","contentUrl":"https:\/\/www.integralpro.com.co\/wp-content\/uploads\/2021\/02\/35951e982812bc9079b7de3fe19a3e59.jpg","width":800,"height":800},{"@type":"BreadcrumbList","@id":"https:\/\/www.integralpro.com.co\/index.php\/producto\/tablet-samsung-galaxy-a8-lte-32gb-2gb-ram-8-pulg-plata\/#breadcrumb","itemListElement":[{"@type":"ListItem","position":1,"name":"Portada","item":"https:\/\/www.integralpro.com.co\/"},{"@type":"ListItem","position":2,"name":"Tienda","item":"https:\/\/www.integralpro.com.co\/index.php\/tienda\/"},{"@type":"ListItem","position":3,"name":"Tablet Samsung Galaxy A8 Lte 32Gb 2Gb Ram 8 Pulg Plata"}]},{"@type":"WebSite","@id":"https:\/\/www.integralpro.com.co\/#website","url":"https:\/\/www.integralpro.com.co\/","name":"IntegralPro","description":"Tienda de Tecnolog\u00eda en L\u00ednea","publisher":{"@id":"https:\/\/www.integralpro.com.co\/#organization"},"potentialAction":[{"@type":"SearchAction","target":{"@type":"EntryPoint","urlTemplate":"https:\/\/www.integralpro.com.co\/?s={search_term_string}"},"query-input":{"@type":"PropertyValueSpecification","valueRequired":true,"valueName":"search_term_string"}}],"inLanguage":"es"},{"@type":"Organization","@id":"https:\/\/www.integralpro.com.co\/#organization","name":"IntegralPro SAS","url":"https:\/\/www.integralpro.com.co\/","logo":{"@type":"ImageObject","inLanguage":"es","@id":"https:\/\/www.integralpro.com.co\/#\/schema\/logo\/image\/","url":"https:\/\/www.integralpro.com.co\/wp-content\/uploads\/2021\/02\/logo-def.jpg","contentUrl":"https:\/\/www.integralpro.com.co\/wp-content\/uploads\/2021\/02\/logo-def.jpg","width":238,"height":234,"caption":"IntegralPro SAS"},"image":{"@id":"https:\/\/www.integralpro.com.co\/#\/schema\/logo\/image\/"}}]}},"_links":{"self":[{"href":"https:\/\/www.integralpro.com.co\/index.php\/wp-json\/wp\/v2\/product\/3182","targetHints":{"allow":["GET"]}}],"collection":[{"href":"https:\/\/www.integralpro.com.co\/index.php\/wp-json\/wp\/v2\/product"}],"about":[{"href":"https:\/\/www.integralpro.com.co\/index.php\/wp-json\/wp\/v2\/types\/product"}],"version-history":[{"count":1,"href":"https:\/\/www.integralpro.com.co\/index.php\/wp-json\/wp\/v2\/product\/3182\/revisions"}],"predecessor-version":[{"id":3249,"href":"https:\/\/www.integralpro.com.co\/index.php\/wp-json\/wp\/v2\/product\/3182\/revisions\/3249"}],"wp:featuredmedia":[{"embeddable":true,"href":"https:\/\/www.integralpro.com.co\/index.php\/wp-json\/wp\/v2\/media\/3248"}],"wp:attachment":[{"href":"https:\/\/www.integralpro.com.co\/index.php\/wp-json\/wp\/v2\/media?parent=3182"}],"wp:term":[{"taxonomy":"product_brand","embeddable":true,"href":"https:\/\/www.integralpro.com.co\/index.php\/wp-json\/wp\/v2\/product_brand?post=3182"},{"taxonomy":"product_cat","embeddable":true,"href":"https:\/\/www.integralpro.com.co\/index.php\/wp-json\/wp\/v2\/product_cat?post=3182"},{"taxonomy":"product_tag","embeddable":true,"href":"https:\/\/www.integralpro.com.co\/index.php\/wp-json\/wp\/v2\/product_tag?post=3182"}],"curies":[{"name":"wp","href":"https:\/\/api.w.org\/{rel}","templated":true}]}}