{"id":3178,"date":"2021-02-19T15:03:21","date_gmt":"2021-02-19T20:03:21","guid":{"rendered":"https:\/\/www.integralpro.com.co\/index.php\/producto\/import-placeholder-for-1523\/"},"modified":"2021-02-19T15:03:57","modified_gmt":"2021-02-19T20:03:57","slug":"tablet-samsung-galaxy-s5e-lte-teclado-64gb-10-5pulg-plata","status":"publish","type":"product","link":"https:\/\/www.integralpro.com.co\/index.php\/producto\/tablet-samsung-galaxy-s5e-lte-teclado-64gb-10-5pulg-plata\/","title":{"rendered":"Tablet Samsung Galaxy S5E Lte Teclado 64Gb 10.5Pulg Plata"},"content":{"rendered":"<p>Tablet Samsung Galaxy Tab S5e (10.5&#8243;, LTE) de 64GB y 4GB RAM.<\/p>\n<p><\/p>\n<p><strong>Ll\u00e9vala contigo a todas partes<\/strong><\/p>\n<p><\/p>\n<p>Su dise\u00f1o ligero permite que est\u00e9s conectado c\u00f3modamente con <br \/>el mundo que te rodea y que disfrutes de todo lo que est\u00e1s haciendo. Con unos <br \/>5,5 mm de grosor y un peso de casi 400 g, es la opci\u00f3n perfecta para llevarla <br \/>contigo all\u00e1 donde vayas. Rel\u00e1jate, disfruta viendo tus pel\u00edculas favoritas o <br \/>controla las aplicaciones de tu hogar sin aburrirte y sin derrochar energ\u00eda.<\/p>\n<p><\/p>\n<p><strong>Disfruta de un dise\u00f1o exclusivo<\/strong><\/p>\n<p><\/p>\n<p>Un dise\u00f1o que encaja con tu estilo. Galaxy Tab S5e presenta un <br \/>dise\u00f1o unibody en metal pulido. Adem\u00e1s, est\u00e1 disponible en color Silver, Black y <br \/>Gold. \u00a1Elige el que m\u00e1s encaje contigo!<\/p>\n<p><\/p>\n<p><strong>C\u00e9ntrate solo en lo que quieres ver<\/strong><\/p>\n<p><\/p>\n<p>Sum\u00e9rgete en lo que quieres ver y cuando t\u00fa quieras. Con One <br \/>UI, Galaxy Tab S5e selecciona el contenido m\u00e1s relevante para ti. Solo tendr\u00e1s <br \/>que centrarte en lo que quieres ver y leer, para vivir una experiencia m\u00e1s <br \/>enriquecedora.<\/p>\n<p><\/p>\n<p><strong>Tendr\u00e1s que verlo para creerlo<\/strong><\/p>\n<p><\/p>\n<p>Saca el m\u00e1ximo partido al contenido que m\u00e1s te gusta. Galaxy <br \/>Tab S5e tiene una pantalla Super AMOLED de 10.5 pulgadas, en la que podr\u00e1s <br \/>apreciar las diferentes gamas de colores y todos los niveles de brillo de cada <br \/>imagen. Ahora s\u00ed que puedes disfrutar de una experiencia realmente inmersiva con <br \/>tus pel\u00edculas favoritas o series de Neftlix.<\/p>\n<p><\/p>\n<p><strong>La mejor calidad de sonido<\/strong><\/p>\n<p><\/p>\n<p>Sus cuatro altavoces fabricados en colaboraci\u00f3n con AKG, te <br \/>permiten escuchar tu m\u00fasica favorita a trav\u00e9s de Spotify, con un sonido tan <br \/>enriquecido que parecer\u00e1 que lo est\u00e1s escuchando en vivo. Adem\u00e1s, gracias a <br \/>Dolby Atmos y su tecnolog\u00eda de sonido envolvente 3D te perder\u00e1s con lo que est\u00e1s <br \/>viendo en pantalla.<\/p>\n<p><\/p>\n<p><strong>Una tablet que escucha tus deseos<\/strong><\/p>\n<p><\/p>\n<p>Galaxy TabS5e sabe que siempre est\u00e1s en constante movimiento, <br \/>y por eso, para hac\u00e9rtelo m\u00e1s f\u00e1cil, ahora incorpora la funci\u00f3n de Bixby Voice. <br \/>Usando un simple comando podr\u00e1s pedirle a Bixby que encienda tu playlist o <br \/>controlar tus aplicaciones mientras est\u00e1s fuera.<\/p>\n<p><\/p>\n<p><strong>Siempre conectado con los tuyos<\/strong><\/p>\n<p><\/p>\n<p>Divi\u00e9rtete sin l\u00edmites. Con Family Share y tu Galaxy Tab S5e <br \/>podr\u00e1s estar conectado f\u00e1cilmente con tu familia y compartir las mejores fotos <br \/>familiares, recordatorios, notas y eventos. Est\u00e1s un paso m\u00e1s cerca de reunirlos <br \/>a todos.<\/p>\n<p><\/p>\n<p><strong>La raz\u00f3n que necesitabas para olvidarte de tu smartphone<\/strong><\/p>\n<p><\/p>\n<p>Sigue en contacto incluso cuando tu tel\u00e9fono est\u00e1 fuera de tu <br \/>alcance. Galaxy S5e se sincroniza sin complicaciones con tu smartphone Galaxy, <br \/>as\u00ed que no te perder\u00e1s ninguna de tus llamadas. Adem\u00e1s, te permite responder a <br \/>mensajes urgentes. Seguir\u00e1s siempre en el hilo de lo que est\u00e1 pasando.<\/p>\n<p><\/p>\n<p><strong>M\u00e1s poder para cuando realmente lo necesitas<\/strong><\/p>\n<p><\/p>\n<p>Deja que los buenos tiempos contin\u00faen. Galaxy S5e tiene una <br \/>bater\u00eda de carga r\u00e1pida de 7.040 mAH, lo que significa que tienes hasta 15 horas <br \/>de diversi\u00f3n asegurado para ver lo que quieras sin preocuparte por la bater\u00eda de <br \/>tu tablet.<\/p>\n<p><\/p>\n<p><strong>Dise\u00f1ado para ir un paso por delante<\/strong><\/p>\n<p><\/p>\n<p>Dec\u00eddete entre el paquete de 4 GB de RAM y 64 GB de ROM, o el <br \/>de 6 GB RAM y 128 GB ROM, ampliables con tarjeta microSD de hasta 512 GB. Con <br \/>teclado y estuche.&nbsp; Disfrutar\u00e1s de la m\u00e1xima potencia mientras vives toda <br \/>una experiencia gaming o ves tu contenido online favorito. (\u00c9ste paquete es 4GB <br \/>RAM y 64GB ROM + Teclado y estuche).<\/p>\n<p><\/p>\n<p><strong>Seguridad a medida<\/strong><\/p>\n<p><\/p>\n<p>Aseg\u00farate de que solo t\u00fa tienes el acceso. Con la funci\u00f3n de <br \/>reconocimiento facial de Galaxy Tab S5e tendr\u00e1s la certeza de que solamente t\u00fa <br \/>puedes desbloquear tu tablet para ver tu contenido personal. Adem\u00e1s, con el <br \/>esc\u00e1ner de huella dactilar, situado en la parte inferior de la pantalla, podr\u00e1s <br \/>despreocuparte de memorizar largas contrase\u00f1as, as\u00ed como desbloquear tu tablet <br \/>r\u00e1pidamente cuando la necesites.<\/p>\n<p><\/p>\n<p><strong>Especificaciones T\u00e9cnicas<\/strong><\/p>\n<p><\/p>\n<p>Dimensiones: 16 x 2 x 24 cm<\/p>\n<p>Peso: 400gr<\/p>\n<p>Sistema Operativo Android<\/p>\n<p>Procesador Velocidad CPU 2GHz, 1.7GHz Tipo CPU Octa-Core <\/p>\n<p>Pantalla Tama\u00f1o 10.5&#8243; (267.2mm) Resoluci\u00f3n 2560 x 1600 (WQXGA)<\/p>\n<p>Memoria RAM 4GB <\/p>\n<p>Memoria Interna (GB) 64GB <\/p>\n<p>Resoluci\u00f3n de grabaci\u00f3n de v\u00eddeo UHD 4K (3840 x 2160)@30fps <\/p>\n<p>Conectividad ANT+ Versi\u00f3n USB USB 3.1 Gen 1 <\/p>\n<p>Localizaci\u00f3n GPS, Glonass, Beidou, Galileo&nbsp; <\/p>\n<p>Wi-Fi 802.11 a\/b\/g\/n\/ac 2.4G+5GHz, VHT80 Wi-Fi Direct <\/p>\n<p>C\u00e1mara principal &#8211; Resoluci\u00f3n 13.0 MP <\/p>\n<p>C\u00e1mara principal &#8211; Autofocus S\u00ed \/ C\u00e1mara frontal &#8211; Resoluci\u00f3n 8.0 MP <\/p>\n<p>C\u00e1mara principal &#8211; Flash No <\/p>\n<p>Tecnolog\u00eda Super AMOLED N\u00famero de colores 16M<\/p>\n<p>Color Plata<\/p>\n<p><\/p>\n<p><strong>Contenido Del Paquete<\/strong><\/p>\n<p><\/p>\n<p>Tablet &#8211; Teclado y estuche &#8211; Cargador &#8211; Documentaci\u00f3n<\/p>\n","protected":false},"excerpt":{"rendered":"<p># DE PARTE:SM-T725LZSACOO_B<\/p>\n","protected":false},"featured_media":3240,"template":"","meta":{"site-sidebar-layout":"default","site-content-layout":"","ast-site-content-layout":"default","site-content-style":"default","site-sidebar-style":"default","ast-global-header-display":"","ast-banner-title-visibility":"","ast-main-header-display":"","ast-hfb-above-header-display":"","ast-hfb-below-header-display":"","ast-hfb-mobile-header-display":"","site-post-title":"","ast-breadcrumbs-content":"","ast-featured-img":"","footer-sml-layout":"","ast-disable-related-posts":"","theme-transparent-header-meta":"","adv-header-id-meta":"","stick-header-meta":"","header-above-stick-meta":"","header-main-stick-meta":"","header-below-stick-meta":"","astra-migrate-meta-layouts":"default","ast-page-background-enabled":"default","ast-page-background-meta":{"desktop":{"background-color":"var(--ast-global-color-4)","background-image":"","background-repeat":"repeat","background-position":"center center","background-size":"auto","background-attachment":"scroll","background-type":"","background-media":"","overlay-type":"","overlay-color":"","overlay-opacity":"","overlay-gradient":""},"tablet":{"background-color":"","background-image":"","background-repeat":"repeat","background-position":"center center","background-size":"auto","background-attachment":"scroll","background-type":"","background-media":"","overlay-type":"","overlay-color":"","overlay-opacity":"","overlay-gradient":""},"mobile":{"background-color":"","background-image":"","background-repeat":"repeat","background-position":"center center","background-size":"auto","background-attachment":"scroll","background-type":"","background-media":"","overlay-type":"","overlay-color":"","overlay-opacity":"","overlay-gradient":""}},"ast-content-background-meta":{"desktop":{"background-color":"var(--ast-global-color-5)","background-image":"","background-repeat":"repeat","background-position":"center center","background-size":"auto","background-attachment":"scroll","background-type":"","background-media":"","overlay-type":"","overlay-color":"","overlay-opacity":"","overlay-gradient":""},"tablet":{"background-color":"var(--ast-global-color-5)","background-image":"","background-repeat":"repeat","background-position":"center center","background-size":"auto","background-attachment":"scroll","background-type":"","background-media":"","overlay-type":"","overlay-color":"","overlay-opacity":"","overlay-gradient":""},"mobile":{"background-color":"var(--ast-global-color-5)","background-image":"","background-repeat":"repeat","background-position":"center center","background-size":"auto","background-attachment":"scroll","background-type":"","background-media":"","overlay-type":"","overlay-color":"","overlay-opacity":"","overlay-gradient":""}}},"product_brand":[],"product_cat":[53,60,147,115],"product_tag":[44],"class_list":{"0":"post-3178","1":"product","2":"type-product","3":"status-publish","4":"has-post-thumbnail","6":"product_cat-celulares-y-tablets","7":"product_cat-portatiles","8":"product_cat-tablet","9":"product_cat-tablets","10":"product_tag-samsung","11":"desktop-align-left","12":"tablet-align-left","13":"mobile-align-left","15":"first","16":"instock","17":"taxable","18":"shipping-taxable","19":"product-type-simple"},"yoast_head":"<!-- This site is optimized with the Yoast SEO plugin v27.3 - https:\/\/yoast.com\/product\/yoast-seo-wordpress\/ -->\n<title>Tablet Samsung Galaxy S5E Lte Teclado 64Gb 10.5Pulg Plata - IntegralPro<\/title>\n<meta name=\"robots\" content=\"index, follow, max-snippet:-1, max-image-preview:large, max-video-preview:-1\" \/>\n<link rel=\"canonical\" href=\"https:\/\/www.integralpro.com.co\/index.php\/producto\/tablet-samsung-galaxy-s5e-lte-teclado-64gb-10-5pulg-plata\/\" \/>\n<meta property=\"og:locale\" content=\"es_ES\" \/>\n<meta property=\"og:type\" content=\"article\" \/>\n<meta property=\"og:title\" content=\"Tablet Samsung Galaxy S5E Lte Teclado 64Gb 10.5Pulg Plata - IntegralPro\" \/>\n<meta property=\"og:description\" content=\"# DE PARTE:SM-T725LZSACOO_B\" \/>\n<meta property=\"og:url\" content=\"https:\/\/www.integralpro.com.co\/index.php\/producto\/tablet-samsung-galaxy-s5e-lte-teclado-64gb-10-5pulg-plata\/\" \/>\n<meta property=\"og:site_name\" content=\"IntegralPro\" \/>\n<meta property=\"article:modified_time\" content=\"2021-02-19T20:03:57+00:00\" \/>\n<meta property=\"og:image\" content=\"https:\/\/www.integralpro.com.co\/wp-content\/uploads\/2021\/02\/22e5a2773564ead50579b0605ff84f42.jpg\" \/>\n\t<meta property=\"og:image:width\" content=\"800\" \/>\n\t<meta property=\"og:image:height\" content=\"800\" \/>\n\t<meta property=\"og:image:type\" content=\"image\/jpeg\" \/>\n<meta name=\"twitter:card\" content=\"summary_large_image\" \/>\n<meta name=\"twitter:label1\" content=\"Tiempo de lectura\" \/>\n\t<meta name=\"twitter:data1\" content=\"4 minutos\" \/>\n<script type=\"application\/ld+json\" class=\"yoast-schema-graph\">{\"@context\":\"https:\\\/\\\/schema.org\",\"@graph\":[{\"@type\":\"WebPage\",\"@id\":\"https:\\\/\\\/www.integralpro.com.co\\\/index.php\\\/producto\\\/tablet-samsung-galaxy-s5e-lte-teclado-64gb-10-5pulg-plata\\\/\",\"url\":\"https:\\\/\\\/www.integralpro.com.co\\\/index.php\\\/producto\\\/tablet-samsung-galaxy-s5e-lte-teclado-64gb-10-5pulg-plata\\\/\",\"name\":\"Tablet Samsung Galaxy S5E Lte Teclado 64Gb 10.5Pulg Plata - IntegralPro\",\"isPartOf\":{\"@id\":\"https:\\\/\\\/www.integralpro.com.co\\\/#website\"},\"primaryImageOfPage\":{\"@id\":\"https:\\\/\\\/www.integralpro.com.co\\\/index.php\\\/producto\\\/tablet-samsung-galaxy-s5e-lte-teclado-64gb-10-5pulg-plata\\\/#primaryimage\"},\"image\":{\"@id\":\"https:\\\/\\\/www.integralpro.com.co\\\/index.php\\\/producto\\\/tablet-samsung-galaxy-s5e-lte-teclado-64gb-10-5pulg-plata\\\/#primaryimage\"},\"thumbnailUrl\":\"https:\\\/\\\/www.integralpro.com.co\\\/wp-content\\\/uploads\\\/2021\\\/02\\\/22e5a2773564ead50579b0605ff84f42.jpg\",\"datePublished\":\"2021-02-19T20:03:21+00:00\",\"dateModified\":\"2021-02-19T20:03:57+00:00\",\"breadcrumb\":{\"@id\":\"https:\\\/\\\/www.integralpro.com.co\\\/index.php\\\/producto\\\/tablet-samsung-galaxy-s5e-lte-teclado-64gb-10-5pulg-plata\\\/#breadcrumb\"},\"inLanguage\":\"es\",\"potentialAction\":[{\"@type\":\"ReadAction\",\"target\":[\"https:\\\/\\\/www.integralpro.com.co\\\/index.php\\\/producto\\\/tablet-samsung-galaxy-s5e-lte-teclado-64gb-10-5pulg-plata\\\/\"]}]},{\"@type\":\"ImageObject\",\"inLanguage\":\"es\",\"@id\":\"https:\\\/\\\/www.integralpro.com.co\\\/index.php\\\/producto\\\/tablet-samsung-galaxy-s5e-lte-teclado-64gb-10-5pulg-plata\\\/#primaryimage\",\"url\":\"https:\\\/\\\/www.integralpro.com.co\\\/wp-content\\\/uploads\\\/2021\\\/02\\\/22e5a2773564ead50579b0605ff84f42.jpg\",\"contentUrl\":\"https:\\\/\\\/www.integralpro.com.co\\\/wp-content\\\/uploads\\\/2021\\\/02\\\/22e5a2773564ead50579b0605ff84f42.jpg\",\"width\":800,\"height\":800},{\"@type\":\"BreadcrumbList\",\"@id\":\"https:\\\/\\\/www.integralpro.com.co\\\/index.php\\\/producto\\\/tablet-samsung-galaxy-s5e-lte-teclado-64gb-10-5pulg-plata\\\/#breadcrumb\",\"itemListElement\":[{\"@type\":\"ListItem\",\"position\":1,\"name\":\"Portada\",\"item\":\"https:\\\/\\\/www.integralpro.com.co\\\/\"},{\"@type\":\"ListItem\",\"position\":2,\"name\":\"Tienda\",\"item\":\"https:\\\/\\\/www.integralpro.com.co\\\/index.php\\\/tienda\\\/\"},{\"@type\":\"ListItem\",\"position\":3,\"name\":\"Tablet Samsung Galaxy S5E Lte Teclado 64Gb 10.5Pulg Plata\"}]},{\"@type\":\"WebSite\",\"@id\":\"https:\\\/\\\/www.integralpro.com.co\\\/#website\",\"url\":\"https:\\\/\\\/www.integralpro.com.co\\\/\",\"name\":\"IntegralPro\",\"description\":\"Tienda de Tecnolog\u00eda en L\u00ednea\",\"publisher\":{\"@id\":\"https:\\\/\\\/www.integralpro.com.co\\\/#organization\"},\"potentialAction\":[{\"@type\":\"SearchAction\",\"target\":{\"@type\":\"EntryPoint\",\"urlTemplate\":\"https:\\\/\\\/www.integralpro.com.co\\\/?s={search_term_string}\"},\"query-input\":{\"@type\":\"PropertyValueSpecification\",\"valueRequired\":true,\"valueName\":\"search_term_string\"}}],\"inLanguage\":\"es\"},{\"@type\":\"Organization\",\"@id\":\"https:\\\/\\\/www.integralpro.com.co\\\/#organization\",\"name\":\"IntegralPro SAS\",\"url\":\"https:\\\/\\\/www.integralpro.com.co\\\/\",\"logo\":{\"@type\":\"ImageObject\",\"inLanguage\":\"es\",\"@id\":\"https:\\\/\\\/www.integralpro.com.co\\\/#\\\/schema\\\/logo\\\/image\\\/\",\"url\":\"https:\\\/\\\/www.integralpro.com.co\\\/wp-content\\\/uploads\\\/2021\\\/02\\\/logo-def.jpg\",\"contentUrl\":\"https:\\\/\\\/www.integralpro.com.co\\\/wp-content\\\/uploads\\\/2021\\\/02\\\/logo-def.jpg\",\"width\":238,\"height\":234,\"caption\":\"IntegralPro SAS\"},\"image\":{\"@id\":\"https:\\\/\\\/www.integralpro.com.co\\\/#\\\/schema\\\/logo\\\/image\\\/\"}}]}<\/script>\n<!-- \/ Yoast SEO plugin. -->","yoast_head_json":{"title":"Tablet Samsung Galaxy S5E Lte Teclado 64Gb 10.5Pulg Plata - IntegralPro","robots":{"index":"index","follow":"follow","max-snippet":"max-snippet:-1","max-image-preview":"max-image-preview:large","max-video-preview":"max-video-preview:-1"},"canonical":"https:\/\/www.integralpro.com.co\/index.php\/producto\/tablet-samsung-galaxy-s5e-lte-teclado-64gb-10-5pulg-plata\/","og_locale":"es_ES","og_type":"article","og_title":"Tablet Samsung Galaxy S5E Lte Teclado 64Gb 10.5Pulg Plata - IntegralPro","og_description":"# DE PARTE:SM-T725LZSACOO_B","og_url":"https:\/\/www.integralpro.com.co\/index.php\/producto\/tablet-samsung-galaxy-s5e-lte-teclado-64gb-10-5pulg-plata\/","og_site_name":"IntegralPro","article_modified_time":"2021-02-19T20:03:57+00:00","og_image":[{"width":800,"height":800,"url":"https:\/\/www.integralpro.com.co\/wp-content\/uploads\/2021\/02\/22e5a2773564ead50579b0605ff84f42.jpg","type":"image\/jpeg"}],"twitter_card":"summary_large_image","twitter_misc":{"Tiempo de lectura":"4 minutos"},"schema":{"@context":"https:\/\/schema.org","@graph":[{"@type":"WebPage","@id":"https:\/\/www.integralpro.com.co\/index.php\/producto\/tablet-samsung-galaxy-s5e-lte-teclado-64gb-10-5pulg-plata\/","url":"https:\/\/www.integralpro.com.co\/index.php\/producto\/tablet-samsung-galaxy-s5e-lte-teclado-64gb-10-5pulg-plata\/","name":"Tablet Samsung Galaxy S5E Lte Teclado 64Gb 10.5Pulg Plata - IntegralPro","isPartOf":{"@id":"https:\/\/www.integralpro.com.co\/#website"},"primaryImageOfPage":{"@id":"https:\/\/www.integralpro.com.co\/index.php\/producto\/tablet-samsung-galaxy-s5e-lte-teclado-64gb-10-5pulg-plata\/#primaryimage"},"image":{"@id":"https:\/\/www.integralpro.com.co\/index.php\/producto\/tablet-samsung-galaxy-s5e-lte-teclado-64gb-10-5pulg-plata\/#primaryimage"},"thumbnailUrl":"https:\/\/www.integralpro.com.co\/wp-content\/uploads\/2021\/02\/22e5a2773564ead50579b0605ff84f42.jpg","datePublished":"2021-02-19T20:03:21+00:00","dateModified":"2021-02-19T20:03:57+00:00","breadcrumb":{"@id":"https:\/\/www.integralpro.com.co\/index.php\/producto\/tablet-samsung-galaxy-s5e-lte-teclado-64gb-10-5pulg-plata\/#breadcrumb"},"inLanguage":"es","potentialAction":[{"@type":"ReadAction","target":["https:\/\/www.integralpro.com.co\/index.php\/producto\/tablet-samsung-galaxy-s5e-lte-teclado-64gb-10-5pulg-plata\/"]}]},{"@type":"ImageObject","inLanguage":"es","@id":"https:\/\/www.integralpro.com.co\/index.php\/producto\/tablet-samsung-galaxy-s5e-lte-teclado-64gb-10-5pulg-plata\/#primaryimage","url":"https:\/\/www.integralpro.com.co\/wp-content\/uploads\/2021\/02\/22e5a2773564ead50579b0605ff84f42.jpg","contentUrl":"https:\/\/www.integralpro.com.co\/wp-content\/uploads\/2021\/02\/22e5a2773564ead50579b0605ff84f42.jpg","width":800,"height":800},{"@type":"BreadcrumbList","@id":"https:\/\/www.integralpro.com.co\/index.php\/producto\/tablet-samsung-galaxy-s5e-lte-teclado-64gb-10-5pulg-plata\/#breadcrumb","itemListElement":[{"@type":"ListItem","position":1,"name":"Portada","item":"https:\/\/www.integralpro.com.co\/"},{"@type":"ListItem","position":2,"name":"Tienda","item":"https:\/\/www.integralpro.com.co\/index.php\/tienda\/"},{"@type":"ListItem","position":3,"name":"Tablet Samsung Galaxy S5E Lte Teclado 64Gb 10.5Pulg Plata"}]},{"@type":"WebSite","@id":"https:\/\/www.integralpro.com.co\/#website","url":"https:\/\/www.integralpro.com.co\/","name":"IntegralPro","description":"Tienda de Tecnolog\u00eda en L\u00ednea","publisher":{"@id":"https:\/\/www.integralpro.com.co\/#organization"},"potentialAction":[{"@type":"SearchAction","target":{"@type":"EntryPoint","urlTemplate":"https:\/\/www.integralpro.com.co\/?s={search_term_string}"},"query-input":{"@type":"PropertyValueSpecification","valueRequired":true,"valueName":"search_term_string"}}],"inLanguage":"es"},{"@type":"Organization","@id":"https:\/\/www.integralpro.com.co\/#organization","name":"IntegralPro SAS","url":"https:\/\/www.integralpro.com.co\/","logo":{"@type":"ImageObject","inLanguage":"es","@id":"https:\/\/www.integralpro.com.co\/#\/schema\/logo\/image\/","url":"https:\/\/www.integralpro.com.co\/wp-content\/uploads\/2021\/02\/logo-def.jpg","contentUrl":"https:\/\/www.integralpro.com.co\/wp-content\/uploads\/2021\/02\/logo-def.jpg","width":238,"height":234,"caption":"IntegralPro SAS"},"image":{"@id":"https:\/\/www.integralpro.com.co\/#\/schema\/logo\/image\/"}}]}},"_links":{"self":[{"href":"https:\/\/www.integralpro.com.co\/index.php\/wp-json\/wp\/v2\/product\/3178","targetHints":{"allow":["GET"]}}],"collection":[{"href":"https:\/\/www.integralpro.com.co\/index.php\/wp-json\/wp\/v2\/product"}],"about":[{"href":"https:\/\/www.integralpro.com.co\/index.php\/wp-json\/wp\/v2\/types\/product"}],"version-history":[{"count":1,"href":"https:\/\/www.integralpro.com.co\/index.php\/wp-json\/wp\/v2\/product\/3178\/revisions"}],"predecessor-version":[{"id":3241,"href":"https:\/\/www.integralpro.com.co\/index.php\/wp-json\/wp\/v2\/product\/3178\/revisions\/3241"}],"wp:featuredmedia":[{"embeddable":true,"href":"https:\/\/www.integralpro.com.co\/index.php\/wp-json\/wp\/v2\/media\/3240"}],"wp:attachment":[{"href":"https:\/\/www.integralpro.com.co\/index.php\/wp-json\/wp\/v2\/media?parent=3178"}],"wp:term":[{"taxonomy":"product_brand","embeddable":true,"href":"https:\/\/www.integralpro.com.co\/index.php\/wp-json\/wp\/v2\/product_brand?post=3178"},{"taxonomy":"product_cat","embeddable":true,"href":"https:\/\/www.integralpro.com.co\/index.php\/wp-json\/wp\/v2\/product_cat?post=3178"},{"taxonomy":"product_tag","embeddable":true,"href":"https:\/\/www.integralpro.com.co\/index.php\/wp-json\/wp\/v2\/product_tag?post=3178"}],"curies":[{"name":"wp","href":"https:\/\/api.w.org\/{rel}","templated":true}]}}