{"id":3174,"date":"2021-02-19T15:03:21","date_gmt":"2021-02-19T20:03:21","guid":{"rendered":"https:\/\/www.integralpro.com.co\/index.php\/producto\/import-placeholder-for-1519\/"},"modified":"2021-02-19T15:03:51","modified_gmt":"2021-02-19T20:03:51","slug":"bateria-tp-link-tl-pb10000-polimero-de-litio-10000mah","status":"publish","type":"product","link":"https:\/\/www.integralpro.com.co\/index.php\/producto\/bateria-tp-link-tl-pb10000-polimero-de-litio-10000mah\/","title":{"rendered":"Bateria Tp Link Tl Pb10000 Pol\u00edmero De Litio 10000Mah"},"content":{"rendered":"<p>Power Bank de 10000mAh Pol\u00edmero de Litio TL-PB10000 de <br \/>TP-LINK.<\/p>\n<p><\/p>\n<p><strong>Elige un Power Bank con Bater\u00eda de Pol\u00edmero de Litio <br \/>Superior<\/strong><\/p>\n<p><\/p>\n<p>La bater\u00eda es delgada y liviana, a la vez que mejora la <br \/>seguridad, lo que lleva a sus amplias aplicaciones en dispositivos digitales <br \/>premium. Compar\u00e1dolo con los que usan bater\u00edas de iones de litio, este power <br \/>bank es mucho m\u00e1s delgado. Es un cargador port\u00e1til que cabe perfectamente en tu <br \/>mano mientras trabajas con tu tel\u00e9fono.<\/p>\n<p><\/p>\n<p><strong>Potencia tu vida digital en movimiento<\/strong><\/p>\n<p><\/p>\n<p>Con un dise\u00f1o port\u00e1til, el TL-PB10000 es un power bank de alta <br \/>capacidad de 10000mAh compatible con la mayor\u00eda de tus dispositivos digitales. <br \/>Con capacidad total, puede contener suficiente capacidad para cargar <br \/>completamente tu dispositivo una o m\u00e1s veces.<\/p>\n<p><\/p>\n<p><strong>Los puertos de carga r\u00e1pida e inteligentes dobles <br \/>brindan potencia flexible para diferentes dispositivos<\/strong><\/p>\n<p><\/p>\n<p>Este cargador de alta capacidad tiene 2 puertos de carga <br \/>inteligentes de alta velocidad que detectan el dispositivo conectado y <br \/>proporcionan una potencia de salida adaptativa de hasta 2.1A. Desarrollado por <br \/>la tecnolog\u00eda de carga inteligente TP-Link, est\u00e1 optimizado para dispositivos <br \/>iOS y carga hasta un 65% m\u00e1s r\u00e1pido que el cargador original del iPhone de <br \/>Apple. Estos puertos de salida flexibles est\u00e1n dise\u00f1ados para ser capaces de <br \/>entregar la energ\u00eda adecuada para dispositivos con bater\u00edas grandes y peque\u00f1as, <br \/>respectivamente.<\/p>\n<p><\/p>\n<p><strong>Velocidad de carga turbo, ahorra la mitad del tiempo <br \/>de carga<\/strong><\/p>\n<p><\/p>\n<p>Al soportar una velocidad de recarga de 5V \/ 2.1A, el <br \/>TL-PB10000 puede recuperar r\u00e1pidamente su capacidad total en 4.8 horas, <br \/>ahorrando la mitad de tiempo que hacen los modelos que admiten 5V \/ 1A.<\/p>\n<p><\/p>\n<p><strong>Cargas Simult\u00e1neas<\/strong><\/p>\n<p><\/p>\n<p>Puedes cargar el power bank y tus dispositivos <br \/>simult\u00e1neamente.<\/p>\n<p><\/p>\n<p><strong>Seguridad Certificada<\/strong><\/p>\n<p><\/p>\n<p>Las m\u00faltiples protecciones electr\u00f3nicas aseguran una potencia <br \/>fiable para ti y tus dispositivos. Multiples protecciones de seguridad contra: <br \/>Cortocircuito, Sobretensi\u00f3n, Sobrecorriente, Sobrecarga, Descarga excesiva y <br \/>Calentamiento excesivo.<\/p>\n<p><\/p>\n<p><strong>Compatibilidad Universal<\/strong><\/p>\n<p><\/p>\n<p>Funciona muy bien con dispositivos inteligentes que ejecutan <br \/>iOS, Android, Windows y la mayor\u00eda de los otros dispositivos con carga USB.<\/p>\n<p><\/p>\n<p><strong>Especificaciones T\u00e9cnicas<\/strong><\/p>\n<p><\/p>\n<p>Dimensiones: 6 x 2 x 15 cm<\/p>\n<p>Peso: 213gr<\/p>\n<p>Capacidad 10000mAh <\/p>\n<p>Entrada DC 5V \/ 2.1A &#8211; Salida DC 5V \/ 2.1A <\/p>\n<p>Interfaz 1 puerto micro USB 2 puertos inteligentes 1 indicador LED para el nivel <br \/>de potencia o estado de carga<\/p>\n<p>Bot\u00f3n 1 bot\u00f3n para mostrar el nivel de potencia <\/p>\n<p>Compatibilidad Dispositivos inteligentes que ejecutan iOS, Android, Windows y la <br \/>mayor\u00eda de los otros dispositivos con carga USB<\/p>\n<p><\/p>\n<p><strong>Contenido Del Paquete<\/strong><\/p>\n<p><\/p>\n<p>Bater\u00eda &#8211; Documentaci\u00f3n<\/p>\n","protected":false},"excerpt":{"rendered":"<p># DE PARTE:TL-PB10000<\/p>\n","protected":false},"featured_media":3232,"template":"","meta":{"site-sidebar-layout":"default","site-content-layout":"","ast-site-content-layout":"default","site-content-style":"default","site-sidebar-style":"default","ast-global-header-display":"","ast-banner-title-visibility":"","ast-main-header-display":"","ast-hfb-above-header-display":"","ast-hfb-below-header-display":"","ast-hfb-mobile-header-display":"","site-post-title":"","ast-breadcrumbs-content":"","ast-featured-img":"","footer-sml-layout":"","ast-disable-related-posts":"","theme-transparent-header-meta":"","adv-header-id-meta":"","stick-header-meta":"","header-above-stick-meta":"","header-main-stick-meta":"","header-below-stick-meta":"","astra-migrate-meta-layouts":"default","ast-page-background-enabled":"default","ast-page-background-meta":{"desktop":{"background-color":"var(--ast-global-color-4)","background-image":"","background-repeat":"repeat","background-position":"center center","background-size":"auto","background-attachment":"scroll","background-type":"","background-media":"","overlay-type":"","overlay-color":"","overlay-opacity":"","overlay-gradient":""},"tablet":{"background-color":"","background-image":"","background-repeat":"repeat","background-position":"center center","background-size":"auto","background-attachment":"scroll","background-type":"","background-media":"","overlay-type":"","overlay-color":"","overlay-opacity":"","overlay-gradient":""},"mobile":{"background-color":"","background-image":"","background-repeat":"repeat","background-position":"center center","background-size":"auto","background-attachment":"scroll","background-type":"","background-media":"","overlay-type":"","overlay-color":"","overlay-opacity":"","overlay-gradient":""}},"ast-content-background-meta":{"desktop":{"background-color":"var(--ast-global-color-5)","background-image":"","background-repeat":"repeat","background-position":"center center","background-size":"auto","background-attachment":"scroll","background-type":"","background-media":"","overlay-type":"","overlay-color":"","overlay-opacity":"","overlay-gradient":""},"tablet":{"background-color":"var(--ast-global-color-5)","background-image":"","background-repeat":"repeat","background-position":"center center","background-size":"auto","background-attachment":"scroll","background-type":"","background-media":"","overlay-type":"","overlay-color":"","overlay-opacity":"","overlay-gradient":""},"mobile":{"background-color":"var(--ast-global-color-5)","background-image":"","background-repeat":"repeat","background-position":"center center","background-size":"auto","background-attachment":"scroll","background-type":"","background-media":"","overlay-type":"","overlay-color":"","overlay-opacity":"","overlay-gradient":""}}},"product_brand":[],"product_cat":[49,90],"product_tag":[45],"class_list":{"0":"post-3174","1":"product","2":"type-product","3":"status-publish","4":"has-post-thumbnail","6":"product_cat-accesorios","7":"product_cat-baterias-power-bank","8":"product_tag-tp-link","9":"desktop-align-left","10":"tablet-align-left","11":"mobile-align-left","13":"first","14":"instock","15":"taxable","16":"shipping-taxable","17":"product-type-simple"},"yoast_head":"<!-- This site is optimized with the Yoast SEO plugin v27.4 - https:\/\/yoast.com\/product\/yoast-seo-wordpress\/ -->\n<title>Bateria Tp Link Tl Pb10000 Pol\u00edmero De Litio 10000Mah - IntegralPro<\/title>\n<meta name=\"robots\" content=\"index, follow, max-snippet:-1, max-image-preview:large, max-video-preview:-1\" \/>\n<link rel=\"canonical\" href=\"https:\/\/www.integralpro.com.co\/index.php\/producto\/bateria-tp-link-tl-pb10000-polimero-de-litio-10000mah\/\" \/>\n<meta property=\"og:locale\" content=\"es_ES\" \/>\n<meta property=\"og:type\" content=\"article\" \/>\n<meta property=\"og:title\" content=\"Bateria Tp Link Tl Pb10000 Pol\u00edmero De Litio 10000Mah - IntegralPro\" \/>\n<meta property=\"og:description\" content=\"# DE PARTE:TL-PB10000\" \/>\n<meta property=\"og:url\" content=\"https:\/\/www.integralpro.com.co\/index.php\/producto\/bateria-tp-link-tl-pb10000-polimero-de-litio-10000mah\/\" \/>\n<meta property=\"og:site_name\" content=\"IntegralPro\" \/>\n<meta property=\"article:modified_time\" content=\"2021-02-19T20:03:51+00:00\" \/>\n<meta property=\"og:image\" content=\"https:\/\/www.integralpro.com.co\/wp-content\/uploads\/2021\/02\/4b3c88d01604c97abc07ecac44f6f2e1.jpg\" \/>\n\t<meta property=\"og:image:width\" content=\"800\" \/>\n\t<meta property=\"og:image:height\" content=\"800\" \/>\n\t<meta property=\"og:image:type\" content=\"image\/jpeg\" \/>\n<meta name=\"twitter:card\" content=\"summary_large_image\" \/>\n<meta name=\"twitter:label1\" content=\"Tiempo de lectura\" \/>\n\t<meta name=\"twitter:data1\" content=\"2 minutos\" \/>\n<script type=\"application\/ld+json\" class=\"yoast-schema-graph\">{\"@context\":\"https:\\\/\\\/schema.org\",\"@graph\":[{\"@type\":\"WebPage\",\"@id\":\"https:\\\/\\\/www.integralpro.com.co\\\/index.php\\\/producto\\\/bateria-tp-link-tl-pb10000-polimero-de-litio-10000mah\\\/\",\"url\":\"https:\\\/\\\/www.integralpro.com.co\\\/index.php\\\/producto\\\/bateria-tp-link-tl-pb10000-polimero-de-litio-10000mah\\\/\",\"name\":\"Bateria Tp Link Tl Pb10000 Pol\u00edmero De Litio 10000Mah - IntegralPro\",\"isPartOf\":{\"@id\":\"https:\\\/\\\/www.integralpro.com.co\\\/#website\"},\"primaryImageOfPage\":{\"@id\":\"https:\\\/\\\/www.integralpro.com.co\\\/index.php\\\/producto\\\/bateria-tp-link-tl-pb10000-polimero-de-litio-10000mah\\\/#primaryimage\"},\"image\":{\"@id\":\"https:\\\/\\\/www.integralpro.com.co\\\/index.php\\\/producto\\\/bateria-tp-link-tl-pb10000-polimero-de-litio-10000mah\\\/#primaryimage\"},\"thumbnailUrl\":\"https:\\\/\\\/www.integralpro.com.co\\\/wp-content\\\/uploads\\\/2021\\\/02\\\/4b3c88d01604c97abc07ecac44f6f2e1.jpg\",\"datePublished\":\"2021-02-19T20:03:21+00:00\",\"dateModified\":\"2021-02-19T20:03:51+00:00\",\"breadcrumb\":{\"@id\":\"https:\\\/\\\/www.integralpro.com.co\\\/index.php\\\/producto\\\/bateria-tp-link-tl-pb10000-polimero-de-litio-10000mah\\\/#breadcrumb\"},\"inLanguage\":\"es\",\"potentialAction\":[{\"@type\":\"ReadAction\",\"target\":[\"https:\\\/\\\/www.integralpro.com.co\\\/index.php\\\/producto\\\/bateria-tp-link-tl-pb10000-polimero-de-litio-10000mah\\\/\"]}]},{\"@type\":\"ImageObject\",\"inLanguage\":\"es\",\"@id\":\"https:\\\/\\\/www.integralpro.com.co\\\/index.php\\\/producto\\\/bateria-tp-link-tl-pb10000-polimero-de-litio-10000mah\\\/#primaryimage\",\"url\":\"https:\\\/\\\/www.integralpro.com.co\\\/wp-content\\\/uploads\\\/2021\\\/02\\\/4b3c88d01604c97abc07ecac44f6f2e1.jpg\",\"contentUrl\":\"https:\\\/\\\/www.integralpro.com.co\\\/wp-content\\\/uploads\\\/2021\\\/02\\\/4b3c88d01604c97abc07ecac44f6f2e1.jpg\",\"width\":800,\"height\":800},{\"@type\":\"BreadcrumbList\",\"@id\":\"https:\\\/\\\/www.integralpro.com.co\\\/index.php\\\/producto\\\/bateria-tp-link-tl-pb10000-polimero-de-litio-10000mah\\\/#breadcrumb\",\"itemListElement\":[{\"@type\":\"ListItem\",\"position\":1,\"name\":\"Portada\",\"item\":\"https:\\\/\\\/www.integralpro.com.co\\\/\"},{\"@type\":\"ListItem\",\"position\":2,\"name\":\"Tienda\",\"item\":\"https:\\\/\\\/www.integralpro.com.co\\\/index.php\\\/tienda\\\/\"},{\"@type\":\"ListItem\",\"position\":3,\"name\":\"Bateria Tp Link Tl Pb10000 Pol\u00edmero De Litio 10000Mah\"}]},{\"@type\":\"WebSite\",\"@id\":\"https:\\\/\\\/www.integralpro.com.co\\\/#website\",\"url\":\"https:\\\/\\\/www.integralpro.com.co\\\/\",\"name\":\"IntegralPro\",\"description\":\"Tienda de Tecnolog\u00eda en L\u00ednea\",\"publisher\":{\"@id\":\"https:\\\/\\\/www.integralpro.com.co\\\/#organization\"},\"potentialAction\":[{\"@type\":\"SearchAction\",\"target\":{\"@type\":\"EntryPoint\",\"urlTemplate\":\"https:\\\/\\\/www.integralpro.com.co\\\/?s={search_term_string}\"},\"query-input\":{\"@type\":\"PropertyValueSpecification\",\"valueRequired\":true,\"valueName\":\"search_term_string\"}}],\"inLanguage\":\"es\"},{\"@type\":\"Organization\",\"@id\":\"https:\\\/\\\/www.integralpro.com.co\\\/#organization\",\"name\":\"IntegralPro SAS\",\"url\":\"https:\\\/\\\/www.integralpro.com.co\\\/\",\"logo\":{\"@type\":\"ImageObject\",\"inLanguage\":\"es\",\"@id\":\"https:\\\/\\\/www.integralpro.com.co\\\/#\\\/schema\\\/logo\\\/image\\\/\",\"url\":\"https:\\\/\\\/www.integralpro.com.co\\\/wp-content\\\/uploads\\\/2021\\\/02\\\/logo-def.jpg\",\"contentUrl\":\"https:\\\/\\\/www.integralpro.com.co\\\/wp-content\\\/uploads\\\/2021\\\/02\\\/logo-def.jpg\",\"width\":238,\"height\":234,\"caption\":\"IntegralPro SAS\"},\"image\":{\"@id\":\"https:\\\/\\\/www.integralpro.com.co\\\/#\\\/schema\\\/logo\\\/image\\\/\"}}]}<\/script>\n<!-- \/ Yoast SEO plugin. -->","yoast_head_json":{"title":"Bateria Tp Link Tl Pb10000 Pol\u00edmero De Litio 10000Mah - IntegralPro","robots":{"index":"index","follow":"follow","max-snippet":"max-snippet:-1","max-image-preview":"max-image-preview:large","max-video-preview":"max-video-preview:-1"},"canonical":"https:\/\/www.integralpro.com.co\/index.php\/producto\/bateria-tp-link-tl-pb10000-polimero-de-litio-10000mah\/","og_locale":"es_ES","og_type":"article","og_title":"Bateria Tp Link Tl Pb10000 Pol\u00edmero De Litio 10000Mah - IntegralPro","og_description":"# DE PARTE:TL-PB10000","og_url":"https:\/\/www.integralpro.com.co\/index.php\/producto\/bateria-tp-link-tl-pb10000-polimero-de-litio-10000mah\/","og_site_name":"IntegralPro","article_modified_time":"2021-02-19T20:03:51+00:00","og_image":[{"width":800,"height":800,"url":"https:\/\/www.integralpro.com.co\/wp-content\/uploads\/2021\/02\/4b3c88d01604c97abc07ecac44f6f2e1.jpg","type":"image\/jpeg"}],"twitter_card":"summary_large_image","twitter_misc":{"Tiempo de lectura":"2 minutos"},"schema":{"@context":"https:\/\/schema.org","@graph":[{"@type":"WebPage","@id":"https:\/\/www.integralpro.com.co\/index.php\/producto\/bateria-tp-link-tl-pb10000-polimero-de-litio-10000mah\/","url":"https:\/\/www.integralpro.com.co\/index.php\/producto\/bateria-tp-link-tl-pb10000-polimero-de-litio-10000mah\/","name":"Bateria Tp Link Tl Pb10000 Pol\u00edmero De Litio 10000Mah - IntegralPro","isPartOf":{"@id":"https:\/\/www.integralpro.com.co\/#website"},"primaryImageOfPage":{"@id":"https:\/\/www.integralpro.com.co\/index.php\/producto\/bateria-tp-link-tl-pb10000-polimero-de-litio-10000mah\/#primaryimage"},"image":{"@id":"https:\/\/www.integralpro.com.co\/index.php\/producto\/bateria-tp-link-tl-pb10000-polimero-de-litio-10000mah\/#primaryimage"},"thumbnailUrl":"https:\/\/www.integralpro.com.co\/wp-content\/uploads\/2021\/02\/4b3c88d01604c97abc07ecac44f6f2e1.jpg","datePublished":"2021-02-19T20:03:21+00:00","dateModified":"2021-02-19T20:03:51+00:00","breadcrumb":{"@id":"https:\/\/www.integralpro.com.co\/index.php\/producto\/bateria-tp-link-tl-pb10000-polimero-de-litio-10000mah\/#breadcrumb"},"inLanguage":"es","potentialAction":[{"@type":"ReadAction","target":["https:\/\/www.integralpro.com.co\/index.php\/producto\/bateria-tp-link-tl-pb10000-polimero-de-litio-10000mah\/"]}]},{"@type":"ImageObject","inLanguage":"es","@id":"https:\/\/www.integralpro.com.co\/index.php\/producto\/bateria-tp-link-tl-pb10000-polimero-de-litio-10000mah\/#primaryimage","url":"https:\/\/www.integralpro.com.co\/wp-content\/uploads\/2021\/02\/4b3c88d01604c97abc07ecac44f6f2e1.jpg","contentUrl":"https:\/\/www.integralpro.com.co\/wp-content\/uploads\/2021\/02\/4b3c88d01604c97abc07ecac44f6f2e1.jpg","width":800,"height":800},{"@type":"BreadcrumbList","@id":"https:\/\/www.integralpro.com.co\/index.php\/producto\/bateria-tp-link-tl-pb10000-polimero-de-litio-10000mah\/#breadcrumb","itemListElement":[{"@type":"ListItem","position":1,"name":"Portada","item":"https:\/\/www.integralpro.com.co\/"},{"@type":"ListItem","position":2,"name":"Tienda","item":"https:\/\/www.integralpro.com.co\/index.php\/tienda\/"},{"@type":"ListItem","position":3,"name":"Bateria Tp Link Tl Pb10000 Pol\u00edmero De Litio 10000Mah"}]},{"@type":"WebSite","@id":"https:\/\/www.integralpro.com.co\/#website","url":"https:\/\/www.integralpro.com.co\/","name":"IntegralPro","description":"Tienda de Tecnolog\u00eda en L\u00ednea","publisher":{"@id":"https:\/\/www.integralpro.com.co\/#organization"},"potentialAction":[{"@type":"SearchAction","target":{"@type":"EntryPoint","urlTemplate":"https:\/\/www.integralpro.com.co\/?s={search_term_string}"},"query-input":{"@type":"PropertyValueSpecification","valueRequired":true,"valueName":"search_term_string"}}],"inLanguage":"es"},{"@type":"Organization","@id":"https:\/\/www.integralpro.com.co\/#organization","name":"IntegralPro SAS","url":"https:\/\/www.integralpro.com.co\/","logo":{"@type":"ImageObject","inLanguage":"es","@id":"https:\/\/www.integralpro.com.co\/#\/schema\/logo\/image\/","url":"https:\/\/www.integralpro.com.co\/wp-content\/uploads\/2021\/02\/logo-def.jpg","contentUrl":"https:\/\/www.integralpro.com.co\/wp-content\/uploads\/2021\/02\/logo-def.jpg","width":238,"height":234,"caption":"IntegralPro SAS"},"image":{"@id":"https:\/\/www.integralpro.com.co\/#\/schema\/logo\/image\/"}}]}},"_links":{"self":[{"href":"https:\/\/www.integralpro.com.co\/index.php\/wp-json\/wp\/v2\/product\/3174","targetHints":{"allow":["GET"]}}],"collection":[{"href":"https:\/\/www.integralpro.com.co\/index.php\/wp-json\/wp\/v2\/product"}],"about":[{"href":"https:\/\/www.integralpro.com.co\/index.php\/wp-json\/wp\/v2\/types\/product"}],"version-history":[{"count":1,"href":"https:\/\/www.integralpro.com.co\/index.php\/wp-json\/wp\/v2\/product\/3174\/revisions"}],"predecessor-version":[{"id":3233,"href":"https:\/\/www.integralpro.com.co\/index.php\/wp-json\/wp\/v2\/product\/3174\/revisions\/3233"}],"wp:featuredmedia":[{"embeddable":true,"href":"https:\/\/www.integralpro.com.co\/index.php\/wp-json\/wp\/v2\/media\/3232"}],"wp:attachment":[{"href":"https:\/\/www.integralpro.com.co\/index.php\/wp-json\/wp\/v2\/media?parent=3174"}],"wp:term":[{"taxonomy":"product_brand","embeddable":true,"href":"https:\/\/www.integralpro.com.co\/index.php\/wp-json\/wp\/v2\/product_brand?post=3174"},{"taxonomy":"product_cat","embeddable":true,"href":"https:\/\/www.integralpro.com.co\/index.php\/wp-json\/wp\/v2\/product_cat?post=3174"},{"taxonomy":"product_tag","embeddable":true,"href":"https:\/\/www.integralpro.com.co\/index.php\/wp-json\/wp\/v2\/product_tag?post=3174"}],"curies":[{"name":"wp","href":"https:\/\/api.w.org\/{rel}","templated":true}]}}