{"id":3144,"date":"2021-02-19T15:03:00","date_gmt":"2021-02-19T20:03:00","guid":{"rendered":"https:\/\/www.integralpro.com.co\/index.php\/producto\/import-placeholder-for-1517\/"},"modified":"2021-02-19T15:03:48","modified_gmt":"2021-02-19T20:03:48","slug":"switch-pdu-tripp-lite-pdumh15atnet-monofasico-controlable-negro","status":"publish","type":"product","link":"https:\/\/www.integralpro.com.co\/index.php\/producto\/switch-pdu-tripp-lite-pdumh15atnet-monofasico-controlable-negro\/","title":{"rendered":"Switch Pdu Tripp Lite Pdumh15Atnet Monofasico Controlable Negro"},"content":{"rendered":"<p>El ATS \/ Switch de Transferencia Autom\u00e1tica Controlable de Tripp Lite proporciona una opci\u00f3n de alimentaci\u00f3n redundante para dispositivos de red con un solo cable. Los cables de alimentaci\u00f3n dual soportan conexiones separadas para fuentes de energ\u00eda PRIMARIA y SECUNDARIA. El ATS normalmente mantendr\u00e1 salida continua a todos los tomacorrientes como si se derivara del cable de alimentaci\u00f3n primaria. Si la fuente de alimentaci\u00f3n primaria se vuelve inestable o falla por completo, el ATS cambiar\u00e1 a la fuente de alimentaci\u00f3n secundaria hasta que la entrada primaria est\u00e9 restablecida y estable.<\/p>\n<p><\/p>\n<p><strong>Caracter\u00edsticas<\/strong><\/p>\n<p><\/p>\n<p>La interfaz de Plataforma LX incorporada basada en HTML5 sin <br \/>Java permite acceso remoto total para monitoreo de estado del PDU y <br \/>notificaciones de correo electr\u00f3nico mediante navegador Web seguro, SNMP, telnet <br \/>o SSH. Permite detecci\u00f3n autom\u00e1tica de 10 Mbps \/ 100 Mbps para comunicaci\u00f3n <br \/>\u00f3ptima con una red Ethernet. M\u00f3dulos opcionales del EnviroSense2 (vendidos por <br \/>separado) proporcionan una gran variedad de capacidades de monitoreo ambiental. <br \/>Entre los protocolos compatibles se incluyen IPv4, IPv6, HTTP, HTTPS, SMTP, <br \/>SNMPv1, SNMPv2, SNMPv3, telnet, SSH, FTP, DHCP, BOOTP y NTP. Las caracter\u00edsticas <br \/>del PDU controlable incluyen tomacorrientes controlables individualmente.<\/p>\n<p><\/p>\n<p><strong>Especificaciones T\u00e9cnicas<\/strong><\/p>\n<p><\/p>\n<p>Dimensiones: 5 x 45 x 37 cm <\/p>\n<p>Peso: 4,99 kg<\/p>\n<p>Compatibilidad de Frecuencia:50Hz \/ 60Hz<\/p>\n<p>Detalles de Capacidad de Salida:Capacidad total 1.52kW (127V), 1.44kW (120V), 1.2kW (100V) \/ 15A (Reducido por agencia a 12A); m\u00e1ximo 12A por tomacorrientes<\/p>\n<p>Tomacorrientes:(8) 5-15R<\/p>\n<p>Voltaje Nominal de Salida: (V~)100; 120; 127<\/p>\n<p>Protecci\u00f3n contra Sobrecargas:n\/a<\/p>\n<p>Tomacorrientes con Administraci\u00f3n de Carga Personalizada: 8 tomacorrientes controlables individualmente<\/p>\n<p>Voltaje de Entrada del PDU (V~):100; 120; 127<\/p>\n<p>Servicio El\u00e9ctrico Recomendado:15A 120V<\/p>\n<p>Entrada M\u00e1xima en Amperes:15.0<\/p>\n<p>Detalles de Entrada M\u00e1xima en Amperes:Reducido por agencia a 12 A continuos<\/p>\n<p>Tipo de Clavija del PDU:(2) NEMA 5-15P<\/p>\n<p>Fase de Entrada:Monof\u00e1sico<\/p>\n<p>Detalles del Cable de Entrada:Juego de 2 entradas permiten conectar en forma separada las fuentes de alimentaci\u00f3n PRIMARIA y SECUNDARIA<\/p>\n<p>Longitud del Cable de Alimentaci\u00f3n (m):3.66<\/p>\n<p>Rango de Temperatura de Almacenamiento:-15 \u00baC a 50 \u00baC [5 \u00baF a 122 \u00baF]<\/p>\n<p>Humedad Relativa:De 5% a 95%, sin condensaci\u00f3n<\/p>\n<p>Altitud de Operaci\u00f3n (pies):0 ~ 10,000<\/p>\n<p>Elevaci\u00f3n en Operaci\u00f3n (m):0 ~ 3000<\/p>\n<p>Color: Negro <\/p>\n<p><\/p>\n<p><strong>Contenido Del Paquete<\/strong><\/p>\n<p><\/p>\n<p>ATS\/PDU &#8211; Cable de alimentaci\u00f3n &#8211; Documentaci\u00f3n<\/p>\n","protected":false},"excerpt":{"rendered":"<p># DE PARTE:PDUMH15ATNET<\/p>\n","protected":false},"featured_media":3228,"template":"","meta":{"site-sidebar-layout":"default","site-content-layout":"","ast-site-content-layout":"default","site-content-style":"default","site-sidebar-style":"default","ast-global-header-display":"","ast-banner-title-visibility":"","ast-main-header-display":"","ast-hfb-above-header-display":"","ast-hfb-below-header-display":"","ast-hfb-mobile-header-display":"","site-post-title":"","ast-breadcrumbs-content":"","ast-featured-img":"","footer-sml-layout":"","ast-disable-related-posts":"","theme-transparent-header-meta":"","adv-header-id-meta":"","stick-header-meta":"","header-above-stick-meta":"","header-main-stick-meta":"","header-below-stick-meta":"","astra-migrate-meta-layouts":"default","ast-page-background-enabled":"default","ast-page-background-meta":{"desktop":{"background-color":"var(--ast-global-color-4)","background-image":"","background-repeat":"repeat","background-position":"center center","background-size":"auto","background-attachment":"scroll","background-type":"","background-media":"","overlay-type":"","overlay-color":"","overlay-opacity":"","overlay-gradient":""},"tablet":{"background-color":"","background-image":"","background-repeat":"repeat","background-position":"center center","background-size":"auto","background-attachment":"scroll","background-type":"","background-media":"","overlay-type":"","overlay-color":"","overlay-opacity":"","overlay-gradient":""},"mobile":{"background-color":"","background-image":"","background-repeat":"repeat","background-position":"center center","background-size":"auto","background-attachment":"scroll","background-type":"","background-media":"","overlay-type":"","overlay-color":"","overlay-opacity":"","overlay-gradient":""}},"ast-content-background-meta":{"desktop":{"background-color":"var(--ast-global-color-5)","background-image":"","background-repeat":"repeat","background-position":"center center","background-size":"auto","background-attachment":"scroll","background-type":"","background-media":"","overlay-type":"","overlay-color":"","overlay-opacity":"","overlay-gradient":""},"tablet":{"background-color":"var(--ast-global-color-5)","background-image":"","background-repeat":"repeat","background-position":"center center","background-size":"auto","background-attachment":"scroll","background-type":"","background-media":"","overlay-type":"","overlay-color":"","overlay-opacity":"","overlay-gradient":""},"mobile":{"background-color":"var(--ast-global-color-5)","background-image":"","background-repeat":"repeat","background-position":"center center","background-size":"auto","background-attachment":"scroll","background-type":"","background-media":"","overlay-type":"","overlay-color":"","overlay-opacity":"","overlay-gradient":""}}},"product_brand":[],"product_cat":[62,151],"product_tag":[473],"class_list":{"0":"post-3144","1":"product","2":"type-product","3":"status-publish","4":"has-post-thumbnail","6":"product_cat-redes","7":"product_cat-switch","8":"product_tag-tripplite","9":"desktop-align-left","10":"tablet-align-left","11":"mobile-align-left","13":"first","14":"instock","15":"taxable","16":"shipping-taxable","17":"product-type-simple"},"yoast_head":"<!-- This site is optimized with the Yoast SEO plugin v27.4 - https:\/\/yoast.com\/product\/yoast-seo-wordpress\/ -->\n<title>Switch Pdu Tripp Lite Pdumh15Atnet Monofasico Controlable Negro - IntegralPro<\/title>\n<meta name=\"robots\" content=\"index, follow, max-snippet:-1, max-image-preview:large, max-video-preview:-1\" \/>\n<link rel=\"canonical\" href=\"https:\/\/www.integralpro.com.co\/index.php\/producto\/switch-pdu-tripp-lite-pdumh15atnet-monofasico-controlable-negro\/\" \/>\n<meta property=\"og:locale\" content=\"es_ES\" \/>\n<meta property=\"og:type\" content=\"article\" \/>\n<meta property=\"og:title\" content=\"Switch Pdu Tripp Lite Pdumh15Atnet Monofasico Controlable Negro - IntegralPro\" \/>\n<meta property=\"og:description\" content=\"# DE PARTE:PDUMH15ATNET\" \/>\n<meta property=\"og:url\" content=\"https:\/\/www.integralpro.com.co\/index.php\/producto\/switch-pdu-tripp-lite-pdumh15atnet-monofasico-controlable-negro\/\" \/>\n<meta property=\"og:site_name\" content=\"IntegralPro\" \/>\n<meta property=\"article:modified_time\" content=\"2021-02-19T20:03:48+00:00\" \/>\n<meta property=\"og:image\" content=\"https:\/\/www.integralpro.com.co\/wp-content\/uploads\/2021\/02\/32ad49ce660cae72dd40520423e11f98.jpg\" \/>\n\t<meta property=\"og:image:width\" content=\"1000\" \/>\n\t<meta property=\"og:image:height\" content=\"1000\" \/>\n\t<meta property=\"og:image:type\" content=\"image\/jpeg\" \/>\n<meta name=\"twitter:card\" content=\"summary_large_image\" \/>\n<meta name=\"twitter:label1\" content=\"Tiempo de lectura\" \/>\n\t<meta name=\"twitter:data1\" content=\"2 minutos\" \/>\n<script type=\"application\/ld+json\" class=\"yoast-schema-graph\">{\"@context\":\"https:\\\/\\\/schema.org\",\"@graph\":[{\"@type\":\"WebPage\",\"@id\":\"https:\\\/\\\/www.integralpro.com.co\\\/index.php\\\/producto\\\/switch-pdu-tripp-lite-pdumh15atnet-monofasico-controlable-negro\\\/\",\"url\":\"https:\\\/\\\/www.integralpro.com.co\\\/index.php\\\/producto\\\/switch-pdu-tripp-lite-pdumh15atnet-monofasico-controlable-negro\\\/\",\"name\":\"Switch Pdu Tripp Lite Pdumh15Atnet Monofasico Controlable Negro - IntegralPro\",\"isPartOf\":{\"@id\":\"https:\\\/\\\/www.integralpro.com.co\\\/#website\"},\"primaryImageOfPage\":{\"@id\":\"https:\\\/\\\/www.integralpro.com.co\\\/index.php\\\/producto\\\/switch-pdu-tripp-lite-pdumh15atnet-monofasico-controlable-negro\\\/#primaryimage\"},\"image\":{\"@id\":\"https:\\\/\\\/www.integralpro.com.co\\\/index.php\\\/producto\\\/switch-pdu-tripp-lite-pdumh15atnet-monofasico-controlable-negro\\\/#primaryimage\"},\"thumbnailUrl\":\"https:\\\/\\\/www.integralpro.com.co\\\/wp-content\\\/uploads\\\/2021\\\/02\\\/32ad49ce660cae72dd40520423e11f98.jpg\",\"datePublished\":\"2021-02-19T20:03:00+00:00\",\"dateModified\":\"2021-02-19T20:03:48+00:00\",\"breadcrumb\":{\"@id\":\"https:\\\/\\\/www.integralpro.com.co\\\/index.php\\\/producto\\\/switch-pdu-tripp-lite-pdumh15atnet-monofasico-controlable-negro\\\/#breadcrumb\"},\"inLanguage\":\"es\",\"potentialAction\":[{\"@type\":\"ReadAction\",\"target\":[\"https:\\\/\\\/www.integralpro.com.co\\\/index.php\\\/producto\\\/switch-pdu-tripp-lite-pdumh15atnet-monofasico-controlable-negro\\\/\"]}]},{\"@type\":\"ImageObject\",\"inLanguage\":\"es\",\"@id\":\"https:\\\/\\\/www.integralpro.com.co\\\/index.php\\\/producto\\\/switch-pdu-tripp-lite-pdumh15atnet-monofasico-controlable-negro\\\/#primaryimage\",\"url\":\"https:\\\/\\\/www.integralpro.com.co\\\/wp-content\\\/uploads\\\/2021\\\/02\\\/32ad49ce660cae72dd40520423e11f98.jpg\",\"contentUrl\":\"https:\\\/\\\/www.integralpro.com.co\\\/wp-content\\\/uploads\\\/2021\\\/02\\\/32ad49ce660cae72dd40520423e11f98.jpg\",\"width\":1000,\"height\":1000},{\"@type\":\"BreadcrumbList\",\"@id\":\"https:\\\/\\\/www.integralpro.com.co\\\/index.php\\\/producto\\\/switch-pdu-tripp-lite-pdumh15atnet-monofasico-controlable-negro\\\/#breadcrumb\",\"itemListElement\":[{\"@type\":\"ListItem\",\"position\":1,\"name\":\"Portada\",\"item\":\"https:\\\/\\\/www.integralpro.com.co\\\/\"},{\"@type\":\"ListItem\",\"position\":2,\"name\":\"Tienda\",\"item\":\"https:\\\/\\\/www.integralpro.com.co\\\/index.php\\\/tienda\\\/\"},{\"@type\":\"ListItem\",\"position\":3,\"name\":\"Switch Pdu Tripp Lite Pdumh15Atnet Monofasico Controlable Negro\"}]},{\"@type\":\"WebSite\",\"@id\":\"https:\\\/\\\/www.integralpro.com.co\\\/#website\",\"url\":\"https:\\\/\\\/www.integralpro.com.co\\\/\",\"name\":\"IntegralPro\",\"description\":\"Tienda de Tecnolog\u00eda en L\u00ednea\",\"publisher\":{\"@id\":\"https:\\\/\\\/www.integralpro.com.co\\\/#organization\"},\"potentialAction\":[{\"@type\":\"SearchAction\",\"target\":{\"@type\":\"EntryPoint\",\"urlTemplate\":\"https:\\\/\\\/www.integralpro.com.co\\\/?s={search_term_string}\"},\"query-input\":{\"@type\":\"PropertyValueSpecification\",\"valueRequired\":true,\"valueName\":\"search_term_string\"}}],\"inLanguage\":\"es\"},{\"@type\":\"Organization\",\"@id\":\"https:\\\/\\\/www.integralpro.com.co\\\/#organization\",\"name\":\"IntegralPro SAS\",\"url\":\"https:\\\/\\\/www.integralpro.com.co\\\/\",\"logo\":{\"@type\":\"ImageObject\",\"inLanguage\":\"es\",\"@id\":\"https:\\\/\\\/www.integralpro.com.co\\\/#\\\/schema\\\/logo\\\/image\\\/\",\"url\":\"https:\\\/\\\/www.integralpro.com.co\\\/wp-content\\\/uploads\\\/2021\\\/02\\\/logo-def.jpg\",\"contentUrl\":\"https:\\\/\\\/www.integralpro.com.co\\\/wp-content\\\/uploads\\\/2021\\\/02\\\/logo-def.jpg\",\"width\":238,\"height\":234,\"caption\":\"IntegralPro SAS\"},\"image\":{\"@id\":\"https:\\\/\\\/www.integralpro.com.co\\\/#\\\/schema\\\/logo\\\/image\\\/\"}}]}<\/script>\n<!-- \/ Yoast SEO plugin. -->","yoast_head_json":{"title":"Switch Pdu Tripp Lite Pdumh15Atnet Monofasico Controlable Negro - IntegralPro","robots":{"index":"index","follow":"follow","max-snippet":"max-snippet:-1","max-image-preview":"max-image-preview:large","max-video-preview":"max-video-preview:-1"},"canonical":"https:\/\/www.integralpro.com.co\/index.php\/producto\/switch-pdu-tripp-lite-pdumh15atnet-monofasico-controlable-negro\/","og_locale":"es_ES","og_type":"article","og_title":"Switch Pdu Tripp Lite Pdumh15Atnet Monofasico Controlable Negro - IntegralPro","og_description":"# DE PARTE:PDUMH15ATNET","og_url":"https:\/\/www.integralpro.com.co\/index.php\/producto\/switch-pdu-tripp-lite-pdumh15atnet-monofasico-controlable-negro\/","og_site_name":"IntegralPro","article_modified_time":"2021-02-19T20:03:48+00:00","og_image":[{"width":1000,"height":1000,"url":"https:\/\/www.integralpro.com.co\/wp-content\/uploads\/2021\/02\/32ad49ce660cae72dd40520423e11f98.jpg","type":"image\/jpeg"}],"twitter_card":"summary_large_image","twitter_misc":{"Tiempo de lectura":"2 minutos"},"schema":{"@context":"https:\/\/schema.org","@graph":[{"@type":"WebPage","@id":"https:\/\/www.integralpro.com.co\/index.php\/producto\/switch-pdu-tripp-lite-pdumh15atnet-monofasico-controlable-negro\/","url":"https:\/\/www.integralpro.com.co\/index.php\/producto\/switch-pdu-tripp-lite-pdumh15atnet-monofasico-controlable-negro\/","name":"Switch Pdu Tripp Lite Pdumh15Atnet Monofasico Controlable Negro - IntegralPro","isPartOf":{"@id":"https:\/\/www.integralpro.com.co\/#website"},"primaryImageOfPage":{"@id":"https:\/\/www.integralpro.com.co\/index.php\/producto\/switch-pdu-tripp-lite-pdumh15atnet-monofasico-controlable-negro\/#primaryimage"},"image":{"@id":"https:\/\/www.integralpro.com.co\/index.php\/producto\/switch-pdu-tripp-lite-pdumh15atnet-monofasico-controlable-negro\/#primaryimage"},"thumbnailUrl":"https:\/\/www.integralpro.com.co\/wp-content\/uploads\/2021\/02\/32ad49ce660cae72dd40520423e11f98.jpg","datePublished":"2021-02-19T20:03:00+00:00","dateModified":"2021-02-19T20:03:48+00:00","breadcrumb":{"@id":"https:\/\/www.integralpro.com.co\/index.php\/producto\/switch-pdu-tripp-lite-pdumh15atnet-monofasico-controlable-negro\/#breadcrumb"},"inLanguage":"es","potentialAction":[{"@type":"ReadAction","target":["https:\/\/www.integralpro.com.co\/index.php\/producto\/switch-pdu-tripp-lite-pdumh15atnet-monofasico-controlable-negro\/"]}]},{"@type":"ImageObject","inLanguage":"es","@id":"https:\/\/www.integralpro.com.co\/index.php\/producto\/switch-pdu-tripp-lite-pdumh15atnet-monofasico-controlable-negro\/#primaryimage","url":"https:\/\/www.integralpro.com.co\/wp-content\/uploads\/2021\/02\/32ad49ce660cae72dd40520423e11f98.jpg","contentUrl":"https:\/\/www.integralpro.com.co\/wp-content\/uploads\/2021\/02\/32ad49ce660cae72dd40520423e11f98.jpg","width":1000,"height":1000},{"@type":"BreadcrumbList","@id":"https:\/\/www.integralpro.com.co\/index.php\/producto\/switch-pdu-tripp-lite-pdumh15atnet-monofasico-controlable-negro\/#breadcrumb","itemListElement":[{"@type":"ListItem","position":1,"name":"Portada","item":"https:\/\/www.integralpro.com.co\/"},{"@type":"ListItem","position":2,"name":"Tienda","item":"https:\/\/www.integralpro.com.co\/index.php\/tienda\/"},{"@type":"ListItem","position":3,"name":"Switch Pdu Tripp Lite Pdumh15Atnet Monofasico Controlable Negro"}]},{"@type":"WebSite","@id":"https:\/\/www.integralpro.com.co\/#website","url":"https:\/\/www.integralpro.com.co\/","name":"IntegralPro","description":"Tienda de Tecnolog\u00eda en L\u00ednea","publisher":{"@id":"https:\/\/www.integralpro.com.co\/#organization"},"potentialAction":[{"@type":"SearchAction","target":{"@type":"EntryPoint","urlTemplate":"https:\/\/www.integralpro.com.co\/?s={search_term_string}"},"query-input":{"@type":"PropertyValueSpecification","valueRequired":true,"valueName":"search_term_string"}}],"inLanguage":"es"},{"@type":"Organization","@id":"https:\/\/www.integralpro.com.co\/#organization","name":"IntegralPro SAS","url":"https:\/\/www.integralpro.com.co\/","logo":{"@type":"ImageObject","inLanguage":"es","@id":"https:\/\/www.integralpro.com.co\/#\/schema\/logo\/image\/","url":"https:\/\/www.integralpro.com.co\/wp-content\/uploads\/2021\/02\/logo-def.jpg","contentUrl":"https:\/\/www.integralpro.com.co\/wp-content\/uploads\/2021\/02\/logo-def.jpg","width":238,"height":234,"caption":"IntegralPro SAS"},"image":{"@id":"https:\/\/www.integralpro.com.co\/#\/schema\/logo\/image\/"}}]}},"_links":{"self":[{"href":"https:\/\/www.integralpro.com.co\/index.php\/wp-json\/wp\/v2\/product\/3144","targetHints":{"allow":["GET"]}}],"collection":[{"href":"https:\/\/www.integralpro.com.co\/index.php\/wp-json\/wp\/v2\/product"}],"about":[{"href":"https:\/\/www.integralpro.com.co\/index.php\/wp-json\/wp\/v2\/types\/product"}],"version-history":[{"count":1,"href":"https:\/\/www.integralpro.com.co\/index.php\/wp-json\/wp\/v2\/product\/3144\/revisions"}],"predecessor-version":[{"id":3229,"href":"https:\/\/www.integralpro.com.co\/index.php\/wp-json\/wp\/v2\/product\/3144\/revisions\/3229"}],"wp:featuredmedia":[{"embeddable":true,"href":"https:\/\/www.integralpro.com.co\/index.php\/wp-json\/wp\/v2\/media\/3228"}],"wp:attachment":[{"href":"https:\/\/www.integralpro.com.co\/index.php\/wp-json\/wp\/v2\/media?parent=3144"}],"wp:term":[{"taxonomy":"product_brand","embeddable":true,"href":"https:\/\/www.integralpro.com.co\/index.php\/wp-json\/wp\/v2\/product_brand?post=3144"},{"taxonomy":"product_cat","embeddable":true,"href":"https:\/\/www.integralpro.com.co\/index.php\/wp-json\/wp\/v2\/product_cat?post=3144"},{"taxonomy":"product_tag","embeddable":true,"href":"https:\/\/www.integralpro.com.co\/index.php\/wp-json\/wp\/v2\/product_tag?post=3144"}],"curies":[{"name":"wp","href":"https:\/\/api.w.org\/{rel}","templated":true}]}}