{"id":3142,"date":"2021-02-19T15:03:00","date_gmt":"2021-02-19T20:03:00","guid":{"rendered":"https:\/\/www.integralpro.com.co\/index.php\/producto\/import-placeholder-for-1515\/"},"modified":"2021-02-19T15:03:44","modified_gmt":"2021-02-19T20:03:44","slug":"switch-hpe-office-connect-1420-24g-poe-negro","status":"publish","type":"product","link":"https:\/\/www.integralpro.com.co\/index.php\/producto\/switch-hpe-office-connect-1420-24g-poe-negro\/","title":{"rendered":"Switch Hpe Office Connect 1420 24G Poe Negro"},"content":{"rendered":"<p>La serie de switches HPE OfficeConnect 1420 brinda una conectividad gigabit Ethernet (1 GbE) econ\u00f3mica, que ofrece a las peque\u00f1as empresas 10 veces el rendimiento de Fast Ethernet con la sencillez de plug-and-play sin gesti\u00f3n. La serie incluye nueve modelos, todos con un rendimiento gigabit y una serie de funciones clave como PoE+ para la alimentaci\u00f3n de dispositivos IP, Fibre <br \/>y enlaces ascendentes de 10 G para conectividad con servidores y almacenamiento. <br \/>Todos los modelos admiten un funcionamiento silencioso sin ventilador, funciones <br \/>automatizadas para operar sin intervenci\u00f3n y de bajo consumo de energ\u00eda.<\/p>\n<p><\/p>\n<p><strong>Alto Rendimiento<\/strong><\/p>\n<p><\/p>\n<p>La serie de switches HPE OfficeConnect 1420 cuenta con conectividad gigabit Ethernet (1 GbE) y ofrece a las peque\u00f1as empresas 10 veces el rendimiento de Fast Ethernet con la sencillez plug-and-play sin gesti\u00f3n.<\/p>\n<p>Los switches no gestionados ofrecen soluciones m\u00e1s econ\u00f3micas para peque\u00f1as empresas, para ubicaciones que solo necesitan conmutaci\u00f3n b\u00e1sica de capa 2 en una red plana de un solo nivel.<\/p>\n<p><\/p>\n<p><strong>Automatizadas<\/strong><\/p>\n<p><\/p>\n<p>El switch HPE 1420-24G-2SFP+ 10G Uplink no requiere ninguna configuraci\u00f3n m\u00e1s all\u00e1 de la instalaci\u00f3n de transceptores de 10 GbE opcionales para conseguir velocidades de 10 GbE. De forma alternativa, util\u00edcelo hoy con transceptores SFP Gigabit si un rendimiento m\u00e1s alto es simplemente un requisito para el futuro.<\/p>\n<p>La asignaci\u00f3n de prioridades IEEE 802.1P y otras funciones de QoS automatizan la <br \/>administraci\u00f3n recomendada de tr\u00e1fico de alta prioridad, incluyendo las <br \/>prioridades establecidas por el punto de c\u00f3digo de servicios diferenciados <br \/>(DSCP).<\/p>\n<p><\/p>\n<p><strong>Especificaciones T\u00e9cnicas<\/strong><\/p>\n<p><\/p>\n<p>Dimensiones: 44 x 24 x 5 cm <\/p>\n<p>Peso: 3,3 kg<\/p>\n<p>Diferenciador: Conmutador Gigabit no gestionado con 24 puertos 10\/100\/1000.&nbsp; Presupuesto total de PoE 124W. Con PoE+, un puerto puede reenviar hasta 30W de alimentaci\u00f3n PoE. Sin ventilador. Fuente de alimentaci\u00f3n interna.<\/p>\n<p>Puertos: (24) Puertos RJ-45 10\/100\/1000 con detecci\u00f3n autom\u00e1tica &#8211; Admite un <br \/>m\u00e1ximo de 24 puertos 10\/100\/1000 con detecci\u00f3n autom\u00e1tica<\/p>\n<p>Memoria y procesador: Flash de 1 MB &#8211; Tama\u00f1o de b\u00fafer para paquetes: 512 KB<\/p>\n<p>Latencia: Latencia de 100 Mb: < 8 \u00b5s - Latencia de 1000 Mb: < 16 \u00b5s \n\nVelocidad: hasta 35,7 Mpps \n\nCapacidad de Switching: 48 Gbps \n\nFunci\u00f3n PoE: PoE+ de 124 W \n\nVoltaje de entrada:\n\nDe 100 a 240 VCA, clasificado\n\nConsumo de energ\u00eda: 160 vatios (m\u00e1ximo) \n\nColor: Negro <\/p>\n<p><\/p>\n<p><strong>Contenido Del Paquete<\/strong><\/p>\n<p><\/p>\n<p>Conmutador &#8211; Documentaci\u00f3n<\/p>\n","protected":false},"excerpt":{"rendered":"<p># DE PARTE:JH019A<\/p>\n","protected":false},"featured_media":3224,"template":"","meta":{"site-sidebar-layout":"default","site-content-layout":"","ast-site-content-layout":"default","site-content-style":"default","site-sidebar-style":"default","ast-global-header-display":"","ast-banner-title-visibility":"","ast-main-header-display":"","ast-hfb-above-header-display":"","ast-hfb-below-header-display":"","ast-hfb-mobile-header-display":"","site-post-title":"","ast-breadcrumbs-content":"","ast-featured-img":"","footer-sml-layout":"","ast-disable-related-posts":"","theme-transparent-header-meta":"","adv-header-id-meta":"","stick-header-meta":"","header-above-stick-meta":"","header-main-stick-meta":"","header-below-stick-meta":"","astra-migrate-meta-layouts":"default","ast-page-background-enabled":"default","ast-page-background-meta":{"desktop":{"background-color":"var(--ast-global-color-4)","background-image":"","background-repeat":"repeat","background-position":"center center","background-size":"auto","background-attachment":"scroll","background-type":"","background-media":"","overlay-type":"","overlay-color":"","overlay-opacity":"","overlay-gradient":""},"tablet":{"background-color":"","background-image":"","background-repeat":"repeat","background-position":"center center","background-size":"auto","background-attachment":"scroll","background-type":"","background-media":"","overlay-type":"","overlay-color":"","overlay-opacity":"","overlay-gradient":""},"mobile":{"background-color":"","background-image":"","background-repeat":"repeat","background-position":"center center","background-size":"auto","background-attachment":"scroll","background-type":"","background-media":"","overlay-type":"","overlay-color":"","overlay-opacity":"","overlay-gradient":""}},"ast-content-background-meta":{"desktop":{"background-color":"var(--ast-global-color-5)","background-image":"","background-repeat":"repeat","background-position":"center center","background-size":"auto","background-attachment":"scroll","background-type":"","background-media":"","overlay-type":"","overlay-color":"","overlay-opacity":"","overlay-gradient":""},"tablet":{"background-color":"var(--ast-global-color-5)","background-image":"","background-repeat":"repeat","background-position":"center center","background-size":"auto","background-attachment":"scroll","background-type":"","background-media":"","overlay-type":"","overlay-color":"","overlay-opacity":"","overlay-gradient":""},"mobile":{"background-color":"var(--ast-global-color-5)","background-image":"","background-repeat":"repeat","background-position":"center center","background-size":"auto","background-attachment":"scroll","background-type":"","background-media":"","overlay-type":"","overlay-color":"","overlay-opacity":"","overlay-gradient":""}}},"product_brand":[],"product_cat":[62,151],"product_tag":[43],"class_list":{"0":"post-3142","1":"product","2":"type-product","3":"status-publish","4":"has-post-thumbnail","6":"product_cat-redes","7":"product_cat-switch","8":"product_tag-hewlett-packard","9":"desktop-align-left","10":"tablet-align-left","11":"mobile-align-left","13":"first","14":"instock","15":"taxable","16":"shipping-taxable","17":"product-type-simple"},"yoast_head":"<!-- This site is optimized with the Yoast SEO plugin v27.4 - https:\/\/yoast.com\/product\/yoast-seo-wordpress\/ -->\n<title>Switch Hpe Office Connect 1420 24G Poe Negro - IntegralPro<\/title>\n<meta name=\"robots\" content=\"index, follow, max-snippet:-1, max-image-preview:large, max-video-preview:-1\" \/>\n<link rel=\"canonical\" href=\"https:\/\/www.integralpro.com.co\/index.php\/producto\/switch-hpe-office-connect-1420-24g-poe-negro\/\" \/>\n<meta property=\"og:locale\" content=\"es_ES\" \/>\n<meta property=\"og:type\" content=\"article\" \/>\n<meta property=\"og:title\" content=\"Switch Hpe Office Connect 1420 24G Poe Negro - IntegralPro\" \/>\n<meta property=\"og:description\" content=\"# DE PARTE:JH019A\" \/>\n<meta property=\"og:url\" content=\"https:\/\/www.integralpro.com.co\/index.php\/producto\/switch-hpe-office-connect-1420-24g-poe-negro\/\" \/>\n<meta property=\"og:site_name\" content=\"IntegralPro\" \/>\n<meta property=\"article:modified_time\" content=\"2021-02-19T20:03:44+00:00\" \/>\n<meta property=\"og:image\" content=\"https:\/\/www.integralpro.com.co\/wp-content\/uploads\/2021\/02\/d10cc22fc5f7cffa696ad6d1e93f9e4e.jpg\" \/>\n\t<meta property=\"og:image:width\" content=\"1000\" \/>\n\t<meta property=\"og:image:height\" content=\"1000\" \/>\n\t<meta property=\"og:image:type\" content=\"image\/jpeg\" \/>\n<meta name=\"twitter:card\" content=\"summary_large_image\" \/>\n<meta name=\"twitter:label1\" content=\"Tiempo de lectura\" \/>\n\t<meta name=\"twitter:data1\" content=\"2 minutos\" \/>\n<script type=\"application\/ld+json\" class=\"yoast-schema-graph\">{\"@context\":\"https:\\\/\\\/schema.org\",\"@graph\":[{\"@type\":\"WebPage\",\"@id\":\"https:\\\/\\\/www.integralpro.com.co\\\/index.php\\\/producto\\\/switch-hpe-office-connect-1420-24g-poe-negro\\\/\",\"url\":\"https:\\\/\\\/www.integralpro.com.co\\\/index.php\\\/producto\\\/switch-hpe-office-connect-1420-24g-poe-negro\\\/\",\"name\":\"Switch Hpe Office Connect 1420 24G Poe Negro - IntegralPro\",\"isPartOf\":{\"@id\":\"https:\\\/\\\/www.integralpro.com.co\\\/#website\"},\"primaryImageOfPage\":{\"@id\":\"https:\\\/\\\/www.integralpro.com.co\\\/index.php\\\/producto\\\/switch-hpe-office-connect-1420-24g-poe-negro\\\/#primaryimage\"},\"image\":{\"@id\":\"https:\\\/\\\/www.integralpro.com.co\\\/index.php\\\/producto\\\/switch-hpe-office-connect-1420-24g-poe-negro\\\/#primaryimage\"},\"thumbnailUrl\":\"https:\\\/\\\/www.integralpro.com.co\\\/wp-content\\\/uploads\\\/2021\\\/02\\\/d10cc22fc5f7cffa696ad6d1e93f9e4e.jpg\",\"datePublished\":\"2021-02-19T20:03:00+00:00\",\"dateModified\":\"2021-02-19T20:03:44+00:00\",\"breadcrumb\":{\"@id\":\"https:\\\/\\\/www.integralpro.com.co\\\/index.php\\\/producto\\\/switch-hpe-office-connect-1420-24g-poe-negro\\\/#breadcrumb\"},\"inLanguage\":\"es\",\"potentialAction\":[{\"@type\":\"ReadAction\",\"target\":[\"https:\\\/\\\/www.integralpro.com.co\\\/index.php\\\/producto\\\/switch-hpe-office-connect-1420-24g-poe-negro\\\/\"]}]},{\"@type\":\"ImageObject\",\"inLanguage\":\"es\",\"@id\":\"https:\\\/\\\/www.integralpro.com.co\\\/index.php\\\/producto\\\/switch-hpe-office-connect-1420-24g-poe-negro\\\/#primaryimage\",\"url\":\"https:\\\/\\\/www.integralpro.com.co\\\/wp-content\\\/uploads\\\/2021\\\/02\\\/d10cc22fc5f7cffa696ad6d1e93f9e4e.jpg\",\"contentUrl\":\"https:\\\/\\\/www.integralpro.com.co\\\/wp-content\\\/uploads\\\/2021\\\/02\\\/d10cc22fc5f7cffa696ad6d1e93f9e4e.jpg\",\"width\":1000,\"height\":1000},{\"@type\":\"BreadcrumbList\",\"@id\":\"https:\\\/\\\/www.integralpro.com.co\\\/index.php\\\/producto\\\/switch-hpe-office-connect-1420-24g-poe-negro\\\/#breadcrumb\",\"itemListElement\":[{\"@type\":\"ListItem\",\"position\":1,\"name\":\"Portada\",\"item\":\"https:\\\/\\\/www.integralpro.com.co\\\/\"},{\"@type\":\"ListItem\",\"position\":2,\"name\":\"Tienda\",\"item\":\"https:\\\/\\\/www.integralpro.com.co\\\/index.php\\\/tienda\\\/\"},{\"@type\":\"ListItem\",\"position\":3,\"name\":\"Switch Hpe Office Connect 1420 24G Poe Negro\"}]},{\"@type\":\"WebSite\",\"@id\":\"https:\\\/\\\/www.integralpro.com.co\\\/#website\",\"url\":\"https:\\\/\\\/www.integralpro.com.co\\\/\",\"name\":\"IntegralPro\",\"description\":\"Tienda de Tecnolog\u00eda en L\u00ednea\",\"publisher\":{\"@id\":\"https:\\\/\\\/www.integralpro.com.co\\\/#organization\"},\"potentialAction\":[{\"@type\":\"SearchAction\",\"target\":{\"@type\":\"EntryPoint\",\"urlTemplate\":\"https:\\\/\\\/www.integralpro.com.co\\\/?s={search_term_string}\"},\"query-input\":{\"@type\":\"PropertyValueSpecification\",\"valueRequired\":true,\"valueName\":\"search_term_string\"}}],\"inLanguage\":\"es\"},{\"@type\":\"Organization\",\"@id\":\"https:\\\/\\\/www.integralpro.com.co\\\/#organization\",\"name\":\"IntegralPro SAS\",\"url\":\"https:\\\/\\\/www.integralpro.com.co\\\/\",\"logo\":{\"@type\":\"ImageObject\",\"inLanguage\":\"es\",\"@id\":\"https:\\\/\\\/www.integralpro.com.co\\\/#\\\/schema\\\/logo\\\/image\\\/\",\"url\":\"https:\\\/\\\/www.integralpro.com.co\\\/wp-content\\\/uploads\\\/2021\\\/02\\\/logo-def.jpg\",\"contentUrl\":\"https:\\\/\\\/www.integralpro.com.co\\\/wp-content\\\/uploads\\\/2021\\\/02\\\/logo-def.jpg\",\"width\":238,\"height\":234,\"caption\":\"IntegralPro SAS\"},\"image\":{\"@id\":\"https:\\\/\\\/www.integralpro.com.co\\\/#\\\/schema\\\/logo\\\/image\\\/\"}}]}<\/script>\n<!-- \/ Yoast SEO plugin. -->","yoast_head_json":{"title":"Switch Hpe Office Connect 1420 24G Poe Negro - IntegralPro","robots":{"index":"index","follow":"follow","max-snippet":"max-snippet:-1","max-image-preview":"max-image-preview:large","max-video-preview":"max-video-preview:-1"},"canonical":"https:\/\/www.integralpro.com.co\/index.php\/producto\/switch-hpe-office-connect-1420-24g-poe-negro\/","og_locale":"es_ES","og_type":"article","og_title":"Switch Hpe Office Connect 1420 24G Poe Negro - IntegralPro","og_description":"# DE PARTE:JH019A","og_url":"https:\/\/www.integralpro.com.co\/index.php\/producto\/switch-hpe-office-connect-1420-24g-poe-negro\/","og_site_name":"IntegralPro","article_modified_time":"2021-02-19T20:03:44+00:00","og_image":[{"width":1000,"height":1000,"url":"https:\/\/www.integralpro.com.co\/wp-content\/uploads\/2021\/02\/d10cc22fc5f7cffa696ad6d1e93f9e4e.jpg","type":"image\/jpeg"}],"twitter_card":"summary_large_image","twitter_misc":{"Tiempo de lectura":"2 minutos"},"schema":{"@context":"https:\/\/schema.org","@graph":[{"@type":"WebPage","@id":"https:\/\/www.integralpro.com.co\/index.php\/producto\/switch-hpe-office-connect-1420-24g-poe-negro\/","url":"https:\/\/www.integralpro.com.co\/index.php\/producto\/switch-hpe-office-connect-1420-24g-poe-negro\/","name":"Switch Hpe Office Connect 1420 24G Poe Negro - IntegralPro","isPartOf":{"@id":"https:\/\/www.integralpro.com.co\/#website"},"primaryImageOfPage":{"@id":"https:\/\/www.integralpro.com.co\/index.php\/producto\/switch-hpe-office-connect-1420-24g-poe-negro\/#primaryimage"},"image":{"@id":"https:\/\/www.integralpro.com.co\/index.php\/producto\/switch-hpe-office-connect-1420-24g-poe-negro\/#primaryimage"},"thumbnailUrl":"https:\/\/www.integralpro.com.co\/wp-content\/uploads\/2021\/02\/d10cc22fc5f7cffa696ad6d1e93f9e4e.jpg","datePublished":"2021-02-19T20:03:00+00:00","dateModified":"2021-02-19T20:03:44+00:00","breadcrumb":{"@id":"https:\/\/www.integralpro.com.co\/index.php\/producto\/switch-hpe-office-connect-1420-24g-poe-negro\/#breadcrumb"},"inLanguage":"es","potentialAction":[{"@type":"ReadAction","target":["https:\/\/www.integralpro.com.co\/index.php\/producto\/switch-hpe-office-connect-1420-24g-poe-negro\/"]}]},{"@type":"ImageObject","inLanguage":"es","@id":"https:\/\/www.integralpro.com.co\/index.php\/producto\/switch-hpe-office-connect-1420-24g-poe-negro\/#primaryimage","url":"https:\/\/www.integralpro.com.co\/wp-content\/uploads\/2021\/02\/d10cc22fc5f7cffa696ad6d1e93f9e4e.jpg","contentUrl":"https:\/\/www.integralpro.com.co\/wp-content\/uploads\/2021\/02\/d10cc22fc5f7cffa696ad6d1e93f9e4e.jpg","width":1000,"height":1000},{"@type":"BreadcrumbList","@id":"https:\/\/www.integralpro.com.co\/index.php\/producto\/switch-hpe-office-connect-1420-24g-poe-negro\/#breadcrumb","itemListElement":[{"@type":"ListItem","position":1,"name":"Portada","item":"https:\/\/www.integralpro.com.co\/"},{"@type":"ListItem","position":2,"name":"Tienda","item":"https:\/\/www.integralpro.com.co\/index.php\/tienda\/"},{"@type":"ListItem","position":3,"name":"Switch Hpe Office Connect 1420 24G Poe Negro"}]},{"@type":"WebSite","@id":"https:\/\/www.integralpro.com.co\/#website","url":"https:\/\/www.integralpro.com.co\/","name":"IntegralPro","description":"Tienda de Tecnolog\u00eda en L\u00ednea","publisher":{"@id":"https:\/\/www.integralpro.com.co\/#organization"},"potentialAction":[{"@type":"SearchAction","target":{"@type":"EntryPoint","urlTemplate":"https:\/\/www.integralpro.com.co\/?s={search_term_string}"},"query-input":{"@type":"PropertyValueSpecification","valueRequired":true,"valueName":"search_term_string"}}],"inLanguage":"es"},{"@type":"Organization","@id":"https:\/\/www.integralpro.com.co\/#organization","name":"IntegralPro SAS","url":"https:\/\/www.integralpro.com.co\/","logo":{"@type":"ImageObject","inLanguage":"es","@id":"https:\/\/www.integralpro.com.co\/#\/schema\/logo\/image\/","url":"https:\/\/www.integralpro.com.co\/wp-content\/uploads\/2021\/02\/logo-def.jpg","contentUrl":"https:\/\/www.integralpro.com.co\/wp-content\/uploads\/2021\/02\/logo-def.jpg","width":238,"height":234,"caption":"IntegralPro SAS"},"image":{"@id":"https:\/\/www.integralpro.com.co\/#\/schema\/logo\/image\/"}}]}},"_links":{"self":[{"href":"https:\/\/www.integralpro.com.co\/index.php\/wp-json\/wp\/v2\/product\/3142","targetHints":{"allow":["GET"]}}],"collection":[{"href":"https:\/\/www.integralpro.com.co\/index.php\/wp-json\/wp\/v2\/product"}],"about":[{"href":"https:\/\/www.integralpro.com.co\/index.php\/wp-json\/wp\/v2\/types\/product"}],"version-history":[{"count":1,"href":"https:\/\/www.integralpro.com.co\/index.php\/wp-json\/wp\/v2\/product\/3142\/revisions"}],"predecessor-version":[{"id":3225,"href":"https:\/\/www.integralpro.com.co\/index.php\/wp-json\/wp\/v2\/product\/3142\/revisions\/3225"}],"wp:featuredmedia":[{"embeddable":true,"href":"https:\/\/www.integralpro.com.co\/index.php\/wp-json\/wp\/v2\/media\/3224"}],"wp:attachment":[{"href":"https:\/\/www.integralpro.com.co\/index.php\/wp-json\/wp\/v2\/media?parent=3142"}],"wp:term":[{"taxonomy":"product_brand","embeddable":true,"href":"https:\/\/www.integralpro.com.co\/index.php\/wp-json\/wp\/v2\/product_brand?post=3142"},{"taxonomy":"product_cat","embeddable":true,"href":"https:\/\/www.integralpro.com.co\/index.php\/wp-json\/wp\/v2\/product_cat?post=3142"},{"taxonomy":"product_tag","embeddable":true,"href":"https:\/\/www.integralpro.com.co\/index.php\/wp-json\/wp\/v2\/product_tag?post=3142"}],"curies":[{"name":"wp","href":"https:\/\/api.w.org\/{rel}","templated":true}]}}