{"id":3141,"date":"2021-02-19T15:03:00","date_gmt":"2021-02-19T20:03:00","guid":{"rendered":"https:\/\/www.integralpro.com.co\/index.php\/producto\/import-placeholder-for-1514\/"},"modified":"2021-02-19T15:03:41","modified_gmt":"2021-02-19T20:03:41","slug":"switch-hpe-aruba-2530-24g-negro","status":"publish","type":"product","link":"https:\/\/www.integralpro.com.co\/index.php\/producto\/switch-hpe-aruba-2530-24g-negro\/","title":{"rendered":"Switch Hpe Aruba 2530 24G Negro"},"content":{"rendered":"<p>El conmutador Aruba de la serie 2530 proporciona seguridad, <br \/>fiabilidad y facilidad de uso para las implementaciones en el per\u00edmetro <br \/>empresarial, en las sucursales y en las pymes. Conmutadores totalmente <br \/>gestionados, seguridad de acceso mejorada, priorizaci\u00f3n de tr\u00e1fico, sFlow, compatibilidad de host IPv6 y ahorro energ\u00e9tico gracias al Ethernet energ\u00e9ticamente eficiente. El conmutador Aruba de la serie 2530 es f\u00e1cil de utilizar y de implementar, adem\u00e1s ofrece una experiencia de usuario al\u00e1mbrica\/inal\u00e1mbrica estable con herramientas de gesti\u00f3n y de seguridad unificadas como Aruba ClearPass Policy Manager, Aruba AirWave y Aruba Central basado en la <br \/>nube.<\/p>\n<p><\/p>\n<p><strong>Seguro, Fiable Y Rentable<\/strong><\/p>\n<p><\/p>\n<p>La serie de conmutadores Aruba 2530 ofrece facilidad de uso, <br \/>seguridad y fiabilidad para despliegues en el per\u00edmetro empresarial, sucursales <br \/>y peque\u00f1as y medianas empresas. <\/p>\n<p><\/p>\n<p><strong>Seguridad Y Calidad<\/strong><\/p>\n<p><\/p>\n<p>La serie de conmutadores Aruba 2530 es compatible con los <br \/>m\u00e9todos de autenticaci\u00f3n flexibles incluyendo MAC local, 802.1X y MAC y Web para <br \/>una mayor seguridad basada en pol\u00edticas de la aplicaci\u00f3n. Protecci\u00f3n de <br \/>denegaci\u00f3n de servicio (DOS) de avanzada, como protecci\u00f3n DHCP, protecci\u00f3n ARP <br \/>din\u00e1mica y bloqueo de IP din\u00e1mica, seguridad mejorada. Los controles de tr\u00e1fico <br \/>flexibles incluyen ACL y QoS.<\/p>\n<p><\/p>\n<p><strong>Especificaciones T\u00e9cnicas<\/strong><\/p>\n<p><\/p>\n<p>Dimensiones: 44 x 26 x 5 cm <\/p>\n<p>Peso: 2,77 kg<\/p>\n<p>Diferenciador: Conmutador rentable de 28 puertos Gigabit de nivel 2 con gesti\u00f3n completa. Este modelo dispone de 24 puertos 10\/100\/1000 y cuatro puertos SFP Gigabit.<\/p>\n<p>Puertos:(24) Puertos RJ-45 PoE+ 10\/100\/1000 con detecci\u00f3n autom\u00e1tica &#8211; (4) Puertos SFP Gigabit Ethernet fijos<\/p>\n<p>Memoria y procesador: ARM9E a 800 MHz &#8211; Flash de 128 MB &#8211; Tama\u00f1o de b\u00fafer para paquetes: 1.5 MB asignados din\u00e1micamente &#8211; 256 MB de DIMM DDR3<\/p>\n<p>Latencia: Latencia de 100 Mb: < 7,4 \u00b5s - Latencia de 1000 Mb: < 2.3 \u00b5s \n\nVelocidad:hasta 41,6 Mpps \n\nCapacidad de Switching: 56 Gbps \n\nFunci\u00f3n PoE: 195 W\n\n<br \/>Capacidad de apilado: Virtual- 16 conmutadores<\/p>\n<p>Funciones de gesti\u00f3n:<\/p>\n<p>Gesti\u00f3n de redes Aruba Central y Aruba AirWave <\/p>\n<p>IMC: Intelligent Management Center<\/p>\n<p>Interfaz de l\u00ednea de comandos<\/p>\n<p>Navegador web<br \/>Men\u00fa de configuraci\u00f3n<br \/>gesti\u00f3n fuera de banda (RS-232C o Micro USB de serie)<\/p>\n<p>MIB IEEE 802.3 Ethernet<\/p>\n<p>MIB de repetidor<\/p>\n<p>Gesti\u00f3n de redes de interfaz MIB AirWave Ethernet<\/p>\n<p>Voltaje de entrada:<\/p>\n<p>100 &#8211; 127 \/ 200 &#8211; 240 VCA, valor nominal<\/p>\n<p>Consumo de energ\u00eda:<\/p>\n<p>48 vatios (m\u00e1ximo)<\/p>\n<p>Disipaci\u00f3n del calor:<\/p>\n<p>164 BTU\/h (1732,02 kJ\/h)<\/p>\n<p>Color: Negro <\/p>\n<p><\/p>\n<p><strong>Contenido Del Paquete<\/strong><\/p>\n<p><\/p>\n<p>Conmutador &#8211; Documentaci\u00f3n<\/p>\n","protected":false},"excerpt":{"rendered":"<p># DE PARTE:J9776A<\/p>\n","protected":false},"featured_media":3210,"template":"","meta":{"site-sidebar-layout":"default","site-content-layout":"","ast-site-content-layout":"default","site-content-style":"default","site-sidebar-style":"default","ast-global-header-display":"","ast-banner-title-visibility":"","ast-main-header-display":"","ast-hfb-above-header-display":"","ast-hfb-below-header-display":"","ast-hfb-mobile-header-display":"","site-post-title":"","ast-breadcrumbs-content":"","ast-featured-img":"","footer-sml-layout":"","ast-disable-related-posts":"","theme-transparent-header-meta":"","adv-header-id-meta":"","stick-header-meta":"","header-above-stick-meta":"","header-main-stick-meta":"","header-below-stick-meta":"","astra-migrate-meta-layouts":"default","ast-page-background-enabled":"default","ast-page-background-meta":{"desktop":{"background-color":"var(--ast-global-color-4)","background-image":"","background-repeat":"repeat","background-position":"center center","background-size":"auto","background-attachment":"scroll","background-type":"","background-media":"","overlay-type":"","overlay-color":"","overlay-opacity":"","overlay-gradient":""},"tablet":{"background-color":"","background-image":"","background-repeat":"repeat","background-position":"center center","background-size":"auto","background-attachment":"scroll","background-type":"","background-media":"","overlay-type":"","overlay-color":"","overlay-opacity":"","overlay-gradient":""},"mobile":{"background-color":"","background-image":"","background-repeat":"repeat","background-position":"center center","background-size":"auto","background-attachment":"scroll","background-type":"","background-media":"","overlay-type":"","overlay-color":"","overlay-opacity":"","overlay-gradient":""}},"ast-content-background-meta":{"desktop":{"background-color":"var(--ast-global-color-5)","background-image":"","background-repeat":"repeat","background-position":"center center","background-size":"auto","background-attachment":"scroll","background-type":"","background-media":"","overlay-type":"","overlay-color":"","overlay-opacity":"","overlay-gradient":""},"tablet":{"background-color":"var(--ast-global-color-5)","background-image":"","background-repeat":"repeat","background-position":"center center","background-size":"auto","background-attachment":"scroll","background-type":"","background-media":"","overlay-type":"","overlay-color":"","overlay-opacity":"","overlay-gradient":""},"mobile":{"background-color":"var(--ast-global-color-5)","background-image":"","background-repeat":"repeat","background-position":"center center","background-size":"auto","background-attachment":"scroll","background-type":"","background-media":"","overlay-type":"","overlay-color":"","overlay-opacity":"","overlay-gradient":""}}},"product_brand":[],"product_cat":[62,151],"product_tag":[43],"class_list":{"0":"post-3141","1":"product","2":"type-product","3":"status-publish","4":"has-post-thumbnail","6":"product_cat-redes","7":"product_cat-switch","8":"product_tag-hewlett-packard","9":"desktop-align-left","10":"tablet-align-left","11":"mobile-align-left","13":"first","14":"instock","15":"taxable","16":"shipping-taxable","17":"product-type-simple"},"yoast_head":"<!-- This site is optimized with the Yoast SEO plugin v27.4 - https:\/\/yoast.com\/product\/yoast-seo-wordpress\/ -->\n<title>Switch Hpe Aruba 2530 24G Negro - IntegralPro<\/title>\n<meta name=\"robots\" content=\"index, follow, max-snippet:-1, max-image-preview:large, max-video-preview:-1\" \/>\n<link rel=\"canonical\" href=\"https:\/\/www.integralpro.com.co\/index.php\/producto\/switch-hpe-aruba-2530-24g-negro\/\" \/>\n<meta property=\"og:locale\" content=\"es_ES\" \/>\n<meta property=\"og:type\" content=\"article\" \/>\n<meta property=\"og:title\" content=\"Switch Hpe Aruba 2530 24G Negro - IntegralPro\" \/>\n<meta property=\"og:description\" content=\"# DE PARTE:J9776A\" \/>\n<meta property=\"og:url\" content=\"https:\/\/www.integralpro.com.co\/index.php\/producto\/switch-hpe-aruba-2530-24g-negro\/\" \/>\n<meta property=\"og:site_name\" content=\"IntegralPro\" \/>\n<meta property=\"article:modified_time\" content=\"2021-02-19T20:03:41+00:00\" \/>\n<meta property=\"og:image\" content=\"https:\/\/www.integralpro.com.co\/wp-content\/uploads\/2021\/02\/aa46fc62dc299fa664358fcd938b6583.jpg\" \/>\n\t<meta property=\"og:image:width\" content=\"1000\" \/>\n\t<meta property=\"og:image:height\" content=\"1000\" \/>\n\t<meta property=\"og:image:type\" content=\"image\/jpeg\" \/>\n<meta name=\"twitter:card\" content=\"summary_large_image\" \/>\n<meta name=\"twitter:label1\" content=\"Tiempo de lectura\" \/>\n\t<meta name=\"twitter:data1\" content=\"2 minutos\" \/>\n<script type=\"application\/ld+json\" class=\"yoast-schema-graph\">{\"@context\":\"https:\\\/\\\/schema.org\",\"@graph\":[{\"@type\":\"WebPage\",\"@id\":\"https:\\\/\\\/www.integralpro.com.co\\\/index.php\\\/producto\\\/switch-hpe-aruba-2530-24g-negro\\\/\",\"url\":\"https:\\\/\\\/www.integralpro.com.co\\\/index.php\\\/producto\\\/switch-hpe-aruba-2530-24g-negro\\\/\",\"name\":\"Switch Hpe Aruba 2530 24G Negro - IntegralPro\",\"isPartOf\":{\"@id\":\"https:\\\/\\\/www.integralpro.com.co\\\/#website\"},\"primaryImageOfPage\":{\"@id\":\"https:\\\/\\\/www.integralpro.com.co\\\/index.php\\\/producto\\\/switch-hpe-aruba-2530-24g-negro\\\/#primaryimage\"},\"image\":{\"@id\":\"https:\\\/\\\/www.integralpro.com.co\\\/index.php\\\/producto\\\/switch-hpe-aruba-2530-24g-negro\\\/#primaryimage\"},\"thumbnailUrl\":\"https:\\\/\\\/www.integralpro.com.co\\\/wp-content\\\/uploads\\\/2021\\\/02\\\/aa46fc62dc299fa664358fcd938b6583.jpg\",\"datePublished\":\"2021-02-19T20:03:00+00:00\",\"dateModified\":\"2021-02-19T20:03:41+00:00\",\"breadcrumb\":{\"@id\":\"https:\\\/\\\/www.integralpro.com.co\\\/index.php\\\/producto\\\/switch-hpe-aruba-2530-24g-negro\\\/#breadcrumb\"},\"inLanguage\":\"es\",\"potentialAction\":[{\"@type\":\"ReadAction\",\"target\":[\"https:\\\/\\\/www.integralpro.com.co\\\/index.php\\\/producto\\\/switch-hpe-aruba-2530-24g-negro\\\/\"]}]},{\"@type\":\"ImageObject\",\"inLanguage\":\"es\",\"@id\":\"https:\\\/\\\/www.integralpro.com.co\\\/index.php\\\/producto\\\/switch-hpe-aruba-2530-24g-negro\\\/#primaryimage\",\"url\":\"https:\\\/\\\/www.integralpro.com.co\\\/wp-content\\\/uploads\\\/2021\\\/02\\\/aa46fc62dc299fa664358fcd938b6583.jpg\",\"contentUrl\":\"https:\\\/\\\/www.integralpro.com.co\\\/wp-content\\\/uploads\\\/2021\\\/02\\\/aa46fc62dc299fa664358fcd938b6583.jpg\",\"width\":1000,\"height\":1000},{\"@type\":\"BreadcrumbList\",\"@id\":\"https:\\\/\\\/www.integralpro.com.co\\\/index.php\\\/producto\\\/switch-hpe-aruba-2530-24g-negro\\\/#breadcrumb\",\"itemListElement\":[{\"@type\":\"ListItem\",\"position\":1,\"name\":\"Portada\",\"item\":\"https:\\\/\\\/www.integralpro.com.co\\\/\"},{\"@type\":\"ListItem\",\"position\":2,\"name\":\"Tienda\",\"item\":\"https:\\\/\\\/www.integralpro.com.co\\\/index.php\\\/tienda\\\/\"},{\"@type\":\"ListItem\",\"position\":3,\"name\":\"Switch Hpe Aruba 2530 24G Negro\"}]},{\"@type\":\"WebSite\",\"@id\":\"https:\\\/\\\/www.integralpro.com.co\\\/#website\",\"url\":\"https:\\\/\\\/www.integralpro.com.co\\\/\",\"name\":\"IntegralPro\",\"description\":\"Tienda de Tecnolog\u00eda en L\u00ednea\",\"publisher\":{\"@id\":\"https:\\\/\\\/www.integralpro.com.co\\\/#organization\"},\"potentialAction\":[{\"@type\":\"SearchAction\",\"target\":{\"@type\":\"EntryPoint\",\"urlTemplate\":\"https:\\\/\\\/www.integralpro.com.co\\\/?s={search_term_string}\"},\"query-input\":{\"@type\":\"PropertyValueSpecification\",\"valueRequired\":true,\"valueName\":\"search_term_string\"}}],\"inLanguage\":\"es\"},{\"@type\":\"Organization\",\"@id\":\"https:\\\/\\\/www.integralpro.com.co\\\/#organization\",\"name\":\"IntegralPro SAS\",\"url\":\"https:\\\/\\\/www.integralpro.com.co\\\/\",\"logo\":{\"@type\":\"ImageObject\",\"inLanguage\":\"es\",\"@id\":\"https:\\\/\\\/www.integralpro.com.co\\\/#\\\/schema\\\/logo\\\/image\\\/\",\"url\":\"https:\\\/\\\/www.integralpro.com.co\\\/wp-content\\\/uploads\\\/2021\\\/02\\\/logo-def.jpg\",\"contentUrl\":\"https:\\\/\\\/www.integralpro.com.co\\\/wp-content\\\/uploads\\\/2021\\\/02\\\/logo-def.jpg\",\"width\":238,\"height\":234,\"caption\":\"IntegralPro SAS\"},\"image\":{\"@id\":\"https:\\\/\\\/www.integralpro.com.co\\\/#\\\/schema\\\/logo\\\/image\\\/\"}}]}<\/script>\n<!-- \/ Yoast SEO plugin. -->","yoast_head_json":{"title":"Switch Hpe Aruba 2530 24G Negro - IntegralPro","robots":{"index":"index","follow":"follow","max-snippet":"max-snippet:-1","max-image-preview":"max-image-preview:large","max-video-preview":"max-video-preview:-1"},"canonical":"https:\/\/www.integralpro.com.co\/index.php\/producto\/switch-hpe-aruba-2530-24g-negro\/","og_locale":"es_ES","og_type":"article","og_title":"Switch Hpe Aruba 2530 24G Negro - IntegralPro","og_description":"# DE PARTE:J9776A","og_url":"https:\/\/www.integralpro.com.co\/index.php\/producto\/switch-hpe-aruba-2530-24g-negro\/","og_site_name":"IntegralPro","article_modified_time":"2021-02-19T20:03:41+00:00","og_image":[{"width":1000,"height":1000,"url":"https:\/\/www.integralpro.com.co\/wp-content\/uploads\/2021\/02\/aa46fc62dc299fa664358fcd938b6583.jpg","type":"image\/jpeg"}],"twitter_card":"summary_large_image","twitter_misc":{"Tiempo de lectura":"2 minutos"},"schema":{"@context":"https:\/\/schema.org","@graph":[{"@type":"WebPage","@id":"https:\/\/www.integralpro.com.co\/index.php\/producto\/switch-hpe-aruba-2530-24g-negro\/","url":"https:\/\/www.integralpro.com.co\/index.php\/producto\/switch-hpe-aruba-2530-24g-negro\/","name":"Switch Hpe Aruba 2530 24G Negro - IntegralPro","isPartOf":{"@id":"https:\/\/www.integralpro.com.co\/#website"},"primaryImageOfPage":{"@id":"https:\/\/www.integralpro.com.co\/index.php\/producto\/switch-hpe-aruba-2530-24g-negro\/#primaryimage"},"image":{"@id":"https:\/\/www.integralpro.com.co\/index.php\/producto\/switch-hpe-aruba-2530-24g-negro\/#primaryimage"},"thumbnailUrl":"https:\/\/www.integralpro.com.co\/wp-content\/uploads\/2021\/02\/aa46fc62dc299fa664358fcd938b6583.jpg","datePublished":"2021-02-19T20:03:00+00:00","dateModified":"2021-02-19T20:03:41+00:00","breadcrumb":{"@id":"https:\/\/www.integralpro.com.co\/index.php\/producto\/switch-hpe-aruba-2530-24g-negro\/#breadcrumb"},"inLanguage":"es","potentialAction":[{"@type":"ReadAction","target":["https:\/\/www.integralpro.com.co\/index.php\/producto\/switch-hpe-aruba-2530-24g-negro\/"]}]},{"@type":"ImageObject","inLanguage":"es","@id":"https:\/\/www.integralpro.com.co\/index.php\/producto\/switch-hpe-aruba-2530-24g-negro\/#primaryimage","url":"https:\/\/www.integralpro.com.co\/wp-content\/uploads\/2021\/02\/aa46fc62dc299fa664358fcd938b6583.jpg","contentUrl":"https:\/\/www.integralpro.com.co\/wp-content\/uploads\/2021\/02\/aa46fc62dc299fa664358fcd938b6583.jpg","width":1000,"height":1000},{"@type":"BreadcrumbList","@id":"https:\/\/www.integralpro.com.co\/index.php\/producto\/switch-hpe-aruba-2530-24g-negro\/#breadcrumb","itemListElement":[{"@type":"ListItem","position":1,"name":"Portada","item":"https:\/\/www.integralpro.com.co\/"},{"@type":"ListItem","position":2,"name":"Tienda","item":"https:\/\/www.integralpro.com.co\/index.php\/tienda\/"},{"@type":"ListItem","position":3,"name":"Switch Hpe Aruba 2530 24G Negro"}]},{"@type":"WebSite","@id":"https:\/\/www.integralpro.com.co\/#website","url":"https:\/\/www.integralpro.com.co\/","name":"IntegralPro","description":"Tienda de Tecnolog\u00eda en L\u00ednea","publisher":{"@id":"https:\/\/www.integralpro.com.co\/#organization"},"potentialAction":[{"@type":"SearchAction","target":{"@type":"EntryPoint","urlTemplate":"https:\/\/www.integralpro.com.co\/?s={search_term_string}"},"query-input":{"@type":"PropertyValueSpecification","valueRequired":true,"valueName":"search_term_string"}}],"inLanguage":"es"},{"@type":"Organization","@id":"https:\/\/www.integralpro.com.co\/#organization","name":"IntegralPro SAS","url":"https:\/\/www.integralpro.com.co\/","logo":{"@type":"ImageObject","inLanguage":"es","@id":"https:\/\/www.integralpro.com.co\/#\/schema\/logo\/image\/","url":"https:\/\/www.integralpro.com.co\/wp-content\/uploads\/2021\/02\/logo-def.jpg","contentUrl":"https:\/\/www.integralpro.com.co\/wp-content\/uploads\/2021\/02\/logo-def.jpg","width":238,"height":234,"caption":"IntegralPro SAS"},"image":{"@id":"https:\/\/www.integralpro.com.co\/#\/schema\/logo\/image\/"}}]}},"_links":{"self":[{"href":"https:\/\/www.integralpro.com.co\/index.php\/wp-json\/wp\/v2\/product\/3141","targetHints":{"allow":["GET"]}}],"collection":[{"href":"https:\/\/www.integralpro.com.co\/index.php\/wp-json\/wp\/v2\/product"}],"about":[{"href":"https:\/\/www.integralpro.com.co\/index.php\/wp-json\/wp\/v2\/types\/product"}],"version-history":[{"count":1,"href":"https:\/\/www.integralpro.com.co\/index.php\/wp-json\/wp\/v2\/product\/3141\/revisions"}],"predecessor-version":[{"id":3211,"href":"https:\/\/www.integralpro.com.co\/index.php\/wp-json\/wp\/v2\/product\/3141\/revisions\/3211"}],"wp:featuredmedia":[{"embeddable":true,"href":"https:\/\/www.integralpro.com.co\/index.php\/wp-json\/wp\/v2\/media\/3210"}],"wp:attachment":[{"href":"https:\/\/www.integralpro.com.co\/index.php\/wp-json\/wp\/v2\/media?parent=3141"}],"wp:term":[{"taxonomy":"product_brand","embeddable":true,"href":"https:\/\/www.integralpro.com.co\/index.php\/wp-json\/wp\/v2\/product_brand?post=3141"},{"taxonomy":"product_cat","embeddable":true,"href":"https:\/\/www.integralpro.com.co\/index.php\/wp-json\/wp\/v2\/product_cat?post=3141"},{"taxonomy":"product_tag","embeddable":true,"href":"https:\/\/www.integralpro.com.co\/index.php\/wp-json\/wp\/v2\/product_tag?post=3141"}],"curies":[{"name":"wp","href":"https:\/\/api.w.org\/{rel}","templated":true}]}}