{"id":3139,"date":"2021-02-19T15:03:00","date_gmt":"2021-02-19T20:03:00","guid":{"rendered":"https:\/\/www.integralpro.com.co\/index.php\/producto\/import-placeholder-for-1512\/"},"modified":"2021-02-19T15:03:38","modified_gmt":"2021-02-19T20:03:38","slug":"impresora-multifuncional-hp-m227fdw-lasetjet-pro-blanco","status":"publish","type":"product","link":"https:\/\/www.integralpro.com.co\/index.php\/producto\/impresora-multifuncional-hp-m227fdw-lasetjet-pro-blanco\/","title":{"rendered":"Impresora Multifuncional Hp M227Fdw Lasetjet Pro Blanco"},"content":{"rendered":"<p>Obtenga m\u00e1s p\u00e1ginas, rendimiento y protecci\u00f3n de una impresora multifunci\u00f3n HP LaserJet Pro y cartuchos de t\u00f3ner JetIntelligence. Establezca un ritmo m\u00e1s r\u00e1pido para su empresa: gestione con facilidad para ayudar a maximizar la eficiencia, e imprima documentos en dos caras, adem\u00e1s de escaneo, copia y <br \/>fax.<\/p>\n<p><\/p>\n<p><strong>Caracter\u00edsticas<\/strong><\/p>\n<p><\/p>\n<p>Ahorre energ\u00eda sin bajar el ritmo. Esta impresora multifunci\u00f3n <br \/>HP LaserJet Pro eficiente y silenciosa ofrece impresi\u00f3n, escaneo, copiado y fax <br \/>con rapidez y bajos costos de energ\u00eda, para que ahorre tiempo y recursos. La <br \/>impresi\u00f3n m\u00f3vil es m\u00e1s sencilla que nunca con HP. Imprima en pocos pasos desde <br \/>una amplia gama de dispositivos m\u00f3viles: tel\u00e9fonos inteligentes, tablets y <br \/>notebooks. Administre f\u00e1cilmente los dispositivos y las configuraciones para <br \/>imprimir de forma m\u00e1s eficiente y segura. Vea lo que se imprime en la oficina y <br \/>supervise el estado de los consumibles y otras opciones con HP Web Jetadmin.<\/p>\n<p><\/p>\n<p><strong>Especificaciones T\u00e9cnicas<\/strong><\/p>\n<p><\/p>\n<p>Dimensiones: 41 x 41 x 32 cm<\/p>\n<p>Peso: 9,4 kg <\/p>\n<p>Calidad de impresi\u00f3n en negro: (\u00f3ptima)<br \/>Hasta 1200 x 1200 ppp <\/p>\n<p>Tecnolog\u00eda de resoluci\u00f3n:<br \/>Hp fastres 1200, hp prores 1200<\/p>\n<p>Ciclo de trabajo: (mensual, a4) Hasta 30.000 p\u00e1ginas&nbsp; <\/p>\n<p>Volumen de p\u00e1ginas mensuales recomendado: 250 a 2500&nbsp; <\/p>\n<p>Velocidad del procesador:800 mhz <\/p>\n<p>Lenguajes de impresi\u00f3n:<br \/>Pcl5c; pcl6; ps; pclm; pdf; urf; pwg <\/p>\n<p>Monitor: Led <\/p>\n<p>Cartuchos de sustituci\u00f3n:<br \/>Cartucho original de t\u00f3ner hp laserjet 30a negro cf230a (~1600 p\u00e1ginas), cartucho original de t\u00f3ner hp laserjet 30x negro cf230x (~3500 p\u00e1ginas), tambor de creaci\u00f3n de im\u00e1genes original hp laserjet <br \/>32a cf232a (~23.000 p\u00e1ginas)&nbsp; <\/p>\n<p>Capacidad hp eprint:<br \/>S\u00ed<\/p>\n<p>Capacidad de impresi\u00f3n m\u00f3vil:<br \/>Hp eprint; impresi\u00f3n wi-fi direct; airprint 1.5 con sensor de presencia de soportes; google cloud print\u2122 2.0; aplicaci\u00f3n hp smart&nbsp;<\/p>\n<p>Capacidad inal\u00e1mbrica:<br \/>S\u00ed, wi-fi 802.11b\/g\/n integrada<\/p>\n<p>Conectividad, est\u00e1ndar:<br \/>1 usb 2.0 de alta velocidad; 1 red ethernet 10\/100; conexi\u00f3n inal\u00e1mbrica<\/p>\n<p>Preparado para red:<br \/>Est\u00e1ndar (ethernet, wi-fi 802.11b\/g\/n incorporados<\/p>\n<p>Memoria est\u00e1ndar:<br \/>256 mb <\/p>\n<p>Memoria m\u00e1xima:<br \/>256 mb <\/p>\n<p>Salida de manejo de papel est\u00e1ndar:<br \/>Bandeja de salida de 150 hojas<\/p>\n<p>Entrada de manejo de papel est\u00e1ndar:<br \/>Bandeja de entrada 250 hojas, bandeja prioritaria de 10 hojas<\/p>\n<p>Capacidad de salida m\u00e1xima (hojas):<br \/>Hasta 150 hojas<\/p>\n<p>Impresi\u00f3n a doble cara:<br \/>Autom\u00e1tica (est\u00e1ndar)<\/p>\n<p>Tama\u00f1os de soportes de impresi\u00f3n admitidos:<br \/>A4; a5; b5 (jis); a6<\/p>\n<p>Tama\u00f1os de soportes personalizado:<br \/>De 76 x 127 a 216 x 356 mm<\/p>\n<p>Tipos de soportes:<br \/>Papel (l\u00e1ser, com\u00fan, fotogr\u00e1fico, rugoso, vitela), sobres, etiquetas, cartulina, postales<\/p>\n<p>Peso de soporte admitido:<br \/>De 60 a 163 g\/m\u00b2<\/p>\n<p>Alimentaci\u00f3n:<br \/>Voltaje de entrada de 110 v: 110 a 127 vca (+\/-10 %), 60 hz\/50 hz, 5,4 a<\/p>\n<p>Consumo de energ\u00eda:<br \/>475 vatios (impresi\u00f3n activa), 4,5 vatios (lista), 1,0 vatios (suspensi\u00f3n); 0,8&nbsp; vatios (apagado autom\u00e1tico\/despertar en usb, <br \/>se activa al momento de realizar el env\u00edo) <\/p>\n<p>Color: Blanco <\/p>\n<p><\/p>\n<p><strong>Contenido Del Paquete<\/strong><\/p>\n<p><\/p>\n<p>Impresora &#8211; Cartucho de inicio de t\u00f3ner negro &#8211; Tambor de im\u00e1genes HP LaserJet <br \/>para~23 000 p\u00e1ginas &#8211;&nbsp; Cable de alimentaci\u00f3n &#8211; Cable USB &#8211; Documentaci\u00f3n<\/p>\n","protected":false},"excerpt":{"rendered":"<p># DE PARTE:G3Q75A#BGJ<\/p>\n","protected":false},"featured_media":3206,"template":"","meta":{"site-sidebar-layout":"default","site-content-layout":"","ast-site-content-layout":"default","site-content-style":"default","site-sidebar-style":"default","ast-global-header-display":"","ast-banner-title-visibility":"","ast-main-header-display":"","ast-hfb-above-header-display":"","ast-hfb-below-header-display":"","ast-hfb-mobile-header-display":"","site-post-title":"","ast-breadcrumbs-content":"","ast-featured-img":"","footer-sml-layout":"","ast-disable-related-posts":"","theme-transparent-header-meta":"","adv-header-id-meta":"","stick-header-meta":"","header-above-stick-meta":"","header-main-stick-meta":"","header-below-stick-meta":"","astra-migrate-meta-layouts":"default","ast-page-background-enabled":"default","ast-page-background-meta":{"desktop":{"background-color":"var(--ast-global-color-4)","background-image":"","background-repeat":"repeat","background-position":"center center","background-size":"auto","background-attachment":"scroll","background-type":"","background-media":"","overlay-type":"","overlay-color":"","overlay-opacity":"","overlay-gradient":""},"tablet":{"background-color":"","background-image":"","background-repeat":"repeat","background-position":"center center","background-size":"auto","background-attachment":"scroll","background-type":"","background-media":"","overlay-type":"","overlay-color":"","overlay-opacity":"","overlay-gradient":""},"mobile":{"background-color":"","background-image":"","background-repeat":"repeat","background-position":"center center","background-size":"auto","background-attachment":"scroll","background-type":"","background-media":"","overlay-type":"","overlay-color":"","overlay-opacity":"","overlay-gradient":""}},"ast-content-background-meta":{"desktop":{"background-color":"var(--ast-global-color-5)","background-image":"","background-repeat":"repeat","background-position":"center center","background-size":"auto","background-attachment":"scroll","background-type":"","background-media":"","overlay-type":"","overlay-color":"","overlay-opacity":"","overlay-gradient":""},"tablet":{"background-color":"var(--ast-global-color-5)","background-image":"","background-repeat":"repeat","background-position":"center center","background-size":"auto","background-attachment":"scroll","background-type":"","background-media":"","overlay-type":"","overlay-color":"","overlay-opacity":"","overlay-gradient":""},"mobile":{"background-color":"var(--ast-global-color-5)","background-image":"","background-repeat":"repeat","background-position":"center center","background-size":"auto","background-attachment":"scroll","background-type":"","background-media":"","overlay-type":"","overlay-color":"","overlay-opacity":"","overlay-gradient":""}}},"product_brand":[],"product_cat":[57],"product_tag":[43],"class_list":{"0":"post-3139","1":"product","2":"type-product","3":"status-publish","4":"has-post-thumbnail","6":"product_cat-impresoras-y-suministros","7":"product_tag-hewlett-packard","8":"desktop-align-left","9":"tablet-align-left","10":"mobile-align-left","12":"first","13":"instock","14":"taxable","15":"shipping-taxable","16":"product-type-simple"},"yoast_head":"<!-- This site is optimized with the Yoast SEO plugin v27.4 - https:\/\/yoast.com\/product\/yoast-seo-wordpress\/ -->\n<title>Impresora Multifuncional Hp M227Fdw Lasetjet Pro Blanco - IntegralPro<\/title>\n<meta name=\"robots\" content=\"index, follow, max-snippet:-1, max-image-preview:large, max-video-preview:-1\" \/>\n<link rel=\"canonical\" href=\"https:\/\/www.integralpro.com.co\/index.php\/producto\/impresora-multifuncional-hp-m227fdw-lasetjet-pro-blanco\/\" \/>\n<meta property=\"og:locale\" content=\"es_ES\" \/>\n<meta property=\"og:type\" content=\"article\" \/>\n<meta property=\"og:title\" content=\"Impresora Multifuncional Hp M227Fdw Lasetjet Pro Blanco - IntegralPro\" \/>\n<meta property=\"og:description\" content=\"# DE PARTE:G3Q75A#BGJ\" \/>\n<meta property=\"og:url\" content=\"https:\/\/www.integralpro.com.co\/index.php\/producto\/impresora-multifuncional-hp-m227fdw-lasetjet-pro-blanco\/\" \/>\n<meta property=\"og:site_name\" content=\"IntegralPro\" \/>\n<meta property=\"article:modified_time\" content=\"2021-02-19T20:03:38+00:00\" \/>\n<meta property=\"og:image\" content=\"https:\/\/www.integralpro.com.co\/wp-content\/uploads\/2021\/02\/4dda20a3c1ff74752a456c8f370065b9.jpg\" \/>\n\t<meta property=\"og:image:width\" content=\"1000\" \/>\n\t<meta property=\"og:image:height\" content=\"1000\" \/>\n\t<meta property=\"og:image:type\" content=\"image\/jpeg\" \/>\n<meta name=\"twitter:card\" content=\"summary_large_image\" \/>\n<meta name=\"twitter:label1\" content=\"Tiempo de lectura\" \/>\n\t<meta name=\"twitter:data1\" content=\"3 minutos\" \/>\n<script type=\"application\/ld+json\" class=\"yoast-schema-graph\">{\"@context\":\"https:\\\/\\\/schema.org\",\"@graph\":[{\"@type\":\"WebPage\",\"@id\":\"https:\\\/\\\/www.integralpro.com.co\\\/index.php\\\/producto\\\/impresora-multifuncional-hp-m227fdw-lasetjet-pro-blanco\\\/\",\"url\":\"https:\\\/\\\/www.integralpro.com.co\\\/index.php\\\/producto\\\/impresora-multifuncional-hp-m227fdw-lasetjet-pro-blanco\\\/\",\"name\":\"Impresora Multifuncional Hp M227Fdw Lasetjet Pro Blanco - IntegralPro\",\"isPartOf\":{\"@id\":\"https:\\\/\\\/www.integralpro.com.co\\\/#website\"},\"primaryImageOfPage\":{\"@id\":\"https:\\\/\\\/www.integralpro.com.co\\\/index.php\\\/producto\\\/impresora-multifuncional-hp-m227fdw-lasetjet-pro-blanco\\\/#primaryimage\"},\"image\":{\"@id\":\"https:\\\/\\\/www.integralpro.com.co\\\/index.php\\\/producto\\\/impresora-multifuncional-hp-m227fdw-lasetjet-pro-blanco\\\/#primaryimage\"},\"thumbnailUrl\":\"https:\\\/\\\/www.integralpro.com.co\\\/wp-content\\\/uploads\\\/2021\\\/02\\\/4dda20a3c1ff74752a456c8f370065b9.jpg\",\"datePublished\":\"2021-02-19T20:03:00+00:00\",\"dateModified\":\"2021-02-19T20:03:38+00:00\",\"breadcrumb\":{\"@id\":\"https:\\\/\\\/www.integralpro.com.co\\\/index.php\\\/producto\\\/impresora-multifuncional-hp-m227fdw-lasetjet-pro-blanco\\\/#breadcrumb\"},\"inLanguage\":\"es\",\"potentialAction\":[{\"@type\":\"ReadAction\",\"target\":[\"https:\\\/\\\/www.integralpro.com.co\\\/index.php\\\/producto\\\/impresora-multifuncional-hp-m227fdw-lasetjet-pro-blanco\\\/\"]}]},{\"@type\":\"ImageObject\",\"inLanguage\":\"es\",\"@id\":\"https:\\\/\\\/www.integralpro.com.co\\\/index.php\\\/producto\\\/impresora-multifuncional-hp-m227fdw-lasetjet-pro-blanco\\\/#primaryimage\",\"url\":\"https:\\\/\\\/www.integralpro.com.co\\\/wp-content\\\/uploads\\\/2021\\\/02\\\/4dda20a3c1ff74752a456c8f370065b9.jpg\",\"contentUrl\":\"https:\\\/\\\/www.integralpro.com.co\\\/wp-content\\\/uploads\\\/2021\\\/02\\\/4dda20a3c1ff74752a456c8f370065b9.jpg\",\"width\":1000,\"height\":1000},{\"@type\":\"BreadcrumbList\",\"@id\":\"https:\\\/\\\/www.integralpro.com.co\\\/index.php\\\/producto\\\/impresora-multifuncional-hp-m227fdw-lasetjet-pro-blanco\\\/#breadcrumb\",\"itemListElement\":[{\"@type\":\"ListItem\",\"position\":1,\"name\":\"Portada\",\"item\":\"https:\\\/\\\/www.integralpro.com.co\\\/\"},{\"@type\":\"ListItem\",\"position\":2,\"name\":\"Tienda\",\"item\":\"https:\\\/\\\/www.integralpro.com.co\\\/index.php\\\/tienda\\\/\"},{\"@type\":\"ListItem\",\"position\":3,\"name\":\"Impresora Multifuncional Hp M227Fdw Lasetjet Pro Blanco\"}]},{\"@type\":\"WebSite\",\"@id\":\"https:\\\/\\\/www.integralpro.com.co\\\/#website\",\"url\":\"https:\\\/\\\/www.integralpro.com.co\\\/\",\"name\":\"IntegralPro\",\"description\":\"Tienda de Tecnolog\u00eda en L\u00ednea\",\"publisher\":{\"@id\":\"https:\\\/\\\/www.integralpro.com.co\\\/#organization\"},\"potentialAction\":[{\"@type\":\"SearchAction\",\"target\":{\"@type\":\"EntryPoint\",\"urlTemplate\":\"https:\\\/\\\/www.integralpro.com.co\\\/?s={search_term_string}\"},\"query-input\":{\"@type\":\"PropertyValueSpecification\",\"valueRequired\":true,\"valueName\":\"search_term_string\"}}],\"inLanguage\":\"es\"},{\"@type\":\"Organization\",\"@id\":\"https:\\\/\\\/www.integralpro.com.co\\\/#organization\",\"name\":\"IntegralPro SAS\",\"url\":\"https:\\\/\\\/www.integralpro.com.co\\\/\",\"logo\":{\"@type\":\"ImageObject\",\"inLanguage\":\"es\",\"@id\":\"https:\\\/\\\/www.integralpro.com.co\\\/#\\\/schema\\\/logo\\\/image\\\/\",\"url\":\"https:\\\/\\\/www.integralpro.com.co\\\/wp-content\\\/uploads\\\/2021\\\/02\\\/logo-def.jpg\",\"contentUrl\":\"https:\\\/\\\/www.integralpro.com.co\\\/wp-content\\\/uploads\\\/2021\\\/02\\\/logo-def.jpg\",\"width\":238,\"height\":234,\"caption\":\"IntegralPro SAS\"},\"image\":{\"@id\":\"https:\\\/\\\/www.integralpro.com.co\\\/#\\\/schema\\\/logo\\\/image\\\/\"}}]}<\/script>\n<!-- \/ Yoast SEO plugin. -->","yoast_head_json":{"title":"Impresora Multifuncional Hp M227Fdw Lasetjet Pro Blanco - IntegralPro","robots":{"index":"index","follow":"follow","max-snippet":"max-snippet:-1","max-image-preview":"max-image-preview:large","max-video-preview":"max-video-preview:-1"},"canonical":"https:\/\/www.integralpro.com.co\/index.php\/producto\/impresora-multifuncional-hp-m227fdw-lasetjet-pro-blanco\/","og_locale":"es_ES","og_type":"article","og_title":"Impresora Multifuncional Hp M227Fdw Lasetjet Pro Blanco - IntegralPro","og_description":"# DE PARTE:G3Q75A#BGJ","og_url":"https:\/\/www.integralpro.com.co\/index.php\/producto\/impresora-multifuncional-hp-m227fdw-lasetjet-pro-blanco\/","og_site_name":"IntegralPro","article_modified_time":"2021-02-19T20:03:38+00:00","og_image":[{"width":1000,"height":1000,"url":"https:\/\/www.integralpro.com.co\/wp-content\/uploads\/2021\/02\/4dda20a3c1ff74752a456c8f370065b9.jpg","type":"image\/jpeg"}],"twitter_card":"summary_large_image","twitter_misc":{"Tiempo de lectura":"3 minutos"},"schema":{"@context":"https:\/\/schema.org","@graph":[{"@type":"WebPage","@id":"https:\/\/www.integralpro.com.co\/index.php\/producto\/impresora-multifuncional-hp-m227fdw-lasetjet-pro-blanco\/","url":"https:\/\/www.integralpro.com.co\/index.php\/producto\/impresora-multifuncional-hp-m227fdw-lasetjet-pro-blanco\/","name":"Impresora Multifuncional Hp M227Fdw Lasetjet Pro Blanco - IntegralPro","isPartOf":{"@id":"https:\/\/www.integralpro.com.co\/#website"},"primaryImageOfPage":{"@id":"https:\/\/www.integralpro.com.co\/index.php\/producto\/impresora-multifuncional-hp-m227fdw-lasetjet-pro-blanco\/#primaryimage"},"image":{"@id":"https:\/\/www.integralpro.com.co\/index.php\/producto\/impresora-multifuncional-hp-m227fdw-lasetjet-pro-blanco\/#primaryimage"},"thumbnailUrl":"https:\/\/www.integralpro.com.co\/wp-content\/uploads\/2021\/02\/4dda20a3c1ff74752a456c8f370065b9.jpg","datePublished":"2021-02-19T20:03:00+00:00","dateModified":"2021-02-19T20:03:38+00:00","breadcrumb":{"@id":"https:\/\/www.integralpro.com.co\/index.php\/producto\/impresora-multifuncional-hp-m227fdw-lasetjet-pro-blanco\/#breadcrumb"},"inLanguage":"es","potentialAction":[{"@type":"ReadAction","target":["https:\/\/www.integralpro.com.co\/index.php\/producto\/impresora-multifuncional-hp-m227fdw-lasetjet-pro-blanco\/"]}]},{"@type":"ImageObject","inLanguage":"es","@id":"https:\/\/www.integralpro.com.co\/index.php\/producto\/impresora-multifuncional-hp-m227fdw-lasetjet-pro-blanco\/#primaryimage","url":"https:\/\/www.integralpro.com.co\/wp-content\/uploads\/2021\/02\/4dda20a3c1ff74752a456c8f370065b9.jpg","contentUrl":"https:\/\/www.integralpro.com.co\/wp-content\/uploads\/2021\/02\/4dda20a3c1ff74752a456c8f370065b9.jpg","width":1000,"height":1000},{"@type":"BreadcrumbList","@id":"https:\/\/www.integralpro.com.co\/index.php\/producto\/impresora-multifuncional-hp-m227fdw-lasetjet-pro-blanco\/#breadcrumb","itemListElement":[{"@type":"ListItem","position":1,"name":"Portada","item":"https:\/\/www.integralpro.com.co\/"},{"@type":"ListItem","position":2,"name":"Tienda","item":"https:\/\/www.integralpro.com.co\/index.php\/tienda\/"},{"@type":"ListItem","position":3,"name":"Impresora Multifuncional Hp M227Fdw Lasetjet Pro Blanco"}]},{"@type":"WebSite","@id":"https:\/\/www.integralpro.com.co\/#website","url":"https:\/\/www.integralpro.com.co\/","name":"IntegralPro","description":"Tienda de Tecnolog\u00eda en L\u00ednea","publisher":{"@id":"https:\/\/www.integralpro.com.co\/#organization"},"potentialAction":[{"@type":"SearchAction","target":{"@type":"EntryPoint","urlTemplate":"https:\/\/www.integralpro.com.co\/?s={search_term_string}"},"query-input":{"@type":"PropertyValueSpecification","valueRequired":true,"valueName":"search_term_string"}}],"inLanguage":"es"},{"@type":"Organization","@id":"https:\/\/www.integralpro.com.co\/#organization","name":"IntegralPro SAS","url":"https:\/\/www.integralpro.com.co\/","logo":{"@type":"ImageObject","inLanguage":"es","@id":"https:\/\/www.integralpro.com.co\/#\/schema\/logo\/image\/","url":"https:\/\/www.integralpro.com.co\/wp-content\/uploads\/2021\/02\/logo-def.jpg","contentUrl":"https:\/\/www.integralpro.com.co\/wp-content\/uploads\/2021\/02\/logo-def.jpg","width":238,"height":234,"caption":"IntegralPro SAS"},"image":{"@id":"https:\/\/www.integralpro.com.co\/#\/schema\/logo\/image\/"}}]}},"_links":{"self":[{"href":"https:\/\/www.integralpro.com.co\/index.php\/wp-json\/wp\/v2\/product\/3139","targetHints":{"allow":["GET"]}}],"collection":[{"href":"https:\/\/www.integralpro.com.co\/index.php\/wp-json\/wp\/v2\/product"}],"about":[{"href":"https:\/\/www.integralpro.com.co\/index.php\/wp-json\/wp\/v2\/types\/product"}],"version-history":[{"count":1,"href":"https:\/\/www.integralpro.com.co\/index.php\/wp-json\/wp\/v2\/product\/3139\/revisions"}],"predecessor-version":[{"id":3207,"href":"https:\/\/www.integralpro.com.co\/index.php\/wp-json\/wp\/v2\/product\/3139\/revisions\/3207"}],"wp:featuredmedia":[{"embeddable":true,"href":"https:\/\/www.integralpro.com.co\/index.php\/wp-json\/wp\/v2\/media\/3206"}],"wp:attachment":[{"href":"https:\/\/www.integralpro.com.co\/index.php\/wp-json\/wp\/v2\/media?parent=3139"}],"wp:term":[{"taxonomy":"product_brand","embeddable":true,"href":"https:\/\/www.integralpro.com.co\/index.php\/wp-json\/wp\/v2\/product_brand?post=3139"},{"taxonomy":"product_cat","embeddable":true,"href":"https:\/\/www.integralpro.com.co\/index.php\/wp-json\/wp\/v2\/product_cat?post=3139"},{"taxonomy":"product_tag","embeddable":true,"href":"https:\/\/www.integralpro.com.co\/index.php\/wp-json\/wp\/v2\/product_tag?post=3139"}],"curies":[{"name":"wp","href":"https:\/\/api.w.org\/{rel}","templated":true}]}}