{"id":3101,"date":"2021-02-19T15:02:37","date_gmt":"2021-02-19T20:02:37","guid":{"rendered":"https:\/\/www.integralpro.com.co\/index.php\/producto\/import-placeholder-for-1500\/"},"modified":"2021-02-19T15:03:17","modified_gmt":"2021-02-19T20:03:17","slug":"mouse-inalambrico-logitech-m187-nano-receptor-negro","status":"publish","type":"product","link":"https:\/\/www.integralpro.com.co\/index.php\/producto\/mouse-inalambrico-logitech-m187-nano-receptor-negro\/","title":{"rendered":"Mouse Inalambrico Logitech M187 Nano Receptor Negro"},"content":{"rendered":"<p>Mouse Inal\u00e1mbrico Ultra port\u00e1til M187 de LOGITECH, dise\u00f1o <br \/>port\u00e1til extra peque\u00f1o.<\/p>\n<p><\/p>\n<p><strong>Inal\u00e1mbrico ultra port\u00e1til<\/strong><\/p>\n<p><\/p>\n<p>Mouse inal\u00e1mbrico ultraport\u00e1til Logitech M187. Ll\u00e9valo siempre <br \/>con la laptop gracias a su dise\u00f1o extrapeque\u00f1o, que permite guardarlo en el <br \/>bolsillo. Adem\u00e1s, es f\u00e1cil de instalar. Basta con conectar el nano receptor para <br \/>empezar a usar el mouse. Disfrutar\u00e1s de la libertad de un dispositivo <br \/>inal\u00e1mbrico con m\u00e1s precisi\u00f3n y control que con el touchpad de la laptop.<\/p>\n<p><\/p>\n<p><strong>Tama\u00f1o extra peque\u00f1o<\/strong><\/p>\n<p><\/p>\n<p>Puedes llevar el mini mouse a cualquier parte junto con la <br \/>laptop, gracias a su dise\u00f1o extra-peque\u00f1o para llevar en el bolsillo.<\/p>\n<p><\/p>\n<p><strong>Conexi\u00f3n inal\u00e1mbrica confiable<\/strong><\/p>\n<p><\/p>\n<p>Desp\u00eddete de los cables y disfruta de la libertad y de la <br \/>pr\u00e1ctica transmisi\u00f3n de datos inal\u00e1mbricos sin apenas retrasos ni <br \/>interferencias.(hasta 10 metros).<\/p>\n<p><\/p>\n<p><strong>Min\u00fasculo Nano Receptor<\/strong><\/p>\n<p><\/p>\n<p>El nano receptor es tan peque\u00f1o que permanece en el puerto <br \/>USB, sin preocupaciones por p\u00e9rdidas o roturas. Y si necesitas retirarlo, se <br \/>guarda dentro del mouse.<\/p>\n<p><\/p>\n<p><strong>Confiabilidad de LOGITECH <\/strong><\/p>\n<p><\/p>\n<p>Obtendr\u00e1s la calidad y confiabilidad que han hecho de Logitech <br \/>el l\u00edder mundial en mouse, con tres a\u00f1os de garant\u00eda de hardware limitada.<\/p>\n<p><\/p>\n<p><strong>Funciona en todos los sistemas operativos<\/strong><\/p>\n<p><\/p>\n<p>El mouse funciona con Windows, Mac, Chrome y Linux. No <br \/>importa la computadora que tengas ahora, o la que compres en el futuro&#8230; puedes <br \/>tener la seguridad de que el mouse funcionar\u00e1 como esperas.<\/p>\n<p><\/p>\n<p><strong>Especificaciones T\u00e9cnicas<\/strong><\/p>\n<p><\/p>\n<p>Dimensiones: 5 x 3 x 8 cm<\/p>\n<p>Peso: 51gr<\/p>\n<p>Tecnolog\u00eda de sensor: Seguimiento \u00f3ptico avanzado <\/p>\n<p>Resoluci\u00f3n de sensor: 1000 <\/p>\n<p>N\u00famero de botones: 3 <\/p>\n<p>Bot\u00f3n rueda (S\u00ed\/No): S\u00ed <\/p>\n<p>Duraci\u00f3n de bater\u00edas: (duraci\u00f3n de bater\u00edas de hasta 6 meses) <\/p>\n<p>Tipo de bater\u00edas: 1 bater\u00eda AAA<\/p>\n<p>Distancia de funcionamiento inal\u00e1mbrico: Aproximadamente 10 m <\/p>\n<p>Tecnolog\u00eda inal\u00e1mbrica: Conexi\u00f3n inal\u00e1mbrica avanzada de 2,4 GHz <\/p>\n<p>Interfaz: Receptor USB<\/p>\n<p>Color Negro<\/p>\n<p><\/p>\n<p><strong>Contenido Del Paquete<\/strong><\/p>\n<p><\/p>\n<p>Mouse &#8211; Nano Receptor USB &#8211; Documentaci\u00f3n<\/p>\n","protected":false},"excerpt":{"rendered":"<p># DE PARTE:910-005459<\/p>\n","protected":false},"featured_media":3168,"template":"","meta":{"site-sidebar-layout":"default","site-content-layout":"","ast-site-content-layout":"default","site-content-style":"default","site-sidebar-style":"default","ast-global-header-display":"","ast-banner-title-visibility":"","ast-main-header-display":"","ast-hfb-above-header-display":"","ast-hfb-below-header-display":"","ast-hfb-mobile-header-display":"","site-post-title":"","ast-breadcrumbs-content":"","ast-featured-img":"","footer-sml-layout":"","ast-disable-related-posts":"","theme-transparent-header-meta":"","adv-header-id-meta":"","stick-header-meta":"","header-above-stick-meta":"","header-main-stick-meta":"","header-below-stick-meta":"","astra-migrate-meta-layouts":"default","ast-page-background-enabled":"default","ast-page-background-meta":{"desktop":{"background-color":"var(--ast-global-color-4)","background-image":"","background-repeat":"repeat","background-position":"center center","background-size":"auto","background-attachment":"scroll","background-type":"","background-media":"","overlay-type":"","overlay-color":"","overlay-opacity":"","overlay-gradient":""},"tablet":{"background-color":"","background-image":"","background-repeat":"repeat","background-position":"center center","background-size":"auto","background-attachment":"scroll","background-type":"","background-media":"","overlay-type":"","overlay-color":"","overlay-opacity":"","overlay-gradient":""},"mobile":{"background-color":"","background-image":"","background-repeat":"repeat","background-position":"center center","background-size":"auto","background-attachment":"scroll","background-type":"","background-media":"","overlay-type":"","overlay-color":"","overlay-opacity":"","overlay-gradient":""}},"ast-content-background-meta":{"desktop":{"background-color":"var(--ast-global-color-5)","background-image":"","background-repeat":"repeat","background-position":"center center","background-size":"auto","background-attachment":"scroll","background-type":"","background-media":"","overlay-type":"","overlay-color":"","overlay-opacity":"","overlay-gradient":""},"tablet":{"background-color":"var(--ast-global-color-5)","background-image":"","background-repeat":"repeat","background-position":"center center","background-size":"auto","background-attachment":"scroll","background-type":"","background-media":"","overlay-type":"","overlay-color":"","overlay-opacity":"","overlay-gradient":""},"mobile":{"background-color":"var(--ast-global-color-5)","background-image":"","background-repeat":"repeat","background-position":"center center","background-size":"auto","background-attachment":"scroll","background-type":"","background-media":"","overlay-type":"","overlay-color":"","overlay-opacity":"","overlay-gradient":""}}},"product_brand":[],"product_cat":[49,79],"product_tag":[46],"class_list":{"0":"post-3101","1":"product","2":"type-product","3":"status-publish","4":"has-post-thumbnail","6":"product_cat-accesorios","7":"product_cat-mouse","8":"product_tag-logitech","9":"desktop-align-left","10":"tablet-align-left","11":"mobile-align-left","13":"first","14":"instock","15":"taxable","16":"shipping-taxable","17":"product-type-simple"},"yoast_head":"<!-- This site is optimized with the Yoast SEO plugin v27.4 - https:\/\/yoast.com\/product\/yoast-seo-wordpress\/ -->\n<title>Mouse Inalambrico Logitech M187 Nano Receptor Negro - IntegralPro<\/title>\n<meta name=\"robots\" content=\"index, follow, max-snippet:-1, max-image-preview:large, max-video-preview:-1\" \/>\n<link rel=\"canonical\" href=\"https:\/\/www.integralpro.com.co\/index.php\/producto\/mouse-inalambrico-logitech-m187-nano-receptor-negro\/\" \/>\n<meta property=\"og:locale\" content=\"es_ES\" \/>\n<meta property=\"og:type\" content=\"article\" \/>\n<meta property=\"og:title\" content=\"Mouse Inalambrico Logitech M187 Nano Receptor Negro - IntegralPro\" \/>\n<meta property=\"og:description\" content=\"# DE PARTE:910-005459\" \/>\n<meta property=\"og:url\" content=\"https:\/\/www.integralpro.com.co\/index.php\/producto\/mouse-inalambrico-logitech-m187-nano-receptor-negro\/\" \/>\n<meta property=\"og:site_name\" content=\"IntegralPro\" \/>\n<meta property=\"article:modified_time\" content=\"2021-02-19T20:03:17+00:00\" \/>\n<meta property=\"og:image\" content=\"https:\/\/www.integralpro.com.co\/wp-content\/uploads\/2021\/02\/f99107a75d103b547cba4b41e32d5bee.jpg\" \/>\n\t<meta property=\"og:image:width\" content=\"800\" \/>\n\t<meta property=\"og:image:height\" content=\"800\" \/>\n\t<meta property=\"og:image:type\" content=\"image\/jpeg\" \/>\n<meta name=\"twitter:card\" content=\"summary_large_image\" \/>\n<meta name=\"twitter:label1\" content=\"Tiempo de lectura\" \/>\n\t<meta name=\"twitter:data1\" content=\"2 minutos\" \/>\n<script type=\"application\/ld+json\" class=\"yoast-schema-graph\">{\"@context\":\"https:\\\/\\\/schema.org\",\"@graph\":[{\"@type\":\"WebPage\",\"@id\":\"https:\\\/\\\/www.integralpro.com.co\\\/index.php\\\/producto\\\/mouse-inalambrico-logitech-m187-nano-receptor-negro\\\/\",\"url\":\"https:\\\/\\\/www.integralpro.com.co\\\/index.php\\\/producto\\\/mouse-inalambrico-logitech-m187-nano-receptor-negro\\\/\",\"name\":\"Mouse Inalambrico Logitech M187 Nano Receptor Negro - IntegralPro\",\"isPartOf\":{\"@id\":\"https:\\\/\\\/www.integralpro.com.co\\\/#website\"},\"primaryImageOfPage\":{\"@id\":\"https:\\\/\\\/www.integralpro.com.co\\\/index.php\\\/producto\\\/mouse-inalambrico-logitech-m187-nano-receptor-negro\\\/#primaryimage\"},\"image\":{\"@id\":\"https:\\\/\\\/www.integralpro.com.co\\\/index.php\\\/producto\\\/mouse-inalambrico-logitech-m187-nano-receptor-negro\\\/#primaryimage\"},\"thumbnailUrl\":\"https:\\\/\\\/www.integralpro.com.co\\\/wp-content\\\/uploads\\\/2021\\\/02\\\/f99107a75d103b547cba4b41e32d5bee.jpg\",\"datePublished\":\"2021-02-19T20:02:37+00:00\",\"dateModified\":\"2021-02-19T20:03:17+00:00\",\"breadcrumb\":{\"@id\":\"https:\\\/\\\/www.integralpro.com.co\\\/index.php\\\/producto\\\/mouse-inalambrico-logitech-m187-nano-receptor-negro\\\/#breadcrumb\"},\"inLanguage\":\"es\",\"potentialAction\":[{\"@type\":\"ReadAction\",\"target\":[\"https:\\\/\\\/www.integralpro.com.co\\\/index.php\\\/producto\\\/mouse-inalambrico-logitech-m187-nano-receptor-negro\\\/\"]}]},{\"@type\":\"ImageObject\",\"inLanguage\":\"es\",\"@id\":\"https:\\\/\\\/www.integralpro.com.co\\\/index.php\\\/producto\\\/mouse-inalambrico-logitech-m187-nano-receptor-negro\\\/#primaryimage\",\"url\":\"https:\\\/\\\/www.integralpro.com.co\\\/wp-content\\\/uploads\\\/2021\\\/02\\\/f99107a75d103b547cba4b41e32d5bee.jpg\",\"contentUrl\":\"https:\\\/\\\/www.integralpro.com.co\\\/wp-content\\\/uploads\\\/2021\\\/02\\\/f99107a75d103b547cba4b41e32d5bee.jpg\",\"width\":800,\"height\":800},{\"@type\":\"BreadcrumbList\",\"@id\":\"https:\\\/\\\/www.integralpro.com.co\\\/index.php\\\/producto\\\/mouse-inalambrico-logitech-m187-nano-receptor-negro\\\/#breadcrumb\",\"itemListElement\":[{\"@type\":\"ListItem\",\"position\":1,\"name\":\"Portada\",\"item\":\"https:\\\/\\\/www.integralpro.com.co\\\/\"},{\"@type\":\"ListItem\",\"position\":2,\"name\":\"Tienda\",\"item\":\"https:\\\/\\\/www.integralpro.com.co\\\/index.php\\\/tienda\\\/\"},{\"@type\":\"ListItem\",\"position\":3,\"name\":\"Mouse Inalambrico Logitech M187 Nano Receptor Negro\"}]},{\"@type\":\"WebSite\",\"@id\":\"https:\\\/\\\/www.integralpro.com.co\\\/#website\",\"url\":\"https:\\\/\\\/www.integralpro.com.co\\\/\",\"name\":\"IntegralPro\",\"description\":\"Tienda de Tecnolog\u00eda en L\u00ednea\",\"publisher\":{\"@id\":\"https:\\\/\\\/www.integralpro.com.co\\\/#organization\"},\"potentialAction\":[{\"@type\":\"SearchAction\",\"target\":{\"@type\":\"EntryPoint\",\"urlTemplate\":\"https:\\\/\\\/www.integralpro.com.co\\\/?s={search_term_string}\"},\"query-input\":{\"@type\":\"PropertyValueSpecification\",\"valueRequired\":true,\"valueName\":\"search_term_string\"}}],\"inLanguage\":\"es\"},{\"@type\":\"Organization\",\"@id\":\"https:\\\/\\\/www.integralpro.com.co\\\/#organization\",\"name\":\"IntegralPro SAS\",\"url\":\"https:\\\/\\\/www.integralpro.com.co\\\/\",\"logo\":{\"@type\":\"ImageObject\",\"inLanguage\":\"es\",\"@id\":\"https:\\\/\\\/www.integralpro.com.co\\\/#\\\/schema\\\/logo\\\/image\\\/\",\"url\":\"https:\\\/\\\/www.integralpro.com.co\\\/wp-content\\\/uploads\\\/2021\\\/02\\\/logo-def.jpg\",\"contentUrl\":\"https:\\\/\\\/www.integralpro.com.co\\\/wp-content\\\/uploads\\\/2021\\\/02\\\/logo-def.jpg\",\"width\":238,\"height\":234,\"caption\":\"IntegralPro SAS\"},\"image\":{\"@id\":\"https:\\\/\\\/www.integralpro.com.co\\\/#\\\/schema\\\/logo\\\/image\\\/\"}}]}<\/script>\n<!-- \/ Yoast SEO plugin. -->","yoast_head_json":{"title":"Mouse Inalambrico Logitech M187 Nano Receptor Negro - IntegralPro","robots":{"index":"index","follow":"follow","max-snippet":"max-snippet:-1","max-image-preview":"max-image-preview:large","max-video-preview":"max-video-preview:-1"},"canonical":"https:\/\/www.integralpro.com.co\/index.php\/producto\/mouse-inalambrico-logitech-m187-nano-receptor-negro\/","og_locale":"es_ES","og_type":"article","og_title":"Mouse Inalambrico Logitech M187 Nano Receptor Negro - IntegralPro","og_description":"# DE PARTE:910-005459","og_url":"https:\/\/www.integralpro.com.co\/index.php\/producto\/mouse-inalambrico-logitech-m187-nano-receptor-negro\/","og_site_name":"IntegralPro","article_modified_time":"2021-02-19T20:03:17+00:00","og_image":[{"width":800,"height":800,"url":"https:\/\/www.integralpro.com.co\/wp-content\/uploads\/2021\/02\/f99107a75d103b547cba4b41e32d5bee.jpg","type":"image\/jpeg"}],"twitter_card":"summary_large_image","twitter_misc":{"Tiempo de lectura":"2 minutos"},"schema":{"@context":"https:\/\/schema.org","@graph":[{"@type":"WebPage","@id":"https:\/\/www.integralpro.com.co\/index.php\/producto\/mouse-inalambrico-logitech-m187-nano-receptor-negro\/","url":"https:\/\/www.integralpro.com.co\/index.php\/producto\/mouse-inalambrico-logitech-m187-nano-receptor-negro\/","name":"Mouse Inalambrico Logitech M187 Nano Receptor Negro - IntegralPro","isPartOf":{"@id":"https:\/\/www.integralpro.com.co\/#website"},"primaryImageOfPage":{"@id":"https:\/\/www.integralpro.com.co\/index.php\/producto\/mouse-inalambrico-logitech-m187-nano-receptor-negro\/#primaryimage"},"image":{"@id":"https:\/\/www.integralpro.com.co\/index.php\/producto\/mouse-inalambrico-logitech-m187-nano-receptor-negro\/#primaryimage"},"thumbnailUrl":"https:\/\/www.integralpro.com.co\/wp-content\/uploads\/2021\/02\/f99107a75d103b547cba4b41e32d5bee.jpg","datePublished":"2021-02-19T20:02:37+00:00","dateModified":"2021-02-19T20:03:17+00:00","breadcrumb":{"@id":"https:\/\/www.integralpro.com.co\/index.php\/producto\/mouse-inalambrico-logitech-m187-nano-receptor-negro\/#breadcrumb"},"inLanguage":"es","potentialAction":[{"@type":"ReadAction","target":["https:\/\/www.integralpro.com.co\/index.php\/producto\/mouse-inalambrico-logitech-m187-nano-receptor-negro\/"]}]},{"@type":"ImageObject","inLanguage":"es","@id":"https:\/\/www.integralpro.com.co\/index.php\/producto\/mouse-inalambrico-logitech-m187-nano-receptor-negro\/#primaryimage","url":"https:\/\/www.integralpro.com.co\/wp-content\/uploads\/2021\/02\/f99107a75d103b547cba4b41e32d5bee.jpg","contentUrl":"https:\/\/www.integralpro.com.co\/wp-content\/uploads\/2021\/02\/f99107a75d103b547cba4b41e32d5bee.jpg","width":800,"height":800},{"@type":"BreadcrumbList","@id":"https:\/\/www.integralpro.com.co\/index.php\/producto\/mouse-inalambrico-logitech-m187-nano-receptor-negro\/#breadcrumb","itemListElement":[{"@type":"ListItem","position":1,"name":"Portada","item":"https:\/\/www.integralpro.com.co\/"},{"@type":"ListItem","position":2,"name":"Tienda","item":"https:\/\/www.integralpro.com.co\/index.php\/tienda\/"},{"@type":"ListItem","position":3,"name":"Mouse Inalambrico Logitech M187 Nano Receptor Negro"}]},{"@type":"WebSite","@id":"https:\/\/www.integralpro.com.co\/#website","url":"https:\/\/www.integralpro.com.co\/","name":"IntegralPro","description":"Tienda de Tecnolog\u00eda en L\u00ednea","publisher":{"@id":"https:\/\/www.integralpro.com.co\/#organization"},"potentialAction":[{"@type":"SearchAction","target":{"@type":"EntryPoint","urlTemplate":"https:\/\/www.integralpro.com.co\/?s={search_term_string}"},"query-input":{"@type":"PropertyValueSpecification","valueRequired":true,"valueName":"search_term_string"}}],"inLanguage":"es"},{"@type":"Organization","@id":"https:\/\/www.integralpro.com.co\/#organization","name":"IntegralPro SAS","url":"https:\/\/www.integralpro.com.co\/","logo":{"@type":"ImageObject","inLanguage":"es","@id":"https:\/\/www.integralpro.com.co\/#\/schema\/logo\/image\/","url":"https:\/\/www.integralpro.com.co\/wp-content\/uploads\/2021\/02\/logo-def.jpg","contentUrl":"https:\/\/www.integralpro.com.co\/wp-content\/uploads\/2021\/02\/logo-def.jpg","width":238,"height":234,"caption":"IntegralPro SAS"},"image":{"@id":"https:\/\/www.integralpro.com.co\/#\/schema\/logo\/image\/"}}]}},"_links":{"self":[{"href":"https:\/\/www.integralpro.com.co\/index.php\/wp-json\/wp\/v2\/product\/3101","targetHints":{"allow":["GET"]}}],"collection":[{"href":"https:\/\/www.integralpro.com.co\/index.php\/wp-json\/wp\/v2\/product"}],"about":[{"href":"https:\/\/www.integralpro.com.co\/index.php\/wp-json\/wp\/v2\/types\/product"}],"version-history":[{"count":1,"href":"https:\/\/www.integralpro.com.co\/index.php\/wp-json\/wp\/v2\/product\/3101\/revisions"}],"predecessor-version":[{"id":3169,"href":"https:\/\/www.integralpro.com.co\/index.php\/wp-json\/wp\/v2\/product\/3101\/revisions\/3169"}],"wp:featuredmedia":[{"embeddable":true,"href":"https:\/\/www.integralpro.com.co\/index.php\/wp-json\/wp\/v2\/media\/3168"}],"wp:attachment":[{"href":"https:\/\/www.integralpro.com.co\/index.php\/wp-json\/wp\/v2\/media?parent=3101"}],"wp:term":[{"taxonomy":"product_brand","embeddable":true,"href":"https:\/\/www.integralpro.com.co\/index.php\/wp-json\/wp\/v2\/product_brand?post=3101"},{"taxonomy":"product_cat","embeddable":true,"href":"https:\/\/www.integralpro.com.co\/index.php\/wp-json\/wp\/v2\/product_cat?post=3101"},{"taxonomy":"product_tag","embeddable":true,"href":"https:\/\/www.integralpro.com.co\/index.php\/wp-json\/wp\/v2\/product_tag?post=3101"}],"curies":[{"name":"wp","href":"https:\/\/api.w.org\/{rel}","templated":true}]}}