{"id":3100,"date":"2021-02-19T15:02:37","date_gmt":"2021-02-19T20:02:37","guid":{"rendered":"https:\/\/www.integralpro.com.co\/index.php\/producto\/import-placeholder-for-1499\/"},"modified":"2021-02-19T15:03:16","modified_gmt":"2021-02-19T20:03:16","slug":"escaner-alaris-s2060w-600dpi-pantalla-tactil-lcd-3-5-pulg","status":"publish","type":"product","link":"https:\/\/www.integralpro.com.co\/index.php\/producto\/escaner-alaris-s2060w-600dpi-pantalla-tactil-lcd-3-5-pulg\/","title":{"rendered":"Escaner Alaris S2060W 600Dpi Pantalla Tactil Lcd 3.5 Pulg"},"content":{"rendered":"<p>Esc\u00e1ner S2060w de ALARIS. Capture la informaci\u00f3n en el punto <br \/>de entrada. El esc\u00e1ner Alaris S2060w est\u00e1 equipado con capacidades de red que <br \/>permiten a sus empleados capturar la informaci\u00f3n que necesitan con una calidad <br \/>de imagen y precisi\u00f3n de datos superiores. Se trata de la soluci\u00f3n de <br \/>digitalizaci\u00f3n de sobremesa id\u00f3nea, que facilita el uso compartido por varios <br \/>usuarios para compartir la informaci\u00f3n e integrarla en su empresa de la forma <br \/>m\u00e1s r\u00e1pida. La pantalla t\u00e1ctil f\u00e1cil de usar ofrece un acceso r\u00e1pido para 20 <br \/>trabajos y los controladores est\u00e1ndar TWAIN e ISIS garantizan la integraci\u00f3n con <br \/>los sistemas de gesti\u00f3n de documentos profesionales ya instalados.<\/p>\n<p><\/p>\n<p><strong>Pantalla del usuario intuitiva<\/strong><\/p>\n<p><\/p>\n<p>Comience con mayor rapidez y mantenga la productividad con <br \/>caracter\u00edsticas f\u00e1ciles de usar. Instale la configuraci\u00f3n preestablecida en <br \/>segundos con la caracter\u00edstica galardonada Easy Setup. Las pantallas intuitivas <br \/>a color facilitan y aceleran la digitalizaci\u00f3n. Guarde un m\u00e1ximo de 20 <br \/>configuraciones y destinos para los trabajos con la digitalizaci\u00f3n de un solo <br \/>toque.<\/p>\n<p><\/p>\n<p><strong>Tecnolog\u00eda de Alimentaci\u00f3n Activa<\/strong><\/p>\n<p><\/p>\n<p>Contin\u00fae trabajando sin preocuparse por los atascos gracias a <br \/>un recorrido del papel creado para una confiabilidad excepcional. La <br \/>Alimentaci\u00f3n Activa hace avanzar gradualmente las p\u00e1ginas de manera autom\u00e1tica <br \/>para evitar la omisi\u00f3n de hojas. Mantenga el m\u00e1ximo tiempo de actividad con la <br \/>manipulaci\u00f3n de papel SurePath. El apilamiento de salida controlada coloca de <br \/>manera ordenada las p\u00e1ginas en la bandeja de salida<\/p>\n<p><\/p>\n<p><strong>Conectividad Wi-Fi y Ethernet<\/strong><\/p>\n<p><\/p>\n<p>Coloque el esc\u00e1ner donde lo necesite, con o sin la necesidad <br \/>de un cable USB. La conectividad Wi-Fi y Ethernet le permite conectar el esc\u00e1ner <br \/>a la red de su oficina para satisfacer todas las necesidades de su empresa. <br \/>Protege las digitalizaciones en la red a trav\u00e9s de los est\u00e1ndares de cifrado <br \/>HTTPS, WPA Enterprise y TLS.<\/p>\n<p><\/p>\n<p><strong>Procesamiento de im\u00e1genes integrado<\/strong><\/p>\n<p><\/p>\n<p>Ahorre dinero en todos los pasos del proceso de digitalizaci\u00f3n <br \/>con una innovaci\u00f3n que reduce los costos fijos. El Procesamiento de Im\u00e1genes <br \/>Integrado proporciona im\u00e1genes n\u00edtidas de alta calidad a velocidad m\u00e1xima sin <br \/>depender de un equipo de gran potencia. Las caracter\u00edsticas inteligentes ayudan <br \/>a reducir las tareas manuales anteriores y posteriores a la digitalizaci\u00f3n.<\/p>\n<p><\/p>\n<p><strong>Reconocimiento \u00f3ptico de caracteres<\/strong><\/p>\n<p><\/p>\n<p>Obtenga la informaci\u00f3n correcta desde la primera vez con tasas <br \/>de lectura de reconocimiento \u00f3ptico de caracteres un 10 % m\u00e1s precisas que las <br \/>de los dispositivos de la competencia. La tecnolog\u00eda Perfect Page ofrece una <br \/>calidad de imagen superior con m\u00e1s de 30 mejoras autom\u00e1ticas para una extracci\u00f3n <br \/>m\u00e1s exacta de la informaci\u00f3n.<\/p>\n<p><\/p>\n<p><strong>Integraci\u00f3n directa en los procesos empresariales<\/strong><\/p>\n<p><\/p>\n<p>Lleve la informaci\u00f3n exactamente adonde debe ir y en el <br \/>formato correcto. Sus documentos pueden ir a cualquier lugar donde los necesite: <br \/>carpetas locales o en la red, FTP, destinos en la nube como SharePoint u otros <br \/>sistemas ECM. El software de captura avanzada y nuestros socios pueden ayudarlo <br \/>a extraer datos de documentos e integrarlos directamente en los procesos del <br \/>negocio.<\/p>\n<p><\/p>\n<p><strong>Listos para pasaportes o documentos delicados peque\u00f1os<\/strong><\/p>\n<p><\/p>\n<p>La serie S2000 est\u00e1 dise\u00f1ada para \u2018acoplarse\u2019 sobre el <br \/>accesorio de Cama Plana para Pasaportes Alaris, que ofrece una soluci\u00f3n r\u00e1pida y <br \/>sencilla para digitalizar pasaportes, tarjetas de identificaci\u00f3n y otros <br \/>documentos peque\u00f1os y fr\u00e1giles. No tendr\u00e1 que utilizar otro cable de <br \/>alimentaci\u00f3n ni otro puerto USB en el equipo host. Gracias a la integraci\u00f3n <br \/>optimizada con TWAIN y el controlador ISIS, no resulta necesario utilizar varios <br \/>controladores para el esc\u00e1ner.<\/p>\n<p><strong>Para cualquier <br \/>entorno empresarial<\/strong><\/p>\n<p><\/p>\n<p>Se integra sencillamente con aplicaciones empresariales <br \/>existentes mediante controladores est\u00e1ndar. O bien, use la API web RESTful para <br \/>integrar su aplicaci\u00f3n empresarial directamente con el esc\u00e1ner sin necesidad de <br \/>un controlador.<\/p>\n<p><\/p>\n<p><strong>Especificaciones T\u00e9cnicas<\/strong><\/p>\n<p><\/p>\n<p>Dimensiones: 31 x 26 x 23 cm<\/p>\n<p>Peso: 3.3kg<\/p>\n<p>Procesador: Procesadores integrados de dos n\u00facleos Cortex A15 (1,5 GHz) con <br \/>procesadores de imagen dobles DSP (750 MHz) con m\u00faltiples sub procesadores <br \/>Cortex M4 <\/p>\n<p>Pantalla t\u00e1ctil LCD a color de 89 mm (3,5 pulg.) <\/p>\n<p>Resoluci\u00f3n \u00f3ptica 600 dpi<\/p>\n<p>Iluminaci\u00f3n LED dobles RGB <\/p>\n<p>Conectividad USB 3.1 GEN1, red inal\u00e1mbrica 802.11 b\/g\/n y Ethernet 10\/100 <br \/>Seguridad de WLAN, WEP de 64\/128 bits, WPA-PSK, WPA2-PSK, MSCHAPv2, EAP-TLS<\/p>\n<p>Resoluci\u00f3n de salida 75\/100\/150\/200\/240\/250\/300\/400\/500\/600\/1200 dpi<\/p>\n<p>Tama\u00f1o de documento m\u00e1x.\/m\u00edn.** 216 mm \u00d7 356 mm (8,5 pulg. \u00d7 14 pulg.)\/52 mm \u00d7 <br \/>52 mm (2,08 pulg. \u00d7 2,05 pulg.) <\/p>\n<p>Modo de documentos largos: 216 mm \u00d7 3.000 mm (8,5 pulg. \u00d7 118 pulg.) <\/p>\n<p>Grosor y peso del papel27\u2013433 g\/m\u00b2 (cartulina de 7,2\u2013160 lb) <\/p>\n<p>Grosor de las tarjetas de identificaci\u00f3n: hasta 1,4 mm (0,55 pulg.)<\/p>\n<p>Alimentador Hasta 80 hojas de papel de 80 g\/m2 (20 lb)<\/p>\n<p>Software compatible Software est\u00e1ndar: Software incluido con WINDOWS: <br \/>Controladores TWAIN, ISIS y WIA Alaris Smart Touch Alaris Capture Pro Software <br \/>Limited Edition (a trav\u00e9s de descarga por Internet) <\/p>\n<p>Software opcional: Alaris Info Input Solution Alaris Capture Pro Software (solo <br \/>para Windows) Asset Management Software<\/p>\n<p>Requisitos el\u00e9ctricos 100-240 V (internacional), 50-60 Hz <\/p>\n<p>Consumo de energ\u00eda: Apagado: < 0,5 vatios; en suspensi\u00f3n: < 3,0 vatios; en <br \/>funcionamiento: <36 vatios<\/p>\n<p><\/p>\n<p><strong>Contenido Del Paquete<\/strong><\/p>\n<p><\/p>\n<p>Esc\u00e1ner &#8211; Cable de Alimentaci\u00f3n &#8211; Documentaci\u00f3n<\/p>\n","protected":false},"excerpt":{"rendered":"<p># DE PARTE:1015114<\/p>\n","protected":false},"featured_media":3166,"template":"","meta":{"site-sidebar-layout":"default","site-content-layout":"","ast-site-content-layout":"default","site-content-style":"default","site-sidebar-style":"default","ast-global-header-display":"","ast-banner-title-visibility":"","ast-main-header-display":"","ast-hfb-above-header-display":"","ast-hfb-below-header-display":"","ast-hfb-mobile-header-display":"","site-post-title":"","ast-breadcrumbs-content":"","ast-featured-img":"","footer-sml-layout":"","ast-disable-related-posts":"","theme-transparent-header-meta":"","adv-header-id-meta":"","stick-header-meta":"","header-above-stick-meta":"","header-main-stick-meta":"","header-below-stick-meta":"","astra-migrate-meta-layouts":"default","ast-page-background-enabled":"default","ast-page-background-meta":{"desktop":{"background-color":"var(--ast-global-color-4)","background-image":"","background-repeat":"repeat","background-position":"center center","background-size":"auto","background-attachment":"scroll","background-type":"","background-media":"","overlay-type":"","overlay-color":"","overlay-opacity":"","overlay-gradient":""},"tablet":{"background-color":"","background-image":"","background-repeat":"repeat","background-position":"center center","background-size":"auto","background-attachment":"scroll","background-type":"","background-media":"","overlay-type":"","overlay-color":"","overlay-opacity":"","overlay-gradient":""},"mobile":{"background-color":"","background-image":"","background-repeat":"repeat","background-position":"center center","background-size":"auto","background-attachment":"scroll","background-type":"","background-media":"","overlay-type":"","overlay-color":"","overlay-opacity":"","overlay-gradient":""}},"ast-content-background-meta":{"desktop":{"background-color":"var(--ast-global-color-5)","background-image":"","background-repeat":"repeat","background-position":"center center","background-size":"auto","background-attachment":"scroll","background-type":"","background-media":"","overlay-type":"","overlay-color":"","overlay-opacity":"","overlay-gradient":""},"tablet":{"background-color":"var(--ast-global-color-5)","background-image":"","background-repeat":"repeat","background-position":"center center","background-size":"auto","background-attachment":"scroll","background-type":"","background-media":"","overlay-type":"","overlay-color":"","overlay-opacity":"","overlay-gradient":""},"mobile":{"background-color":"var(--ast-global-color-5)","background-image":"","background-repeat":"repeat","background-position":"center center","background-size":"auto","background-attachment":"scroll","background-type":"","background-media":"","overlay-type":"","overlay-color":"","overlay-opacity":"","overlay-gradient":""}}},"product_brand":[],"product_cat":[56,125],"product_tag":[464],"class_list":{"0":"post-3100","1":"product","2":"type-product","3":"status-publish","4":"has-post-thumbnail","6":"product_cat-escaneres","7":"product_cat-escaneres-de-escritorio","8":"product_tag-kodak","9":"desktop-align-left","10":"tablet-align-left","11":"mobile-align-left","13":"first","14":"instock","15":"taxable","16":"shipping-taxable","17":"product-type-simple"},"yoast_head":"<!-- This site is optimized with the Yoast SEO plugin v27.5 - https:\/\/yoast.com\/product\/yoast-seo-wordpress\/ -->\n<title>Escaner Alaris S2060W 600Dpi Pantalla Tactil Lcd 3.5 Pulg - IntegralPro<\/title>\n<meta name=\"robots\" content=\"index, follow, max-snippet:-1, max-image-preview:large, max-video-preview:-1\" \/>\n<link rel=\"canonical\" href=\"https:\/\/www.integralpro.com.co\/index.php\/producto\/escaner-alaris-s2060w-600dpi-pantalla-tactil-lcd-3-5-pulg\/\" \/>\n<meta property=\"og:locale\" content=\"es_ES\" \/>\n<meta property=\"og:type\" content=\"article\" \/>\n<meta property=\"og:title\" content=\"Escaner Alaris S2060W 600Dpi Pantalla Tactil Lcd 3.5 Pulg - IntegralPro\" \/>\n<meta property=\"og:description\" content=\"# DE PARTE:1015114\" \/>\n<meta property=\"og:url\" content=\"https:\/\/www.integralpro.com.co\/index.php\/producto\/escaner-alaris-s2060w-600dpi-pantalla-tactil-lcd-3-5-pulg\/\" \/>\n<meta property=\"og:site_name\" content=\"IntegralPro\" \/>\n<meta property=\"article:modified_time\" content=\"2021-02-19T20:03:16+00:00\" \/>\n<meta property=\"og:image\" content=\"https:\/\/www.integralpro.com.co\/wp-content\/uploads\/2021\/02\/db6bf89f4d236c539dc9bb747995561e.jpg\" \/>\n\t<meta property=\"og:image:width\" content=\"800\" \/>\n\t<meta property=\"og:image:height\" content=\"800\" \/>\n\t<meta property=\"og:image:type\" content=\"image\/jpeg\" \/>\n<meta name=\"twitter:card\" content=\"summary_large_image\" \/>\n<meta name=\"twitter:label1\" content=\"Tiempo de lectura\" \/>\n\t<meta name=\"twitter:data1\" content=\"4 minutos\" \/>\n<script type=\"application\/ld+json\" class=\"yoast-schema-graph\">{\"@context\":\"https:\\\/\\\/schema.org\",\"@graph\":[{\"@type\":\"WebPage\",\"@id\":\"https:\\\/\\\/www.integralpro.com.co\\\/index.php\\\/producto\\\/escaner-alaris-s2060w-600dpi-pantalla-tactil-lcd-3-5-pulg\\\/\",\"url\":\"https:\\\/\\\/www.integralpro.com.co\\\/index.php\\\/producto\\\/escaner-alaris-s2060w-600dpi-pantalla-tactil-lcd-3-5-pulg\\\/\",\"name\":\"Escaner Alaris S2060W 600Dpi Pantalla Tactil Lcd 3.5 Pulg - IntegralPro\",\"isPartOf\":{\"@id\":\"https:\\\/\\\/www.integralpro.com.co\\\/#website\"},\"primaryImageOfPage\":{\"@id\":\"https:\\\/\\\/www.integralpro.com.co\\\/index.php\\\/producto\\\/escaner-alaris-s2060w-600dpi-pantalla-tactil-lcd-3-5-pulg\\\/#primaryimage\"},\"image\":{\"@id\":\"https:\\\/\\\/www.integralpro.com.co\\\/index.php\\\/producto\\\/escaner-alaris-s2060w-600dpi-pantalla-tactil-lcd-3-5-pulg\\\/#primaryimage\"},\"thumbnailUrl\":\"https:\\\/\\\/www.integralpro.com.co\\\/wp-content\\\/uploads\\\/2021\\\/02\\\/db6bf89f4d236c539dc9bb747995561e.jpg\",\"datePublished\":\"2021-02-19T20:02:37+00:00\",\"dateModified\":\"2021-02-19T20:03:16+00:00\",\"breadcrumb\":{\"@id\":\"https:\\\/\\\/www.integralpro.com.co\\\/index.php\\\/producto\\\/escaner-alaris-s2060w-600dpi-pantalla-tactil-lcd-3-5-pulg\\\/#breadcrumb\"},\"inLanguage\":\"es\",\"potentialAction\":[{\"@type\":\"ReadAction\",\"target\":[\"https:\\\/\\\/www.integralpro.com.co\\\/index.php\\\/producto\\\/escaner-alaris-s2060w-600dpi-pantalla-tactil-lcd-3-5-pulg\\\/\"]}]},{\"@type\":\"ImageObject\",\"inLanguage\":\"es\",\"@id\":\"https:\\\/\\\/www.integralpro.com.co\\\/index.php\\\/producto\\\/escaner-alaris-s2060w-600dpi-pantalla-tactil-lcd-3-5-pulg\\\/#primaryimage\",\"url\":\"https:\\\/\\\/www.integralpro.com.co\\\/wp-content\\\/uploads\\\/2021\\\/02\\\/db6bf89f4d236c539dc9bb747995561e.jpg\",\"contentUrl\":\"https:\\\/\\\/www.integralpro.com.co\\\/wp-content\\\/uploads\\\/2021\\\/02\\\/db6bf89f4d236c539dc9bb747995561e.jpg\",\"width\":800,\"height\":800},{\"@type\":\"BreadcrumbList\",\"@id\":\"https:\\\/\\\/www.integralpro.com.co\\\/index.php\\\/producto\\\/escaner-alaris-s2060w-600dpi-pantalla-tactil-lcd-3-5-pulg\\\/#breadcrumb\",\"itemListElement\":[{\"@type\":\"ListItem\",\"position\":1,\"name\":\"Portada\",\"item\":\"https:\\\/\\\/www.integralpro.com.co\\\/\"},{\"@type\":\"ListItem\",\"position\":2,\"name\":\"Tienda\",\"item\":\"https:\\\/\\\/www.integralpro.com.co\\\/index.php\\\/tienda\\\/\"},{\"@type\":\"ListItem\",\"position\":3,\"name\":\"Escaner Alaris S2060W 600Dpi Pantalla Tactil Lcd 3.5 Pulg\"}]},{\"@type\":\"WebSite\",\"@id\":\"https:\\\/\\\/www.integralpro.com.co\\\/#website\",\"url\":\"https:\\\/\\\/www.integralpro.com.co\\\/\",\"name\":\"IntegralPro\",\"description\":\"Tienda de Tecnolog\u00eda en L\u00ednea\",\"publisher\":{\"@id\":\"https:\\\/\\\/www.integralpro.com.co\\\/#organization\"},\"potentialAction\":[{\"@type\":\"SearchAction\",\"target\":{\"@type\":\"EntryPoint\",\"urlTemplate\":\"https:\\\/\\\/www.integralpro.com.co\\\/?s={search_term_string}\"},\"query-input\":{\"@type\":\"PropertyValueSpecification\",\"valueRequired\":true,\"valueName\":\"search_term_string\"}}],\"inLanguage\":\"es\"},{\"@type\":\"Organization\",\"@id\":\"https:\\\/\\\/www.integralpro.com.co\\\/#organization\",\"name\":\"IntegralPro SAS\",\"url\":\"https:\\\/\\\/www.integralpro.com.co\\\/\",\"logo\":{\"@type\":\"ImageObject\",\"inLanguage\":\"es\",\"@id\":\"https:\\\/\\\/www.integralpro.com.co\\\/#\\\/schema\\\/logo\\\/image\\\/\",\"url\":\"https:\\\/\\\/www.integralpro.com.co\\\/wp-content\\\/uploads\\\/2021\\\/02\\\/logo-def.jpg\",\"contentUrl\":\"https:\\\/\\\/www.integralpro.com.co\\\/wp-content\\\/uploads\\\/2021\\\/02\\\/logo-def.jpg\",\"width\":238,\"height\":234,\"caption\":\"IntegralPro SAS\"},\"image\":{\"@id\":\"https:\\\/\\\/www.integralpro.com.co\\\/#\\\/schema\\\/logo\\\/image\\\/\"}}]}<\/script>\n<!-- \/ Yoast SEO plugin. -->","yoast_head_json":{"title":"Escaner Alaris S2060W 600Dpi Pantalla Tactil Lcd 3.5 Pulg - IntegralPro","robots":{"index":"index","follow":"follow","max-snippet":"max-snippet:-1","max-image-preview":"max-image-preview:large","max-video-preview":"max-video-preview:-1"},"canonical":"https:\/\/www.integralpro.com.co\/index.php\/producto\/escaner-alaris-s2060w-600dpi-pantalla-tactil-lcd-3-5-pulg\/","og_locale":"es_ES","og_type":"article","og_title":"Escaner Alaris S2060W 600Dpi Pantalla Tactil Lcd 3.5 Pulg - IntegralPro","og_description":"# DE PARTE:1015114","og_url":"https:\/\/www.integralpro.com.co\/index.php\/producto\/escaner-alaris-s2060w-600dpi-pantalla-tactil-lcd-3-5-pulg\/","og_site_name":"IntegralPro","article_modified_time":"2021-02-19T20:03:16+00:00","og_image":[{"width":800,"height":800,"url":"https:\/\/www.integralpro.com.co\/wp-content\/uploads\/2021\/02\/db6bf89f4d236c539dc9bb747995561e.jpg","type":"image\/jpeg"}],"twitter_card":"summary_large_image","twitter_misc":{"Tiempo de lectura":"4 minutos"},"schema":{"@context":"https:\/\/schema.org","@graph":[{"@type":"WebPage","@id":"https:\/\/www.integralpro.com.co\/index.php\/producto\/escaner-alaris-s2060w-600dpi-pantalla-tactil-lcd-3-5-pulg\/","url":"https:\/\/www.integralpro.com.co\/index.php\/producto\/escaner-alaris-s2060w-600dpi-pantalla-tactil-lcd-3-5-pulg\/","name":"Escaner Alaris S2060W 600Dpi Pantalla Tactil Lcd 3.5 Pulg - IntegralPro","isPartOf":{"@id":"https:\/\/www.integralpro.com.co\/#website"},"primaryImageOfPage":{"@id":"https:\/\/www.integralpro.com.co\/index.php\/producto\/escaner-alaris-s2060w-600dpi-pantalla-tactil-lcd-3-5-pulg\/#primaryimage"},"image":{"@id":"https:\/\/www.integralpro.com.co\/index.php\/producto\/escaner-alaris-s2060w-600dpi-pantalla-tactil-lcd-3-5-pulg\/#primaryimage"},"thumbnailUrl":"https:\/\/www.integralpro.com.co\/wp-content\/uploads\/2021\/02\/db6bf89f4d236c539dc9bb747995561e.jpg","datePublished":"2021-02-19T20:02:37+00:00","dateModified":"2021-02-19T20:03:16+00:00","breadcrumb":{"@id":"https:\/\/www.integralpro.com.co\/index.php\/producto\/escaner-alaris-s2060w-600dpi-pantalla-tactil-lcd-3-5-pulg\/#breadcrumb"},"inLanguage":"es","potentialAction":[{"@type":"ReadAction","target":["https:\/\/www.integralpro.com.co\/index.php\/producto\/escaner-alaris-s2060w-600dpi-pantalla-tactil-lcd-3-5-pulg\/"]}]},{"@type":"ImageObject","inLanguage":"es","@id":"https:\/\/www.integralpro.com.co\/index.php\/producto\/escaner-alaris-s2060w-600dpi-pantalla-tactil-lcd-3-5-pulg\/#primaryimage","url":"https:\/\/www.integralpro.com.co\/wp-content\/uploads\/2021\/02\/db6bf89f4d236c539dc9bb747995561e.jpg","contentUrl":"https:\/\/www.integralpro.com.co\/wp-content\/uploads\/2021\/02\/db6bf89f4d236c539dc9bb747995561e.jpg","width":800,"height":800},{"@type":"BreadcrumbList","@id":"https:\/\/www.integralpro.com.co\/index.php\/producto\/escaner-alaris-s2060w-600dpi-pantalla-tactil-lcd-3-5-pulg\/#breadcrumb","itemListElement":[{"@type":"ListItem","position":1,"name":"Portada","item":"https:\/\/www.integralpro.com.co\/"},{"@type":"ListItem","position":2,"name":"Tienda","item":"https:\/\/www.integralpro.com.co\/index.php\/tienda\/"},{"@type":"ListItem","position":3,"name":"Escaner Alaris S2060W 600Dpi Pantalla Tactil Lcd 3.5 Pulg"}]},{"@type":"WebSite","@id":"https:\/\/www.integralpro.com.co\/#website","url":"https:\/\/www.integralpro.com.co\/","name":"IntegralPro","description":"Tienda de Tecnolog\u00eda en L\u00ednea","publisher":{"@id":"https:\/\/www.integralpro.com.co\/#organization"},"potentialAction":[{"@type":"SearchAction","target":{"@type":"EntryPoint","urlTemplate":"https:\/\/www.integralpro.com.co\/?s={search_term_string}"},"query-input":{"@type":"PropertyValueSpecification","valueRequired":true,"valueName":"search_term_string"}}],"inLanguage":"es"},{"@type":"Organization","@id":"https:\/\/www.integralpro.com.co\/#organization","name":"IntegralPro SAS","url":"https:\/\/www.integralpro.com.co\/","logo":{"@type":"ImageObject","inLanguage":"es","@id":"https:\/\/www.integralpro.com.co\/#\/schema\/logo\/image\/","url":"https:\/\/www.integralpro.com.co\/wp-content\/uploads\/2021\/02\/logo-def.jpg","contentUrl":"https:\/\/www.integralpro.com.co\/wp-content\/uploads\/2021\/02\/logo-def.jpg","width":238,"height":234,"caption":"IntegralPro SAS"},"image":{"@id":"https:\/\/www.integralpro.com.co\/#\/schema\/logo\/image\/"}}]}},"_links":{"self":[{"href":"https:\/\/www.integralpro.com.co\/index.php\/wp-json\/wp\/v2\/product\/3100","targetHints":{"allow":["GET"]}}],"collection":[{"href":"https:\/\/www.integralpro.com.co\/index.php\/wp-json\/wp\/v2\/product"}],"about":[{"href":"https:\/\/www.integralpro.com.co\/index.php\/wp-json\/wp\/v2\/types\/product"}],"version-history":[{"count":1,"href":"https:\/\/www.integralpro.com.co\/index.php\/wp-json\/wp\/v2\/product\/3100\/revisions"}],"predecessor-version":[{"id":3167,"href":"https:\/\/www.integralpro.com.co\/index.php\/wp-json\/wp\/v2\/product\/3100\/revisions\/3167"}],"wp:featuredmedia":[{"embeddable":true,"href":"https:\/\/www.integralpro.com.co\/index.php\/wp-json\/wp\/v2\/media\/3166"}],"wp:attachment":[{"href":"https:\/\/www.integralpro.com.co\/index.php\/wp-json\/wp\/v2\/media?parent=3100"}],"wp:term":[{"taxonomy":"product_brand","embeddable":true,"href":"https:\/\/www.integralpro.com.co\/index.php\/wp-json\/wp\/v2\/product_brand?post=3100"},{"taxonomy":"product_cat","embeddable":true,"href":"https:\/\/www.integralpro.com.co\/index.php\/wp-json\/wp\/v2\/product_cat?post=3100"},{"taxonomy":"product_tag","embeddable":true,"href":"https:\/\/www.integralpro.com.co\/index.php\/wp-json\/wp\/v2\/product_tag?post=3100"}],"curies":[{"name":"wp","href":"https:\/\/api.w.org\/{rel}","templated":true}]}}