{"id":3096,"date":"2021-02-19T15:02:37","date_gmt":"2021-02-19T20:02:37","guid":{"rendered":"https:\/\/www.integralpro.com.co\/index.php\/producto\/import-placeholder-for-1495\/"},"modified":"2021-02-19T15:03:10","modified_gmt":"2021-02-19T20:03:10","slug":"sistema-de-altavoces-logitech-z607-con-sonido-envolvente-5-1","status":"publish","type":"product","link":"https:\/\/www.integralpro.com.co\/index.php\/producto\/sistema-de-altavoces-logitech-z607-con-sonido-envolvente-5-1\/","title":{"rendered":"Sistema De Altavoces Logitech Z607 Con Sonido Envolvente 5.1"},"content":{"rendered":"<p>Sistema de altavoces de sonido envolvente Z607 5.1, sonido <br \/>potente con Bluetooth.<\/p>\n<p><\/p>\n<p><strong>Audio Potente<\/strong><\/p>\n<p><\/p>\n<p>Con una potencia de pico de 160 vatios, este sistema de <br \/>altavoces 5.1 llena tu espacio con audio de alta calidad que suena incre\u00edble. <br \/>Disfruta de aut\u00e9ntico sonido envolvente desde cualquier fuente: televisor, <br \/>tel\u00e9fono, computadora, juegos 1 y m\u00e1s. Incluso puedes reproducir contenido de <br \/>audio directamente de tarjetas SD, unidades USB o radio FM. El transductor de <br \/>subwoofer de 133,35 mm produce graves que puedes sentir. Y el remoto incluido y <br \/>los cables posteriores extralargos facilitan la configuraci\u00f3n y el uso.<\/p>\n<p><\/p>\n<p><strong>Aut\u00e9ntico Sonido Envolvente 5.1<\/strong><\/p>\n<p><\/p>\n<p>Rod\u00e9ate de audio de tus pel\u00edculas, m\u00fasica y juegos favoritos <br \/>con un sistema de altavoces 5.1 que incluye canales izquierdo, derecho y <br \/>central, dos altavoces sat\u00e9lite posteriores y un subwoofer. Disfruta de sonido <br \/>potente desde cualquier direcci\u00f3n. Z607 convierte tu m\u00fasica est\u00e9reo en sonido <br \/>envolvente para que disfrutes al m\u00e1ximo de tu audio.<\/p>\n<p><\/p>\n<p><strong>160 Vatios de sonido pleno<\/strong><\/p>\n<p><\/p>\n<p>El sistema de 160 vatios de pico\/80 vatios RMS con un <br \/>transductor de graves de 133,35 mm llena tu habitaci\u00f3n de un sonido incre\u00edble. <br \/>Obtendr\u00e1s unos agudos claros y brillantes (hasta 20 kHz) y unos graves profundos <br \/>y potentes (hasta 50 Hz) con un sistema de altavoces creado para los amantes del <br \/>audio. El potente sistema de amplio escenario sonoro de Z607 garantiza que tus <br \/>invitados siempre disfrutar\u00e1n del mejor asiento para escucharlo todo a la <br \/>perfecci\u00f3n.<\/p>\n<p><\/p>\n<p><strong>Flexibilidad de colocaci\u00f3n <\/strong><\/p>\n<p><\/p>\n<p>Ya no te har\u00e1 falta reorganizar la casa para montarlo y <br \/>disfrutar de audio excelente. Los cables de los altavoces sat\u00e9lite posteriores <br \/>extralargos de 6,2 m permiten una ubicaci\u00f3n \u00f3ptima en salas de estar, espacios <br \/>de juego, oficinas, dormitorios, pr\u00e1cticamente en cualquier lugar que desees. <br \/>Puedes colocar los altavoces en mesas, mesitas auxiliares, estantes, etc. o <br \/>montarlos f\u00e1cilmente en la pared.2<\/p>\n<p><\/p>\n<p><strong>Audio de fuentes diversas <\/strong><\/p>\n<p><\/p>\n<p>Escucha audio de computadoras, tel\u00e9fonos, tablets, <br \/>televisores, reproductores de Blu-ray\/DVD&#8230; casi cualquier fuente. Puede <br \/>conectarse de forma inal\u00e1mbrica a trav\u00e9s de Bluetooth o f\u00edsicamente utilizando <br \/>un conector de audio de 3,5 mm o un cable RCA para escuchar juegos, m\u00fasica, <br \/>pel\u00edculas, todo. Incluso puedes o\u00edr audio de tarjetas SD, unidades USB o radio <br \/>FM.<\/p>\n<p><\/p>\n<p><strong>Mejor Bluetooth<\/strong><\/p>\n<p><\/p>\n<p>Disfruta de audio de alta calidad con una compresi\u00f3n m\u00ednima y <br \/>de la facilidad de uso proporcionada por Bluetooth 4.2. Gracias a la <br \/>compatibilidad con Bluetooth 4.2, obtendr\u00e1s una gran calidad de sonido <br \/>inal\u00e1mbrico y una conexi\u00f3n fiable que transfiere datos 2,5 veces m\u00e1s r\u00e1pido que <br \/>Bluetooth 4.1. Haz streaming inal\u00e1mbrico desde dispositivos conectados hasta una <br \/>distancia de 15 m (dentro de la l\u00ednea de visi\u00f3n).<\/p>\n<p><\/p>\n<p><strong>Controles intuitivos<\/strong><\/p>\n<p><\/p>\n<p>Controla tu sonido con el pr\u00e1ctico remoto, desde cualquier <br \/>punto en la habitaci\u00f3n (a una distancia de hasta 10 metros). Puedes reproducir, <br \/>hacer pausas y omitir canciones, controlar el volumen, seleccionar el canal de <br \/>entrada, cambiar de estaci\u00f3n de radio y m\u00e1s. Tambi\u00e9n hay controles de audio <br \/>ubicados en el panel frontal del subwoofer, con un LED que muestra la entrada y <br \/>el volumen de la fuente actual.<\/p>\n<p><strong>Graves contundentes<br \/><\/strong><\/p>\n<p><\/p>\n<p>Siente el ritmo de la m\u00fasica y el fragor de pel\u00edculas y juegos <br \/>con un subwoofer que llena tu espacio de graves profundos. El transductor de <br \/>graves de 133,35 mm con 50 vatios de potencia de pico\/25 vatios RMS bombea <br \/>potentes graves, con claridad adicional a\u00f1adida por una caja con puerto.<\/p>\n<p><strong>Altavoces compactos, sonido grande <\/strong><\/p>\n<p><\/p>\n<p>Lo oir\u00e1s todo, con un rango de frecuencia s\u00faper amplio. Los <br \/>altavoces sat\u00e9lite (5) cuentan con un dise\u00f1o de caja ac\u00fastica invertida que <br \/>aumenta la salida de frecuencias. Irradia la onda de sonido desde detr\u00e1s del <br \/>altavoz a trav\u00e9s del cilindro y luego hacia el frente del altavoz, haciendo <br \/>coincidir las frecuencias altas y bajas para crear un sonido m\u00e1s armonizado y <br \/>natural.<\/p>\n<p><\/p>\n<p><strong>Especificaciones T\u00e9cnicas<\/strong><\/p>\n<p><\/p>\n<p>Dimensiones: 86 x 40 x 60 cm<\/p>\n<p>Peso: 5kg<\/p>\n<p>Total de vatios reales (RMS): 160 W de pico\/80 W RMS <\/p>\n<p>Subwoofer: 25 W RMS <\/p>\n<p>Altavoces sat\u00e9lite: 55 W RMS (total) <\/p>\n<p>Bluetooth 4.2: 1 <\/p>\n<p>Control Remoto: 1<\/p>\n<p>Cables RCA a RCA: 3 <\/p>\n<p>Cable de 3,5 mm a RCA: 1<\/p>\n<p>Radio FM: s\u00ed <\/p>\n<p>Lector de tarjetas SD: 1 &#8211; Admite tarjetas SDHC de hasta 32 GB &#8211; Admite formatos <br \/>de archivos de audio: MP3, WMA, WAV, APE, FLAC <\/p>\n<p>Puerto USB: 1 &#8211; Admite unidades USB de hasta 32 GB con formato FAT16 o FAT32 &#8211; <br \/>Admite formatos de archivos de audio: MP3, WMA, WAV, APE, FLAC<\/p>\n<p><\/p>\n<p><strong>Contenido Del Paquete<\/strong><\/p>\n<p><\/p>\n<p>Sistema de Altavoces &#8211; Documentaci\u00f3n<\/p>\n","protected":false},"excerpt":{"rendered":"<p># DE PARTE:980-001315<\/p>\n","protected":false},"featured_media":3158,"template":"","meta":{"site-sidebar-layout":"default","site-content-layout":"","ast-site-content-layout":"default","site-content-style":"default","site-sidebar-style":"default","ast-global-header-display":"","ast-banner-title-visibility":"","ast-main-header-display":"","ast-hfb-above-header-display":"","ast-hfb-below-header-display":"","ast-hfb-mobile-header-display":"","site-post-title":"","ast-breadcrumbs-content":"","ast-featured-img":"","footer-sml-layout":"","ast-disable-related-posts":"","theme-transparent-header-meta":"","adv-header-id-meta":"","stick-header-meta":"","header-above-stick-meta":"","header-main-stick-meta":"","header-below-stick-meta":"","astra-migrate-meta-layouts":"default","ast-page-background-enabled":"default","ast-page-background-meta":{"desktop":{"background-color":"var(--ast-global-color-4)","background-image":"","background-repeat":"repeat","background-position":"center center","background-size":"auto","background-attachment":"scroll","background-type":"","background-media":"","overlay-type":"","overlay-color":"","overlay-opacity":"","overlay-gradient":""},"tablet":{"background-color":"","background-image":"","background-repeat":"repeat","background-position":"center center","background-size":"auto","background-attachment":"scroll","background-type":"","background-media":"","overlay-type":"","overlay-color":"","overlay-opacity":"","overlay-gradient":""},"mobile":{"background-color":"","background-image":"","background-repeat":"repeat","background-position":"center center","background-size":"auto","background-attachment":"scroll","background-type":"","background-media":"","overlay-type":"","overlay-color":"","overlay-opacity":"","overlay-gradient":""}},"ast-content-background-meta":{"desktop":{"background-color":"var(--ast-global-color-5)","background-image":"","background-repeat":"repeat","background-position":"center center","background-size":"auto","background-attachment":"scroll","background-type":"","background-media":"","overlay-type":"","overlay-color":"","overlay-opacity":"","overlay-gradient":""},"tablet":{"background-color":"var(--ast-global-color-5)","background-image":"","background-repeat":"repeat","background-position":"center center","background-size":"auto","background-attachment":"scroll","background-type":"","background-media":"","overlay-type":"","overlay-color":"","overlay-opacity":"","overlay-gradient":""},"mobile":{"background-color":"var(--ast-global-color-5)","background-image":"","background-repeat":"repeat","background-position":"center center","background-size":"auto","background-attachment":"scroll","background-type":"","background-media":"","overlay-type":"","overlay-color":"","overlay-opacity":"","overlay-gradient":""}}},"product_brand":[],"product_cat":[51,106,102],"product_tag":[46],"class_list":{"0":"post-3096","1":"product","2":"type-product","3":"status-publish","4":"has-post-thumbnail","6":"product_cat-audio","7":"product_cat-logitech","8":"product_cat-parlantes","9":"product_tag-logitech","10":"desktop-align-left","11":"tablet-align-left","12":"mobile-align-left","14":"first","15":"instock","16":"taxable","17":"shipping-taxable","18":"product-type-simple"},"yoast_head":"<!-- This site is optimized with the Yoast SEO plugin v27.3 - https:\/\/yoast.com\/product\/yoast-seo-wordpress\/ -->\n<title>Sistema De Altavoces Logitech Z607 Con Sonido Envolvente 5.1 - IntegralPro<\/title>\n<meta name=\"robots\" content=\"index, follow, max-snippet:-1, max-image-preview:large, max-video-preview:-1\" \/>\n<link rel=\"canonical\" href=\"https:\/\/www.integralpro.com.co\/index.php\/producto\/sistema-de-altavoces-logitech-z607-con-sonido-envolvente-5-1\/\" \/>\n<meta property=\"og:locale\" content=\"es_ES\" \/>\n<meta property=\"og:type\" content=\"article\" \/>\n<meta property=\"og:title\" content=\"Sistema De Altavoces Logitech Z607 Con Sonido Envolvente 5.1 - IntegralPro\" \/>\n<meta property=\"og:description\" content=\"# DE PARTE:980-001315\" \/>\n<meta property=\"og:url\" content=\"https:\/\/www.integralpro.com.co\/index.php\/producto\/sistema-de-altavoces-logitech-z607-con-sonido-envolvente-5-1\/\" \/>\n<meta property=\"og:site_name\" content=\"IntegralPro\" \/>\n<meta property=\"article:modified_time\" content=\"2021-02-19T20:03:10+00:00\" \/>\n<meta property=\"og:image\" content=\"https:\/\/www.integralpro.com.co\/wp-content\/uploads\/2021\/02\/45114fcd7d354f6e8b83d8d082dea856.jpg\" \/>\n\t<meta property=\"og:image:width\" content=\"800\" \/>\n\t<meta property=\"og:image:height\" content=\"800\" \/>\n\t<meta property=\"og:image:type\" content=\"image\/jpeg\" \/>\n<meta name=\"twitter:card\" content=\"summary_large_image\" \/>\n<meta name=\"twitter:label1\" content=\"Tiempo de lectura\" \/>\n\t<meta name=\"twitter:data1\" content=\"4 minutos\" \/>\n<script type=\"application\/ld+json\" class=\"yoast-schema-graph\">{\"@context\":\"https:\\\/\\\/schema.org\",\"@graph\":[{\"@type\":\"WebPage\",\"@id\":\"https:\\\/\\\/www.integralpro.com.co\\\/index.php\\\/producto\\\/sistema-de-altavoces-logitech-z607-con-sonido-envolvente-5-1\\\/\",\"url\":\"https:\\\/\\\/www.integralpro.com.co\\\/index.php\\\/producto\\\/sistema-de-altavoces-logitech-z607-con-sonido-envolvente-5-1\\\/\",\"name\":\"Sistema De Altavoces Logitech Z607 Con Sonido Envolvente 5.1 - IntegralPro\",\"isPartOf\":{\"@id\":\"https:\\\/\\\/www.integralpro.com.co\\\/#website\"},\"primaryImageOfPage\":{\"@id\":\"https:\\\/\\\/www.integralpro.com.co\\\/index.php\\\/producto\\\/sistema-de-altavoces-logitech-z607-con-sonido-envolvente-5-1\\\/#primaryimage\"},\"image\":{\"@id\":\"https:\\\/\\\/www.integralpro.com.co\\\/index.php\\\/producto\\\/sistema-de-altavoces-logitech-z607-con-sonido-envolvente-5-1\\\/#primaryimage\"},\"thumbnailUrl\":\"https:\\\/\\\/www.integralpro.com.co\\\/wp-content\\\/uploads\\\/2021\\\/02\\\/45114fcd7d354f6e8b83d8d082dea856.jpg\",\"datePublished\":\"2021-02-19T20:02:37+00:00\",\"dateModified\":\"2021-02-19T20:03:10+00:00\",\"breadcrumb\":{\"@id\":\"https:\\\/\\\/www.integralpro.com.co\\\/index.php\\\/producto\\\/sistema-de-altavoces-logitech-z607-con-sonido-envolvente-5-1\\\/#breadcrumb\"},\"inLanguage\":\"es\",\"potentialAction\":[{\"@type\":\"ReadAction\",\"target\":[\"https:\\\/\\\/www.integralpro.com.co\\\/index.php\\\/producto\\\/sistema-de-altavoces-logitech-z607-con-sonido-envolvente-5-1\\\/\"]}]},{\"@type\":\"ImageObject\",\"inLanguage\":\"es\",\"@id\":\"https:\\\/\\\/www.integralpro.com.co\\\/index.php\\\/producto\\\/sistema-de-altavoces-logitech-z607-con-sonido-envolvente-5-1\\\/#primaryimage\",\"url\":\"https:\\\/\\\/www.integralpro.com.co\\\/wp-content\\\/uploads\\\/2021\\\/02\\\/45114fcd7d354f6e8b83d8d082dea856.jpg\",\"contentUrl\":\"https:\\\/\\\/www.integralpro.com.co\\\/wp-content\\\/uploads\\\/2021\\\/02\\\/45114fcd7d354f6e8b83d8d082dea856.jpg\",\"width\":800,\"height\":800},{\"@type\":\"BreadcrumbList\",\"@id\":\"https:\\\/\\\/www.integralpro.com.co\\\/index.php\\\/producto\\\/sistema-de-altavoces-logitech-z607-con-sonido-envolvente-5-1\\\/#breadcrumb\",\"itemListElement\":[{\"@type\":\"ListItem\",\"position\":1,\"name\":\"Portada\",\"item\":\"https:\\\/\\\/www.integralpro.com.co\\\/\"},{\"@type\":\"ListItem\",\"position\":2,\"name\":\"Tienda\",\"item\":\"https:\\\/\\\/www.integralpro.com.co\\\/index.php\\\/tienda\\\/\"},{\"@type\":\"ListItem\",\"position\":3,\"name\":\"Sistema De Altavoces Logitech Z607 Con Sonido Envolvente 5.1\"}]},{\"@type\":\"WebSite\",\"@id\":\"https:\\\/\\\/www.integralpro.com.co\\\/#website\",\"url\":\"https:\\\/\\\/www.integralpro.com.co\\\/\",\"name\":\"IntegralPro\",\"description\":\"Tienda de Tecnolog\u00eda en L\u00ednea\",\"publisher\":{\"@id\":\"https:\\\/\\\/www.integralpro.com.co\\\/#organization\"},\"potentialAction\":[{\"@type\":\"SearchAction\",\"target\":{\"@type\":\"EntryPoint\",\"urlTemplate\":\"https:\\\/\\\/www.integralpro.com.co\\\/?s={search_term_string}\"},\"query-input\":{\"@type\":\"PropertyValueSpecification\",\"valueRequired\":true,\"valueName\":\"search_term_string\"}}],\"inLanguage\":\"es\"},{\"@type\":\"Organization\",\"@id\":\"https:\\\/\\\/www.integralpro.com.co\\\/#organization\",\"name\":\"IntegralPro SAS\",\"url\":\"https:\\\/\\\/www.integralpro.com.co\\\/\",\"logo\":{\"@type\":\"ImageObject\",\"inLanguage\":\"es\",\"@id\":\"https:\\\/\\\/www.integralpro.com.co\\\/#\\\/schema\\\/logo\\\/image\\\/\",\"url\":\"https:\\\/\\\/www.integralpro.com.co\\\/wp-content\\\/uploads\\\/2021\\\/02\\\/logo-def.jpg\",\"contentUrl\":\"https:\\\/\\\/www.integralpro.com.co\\\/wp-content\\\/uploads\\\/2021\\\/02\\\/logo-def.jpg\",\"width\":238,\"height\":234,\"caption\":\"IntegralPro SAS\"},\"image\":{\"@id\":\"https:\\\/\\\/www.integralpro.com.co\\\/#\\\/schema\\\/logo\\\/image\\\/\"}}]}<\/script>\n<!-- \/ Yoast SEO plugin. -->","yoast_head_json":{"title":"Sistema De Altavoces Logitech Z607 Con Sonido Envolvente 5.1 - IntegralPro","robots":{"index":"index","follow":"follow","max-snippet":"max-snippet:-1","max-image-preview":"max-image-preview:large","max-video-preview":"max-video-preview:-1"},"canonical":"https:\/\/www.integralpro.com.co\/index.php\/producto\/sistema-de-altavoces-logitech-z607-con-sonido-envolvente-5-1\/","og_locale":"es_ES","og_type":"article","og_title":"Sistema De Altavoces Logitech Z607 Con Sonido Envolvente 5.1 - IntegralPro","og_description":"# DE PARTE:980-001315","og_url":"https:\/\/www.integralpro.com.co\/index.php\/producto\/sistema-de-altavoces-logitech-z607-con-sonido-envolvente-5-1\/","og_site_name":"IntegralPro","article_modified_time":"2021-02-19T20:03:10+00:00","og_image":[{"width":800,"height":800,"url":"https:\/\/www.integralpro.com.co\/wp-content\/uploads\/2021\/02\/45114fcd7d354f6e8b83d8d082dea856.jpg","type":"image\/jpeg"}],"twitter_card":"summary_large_image","twitter_misc":{"Tiempo de lectura":"4 minutos"},"schema":{"@context":"https:\/\/schema.org","@graph":[{"@type":"WebPage","@id":"https:\/\/www.integralpro.com.co\/index.php\/producto\/sistema-de-altavoces-logitech-z607-con-sonido-envolvente-5-1\/","url":"https:\/\/www.integralpro.com.co\/index.php\/producto\/sistema-de-altavoces-logitech-z607-con-sonido-envolvente-5-1\/","name":"Sistema De Altavoces Logitech Z607 Con Sonido Envolvente 5.1 - IntegralPro","isPartOf":{"@id":"https:\/\/www.integralpro.com.co\/#website"},"primaryImageOfPage":{"@id":"https:\/\/www.integralpro.com.co\/index.php\/producto\/sistema-de-altavoces-logitech-z607-con-sonido-envolvente-5-1\/#primaryimage"},"image":{"@id":"https:\/\/www.integralpro.com.co\/index.php\/producto\/sistema-de-altavoces-logitech-z607-con-sonido-envolvente-5-1\/#primaryimage"},"thumbnailUrl":"https:\/\/www.integralpro.com.co\/wp-content\/uploads\/2021\/02\/45114fcd7d354f6e8b83d8d082dea856.jpg","datePublished":"2021-02-19T20:02:37+00:00","dateModified":"2021-02-19T20:03:10+00:00","breadcrumb":{"@id":"https:\/\/www.integralpro.com.co\/index.php\/producto\/sistema-de-altavoces-logitech-z607-con-sonido-envolvente-5-1\/#breadcrumb"},"inLanguage":"es","potentialAction":[{"@type":"ReadAction","target":["https:\/\/www.integralpro.com.co\/index.php\/producto\/sistema-de-altavoces-logitech-z607-con-sonido-envolvente-5-1\/"]}]},{"@type":"ImageObject","inLanguage":"es","@id":"https:\/\/www.integralpro.com.co\/index.php\/producto\/sistema-de-altavoces-logitech-z607-con-sonido-envolvente-5-1\/#primaryimage","url":"https:\/\/www.integralpro.com.co\/wp-content\/uploads\/2021\/02\/45114fcd7d354f6e8b83d8d082dea856.jpg","contentUrl":"https:\/\/www.integralpro.com.co\/wp-content\/uploads\/2021\/02\/45114fcd7d354f6e8b83d8d082dea856.jpg","width":800,"height":800},{"@type":"BreadcrumbList","@id":"https:\/\/www.integralpro.com.co\/index.php\/producto\/sistema-de-altavoces-logitech-z607-con-sonido-envolvente-5-1\/#breadcrumb","itemListElement":[{"@type":"ListItem","position":1,"name":"Portada","item":"https:\/\/www.integralpro.com.co\/"},{"@type":"ListItem","position":2,"name":"Tienda","item":"https:\/\/www.integralpro.com.co\/index.php\/tienda\/"},{"@type":"ListItem","position":3,"name":"Sistema De Altavoces Logitech Z607 Con Sonido Envolvente 5.1"}]},{"@type":"WebSite","@id":"https:\/\/www.integralpro.com.co\/#website","url":"https:\/\/www.integralpro.com.co\/","name":"IntegralPro","description":"Tienda de Tecnolog\u00eda en L\u00ednea","publisher":{"@id":"https:\/\/www.integralpro.com.co\/#organization"},"potentialAction":[{"@type":"SearchAction","target":{"@type":"EntryPoint","urlTemplate":"https:\/\/www.integralpro.com.co\/?s={search_term_string}"},"query-input":{"@type":"PropertyValueSpecification","valueRequired":true,"valueName":"search_term_string"}}],"inLanguage":"es"},{"@type":"Organization","@id":"https:\/\/www.integralpro.com.co\/#organization","name":"IntegralPro SAS","url":"https:\/\/www.integralpro.com.co\/","logo":{"@type":"ImageObject","inLanguage":"es","@id":"https:\/\/www.integralpro.com.co\/#\/schema\/logo\/image\/","url":"https:\/\/www.integralpro.com.co\/wp-content\/uploads\/2021\/02\/logo-def.jpg","contentUrl":"https:\/\/www.integralpro.com.co\/wp-content\/uploads\/2021\/02\/logo-def.jpg","width":238,"height":234,"caption":"IntegralPro SAS"},"image":{"@id":"https:\/\/www.integralpro.com.co\/#\/schema\/logo\/image\/"}}]}},"_links":{"self":[{"href":"https:\/\/www.integralpro.com.co\/index.php\/wp-json\/wp\/v2\/product\/3096","targetHints":{"allow":["GET"]}}],"collection":[{"href":"https:\/\/www.integralpro.com.co\/index.php\/wp-json\/wp\/v2\/product"}],"about":[{"href":"https:\/\/www.integralpro.com.co\/index.php\/wp-json\/wp\/v2\/types\/product"}],"version-history":[{"count":1,"href":"https:\/\/www.integralpro.com.co\/index.php\/wp-json\/wp\/v2\/product\/3096\/revisions"}],"predecessor-version":[{"id":3159,"href":"https:\/\/www.integralpro.com.co\/index.php\/wp-json\/wp\/v2\/product\/3096\/revisions\/3159"}],"wp:featuredmedia":[{"embeddable":true,"href":"https:\/\/www.integralpro.com.co\/index.php\/wp-json\/wp\/v2\/media\/3158"}],"wp:attachment":[{"href":"https:\/\/www.integralpro.com.co\/index.php\/wp-json\/wp\/v2\/media?parent=3096"}],"wp:term":[{"taxonomy":"product_brand","embeddable":true,"href":"https:\/\/www.integralpro.com.co\/index.php\/wp-json\/wp\/v2\/product_brand?post=3096"},{"taxonomy":"product_cat","embeddable":true,"href":"https:\/\/www.integralpro.com.co\/index.php\/wp-json\/wp\/v2\/product_cat?post=3096"},{"taxonomy":"product_tag","embeddable":true,"href":"https:\/\/www.integralpro.com.co\/index.php\/wp-json\/wp\/v2\/product_tag?post=3096"}],"curies":[{"name":"wp","href":"https:\/\/api.w.org\/{rel}","templated":true}]}}