{"id":3067,"date":"2021-02-19T15:02:13","date_gmt":"2021-02-19T20:02:13","guid":{"rendered":"https:\/\/www.integralpro.com.co\/index.php\/producto\/import-placeholder-for-1490\/"},"modified":"2021-02-19T15:03:03","modified_gmt":"2021-02-19T20:03:03","slug":"ups-interactiva-tripp-lite-1000va-800w-2-bancos-de-carga","status":"publish","type":"product","link":"https:\/\/www.integralpro.com.co\/index.php\/producto\/ups-interactiva-tripp-lite-1000va-800w-2-bancos-de-carga\/","title":{"rendered":"Ups Interactiva Tripp Lite 1000Va 800W 2 Bancos De Carga"},"content":{"rendered":"<p>UPS SmartOnline de doble conversi\u00f3n de TRIPP-LITE 120V, 1kVA y <br \/>800W, Torre, Autonom\u00eda Extendida, Opciones de Tarjeta de Red, USB, Serial DB9. <br \/>Protege equipos cr\u00edticos de servidores, de red y telecomunicaciones de apagones, <br \/>ca\u00eddas de voltaje, fluctuaciones de voltaje y sobretensiones transientes en un <br \/>atractivo factor de forma de torre vertical totalmente en color negro<\/p>\n<p><\/p>\n<p><strong>Operaci\u00f3n continua<\/strong><\/p>\n<p><\/p>\n<p>Mantiene la operaci\u00f3n continua durante apagones, ca\u00eddas de <br \/>voltaje, fluctuaciones de voltaje y sobretensiones con cero tiempo de <br \/>transferencia.<\/p>\n<p><\/p>\n<p><strong>Elimina problemas<\/strong><\/p>\n<p><\/p>\n<p>Elimina la distorsi\u00f3n arm\u00f3nica, los impulsos el\u00e9ctricos, las <br \/>variaciones de frecuencia y otros problemas el\u00e9ctricos complicados.<\/p>\n<p><\/p>\n<p><strong>Bancos de carga integrados<\/strong><\/p>\n<p><\/p>\n<p>Dos bancos de carga integrados controlables individualmente se <br \/>pueden controlar en forma independiente a trav\u00e9s de la interfaz del software <br \/>para que reinicien equipos remotos de manera selectiva o eliminen cargas menos <br \/>cr\u00edticas para extender el tiempo de funcionamiento de la bater\u00eda para equipos <br \/>vitales (2 bancos de 1 salida).<\/p>\n<p><\/p>\n<p><strong>Moderno<\/strong><\/p>\n<p><\/p>\n<p>Atractivo formato de torre vertical totalmente en color negro. <br \/>El sistema de administraci\u00f3n inteligente de la bater\u00eda extiende la vida de la <br \/>bater\u00eda.<\/p>\n<p><\/p>\n<p><strong>UPS Power Alert<\/strong><\/p>\n<p><\/p>\n<p>El software de administraci\u00f3n de energ\u00eda del UPS PowerAlert y <br \/>el cableado incluidos proporcionan un monitoreo exhaustivo de condiciones de <br \/>energ\u00eda del sitio, estado completo del UPS, nivel de carga de salida y control <br \/>de energ\u00eda del banco de carga<\/p>\n<p><\/p>\n<p><strong>Puertos de Comunicaci\u00f3n USB y DB9 y Software <br \/>PowerAlert Gratuito<\/strong><\/p>\n<p><\/p>\n<p>El puerto USB compatible con HID se integra con la <br \/>administraci\u00f3n de energ\u00eda y el apagado autom\u00e1tico incorporados de Windows y Mac <br \/>OS X Los puertos USB y Serial permiten apagar y guardar la informaci\u00f3n sin <br \/>supervisi\u00f3n cuando se usa con el software PowerAlert de Tripp Lite, disponible <br \/>para descarga GRATUITA de www.tripplite.com\/poweralert.<\/p>\n<p><\/p>\n<p><strong>Especificaciones T\u00e9cnicas<\/strong><\/p>\n<p><\/p>\n<p>Dimensiones: 24 x 45 x 35 cm<\/p>\n<p>Peso: 15kg<\/p>\n<p>Tipo de UPS Interactivo<\/p>\n<p>SALIDA: Capacidad de Salida en Volts Amperes (VA) 1000 <\/p>\n<p>Capacidad de salida (kVA) 1.5 <\/p>\n<p>Capacidad de Salida (Watts) 800 <\/p>\n<p>Dos bancos de carga con un tomacorriente 5-15R<\/p>\n<p>Voltaje(s) Nominal(es) de Salida Soportado(s) 120V; 120V ENTRADA 110V 115V 120V CA<\/p>\n<p>Salida nominal de 115V en modo de respaldo por bater\u00eda <\/p>\n<p>Tipo de conexi\u00f3n de entrada del UPS 5-15P; En \u00c1ngulo Recto <\/p>\n<p>Breakers de entrada 10A <\/p>\n<p>Longitud del cable de alimentaci\u00f3n del UPS (pies) 6 <\/p>\n<p>Longitud del Cable de Alimentaci\u00f3n del UPS (m) 1.8<\/p>\n<p>Compatibilidad de Frecuencia 50Hz \/ 60Hz <\/p>\n<p>Regulaci\u00f3n del Voltaje de Salida (Modo de L\u00ednea) -18%, +8% <\/p>\n<p>Regulaci\u00f3n del voltaje de salida (modo de bater\u00eda) 115V (+\/- 5%)<\/p>\n<p><\/p>\n<p><strong>Contenido Del Paquete<\/strong><\/p>\n<p><\/p>\n<p>UPS Interactiva &#8211; Documentaci\u00f3n<\/p>\n","protected":false},"excerpt":{"rendered":"<p># DE PARTE:SU1000XLA<\/p>\n","protected":false},"featured_media":3148,"template":"","meta":{"site-sidebar-layout":"default","site-content-layout":"","ast-site-content-layout":"default","site-content-style":"default","site-sidebar-style":"default","ast-global-header-display":"","ast-banner-title-visibility":"","ast-main-header-display":"","ast-hfb-above-header-display":"","ast-hfb-below-header-display":"","ast-hfb-mobile-header-display":"","site-post-title":"","ast-breadcrumbs-content":"","ast-featured-img":"","footer-sml-layout":"","ast-disable-related-posts":"","theme-transparent-header-meta":"","adv-header-id-meta":"","stick-header-meta":"","header-above-stick-meta":"","header-main-stick-meta":"","header-below-stick-meta":"","astra-migrate-meta-layouts":"default","ast-page-background-enabled":"default","ast-page-background-meta":{"desktop":{"background-color":"var(--ast-global-color-4)","background-image":"","background-repeat":"repeat","background-position":"center center","background-size":"auto","background-attachment":"scroll","background-type":"","background-media":"","overlay-type":"","overlay-color":"","overlay-opacity":"","overlay-gradient":""},"tablet":{"background-color":"","background-image":"","background-repeat":"repeat","background-position":"center center","background-size":"auto","background-attachment":"scroll","background-type":"","background-media":"","overlay-type":"","overlay-color":"","overlay-opacity":"","overlay-gradient":""},"mobile":{"background-color":"","background-image":"","background-repeat":"repeat","background-position":"center center","background-size":"auto","background-attachment":"scroll","background-type":"","background-media":"","overlay-type":"","overlay-color":"","overlay-opacity":"","overlay-gradient":""}},"ast-content-background-meta":{"desktop":{"background-color":"var(--ast-global-color-5)","background-image":"","background-repeat":"repeat","background-position":"center center","background-size":"auto","background-attachment":"scroll","background-type":"","background-media":"","overlay-type":"","overlay-color":"","overlay-opacity":"","overlay-gradient":""},"tablet":{"background-color":"var(--ast-global-color-5)","background-image":"","background-repeat":"repeat","background-position":"center center","background-size":"auto","background-attachment":"scroll","background-type":"","background-media":"","overlay-type":"","overlay-color":"","overlay-opacity":"","overlay-gradient":""},"mobile":{"background-color":"var(--ast-global-color-5)","background-image":"","background-repeat":"repeat","background-position":"center center","background-size":"auto","background-attachment":"scroll","background-type":"","background-media":"","overlay-type":"","overlay-color":"","overlay-opacity":"","overlay-gradient":""}}},"product_brand":[],"product_cat":[162,65],"product_tag":[473],"class_list":{"0":"post-3067","1":"product","2":"type-product","3":"status-publish","4":"has-post-thumbnail","6":"product_cat-ups","7":"product_cat-ups-reguladores-de-voltaje","8":"product_tag-tripplite","9":"desktop-align-left","10":"tablet-align-left","11":"mobile-align-left","13":"first","14":"instock","15":"taxable","16":"shipping-taxable","17":"product-type-simple"},"yoast_head":"<!-- This site is optimized with the Yoast SEO plugin v27.5 - https:\/\/yoast.com\/product\/yoast-seo-wordpress\/ -->\n<title>Ups Interactiva Tripp Lite 1000Va 800W 2 Bancos De Carga - IntegralPro<\/title>\n<meta name=\"robots\" content=\"index, follow, max-snippet:-1, max-image-preview:large, max-video-preview:-1\" \/>\n<link rel=\"canonical\" href=\"https:\/\/www.integralpro.com.co\/index.php\/producto\/ups-interactiva-tripp-lite-1000va-800w-2-bancos-de-carga\/\" \/>\n<meta property=\"og:locale\" content=\"es_ES\" \/>\n<meta property=\"og:type\" content=\"article\" \/>\n<meta property=\"og:title\" content=\"Ups Interactiva Tripp Lite 1000Va 800W 2 Bancos De Carga - IntegralPro\" \/>\n<meta property=\"og:description\" content=\"# DE PARTE:SU1000XLA\" \/>\n<meta property=\"og:url\" content=\"https:\/\/www.integralpro.com.co\/index.php\/producto\/ups-interactiva-tripp-lite-1000va-800w-2-bancos-de-carga\/\" \/>\n<meta property=\"og:site_name\" content=\"IntegralPro\" \/>\n<meta property=\"article:modified_time\" content=\"2021-02-19T20:03:03+00:00\" \/>\n<meta property=\"og:image\" content=\"https:\/\/www.integralpro.com.co\/wp-content\/uploads\/2021\/02\/c9b1d860edef990f96ce10e60f363c96.jpg\" \/>\n\t<meta property=\"og:image:width\" content=\"800\" \/>\n\t<meta property=\"og:image:height\" content=\"800\" \/>\n\t<meta property=\"og:image:type\" content=\"image\/jpeg\" \/>\n<meta name=\"twitter:card\" content=\"summary_large_image\" \/>\n<meta name=\"twitter:label1\" content=\"Tiempo de lectura\" \/>\n\t<meta name=\"twitter:data1\" content=\"2 minutos\" \/>\n<script type=\"application\/ld+json\" class=\"yoast-schema-graph\">{\"@context\":\"https:\\\/\\\/schema.org\",\"@graph\":[{\"@type\":\"WebPage\",\"@id\":\"https:\\\/\\\/www.integralpro.com.co\\\/index.php\\\/producto\\\/ups-interactiva-tripp-lite-1000va-800w-2-bancos-de-carga\\\/\",\"url\":\"https:\\\/\\\/www.integralpro.com.co\\\/index.php\\\/producto\\\/ups-interactiva-tripp-lite-1000va-800w-2-bancos-de-carga\\\/\",\"name\":\"Ups Interactiva Tripp Lite 1000Va 800W 2 Bancos De Carga - IntegralPro\",\"isPartOf\":{\"@id\":\"https:\\\/\\\/www.integralpro.com.co\\\/#website\"},\"primaryImageOfPage\":{\"@id\":\"https:\\\/\\\/www.integralpro.com.co\\\/index.php\\\/producto\\\/ups-interactiva-tripp-lite-1000va-800w-2-bancos-de-carga\\\/#primaryimage\"},\"image\":{\"@id\":\"https:\\\/\\\/www.integralpro.com.co\\\/index.php\\\/producto\\\/ups-interactiva-tripp-lite-1000va-800w-2-bancos-de-carga\\\/#primaryimage\"},\"thumbnailUrl\":\"https:\\\/\\\/www.integralpro.com.co\\\/wp-content\\\/uploads\\\/2021\\\/02\\\/c9b1d860edef990f96ce10e60f363c96.jpg\",\"datePublished\":\"2021-02-19T20:02:13+00:00\",\"dateModified\":\"2021-02-19T20:03:03+00:00\",\"breadcrumb\":{\"@id\":\"https:\\\/\\\/www.integralpro.com.co\\\/index.php\\\/producto\\\/ups-interactiva-tripp-lite-1000va-800w-2-bancos-de-carga\\\/#breadcrumb\"},\"inLanguage\":\"es\",\"potentialAction\":[{\"@type\":\"ReadAction\",\"target\":[\"https:\\\/\\\/www.integralpro.com.co\\\/index.php\\\/producto\\\/ups-interactiva-tripp-lite-1000va-800w-2-bancos-de-carga\\\/\"]}]},{\"@type\":\"ImageObject\",\"inLanguage\":\"es\",\"@id\":\"https:\\\/\\\/www.integralpro.com.co\\\/index.php\\\/producto\\\/ups-interactiva-tripp-lite-1000va-800w-2-bancos-de-carga\\\/#primaryimage\",\"url\":\"https:\\\/\\\/www.integralpro.com.co\\\/wp-content\\\/uploads\\\/2021\\\/02\\\/c9b1d860edef990f96ce10e60f363c96.jpg\",\"contentUrl\":\"https:\\\/\\\/www.integralpro.com.co\\\/wp-content\\\/uploads\\\/2021\\\/02\\\/c9b1d860edef990f96ce10e60f363c96.jpg\",\"width\":800,\"height\":800},{\"@type\":\"BreadcrumbList\",\"@id\":\"https:\\\/\\\/www.integralpro.com.co\\\/index.php\\\/producto\\\/ups-interactiva-tripp-lite-1000va-800w-2-bancos-de-carga\\\/#breadcrumb\",\"itemListElement\":[{\"@type\":\"ListItem\",\"position\":1,\"name\":\"Portada\",\"item\":\"https:\\\/\\\/www.integralpro.com.co\\\/\"},{\"@type\":\"ListItem\",\"position\":2,\"name\":\"Tienda\",\"item\":\"https:\\\/\\\/www.integralpro.com.co\\\/index.php\\\/tienda\\\/\"},{\"@type\":\"ListItem\",\"position\":3,\"name\":\"Ups Interactiva Tripp Lite 1000Va 800W 2 Bancos De Carga\"}]},{\"@type\":\"WebSite\",\"@id\":\"https:\\\/\\\/www.integralpro.com.co\\\/#website\",\"url\":\"https:\\\/\\\/www.integralpro.com.co\\\/\",\"name\":\"IntegralPro\",\"description\":\"Tienda de Tecnolog\u00eda en L\u00ednea\",\"publisher\":{\"@id\":\"https:\\\/\\\/www.integralpro.com.co\\\/#organization\"},\"potentialAction\":[{\"@type\":\"SearchAction\",\"target\":{\"@type\":\"EntryPoint\",\"urlTemplate\":\"https:\\\/\\\/www.integralpro.com.co\\\/?s={search_term_string}\"},\"query-input\":{\"@type\":\"PropertyValueSpecification\",\"valueRequired\":true,\"valueName\":\"search_term_string\"}}],\"inLanguage\":\"es\"},{\"@type\":\"Organization\",\"@id\":\"https:\\\/\\\/www.integralpro.com.co\\\/#organization\",\"name\":\"IntegralPro SAS\",\"url\":\"https:\\\/\\\/www.integralpro.com.co\\\/\",\"logo\":{\"@type\":\"ImageObject\",\"inLanguage\":\"es\",\"@id\":\"https:\\\/\\\/www.integralpro.com.co\\\/#\\\/schema\\\/logo\\\/image\\\/\",\"url\":\"https:\\\/\\\/www.integralpro.com.co\\\/wp-content\\\/uploads\\\/2021\\\/02\\\/logo-def.jpg\",\"contentUrl\":\"https:\\\/\\\/www.integralpro.com.co\\\/wp-content\\\/uploads\\\/2021\\\/02\\\/logo-def.jpg\",\"width\":238,\"height\":234,\"caption\":\"IntegralPro SAS\"},\"image\":{\"@id\":\"https:\\\/\\\/www.integralpro.com.co\\\/#\\\/schema\\\/logo\\\/image\\\/\"}}]}<\/script>\n<!-- \/ Yoast SEO plugin. -->","yoast_head_json":{"title":"Ups Interactiva Tripp Lite 1000Va 800W 2 Bancos De Carga - IntegralPro","robots":{"index":"index","follow":"follow","max-snippet":"max-snippet:-1","max-image-preview":"max-image-preview:large","max-video-preview":"max-video-preview:-1"},"canonical":"https:\/\/www.integralpro.com.co\/index.php\/producto\/ups-interactiva-tripp-lite-1000va-800w-2-bancos-de-carga\/","og_locale":"es_ES","og_type":"article","og_title":"Ups Interactiva Tripp Lite 1000Va 800W 2 Bancos De Carga - IntegralPro","og_description":"# DE PARTE:SU1000XLA","og_url":"https:\/\/www.integralpro.com.co\/index.php\/producto\/ups-interactiva-tripp-lite-1000va-800w-2-bancos-de-carga\/","og_site_name":"IntegralPro","article_modified_time":"2021-02-19T20:03:03+00:00","og_image":[{"width":800,"height":800,"url":"https:\/\/www.integralpro.com.co\/wp-content\/uploads\/2021\/02\/c9b1d860edef990f96ce10e60f363c96.jpg","type":"image\/jpeg"}],"twitter_card":"summary_large_image","twitter_misc":{"Tiempo de lectura":"2 minutos"},"schema":{"@context":"https:\/\/schema.org","@graph":[{"@type":"WebPage","@id":"https:\/\/www.integralpro.com.co\/index.php\/producto\/ups-interactiva-tripp-lite-1000va-800w-2-bancos-de-carga\/","url":"https:\/\/www.integralpro.com.co\/index.php\/producto\/ups-interactiva-tripp-lite-1000va-800w-2-bancos-de-carga\/","name":"Ups Interactiva Tripp Lite 1000Va 800W 2 Bancos De Carga - IntegralPro","isPartOf":{"@id":"https:\/\/www.integralpro.com.co\/#website"},"primaryImageOfPage":{"@id":"https:\/\/www.integralpro.com.co\/index.php\/producto\/ups-interactiva-tripp-lite-1000va-800w-2-bancos-de-carga\/#primaryimage"},"image":{"@id":"https:\/\/www.integralpro.com.co\/index.php\/producto\/ups-interactiva-tripp-lite-1000va-800w-2-bancos-de-carga\/#primaryimage"},"thumbnailUrl":"https:\/\/www.integralpro.com.co\/wp-content\/uploads\/2021\/02\/c9b1d860edef990f96ce10e60f363c96.jpg","datePublished":"2021-02-19T20:02:13+00:00","dateModified":"2021-02-19T20:03:03+00:00","breadcrumb":{"@id":"https:\/\/www.integralpro.com.co\/index.php\/producto\/ups-interactiva-tripp-lite-1000va-800w-2-bancos-de-carga\/#breadcrumb"},"inLanguage":"es","potentialAction":[{"@type":"ReadAction","target":["https:\/\/www.integralpro.com.co\/index.php\/producto\/ups-interactiva-tripp-lite-1000va-800w-2-bancos-de-carga\/"]}]},{"@type":"ImageObject","inLanguage":"es","@id":"https:\/\/www.integralpro.com.co\/index.php\/producto\/ups-interactiva-tripp-lite-1000va-800w-2-bancos-de-carga\/#primaryimage","url":"https:\/\/www.integralpro.com.co\/wp-content\/uploads\/2021\/02\/c9b1d860edef990f96ce10e60f363c96.jpg","contentUrl":"https:\/\/www.integralpro.com.co\/wp-content\/uploads\/2021\/02\/c9b1d860edef990f96ce10e60f363c96.jpg","width":800,"height":800},{"@type":"BreadcrumbList","@id":"https:\/\/www.integralpro.com.co\/index.php\/producto\/ups-interactiva-tripp-lite-1000va-800w-2-bancos-de-carga\/#breadcrumb","itemListElement":[{"@type":"ListItem","position":1,"name":"Portada","item":"https:\/\/www.integralpro.com.co\/"},{"@type":"ListItem","position":2,"name":"Tienda","item":"https:\/\/www.integralpro.com.co\/index.php\/tienda\/"},{"@type":"ListItem","position":3,"name":"Ups Interactiva Tripp Lite 1000Va 800W 2 Bancos De Carga"}]},{"@type":"WebSite","@id":"https:\/\/www.integralpro.com.co\/#website","url":"https:\/\/www.integralpro.com.co\/","name":"IntegralPro","description":"Tienda de Tecnolog\u00eda en L\u00ednea","publisher":{"@id":"https:\/\/www.integralpro.com.co\/#organization"},"potentialAction":[{"@type":"SearchAction","target":{"@type":"EntryPoint","urlTemplate":"https:\/\/www.integralpro.com.co\/?s={search_term_string}"},"query-input":{"@type":"PropertyValueSpecification","valueRequired":true,"valueName":"search_term_string"}}],"inLanguage":"es"},{"@type":"Organization","@id":"https:\/\/www.integralpro.com.co\/#organization","name":"IntegralPro SAS","url":"https:\/\/www.integralpro.com.co\/","logo":{"@type":"ImageObject","inLanguage":"es","@id":"https:\/\/www.integralpro.com.co\/#\/schema\/logo\/image\/","url":"https:\/\/www.integralpro.com.co\/wp-content\/uploads\/2021\/02\/logo-def.jpg","contentUrl":"https:\/\/www.integralpro.com.co\/wp-content\/uploads\/2021\/02\/logo-def.jpg","width":238,"height":234,"caption":"IntegralPro SAS"},"image":{"@id":"https:\/\/www.integralpro.com.co\/#\/schema\/logo\/image\/"}}]}},"_links":{"self":[{"href":"https:\/\/www.integralpro.com.co\/index.php\/wp-json\/wp\/v2\/product\/3067","targetHints":{"allow":["GET"]}}],"collection":[{"href":"https:\/\/www.integralpro.com.co\/index.php\/wp-json\/wp\/v2\/product"}],"about":[{"href":"https:\/\/www.integralpro.com.co\/index.php\/wp-json\/wp\/v2\/types\/product"}],"version-history":[{"count":1,"href":"https:\/\/www.integralpro.com.co\/index.php\/wp-json\/wp\/v2\/product\/3067\/revisions"}],"predecessor-version":[{"id":3149,"href":"https:\/\/www.integralpro.com.co\/index.php\/wp-json\/wp\/v2\/product\/3067\/revisions\/3149"}],"wp:featuredmedia":[{"embeddable":true,"href":"https:\/\/www.integralpro.com.co\/index.php\/wp-json\/wp\/v2\/media\/3148"}],"wp:attachment":[{"href":"https:\/\/www.integralpro.com.co\/index.php\/wp-json\/wp\/v2\/media?parent=3067"}],"wp:term":[{"taxonomy":"product_brand","embeddable":true,"href":"https:\/\/www.integralpro.com.co\/index.php\/wp-json\/wp\/v2\/product_brand?post=3067"},{"taxonomy":"product_cat","embeddable":true,"href":"https:\/\/www.integralpro.com.co\/index.php\/wp-json\/wp\/v2\/product_cat?post=3067"},{"taxonomy":"product_tag","embeddable":true,"href":"https:\/\/www.integralpro.com.co\/index.php\/wp-json\/wp\/v2\/product_tag?post=3067"}],"curies":[{"name":"wp","href":"https:\/\/api.w.org\/{rel}","templated":true}]}}