{"id":3066,"date":"2021-02-19T15:02:13","date_gmt":"2021-02-19T20:02:13","guid":{"rendered":"https:\/\/www.integralpro.com.co\/index.php\/producto\/import-placeholder-for-1489\/"},"modified":"2021-02-19T15:03:02","modified_gmt":"2021-02-19T20:03:02","slug":"ups-interactiva-tripp-lite-1500va-900w-8-tomacorrientes","status":"publish","type":"product","link":"https:\/\/www.integralpro.com.co\/index.php\/producto\/ups-interactiva-tripp-lite-1500va-900w-8-tomacorrientes\/","title":{"rendered":"Ups Interactiva Tripp Lite 1500Va 900W 8 Tomacorrientes"},"content":{"rendered":"<p>UPS SmartPro LCD Interactivo de TRIPP-LITE 120V 1500VA 900W, <br \/>AVR, 2U para Rack\/Torre, LCD, USB, Serial DB9, 8 Tomacorrientes. Proporciona <br \/>respaldo y protecci\u00f3n de energ\u00eda de CA contra apagones, ca\u00eddas de voltaje, <br \/>sobretensiones y ruido en la l\u00ednea.<\/p>\n<p><\/p>\n<p><strong>Confiable Respaldo por Bater\u00eda<\/strong><\/p>\n<p><\/p>\n<p>Suministra protecci\u00f3n de energ\u00eda de alto rendimiento de 1500VA <br \/>\/ 900W para computadoras de escritorio, componentes de audio y video, centros de <br \/>medios y otros dispositivos electr\u00f3nicos Soporta carga al 50% (450W) hasta por <br \/>11.8 minutos y a plena carga (900W) hasta por 4.4 minutos La alarma ac\u00fastica <br \/>indica la perdida de energ\u00eda de la red p\u00fablica o bater\u00eda baja.<\/p>\n<p><\/p>\n<p><strong>Supresi\u00f3n de Sobretensiones en la L\u00ednea de <br \/>Alimentaci\u00f3n CA, Tel \/ DSL y Ethernet<\/strong><\/p>\n<p><\/p>\n<p>La especificaci\u00f3n de supresi\u00f3n de sobretensiones de 870 joules <br \/>protege al equipo conectado y datos contra picos da\u00f1inos de energ\u00eda Los <br \/>conectores RJ-45 integrados protegen la conexi\u00f3n de una l\u00ednea Tel \/ DSL o red de <br \/>Ethernet.<\/p>\n<p><\/p>\n<p><strong>Regulaci\u00f3n Autom\u00e1tica de Voltaje (AVR)<\/strong><\/p>\n<p><\/p>\n<p>Corrige bajos voltajes de hasta 75V y sobrevoltajes hasta 147V <br \/>sin p\u00e9rdida de energ\u00eda de respaldo de la bater\u00eda.<\/p>\n<p><\/p>\n<p><strong>Pantalla LCD de Estado Giratoria<\/strong><\/p>\n<p><\/p>\n<p>La gran pantalla LCD ofrece informaci\u00f3n de estado en tiempo <br \/>real sobre el modo de funcionamiento, voltaje, nivel de carga, porcentaje de <br \/>carga de bater\u00eda y autonom\u00eda estimada en minutos Opciones de configuraci\u00f3n de <br \/>UPS a trav\u00e9s del LCD del panel frontal incluyen auto-diagn\u00f3stico de la bater\u00eda, <br \/>configuraci\u00f3n de m\u00f3dulo de bater\u00eda externa, estado de encendido \/ apagado de la <br \/>alarma y brillo del LCD Gira para f\u00e1cil visualizaci\u00f3n en instalaciones <br \/>horizontales y verticales.<\/p>\n<p><\/p>\n<p><strong>Filtrado de Ruidos en la L\u00ednea por EMI \/ EFI<\/strong><\/p>\n<p><\/p>\n<p>Elimina la interferencia electromagn\u00e9tica y de radiofrecuencia <br \/>que pueda interrumpir o da\u00f1ar el funcionamiento de su equipo.<\/p>\n<p><\/p>\n<p><strong>Puertos de Comunicaci\u00f3n USB y DB9 y Software <br \/>PowerAlert Gratuito<\/strong><\/p>\n<p><\/p>\n<p>El puerto USB compatible con HID se integra con la <br \/>administraci\u00f3n de energ\u00eda y el apagado autom\u00e1tico incorporados de Windows y Mac <br \/>OS X Los puertos USB y Serial permiten apagar y guardar la informaci\u00f3n sin <br \/>supervisi\u00f3n cuando se usa con el software PowerAlert de Tripp Lite, disponible <br \/>para descarga GRATUITA de www.tripplite.com\/poweralert.<\/p>\n<p><\/p>\n<p><strong>Flexibles Opciones de Instalaci\u00f3n<\/strong><\/p>\n<p><\/p>\n<p>La clavija NEMA 5-15P con cable de 1.83 m [6 pies] conecta a <br \/>cualquier contacto NEMA 5-15R Se adapta a instalaci\u00f3n vertical u horizontal con <br \/>los accesorios incluidos.<\/p>\n<p><\/p>\n<p><strong>Especificaciones T\u00e9cnicas<\/strong><\/p>\n<p><\/p>\n<p>Dimensiones: 38 x 53 x 18 cm<\/p>\n<p>Peso: 14kg<\/p>\n<p>Tipo de UPS Interactivo<\/p>\n<p>SALIDA: Capacidad de Salida en Volts Amperes (VA) 1500 <\/p>\n<p>Capacidad de salida (kVA) 1.5 <\/p>\n<p>Capacidad de Salida (Watts) 900 <\/p>\n<p>Tomacorrientes (8) 5-15R<\/p>\n<p>Voltaje(s) Nominal(es) de Salida Soportado(s) 110V; 115V; 120V ENTRADA 120V CA<\/p>\n<p>Salida nominal de 115V en modo de respaldo por bater\u00eda <\/p>\n<p>Tipo de conexi\u00f3n de entrada del UPS 5-15P; En \u00c1ngulo Recto <\/p>\n<p>Breakers de entrada 10A <\/p>\n<p>Longitud del cable de alimentaci\u00f3n del UPS (pies) 6 <\/p>\n<p>Longitud del Cable de Alimentaci\u00f3n del UPS (m) 1.8<\/p>\n<p>Compatibilidad de Frecuencia 60 Hz <\/p>\n<p>Regulaci\u00f3n del Voltaje de Salida (Modo de L\u00ednea) -18%, +8% <\/p>\n<p>Regulaci\u00f3n del voltaje de salida (modo de bater\u00eda) 115V (+\/- 5%)<\/p>\n<p><\/p>\n<p><strong>Contenido Del Paquete<\/strong><\/p>\n<p><\/p>\n<p>UPS Interactiva &#8211; Documentaci\u00f3n<\/p>\n","protected":false},"excerpt":{"rendered":"<p># DE PARTE:SMART1500LCD<\/p>\n","protected":false},"featured_media":3146,"template":"","meta":{"site-sidebar-layout":"default","site-content-layout":"","ast-site-content-layout":"default","site-content-style":"default","site-sidebar-style":"default","ast-global-header-display":"","ast-banner-title-visibility":"","ast-main-header-display":"","ast-hfb-above-header-display":"","ast-hfb-below-header-display":"","ast-hfb-mobile-header-display":"","site-post-title":"","ast-breadcrumbs-content":"","ast-featured-img":"","footer-sml-layout":"","ast-disable-related-posts":"","theme-transparent-header-meta":"","adv-header-id-meta":"","stick-header-meta":"","header-above-stick-meta":"","header-main-stick-meta":"","header-below-stick-meta":"","astra-migrate-meta-layouts":"default","ast-page-background-enabled":"default","ast-page-background-meta":{"desktop":{"background-color":"var(--ast-global-color-4)","background-image":"","background-repeat":"repeat","background-position":"center center","background-size":"auto","background-attachment":"scroll","background-type":"","background-media":"","overlay-type":"","overlay-color":"","overlay-opacity":"","overlay-gradient":""},"tablet":{"background-color":"","background-image":"","background-repeat":"repeat","background-position":"center center","background-size":"auto","background-attachment":"scroll","background-type":"","background-media":"","overlay-type":"","overlay-color":"","overlay-opacity":"","overlay-gradient":""},"mobile":{"background-color":"","background-image":"","background-repeat":"repeat","background-position":"center center","background-size":"auto","background-attachment":"scroll","background-type":"","background-media":"","overlay-type":"","overlay-color":"","overlay-opacity":"","overlay-gradient":""}},"ast-content-background-meta":{"desktop":{"background-color":"var(--ast-global-color-5)","background-image":"","background-repeat":"repeat","background-position":"center center","background-size":"auto","background-attachment":"scroll","background-type":"","background-media":"","overlay-type":"","overlay-color":"","overlay-opacity":"","overlay-gradient":""},"tablet":{"background-color":"var(--ast-global-color-5)","background-image":"","background-repeat":"repeat","background-position":"center center","background-size":"auto","background-attachment":"scroll","background-type":"","background-media":"","overlay-type":"","overlay-color":"","overlay-opacity":"","overlay-gradient":""},"mobile":{"background-color":"var(--ast-global-color-5)","background-image":"","background-repeat":"repeat","background-position":"center center","background-size":"auto","background-attachment":"scroll","background-type":"","background-media":"","overlay-type":"","overlay-color":"","overlay-opacity":"","overlay-gradient":""}}},"product_brand":[],"product_cat":[162,65],"product_tag":[473],"class_list":{"0":"post-3066","1":"product","2":"type-product","3":"status-publish","4":"has-post-thumbnail","6":"product_cat-ups","7":"product_cat-ups-reguladores-de-voltaje","8":"product_tag-tripplite","9":"desktop-align-left","10":"tablet-align-left","11":"mobile-align-left","13":"first","14":"instock","15":"taxable","16":"shipping-taxable","17":"product-type-simple"},"yoast_head":"<!-- This site is optimized with the Yoast SEO plugin v27.4 - https:\/\/yoast.com\/product\/yoast-seo-wordpress\/ -->\n<title>Ups Interactiva Tripp Lite 1500Va 900W 8 Tomacorrientes - IntegralPro<\/title>\n<meta name=\"robots\" content=\"index, follow, max-snippet:-1, max-image-preview:large, max-video-preview:-1\" \/>\n<link rel=\"canonical\" href=\"https:\/\/www.integralpro.com.co\/index.php\/producto\/ups-interactiva-tripp-lite-1500va-900w-8-tomacorrientes\/\" \/>\n<meta property=\"og:locale\" content=\"es_ES\" \/>\n<meta property=\"og:type\" content=\"article\" \/>\n<meta property=\"og:title\" content=\"Ups Interactiva Tripp Lite 1500Va 900W 8 Tomacorrientes - IntegralPro\" \/>\n<meta property=\"og:description\" content=\"# DE PARTE:SMART1500LCD\" \/>\n<meta property=\"og:url\" content=\"https:\/\/www.integralpro.com.co\/index.php\/producto\/ups-interactiva-tripp-lite-1500va-900w-8-tomacorrientes\/\" \/>\n<meta property=\"og:site_name\" content=\"IntegralPro\" \/>\n<meta property=\"article:modified_time\" content=\"2021-02-19T20:03:02+00:00\" \/>\n<meta property=\"og:image\" content=\"https:\/\/www.integralpro.com.co\/wp-content\/uploads\/2021\/02\/9c13f8df72a05da1ca3c1fa86b13202e.jpg\" \/>\n\t<meta property=\"og:image:width\" content=\"800\" \/>\n\t<meta property=\"og:image:height\" content=\"800\" \/>\n\t<meta property=\"og:image:type\" content=\"image\/jpeg\" \/>\n<meta name=\"twitter:card\" content=\"summary_large_image\" \/>\n<meta name=\"twitter:label1\" content=\"Tiempo de lectura\" \/>\n\t<meta name=\"twitter:data1\" content=\"3 minutos\" \/>\n<script type=\"application\/ld+json\" class=\"yoast-schema-graph\">{\"@context\":\"https:\\\/\\\/schema.org\",\"@graph\":[{\"@type\":\"WebPage\",\"@id\":\"https:\\\/\\\/www.integralpro.com.co\\\/index.php\\\/producto\\\/ups-interactiva-tripp-lite-1500va-900w-8-tomacorrientes\\\/\",\"url\":\"https:\\\/\\\/www.integralpro.com.co\\\/index.php\\\/producto\\\/ups-interactiva-tripp-lite-1500va-900w-8-tomacorrientes\\\/\",\"name\":\"Ups Interactiva Tripp Lite 1500Va 900W 8 Tomacorrientes - IntegralPro\",\"isPartOf\":{\"@id\":\"https:\\\/\\\/www.integralpro.com.co\\\/#website\"},\"primaryImageOfPage\":{\"@id\":\"https:\\\/\\\/www.integralpro.com.co\\\/index.php\\\/producto\\\/ups-interactiva-tripp-lite-1500va-900w-8-tomacorrientes\\\/#primaryimage\"},\"image\":{\"@id\":\"https:\\\/\\\/www.integralpro.com.co\\\/index.php\\\/producto\\\/ups-interactiva-tripp-lite-1500va-900w-8-tomacorrientes\\\/#primaryimage\"},\"thumbnailUrl\":\"https:\\\/\\\/www.integralpro.com.co\\\/wp-content\\\/uploads\\\/2021\\\/02\\\/9c13f8df72a05da1ca3c1fa86b13202e.jpg\",\"datePublished\":\"2021-02-19T20:02:13+00:00\",\"dateModified\":\"2021-02-19T20:03:02+00:00\",\"breadcrumb\":{\"@id\":\"https:\\\/\\\/www.integralpro.com.co\\\/index.php\\\/producto\\\/ups-interactiva-tripp-lite-1500va-900w-8-tomacorrientes\\\/#breadcrumb\"},\"inLanguage\":\"es\",\"potentialAction\":[{\"@type\":\"ReadAction\",\"target\":[\"https:\\\/\\\/www.integralpro.com.co\\\/index.php\\\/producto\\\/ups-interactiva-tripp-lite-1500va-900w-8-tomacorrientes\\\/\"]}]},{\"@type\":\"ImageObject\",\"inLanguage\":\"es\",\"@id\":\"https:\\\/\\\/www.integralpro.com.co\\\/index.php\\\/producto\\\/ups-interactiva-tripp-lite-1500va-900w-8-tomacorrientes\\\/#primaryimage\",\"url\":\"https:\\\/\\\/www.integralpro.com.co\\\/wp-content\\\/uploads\\\/2021\\\/02\\\/9c13f8df72a05da1ca3c1fa86b13202e.jpg\",\"contentUrl\":\"https:\\\/\\\/www.integralpro.com.co\\\/wp-content\\\/uploads\\\/2021\\\/02\\\/9c13f8df72a05da1ca3c1fa86b13202e.jpg\",\"width\":800,\"height\":800},{\"@type\":\"BreadcrumbList\",\"@id\":\"https:\\\/\\\/www.integralpro.com.co\\\/index.php\\\/producto\\\/ups-interactiva-tripp-lite-1500va-900w-8-tomacorrientes\\\/#breadcrumb\",\"itemListElement\":[{\"@type\":\"ListItem\",\"position\":1,\"name\":\"Portada\",\"item\":\"https:\\\/\\\/www.integralpro.com.co\\\/\"},{\"@type\":\"ListItem\",\"position\":2,\"name\":\"Tienda\",\"item\":\"https:\\\/\\\/www.integralpro.com.co\\\/index.php\\\/tienda\\\/\"},{\"@type\":\"ListItem\",\"position\":3,\"name\":\"Ups Interactiva Tripp Lite 1500Va 900W 8 Tomacorrientes\"}]},{\"@type\":\"WebSite\",\"@id\":\"https:\\\/\\\/www.integralpro.com.co\\\/#website\",\"url\":\"https:\\\/\\\/www.integralpro.com.co\\\/\",\"name\":\"IntegralPro\",\"description\":\"Tienda de Tecnolog\u00eda en L\u00ednea\",\"publisher\":{\"@id\":\"https:\\\/\\\/www.integralpro.com.co\\\/#organization\"},\"potentialAction\":[{\"@type\":\"SearchAction\",\"target\":{\"@type\":\"EntryPoint\",\"urlTemplate\":\"https:\\\/\\\/www.integralpro.com.co\\\/?s={search_term_string}\"},\"query-input\":{\"@type\":\"PropertyValueSpecification\",\"valueRequired\":true,\"valueName\":\"search_term_string\"}}],\"inLanguage\":\"es\"},{\"@type\":\"Organization\",\"@id\":\"https:\\\/\\\/www.integralpro.com.co\\\/#organization\",\"name\":\"IntegralPro SAS\",\"url\":\"https:\\\/\\\/www.integralpro.com.co\\\/\",\"logo\":{\"@type\":\"ImageObject\",\"inLanguage\":\"es\",\"@id\":\"https:\\\/\\\/www.integralpro.com.co\\\/#\\\/schema\\\/logo\\\/image\\\/\",\"url\":\"https:\\\/\\\/www.integralpro.com.co\\\/wp-content\\\/uploads\\\/2021\\\/02\\\/logo-def.jpg\",\"contentUrl\":\"https:\\\/\\\/www.integralpro.com.co\\\/wp-content\\\/uploads\\\/2021\\\/02\\\/logo-def.jpg\",\"width\":238,\"height\":234,\"caption\":\"IntegralPro SAS\"},\"image\":{\"@id\":\"https:\\\/\\\/www.integralpro.com.co\\\/#\\\/schema\\\/logo\\\/image\\\/\"}}]}<\/script>\n<!-- \/ Yoast SEO plugin. -->","yoast_head_json":{"title":"Ups Interactiva Tripp Lite 1500Va 900W 8 Tomacorrientes - IntegralPro","robots":{"index":"index","follow":"follow","max-snippet":"max-snippet:-1","max-image-preview":"max-image-preview:large","max-video-preview":"max-video-preview:-1"},"canonical":"https:\/\/www.integralpro.com.co\/index.php\/producto\/ups-interactiva-tripp-lite-1500va-900w-8-tomacorrientes\/","og_locale":"es_ES","og_type":"article","og_title":"Ups Interactiva Tripp Lite 1500Va 900W 8 Tomacorrientes - IntegralPro","og_description":"# DE PARTE:SMART1500LCD","og_url":"https:\/\/www.integralpro.com.co\/index.php\/producto\/ups-interactiva-tripp-lite-1500va-900w-8-tomacorrientes\/","og_site_name":"IntegralPro","article_modified_time":"2021-02-19T20:03:02+00:00","og_image":[{"width":800,"height":800,"url":"https:\/\/www.integralpro.com.co\/wp-content\/uploads\/2021\/02\/9c13f8df72a05da1ca3c1fa86b13202e.jpg","type":"image\/jpeg"}],"twitter_card":"summary_large_image","twitter_misc":{"Tiempo de lectura":"3 minutos"},"schema":{"@context":"https:\/\/schema.org","@graph":[{"@type":"WebPage","@id":"https:\/\/www.integralpro.com.co\/index.php\/producto\/ups-interactiva-tripp-lite-1500va-900w-8-tomacorrientes\/","url":"https:\/\/www.integralpro.com.co\/index.php\/producto\/ups-interactiva-tripp-lite-1500va-900w-8-tomacorrientes\/","name":"Ups Interactiva Tripp Lite 1500Va 900W 8 Tomacorrientes - IntegralPro","isPartOf":{"@id":"https:\/\/www.integralpro.com.co\/#website"},"primaryImageOfPage":{"@id":"https:\/\/www.integralpro.com.co\/index.php\/producto\/ups-interactiva-tripp-lite-1500va-900w-8-tomacorrientes\/#primaryimage"},"image":{"@id":"https:\/\/www.integralpro.com.co\/index.php\/producto\/ups-interactiva-tripp-lite-1500va-900w-8-tomacorrientes\/#primaryimage"},"thumbnailUrl":"https:\/\/www.integralpro.com.co\/wp-content\/uploads\/2021\/02\/9c13f8df72a05da1ca3c1fa86b13202e.jpg","datePublished":"2021-02-19T20:02:13+00:00","dateModified":"2021-02-19T20:03:02+00:00","breadcrumb":{"@id":"https:\/\/www.integralpro.com.co\/index.php\/producto\/ups-interactiva-tripp-lite-1500va-900w-8-tomacorrientes\/#breadcrumb"},"inLanguage":"es","potentialAction":[{"@type":"ReadAction","target":["https:\/\/www.integralpro.com.co\/index.php\/producto\/ups-interactiva-tripp-lite-1500va-900w-8-tomacorrientes\/"]}]},{"@type":"ImageObject","inLanguage":"es","@id":"https:\/\/www.integralpro.com.co\/index.php\/producto\/ups-interactiva-tripp-lite-1500va-900w-8-tomacorrientes\/#primaryimage","url":"https:\/\/www.integralpro.com.co\/wp-content\/uploads\/2021\/02\/9c13f8df72a05da1ca3c1fa86b13202e.jpg","contentUrl":"https:\/\/www.integralpro.com.co\/wp-content\/uploads\/2021\/02\/9c13f8df72a05da1ca3c1fa86b13202e.jpg","width":800,"height":800},{"@type":"BreadcrumbList","@id":"https:\/\/www.integralpro.com.co\/index.php\/producto\/ups-interactiva-tripp-lite-1500va-900w-8-tomacorrientes\/#breadcrumb","itemListElement":[{"@type":"ListItem","position":1,"name":"Portada","item":"https:\/\/www.integralpro.com.co\/"},{"@type":"ListItem","position":2,"name":"Tienda","item":"https:\/\/www.integralpro.com.co\/index.php\/tienda\/"},{"@type":"ListItem","position":3,"name":"Ups Interactiva Tripp Lite 1500Va 900W 8 Tomacorrientes"}]},{"@type":"WebSite","@id":"https:\/\/www.integralpro.com.co\/#website","url":"https:\/\/www.integralpro.com.co\/","name":"IntegralPro","description":"Tienda de Tecnolog\u00eda en L\u00ednea","publisher":{"@id":"https:\/\/www.integralpro.com.co\/#organization"},"potentialAction":[{"@type":"SearchAction","target":{"@type":"EntryPoint","urlTemplate":"https:\/\/www.integralpro.com.co\/?s={search_term_string}"},"query-input":{"@type":"PropertyValueSpecification","valueRequired":true,"valueName":"search_term_string"}}],"inLanguage":"es"},{"@type":"Organization","@id":"https:\/\/www.integralpro.com.co\/#organization","name":"IntegralPro SAS","url":"https:\/\/www.integralpro.com.co\/","logo":{"@type":"ImageObject","inLanguage":"es","@id":"https:\/\/www.integralpro.com.co\/#\/schema\/logo\/image\/","url":"https:\/\/www.integralpro.com.co\/wp-content\/uploads\/2021\/02\/logo-def.jpg","contentUrl":"https:\/\/www.integralpro.com.co\/wp-content\/uploads\/2021\/02\/logo-def.jpg","width":238,"height":234,"caption":"IntegralPro SAS"},"image":{"@id":"https:\/\/www.integralpro.com.co\/#\/schema\/logo\/image\/"}}]}},"_links":{"self":[{"href":"https:\/\/www.integralpro.com.co\/index.php\/wp-json\/wp\/v2\/product\/3066","targetHints":{"allow":["GET"]}}],"collection":[{"href":"https:\/\/www.integralpro.com.co\/index.php\/wp-json\/wp\/v2\/product"}],"about":[{"href":"https:\/\/www.integralpro.com.co\/index.php\/wp-json\/wp\/v2\/types\/product"}],"version-history":[{"count":1,"href":"https:\/\/www.integralpro.com.co\/index.php\/wp-json\/wp\/v2\/product\/3066\/revisions"}],"predecessor-version":[{"id":3147,"href":"https:\/\/www.integralpro.com.co\/index.php\/wp-json\/wp\/v2\/product\/3066\/revisions\/3147"}],"wp:featuredmedia":[{"embeddable":true,"href":"https:\/\/www.integralpro.com.co\/index.php\/wp-json\/wp\/v2\/media\/3146"}],"wp:attachment":[{"href":"https:\/\/www.integralpro.com.co\/index.php\/wp-json\/wp\/v2\/media?parent=3066"}],"wp:term":[{"taxonomy":"product_brand","embeddable":true,"href":"https:\/\/www.integralpro.com.co\/index.php\/wp-json\/wp\/v2\/product_brand?post=3066"},{"taxonomy":"product_cat","embeddable":true,"href":"https:\/\/www.integralpro.com.co\/index.php\/wp-json\/wp\/v2\/product_cat?post=3066"},{"taxonomy":"product_tag","embeddable":true,"href":"https:\/\/www.integralpro.com.co\/index.php\/wp-json\/wp\/v2\/product_tag?post=3066"}],"curies":[{"name":"wp","href":"https:\/\/api.w.org\/{rel}","templated":true}]}}