{"id":3064,"date":"2021-02-19T15:02:13","date_gmt":"2021-02-19T20:02:13","guid":{"rendered":"https:\/\/www.integralpro.com.co\/index.php\/producto\/import-placeholder-for-1487\/"},"modified":"2021-02-19T15:02:57","modified_gmt":"2021-02-19T20:02:57","slug":"punto-de-acceso-inalambrico-logitech-eap115-montaje-techo","status":"publish","type":"product","link":"https:\/\/www.integralpro.com.co\/index.php\/producto\/punto-de-acceso-inalambrico-logitech-eap115-montaje-techo\/","title":{"rendered":"Punto De Acceso Inalambrico Logitech Eap115 Montaje Techo"},"content":{"rendered":"<p>Punto de Acceso Inal\u00e1mbrico N a 300Mbps con Montaje de Techo <br \/>EAP115 de LOGITECH.<\/p>\n<p><\/p>\n<p><strong>Una soluci\u00f3n Wi-Fi empresarial escalable y asequible<\/strong><\/p>\n<p><\/p>\n<p>Punto de acceso de montaje en techo inal\u00e1mbrico N de 300 Mbps.<\/p>\n<p><\/p>\n<p><strong>Gesti\u00f3n centralizada gratuita en la nube<\/strong><\/p>\n<p><\/p>\n<p>Omada Cloud Controller OC200 y Omada Software Controller <br \/>facilitan la administraci\u00f3n y el monitoreo de toda la red Omada en tiempo real, <br \/>mientras que el servicio en la nube permite el acceso remoto y seguro sin <br \/>importar d\u00f3nde se encuentre.<\/p>\n<p><\/p>\n<p><strong>Red de invitados con soporte para Facebook y SMS<\/strong><\/p>\n<p><\/p>\n<p>El portal cautivo ayuda a mantener solo invitados autorizados <br \/>para usar la red, presentando dispositivos con un m\u00e9todo de autenticaci\u00f3n <br \/>conveniente y f\u00e1cil de usar para otorgar acceso a Wi-Fi. La incorporaci\u00f3n de la <br \/>autenticaci\u00f3n por SMS y Facebook simplifica a\u00fan m\u00e1s el portal cautivo para <br \/>simplificar la conectividad e impulsar su negocio.<\/p>\n<p><\/p>\n<p><strong>Ahorro de tiempo e implementaci\u00f3n flexible<\/strong><\/p>\n<p><\/p>\n<p>El Omada EAP115 est\u00e1 dise\u00f1ado para una f\u00e1cil instalaci\u00f3n en <br \/>cualquier pared o techo. La funci\u00f3n Power over Ethernet (PoE) permite que los <br \/>cables de su red transporten energ\u00eda el\u00e9ctrica para minimizar el desorden de <br \/>cables. Es una molestia de cableado m\u00e1s de la que no tiene que preocuparse <br \/>cuando opera su sistema de administraci\u00f3n centralizado.<\/p>\n<p><\/p>\n<p><strong>Administraci\u00f3n f\u00e1cil con la aplicaci\u00f3n Omada<\/strong><\/p>\n<p><\/p>\n<p>Siga las instrucciones de configuraci\u00f3n en la aplicaci\u00f3n <br \/>gratuita Omada para configurarlo en minutos. Omada le permite configurar <br \/>ajustes, monitorear el estado de la red y administrar clientes, todo desde la <br \/>comodidad de un tel\u00e9fono inteligente o tableta.<\/p>\n<p><\/p>\n<p><strong>Compatibilidad <\/strong><\/p>\n<p><\/p>\n<p>El Omanda EAP115 es compatible con Microsoft Windows <br \/>10\/8\/7\/Vista\/XP.<\/p>\n<p><\/p>\n<p><strong>Especificaciones T\u00e9cnicas<\/strong><\/p>\n<p><\/p>\n<p>Dimensiones: 18 x 4 x 17 cm<\/p>\n<p>Peso: 320gr<\/p>\n<p>Interfaz Puerto Fast Ethernet (RJ-45) * 1 (Admite IEEE802.3af PoE) <\/p>\n<p>Bot\u00f3n Reiniciar <\/p>\n<p>Tipo de Antena Omni interno de 2 * 4dBi <\/p>\n<p>Montaje Montaje en techo \/ pared<\/p>\n<p>Fuente de Alimentaci\u00f3n PoE o fuente de alimentaci\u00f3n externa de 9VDC \/ 0.6A <\/p>\n<p>Est\u00e1ndares Inal\u00e1mbricos IEEE 802.11n, IEEE 802.11g, IEEE 802.11b <\/p>\n<p>Frecuencia 2.4-2.4835GHz <\/p>\n<p>Funciones Inal\u00e1mbricas: M\u00faltiples SSID (Hasta 8 SSID\uff09 <\/p>\n<p>Activar \/ Desactivar radio inal\u00e1mbrica <\/p>\n<p>Asignaci\u00f3n autom\u00e1tica de canales <\/p>\n<p>Control de potencia de transmisi\u00f3n<\/p>\n<p>Seguridad Inal\u00e1mbrica: Autenticaci\u00f3n de portal cautivo <\/p>\n<p>Control de acceso <\/p>\n<p>Filtrado de direcci\u00f3n MAC inal\u00e1mbrica <\/p>\n<p>Aislamiento inal\u00e1mbrico entre clientes<\/p>\n<p>Potencia de Transmisi\u00f3n CE: \u226419dBm (PIRE) FCC: \u226421dBm<\/p>\n<p>Tasa de Se\u00f1al 11n: hasta 300Mbps (din\u00e1mico) 11g: hasta 54Mbps (din\u00e1mico) 11b: <br \/>hasta 11Mbps (din\u00e1mico)<\/p>\n<p>Consumo de Energ\u00eda 2.8W<\/p>\n<p><\/p>\n<p><strong>Contenido Del Paquete<\/strong><\/p>\n<p><\/p>\n<p>Punto de acceso Inal\u00e1mbrico &#8211; Documentaci\u00f3n<\/p>\n","protected":false},"excerpt":{"rendered":"<p># DE PARTE:EAP115<\/p>\n","protected":false},"featured_media":3129,"template":"","meta":{"site-sidebar-layout":"default","site-content-layout":"","ast-site-content-layout":"default","site-content-style":"default","site-sidebar-style":"default","ast-global-header-display":"","ast-banner-title-visibility":"","ast-main-header-display":"","ast-hfb-above-header-display":"","ast-hfb-below-header-display":"","ast-hfb-mobile-header-display":"","site-post-title":"","ast-breadcrumbs-content":"","ast-featured-img":"","footer-sml-layout":"","ast-disable-related-posts":"","theme-transparent-header-meta":"","adv-header-id-meta":"","stick-header-meta":"","header-above-stick-meta":"","header-main-stick-meta":"","header-below-stick-meta":"","astra-migrate-meta-layouts":"default","ast-page-background-enabled":"default","ast-page-background-meta":{"desktop":{"background-color":"var(--ast-global-color-4)","background-image":"","background-repeat":"repeat","background-position":"center center","background-size":"auto","background-attachment":"scroll","background-type":"","background-media":"","overlay-type":"","overlay-color":"","overlay-opacity":"","overlay-gradient":""},"tablet":{"background-color":"","background-image":"","background-repeat":"repeat","background-position":"center center","background-size":"auto","background-attachment":"scroll","background-type":"","background-media":"","overlay-type":"","overlay-color":"","overlay-opacity":"","overlay-gradient":""},"mobile":{"background-color":"","background-image":"","background-repeat":"repeat","background-position":"center center","background-size":"auto","background-attachment":"scroll","background-type":"","background-media":"","overlay-type":"","overlay-color":"","overlay-opacity":"","overlay-gradient":""}},"ast-content-background-meta":{"desktop":{"background-color":"var(--ast-global-color-5)","background-image":"","background-repeat":"repeat","background-position":"center center","background-size":"auto","background-attachment":"scroll","background-type":"","background-media":"","overlay-type":"","overlay-color":"","overlay-opacity":"","overlay-gradient":""},"tablet":{"background-color":"var(--ast-global-color-5)","background-image":"","background-repeat":"repeat","background-position":"center center","background-size":"auto","background-attachment":"scroll","background-type":"","background-media":"","overlay-type":"","overlay-color":"","overlay-opacity":"","overlay-gradient":""},"mobile":{"background-color":"var(--ast-global-color-5)","background-image":"","background-repeat":"repeat","background-position":"center center","background-size":"auto","background-attachment":"scroll","background-type":"","background-media":"","overlay-type":"","overlay-color":"","overlay-opacity":"","overlay-gradient":""}}},"product_brand":[],"product_cat":[152,62],"product_tag":[45],"class_list":{"0":"post-3064","1":"product","2":"type-product","3":"status-publish","4":"has-post-thumbnail","6":"product_cat-access-point","7":"product_cat-redes","8":"product_tag-tp-link","9":"desktop-align-left","10":"tablet-align-left","11":"mobile-align-left","13":"first","14":"instock","15":"taxable","16":"shipping-taxable","17":"product-type-simple"},"yoast_head":"<!-- This site is optimized with the Yoast SEO plugin v27.4 - https:\/\/yoast.com\/product\/yoast-seo-wordpress\/ -->\n<title>Punto De Acceso Inalambrico Logitech Eap115 Montaje Techo - IntegralPro<\/title>\n<meta name=\"robots\" content=\"index, follow, max-snippet:-1, max-image-preview:large, max-video-preview:-1\" \/>\n<link rel=\"canonical\" href=\"https:\/\/www.integralpro.com.co\/index.php\/producto\/punto-de-acceso-inalambrico-logitech-eap115-montaje-techo\/\" \/>\n<meta property=\"og:locale\" content=\"es_ES\" \/>\n<meta property=\"og:type\" content=\"article\" \/>\n<meta property=\"og:title\" content=\"Punto De Acceso Inalambrico Logitech Eap115 Montaje Techo - IntegralPro\" \/>\n<meta property=\"og:description\" content=\"# DE PARTE:EAP115\" \/>\n<meta property=\"og:url\" content=\"https:\/\/www.integralpro.com.co\/index.php\/producto\/punto-de-acceso-inalambrico-logitech-eap115-montaje-techo\/\" \/>\n<meta property=\"og:site_name\" content=\"IntegralPro\" \/>\n<meta property=\"article:modified_time\" content=\"2021-02-19T20:02:57+00:00\" \/>\n<meta property=\"og:image\" content=\"https:\/\/www.integralpro.com.co\/wp-content\/uploads\/2021\/02\/17a5d59852cd74070ce24c59fbd970cb.jpg\" \/>\n\t<meta property=\"og:image:width\" content=\"800\" \/>\n\t<meta property=\"og:image:height\" content=\"800\" \/>\n\t<meta property=\"og:image:type\" content=\"image\/jpeg\" \/>\n<meta name=\"twitter:card\" content=\"summary_large_image\" \/>\n<meta name=\"twitter:label1\" content=\"Tiempo de lectura\" \/>\n\t<meta name=\"twitter:data1\" content=\"2 minutos\" \/>\n<script type=\"application\/ld+json\" class=\"yoast-schema-graph\">{\"@context\":\"https:\\\/\\\/schema.org\",\"@graph\":[{\"@type\":\"WebPage\",\"@id\":\"https:\\\/\\\/www.integralpro.com.co\\\/index.php\\\/producto\\\/punto-de-acceso-inalambrico-logitech-eap115-montaje-techo\\\/\",\"url\":\"https:\\\/\\\/www.integralpro.com.co\\\/index.php\\\/producto\\\/punto-de-acceso-inalambrico-logitech-eap115-montaje-techo\\\/\",\"name\":\"Punto De Acceso Inalambrico Logitech Eap115 Montaje Techo - IntegralPro\",\"isPartOf\":{\"@id\":\"https:\\\/\\\/www.integralpro.com.co\\\/#website\"},\"primaryImageOfPage\":{\"@id\":\"https:\\\/\\\/www.integralpro.com.co\\\/index.php\\\/producto\\\/punto-de-acceso-inalambrico-logitech-eap115-montaje-techo\\\/#primaryimage\"},\"image\":{\"@id\":\"https:\\\/\\\/www.integralpro.com.co\\\/index.php\\\/producto\\\/punto-de-acceso-inalambrico-logitech-eap115-montaje-techo\\\/#primaryimage\"},\"thumbnailUrl\":\"https:\\\/\\\/www.integralpro.com.co\\\/wp-content\\\/uploads\\\/2021\\\/02\\\/17a5d59852cd74070ce24c59fbd970cb.jpg\",\"datePublished\":\"2021-02-19T20:02:13+00:00\",\"dateModified\":\"2021-02-19T20:02:57+00:00\",\"breadcrumb\":{\"@id\":\"https:\\\/\\\/www.integralpro.com.co\\\/index.php\\\/producto\\\/punto-de-acceso-inalambrico-logitech-eap115-montaje-techo\\\/#breadcrumb\"},\"inLanguage\":\"es\",\"potentialAction\":[{\"@type\":\"ReadAction\",\"target\":[\"https:\\\/\\\/www.integralpro.com.co\\\/index.php\\\/producto\\\/punto-de-acceso-inalambrico-logitech-eap115-montaje-techo\\\/\"]}]},{\"@type\":\"ImageObject\",\"inLanguage\":\"es\",\"@id\":\"https:\\\/\\\/www.integralpro.com.co\\\/index.php\\\/producto\\\/punto-de-acceso-inalambrico-logitech-eap115-montaje-techo\\\/#primaryimage\",\"url\":\"https:\\\/\\\/www.integralpro.com.co\\\/wp-content\\\/uploads\\\/2021\\\/02\\\/17a5d59852cd74070ce24c59fbd970cb.jpg\",\"contentUrl\":\"https:\\\/\\\/www.integralpro.com.co\\\/wp-content\\\/uploads\\\/2021\\\/02\\\/17a5d59852cd74070ce24c59fbd970cb.jpg\",\"width\":800,\"height\":800},{\"@type\":\"BreadcrumbList\",\"@id\":\"https:\\\/\\\/www.integralpro.com.co\\\/index.php\\\/producto\\\/punto-de-acceso-inalambrico-logitech-eap115-montaje-techo\\\/#breadcrumb\",\"itemListElement\":[{\"@type\":\"ListItem\",\"position\":1,\"name\":\"Portada\",\"item\":\"https:\\\/\\\/www.integralpro.com.co\\\/\"},{\"@type\":\"ListItem\",\"position\":2,\"name\":\"Tienda\",\"item\":\"https:\\\/\\\/www.integralpro.com.co\\\/index.php\\\/tienda\\\/\"},{\"@type\":\"ListItem\",\"position\":3,\"name\":\"Punto De Acceso Inalambrico Logitech Eap115 Montaje Techo\"}]},{\"@type\":\"WebSite\",\"@id\":\"https:\\\/\\\/www.integralpro.com.co\\\/#website\",\"url\":\"https:\\\/\\\/www.integralpro.com.co\\\/\",\"name\":\"IntegralPro\",\"description\":\"Tienda de Tecnolog\u00eda en L\u00ednea\",\"publisher\":{\"@id\":\"https:\\\/\\\/www.integralpro.com.co\\\/#organization\"},\"potentialAction\":[{\"@type\":\"SearchAction\",\"target\":{\"@type\":\"EntryPoint\",\"urlTemplate\":\"https:\\\/\\\/www.integralpro.com.co\\\/?s={search_term_string}\"},\"query-input\":{\"@type\":\"PropertyValueSpecification\",\"valueRequired\":true,\"valueName\":\"search_term_string\"}}],\"inLanguage\":\"es\"},{\"@type\":\"Organization\",\"@id\":\"https:\\\/\\\/www.integralpro.com.co\\\/#organization\",\"name\":\"IntegralPro SAS\",\"url\":\"https:\\\/\\\/www.integralpro.com.co\\\/\",\"logo\":{\"@type\":\"ImageObject\",\"inLanguage\":\"es\",\"@id\":\"https:\\\/\\\/www.integralpro.com.co\\\/#\\\/schema\\\/logo\\\/image\\\/\",\"url\":\"https:\\\/\\\/www.integralpro.com.co\\\/wp-content\\\/uploads\\\/2021\\\/02\\\/logo-def.jpg\",\"contentUrl\":\"https:\\\/\\\/www.integralpro.com.co\\\/wp-content\\\/uploads\\\/2021\\\/02\\\/logo-def.jpg\",\"width\":238,\"height\":234,\"caption\":\"IntegralPro SAS\"},\"image\":{\"@id\":\"https:\\\/\\\/www.integralpro.com.co\\\/#\\\/schema\\\/logo\\\/image\\\/\"}}]}<\/script>\n<!-- \/ Yoast SEO plugin. -->","yoast_head_json":{"title":"Punto De Acceso Inalambrico Logitech Eap115 Montaje Techo - IntegralPro","robots":{"index":"index","follow":"follow","max-snippet":"max-snippet:-1","max-image-preview":"max-image-preview:large","max-video-preview":"max-video-preview:-1"},"canonical":"https:\/\/www.integralpro.com.co\/index.php\/producto\/punto-de-acceso-inalambrico-logitech-eap115-montaje-techo\/","og_locale":"es_ES","og_type":"article","og_title":"Punto De Acceso Inalambrico Logitech Eap115 Montaje Techo - IntegralPro","og_description":"# DE PARTE:EAP115","og_url":"https:\/\/www.integralpro.com.co\/index.php\/producto\/punto-de-acceso-inalambrico-logitech-eap115-montaje-techo\/","og_site_name":"IntegralPro","article_modified_time":"2021-02-19T20:02:57+00:00","og_image":[{"width":800,"height":800,"url":"https:\/\/www.integralpro.com.co\/wp-content\/uploads\/2021\/02\/17a5d59852cd74070ce24c59fbd970cb.jpg","type":"image\/jpeg"}],"twitter_card":"summary_large_image","twitter_misc":{"Tiempo de lectura":"2 minutos"},"schema":{"@context":"https:\/\/schema.org","@graph":[{"@type":"WebPage","@id":"https:\/\/www.integralpro.com.co\/index.php\/producto\/punto-de-acceso-inalambrico-logitech-eap115-montaje-techo\/","url":"https:\/\/www.integralpro.com.co\/index.php\/producto\/punto-de-acceso-inalambrico-logitech-eap115-montaje-techo\/","name":"Punto De Acceso Inalambrico Logitech Eap115 Montaje Techo - IntegralPro","isPartOf":{"@id":"https:\/\/www.integralpro.com.co\/#website"},"primaryImageOfPage":{"@id":"https:\/\/www.integralpro.com.co\/index.php\/producto\/punto-de-acceso-inalambrico-logitech-eap115-montaje-techo\/#primaryimage"},"image":{"@id":"https:\/\/www.integralpro.com.co\/index.php\/producto\/punto-de-acceso-inalambrico-logitech-eap115-montaje-techo\/#primaryimage"},"thumbnailUrl":"https:\/\/www.integralpro.com.co\/wp-content\/uploads\/2021\/02\/17a5d59852cd74070ce24c59fbd970cb.jpg","datePublished":"2021-02-19T20:02:13+00:00","dateModified":"2021-02-19T20:02:57+00:00","breadcrumb":{"@id":"https:\/\/www.integralpro.com.co\/index.php\/producto\/punto-de-acceso-inalambrico-logitech-eap115-montaje-techo\/#breadcrumb"},"inLanguage":"es","potentialAction":[{"@type":"ReadAction","target":["https:\/\/www.integralpro.com.co\/index.php\/producto\/punto-de-acceso-inalambrico-logitech-eap115-montaje-techo\/"]}]},{"@type":"ImageObject","inLanguage":"es","@id":"https:\/\/www.integralpro.com.co\/index.php\/producto\/punto-de-acceso-inalambrico-logitech-eap115-montaje-techo\/#primaryimage","url":"https:\/\/www.integralpro.com.co\/wp-content\/uploads\/2021\/02\/17a5d59852cd74070ce24c59fbd970cb.jpg","contentUrl":"https:\/\/www.integralpro.com.co\/wp-content\/uploads\/2021\/02\/17a5d59852cd74070ce24c59fbd970cb.jpg","width":800,"height":800},{"@type":"BreadcrumbList","@id":"https:\/\/www.integralpro.com.co\/index.php\/producto\/punto-de-acceso-inalambrico-logitech-eap115-montaje-techo\/#breadcrumb","itemListElement":[{"@type":"ListItem","position":1,"name":"Portada","item":"https:\/\/www.integralpro.com.co\/"},{"@type":"ListItem","position":2,"name":"Tienda","item":"https:\/\/www.integralpro.com.co\/index.php\/tienda\/"},{"@type":"ListItem","position":3,"name":"Punto De Acceso Inalambrico Logitech Eap115 Montaje Techo"}]},{"@type":"WebSite","@id":"https:\/\/www.integralpro.com.co\/#website","url":"https:\/\/www.integralpro.com.co\/","name":"IntegralPro","description":"Tienda de Tecnolog\u00eda en L\u00ednea","publisher":{"@id":"https:\/\/www.integralpro.com.co\/#organization"},"potentialAction":[{"@type":"SearchAction","target":{"@type":"EntryPoint","urlTemplate":"https:\/\/www.integralpro.com.co\/?s={search_term_string}"},"query-input":{"@type":"PropertyValueSpecification","valueRequired":true,"valueName":"search_term_string"}}],"inLanguage":"es"},{"@type":"Organization","@id":"https:\/\/www.integralpro.com.co\/#organization","name":"IntegralPro SAS","url":"https:\/\/www.integralpro.com.co\/","logo":{"@type":"ImageObject","inLanguage":"es","@id":"https:\/\/www.integralpro.com.co\/#\/schema\/logo\/image\/","url":"https:\/\/www.integralpro.com.co\/wp-content\/uploads\/2021\/02\/logo-def.jpg","contentUrl":"https:\/\/www.integralpro.com.co\/wp-content\/uploads\/2021\/02\/logo-def.jpg","width":238,"height":234,"caption":"IntegralPro SAS"},"image":{"@id":"https:\/\/www.integralpro.com.co\/#\/schema\/logo\/image\/"}}]}},"_links":{"self":[{"href":"https:\/\/www.integralpro.com.co\/index.php\/wp-json\/wp\/v2\/product\/3064","targetHints":{"allow":["GET"]}}],"collection":[{"href":"https:\/\/www.integralpro.com.co\/index.php\/wp-json\/wp\/v2\/product"}],"about":[{"href":"https:\/\/www.integralpro.com.co\/index.php\/wp-json\/wp\/v2\/types\/product"}],"version-history":[{"count":1,"href":"https:\/\/www.integralpro.com.co\/index.php\/wp-json\/wp\/v2\/product\/3064\/revisions"}],"predecessor-version":[{"id":3130,"href":"https:\/\/www.integralpro.com.co\/index.php\/wp-json\/wp\/v2\/product\/3064\/revisions\/3130"}],"wp:featuredmedia":[{"embeddable":true,"href":"https:\/\/www.integralpro.com.co\/index.php\/wp-json\/wp\/v2\/media\/3129"}],"wp:attachment":[{"href":"https:\/\/www.integralpro.com.co\/index.php\/wp-json\/wp\/v2\/media?parent=3064"}],"wp:term":[{"taxonomy":"product_brand","embeddable":true,"href":"https:\/\/www.integralpro.com.co\/index.php\/wp-json\/wp\/v2\/product_brand?post=3064"},{"taxonomy":"product_cat","embeddable":true,"href":"https:\/\/www.integralpro.com.co\/index.php\/wp-json\/wp\/v2\/product_cat?post=3064"},{"taxonomy":"product_tag","embeddable":true,"href":"https:\/\/www.integralpro.com.co\/index.php\/wp-json\/wp\/v2\/product_tag?post=3064"}],"curies":[{"name":"wp","href":"https:\/\/api.w.org\/{rel}","templated":true}]}}