{"id":2944,"date":"2021-02-19T15:01:02","date_gmt":"2021-02-19T20:01:02","guid":{"rendered":"https:\/\/www.integralpro.com.co\/index.php\/producto\/import-placeholder-for-1446\/"},"modified":"2021-02-19T15:01:40","modified_gmt":"2021-02-19T20:01:40","slug":"adaptador-de-red-tp-link-tg-3468-gigabit-pci-express","status":"publish","type":"product","link":"https:\/\/www.integralpro.com.co\/index.php\/producto\/adaptador-de-red-tp-link-tg-3468-gigabit-pci-express\/","title":{"rendered":"Adaptador De Red Tp Link Tg 3468 Gigabit Pci Express"},"content":{"rendered":"<p>Adaptador de red Gigabit PCI Express TG-3468.<\/p>\n<p><\/p>\n<p><strong>Sistema operativo<\/strong><\/p>\n<p><\/p>\n<p>Los sistemas operativos compatibles incluyen Windows 10 \/ 8.1 <br \/>\/ 8\/7 \/ Vista \/ XP.<\/p>\n<p><\/p>\n<p><strong>Soporte de bajo perfil<\/strong><\/p>\n<p><\/p>\n<p>Adem\u00e1s del soporte est\u00e1ndar, tambi\u00e9n se proporciona un soporte <br \/>de bajo perfil para la caja de la computadora de mini torre.<\/p>\n<p><\/p>\n<p><strong>Activaci\u00f3n de la LAN<\/strong><\/p>\n<p><\/p>\n<p>Con\u00e9ctate y comparte con tu grupo de trabajo f\u00e1cilmente con la <br \/>funci\u00f3n de red Ethernet.<\/p>\n<p><\/p>\n<p><strong>Wake-on-LAN<\/strong><\/p>\n<p><\/p>\n<p>Conveniente para administrar a trav\u00e9s de LAN.<\/p>\n<p><\/p>\n<p><strong>Interfaz<\/strong><\/p>\n<p><\/p>\n<p>Este adaptador trae un Puerto RJ45 PCI Express de 32 bits a <br \/>10\/100\/1000 Mbps.<\/p>\n<p><\/p>\n<p><strong>Especificaciones T\u00e9cnicas<\/strong><\/p>\n<p><\/p>\n<p>Dimensiones: 12 x 7 x 3 cm<\/p>\n<p>Peso: 43gr<\/p>\n<p>Est\u00e1ndares y Protocolos IEEE 802.3, 802.3u, 802.3ab, 802.3x, 802.1q, 802.1p, <br \/>CSMA \/ CD, TCP \/ IP <\/p>\n<p>Interfaz Puerto RJ45 PCI Express 1 de 32 bits a 10\/100\/1000 Mbps<\/p>\n<p>Velocidad de Datos 10\/100 \/ 1000Mbps para modo Half-Duplex&nbsp; &#8211;&nbsp; 20\/200 <br \/>\/ 2000Mbps para modo Full-Duplex <\/p>\n<p>Indicador LED 1000Mbps Link \/ Act, 100Mbps Link \/ Act, 10Mbps Link \/ Act<\/p>\n<p>Control de Flujo Control de flujo IEEE 802.3x (d\u00faplex completo)<\/p>\n<p>Requisitos del sistema Windows 10 (32\/64 bits), Windows 8.1 (32\/64 bits), <br \/>Windows 8 (32\/64 bits), Windows 7 (32\/64 bits), Windows Vista (32\/64 bits), <br \/>Windows XP <\/p>\n<p>Medios de Red 10BASE-T: UTP categor\u00eda 3, 4, 5 cable (m\u00e1ximo 100m) EIA \/ TIA-568 <br \/>100\u03a9 STP (m\u00e1ximo 100m) 100BASE-TX: UTP categor\u00eda 5, cable 5e (m\u00e1ximo 100m) EIA \/ <br \/>TIA-568 100\u03a9 STP (m\u00e1ximo 100m) 1000Base-T: UTP categor\u00eda 5, cable 5e (m\u00e1ximo <br \/>100m)<\/p>\n<p>Ambiente: Temperatura de funcionamiento: 0 \u2103 ~ 40 \u2103 (32 \u2109 ~ 104 \u2109) <\/p>\n<p>Temperatura de almacenamiento: -40 \u2103 ~ 70 \u2103 (-40 \u2109 ~ 158 \u2109) <\/p>\n<p>Humedad de funcionamiento: 10% ~ 90% sin condensaci\u00f3n <\/p>\n<p>Humedad de almacenamiento: 5% ~ 90 % sin condensaci\u00f3n<\/p>\n<p><\/p>\n<p><strong>Contenido Del Paquete<\/strong><\/p>\n<p><\/p>\n<p>Adaptador de Red &#8211; Documentaci\u00f3n<\/p>\n","protected":false},"excerpt":{"rendered":"<p># DE PARTE:TG-3468<\/p>\n","protected":false},"featured_media":3010,"template":"","meta":{"site-sidebar-layout":"default","site-content-layout":"","ast-site-content-layout":"default","site-content-style":"default","site-sidebar-style":"default","ast-global-header-display":"","ast-banner-title-visibility":"","ast-main-header-display":"","ast-hfb-above-header-display":"","ast-hfb-below-header-display":"","ast-hfb-mobile-header-display":"","site-post-title":"","ast-breadcrumbs-content":"","ast-featured-img":"","footer-sml-layout":"","ast-disable-related-posts":"","theme-transparent-header-meta":"","adv-header-id-meta":"","stick-header-meta":"","header-above-stick-meta":"","header-main-stick-meta":"","header-below-stick-meta":"","astra-migrate-meta-layouts":"default","ast-page-background-enabled":"default","ast-page-background-meta":{"desktop":{"background-color":"var(--ast-global-color-4)","background-image":"","background-repeat":"repeat","background-position":"center center","background-size":"auto","background-attachment":"scroll","background-type":"","background-media":"","overlay-type":"","overlay-color":"","overlay-opacity":"","overlay-gradient":""},"tablet":{"background-color":"","background-image":"","background-repeat":"repeat","background-position":"center center","background-size":"auto","background-attachment":"scroll","background-type":"","background-media":"","overlay-type":"","overlay-color":"","overlay-opacity":"","overlay-gradient":""},"mobile":{"background-color":"","background-image":"","background-repeat":"repeat","background-position":"center center","background-size":"auto","background-attachment":"scroll","background-type":"","background-media":"","overlay-type":"","overlay-color":"","overlay-opacity":"","overlay-gradient":""}},"ast-content-background-meta":{"desktop":{"background-color":"var(--ast-global-color-5)","background-image":"","background-repeat":"repeat","background-position":"center center","background-size":"auto","background-attachment":"scroll","background-type":"","background-media":"","overlay-type":"","overlay-color":"","overlay-opacity":"","overlay-gradient":""},"tablet":{"background-color":"var(--ast-global-color-5)","background-image":"","background-repeat":"repeat","background-position":"center center","background-size":"auto","background-attachment":"scroll","background-type":"","background-media":"","overlay-type":"","overlay-color":"","overlay-opacity":"","overlay-gradient":""},"mobile":{"background-color":"var(--ast-global-color-5)","background-image":"","background-repeat":"repeat","background-position":"center center","background-size":"auto","background-attachment":"scroll","background-type":"","background-media":"","overlay-type":"","overlay-color":"","overlay-opacity":"","overlay-gradient":""}}},"product_brand":[],"product_cat":[154,62],"product_tag":[45],"class_list":{"0":"post-2944","1":"product","2":"type-product","3":"status-publish","4":"has-post-thumbnail","6":"product_cat-adaptadores-wireless","7":"product_cat-redes","8":"product_tag-tp-link","9":"desktop-align-left","10":"tablet-align-left","11":"mobile-align-left","13":"first","14":"instock","15":"taxable","16":"shipping-taxable","17":"product-type-simple"},"yoast_head":"<!-- This site is optimized with the Yoast SEO plugin v27.4 - https:\/\/yoast.com\/product\/yoast-seo-wordpress\/ -->\n<title>Adaptador De Red Tp Link Tg 3468 Gigabit Pci Express - IntegralPro<\/title>\n<meta name=\"robots\" content=\"index, follow, max-snippet:-1, max-image-preview:large, max-video-preview:-1\" \/>\n<link rel=\"canonical\" href=\"https:\/\/www.integralpro.com.co\/index.php\/producto\/adaptador-de-red-tp-link-tg-3468-gigabit-pci-express\/\" \/>\n<meta property=\"og:locale\" content=\"es_ES\" \/>\n<meta property=\"og:type\" content=\"article\" \/>\n<meta property=\"og:title\" content=\"Adaptador De Red Tp Link Tg 3468 Gigabit Pci Express - IntegralPro\" \/>\n<meta property=\"og:description\" content=\"# DE PARTE:TG-3468\" \/>\n<meta property=\"og:url\" content=\"https:\/\/www.integralpro.com.co\/index.php\/producto\/adaptador-de-red-tp-link-tg-3468-gigabit-pci-express\/\" \/>\n<meta property=\"og:site_name\" content=\"IntegralPro\" \/>\n<meta property=\"article:modified_time\" content=\"2021-02-19T20:01:40+00:00\" \/>\n<meta property=\"og:image\" content=\"https:\/\/www.integralpro.com.co\/wp-content\/uploads\/2021\/02\/cd27e562e65db4982777acb8b0611698.jpg\" \/>\n\t<meta property=\"og:image:width\" content=\"800\" \/>\n\t<meta property=\"og:image:height\" content=\"800\" \/>\n\t<meta property=\"og:image:type\" content=\"image\/jpeg\" \/>\n<meta name=\"twitter:card\" content=\"summary_large_image\" \/>\n<meta name=\"twitter:label1\" content=\"Tiempo de lectura\" \/>\n\t<meta name=\"twitter:data1\" content=\"1 minuto\" \/>\n<script type=\"application\/ld+json\" class=\"yoast-schema-graph\">{\"@context\":\"https:\\\/\\\/schema.org\",\"@graph\":[{\"@type\":\"WebPage\",\"@id\":\"https:\\\/\\\/www.integralpro.com.co\\\/index.php\\\/producto\\\/adaptador-de-red-tp-link-tg-3468-gigabit-pci-express\\\/\",\"url\":\"https:\\\/\\\/www.integralpro.com.co\\\/index.php\\\/producto\\\/adaptador-de-red-tp-link-tg-3468-gigabit-pci-express\\\/\",\"name\":\"Adaptador De Red Tp Link Tg 3468 Gigabit Pci Express - IntegralPro\",\"isPartOf\":{\"@id\":\"https:\\\/\\\/www.integralpro.com.co\\\/#website\"},\"primaryImageOfPage\":{\"@id\":\"https:\\\/\\\/www.integralpro.com.co\\\/index.php\\\/producto\\\/adaptador-de-red-tp-link-tg-3468-gigabit-pci-express\\\/#primaryimage\"},\"image\":{\"@id\":\"https:\\\/\\\/www.integralpro.com.co\\\/index.php\\\/producto\\\/adaptador-de-red-tp-link-tg-3468-gigabit-pci-express\\\/#primaryimage\"},\"thumbnailUrl\":\"https:\\\/\\\/www.integralpro.com.co\\\/wp-content\\\/uploads\\\/2021\\\/02\\\/cd27e562e65db4982777acb8b0611698.jpg\",\"datePublished\":\"2021-02-19T20:01:02+00:00\",\"dateModified\":\"2021-02-19T20:01:40+00:00\",\"breadcrumb\":{\"@id\":\"https:\\\/\\\/www.integralpro.com.co\\\/index.php\\\/producto\\\/adaptador-de-red-tp-link-tg-3468-gigabit-pci-express\\\/#breadcrumb\"},\"inLanguage\":\"es\",\"potentialAction\":[{\"@type\":\"ReadAction\",\"target\":[\"https:\\\/\\\/www.integralpro.com.co\\\/index.php\\\/producto\\\/adaptador-de-red-tp-link-tg-3468-gigabit-pci-express\\\/\"]}]},{\"@type\":\"ImageObject\",\"inLanguage\":\"es\",\"@id\":\"https:\\\/\\\/www.integralpro.com.co\\\/index.php\\\/producto\\\/adaptador-de-red-tp-link-tg-3468-gigabit-pci-express\\\/#primaryimage\",\"url\":\"https:\\\/\\\/www.integralpro.com.co\\\/wp-content\\\/uploads\\\/2021\\\/02\\\/cd27e562e65db4982777acb8b0611698.jpg\",\"contentUrl\":\"https:\\\/\\\/www.integralpro.com.co\\\/wp-content\\\/uploads\\\/2021\\\/02\\\/cd27e562e65db4982777acb8b0611698.jpg\",\"width\":800,\"height\":800},{\"@type\":\"BreadcrumbList\",\"@id\":\"https:\\\/\\\/www.integralpro.com.co\\\/index.php\\\/producto\\\/adaptador-de-red-tp-link-tg-3468-gigabit-pci-express\\\/#breadcrumb\",\"itemListElement\":[{\"@type\":\"ListItem\",\"position\":1,\"name\":\"Portada\",\"item\":\"https:\\\/\\\/www.integralpro.com.co\\\/\"},{\"@type\":\"ListItem\",\"position\":2,\"name\":\"Tienda\",\"item\":\"https:\\\/\\\/www.integralpro.com.co\\\/index.php\\\/tienda\\\/\"},{\"@type\":\"ListItem\",\"position\":3,\"name\":\"Adaptador De Red Tp Link Tg 3468 Gigabit Pci Express\"}]},{\"@type\":\"WebSite\",\"@id\":\"https:\\\/\\\/www.integralpro.com.co\\\/#website\",\"url\":\"https:\\\/\\\/www.integralpro.com.co\\\/\",\"name\":\"IntegralPro\",\"description\":\"Tienda de Tecnolog\u00eda en L\u00ednea\",\"publisher\":{\"@id\":\"https:\\\/\\\/www.integralpro.com.co\\\/#organization\"},\"potentialAction\":[{\"@type\":\"SearchAction\",\"target\":{\"@type\":\"EntryPoint\",\"urlTemplate\":\"https:\\\/\\\/www.integralpro.com.co\\\/?s={search_term_string}\"},\"query-input\":{\"@type\":\"PropertyValueSpecification\",\"valueRequired\":true,\"valueName\":\"search_term_string\"}}],\"inLanguage\":\"es\"},{\"@type\":\"Organization\",\"@id\":\"https:\\\/\\\/www.integralpro.com.co\\\/#organization\",\"name\":\"IntegralPro SAS\",\"url\":\"https:\\\/\\\/www.integralpro.com.co\\\/\",\"logo\":{\"@type\":\"ImageObject\",\"inLanguage\":\"es\",\"@id\":\"https:\\\/\\\/www.integralpro.com.co\\\/#\\\/schema\\\/logo\\\/image\\\/\",\"url\":\"https:\\\/\\\/www.integralpro.com.co\\\/wp-content\\\/uploads\\\/2021\\\/02\\\/logo-def.jpg\",\"contentUrl\":\"https:\\\/\\\/www.integralpro.com.co\\\/wp-content\\\/uploads\\\/2021\\\/02\\\/logo-def.jpg\",\"width\":238,\"height\":234,\"caption\":\"IntegralPro SAS\"},\"image\":{\"@id\":\"https:\\\/\\\/www.integralpro.com.co\\\/#\\\/schema\\\/logo\\\/image\\\/\"}}]}<\/script>\n<!-- \/ Yoast SEO plugin. -->","yoast_head_json":{"title":"Adaptador De Red Tp Link Tg 3468 Gigabit Pci Express - IntegralPro","robots":{"index":"index","follow":"follow","max-snippet":"max-snippet:-1","max-image-preview":"max-image-preview:large","max-video-preview":"max-video-preview:-1"},"canonical":"https:\/\/www.integralpro.com.co\/index.php\/producto\/adaptador-de-red-tp-link-tg-3468-gigabit-pci-express\/","og_locale":"es_ES","og_type":"article","og_title":"Adaptador De Red Tp Link Tg 3468 Gigabit Pci Express - IntegralPro","og_description":"# DE PARTE:TG-3468","og_url":"https:\/\/www.integralpro.com.co\/index.php\/producto\/adaptador-de-red-tp-link-tg-3468-gigabit-pci-express\/","og_site_name":"IntegralPro","article_modified_time":"2021-02-19T20:01:40+00:00","og_image":[{"width":800,"height":800,"url":"https:\/\/www.integralpro.com.co\/wp-content\/uploads\/2021\/02\/cd27e562e65db4982777acb8b0611698.jpg","type":"image\/jpeg"}],"twitter_card":"summary_large_image","twitter_misc":{"Tiempo de lectura":"1 minuto"},"schema":{"@context":"https:\/\/schema.org","@graph":[{"@type":"WebPage","@id":"https:\/\/www.integralpro.com.co\/index.php\/producto\/adaptador-de-red-tp-link-tg-3468-gigabit-pci-express\/","url":"https:\/\/www.integralpro.com.co\/index.php\/producto\/adaptador-de-red-tp-link-tg-3468-gigabit-pci-express\/","name":"Adaptador De Red Tp Link Tg 3468 Gigabit Pci Express - IntegralPro","isPartOf":{"@id":"https:\/\/www.integralpro.com.co\/#website"},"primaryImageOfPage":{"@id":"https:\/\/www.integralpro.com.co\/index.php\/producto\/adaptador-de-red-tp-link-tg-3468-gigabit-pci-express\/#primaryimage"},"image":{"@id":"https:\/\/www.integralpro.com.co\/index.php\/producto\/adaptador-de-red-tp-link-tg-3468-gigabit-pci-express\/#primaryimage"},"thumbnailUrl":"https:\/\/www.integralpro.com.co\/wp-content\/uploads\/2021\/02\/cd27e562e65db4982777acb8b0611698.jpg","datePublished":"2021-02-19T20:01:02+00:00","dateModified":"2021-02-19T20:01:40+00:00","breadcrumb":{"@id":"https:\/\/www.integralpro.com.co\/index.php\/producto\/adaptador-de-red-tp-link-tg-3468-gigabit-pci-express\/#breadcrumb"},"inLanguage":"es","potentialAction":[{"@type":"ReadAction","target":["https:\/\/www.integralpro.com.co\/index.php\/producto\/adaptador-de-red-tp-link-tg-3468-gigabit-pci-express\/"]}]},{"@type":"ImageObject","inLanguage":"es","@id":"https:\/\/www.integralpro.com.co\/index.php\/producto\/adaptador-de-red-tp-link-tg-3468-gigabit-pci-express\/#primaryimage","url":"https:\/\/www.integralpro.com.co\/wp-content\/uploads\/2021\/02\/cd27e562e65db4982777acb8b0611698.jpg","contentUrl":"https:\/\/www.integralpro.com.co\/wp-content\/uploads\/2021\/02\/cd27e562e65db4982777acb8b0611698.jpg","width":800,"height":800},{"@type":"BreadcrumbList","@id":"https:\/\/www.integralpro.com.co\/index.php\/producto\/adaptador-de-red-tp-link-tg-3468-gigabit-pci-express\/#breadcrumb","itemListElement":[{"@type":"ListItem","position":1,"name":"Portada","item":"https:\/\/www.integralpro.com.co\/"},{"@type":"ListItem","position":2,"name":"Tienda","item":"https:\/\/www.integralpro.com.co\/index.php\/tienda\/"},{"@type":"ListItem","position":3,"name":"Adaptador De Red Tp Link Tg 3468 Gigabit Pci Express"}]},{"@type":"WebSite","@id":"https:\/\/www.integralpro.com.co\/#website","url":"https:\/\/www.integralpro.com.co\/","name":"IntegralPro","description":"Tienda de Tecnolog\u00eda en L\u00ednea","publisher":{"@id":"https:\/\/www.integralpro.com.co\/#organization"},"potentialAction":[{"@type":"SearchAction","target":{"@type":"EntryPoint","urlTemplate":"https:\/\/www.integralpro.com.co\/?s={search_term_string}"},"query-input":{"@type":"PropertyValueSpecification","valueRequired":true,"valueName":"search_term_string"}}],"inLanguage":"es"},{"@type":"Organization","@id":"https:\/\/www.integralpro.com.co\/#organization","name":"IntegralPro SAS","url":"https:\/\/www.integralpro.com.co\/","logo":{"@type":"ImageObject","inLanguage":"es","@id":"https:\/\/www.integralpro.com.co\/#\/schema\/logo\/image\/","url":"https:\/\/www.integralpro.com.co\/wp-content\/uploads\/2021\/02\/logo-def.jpg","contentUrl":"https:\/\/www.integralpro.com.co\/wp-content\/uploads\/2021\/02\/logo-def.jpg","width":238,"height":234,"caption":"IntegralPro SAS"},"image":{"@id":"https:\/\/www.integralpro.com.co\/#\/schema\/logo\/image\/"}}]}},"_links":{"self":[{"href":"https:\/\/www.integralpro.com.co\/index.php\/wp-json\/wp\/v2\/product\/2944","targetHints":{"allow":["GET"]}}],"collection":[{"href":"https:\/\/www.integralpro.com.co\/index.php\/wp-json\/wp\/v2\/product"}],"about":[{"href":"https:\/\/www.integralpro.com.co\/index.php\/wp-json\/wp\/v2\/types\/product"}],"version-history":[{"count":1,"href":"https:\/\/www.integralpro.com.co\/index.php\/wp-json\/wp\/v2\/product\/2944\/revisions"}],"predecessor-version":[{"id":3011,"href":"https:\/\/www.integralpro.com.co\/index.php\/wp-json\/wp\/v2\/product\/2944\/revisions\/3011"}],"wp:featuredmedia":[{"embeddable":true,"href":"https:\/\/www.integralpro.com.co\/index.php\/wp-json\/wp\/v2\/media\/3010"}],"wp:attachment":[{"href":"https:\/\/www.integralpro.com.co\/index.php\/wp-json\/wp\/v2\/media?parent=2944"}],"wp:term":[{"taxonomy":"product_brand","embeddable":true,"href":"https:\/\/www.integralpro.com.co\/index.php\/wp-json\/wp\/v2\/product_brand?post=2944"},{"taxonomy":"product_cat","embeddable":true,"href":"https:\/\/www.integralpro.com.co\/index.php\/wp-json\/wp\/v2\/product_cat?post=2944"},{"taxonomy":"product_tag","embeddable":true,"href":"https:\/\/www.integralpro.com.co\/index.php\/wp-json\/wp\/v2\/product_tag?post=2944"}],"curies":[{"name":"wp","href":"https:\/\/api.w.org\/{rel}","templated":true}]}}