{"id":2942,"date":"2021-02-19T15:01:02","date_gmt":"2021-02-19T20:01:02","guid":{"rendered":"https:\/\/www.integralpro.com.co\/index.php\/producto\/import-placeholder-for-1444\/"},"modified":"2021-02-19T15:01:37","modified_gmt":"2021-02-19T20:01:37","slug":"adaptador-inalambrico-tp-link-pci-express-n-150mbps","status":"publish","type":"product","link":"https:\/\/www.integralpro.com.co\/index.php\/producto\/adaptador-inalambrico-tp-link-pci-express-n-150mbps\/","title":{"rendered":"Adaptador Inal\u00e1mbrico Tp Link Pci Express N 150Mbps"},"content":{"rendered":"<p>Adaptador Inal\u00e1mbrico TL-WN781ND PCI Express N 150Mbps de <br \/>TP-LINK,&nbsp; <\/p>\n<p><\/p>\n<p><strong>Calidad y rendimiento<\/strong><\/p>\n<p><\/p>\n<p>TL-WN781ND de TP-LINK est\u00e1 dise\u00f1ado para proporcionar un <br \/>rendimiento inal\u00e1mbrico completo de extremo a extremo del servidor o servidores <br \/>de la columna vertebral de la infraestructura de conmutaci\u00f3n y hacia la <br \/>computadora de escritorio con el conector PCI Express. <\/p>\n<p><\/p>\n<p><strong>Compatibilidad amplia <\/strong><\/p>\n<p><\/p>\n<p>El adaptador PCI Express Lite inal\u00e1mbrico N (x1) TL -WN781ND <br \/>proporciona una compatibilidad m\u00e1s amplia, compatible con los est\u00e1ndares de <br \/>ranura PCI Express x1, x2, x8, o x16. En comparaci\u00f3n con las tarjetas de red <br \/>est\u00e1ndar PCI, ofrece mayor ancho de banda, fiabilidad y una mayor funcionalidad, <br \/>lo que te permite disfrutar de una conexi\u00f3n r\u00e1pida y avanzada, como descargas, <br \/>haciendo llamadas por Internet y transmisi\u00f3n de video.<\/p>\n<p><\/p>\n<p><strong>Inal\u00e1mbrico N &#8211; Velocidad y Rango<\/strong><\/p>\n<p><\/p>\n<p>Cumple con la norma IEEE 802.11n, el TL-WN781ND pueden <br \/>establecer f\u00e1cilmente una red inal\u00e1mbrica y obtener hasta 9 veces la velocidad y <br \/>4 veces el alcance de los productos convencionales 11g. En comparaci\u00f3n con el <br \/>legado de los productos de 54 Mbps, TL-WN781ND ofrece mejoras de rendimiento, lo <br \/>que te permite tener una experiencia m\u00e1s placentera de navegaci\u00f3n, incluyendo la <br \/>compartici\u00f3n archivos, difusi\u00f3n de medios.<\/p>\n<p><\/p>\n<p><strong>Encriptaciones WPA \/ WPA2<\/strong><\/p>\n<p><\/p>\n<p>Los est\u00e1ndares de encriptaci\u00f3n WPA\/WPA2 asegura tu conexi\u00f3n <br \/>inal\u00e1mbrica contra los intrusos.<\/p>\n<p><\/p>\n<p><strong>Antena Desmontable<\/strong><\/p>\n<p><\/p>\n<p>La antena puede remplazarse por diversas antenas para mostrar <br \/>la excelente flexibilidad y mayor cobertura inal\u00e1mbrica.<\/p>\n<p><\/p>\n<p><strong>Compatibilidad<\/strong><\/p>\n<p><\/p>\n<p>Es compatible con sistemas operativos como Microsoft Windows <br \/>98SE, NT, 2000, XP, Vista o Windows 7, 8, MAC OS, NetWare, UNIX o Linux.<\/p>\n<p><\/p>\n<p><strong>Especificaciones T\u00e9cnicas<\/strong><\/p>\n<p><\/p>\n<p>Dimensiones: 12 x 7 x 3 cm<\/p>\n<p>Peso: 43gr<\/p>\n<p>Interface PCI Express&nbsp; <\/p>\n<p>Tipo de Antena Desmontable Omnidireccional (RP-SMA) <\/p>\n<p>Ganancia de Antena 2dBi<\/p>\n<p>Est\u00e1ndares Inal\u00e1mbricos IEEE 802.11n, IEEE 802.11g, IEEE 802.11b <\/p>\n<p>Frecuencia 2.400-2.4835GHz <\/p>\n<p>Tasa de Se\u00f1al 11n: Hasta 150Mbps(din\u00e1mica) 11g: Hasta 54Mbps(din\u00e1mica) 11b: <br \/>Hasta 11Mbps(din\u00e1mica)<\/p>\n<p>Sensibilidad de Recepci\u00f3n 130M: -68dBm@10% PER 108M: -68dBm@10% PER 54M: <br \/>-68dBm@10% PER 11M: -85dBm@8% PER 6M: -88dBm@10% PER 1M: -90dBm@8% PER<\/p>\n<p>Potencia de Transmisi\u00f3n <20dBm(EIRP) \n\nModos Inal\u00e1mbricos modo Ad-Hoc \/ Infraestructura \n\nSeguridad Inal\u00e1mbrica Soporta 64\/128 bit WEP, WPA-PSK\/WPA2-PSK \n\nTecnolog\u00eda de Modulaci\u00f3n DBPSK, DQPSK, CCK, OFDM, 16-QAM, 64-QAM<\/p>\n<p><\/p>\n<p><strong>Contenido Del Paquete<\/strong><\/p>\n<p><\/p>\n<p>Adaptador Inal\u00e1mbrico &#8211; Documentaci\u00f3n<\/p>\n","protected":false},"excerpt":{"rendered":"<p># DE PARTE:TL-WN781ND<\/p>\n","protected":false},"featured_media":3006,"template":"","meta":{"site-sidebar-layout":"default","site-content-layout":"","ast-site-content-layout":"default","site-content-style":"default","site-sidebar-style":"default","ast-global-header-display":"","ast-banner-title-visibility":"","ast-main-header-display":"","ast-hfb-above-header-display":"","ast-hfb-below-header-display":"","ast-hfb-mobile-header-display":"","site-post-title":"","ast-breadcrumbs-content":"","ast-featured-img":"","footer-sml-layout":"","ast-disable-related-posts":"","theme-transparent-header-meta":"","adv-header-id-meta":"","stick-header-meta":"","header-above-stick-meta":"","header-main-stick-meta":"","header-below-stick-meta":"","astra-migrate-meta-layouts":"default","ast-page-background-enabled":"default","ast-page-background-meta":{"desktop":{"background-color":"var(--ast-global-color-4)","background-image":"","background-repeat":"repeat","background-position":"center center","background-size":"auto","background-attachment":"scroll","background-type":"","background-media":"","overlay-type":"","overlay-color":"","overlay-opacity":"","overlay-gradient":""},"tablet":{"background-color":"","background-image":"","background-repeat":"repeat","background-position":"center center","background-size":"auto","background-attachment":"scroll","background-type":"","background-media":"","overlay-type":"","overlay-color":"","overlay-opacity":"","overlay-gradient":""},"mobile":{"background-color":"","background-image":"","background-repeat":"repeat","background-position":"center center","background-size":"auto","background-attachment":"scroll","background-type":"","background-media":"","overlay-type":"","overlay-color":"","overlay-opacity":"","overlay-gradient":""}},"ast-content-background-meta":{"desktop":{"background-color":"var(--ast-global-color-5)","background-image":"","background-repeat":"repeat","background-position":"center center","background-size":"auto","background-attachment":"scroll","background-type":"","background-media":"","overlay-type":"","overlay-color":"","overlay-opacity":"","overlay-gradient":""},"tablet":{"background-color":"var(--ast-global-color-5)","background-image":"","background-repeat":"repeat","background-position":"center center","background-size":"auto","background-attachment":"scroll","background-type":"","background-media":"","overlay-type":"","overlay-color":"","overlay-opacity":"","overlay-gradient":""},"mobile":{"background-color":"var(--ast-global-color-5)","background-image":"","background-repeat":"repeat","background-position":"center center","background-size":"auto","background-attachment":"scroll","background-type":"","background-media":"","overlay-type":"","overlay-color":"","overlay-opacity":"","overlay-gradient":""}}},"product_brand":[],"product_cat":[154,62],"product_tag":[45],"class_list":{"0":"post-2942","1":"product","2":"type-product","3":"status-publish","4":"has-post-thumbnail","6":"product_cat-adaptadores-wireless","7":"product_cat-redes","8":"product_tag-tp-link","9":"desktop-align-left","10":"tablet-align-left","11":"mobile-align-left","13":"first","14":"instock","15":"taxable","16":"shipping-taxable","17":"product-type-simple"},"yoast_head":"<!-- This site is optimized with the Yoast SEO plugin v27.3 - https:\/\/yoast.com\/product\/yoast-seo-wordpress\/ -->\n<title>Adaptador Inal\u00e1mbrico Tp Link Pci Express N 150Mbps - IntegralPro<\/title>\n<meta name=\"robots\" content=\"index, follow, max-snippet:-1, max-image-preview:large, max-video-preview:-1\" \/>\n<link rel=\"canonical\" href=\"https:\/\/www.integralpro.com.co\/index.php\/producto\/adaptador-inalambrico-tp-link-pci-express-n-150mbps\/\" \/>\n<meta property=\"og:locale\" content=\"es_ES\" \/>\n<meta property=\"og:type\" content=\"article\" \/>\n<meta property=\"og:title\" content=\"Adaptador Inal\u00e1mbrico Tp Link Pci Express N 150Mbps - IntegralPro\" \/>\n<meta property=\"og:description\" content=\"# DE PARTE:TL-WN781ND\" \/>\n<meta property=\"og:url\" content=\"https:\/\/www.integralpro.com.co\/index.php\/producto\/adaptador-inalambrico-tp-link-pci-express-n-150mbps\/\" \/>\n<meta property=\"og:site_name\" content=\"IntegralPro\" \/>\n<meta property=\"article:modified_time\" content=\"2021-02-19T20:01:37+00:00\" \/>\n<meta property=\"og:image\" content=\"https:\/\/www.integralpro.com.co\/wp-content\/uploads\/2021\/02\/345772c0dc1c3968a52e66e36aae521d.jpg\" \/>\n\t<meta property=\"og:image:width\" content=\"800\" \/>\n\t<meta property=\"og:image:height\" content=\"800\" \/>\n\t<meta property=\"og:image:type\" content=\"image\/jpeg\" \/>\n<meta name=\"twitter:card\" content=\"summary_large_image\" \/>\n<meta name=\"twitter:label1\" content=\"Tiempo de lectura\" \/>\n\t<meta name=\"twitter:data1\" content=\"2 minutos\" \/>\n<script type=\"application\/ld+json\" class=\"yoast-schema-graph\">{\"@context\":\"https:\\\/\\\/schema.org\",\"@graph\":[{\"@type\":\"WebPage\",\"@id\":\"https:\\\/\\\/www.integralpro.com.co\\\/index.php\\\/producto\\\/adaptador-inalambrico-tp-link-pci-express-n-150mbps\\\/\",\"url\":\"https:\\\/\\\/www.integralpro.com.co\\\/index.php\\\/producto\\\/adaptador-inalambrico-tp-link-pci-express-n-150mbps\\\/\",\"name\":\"Adaptador Inal\u00e1mbrico Tp Link Pci Express N 150Mbps - IntegralPro\",\"isPartOf\":{\"@id\":\"https:\\\/\\\/www.integralpro.com.co\\\/#website\"},\"primaryImageOfPage\":{\"@id\":\"https:\\\/\\\/www.integralpro.com.co\\\/index.php\\\/producto\\\/adaptador-inalambrico-tp-link-pci-express-n-150mbps\\\/#primaryimage\"},\"image\":{\"@id\":\"https:\\\/\\\/www.integralpro.com.co\\\/index.php\\\/producto\\\/adaptador-inalambrico-tp-link-pci-express-n-150mbps\\\/#primaryimage\"},\"thumbnailUrl\":\"https:\\\/\\\/www.integralpro.com.co\\\/wp-content\\\/uploads\\\/2021\\\/02\\\/345772c0dc1c3968a52e66e36aae521d.jpg\",\"datePublished\":\"2021-02-19T20:01:02+00:00\",\"dateModified\":\"2021-02-19T20:01:37+00:00\",\"breadcrumb\":{\"@id\":\"https:\\\/\\\/www.integralpro.com.co\\\/index.php\\\/producto\\\/adaptador-inalambrico-tp-link-pci-express-n-150mbps\\\/#breadcrumb\"},\"inLanguage\":\"es\",\"potentialAction\":[{\"@type\":\"ReadAction\",\"target\":[\"https:\\\/\\\/www.integralpro.com.co\\\/index.php\\\/producto\\\/adaptador-inalambrico-tp-link-pci-express-n-150mbps\\\/\"]}]},{\"@type\":\"ImageObject\",\"inLanguage\":\"es\",\"@id\":\"https:\\\/\\\/www.integralpro.com.co\\\/index.php\\\/producto\\\/adaptador-inalambrico-tp-link-pci-express-n-150mbps\\\/#primaryimage\",\"url\":\"https:\\\/\\\/www.integralpro.com.co\\\/wp-content\\\/uploads\\\/2021\\\/02\\\/345772c0dc1c3968a52e66e36aae521d.jpg\",\"contentUrl\":\"https:\\\/\\\/www.integralpro.com.co\\\/wp-content\\\/uploads\\\/2021\\\/02\\\/345772c0dc1c3968a52e66e36aae521d.jpg\",\"width\":800,\"height\":800},{\"@type\":\"BreadcrumbList\",\"@id\":\"https:\\\/\\\/www.integralpro.com.co\\\/index.php\\\/producto\\\/adaptador-inalambrico-tp-link-pci-express-n-150mbps\\\/#breadcrumb\",\"itemListElement\":[{\"@type\":\"ListItem\",\"position\":1,\"name\":\"Portada\",\"item\":\"https:\\\/\\\/www.integralpro.com.co\\\/\"},{\"@type\":\"ListItem\",\"position\":2,\"name\":\"Tienda\",\"item\":\"https:\\\/\\\/www.integralpro.com.co\\\/index.php\\\/tienda\\\/\"},{\"@type\":\"ListItem\",\"position\":3,\"name\":\"Adaptador Inal\u00e1mbrico Tp Link Pci Express N 150Mbps\"}]},{\"@type\":\"WebSite\",\"@id\":\"https:\\\/\\\/www.integralpro.com.co\\\/#website\",\"url\":\"https:\\\/\\\/www.integralpro.com.co\\\/\",\"name\":\"IntegralPro\",\"description\":\"Tienda de Tecnolog\u00eda en L\u00ednea\",\"publisher\":{\"@id\":\"https:\\\/\\\/www.integralpro.com.co\\\/#organization\"},\"potentialAction\":[{\"@type\":\"SearchAction\",\"target\":{\"@type\":\"EntryPoint\",\"urlTemplate\":\"https:\\\/\\\/www.integralpro.com.co\\\/?s={search_term_string}\"},\"query-input\":{\"@type\":\"PropertyValueSpecification\",\"valueRequired\":true,\"valueName\":\"search_term_string\"}}],\"inLanguage\":\"es\"},{\"@type\":\"Organization\",\"@id\":\"https:\\\/\\\/www.integralpro.com.co\\\/#organization\",\"name\":\"IntegralPro SAS\",\"url\":\"https:\\\/\\\/www.integralpro.com.co\\\/\",\"logo\":{\"@type\":\"ImageObject\",\"inLanguage\":\"es\",\"@id\":\"https:\\\/\\\/www.integralpro.com.co\\\/#\\\/schema\\\/logo\\\/image\\\/\",\"url\":\"https:\\\/\\\/www.integralpro.com.co\\\/wp-content\\\/uploads\\\/2021\\\/02\\\/logo-def.jpg\",\"contentUrl\":\"https:\\\/\\\/www.integralpro.com.co\\\/wp-content\\\/uploads\\\/2021\\\/02\\\/logo-def.jpg\",\"width\":238,\"height\":234,\"caption\":\"IntegralPro SAS\"},\"image\":{\"@id\":\"https:\\\/\\\/www.integralpro.com.co\\\/#\\\/schema\\\/logo\\\/image\\\/\"}}]}<\/script>\n<!-- \/ Yoast SEO plugin. -->","yoast_head_json":{"title":"Adaptador Inal\u00e1mbrico Tp Link Pci Express N 150Mbps - IntegralPro","robots":{"index":"index","follow":"follow","max-snippet":"max-snippet:-1","max-image-preview":"max-image-preview:large","max-video-preview":"max-video-preview:-1"},"canonical":"https:\/\/www.integralpro.com.co\/index.php\/producto\/adaptador-inalambrico-tp-link-pci-express-n-150mbps\/","og_locale":"es_ES","og_type":"article","og_title":"Adaptador Inal\u00e1mbrico Tp Link Pci Express N 150Mbps - IntegralPro","og_description":"# DE PARTE:TL-WN781ND","og_url":"https:\/\/www.integralpro.com.co\/index.php\/producto\/adaptador-inalambrico-tp-link-pci-express-n-150mbps\/","og_site_name":"IntegralPro","article_modified_time":"2021-02-19T20:01:37+00:00","og_image":[{"width":800,"height":800,"url":"https:\/\/www.integralpro.com.co\/wp-content\/uploads\/2021\/02\/345772c0dc1c3968a52e66e36aae521d.jpg","type":"image\/jpeg"}],"twitter_card":"summary_large_image","twitter_misc":{"Tiempo de lectura":"2 minutos"},"schema":{"@context":"https:\/\/schema.org","@graph":[{"@type":"WebPage","@id":"https:\/\/www.integralpro.com.co\/index.php\/producto\/adaptador-inalambrico-tp-link-pci-express-n-150mbps\/","url":"https:\/\/www.integralpro.com.co\/index.php\/producto\/adaptador-inalambrico-tp-link-pci-express-n-150mbps\/","name":"Adaptador Inal\u00e1mbrico Tp Link Pci Express N 150Mbps - IntegralPro","isPartOf":{"@id":"https:\/\/www.integralpro.com.co\/#website"},"primaryImageOfPage":{"@id":"https:\/\/www.integralpro.com.co\/index.php\/producto\/adaptador-inalambrico-tp-link-pci-express-n-150mbps\/#primaryimage"},"image":{"@id":"https:\/\/www.integralpro.com.co\/index.php\/producto\/adaptador-inalambrico-tp-link-pci-express-n-150mbps\/#primaryimage"},"thumbnailUrl":"https:\/\/www.integralpro.com.co\/wp-content\/uploads\/2021\/02\/345772c0dc1c3968a52e66e36aae521d.jpg","datePublished":"2021-02-19T20:01:02+00:00","dateModified":"2021-02-19T20:01:37+00:00","breadcrumb":{"@id":"https:\/\/www.integralpro.com.co\/index.php\/producto\/adaptador-inalambrico-tp-link-pci-express-n-150mbps\/#breadcrumb"},"inLanguage":"es","potentialAction":[{"@type":"ReadAction","target":["https:\/\/www.integralpro.com.co\/index.php\/producto\/adaptador-inalambrico-tp-link-pci-express-n-150mbps\/"]}]},{"@type":"ImageObject","inLanguage":"es","@id":"https:\/\/www.integralpro.com.co\/index.php\/producto\/adaptador-inalambrico-tp-link-pci-express-n-150mbps\/#primaryimage","url":"https:\/\/www.integralpro.com.co\/wp-content\/uploads\/2021\/02\/345772c0dc1c3968a52e66e36aae521d.jpg","contentUrl":"https:\/\/www.integralpro.com.co\/wp-content\/uploads\/2021\/02\/345772c0dc1c3968a52e66e36aae521d.jpg","width":800,"height":800},{"@type":"BreadcrumbList","@id":"https:\/\/www.integralpro.com.co\/index.php\/producto\/adaptador-inalambrico-tp-link-pci-express-n-150mbps\/#breadcrumb","itemListElement":[{"@type":"ListItem","position":1,"name":"Portada","item":"https:\/\/www.integralpro.com.co\/"},{"@type":"ListItem","position":2,"name":"Tienda","item":"https:\/\/www.integralpro.com.co\/index.php\/tienda\/"},{"@type":"ListItem","position":3,"name":"Adaptador Inal\u00e1mbrico Tp Link Pci Express N 150Mbps"}]},{"@type":"WebSite","@id":"https:\/\/www.integralpro.com.co\/#website","url":"https:\/\/www.integralpro.com.co\/","name":"IntegralPro","description":"Tienda de Tecnolog\u00eda en L\u00ednea","publisher":{"@id":"https:\/\/www.integralpro.com.co\/#organization"},"potentialAction":[{"@type":"SearchAction","target":{"@type":"EntryPoint","urlTemplate":"https:\/\/www.integralpro.com.co\/?s={search_term_string}"},"query-input":{"@type":"PropertyValueSpecification","valueRequired":true,"valueName":"search_term_string"}}],"inLanguage":"es"},{"@type":"Organization","@id":"https:\/\/www.integralpro.com.co\/#organization","name":"IntegralPro SAS","url":"https:\/\/www.integralpro.com.co\/","logo":{"@type":"ImageObject","inLanguage":"es","@id":"https:\/\/www.integralpro.com.co\/#\/schema\/logo\/image\/","url":"https:\/\/www.integralpro.com.co\/wp-content\/uploads\/2021\/02\/logo-def.jpg","contentUrl":"https:\/\/www.integralpro.com.co\/wp-content\/uploads\/2021\/02\/logo-def.jpg","width":238,"height":234,"caption":"IntegralPro SAS"},"image":{"@id":"https:\/\/www.integralpro.com.co\/#\/schema\/logo\/image\/"}}]}},"_links":{"self":[{"href":"https:\/\/www.integralpro.com.co\/index.php\/wp-json\/wp\/v2\/product\/2942","targetHints":{"allow":["GET"]}}],"collection":[{"href":"https:\/\/www.integralpro.com.co\/index.php\/wp-json\/wp\/v2\/product"}],"about":[{"href":"https:\/\/www.integralpro.com.co\/index.php\/wp-json\/wp\/v2\/types\/product"}],"version-history":[{"count":1,"href":"https:\/\/www.integralpro.com.co\/index.php\/wp-json\/wp\/v2\/product\/2942\/revisions"}],"predecessor-version":[{"id":3007,"href":"https:\/\/www.integralpro.com.co\/index.php\/wp-json\/wp\/v2\/product\/2942\/revisions\/3007"}],"wp:featuredmedia":[{"embeddable":true,"href":"https:\/\/www.integralpro.com.co\/index.php\/wp-json\/wp\/v2\/media\/3006"}],"wp:attachment":[{"href":"https:\/\/www.integralpro.com.co\/index.php\/wp-json\/wp\/v2\/media?parent=2942"}],"wp:term":[{"taxonomy":"product_brand","embeddable":true,"href":"https:\/\/www.integralpro.com.co\/index.php\/wp-json\/wp\/v2\/product_brand?post=2942"},{"taxonomy":"product_cat","embeddable":true,"href":"https:\/\/www.integralpro.com.co\/index.php\/wp-json\/wp\/v2\/product_cat?post=2942"},{"taxonomy":"product_tag","embeddable":true,"href":"https:\/\/www.integralpro.com.co\/index.php\/wp-json\/wp\/v2\/product_tag?post=2942"}],"curies":[{"name":"wp","href":"https:\/\/api.w.org\/{rel}","templated":true}]}}