{"id":2908,"date":"2021-02-19T15:00:39","date_gmt":"2021-02-19T20:00:39","guid":{"rendered":"https:\/\/www.integralpro.com.co\/index.php\/producto\/import-placeholder-for-1436\/"},"modified":"2021-02-19T15:01:22","modified_gmt":"2021-02-19T20:01:22","slug":"sistema-de-wifi-velop-linksys-ac2200-1-nodo","status":"publish","type":"product","link":"https:\/\/www.integralpro.com.co\/index.php\/producto\/sistema-de-wifi-velop-linksys-ac2200-1-nodo\/","title":{"rendered":"Sistema De Wifi Velop Linksys Ac2200 1 Nodo"},"content":{"rendered":"<p>Sistema Linksys Velop Wi-Fi Intelligent Mesh tribanda <br \/>(AC2200), paquete de 1 nodo, un sistema Wi-Fi en malla que proporciona una <br \/>cobertura inal\u00e1mbrica completa en toda la extensi\u00f3n de tu hogar.<\/p>\n<p><\/p>\n<p><strong>Velop Tribanda<\/strong><\/p>\n<p><\/p>\n<p>Muy f\u00e1cil de instalar y dise\u00f1ado para integrarse en cualquier <br \/>sitio Velop lleva a cada rinc\u00f3n de tu hogar una red WiFi mesh (mallada o en <br \/>malla) sin deterioros en cuesti\u00f3n de minutos. Ofreciendo un rendimiento <br \/>ultrarr\u00e1pido el sistema Velop WiFi mesh proporciona la velocidad y cobertura <br \/>necesaria para conectar m\u00faltiples dispositivos WiFi. Utiliza la tecnolog\u00eda <br \/>Intelligent Mesh\u2122 para proporcionar la ruta m\u00e1s r\u00e1pida a internet en cualquier <br \/>tipo de hogar sin importar el tama\u00f1o o la estructura. Escoge de entre una amplia <br \/>selecci\u00f3n de productos de Velop para encontrar el que mejor se ajuste a tus <br \/>necesidades WiFi.<\/p>\n<p><\/p>\n<p><strong>WiFi MESH<\/strong><\/p>\n<p><\/p>\n<p>Desde el momento que instalas tu sistema WiFi mesh la <br \/>tecnolog\u00eda Intelligent Mesh\u2122 entra en acci\u00f3n para adaptar el sistema Velop a las <br \/>particularidades de tu casa.<\/p>\n<p><\/p>\n<p><strong>Dise\u00f1ado para cualquier entorno<\/strong><\/p>\n<p><\/p>\n<p>Cada nodo de Velop cuenta con un dise\u00f1o atractivo y compacto <br \/>que se integra a la perfecci\u00f3n con cualquier estilo y decoraci\u00f3n dom\u00e9stica. <br \/>M\u00faltiples nodos se coordinan entre s\u00ed como un sistema para dar respuesta a tus <br \/>necesidades WiFi conforme estas aumentan. Tan sencillo como a\u00f1adir m\u00e1s nodos y <br \/>seleccionar colores distintos para ajustar el sistema a tu decoraci\u00f3n dom\u00e9stica.<\/p>\n<p><\/p>\n<p><strong>Tu propio sistema WiFi<\/strong><\/p>\n<p><\/p>\n<p>El dise\u00f1o modular de Velop funciona a la perfecci\u00f3n en cada <br \/>tipo de vivienda, sin importar su tama\u00f1o, distribuci\u00f3n o estado. Ya sea en su <br \/>configuraci\u00f3n de hardware tribanda o de doble banda los nodos de Velop <br \/>trabajando en sincron\u00eda para darte una WiFi excepcionalmente r\u00e1pida.<\/p>\n<p><\/p>\n<p><strong>LINKSYS SHIELD<\/strong><\/p>\n<p><\/p>\n<p>Con Linksys Shield tendr\u00e1s un mayor control sobre tu red y <br \/>podr\u00e1s proteger a tu familia frente a cualquier riesgo de seguridad en internet. <br \/>Obtendr\u00e1s acceso a los Controles Parentales para que puedas gestionar f\u00e1cilmente <br \/>la vida en l\u00ednea de tu familia, filtrando selectivamente contenido, regulando el <br \/>tiempo de conexi\u00f3n en dispositivos espec\u00edficos o incluso interrumpiendo la <br \/>conexi\u00f3n a internet si fuese necesario.<\/p>\n<p><\/p>\n<p><strong>Control por comandos de voz<\/strong><\/p>\n<p><\/p>\n<p>Velop te da acceso a una variedad de c\u00f3modos comandos de voz. <br \/>Por ejemplo, puedes activar o desactivar verbalmente la WiFi de invitados usando <br \/>dando instrucciones a tu asistente virtual intuitivos comandos de voz.<\/p>\n<p><\/p>\n<p><strong>Crea en cuesti\u00f3n de nada<\/strong><\/p>\n<p><\/p>\n<p>Velop crea una eficiente red WiFi mesh, tambi\u00e9n conocida como <br \/>en malla o mallada, con todo el equipamiento y las velocidades de conexi\u00f3n de <br \/>cualquier proveedor de servicios de internet. La sencilla instalaci\u00f3n por <br \/>aplicaci\u00f3n te guiar\u00e1 por el proceso en tan solo unos minutos.<\/p>\n<p><\/p>\n<p><strong>Personaliza y gestiona tu Red WiFi dom\u00e9stica<\/strong><\/p>\n<p><\/p>\n<p>Con la aplicaci\u00f3n de Linksys podr\u00e1s monitorizar y gestionar en <br \/>detalle tu red WiFi dom\u00e9stica, de forma remota y desde un smartphone o una <br \/>tableta.<\/p>\n<p><\/p>\n<p><strong>Especificaciones T\u00e9cnicas<\/strong><\/p>\n<p><\/p>\n<p>Dimensiones: 8 x 8 x 19 cm<\/p>\n<p>Peso: 540gr<\/p>\n<p>Memoria: 4 GB de memoria Flash y 512 MB de RAM <\/p>\n<p>Encriptaci\u00f3n inal\u00e1mbrica: WPA2 personal<\/p>\n<p>Bandas Wi-Fi: Triple banda simult\u00e1nea (2,4 GHz + 5 GHz + 5 GHz)<\/p>\n<p>N\u00famero de puertos Ethernet: 2 puertos Gigabit Ethernet de detecci\u00f3n autom\u00e1tica <br \/>WAN\/LAN<\/p>\n<p>Antenas: 6 antenas internas y amplificadores de alta potencia<\/p>\n<p>Procesador: N\u00facleo Quad a 716 MHz.<\/p>\n<p>Est\u00e1ndares de red: 802.11b 802.11a 802.11g 802.11n 802.11ac<\/p>\n<p>Tecnolog\u00eda Wi-Fi: Triple banda AC2200 (867 + 867 + 400 Mbps)\u2021 con MU-MIMO y <br \/>256-QAM <\/p>\n<p>Funciones destacadas: Sistema Wi-Fi en malla con triple banda simult\u00e1nea <\/p>\n<p>Bluetooth 4.0\/LE para una instalaci\u00f3n por aplicaci\u00f3n segura y f\u00e1cil<\/p>\n<p>Wi-Fi continua y sin interrupciones<\/p>\n<p>Aplicaci\u00f3n de controles sencillos<\/p>\n<p><\/p>\n<p><strong>Contenido Del Paquete<\/strong><\/p>\n<p><\/p>\n<p>Sistema WiFi &#8211; Documentaci\u00f3n<\/p>\n","protected":false},"excerpt":{"rendered":"<p># DE PARTE:WHW0301<\/p>\n","protected":false},"featured_media":2975,"template":"","meta":{"site-sidebar-layout":"default","site-content-layout":"","ast-site-content-layout":"default","site-content-style":"default","site-sidebar-style":"default","ast-global-header-display":"","ast-banner-title-visibility":"","ast-main-header-display":"","ast-hfb-above-header-display":"","ast-hfb-below-header-display":"","ast-hfb-mobile-header-display":"","site-post-title":"","ast-breadcrumbs-content":"","ast-featured-img":"","footer-sml-layout":"","ast-disable-related-posts":"","theme-transparent-header-meta":"","adv-header-id-meta":"","stick-header-meta":"","header-above-stick-meta":"","header-main-stick-meta":"","header-below-stick-meta":"","astra-migrate-meta-layouts":"default","ast-page-background-enabled":"default","ast-page-background-meta":{"desktop":{"background-color":"var(--ast-global-color-4)","background-image":"","background-repeat":"repeat","background-position":"center center","background-size":"auto","background-attachment":"scroll","background-type":"","background-media":"","overlay-type":"","overlay-color":"","overlay-opacity":"","overlay-gradient":""},"tablet":{"background-color":"","background-image":"","background-repeat":"repeat","background-position":"center center","background-size":"auto","background-attachment":"scroll","background-type":"","background-media":"","overlay-type":"","overlay-color":"","overlay-opacity":"","overlay-gradient":""},"mobile":{"background-color":"","background-image":"","background-repeat":"repeat","background-position":"center center","background-size":"auto","background-attachment":"scroll","background-type":"","background-media":"","overlay-type":"","overlay-color":"","overlay-opacity":"","overlay-gradient":""}},"ast-content-background-meta":{"desktop":{"background-color":"var(--ast-global-color-5)","background-image":"","background-repeat":"repeat","background-position":"center center","background-size":"auto","background-attachment":"scroll","background-type":"","background-media":"","overlay-type":"","overlay-color":"","overlay-opacity":"","overlay-gradient":""},"tablet":{"background-color":"var(--ast-global-color-5)","background-image":"","background-repeat":"repeat","background-position":"center center","background-size":"auto","background-attachment":"scroll","background-type":"","background-media":"","overlay-type":"","overlay-color":"","overlay-opacity":"","overlay-gradient":""},"mobile":{"background-color":"var(--ast-global-color-5)","background-image":"","background-repeat":"repeat","background-position":"center center","background-size":"auto","background-attachment":"scroll","background-type":"","background-media":"","overlay-type":"","overlay-color":"","overlay-opacity":"","overlay-gradient":""}}},"product_brand":[],"product_cat":[154,62],"product_tag":[466],"class_list":{"0":"post-2908","1":"product","2":"type-product","3":"status-publish","4":"has-post-thumbnail","6":"product_cat-adaptadores-wireless","7":"product_cat-redes","8":"product_tag-linksys","9":"desktop-align-left","10":"tablet-align-left","11":"mobile-align-left","13":"first","14":"instock","15":"taxable","16":"shipping-taxable","17":"product-type-simple"},"yoast_head":"<!-- This site is optimized with the Yoast SEO plugin v27.3 - https:\/\/yoast.com\/product\/yoast-seo-wordpress\/ -->\n<title>Sistema De Wifi Velop Linksys Ac2200 1 Nodo - IntegralPro<\/title>\n<meta name=\"robots\" content=\"index, follow, max-snippet:-1, max-image-preview:large, max-video-preview:-1\" \/>\n<link rel=\"canonical\" href=\"https:\/\/www.integralpro.com.co\/index.php\/producto\/sistema-de-wifi-velop-linksys-ac2200-1-nodo\/\" \/>\n<meta property=\"og:locale\" content=\"es_ES\" \/>\n<meta property=\"og:type\" content=\"article\" \/>\n<meta property=\"og:title\" content=\"Sistema De Wifi Velop Linksys Ac2200 1 Nodo - IntegralPro\" \/>\n<meta property=\"og:description\" content=\"# DE PARTE:WHW0301\" \/>\n<meta property=\"og:url\" content=\"https:\/\/www.integralpro.com.co\/index.php\/producto\/sistema-de-wifi-velop-linksys-ac2200-1-nodo\/\" \/>\n<meta property=\"og:site_name\" content=\"IntegralPro\" \/>\n<meta property=\"article:modified_time\" content=\"2021-02-19T20:01:22+00:00\" \/>\n<meta property=\"og:image\" content=\"https:\/\/www.integralpro.com.co\/wp-content\/uploads\/2021\/02\/de6797e376d3c07e36e0d5505258b9a4.jpg\" \/>\n\t<meta property=\"og:image:width\" content=\"800\" \/>\n\t<meta property=\"og:image:height\" content=\"800\" \/>\n\t<meta property=\"og:image:type\" content=\"image\/jpeg\" \/>\n<meta name=\"twitter:card\" content=\"summary_large_image\" \/>\n<meta name=\"twitter:label1\" content=\"Tiempo de lectura\" \/>\n\t<meta name=\"twitter:data1\" content=\"3 minutos\" \/>\n<script type=\"application\/ld+json\" class=\"yoast-schema-graph\">{\"@context\":\"https:\\\/\\\/schema.org\",\"@graph\":[{\"@type\":\"WebPage\",\"@id\":\"https:\\\/\\\/www.integralpro.com.co\\\/index.php\\\/producto\\\/sistema-de-wifi-velop-linksys-ac2200-1-nodo\\\/\",\"url\":\"https:\\\/\\\/www.integralpro.com.co\\\/index.php\\\/producto\\\/sistema-de-wifi-velop-linksys-ac2200-1-nodo\\\/\",\"name\":\"Sistema De Wifi Velop Linksys Ac2200 1 Nodo - IntegralPro\",\"isPartOf\":{\"@id\":\"https:\\\/\\\/www.integralpro.com.co\\\/#website\"},\"primaryImageOfPage\":{\"@id\":\"https:\\\/\\\/www.integralpro.com.co\\\/index.php\\\/producto\\\/sistema-de-wifi-velop-linksys-ac2200-1-nodo\\\/#primaryimage\"},\"image\":{\"@id\":\"https:\\\/\\\/www.integralpro.com.co\\\/index.php\\\/producto\\\/sistema-de-wifi-velop-linksys-ac2200-1-nodo\\\/#primaryimage\"},\"thumbnailUrl\":\"https:\\\/\\\/www.integralpro.com.co\\\/wp-content\\\/uploads\\\/2021\\\/02\\\/de6797e376d3c07e36e0d5505258b9a4.jpg\",\"datePublished\":\"2021-02-19T20:00:39+00:00\",\"dateModified\":\"2021-02-19T20:01:22+00:00\",\"breadcrumb\":{\"@id\":\"https:\\\/\\\/www.integralpro.com.co\\\/index.php\\\/producto\\\/sistema-de-wifi-velop-linksys-ac2200-1-nodo\\\/#breadcrumb\"},\"inLanguage\":\"es\",\"potentialAction\":[{\"@type\":\"ReadAction\",\"target\":[\"https:\\\/\\\/www.integralpro.com.co\\\/index.php\\\/producto\\\/sistema-de-wifi-velop-linksys-ac2200-1-nodo\\\/\"]}]},{\"@type\":\"ImageObject\",\"inLanguage\":\"es\",\"@id\":\"https:\\\/\\\/www.integralpro.com.co\\\/index.php\\\/producto\\\/sistema-de-wifi-velop-linksys-ac2200-1-nodo\\\/#primaryimage\",\"url\":\"https:\\\/\\\/www.integralpro.com.co\\\/wp-content\\\/uploads\\\/2021\\\/02\\\/de6797e376d3c07e36e0d5505258b9a4.jpg\",\"contentUrl\":\"https:\\\/\\\/www.integralpro.com.co\\\/wp-content\\\/uploads\\\/2021\\\/02\\\/de6797e376d3c07e36e0d5505258b9a4.jpg\",\"width\":800,\"height\":800},{\"@type\":\"BreadcrumbList\",\"@id\":\"https:\\\/\\\/www.integralpro.com.co\\\/index.php\\\/producto\\\/sistema-de-wifi-velop-linksys-ac2200-1-nodo\\\/#breadcrumb\",\"itemListElement\":[{\"@type\":\"ListItem\",\"position\":1,\"name\":\"Portada\",\"item\":\"https:\\\/\\\/www.integralpro.com.co\\\/\"},{\"@type\":\"ListItem\",\"position\":2,\"name\":\"Tienda\",\"item\":\"https:\\\/\\\/www.integralpro.com.co\\\/index.php\\\/tienda\\\/\"},{\"@type\":\"ListItem\",\"position\":3,\"name\":\"Sistema De Wifi Velop Linksys Ac2200 1 Nodo\"}]},{\"@type\":\"WebSite\",\"@id\":\"https:\\\/\\\/www.integralpro.com.co\\\/#website\",\"url\":\"https:\\\/\\\/www.integralpro.com.co\\\/\",\"name\":\"IntegralPro\",\"description\":\"Tienda de Tecnolog\u00eda en L\u00ednea\",\"publisher\":{\"@id\":\"https:\\\/\\\/www.integralpro.com.co\\\/#organization\"},\"potentialAction\":[{\"@type\":\"SearchAction\",\"target\":{\"@type\":\"EntryPoint\",\"urlTemplate\":\"https:\\\/\\\/www.integralpro.com.co\\\/?s={search_term_string}\"},\"query-input\":{\"@type\":\"PropertyValueSpecification\",\"valueRequired\":true,\"valueName\":\"search_term_string\"}}],\"inLanguage\":\"es\"},{\"@type\":\"Organization\",\"@id\":\"https:\\\/\\\/www.integralpro.com.co\\\/#organization\",\"name\":\"IntegralPro SAS\",\"url\":\"https:\\\/\\\/www.integralpro.com.co\\\/\",\"logo\":{\"@type\":\"ImageObject\",\"inLanguage\":\"es\",\"@id\":\"https:\\\/\\\/www.integralpro.com.co\\\/#\\\/schema\\\/logo\\\/image\\\/\",\"url\":\"https:\\\/\\\/www.integralpro.com.co\\\/wp-content\\\/uploads\\\/2021\\\/02\\\/logo-def.jpg\",\"contentUrl\":\"https:\\\/\\\/www.integralpro.com.co\\\/wp-content\\\/uploads\\\/2021\\\/02\\\/logo-def.jpg\",\"width\":238,\"height\":234,\"caption\":\"IntegralPro SAS\"},\"image\":{\"@id\":\"https:\\\/\\\/www.integralpro.com.co\\\/#\\\/schema\\\/logo\\\/image\\\/\"}}]}<\/script>\n<!-- \/ Yoast SEO plugin. -->","yoast_head_json":{"title":"Sistema De Wifi Velop Linksys Ac2200 1 Nodo - IntegralPro","robots":{"index":"index","follow":"follow","max-snippet":"max-snippet:-1","max-image-preview":"max-image-preview:large","max-video-preview":"max-video-preview:-1"},"canonical":"https:\/\/www.integralpro.com.co\/index.php\/producto\/sistema-de-wifi-velop-linksys-ac2200-1-nodo\/","og_locale":"es_ES","og_type":"article","og_title":"Sistema De Wifi Velop Linksys Ac2200 1 Nodo - IntegralPro","og_description":"# DE PARTE:WHW0301","og_url":"https:\/\/www.integralpro.com.co\/index.php\/producto\/sistema-de-wifi-velop-linksys-ac2200-1-nodo\/","og_site_name":"IntegralPro","article_modified_time":"2021-02-19T20:01:22+00:00","og_image":[{"width":800,"height":800,"url":"https:\/\/www.integralpro.com.co\/wp-content\/uploads\/2021\/02\/de6797e376d3c07e36e0d5505258b9a4.jpg","type":"image\/jpeg"}],"twitter_card":"summary_large_image","twitter_misc":{"Tiempo de lectura":"3 minutos"},"schema":{"@context":"https:\/\/schema.org","@graph":[{"@type":"WebPage","@id":"https:\/\/www.integralpro.com.co\/index.php\/producto\/sistema-de-wifi-velop-linksys-ac2200-1-nodo\/","url":"https:\/\/www.integralpro.com.co\/index.php\/producto\/sistema-de-wifi-velop-linksys-ac2200-1-nodo\/","name":"Sistema De Wifi Velop Linksys Ac2200 1 Nodo - IntegralPro","isPartOf":{"@id":"https:\/\/www.integralpro.com.co\/#website"},"primaryImageOfPage":{"@id":"https:\/\/www.integralpro.com.co\/index.php\/producto\/sistema-de-wifi-velop-linksys-ac2200-1-nodo\/#primaryimage"},"image":{"@id":"https:\/\/www.integralpro.com.co\/index.php\/producto\/sistema-de-wifi-velop-linksys-ac2200-1-nodo\/#primaryimage"},"thumbnailUrl":"https:\/\/www.integralpro.com.co\/wp-content\/uploads\/2021\/02\/de6797e376d3c07e36e0d5505258b9a4.jpg","datePublished":"2021-02-19T20:00:39+00:00","dateModified":"2021-02-19T20:01:22+00:00","breadcrumb":{"@id":"https:\/\/www.integralpro.com.co\/index.php\/producto\/sistema-de-wifi-velop-linksys-ac2200-1-nodo\/#breadcrumb"},"inLanguage":"es","potentialAction":[{"@type":"ReadAction","target":["https:\/\/www.integralpro.com.co\/index.php\/producto\/sistema-de-wifi-velop-linksys-ac2200-1-nodo\/"]}]},{"@type":"ImageObject","inLanguage":"es","@id":"https:\/\/www.integralpro.com.co\/index.php\/producto\/sistema-de-wifi-velop-linksys-ac2200-1-nodo\/#primaryimage","url":"https:\/\/www.integralpro.com.co\/wp-content\/uploads\/2021\/02\/de6797e376d3c07e36e0d5505258b9a4.jpg","contentUrl":"https:\/\/www.integralpro.com.co\/wp-content\/uploads\/2021\/02\/de6797e376d3c07e36e0d5505258b9a4.jpg","width":800,"height":800},{"@type":"BreadcrumbList","@id":"https:\/\/www.integralpro.com.co\/index.php\/producto\/sistema-de-wifi-velop-linksys-ac2200-1-nodo\/#breadcrumb","itemListElement":[{"@type":"ListItem","position":1,"name":"Portada","item":"https:\/\/www.integralpro.com.co\/"},{"@type":"ListItem","position":2,"name":"Tienda","item":"https:\/\/www.integralpro.com.co\/index.php\/tienda\/"},{"@type":"ListItem","position":3,"name":"Sistema De Wifi Velop Linksys Ac2200 1 Nodo"}]},{"@type":"WebSite","@id":"https:\/\/www.integralpro.com.co\/#website","url":"https:\/\/www.integralpro.com.co\/","name":"IntegralPro","description":"Tienda de Tecnolog\u00eda en L\u00ednea","publisher":{"@id":"https:\/\/www.integralpro.com.co\/#organization"},"potentialAction":[{"@type":"SearchAction","target":{"@type":"EntryPoint","urlTemplate":"https:\/\/www.integralpro.com.co\/?s={search_term_string}"},"query-input":{"@type":"PropertyValueSpecification","valueRequired":true,"valueName":"search_term_string"}}],"inLanguage":"es"},{"@type":"Organization","@id":"https:\/\/www.integralpro.com.co\/#organization","name":"IntegralPro SAS","url":"https:\/\/www.integralpro.com.co\/","logo":{"@type":"ImageObject","inLanguage":"es","@id":"https:\/\/www.integralpro.com.co\/#\/schema\/logo\/image\/","url":"https:\/\/www.integralpro.com.co\/wp-content\/uploads\/2021\/02\/logo-def.jpg","contentUrl":"https:\/\/www.integralpro.com.co\/wp-content\/uploads\/2021\/02\/logo-def.jpg","width":238,"height":234,"caption":"IntegralPro SAS"},"image":{"@id":"https:\/\/www.integralpro.com.co\/#\/schema\/logo\/image\/"}}]}},"_links":{"self":[{"href":"https:\/\/www.integralpro.com.co\/index.php\/wp-json\/wp\/v2\/product\/2908","targetHints":{"allow":["GET"]}}],"collection":[{"href":"https:\/\/www.integralpro.com.co\/index.php\/wp-json\/wp\/v2\/product"}],"about":[{"href":"https:\/\/www.integralpro.com.co\/index.php\/wp-json\/wp\/v2\/types\/product"}],"version-history":[{"count":1,"href":"https:\/\/www.integralpro.com.co\/index.php\/wp-json\/wp\/v2\/product\/2908\/revisions"}],"predecessor-version":[{"id":2976,"href":"https:\/\/www.integralpro.com.co\/index.php\/wp-json\/wp\/v2\/product\/2908\/revisions\/2976"}],"wp:featuredmedia":[{"embeddable":true,"href":"https:\/\/www.integralpro.com.co\/index.php\/wp-json\/wp\/v2\/media\/2975"}],"wp:attachment":[{"href":"https:\/\/www.integralpro.com.co\/index.php\/wp-json\/wp\/v2\/media?parent=2908"}],"wp:term":[{"taxonomy":"product_brand","embeddable":true,"href":"https:\/\/www.integralpro.com.co\/index.php\/wp-json\/wp\/v2\/product_brand?post=2908"},{"taxonomy":"product_cat","embeddable":true,"href":"https:\/\/www.integralpro.com.co\/index.php\/wp-json\/wp\/v2\/product_cat?post=2908"},{"taxonomy":"product_tag","embeddable":true,"href":"https:\/\/www.integralpro.com.co\/index.php\/wp-json\/wp\/v2\/product_tag?post=2908"}],"curies":[{"name":"wp","href":"https:\/\/api.w.org\/{rel}","templated":true}]}}