{"id":2871,"date":"2021-02-19T15:00:15","date_gmt":"2021-02-19T20:00:15","guid":{"rendered":"https:\/\/www.integralpro.com.co\/index.php\/producto\/import-placeholder-for-1423\/"},"modified":"2021-02-19T15:01:04","modified_gmt":"2021-02-19T20:01:04","slug":"ups-interactiva-cdp-r-upr-1008-1000va-410w-8-tomas-de-salida","status":"publish","type":"product","link":"https:\/\/www.integralpro.com.co\/index.php\/producto\/ups-interactiva-cdp-r-upr-1008-1000va-410w-8-tomas-de-salida\/","title":{"rendered":"Ups Interactiva Cdp R Upr 1008 1000Va 410W 8 Tomas De Salida"},"content":{"rendered":"<p>La Serie R-UPR, est\u00e1 dise\u00f1ado con funcionamiento y <br \/>confiabilidad incomparables para la protecci\u00f3n de tus consolas de videojuegos y <br \/>estaciones de trabajo avanzadas.<\/p>\n<p><\/p>\n<p><strong>UPS que protege<\/strong><\/p>\n<p><\/p>\n<p>Cuando la condici\u00f3n de flujo electr\u00f3nico es normal, el UPS le <br \/>protege contra la sobre tensi\u00f3n mientras utiliza la energ\u00eda para cargar la <br \/>bater\u00eda interna.<\/p>\n<p><\/p>\n<p><strong>Bot\u00f3n de ON\/OFF<\/strong><\/p>\n<p><\/p>\n<p>En la parte frontal tiene un bot\u00f3n de 4x3cm para prender y <br \/>apagar el dispositivo UPS, <\/p>\n<p><\/p>\n<p><strong>Microprocesadores<\/strong><\/p>\n<p><\/p>\n<p>Cuenta con controles potentes basados en microprocesadores <br \/>para una mayor confiabilidad con regulaci\u00f3n autom\u00e1tica de la tensi\u00f3n.<\/p>\n<p><\/p>\n<p><strong>Tomas de salidas<\/strong><\/p>\n<p><\/p>\n<p>El regulador de voltaje CDP R-AVR 3008 tiene 4 tomas de <br \/>salidas con supresi\u00f3n de picos y 4 con respaldo de bater\u00eda , est\u00e1n al <br \/>respaldo. En total 8 tomas. <\/p>\n<p><\/p>\n<p><strong>Especificaciones T\u00e9cnicas<\/strong><\/p>\n<p><\/p>\n<p>Dimensiones: 30 x 9 x 14 cm<\/p>\n<p>Peso: 8.5kg<\/p>\n<p>Entrada Voltaje: 120Vca <\/p>\n<p>Frecuencia: 50\/60Hz (Ajuste Autom\u00e1tico) <\/p>\n<p>Corriente Max. Entrada (Bypass): 1200W (10A Max) <\/p>\n<p>Cable de Alimentaci\u00f3n: NEMA 5-15P<\/p>\n<p>Bot\u00f3n ON\/Off y arranque en frio <\/p>\n<p>Leds indicadores <\/p>\n<p>Recept\u00e1culos UPS\/AVR <\/p>\n<p>Recept\u00e1culo de supresi\u00f3n de picos <\/p>\n<p>Breaker Cable de poder AC<\/p>\n<p>Salida Voltaje: 120Vca +\/- 10% <\/p>\n<p>Frecuencia: 50Hz o 60Hz +\/- 1Hz <\/p>\n<p>Voltaje en modo de Respaldo (Bater\u00eda normal): 120Vca +\/- 10% <\/p>\n<p>Corriente Max. Salida (Bypass): 410W (10A Max) <\/p>\n<p>Forma de Onda: Simulaci\u00f3n de Onda senoidal <\/p>\n<p>Tiempo de Transferencia: 2-4 ms (Tipico) <\/p>\n<p>Tipo de Salidas Nema 5-15R: 4 <\/p>\n<p>Reguladas con Respaldo + 4 con supresi\u00f3n de picos<\/p>\n<p>Bateria Rango de Tiempo: 5hrs. A 90% despu\u00e9s de descarga completa <\/p>\n<p>Protecci\u00f3n de seguridad: Sobrecarga y protecci\u00f3n contra descarga <\/p>\n<p>Administraci\u00f3n avanzada de bater\u00eda: Si Tiempo de Respaldo (Carga 1PC): 30 <br \/>Minutos<\/p>\n<p><\/p>\n<p><strong>Contenido Del Paquete<\/strong><\/p>\n<p><\/p>\n<p>UPS Interactiva &#8211; Documentaci\u00f3n<\/p>\n","protected":false},"excerpt":{"rendered":"<p># DE PARTE:R-UPR1008<\/p>\n","protected":false},"featured_media":2951,"template":"","meta":{"site-sidebar-layout":"default","site-content-layout":"","ast-site-content-layout":"default","site-content-style":"default","site-sidebar-style":"default","ast-global-header-display":"","ast-banner-title-visibility":"","ast-main-header-display":"","ast-hfb-above-header-display":"","ast-hfb-below-header-display":"","ast-hfb-mobile-header-display":"","site-post-title":"","ast-breadcrumbs-content":"","ast-featured-img":"","footer-sml-layout":"","ast-disable-related-posts":"","theme-transparent-header-meta":"","adv-header-id-meta":"","stick-header-meta":"","header-above-stick-meta":"","header-main-stick-meta":"","header-below-stick-meta":"","astra-migrate-meta-layouts":"default","ast-page-background-enabled":"default","ast-page-background-meta":{"desktop":{"background-color":"var(--ast-global-color-4)","background-image":"","background-repeat":"repeat","background-position":"center center","background-size":"auto","background-attachment":"scroll","background-type":"","background-media":"","overlay-type":"","overlay-color":"","overlay-opacity":"","overlay-gradient":""},"tablet":{"background-color":"","background-image":"","background-repeat":"repeat","background-position":"center center","background-size":"auto","background-attachment":"scroll","background-type":"","background-media":"","overlay-type":"","overlay-color":"","overlay-opacity":"","overlay-gradient":""},"mobile":{"background-color":"","background-image":"","background-repeat":"repeat","background-position":"center center","background-size":"auto","background-attachment":"scroll","background-type":"","background-media":"","overlay-type":"","overlay-color":"","overlay-opacity":"","overlay-gradient":""}},"ast-content-background-meta":{"desktop":{"background-color":"var(--ast-global-color-5)","background-image":"","background-repeat":"repeat","background-position":"center center","background-size":"auto","background-attachment":"scroll","background-type":"","background-media":"","overlay-type":"","overlay-color":"","overlay-opacity":"","overlay-gradient":""},"tablet":{"background-color":"var(--ast-global-color-5)","background-image":"","background-repeat":"repeat","background-position":"center center","background-size":"auto","background-attachment":"scroll","background-type":"","background-media":"","overlay-type":"","overlay-color":"","overlay-opacity":"","overlay-gradient":""},"mobile":{"background-color":"var(--ast-global-color-5)","background-image":"","background-repeat":"repeat","background-position":"center center","background-size":"auto","background-attachment":"scroll","background-type":"","background-media":"","overlay-type":"","overlay-color":"","overlay-opacity":"","overlay-gradient":""}}},"product_brand":[],"product_cat":[162,65],"product_tag":[38],"class_list":{"0":"post-2871","1":"product","2":"type-product","3":"status-publish","4":"has-post-thumbnail","6":"product_cat-ups","7":"product_cat-ups-reguladores-de-voltaje","8":"product_tag-cdp","9":"desktop-align-left","10":"tablet-align-left","11":"mobile-align-left","13":"first","14":"instock","15":"taxable","16":"shipping-taxable","17":"product-type-simple"},"yoast_head":"<!-- This site is optimized with the Yoast SEO plugin v27.3 - https:\/\/yoast.com\/product\/yoast-seo-wordpress\/ -->\n<title>Ups Interactiva Cdp R Upr 1008 1000Va 410W 8 Tomas De Salida - IntegralPro<\/title>\n<meta name=\"robots\" content=\"index, follow, max-snippet:-1, max-image-preview:large, max-video-preview:-1\" \/>\n<link rel=\"canonical\" href=\"https:\/\/www.integralpro.com.co\/index.php\/producto\/ups-interactiva-cdp-r-upr-1008-1000va-410w-8-tomas-de-salida\/\" \/>\n<meta property=\"og:locale\" content=\"es_ES\" \/>\n<meta property=\"og:type\" content=\"article\" \/>\n<meta property=\"og:title\" content=\"Ups Interactiva Cdp R Upr 1008 1000Va 410W 8 Tomas De Salida - IntegralPro\" \/>\n<meta property=\"og:description\" content=\"# DE PARTE:R-UPR1008\" \/>\n<meta property=\"og:url\" content=\"https:\/\/www.integralpro.com.co\/index.php\/producto\/ups-interactiva-cdp-r-upr-1008-1000va-410w-8-tomas-de-salida\/\" \/>\n<meta property=\"og:site_name\" content=\"IntegralPro\" \/>\n<meta property=\"article:modified_time\" content=\"2021-02-19T20:01:04+00:00\" \/>\n<meta property=\"og:image\" content=\"https:\/\/www.integralpro.com.co\/wp-content\/uploads\/2021\/02\/4097221dedf590afa0ce9a2e436db9f4.jpg\" \/>\n\t<meta property=\"og:image:width\" content=\"800\" \/>\n\t<meta property=\"og:image:height\" content=\"800\" \/>\n\t<meta property=\"og:image:type\" content=\"image\/jpeg\" \/>\n<meta name=\"twitter:card\" content=\"summary_large_image\" \/>\n<meta name=\"twitter:label1\" content=\"Tiempo de lectura\" \/>\n\t<meta name=\"twitter:data1\" content=\"1 minuto\" \/>\n<script type=\"application\/ld+json\" class=\"yoast-schema-graph\">{\"@context\":\"https:\\\/\\\/schema.org\",\"@graph\":[{\"@type\":\"WebPage\",\"@id\":\"https:\\\/\\\/www.integralpro.com.co\\\/index.php\\\/producto\\\/ups-interactiva-cdp-r-upr-1008-1000va-410w-8-tomas-de-salida\\\/\",\"url\":\"https:\\\/\\\/www.integralpro.com.co\\\/index.php\\\/producto\\\/ups-interactiva-cdp-r-upr-1008-1000va-410w-8-tomas-de-salida\\\/\",\"name\":\"Ups Interactiva Cdp R Upr 1008 1000Va 410W 8 Tomas De Salida - IntegralPro\",\"isPartOf\":{\"@id\":\"https:\\\/\\\/www.integralpro.com.co\\\/#website\"},\"primaryImageOfPage\":{\"@id\":\"https:\\\/\\\/www.integralpro.com.co\\\/index.php\\\/producto\\\/ups-interactiva-cdp-r-upr-1008-1000va-410w-8-tomas-de-salida\\\/#primaryimage\"},\"image\":{\"@id\":\"https:\\\/\\\/www.integralpro.com.co\\\/index.php\\\/producto\\\/ups-interactiva-cdp-r-upr-1008-1000va-410w-8-tomas-de-salida\\\/#primaryimage\"},\"thumbnailUrl\":\"https:\\\/\\\/www.integralpro.com.co\\\/wp-content\\\/uploads\\\/2021\\\/02\\\/4097221dedf590afa0ce9a2e436db9f4.jpg\",\"datePublished\":\"2021-02-19T20:00:15+00:00\",\"dateModified\":\"2021-02-19T20:01:04+00:00\",\"breadcrumb\":{\"@id\":\"https:\\\/\\\/www.integralpro.com.co\\\/index.php\\\/producto\\\/ups-interactiva-cdp-r-upr-1008-1000va-410w-8-tomas-de-salida\\\/#breadcrumb\"},\"inLanguage\":\"es\",\"potentialAction\":[{\"@type\":\"ReadAction\",\"target\":[\"https:\\\/\\\/www.integralpro.com.co\\\/index.php\\\/producto\\\/ups-interactiva-cdp-r-upr-1008-1000va-410w-8-tomas-de-salida\\\/\"]}]},{\"@type\":\"ImageObject\",\"inLanguage\":\"es\",\"@id\":\"https:\\\/\\\/www.integralpro.com.co\\\/index.php\\\/producto\\\/ups-interactiva-cdp-r-upr-1008-1000va-410w-8-tomas-de-salida\\\/#primaryimage\",\"url\":\"https:\\\/\\\/www.integralpro.com.co\\\/wp-content\\\/uploads\\\/2021\\\/02\\\/4097221dedf590afa0ce9a2e436db9f4.jpg\",\"contentUrl\":\"https:\\\/\\\/www.integralpro.com.co\\\/wp-content\\\/uploads\\\/2021\\\/02\\\/4097221dedf590afa0ce9a2e436db9f4.jpg\",\"width\":800,\"height\":800},{\"@type\":\"BreadcrumbList\",\"@id\":\"https:\\\/\\\/www.integralpro.com.co\\\/index.php\\\/producto\\\/ups-interactiva-cdp-r-upr-1008-1000va-410w-8-tomas-de-salida\\\/#breadcrumb\",\"itemListElement\":[{\"@type\":\"ListItem\",\"position\":1,\"name\":\"Portada\",\"item\":\"https:\\\/\\\/www.integralpro.com.co\\\/\"},{\"@type\":\"ListItem\",\"position\":2,\"name\":\"Tienda\",\"item\":\"https:\\\/\\\/www.integralpro.com.co\\\/index.php\\\/tienda\\\/\"},{\"@type\":\"ListItem\",\"position\":3,\"name\":\"Ups Interactiva Cdp R Upr 1008 1000Va 410W 8 Tomas De Salida\"}]},{\"@type\":\"WebSite\",\"@id\":\"https:\\\/\\\/www.integralpro.com.co\\\/#website\",\"url\":\"https:\\\/\\\/www.integralpro.com.co\\\/\",\"name\":\"IntegralPro\",\"description\":\"Tienda de Tecnolog\u00eda en L\u00ednea\",\"publisher\":{\"@id\":\"https:\\\/\\\/www.integralpro.com.co\\\/#organization\"},\"potentialAction\":[{\"@type\":\"SearchAction\",\"target\":{\"@type\":\"EntryPoint\",\"urlTemplate\":\"https:\\\/\\\/www.integralpro.com.co\\\/?s={search_term_string}\"},\"query-input\":{\"@type\":\"PropertyValueSpecification\",\"valueRequired\":true,\"valueName\":\"search_term_string\"}}],\"inLanguage\":\"es\"},{\"@type\":\"Organization\",\"@id\":\"https:\\\/\\\/www.integralpro.com.co\\\/#organization\",\"name\":\"IntegralPro SAS\",\"url\":\"https:\\\/\\\/www.integralpro.com.co\\\/\",\"logo\":{\"@type\":\"ImageObject\",\"inLanguage\":\"es\",\"@id\":\"https:\\\/\\\/www.integralpro.com.co\\\/#\\\/schema\\\/logo\\\/image\\\/\",\"url\":\"https:\\\/\\\/www.integralpro.com.co\\\/wp-content\\\/uploads\\\/2021\\\/02\\\/logo-def.jpg\",\"contentUrl\":\"https:\\\/\\\/www.integralpro.com.co\\\/wp-content\\\/uploads\\\/2021\\\/02\\\/logo-def.jpg\",\"width\":238,\"height\":234,\"caption\":\"IntegralPro SAS\"},\"image\":{\"@id\":\"https:\\\/\\\/www.integralpro.com.co\\\/#\\\/schema\\\/logo\\\/image\\\/\"}}]}<\/script>\n<!-- \/ Yoast SEO plugin. -->","yoast_head_json":{"title":"Ups Interactiva Cdp R Upr 1008 1000Va 410W 8 Tomas De Salida - IntegralPro","robots":{"index":"index","follow":"follow","max-snippet":"max-snippet:-1","max-image-preview":"max-image-preview:large","max-video-preview":"max-video-preview:-1"},"canonical":"https:\/\/www.integralpro.com.co\/index.php\/producto\/ups-interactiva-cdp-r-upr-1008-1000va-410w-8-tomas-de-salida\/","og_locale":"es_ES","og_type":"article","og_title":"Ups Interactiva Cdp R Upr 1008 1000Va 410W 8 Tomas De Salida - IntegralPro","og_description":"# DE PARTE:R-UPR1008","og_url":"https:\/\/www.integralpro.com.co\/index.php\/producto\/ups-interactiva-cdp-r-upr-1008-1000va-410w-8-tomas-de-salida\/","og_site_name":"IntegralPro","article_modified_time":"2021-02-19T20:01:04+00:00","og_image":[{"width":800,"height":800,"url":"https:\/\/www.integralpro.com.co\/wp-content\/uploads\/2021\/02\/4097221dedf590afa0ce9a2e436db9f4.jpg","type":"image\/jpeg"}],"twitter_card":"summary_large_image","twitter_misc":{"Tiempo de lectura":"1 minuto"},"schema":{"@context":"https:\/\/schema.org","@graph":[{"@type":"WebPage","@id":"https:\/\/www.integralpro.com.co\/index.php\/producto\/ups-interactiva-cdp-r-upr-1008-1000va-410w-8-tomas-de-salida\/","url":"https:\/\/www.integralpro.com.co\/index.php\/producto\/ups-interactiva-cdp-r-upr-1008-1000va-410w-8-tomas-de-salida\/","name":"Ups Interactiva Cdp R Upr 1008 1000Va 410W 8 Tomas De Salida - IntegralPro","isPartOf":{"@id":"https:\/\/www.integralpro.com.co\/#website"},"primaryImageOfPage":{"@id":"https:\/\/www.integralpro.com.co\/index.php\/producto\/ups-interactiva-cdp-r-upr-1008-1000va-410w-8-tomas-de-salida\/#primaryimage"},"image":{"@id":"https:\/\/www.integralpro.com.co\/index.php\/producto\/ups-interactiva-cdp-r-upr-1008-1000va-410w-8-tomas-de-salida\/#primaryimage"},"thumbnailUrl":"https:\/\/www.integralpro.com.co\/wp-content\/uploads\/2021\/02\/4097221dedf590afa0ce9a2e436db9f4.jpg","datePublished":"2021-02-19T20:00:15+00:00","dateModified":"2021-02-19T20:01:04+00:00","breadcrumb":{"@id":"https:\/\/www.integralpro.com.co\/index.php\/producto\/ups-interactiva-cdp-r-upr-1008-1000va-410w-8-tomas-de-salida\/#breadcrumb"},"inLanguage":"es","potentialAction":[{"@type":"ReadAction","target":["https:\/\/www.integralpro.com.co\/index.php\/producto\/ups-interactiva-cdp-r-upr-1008-1000va-410w-8-tomas-de-salida\/"]}]},{"@type":"ImageObject","inLanguage":"es","@id":"https:\/\/www.integralpro.com.co\/index.php\/producto\/ups-interactiva-cdp-r-upr-1008-1000va-410w-8-tomas-de-salida\/#primaryimage","url":"https:\/\/www.integralpro.com.co\/wp-content\/uploads\/2021\/02\/4097221dedf590afa0ce9a2e436db9f4.jpg","contentUrl":"https:\/\/www.integralpro.com.co\/wp-content\/uploads\/2021\/02\/4097221dedf590afa0ce9a2e436db9f4.jpg","width":800,"height":800},{"@type":"BreadcrumbList","@id":"https:\/\/www.integralpro.com.co\/index.php\/producto\/ups-interactiva-cdp-r-upr-1008-1000va-410w-8-tomas-de-salida\/#breadcrumb","itemListElement":[{"@type":"ListItem","position":1,"name":"Portada","item":"https:\/\/www.integralpro.com.co\/"},{"@type":"ListItem","position":2,"name":"Tienda","item":"https:\/\/www.integralpro.com.co\/index.php\/tienda\/"},{"@type":"ListItem","position":3,"name":"Ups Interactiva Cdp R Upr 1008 1000Va 410W 8 Tomas De Salida"}]},{"@type":"WebSite","@id":"https:\/\/www.integralpro.com.co\/#website","url":"https:\/\/www.integralpro.com.co\/","name":"IntegralPro","description":"Tienda de Tecnolog\u00eda en L\u00ednea","publisher":{"@id":"https:\/\/www.integralpro.com.co\/#organization"},"potentialAction":[{"@type":"SearchAction","target":{"@type":"EntryPoint","urlTemplate":"https:\/\/www.integralpro.com.co\/?s={search_term_string}"},"query-input":{"@type":"PropertyValueSpecification","valueRequired":true,"valueName":"search_term_string"}}],"inLanguage":"es"},{"@type":"Organization","@id":"https:\/\/www.integralpro.com.co\/#organization","name":"IntegralPro SAS","url":"https:\/\/www.integralpro.com.co\/","logo":{"@type":"ImageObject","inLanguage":"es","@id":"https:\/\/www.integralpro.com.co\/#\/schema\/logo\/image\/","url":"https:\/\/www.integralpro.com.co\/wp-content\/uploads\/2021\/02\/logo-def.jpg","contentUrl":"https:\/\/www.integralpro.com.co\/wp-content\/uploads\/2021\/02\/logo-def.jpg","width":238,"height":234,"caption":"IntegralPro SAS"},"image":{"@id":"https:\/\/www.integralpro.com.co\/#\/schema\/logo\/image\/"}}]}},"_links":{"self":[{"href":"https:\/\/www.integralpro.com.co\/index.php\/wp-json\/wp\/v2\/product\/2871","targetHints":{"allow":["GET"]}}],"collection":[{"href":"https:\/\/www.integralpro.com.co\/index.php\/wp-json\/wp\/v2\/product"}],"about":[{"href":"https:\/\/www.integralpro.com.co\/index.php\/wp-json\/wp\/v2\/types\/product"}],"version-history":[{"count":1,"href":"https:\/\/www.integralpro.com.co\/index.php\/wp-json\/wp\/v2\/product\/2871\/revisions"}],"predecessor-version":[{"id":2952,"href":"https:\/\/www.integralpro.com.co\/index.php\/wp-json\/wp\/v2\/product\/2871\/revisions\/2952"}],"wp:featuredmedia":[{"embeddable":true,"href":"https:\/\/www.integralpro.com.co\/index.php\/wp-json\/wp\/v2\/media\/2951"}],"wp:attachment":[{"href":"https:\/\/www.integralpro.com.co\/index.php\/wp-json\/wp\/v2\/media?parent=2871"}],"wp:term":[{"taxonomy":"product_brand","embeddable":true,"href":"https:\/\/www.integralpro.com.co\/index.php\/wp-json\/wp\/v2\/product_brand?post=2871"},{"taxonomy":"product_cat","embeddable":true,"href":"https:\/\/www.integralpro.com.co\/index.php\/wp-json\/wp\/v2\/product_cat?post=2871"},{"taxonomy":"product_tag","embeddable":true,"href":"https:\/\/www.integralpro.com.co\/index.php\/wp-json\/wp\/v2\/product_tag?post=2871"}],"curies":[{"name":"wp","href":"https:\/\/api.w.org\/{rel}","templated":true}]}}