{"id":2870,"date":"2021-02-19T15:00:15","date_gmt":"2021-02-19T20:00:15","guid":{"rendered":"https:\/\/www.integralpro.com.co\/index.php\/producto\/import-placeholder-for-1422\/"},"modified":"2021-02-19T15:01:00","modified_gmt":"2021-02-19T20:01:00","slug":"regulador-de-voltaje-cdp-r-avr-3008-3000va-2400w-8-tomas","status":"publish","type":"product","link":"https:\/\/www.integralpro.com.co\/index.php\/producto\/regulador-de-voltaje-cdp-r-avr-3008-3000va-2400w-8-tomas\/","title":{"rendered":"Regulador De Voltaje Cdp R Avr 3008 3000Va 2400W 8 Tomas"},"content":{"rendered":"<p>El Regulador De Voltaje CDP R-AVR 3008- 8 Tomas\/3000va\/2400w. <br \/>Con una protecci\u00f3n completa de electrodom\u00e9sticos como refrigeradores, <br \/>microondas, etc.<\/p>\n<p><\/p>\n<p><strong>Indicadores LEDS<\/strong><\/p>\n<p><\/p>\n<p>La serie R-AVR es una l\u00ednea de reguladores de voltaje con <br \/>amplio rango de funcionamiento, con indicadores LEDS de alto y bajo voltaje.<\/p>\n<p><\/p>\n<p><strong>Bot\u00f3n de ON\/OFF<\/strong><\/p>\n<p><\/p>\n<p>En la parte frontal tiene un bot\u00f3n de 4x3cm para prender y <br \/>apagar el dispositivo UPS, <\/p>\n<p><\/p>\n<p><strong>Protector de picos<\/strong><\/p>\n<p><\/p>\n<p>Este regulador trae un protector de picos y altos voltajes en <br \/>l\u00ednea telef\u00f3nica y DSL para completar una soluci\u00f3n ideal de protecci\u00f3n de <br \/>problemas agudos de energ\u00eda a su inversi\u00f3n.<\/p>\n<p><\/p>\n<p><strong>Tomas de salidas<\/strong><\/p>\n<p><\/p>\n<p>El regulador de voltaje CDP R-AVR 3008 tiene 4 tomas de <br \/>salidas con supresi\u00f3n de picos y 4 con respaldo de bater\u00eda AVR y LEDS, est\u00e1n al <br \/>respaldo. En total 8 tomas. <\/p>\n<p><\/p>\n<p><strong>Especificaciones T\u00e9cnicas<\/strong><\/p>\n<p><\/p>\n<p>Dimensiones: 25 x 15 x 15 cm<\/p>\n<p>Peso: 10.5kg<\/p>\n<p>Voltaje 120VCA +\/- 10%<\/p>\n<p>Capacidad 3000VA\/2400W <\/p>\n<p>Coaxial Coaxial Integrada Dimensiones 25 x 15 x 15 cm<\/p>\n<p>Protecci\u00f3n de picos 525 joules <\/p>\n<p>LEDS 4 Indicadores: Reducci\u00f3n, energ\u00eda, incremento Boost y incremento Super <br \/>Boost. Constantes reguladores.<\/p>\n<p>Sobrecarga \/ cortocircuito (reseteable) <\/p>\n<p>Breaker termomagn\u00e9tico 20 Amp. <\/p>\n<p>Tipo de Salida\/Numero 8 <\/p>\n<p>Salidas NEMA5-15R reguladas y con supresi\u00f3n <\/p>\n<p><\/p>\n<p><strong>Contenido Del Paquete<\/strong><\/p>\n<p><\/p>\n<p>Regulador de voltaje &#8211; Documentaci\u00f3n<\/p>\n","protected":false},"excerpt":{"rendered":"<p># DE PARTE:R-AVR 3008<\/p>\n","protected":false},"featured_media":2936,"template":"","meta":{"site-sidebar-layout":"default","site-content-layout":"","ast-site-content-layout":"default","site-content-style":"default","site-sidebar-style":"default","ast-global-header-display":"","ast-banner-title-visibility":"","ast-main-header-display":"","ast-hfb-above-header-display":"","ast-hfb-below-header-display":"","ast-hfb-mobile-header-display":"","site-post-title":"","ast-breadcrumbs-content":"","ast-featured-img":"","footer-sml-layout":"","ast-disable-related-posts":"","theme-transparent-header-meta":"","adv-header-id-meta":"","stick-header-meta":"","header-above-stick-meta":"","header-main-stick-meta":"","header-below-stick-meta":"","astra-migrate-meta-layouts":"default","ast-page-background-enabled":"default","ast-page-background-meta":{"desktop":{"background-color":"var(--ast-global-color-4)","background-image":"","background-repeat":"repeat","background-position":"center center","background-size":"auto","background-attachment":"scroll","background-type":"","background-media":"","overlay-type":"","overlay-color":"","overlay-opacity":"","overlay-gradient":""},"tablet":{"background-color":"","background-image":"","background-repeat":"repeat","background-position":"center center","background-size":"auto","background-attachment":"scroll","background-type":"","background-media":"","overlay-type":"","overlay-color":"","overlay-opacity":"","overlay-gradient":""},"mobile":{"background-color":"","background-image":"","background-repeat":"repeat","background-position":"center center","background-size":"auto","background-attachment":"scroll","background-type":"","background-media":"","overlay-type":"","overlay-color":"","overlay-opacity":"","overlay-gradient":""}},"ast-content-background-meta":{"desktop":{"background-color":"var(--ast-global-color-5)","background-image":"","background-repeat":"repeat","background-position":"center center","background-size":"auto","background-attachment":"scroll","background-type":"","background-media":"","overlay-type":"","overlay-color":"","overlay-opacity":"","overlay-gradient":""},"tablet":{"background-color":"var(--ast-global-color-5)","background-image":"","background-repeat":"repeat","background-position":"center center","background-size":"auto","background-attachment":"scroll","background-type":"","background-media":"","overlay-type":"","overlay-color":"","overlay-opacity":"","overlay-gradient":""},"mobile":{"background-color":"var(--ast-global-color-5)","background-image":"","background-repeat":"repeat","background-position":"center center","background-size":"auto","background-attachment":"scroll","background-type":"","background-media":"","overlay-type":"","overlay-color":"","overlay-opacity":"","overlay-gradient":""}}},"product_brand":[],"product_cat":[163,65],"product_tag":[38],"class_list":{"0":"post-2870","1":"product","2":"type-product","3":"status-publish","4":"has-post-thumbnail","6":"product_cat-reguladores","7":"product_cat-ups-reguladores-de-voltaje","8":"product_tag-cdp","9":"desktop-align-left","10":"tablet-align-left","11":"mobile-align-left","13":"first","14":"instock","15":"taxable","16":"shipping-taxable","17":"product-type-simple"},"yoast_head":"<!-- This site is optimized with the Yoast SEO plugin v27.4 - https:\/\/yoast.com\/product\/yoast-seo-wordpress\/ -->\n<title>Regulador De Voltaje Cdp R Avr 3008 3000Va 2400W 8 Tomas - IntegralPro<\/title>\n<meta name=\"robots\" content=\"index, follow, max-snippet:-1, max-image-preview:large, max-video-preview:-1\" \/>\n<link rel=\"canonical\" href=\"https:\/\/www.integralpro.com.co\/index.php\/producto\/regulador-de-voltaje-cdp-r-avr-3008-3000va-2400w-8-tomas\/\" \/>\n<meta property=\"og:locale\" content=\"es_ES\" \/>\n<meta property=\"og:type\" content=\"article\" \/>\n<meta property=\"og:title\" content=\"Regulador De Voltaje Cdp R Avr 3008 3000Va 2400W 8 Tomas - IntegralPro\" \/>\n<meta property=\"og:description\" content=\"# DE PARTE:R-AVR 3008\" \/>\n<meta property=\"og:url\" content=\"https:\/\/www.integralpro.com.co\/index.php\/producto\/regulador-de-voltaje-cdp-r-avr-3008-3000va-2400w-8-tomas\/\" \/>\n<meta property=\"og:site_name\" content=\"IntegralPro\" \/>\n<meta property=\"article:modified_time\" content=\"2021-02-19T20:01:00+00:00\" \/>\n<meta property=\"og:image\" content=\"https:\/\/www.integralpro.com.co\/wp-content\/uploads\/2021\/02\/42a46dce9e1117c8904e30e98594dbca.jpg\" \/>\n\t<meta property=\"og:image:width\" content=\"800\" \/>\n\t<meta property=\"og:image:height\" content=\"800\" \/>\n\t<meta property=\"og:image:type\" content=\"image\/jpeg\" \/>\n<meta name=\"twitter:card\" content=\"summary_large_image\" \/>\n<meta name=\"twitter:label1\" content=\"Tiempo de lectura\" \/>\n\t<meta name=\"twitter:data1\" content=\"1 minuto\" \/>\n<script type=\"application\/ld+json\" class=\"yoast-schema-graph\">{\"@context\":\"https:\\\/\\\/schema.org\",\"@graph\":[{\"@type\":\"WebPage\",\"@id\":\"https:\\\/\\\/www.integralpro.com.co\\\/index.php\\\/producto\\\/regulador-de-voltaje-cdp-r-avr-3008-3000va-2400w-8-tomas\\\/\",\"url\":\"https:\\\/\\\/www.integralpro.com.co\\\/index.php\\\/producto\\\/regulador-de-voltaje-cdp-r-avr-3008-3000va-2400w-8-tomas\\\/\",\"name\":\"Regulador De Voltaje Cdp R Avr 3008 3000Va 2400W 8 Tomas - IntegralPro\",\"isPartOf\":{\"@id\":\"https:\\\/\\\/www.integralpro.com.co\\\/#website\"},\"primaryImageOfPage\":{\"@id\":\"https:\\\/\\\/www.integralpro.com.co\\\/index.php\\\/producto\\\/regulador-de-voltaje-cdp-r-avr-3008-3000va-2400w-8-tomas\\\/#primaryimage\"},\"image\":{\"@id\":\"https:\\\/\\\/www.integralpro.com.co\\\/index.php\\\/producto\\\/regulador-de-voltaje-cdp-r-avr-3008-3000va-2400w-8-tomas\\\/#primaryimage\"},\"thumbnailUrl\":\"https:\\\/\\\/www.integralpro.com.co\\\/wp-content\\\/uploads\\\/2021\\\/02\\\/42a46dce9e1117c8904e30e98594dbca.jpg\",\"datePublished\":\"2021-02-19T20:00:15+00:00\",\"dateModified\":\"2021-02-19T20:01:00+00:00\",\"breadcrumb\":{\"@id\":\"https:\\\/\\\/www.integralpro.com.co\\\/index.php\\\/producto\\\/regulador-de-voltaje-cdp-r-avr-3008-3000va-2400w-8-tomas\\\/#breadcrumb\"},\"inLanguage\":\"es\",\"potentialAction\":[{\"@type\":\"ReadAction\",\"target\":[\"https:\\\/\\\/www.integralpro.com.co\\\/index.php\\\/producto\\\/regulador-de-voltaje-cdp-r-avr-3008-3000va-2400w-8-tomas\\\/\"]}]},{\"@type\":\"ImageObject\",\"inLanguage\":\"es\",\"@id\":\"https:\\\/\\\/www.integralpro.com.co\\\/index.php\\\/producto\\\/regulador-de-voltaje-cdp-r-avr-3008-3000va-2400w-8-tomas\\\/#primaryimage\",\"url\":\"https:\\\/\\\/www.integralpro.com.co\\\/wp-content\\\/uploads\\\/2021\\\/02\\\/42a46dce9e1117c8904e30e98594dbca.jpg\",\"contentUrl\":\"https:\\\/\\\/www.integralpro.com.co\\\/wp-content\\\/uploads\\\/2021\\\/02\\\/42a46dce9e1117c8904e30e98594dbca.jpg\",\"width\":800,\"height\":800},{\"@type\":\"BreadcrumbList\",\"@id\":\"https:\\\/\\\/www.integralpro.com.co\\\/index.php\\\/producto\\\/regulador-de-voltaje-cdp-r-avr-3008-3000va-2400w-8-tomas\\\/#breadcrumb\",\"itemListElement\":[{\"@type\":\"ListItem\",\"position\":1,\"name\":\"Portada\",\"item\":\"https:\\\/\\\/www.integralpro.com.co\\\/\"},{\"@type\":\"ListItem\",\"position\":2,\"name\":\"Tienda\",\"item\":\"https:\\\/\\\/www.integralpro.com.co\\\/index.php\\\/tienda\\\/\"},{\"@type\":\"ListItem\",\"position\":3,\"name\":\"Regulador De Voltaje Cdp R Avr 3008 3000Va 2400W 8 Tomas\"}]},{\"@type\":\"WebSite\",\"@id\":\"https:\\\/\\\/www.integralpro.com.co\\\/#website\",\"url\":\"https:\\\/\\\/www.integralpro.com.co\\\/\",\"name\":\"IntegralPro\",\"description\":\"Tienda de Tecnolog\u00eda en L\u00ednea\",\"publisher\":{\"@id\":\"https:\\\/\\\/www.integralpro.com.co\\\/#organization\"},\"potentialAction\":[{\"@type\":\"SearchAction\",\"target\":{\"@type\":\"EntryPoint\",\"urlTemplate\":\"https:\\\/\\\/www.integralpro.com.co\\\/?s={search_term_string}\"},\"query-input\":{\"@type\":\"PropertyValueSpecification\",\"valueRequired\":true,\"valueName\":\"search_term_string\"}}],\"inLanguage\":\"es\"},{\"@type\":\"Organization\",\"@id\":\"https:\\\/\\\/www.integralpro.com.co\\\/#organization\",\"name\":\"IntegralPro SAS\",\"url\":\"https:\\\/\\\/www.integralpro.com.co\\\/\",\"logo\":{\"@type\":\"ImageObject\",\"inLanguage\":\"es\",\"@id\":\"https:\\\/\\\/www.integralpro.com.co\\\/#\\\/schema\\\/logo\\\/image\\\/\",\"url\":\"https:\\\/\\\/www.integralpro.com.co\\\/wp-content\\\/uploads\\\/2021\\\/02\\\/logo-def.jpg\",\"contentUrl\":\"https:\\\/\\\/www.integralpro.com.co\\\/wp-content\\\/uploads\\\/2021\\\/02\\\/logo-def.jpg\",\"width\":238,\"height\":234,\"caption\":\"IntegralPro SAS\"},\"image\":{\"@id\":\"https:\\\/\\\/www.integralpro.com.co\\\/#\\\/schema\\\/logo\\\/image\\\/\"}}]}<\/script>\n<!-- \/ Yoast SEO plugin. -->","yoast_head_json":{"title":"Regulador De Voltaje Cdp R Avr 3008 3000Va 2400W 8 Tomas - IntegralPro","robots":{"index":"index","follow":"follow","max-snippet":"max-snippet:-1","max-image-preview":"max-image-preview:large","max-video-preview":"max-video-preview:-1"},"canonical":"https:\/\/www.integralpro.com.co\/index.php\/producto\/regulador-de-voltaje-cdp-r-avr-3008-3000va-2400w-8-tomas\/","og_locale":"es_ES","og_type":"article","og_title":"Regulador De Voltaje Cdp R Avr 3008 3000Va 2400W 8 Tomas - IntegralPro","og_description":"# DE PARTE:R-AVR 3008","og_url":"https:\/\/www.integralpro.com.co\/index.php\/producto\/regulador-de-voltaje-cdp-r-avr-3008-3000va-2400w-8-tomas\/","og_site_name":"IntegralPro","article_modified_time":"2021-02-19T20:01:00+00:00","og_image":[{"width":800,"height":800,"url":"https:\/\/www.integralpro.com.co\/wp-content\/uploads\/2021\/02\/42a46dce9e1117c8904e30e98594dbca.jpg","type":"image\/jpeg"}],"twitter_card":"summary_large_image","twitter_misc":{"Tiempo de lectura":"1 minuto"},"schema":{"@context":"https:\/\/schema.org","@graph":[{"@type":"WebPage","@id":"https:\/\/www.integralpro.com.co\/index.php\/producto\/regulador-de-voltaje-cdp-r-avr-3008-3000va-2400w-8-tomas\/","url":"https:\/\/www.integralpro.com.co\/index.php\/producto\/regulador-de-voltaje-cdp-r-avr-3008-3000va-2400w-8-tomas\/","name":"Regulador De Voltaje Cdp R Avr 3008 3000Va 2400W 8 Tomas - IntegralPro","isPartOf":{"@id":"https:\/\/www.integralpro.com.co\/#website"},"primaryImageOfPage":{"@id":"https:\/\/www.integralpro.com.co\/index.php\/producto\/regulador-de-voltaje-cdp-r-avr-3008-3000va-2400w-8-tomas\/#primaryimage"},"image":{"@id":"https:\/\/www.integralpro.com.co\/index.php\/producto\/regulador-de-voltaje-cdp-r-avr-3008-3000va-2400w-8-tomas\/#primaryimage"},"thumbnailUrl":"https:\/\/www.integralpro.com.co\/wp-content\/uploads\/2021\/02\/42a46dce9e1117c8904e30e98594dbca.jpg","datePublished":"2021-02-19T20:00:15+00:00","dateModified":"2021-02-19T20:01:00+00:00","breadcrumb":{"@id":"https:\/\/www.integralpro.com.co\/index.php\/producto\/regulador-de-voltaje-cdp-r-avr-3008-3000va-2400w-8-tomas\/#breadcrumb"},"inLanguage":"es","potentialAction":[{"@type":"ReadAction","target":["https:\/\/www.integralpro.com.co\/index.php\/producto\/regulador-de-voltaje-cdp-r-avr-3008-3000va-2400w-8-tomas\/"]}]},{"@type":"ImageObject","inLanguage":"es","@id":"https:\/\/www.integralpro.com.co\/index.php\/producto\/regulador-de-voltaje-cdp-r-avr-3008-3000va-2400w-8-tomas\/#primaryimage","url":"https:\/\/www.integralpro.com.co\/wp-content\/uploads\/2021\/02\/42a46dce9e1117c8904e30e98594dbca.jpg","contentUrl":"https:\/\/www.integralpro.com.co\/wp-content\/uploads\/2021\/02\/42a46dce9e1117c8904e30e98594dbca.jpg","width":800,"height":800},{"@type":"BreadcrumbList","@id":"https:\/\/www.integralpro.com.co\/index.php\/producto\/regulador-de-voltaje-cdp-r-avr-3008-3000va-2400w-8-tomas\/#breadcrumb","itemListElement":[{"@type":"ListItem","position":1,"name":"Portada","item":"https:\/\/www.integralpro.com.co\/"},{"@type":"ListItem","position":2,"name":"Tienda","item":"https:\/\/www.integralpro.com.co\/index.php\/tienda\/"},{"@type":"ListItem","position":3,"name":"Regulador De Voltaje Cdp R Avr 3008 3000Va 2400W 8 Tomas"}]},{"@type":"WebSite","@id":"https:\/\/www.integralpro.com.co\/#website","url":"https:\/\/www.integralpro.com.co\/","name":"IntegralPro","description":"Tienda de Tecnolog\u00eda en L\u00ednea","publisher":{"@id":"https:\/\/www.integralpro.com.co\/#organization"},"potentialAction":[{"@type":"SearchAction","target":{"@type":"EntryPoint","urlTemplate":"https:\/\/www.integralpro.com.co\/?s={search_term_string}"},"query-input":{"@type":"PropertyValueSpecification","valueRequired":true,"valueName":"search_term_string"}}],"inLanguage":"es"},{"@type":"Organization","@id":"https:\/\/www.integralpro.com.co\/#organization","name":"IntegralPro SAS","url":"https:\/\/www.integralpro.com.co\/","logo":{"@type":"ImageObject","inLanguage":"es","@id":"https:\/\/www.integralpro.com.co\/#\/schema\/logo\/image\/","url":"https:\/\/www.integralpro.com.co\/wp-content\/uploads\/2021\/02\/logo-def.jpg","contentUrl":"https:\/\/www.integralpro.com.co\/wp-content\/uploads\/2021\/02\/logo-def.jpg","width":238,"height":234,"caption":"IntegralPro SAS"},"image":{"@id":"https:\/\/www.integralpro.com.co\/#\/schema\/logo\/image\/"}}]}},"_links":{"self":[{"href":"https:\/\/www.integralpro.com.co\/index.php\/wp-json\/wp\/v2\/product\/2870","targetHints":{"allow":["GET"]}}],"collection":[{"href":"https:\/\/www.integralpro.com.co\/index.php\/wp-json\/wp\/v2\/product"}],"about":[{"href":"https:\/\/www.integralpro.com.co\/index.php\/wp-json\/wp\/v2\/types\/product"}],"version-history":[{"count":1,"href":"https:\/\/www.integralpro.com.co\/index.php\/wp-json\/wp\/v2\/product\/2870\/revisions"}],"predecessor-version":[{"id":2937,"href":"https:\/\/www.integralpro.com.co\/index.php\/wp-json\/wp\/v2\/product\/2870\/revisions\/2937"}],"wp:featuredmedia":[{"embeddable":true,"href":"https:\/\/www.integralpro.com.co\/index.php\/wp-json\/wp\/v2\/media\/2936"}],"wp:attachment":[{"href":"https:\/\/www.integralpro.com.co\/index.php\/wp-json\/wp\/v2\/media?parent=2870"}],"wp:term":[{"taxonomy":"product_brand","embeddable":true,"href":"https:\/\/www.integralpro.com.co\/index.php\/wp-json\/wp\/v2\/product_brand?post=2870"},{"taxonomy":"product_cat","embeddable":true,"href":"https:\/\/www.integralpro.com.co\/index.php\/wp-json\/wp\/v2\/product_cat?post=2870"},{"taxonomy":"product_tag","embeddable":true,"href":"https:\/\/www.integralpro.com.co\/index.php\/wp-json\/wp\/v2\/product_tag?post=2870"}],"curies":[{"name":"wp","href":"https:\/\/api.w.org\/{rel}","templated":true}]}}