{"id":2863,"date":"2021-02-19T15:00:14","date_gmt":"2021-02-19T20:00:14","guid":{"rendered":"https:\/\/www.integralpro.com.co\/index.php\/producto\/import-placeholder-for-1415\/"},"modified":"2021-02-19T15:00:49","modified_gmt":"2021-02-19T20:00:49","slug":"consola-sony-playstation-ps4-1tb-hits-5-combo-3-juegos","status":"publish","type":"product","link":"https:\/\/www.integralpro.com.co\/index.php\/producto\/consola-sony-playstation-ps4-1tb-hits-5-combo-3-juegos\/","title":{"rendered":"Consola Sony Playstation Ps4 1Tb Hits 5 Combo 3 Juegos"},"content":{"rendered":"<p>PlayStation Hits Bundle es el m\u00e1ximo paquete de entretenimiento con 3 fascinantes juegos de Days Gone, Detroit: Become Human, Tom Clancy\u2019s Rainbow Six Siege.<\/p>\n<p>La consola PlayStation 4, ahora m\u00e1s liviana y m\u00e1s delgada.<\/p>\n<p>Tiene disco duro de 1TB para disfrutar los mejores juegos. <\/p>\n<p><\/p>\n<p><strong>Una Consola Dise\u00f1ada Para Jugadores<\/strong><\/p>\n<p><\/p>\n<p>La PlayStation 4 est\u00e1 dise\u00f1ada para que el jugador pueda disfrutar de los mejores juegos y experiencias de inmersi\u00f3n posibles. Est\u00e1 dise\u00f1ado para permitir a los mejores desarrolladores del mundo dar rienda suelta a su creatividad y superar los l\u00edmites del juego con caracter\u00edsticas dise\u00f1adas para satisfacer sus necesidades espec\u00edficas.<\/p>\n<p>El sistema PS4 se basa en un potente procesador dise\u00f1ado especialmente para \u00e9l, con ocho n\u00facleos y un procesador gr\u00e1fico de gama alta que permite 1,84 TFLOPS con 8 GB de memoria GDDR5 <br \/>ultrarr\u00e1pida.<\/p>\n<p><\/p>\n<p><strong>Especificaciones T\u00e9cnicas<\/strong><\/p>\n<p><\/p>\n<p>Dimensiones: 26 x 29 x 4 cm <\/p>\n<p>Peso 2,1 kg <\/p>\n<p>Procesador: x86-64 AMD Jaguar Octo-Core <\/p>\n<p>Chipset gr\u00e1fico: \u00c6 AMD Radeon Next-Gen<\/p>\n<p>Memoria 8 GB GDDR5<\/p>\n<p>Potencia indicativa: 1.84 TFLOP<\/p>\n<p>Almacenamiento: disco duro extra\u00edble de 1 TB y unidad Blu-Ray <\/p>\n<p>Conectividad: Gigabit Ethernet \/ Wi-Fi 802.11 a\/b\/g\/g\/g\/n\/ac \/ Bluetooth 4.0<\/p>\n<p>Conectividad: 2 puertos USB 3.1, una salida HDMI&nbsp; <\/p>\n<p>Contenido: Consola PlayStation 4 delgada de 1 TB + 2 mandoso <\/p>\n<p><\/p>\n<p><strong>Contenido Del Paquete<\/strong><\/p>\n<p><\/p>\n<p>Consola PlayStation 4 &#8211; Control DualShock 4 para PlayStation 4<br \/>&#8211; Cable HDMI<br \/>&#8211; Cable de alimentaci\u00f3n<br \/>&#8211;&nbsp; Cable USB de carga<br \/>&#8211; BD de Days Gone &#8211; BD de Detroit: Become &#8211; Human&nbsp;BD de Tom Clancy\u2019s Rainbow Six &#8211; Documentaci\u00f3n<\/p>\n","protected":false},"excerpt":{"rendered":"<p># DE PARTE:711719528555<\/p>\n","protected":false},"featured_media":2922,"template":"","meta":{"site-sidebar-layout":"default","site-content-layout":"","ast-site-content-layout":"default","site-content-style":"default","site-sidebar-style":"default","ast-global-header-display":"","ast-banner-title-visibility":"","ast-main-header-display":"","ast-hfb-above-header-display":"","ast-hfb-below-header-display":"","ast-hfb-mobile-header-display":"","site-post-title":"","ast-breadcrumbs-content":"","ast-featured-img":"","footer-sml-layout":"","ast-disable-related-posts":"","theme-transparent-header-meta":"","adv-header-id-meta":"","stick-header-meta":"","header-above-stick-meta":"","header-main-stick-meta":"","header-below-stick-meta":"","astra-migrate-meta-layouts":"default","ast-page-background-enabled":"default","ast-page-background-meta":{"desktop":{"background-color":"var(--ast-global-color-4)","background-image":"","background-repeat":"repeat","background-position":"center center","background-size":"auto","background-attachment":"scroll","background-type":"","background-media":"","overlay-type":"","overlay-color":"","overlay-opacity":"","overlay-gradient":""},"tablet":{"background-color":"","background-image":"","background-repeat":"repeat","background-position":"center center","background-size":"auto","background-attachment":"scroll","background-type":"","background-media":"","overlay-type":"","overlay-color":"","overlay-opacity":"","overlay-gradient":""},"mobile":{"background-color":"","background-image":"","background-repeat":"repeat","background-position":"center center","background-size":"auto","background-attachment":"scroll","background-type":"","background-media":"","overlay-type":"","overlay-color":"","overlay-opacity":"","overlay-gradient":""}},"ast-content-background-meta":{"desktop":{"background-color":"var(--ast-global-color-5)","background-image":"","background-repeat":"repeat","background-position":"center center","background-size":"auto","background-attachment":"scroll","background-type":"","background-media":"","overlay-type":"","overlay-color":"","overlay-opacity":"","overlay-gradient":""},"tablet":{"background-color":"var(--ast-global-color-5)","background-image":"","background-repeat":"repeat","background-position":"center center","background-size":"auto","background-attachment":"scroll","background-type":"","background-media":"","overlay-type":"","overlay-color":"","overlay-opacity":"","overlay-gradient":""},"mobile":{"background-color":"var(--ast-global-color-5)","background-image":"","background-repeat":"repeat","background-position":"center center","background-size":"auto","background-attachment":"scroll","background-type":"","background-media":"","overlay-type":"","overlay-color":"","overlay-opacity":"","overlay-gradient":""}}},"product_brand":[],"product_cat":[124,55],"product_tag":[440],"class_list":{"0":"post-2863","1":"product","2":"type-product","3":"status-publish","4":"has-post-thumbnail","6":"product_cat-consolas","7":"product_cat-consolas-y-videojuegos","8":"product_tag-sony","9":"desktop-align-left","10":"tablet-align-left","11":"mobile-align-left","13":"first","14":"instock","15":"taxable","16":"shipping-taxable","17":"product-type-simple"},"yoast_head":"<!-- This site is optimized with the Yoast SEO plugin v27.3 - https:\/\/yoast.com\/product\/yoast-seo-wordpress\/ -->\n<title>Consola Sony Playstation Ps4 1Tb Hits 5 Combo 3 Juegos - IntegralPro<\/title>\n<meta name=\"robots\" content=\"index, follow, max-snippet:-1, max-image-preview:large, max-video-preview:-1\" \/>\n<link rel=\"canonical\" href=\"https:\/\/www.integralpro.com.co\/index.php\/producto\/consola-sony-playstation-ps4-1tb-hits-5-combo-3-juegos\/\" \/>\n<meta property=\"og:locale\" content=\"es_ES\" \/>\n<meta property=\"og:type\" content=\"article\" \/>\n<meta property=\"og:title\" content=\"Consola Sony Playstation Ps4 1Tb Hits 5 Combo 3 Juegos - IntegralPro\" \/>\n<meta property=\"og:description\" content=\"# DE PARTE:711719528555\" \/>\n<meta property=\"og:url\" content=\"https:\/\/www.integralpro.com.co\/index.php\/producto\/consola-sony-playstation-ps4-1tb-hits-5-combo-3-juegos\/\" \/>\n<meta property=\"og:site_name\" content=\"IntegralPro\" \/>\n<meta property=\"article:modified_time\" content=\"2021-02-19T20:00:49+00:00\" \/>\n<meta property=\"og:image\" content=\"https:\/\/www.integralpro.com.co\/wp-content\/uploads\/2021\/02\/9e793b8ffe26fcc92e87d161fed0ba95.jpg\" \/>\n\t<meta property=\"og:image:width\" content=\"1000\" \/>\n\t<meta property=\"og:image:height\" content=\"1000\" \/>\n\t<meta property=\"og:image:type\" content=\"image\/jpeg\" \/>\n<meta name=\"twitter:card\" content=\"summary_large_image\" \/>\n<meta name=\"twitter:label1\" content=\"Tiempo de lectura\" \/>\n\t<meta name=\"twitter:data1\" content=\"1 minuto\" \/>\n<script type=\"application\/ld+json\" class=\"yoast-schema-graph\">{\"@context\":\"https:\\\/\\\/schema.org\",\"@graph\":[{\"@type\":\"WebPage\",\"@id\":\"https:\\\/\\\/www.integralpro.com.co\\\/index.php\\\/producto\\\/consola-sony-playstation-ps4-1tb-hits-5-combo-3-juegos\\\/\",\"url\":\"https:\\\/\\\/www.integralpro.com.co\\\/index.php\\\/producto\\\/consola-sony-playstation-ps4-1tb-hits-5-combo-3-juegos\\\/\",\"name\":\"Consola Sony Playstation Ps4 1Tb Hits 5 Combo 3 Juegos - IntegralPro\",\"isPartOf\":{\"@id\":\"https:\\\/\\\/www.integralpro.com.co\\\/#website\"},\"primaryImageOfPage\":{\"@id\":\"https:\\\/\\\/www.integralpro.com.co\\\/index.php\\\/producto\\\/consola-sony-playstation-ps4-1tb-hits-5-combo-3-juegos\\\/#primaryimage\"},\"image\":{\"@id\":\"https:\\\/\\\/www.integralpro.com.co\\\/index.php\\\/producto\\\/consola-sony-playstation-ps4-1tb-hits-5-combo-3-juegos\\\/#primaryimage\"},\"thumbnailUrl\":\"https:\\\/\\\/www.integralpro.com.co\\\/wp-content\\\/uploads\\\/2021\\\/02\\\/9e793b8ffe26fcc92e87d161fed0ba95.jpg\",\"datePublished\":\"2021-02-19T20:00:14+00:00\",\"dateModified\":\"2021-02-19T20:00:49+00:00\",\"breadcrumb\":{\"@id\":\"https:\\\/\\\/www.integralpro.com.co\\\/index.php\\\/producto\\\/consola-sony-playstation-ps4-1tb-hits-5-combo-3-juegos\\\/#breadcrumb\"},\"inLanguage\":\"es\",\"potentialAction\":[{\"@type\":\"ReadAction\",\"target\":[\"https:\\\/\\\/www.integralpro.com.co\\\/index.php\\\/producto\\\/consola-sony-playstation-ps4-1tb-hits-5-combo-3-juegos\\\/\"]}]},{\"@type\":\"ImageObject\",\"inLanguage\":\"es\",\"@id\":\"https:\\\/\\\/www.integralpro.com.co\\\/index.php\\\/producto\\\/consola-sony-playstation-ps4-1tb-hits-5-combo-3-juegos\\\/#primaryimage\",\"url\":\"https:\\\/\\\/www.integralpro.com.co\\\/wp-content\\\/uploads\\\/2021\\\/02\\\/9e793b8ffe26fcc92e87d161fed0ba95.jpg\",\"contentUrl\":\"https:\\\/\\\/www.integralpro.com.co\\\/wp-content\\\/uploads\\\/2021\\\/02\\\/9e793b8ffe26fcc92e87d161fed0ba95.jpg\",\"width\":1000,\"height\":1000},{\"@type\":\"BreadcrumbList\",\"@id\":\"https:\\\/\\\/www.integralpro.com.co\\\/index.php\\\/producto\\\/consola-sony-playstation-ps4-1tb-hits-5-combo-3-juegos\\\/#breadcrumb\",\"itemListElement\":[{\"@type\":\"ListItem\",\"position\":1,\"name\":\"Portada\",\"item\":\"https:\\\/\\\/www.integralpro.com.co\\\/\"},{\"@type\":\"ListItem\",\"position\":2,\"name\":\"Tienda\",\"item\":\"https:\\\/\\\/www.integralpro.com.co\\\/index.php\\\/tienda\\\/\"},{\"@type\":\"ListItem\",\"position\":3,\"name\":\"Consola Sony Playstation Ps4 1Tb Hits 5 Combo 3 Juegos\"}]},{\"@type\":\"WebSite\",\"@id\":\"https:\\\/\\\/www.integralpro.com.co\\\/#website\",\"url\":\"https:\\\/\\\/www.integralpro.com.co\\\/\",\"name\":\"IntegralPro\",\"description\":\"Tienda de Tecnolog\u00eda en L\u00ednea\",\"publisher\":{\"@id\":\"https:\\\/\\\/www.integralpro.com.co\\\/#organization\"},\"potentialAction\":[{\"@type\":\"SearchAction\",\"target\":{\"@type\":\"EntryPoint\",\"urlTemplate\":\"https:\\\/\\\/www.integralpro.com.co\\\/?s={search_term_string}\"},\"query-input\":{\"@type\":\"PropertyValueSpecification\",\"valueRequired\":true,\"valueName\":\"search_term_string\"}}],\"inLanguage\":\"es\"},{\"@type\":\"Organization\",\"@id\":\"https:\\\/\\\/www.integralpro.com.co\\\/#organization\",\"name\":\"IntegralPro SAS\",\"url\":\"https:\\\/\\\/www.integralpro.com.co\\\/\",\"logo\":{\"@type\":\"ImageObject\",\"inLanguage\":\"es\",\"@id\":\"https:\\\/\\\/www.integralpro.com.co\\\/#\\\/schema\\\/logo\\\/image\\\/\",\"url\":\"https:\\\/\\\/www.integralpro.com.co\\\/wp-content\\\/uploads\\\/2021\\\/02\\\/logo-def.jpg\",\"contentUrl\":\"https:\\\/\\\/www.integralpro.com.co\\\/wp-content\\\/uploads\\\/2021\\\/02\\\/logo-def.jpg\",\"width\":238,\"height\":234,\"caption\":\"IntegralPro SAS\"},\"image\":{\"@id\":\"https:\\\/\\\/www.integralpro.com.co\\\/#\\\/schema\\\/logo\\\/image\\\/\"}}]}<\/script>\n<!-- \/ Yoast SEO plugin. -->","yoast_head_json":{"title":"Consola Sony Playstation Ps4 1Tb Hits 5 Combo 3 Juegos - IntegralPro","robots":{"index":"index","follow":"follow","max-snippet":"max-snippet:-1","max-image-preview":"max-image-preview:large","max-video-preview":"max-video-preview:-1"},"canonical":"https:\/\/www.integralpro.com.co\/index.php\/producto\/consola-sony-playstation-ps4-1tb-hits-5-combo-3-juegos\/","og_locale":"es_ES","og_type":"article","og_title":"Consola Sony Playstation Ps4 1Tb Hits 5 Combo 3 Juegos - IntegralPro","og_description":"# DE PARTE:711719528555","og_url":"https:\/\/www.integralpro.com.co\/index.php\/producto\/consola-sony-playstation-ps4-1tb-hits-5-combo-3-juegos\/","og_site_name":"IntegralPro","article_modified_time":"2021-02-19T20:00:49+00:00","og_image":[{"width":1000,"height":1000,"url":"https:\/\/www.integralpro.com.co\/wp-content\/uploads\/2021\/02\/9e793b8ffe26fcc92e87d161fed0ba95.jpg","type":"image\/jpeg"}],"twitter_card":"summary_large_image","twitter_misc":{"Tiempo de lectura":"1 minuto"},"schema":{"@context":"https:\/\/schema.org","@graph":[{"@type":"WebPage","@id":"https:\/\/www.integralpro.com.co\/index.php\/producto\/consola-sony-playstation-ps4-1tb-hits-5-combo-3-juegos\/","url":"https:\/\/www.integralpro.com.co\/index.php\/producto\/consola-sony-playstation-ps4-1tb-hits-5-combo-3-juegos\/","name":"Consola Sony Playstation Ps4 1Tb Hits 5 Combo 3 Juegos - IntegralPro","isPartOf":{"@id":"https:\/\/www.integralpro.com.co\/#website"},"primaryImageOfPage":{"@id":"https:\/\/www.integralpro.com.co\/index.php\/producto\/consola-sony-playstation-ps4-1tb-hits-5-combo-3-juegos\/#primaryimage"},"image":{"@id":"https:\/\/www.integralpro.com.co\/index.php\/producto\/consola-sony-playstation-ps4-1tb-hits-5-combo-3-juegos\/#primaryimage"},"thumbnailUrl":"https:\/\/www.integralpro.com.co\/wp-content\/uploads\/2021\/02\/9e793b8ffe26fcc92e87d161fed0ba95.jpg","datePublished":"2021-02-19T20:00:14+00:00","dateModified":"2021-02-19T20:00:49+00:00","breadcrumb":{"@id":"https:\/\/www.integralpro.com.co\/index.php\/producto\/consola-sony-playstation-ps4-1tb-hits-5-combo-3-juegos\/#breadcrumb"},"inLanguage":"es","potentialAction":[{"@type":"ReadAction","target":["https:\/\/www.integralpro.com.co\/index.php\/producto\/consola-sony-playstation-ps4-1tb-hits-5-combo-3-juegos\/"]}]},{"@type":"ImageObject","inLanguage":"es","@id":"https:\/\/www.integralpro.com.co\/index.php\/producto\/consola-sony-playstation-ps4-1tb-hits-5-combo-3-juegos\/#primaryimage","url":"https:\/\/www.integralpro.com.co\/wp-content\/uploads\/2021\/02\/9e793b8ffe26fcc92e87d161fed0ba95.jpg","contentUrl":"https:\/\/www.integralpro.com.co\/wp-content\/uploads\/2021\/02\/9e793b8ffe26fcc92e87d161fed0ba95.jpg","width":1000,"height":1000},{"@type":"BreadcrumbList","@id":"https:\/\/www.integralpro.com.co\/index.php\/producto\/consola-sony-playstation-ps4-1tb-hits-5-combo-3-juegos\/#breadcrumb","itemListElement":[{"@type":"ListItem","position":1,"name":"Portada","item":"https:\/\/www.integralpro.com.co\/"},{"@type":"ListItem","position":2,"name":"Tienda","item":"https:\/\/www.integralpro.com.co\/index.php\/tienda\/"},{"@type":"ListItem","position":3,"name":"Consola Sony Playstation Ps4 1Tb Hits 5 Combo 3 Juegos"}]},{"@type":"WebSite","@id":"https:\/\/www.integralpro.com.co\/#website","url":"https:\/\/www.integralpro.com.co\/","name":"IntegralPro","description":"Tienda de Tecnolog\u00eda en L\u00ednea","publisher":{"@id":"https:\/\/www.integralpro.com.co\/#organization"},"potentialAction":[{"@type":"SearchAction","target":{"@type":"EntryPoint","urlTemplate":"https:\/\/www.integralpro.com.co\/?s={search_term_string}"},"query-input":{"@type":"PropertyValueSpecification","valueRequired":true,"valueName":"search_term_string"}}],"inLanguage":"es"},{"@type":"Organization","@id":"https:\/\/www.integralpro.com.co\/#organization","name":"IntegralPro SAS","url":"https:\/\/www.integralpro.com.co\/","logo":{"@type":"ImageObject","inLanguage":"es","@id":"https:\/\/www.integralpro.com.co\/#\/schema\/logo\/image\/","url":"https:\/\/www.integralpro.com.co\/wp-content\/uploads\/2021\/02\/logo-def.jpg","contentUrl":"https:\/\/www.integralpro.com.co\/wp-content\/uploads\/2021\/02\/logo-def.jpg","width":238,"height":234,"caption":"IntegralPro SAS"},"image":{"@id":"https:\/\/www.integralpro.com.co\/#\/schema\/logo\/image\/"}}]}},"_links":{"self":[{"href":"https:\/\/www.integralpro.com.co\/index.php\/wp-json\/wp\/v2\/product\/2863","targetHints":{"allow":["GET"]}}],"collection":[{"href":"https:\/\/www.integralpro.com.co\/index.php\/wp-json\/wp\/v2\/product"}],"about":[{"href":"https:\/\/www.integralpro.com.co\/index.php\/wp-json\/wp\/v2\/types\/product"}],"version-history":[{"count":1,"href":"https:\/\/www.integralpro.com.co\/index.php\/wp-json\/wp\/v2\/product\/2863\/revisions"}],"predecessor-version":[{"id":2923,"href":"https:\/\/www.integralpro.com.co\/index.php\/wp-json\/wp\/v2\/product\/2863\/revisions\/2923"}],"wp:featuredmedia":[{"embeddable":true,"href":"https:\/\/www.integralpro.com.co\/index.php\/wp-json\/wp\/v2\/media\/2922"}],"wp:attachment":[{"href":"https:\/\/www.integralpro.com.co\/index.php\/wp-json\/wp\/v2\/media?parent=2863"}],"wp:term":[{"taxonomy":"product_brand","embeddable":true,"href":"https:\/\/www.integralpro.com.co\/index.php\/wp-json\/wp\/v2\/product_brand?post=2863"},{"taxonomy":"product_cat","embeddable":true,"href":"https:\/\/www.integralpro.com.co\/index.php\/wp-json\/wp\/v2\/product_cat?post=2863"},{"taxonomy":"product_tag","embeddable":true,"href":"https:\/\/www.integralpro.com.co\/index.php\/wp-json\/wp\/v2\/product_tag?post=2863"}],"curies":[{"name":"wp","href":"https:\/\/api.w.org\/{rel}","templated":true}]}}