{"id":2828,"date":"2021-02-19T14:59:52","date_gmt":"2021-02-19T19:59:52","guid":{"rendered":"https:\/\/www.integralpro.com.co\/index.php\/producto\/import-placeholder-for-1406\/"},"modified":"2021-02-19T15:00:30","modified_gmt":"2021-02-19T20:00:30","slug":"mouse-logitech-prodigy-g203-para-juegos-usb","status":"publish","type":"product","link":"https:\/\/www.integralpro.com.co\/index.php\/producto\/mouse-logitech-prodigy-g203-para-juegos-usb\/","title":{"rendered":"Mouse Logitech Prodigy G203 Para Juegos Usb"},"content":{"rendered":"<p>Mouse G203 Gaming de LOGITECH, para tus juegos preferidos.<\/p>\n<p><\/p>\n<p><strong>Calidad y funciones<\/strong><\/p>\n<p><\/p>\n<p>El adaptador USB TL-WN822N de alta ganancia es un cliente <br \/>inal\u00e1mbrico de 300 Mbps, que permite a los usuarios conectar una computadora o <br \/>laptop a una red inal\u00e1mbrica y acceder a una conexi\u00f3n a Internet de alta <br \/>velocidad. Es totalmente compatible con dispositivos IEEE 802.11 b \/ g \/ n <br \/>inal\u00e1mbricos, ofreciendo velocidades r\u00e1pidas de 11N y se\u00f1al confiable para <br \/>juegos en l\u00ednea sin demoras, llamadas por Internet o incluso transmisi\u00f3n de <br \/>video HD.<\/p>\n<p><\/p>\n<p><strong>Desempe\u00f1o para juegos<\/strong><\/p>\n<p><\/p>\n<p>Las 1.000 se\u00f1ales por segundo de G203 representan una rapidez <br \/>8 veces superior a la de los mouse est\u00e1ndar. Por eso al moverlo o hacer click, <br \/>la respuesta en pantalla es casi instant\u00e1nea.<\/p>\n<p><\/p>\n<p><strong>Dise\u00f1o cl\u00e1sico <\/strong><\/p>\n<p><\/p>\n<p>G203 se inspira en el dise\u00f1o cl\u00e1sico del legendario mouse <br \/>Logitech G100S para juegos. Un favorito entre los jugadores de todo el mundo y <br \/>los profesionales de eSports, tiene un dise\u00f1o cl\u00e1sico cuya ingenier\u00eda hemos <br \/>remodelado y optimizado \u00edntegramente, para hacerlo ligero, duradero y <br \/>confortable.<\/p>\n<p><\/p>\n<p><strong>Sensor para juegos <\/strong><\/p>\n<p><\/p>\n<p>G203 se inspira en el dise\u00f1o cl\u00e1sico del legendario mouse <br \/>Logitech G100S para juegos. Un favorito entre los jugadores de todo el mundo y <br \/>los profesionales de eSports, tiene un dise\u00f1o cl\u00e1sico cuya ingenier\u00eda hemos <br \/>remodelado y optimizado \u00edntegramente, para hacerlo ligero, duradero y <br \/>confortable.<\/p>\n<p><\/p>\n<p><strong>Sistema mec\u00e1nico de tensi\u00f3n de botones <\/strong><\/p>\n<p><\/p>\n<p>Dolbe Antena externaEl sistema mec\u00e1nico de tensi\u00f3n de botones <br \/>utiliza muelles met\u00e1licos para mantener los botones izquierdo y derecho siempre <br \/>a punto para el click, lo que reduce la fuerza requerida para la acci\u00f3n. <br \/>Combinado con botones izquierdo y derecho individuales, mejora la uniformidad de <br \/>acci\u00f3n y ofrece una excepcional definici\u00f3n de click y respuesta.de 3 dBi para <br \/>facilitar la alineaci\u00f3n y lograr la mejor se\u00f1al.<\/p>\n<p><\/p>\n<p><strong>RGB LIGHTSYNC <\/strong><\/p>\n<p><\/p>\n<p>La tecnolog\u00eda LIGHTSYNC proporciona iluminaci\u00f3n de pr\u00f3xima <br \/>generaci\u00f3n que sincroniza la iluminaci\u00f3n y los perfiles del juego con tu <br \/>contenido. Personaliza usando un espectro completo de aproximadamente 16,8 <br \/>millones de colores, y sincroniza efectos y animaciones de iluminaci\u00f3n con otros <br \/>dispositivos Logitech G. Personal\u00edzalo todo de forma r\u00e1pida y sencilla con <br \/>Logitech G HUB.<\/p>\n<p><\/p>\n<p><strong>Seis botones programables<\/strong><\/p>\n<p><\/p>\n<p>Logitech G203 se puede usar tal cual o despu\u00e9s de configurarlo <br \/>con G HUB. Los usuarios expertos pueden configurar 6 botones para simplificar <br \/>acciones de juego.<\/p>\n<p><\/p>\n<p><strong>Cambio de DPI sobre la marcha <\/strong><\/p>\n<p><\/p>\n<p>El cambio instant\u00e1neo de dpi te permite alternar con un click <br \/>entre dos valores de sensibilidad con los que podr\u00e1s pasar de apuntar con <br \/>precisi\u00f3n de p\u00edxel a 250 dpi a r\u00e1pidos movimientos a 2.500 dpi. Usa G HUB para <br \/>personalizar la configuraci\u00f3n de dpi de acuerdo con tu estilo de juego. Adem\u00e1s, <br \/>el ciclo de dpi te permite elegir entre cinco valores durante el juego.<\/p>\n<p><\/p>\n<p><strong>Memoria integrada<\/strong><\/p>\n<p><\/p>\n<p>Con G203 llevas a cualquier sitio tus configuraciones <br \/>personalizadas. Si guardas tus preferencias en la memoria integrada, mediante <br \/>Logitech G HUB, podr\u00e1s usarlas en cualquier PC, sin tener que instalar software <br \/>ni reconfigurar tus opciones.<\/p>\n<p><\/p>\n<p><strong>Compatibilidad<\/strong><\/p>\n<p><\/p>\n<p>El Mouse G203 Gaming es compatible con Windows 7 o posteriores macOS 10.11 o posteriores Chrome OS <br \/>Puerto USB Conexi\u00f3n a Internet para Logitech G HUB (opcional).<\/p>\n<p><\/p>\n<p><strong>Especificaciones T&eacute;cnicas<\/strong><\/p>\n<p><\/p>\n<p>Dimensiones: 6 x 3 x 11 cm<\/p>\n<p>Peso: 85gr<\/p>\n<p>Resoluci\u00f3n: 200 \u2013 8.000 dpi Sin suavizado\/aceleraci\u00f3n\/filtros <\/p>\n<p>Aceleraci\u00f3n m\u00e1x.: >25 G2 <\/p>\n<p>Velocidad m\u00e1x.: >200 ips3<\/p>\n<p>Formato de datos USB: 16 bits\/eje <\/p>\n<p>Botones : 6 configurables<\/p>\n<p>Velocidad de respuesta USB: 1000 Hz (1 ms) <\/p>\n<p>Microprocesador: 32 bits ARM<\/p>\n<p>Formato de datos USB: 16 bits\/eje Velocidad de respuesta USB: 1000 Hz (1 ms) <br \/>Microprocesador: 32 bits ARM<\/p>\n<p>Memoria integrada: 1 perfil <\/p>\n<p>RGB LIGHTSYNC: 1 zona <\/p>\n<p>Cable no trenzado <\/p>\n<p>Sistema mec\u00e1nico de tensi\u00f3n de botones<\/p>\n<p>Compatibilidad Windows 7 o posteriores macOS 10.11 o posteriores Chrome OS <br \/>Puerto USB Conexi\u00f3n a Internet para Logitech G HUB (opcional)<\/p>\n<p><\/p>\n<p><strong>Contenido Del Paquete<\/strong><\/p>\n<p><\/p>\n<p>Mouse &#8211; Documentaci&oacute;n<\/p>\n","protected":false},"excerpt":{"rendered":"<p># DE PARTE:910-004842<\/p>\n","protected":false},"featured_media":2892,"template":"","meta":{"site-sidebar-layout":"default","site-content-layout":"","ast-site-content-layout":"default","site-content-style":"default","site-sidebar-style":"default","ast-global-header-display":"","ast-banner-title-visibility":"","ast-main-header-display":"","ast-hfb-above-header-display":"","ast-hfb-below-header-display":"","ast-hfb-mobile-header-display":"","site-post-title":"","ast-breadcrumbs-content":"","ast-featured-img":"","footer-sml-layout":"","ast-disable-related-posts":"","theme-transparent-header-meta":"","adv-header-id-meta":"","stick-header-meta":"","header-above-stick-meta":"","header-main-stick-meta":"","header-below-stick-meta":"","astra-migrate-meta-layouts":"default","ast-page-background-enabled":"default","ast-page-background-meta":{"desktop":{"background-color":"var(--ast-global-color-4)","background-image":"","background-repeat":"repeat","background-position":"center center","background-size":"auto","background-attachment":"scroll","background-type":"","background-media":"","overlay-type":"","overlay-color":"","overlay-opacity":"","overlay-gradient":""},"tablet":{"background-color":"","background-image":"","background-repeat":"repeat","background-position":"center center","background-size":"auto","background-attachment":"scroll","background-type":"","background-media":"","overlay-type":"","overlay-color":"","overlay-opacity":"","overlay-gradient":""},"mobile":{"background-color":"","background-image":"","background-repeat":"repeat","background-position":"center center","background-size":"auto","background-attachment":"scroll","background-type":"","background-media":"","overlay-type":"","overlay-color":"","overlay-opacity":"","overlay-gradient":""}},"ast-content-background-meta":{"desktop":{"background-color":"var(--ast-global-color-5)","background-image":"","background-repeat":"repeat","background-position":"center center","background-size":"auto","background-attachment":"scroll","background-type":"","background-media":"","overlay-type":"","overlay-color":"","overlay-opacity":"","overlay-gradient":""},"tablet":{"background-color":"var(--ast-global-color-5)","background-image":"","background-repeat":"repeat","background-position":"center center","background-size":"auto","background-attachment":"scroll","background-type":"","background-media":"","overlay-type":"","overlay-color":"","overlay-opacity":"","overlay-gradient":""},"mobile":{"background-color":"var(--ast-global-color-5)","background-image":"","background-repeat":"repeat","background-position":"center center","background-size":"auto","background-attachment":"scroll","background-type":"","background-media":"","overlay-type":"","overlay-color":"","overlay-opacity":"","overlay-gradient":""}}},"product_brand":[],"product_cat":[49,79],"product_tag":[46],"class_list":{"0":"post-2828","1":"product","2":"type-product","3":"status-publish","4":"has-post-thumbnail","6":"product_cat-accesorios","7":"product_cat-mouse","8":"product_tag-logitech","9":"desktop-align-left","10":"tablet-align-left","11":"mobile-align-left","13":"first","14":"instock","15":"taxable","16":"shipping-taxable","17":"product-type-simple"},"yoast_head":"<!-- This site is optimized with the Yoast SEO plugin v27.4 - https:\/\/yoast.com\/product\/yoast-seo-wordpress\/ -->\n<title>Mouse Logitech Prodigy G203 Para Juegos Usb - IntegralPro<\/title>\n<meta name=\"robots\" content=\"index, follow, max-snippet:-1, max-image-preview:large, max-video-preview:-1\" \/>\n<link rel=\"canonical\" href=\"https:\/\/www.integralpro.com.co\/index.php\/producto\/mouse-logitech-prodigy-g203-para-juegos-usb\/\" \/>\n<meta property=\"og:locale\" content=\"es_ES\" \/>\n<meta property=\"og:type\" content=\"article\" \/>\n<meta property=\"og:title\" content=\"Mouse Logitech Prodigy G203 Para Juegos Usb - IntegralPro\" \/>\n<meta property=\"og:description\" content=\"# DE PARTE:910-004842\" \/>\n<meta property=\"og:url\" content=\"https:\/\/www.integralpro.com.co\/index.php\/producto\/mouse-logitech-prodigy-g203-para-juegos-usb\/\" \/>\n<meta property=\"og:site_name\" content=\"IntegralPro\" \/>\n<meta property=\"article:modified_time\" content=\"2021-02-19T20:00:30+00:00\" \/>\n<meta property=\"og:image\" content=\"https:\/\/www.integralpro.com.co\/wp-content\/uploads\/2021\/02\/f4e9a2225e1f1347783703875d169a4e.jpg\" \/>\n\t<meta property=\"og:image:width\" content=\"800\" \/>\n\t<meta property=\"og:image:height\" content=\"800\" \/>\n\t<meta property=\"og:image:type\" content=\"image\/jpeg\" \/>\n<meta name=\"twitter:card\" content=\"summary_large_image\" \/>\n<meta name=\"twitter:label1\" content=\"Tiempo de lectura\" \/>\n\t<meta name=\"twitter:data1\" content=\"3 minutos\" \/>\n<script type=\"application\/ld+json\" class=\"yoast-schema-graph\">{\"@context\":\"https:\\\/\\\/schema.org\",\"@graph\":[{\"@type\":\"WebPage\",\"@id\":\"https:\\\/\\\/www.integralpro.com.co\\\/index.php\\\/producto\\\/mouse-logitech-prodigy-g203-para-juegos-usb\\\/\",\"url\":\"https:\\\/\\\/www.integralpro.com.co\\\/index.php\\\/producto\\\/mouse-logitech-prodigy-g203-para-juegos-usb\\\/\",\"name\":\"Mouse Logitech Prodigy G203 Para Juegos Usb - IntegralPro\",\"isPartOf\":{\"@id\":\"https:\\\/\\\/www.integralpro.com.co\\\/#website\"},\"primaryImageOfPage\":{\"@id\":\"https:\\\/\\\/www.integralpro.com.co\\\/index.php\\\/producto\\\/mouse-logitech-prodigy-g203-para-juegos-usb\\\/#primaryimage\"},\"image\":{\"@id\":\"https:\\\/\\\/www.integralpro.com.co\\\/index.php\\\/producto\\\/mouse-logitech-prodigy-g203-para-juegos-usb\\\/#primaryimage\"},\"thumbnailUrl\":\"https:\\\/\\\/www.integralpro.com.co\\\/wp-content\\\/uploads\\\/2021\\\/02\\\/f4e9a2225e1f1347783703875d169a4e.jpg\",\"datePublished\":\"2021-02-19T19:59:52+00:00\",\"dateModified\":\"2021-02-19T20:00:30+00:00\",\"breadcrumb\":{\"@id\":\"https:\\\/\\\/www.integralpro.com.co\\\/index.php\\\/producto\\\/mouse-logitech-prodigy-g203-para-juegos-usb\\\/#breadcrumb\"},\"inLanguage\":\"es\",\"potentialAction\":[{\"@type\":\"ReadAction\",\"target\":[\"https:\\\/\\\/www.integralpro.com.co\\\/index.php\\\/producto\\\/mouse-logitech-prodigy-g203-para-juegos-usb\\\/\"]}]},{\"@type\":\"ImageObject\",\"inLanguage\":\"es\",\"@id\":\"https:\\\/\\\/www.integralpro.com.co\\\/index.php\\\/producto\\\/mouse-logitech-prodigy-g203-para-juegos-usb\\\/#primaryimage\",\"url\":\"https:\\\/\\\/www.integralpro.com.co\\\/wp-content\\\/uploads\\\/2021\\\/02\\\/f4e9a2225e1f1347783703875d169a4e.jpg\",\"contentUrl\":\"https:\\\/\\\/www.integralpro.com.co\\\/wp-content\\\/uploads\\\/2021\\\/02\\\/f4e9a2225e1f1347783703875d169a4e.jpg\",\"width\":800,\"height\":800},{\"@type\":\"BreadcrumbList\",\"@id\":\"https:\\\/\\\/www.integralpro.com.co\\\/index.php\\\/producto\\\/mouse-logitech-prodigy-g203-para-juegos-usb\\\/#breadcrumb\",\"itemListElement\":[{\"@type\":\"ListItem\",\"position\":1,\"name\":\"Portada\",\"item\":\"https:\\\/\\\/www.integralpro.com.co\\\/\"},{\"@type\":\"ListItem\",\"position\":2,\"name\":\"Tienda\",\"item\":\"https:\\\/\\\/www.integralpro.com.co\\\/index.php\\\/tienda\\\/\"},{\"@type\":\"ListItem\",\"position\":3,\"name\":\"Mouse Logitech Prodigy G203 Para Juegos Usb\"}]},{\"@type\":\"WebSite\",\"@id\":\"https:\\\/\\\/www.integralpro.com.co\\\/#website\",\"url\":\"https:\\\/\\\/www.integralpro.com.co\\\/\",\"name\":\"IntegralPro\",\"description\":\"Tienda de Tecnolog\u00eda en L\u00ednea\",\"publisher\":{\"@id\":\"https:\\\/\\\/www.integralpro.com.co\\\/#organization\"},\"potentialAction\":[{\"@type\":\"SearchAction\",\"target\":{\"@type\":\"EntryPoint\",\"urlTemplate\":\"https:\\\/\\\/www.integralpro.com.co\\\/?s={search_term_string}\"},\"query-input\":{\"@type\":\"PropertyValueSpecification\",\"valueRequired\":true,\"valueName\":\"search_term_string\"}}],\"inLanguage\":\"es\"},{\"@type\":\"Organization\",\"@id\":\"https:\\\/\\\/www.integralpro.com.co\\\/#organization\",\"name\":\"IntegralPro SAS\",\"url\":\"https:\\\/\\\/www.integralpro.com.co\\\/\",\"logo\":{\"@type\":\"ImageObject\",\"inLanguage\":\"es\",\"@id\":\"https:\\\/\\\/www.integralpro.com.co\\\/#\\\/schema\\\/logo\\\/image\\\/\",\"url\":\"https:\\\/\\\/www.integralpro.com.co\\\/wp-content\\\/uploads\\\/2021\\\/02\\\/logo-def.jpg\",\"contentUrl\":\"https:\\\/\\\/www.integralpro.com.co\\\/wp-content\\\/uploads\\\/2021\\\/02\\\/logo-def.jpg\",\"width\":238,\"height\":234,\"caption\":\"IntegralPro SAS\"},\"image\":{\"@id\":\"https:\\\/\\\/www.integralpro.com.co\\\/#\\\/schema\\\/logo\\\/image\\\/\"}}]}<\/script>\n<!-- \/ Yoast SEO plugin. -->","yoast_head_json":{"title":"Mouse Logitech Prodigy G203 Para Juegos Usb - IntegralPro","robots":{"index":"index","follow":"follow","max-snippet":"max-snippet:-1","max-image-preview":"max-image-preview:large","max-video-preview":"max-video-preview:-1"},"canonical":"https:\/\/www.integralpro.com.co\/index.php\/producto\/mouse-logitech-prodigy-g203-para-juegos-usb\/","og_locale":"es_ES","og_type":"article","og_title":"Mouse Logitech Prodigy G203 Para Juegos Usb - IntegralPro","og_description":"# DE PARTE:910-004842","og_url":"https:\/\/www.integralpro.com.co\/index.php\/producto\/mouse-logitech-prodigy-g203-para-juegos-usb\/","og_site_name":"IntegralPro","article_modified_time":"2021-02-19T20:00:30+00:00","og_image":[{"width":800,"height":800,"url":"https:\/\/www.integralpro.com.co\/wp-content\/uploads\/2021\/02\/f4e9a2225e1f1347783703875d169a4e.jpg","type":"image\/jpeg"}],"twitter_card":"summary_large_image","twitter_misc":{"Tiempo de lectura":"3 minutos"},"schema":{"@context":"https:\/\/schema.org","@graph":[{"@type":"WebPage","@id":"https:\/\/www.integralpro.com.co\/index.php\/producto\/mouse-logitech-prodigy-g203-para-juegos-usb\/","url":"https:\/\/www.integralpro.com.co\/index.php\/producto\/mouse-logitech-prodigy-g203-para-juegos-usb\/","name":"Mouse Logitech Prodigy G203 Para Juegos Usb - IntegralPro","isPartOf":{"@id":"https:\/\/www.integralpro.com.co\/#website"},"primaryImageOfPage":{"@id":"https:\/\/www.integralpro.com.co\/index.php\/producto\/mouse-logitech-prodigy-g203-para-juegos-usb\/#primaryimage"},"image":{"@id":"https:\/\/www.integralpro.com.co\/index.php\/producto\/mouse-logitech-prodigy-g203-para-juegos-usb\/#primaryimage"},"thumbnailUrl":"https:\/\/www.integralpro.com.co\/wp-content\/uploads\/2021\/02\/f4e9a2225e1f1347783703875d169a4e.jpg","datePublished":"2021-02-19T19:59:52+00:00","dateModified":"2021-02-19T20:00:30+00:00","breadcrumb":{"@id":"https:\/\/www.integralpro.com.co\/index.php\/producto\/mouse-logitech-prodigy-g203-para-juegos-usb\/#breadcrumb"},"inLanguage":"es","potentialAction":[{"@type":"ReadAction","target":["https:\/\/www.integralpro.com.co\/index.php\/producto\/mouse-logitech-prodigy-g203-para-juegos-usb\/"]}]},{"@type":"ImageObject","inLanguage":"es","@id":"https:\/\/www.integralpro.com.co\/index.php\/producto\/mouse-logitech-prodigy-g203-para-juegos-usb\/#primaryimage","url":"https:\/\/www.integralpro.com.co\/wp-content\/uploads\/2021\/02\/f4e9a2225e1f1347783703875d169a4e.jpg","contentUrl":"https:\/\/www.integralpro.com.co\/wp-content\/uploads\/2021\/02\/f4e9a2225e1f1347783703875d169a4e.jpg","width":800,"height":800},{"@type":"BreadcrumbList","@id":"https:\/\/www.integralpro.com.co\/index.php\/producto\/mouse-logitech-prodigy-g203-para-juegos-usb\/#breadcrumb","itemListElement":[{"@type":"ListItem","position":1,"name":"Portada","item":"https:\/\/www.integralpro.com.co\/"},{"@type":"ListItem","position":2,"name":"Tienda","item":"https:\/\/www.integralpro.com.co\/index.php\/tienda\/"},{"@type":"ListItem","position":3,"name":"Mouse Logitech Prodigy G203 Para Juegos Usb"}]},{"@type":"WebSite","@id":"https:\/\/www.integralpro.com.co\/#website","url":"https:\/\/www.integralpro.com.co\/","name":"IntegralPro","description":"Tienda de Tecnolog\u00eda en L\u00ednea","publisher":{"@id":"https:\/\/www.integralpro.com.co\/#organization"},"potentialAction":[{"@type":"SearchAction","target":{"@type":"EntryPoint","urlTemplate":"https:\/\/www.integralpro.com.co\/?s={search_term_string}"},"query-input":{"@type":"PropertyValueSpecification","valueRequired":true,"valueName":"search_term_string"}}],"inLanguage":"es"},{"@type":"Organization","@id":"https:\/\/www.integralpro.com.co\/#organization","name":"IntegralPro SAS","url":"https:\/\/www.integralpro.com.co\/","logo":{"@type":"ImageObject","inLanguage":"es","@id":"https:\/\/www.integralpro.com.co\/#\/schema\/logo\/image\/","url":"https:\/\/www.integralpro.com.co\/wp-content\/uploads\/2021\/02\/logo-def.jpg","contentUrl":"https:\/\/www.integralpro.com.co\/wp-content\/uploads\/2021\/02\/logo-def.jpg","width":238,"height":234,"caption":"IntegralPro SAS"},"image":{"@id":"https:\/\/www.integralpro.com.co\/#\/schema\/logo\/image\/"}}]}},"_links":{"self":[{"href":"https:\/\/www.integralpro.com.co\/index.php\/wp-json\/wp\/v2\/product\/2828","targetHints":{"allow":["GET"]}}],"collection":[{"href":"https:\/\/www.integralpro.com.co\/index.php\/wp-json\/wp\/v2\/product"}],"about":[{"href":"https:\/\/www.integralpro.com.co\/index.php\/wp-json\/wp\/v2\/types\/product"}],"version-history":[{"count":1,"href":"https:\/\/www.integralpro.com.co\/index.php\/wp-json\/wp\/v2\/product\/2828\/revisions"}],"predecessor-version":[{"id":2893,"href":"https:\/\/www.integralpro.com.co\/index.php\/wp-json\/wp\/v2\/product\/2828\/revisions\/2893"}],"wp:featuredmedia":[{"embeddable":true,"href":"https:\/\/www.integralpro.com.co\/index.php\/wp-json\/wp\/v2\/media\/2892"}],"wp:attachment":[{"href":"https:\/\/www.integralpro.com.co\/index.php\/wp-json\/wp\/v2\/media?parent=2828"}],"wp:term":[{"taxonomy":"product_brand","embeddable":true,"href":"https:\/\/www.integralpro.com.co\/index.php\/wp-json\/wp\/v2\/product_brand?post=2828"},{"taxonomy":"product_cat","embeddable":true,"href":"https:\/\/www.integralpro.com.co\/index.php\/wp-json\/wp\/v2\/product_cat?post=2828"},{"taxonomy":"product_tag","embeddable":true,"href":"https:\/\/www.integralpro.com.co\/index.php\/wp-json\/wp\/v2\/product_tag?post=2828"}],"curies":[{"name":"wp","href":"https:\/\/api.w.org\/{rel}","templated":true}]}}