{"id":2787,"date":"2021-02-19T14:59:31","date_gmt":"2021-02-19T19:59:31","guid":{"rendered":"https:\/\/www.integralpro.com.co\/index.php\/producto\/import-placeholder-for-1393\/"},"modified":"2021-02-19T15:00:08","modified_gmt":"2021-02-19T20:00:08","slug":"mouse-alambrico-m110-silent-logitech-optico-gris","status":"publish","type":"product","link":"https:\/\/www.integralpro.com.co\/index.php\/producto\/mouse-alambrico-m110-silent-logitech-optico-gris\/","title":{"rendered":"Mouse Alambrico M110 Silent Logitech Optico Gris"},"content":{"rendered":"<p>El mouse M 110 SILENT, grande para cualquier mano, la forma <br \/>contorneada se siente muy bien en ambas manos y le brinda la m\u00e1xima comodidad <br \/>para el uso durante todo el d\u00eda. Creado para ser especial, al\u00e1mbrico.<\/p>\n<p><\/p>\n<p><strong>Disfruta del sonido del silencio<\/strong><\/p>\n<p><\/p>\n<p>Acaba todo tu trabajo sin perder el ritmo y sin molestar a los <br \/>que te rodean. Los silenciosos ratones SILENT ofrecen la misma sensaci\u00f3n de clic <br \/>pero sin el ruido, reducido en m\u00e1s de un 90%. 1 Un fluido bot\u00f3n rueda completa <br \/>la silenciosa experiencia. Los ratones SILENT eliminan el exceso de ruido a la <br \/>vez que protegen la salud y la productividad de todos. Haz que \u00e9ste sea tu <br \/>\u00faltimo molesto clic. Tu familia y tus amigos te lo agradecer\u00e1n.<\/p>\n<p><\/p>\n<p><strong>Mas de un 90% de reducci\u00f3n de ruido<\/strong><\/p>\n<p><\/p>\n<p>Con la misma sensaci\u00f3n de clic pero con un 90% de reducci\u00f3n de <br \/>ruido, disfrutar\u00e1s de una experiencia de uso tranquila para ti y tus compa\u00f1eros. <br \/>Adem\u00e1s, tiene pies de material de alto rendimiento y una rueda de goma para un <br \/>deslizamiento y un desplazamiento silenciosos.<\/p>\n<p><\/p>\n<p><strong>F\u00e1cil de configurar y usar<\/strong><\/p>\n<p><\/p>\n<p>El rat\u00f3n est\u00e1 listo para usarlo inmediatamente. Sin problemas <br \/>de instalaci\u00f3n. No requiere software. La instalaci\u00f3n es r\u00e1pida y f\u00e1cil: basta <br \/>con conectar el cable a un puerto USB para empezar a usarlo.<\/p>\n<p><\/p>\n<p><strong>Tama\u00f1o normal, c\u00f3modo, dise\u00f1o ambidiestro<\/strong><\/p>\n<p><\/p>\n<p>Ya seas diestro o zurdo, te sentir\u00e1s c\u00f3modo durante horas con <br \/>este dise\u00f1o de tama\u00f1o normal para uso ambidiestro. La superficie curvada se <br \/>dise\u00f1\u00f3 para soportar los dedos a la perfecci\u00f3n para evitar la fatiga.<\/p>\n<p><\/p>\n<p><strong>Certificaci\u00f3n Quiet Mark <\/strong><\/p>\n<p><\/p>\n<p>Logitech es la primera y \u00fanica empresa de ratones del mundo <br \/>que recibe la certificaci\u00f3n Quiet Mark. Esta galardonada marca de aprobaci\u00f3n <br \/>internacional de Noise Abatement Society (Reino Unido) reconoce la tecnolog\u00eda <br \/>dise\u00f1ada para reducir el ruido.<\/p>\n<p><\/p>\n<p><strong>Fabricado por Logitech <\/strong><\/p>\n<p><\/p>\n<p>Este rat\u00f3n ofrece la calidad y fiabilidad que han hecho de <br \/>Logitech el l\u00edder mundial en ratones, con tres a\u00f1os de garant\u00eda de hardware <br \/>limitada.<\/p>\n<p><\/p>\n<p><strong>Mejor que un Trackpad <\/strong><\/p>\n<p><\/p>\n<p>Seguimiento \u00f3ptico preciso y uniforme, que lleva el cursor <br \/>adonde uno quiera. Edita documentos y navega por la Web de forma m\u00e1s eficiente <br \/>que con un trackpad.<\/p>\n<p><\/p>\n<p><strong>Especificaciones T\u00e9cnicas<\/strong><\/p>\n<p><\/p>\n<p>Dimensiones: 6<span> x 3 x 11 cm<\/span><\/p>\n<p>Peso: 85gr<\/p>\n<p>Requisitos del sistema Windows 10 o posterior, Windows 8, Windows 7 macOS X <br \/>10.5 o posterior Chrome OS Linux Kernel 2.6+2 <\/p>\n<p>Conexi\u00f3n USB: Requiere puerto USB disponible.<\/p>\n<p>Tipo de conexi\u00f3n: Con cable DPI (m\u00edn.\/m\u00e1x.): 1000\u00b1 <\/p>\n<p>Tecnolog\u00eda de seguimiento: \u00d3ptica Resoluci\u00f3n de sensor: 1000 dpi <\/p>\n<p>Bot\u00f3n rueda: S\u00ed <\/p>\n<p>N\u00famero de botones: 3<\/p>\n<p>Al\u00e1mbrico<\/p>\n<p>Color Gris<\/p>\n<p><\/p>\n<p><strong>Contenido del Paquete<\/strong><\/p>\n<p><\/p>\n<p>Mouse &#8211; Documentaci\u00f3n<\/p>\n","protected":false},"excerpt":{"rendered":"<p># DE PARTE:910-005494<\/p>\n","protected":false},"featured_media":2854,"template":"","meta":{"site-sidebar-layout":"default","site-content-layout":"","ast-site-content-layout":"default","site-content-style":"default","site-sidebar-style":"default","ast-global-header-display":"","ast-banner-title-visibility":"","ast-main-header-display":"","ast-hfb-above-header-display":"","ast-hfb-below-header-display":"","ast-hfb-mobile-header-display":"","site-post-title":"","ast-breadcrumbs-content":"","ast-featured-img":"","footer-sml-layout":"","ast-disable-related-posts":"","theme-transparent-header-meta":"","adv-header-id-meta":"","stick-header-meta":"","header-above-stick-meta":"","header-main-stick-meta":"","header-below-stick-meta":"","astra-migrate-meta-layouts":"default","ast-page-background-enabled":"default","ast-page-background-meta":{"desktop":{"background-color":"var(--ast-global-color-4)","background-image":"","background-repeat":"repeat","background-position":"center center","background-size":"auto","background-attachment":"scroll","background-type":"","background-media":"","overlay-type":"","overlay-color":"","overlay-opacity":"","overlay-gradient":""},"tablet":{"background-color":"","background-image":"","background-repeat":"repeat","background-position":"center center","background-size":"auto","background-attachment":"scroll","background-type":"","background-media":"","overlay-type":"","overlay-color":"","overlay-opacity":"","overlay-gradient":""},"mobile":{"background-color":"","background-image":"","background-repeat":"repeat","background-position":"center center","background-size":"auto","background-attachment":"scroll","background-type":"","background-media":"","overlay-type":"","overlay-color":"","overlay-opacity":"","overlay-gradient":""}},"ast-content-background-meta":{"desktop":{"background-color":"var(--ast-global-color-5)","background-image":"","background-repeat":"repeat","background-position":"center center","background-size":"auto","background-attachment":"scroll","background-type":"","background-media":"","overlay-type":"","overlay-color":"","overlay-opacity":"","overlay-gradient":""},"tablet":{"background-color":"var(--ast-global-color-5)","background-image":"","background-repeat":"repeat","background-position":"center center","background-size":"auto","background-attachment":"scroll","background-type":"","background-media":"","overlay-type":"","overlay-color":"","overlay-opacity":"","overlay-gradient":""},"mobile":{"background-color":"var(--ast-global-color-5)","background-image":"","background-repeat":"repeat","background-position":"center center","background-size":"auto","background-attachment":"scroll","background-type":"","background-media":"","overlay-type":"","overlay-color":"","overlay-opacity":"","overlay-gradient":""}}},"product_brand":[],"product_cat":[49,79],"product_tag":[46],"class_list":{"0":"post-2787","1":"product","2":"type-product","3":"status-publish","4":"has-post-thumbnail","6":"product_cat-accesorios","7":"product_cat-mouse","8":"product_tag-logitech","9":"desktop-align-left","10":"tablet-align-left","11":"mobile-align-left","13":"first","14":"instock","15":"taxable","16":"shipping-taxable","17":"product-type-simple"},"yoast_head":"<!-- This site is optimized with the Yoast SEO plugin v27.3 - https:\/\/yoast.com\/product\/yoast-seo-wordpress\/ -->\n<title>Mouse Alambrico M110 Silent Logitech Optico Gris - IntegralPro<\/title>\n<meta name=\"robots\" content=\"index, follow, max-snippet:-1, max-image-preview:large, max-video-preview:-1\" \/>\n<link rel=\"canonical\" href=\"https:\/\/www.integralpro.com.co\/index.php\/producto\/mouse-alambrico-m110-silent-logitech-optico-gris\/\" \/>\n<meta property=\"og:locale\" content=\"es_ES\" \/>\n<meta property=\"og:type\" content=\"article\" \/>\n<meta property=\"og:title\" content=\"Mouse Alambrico M110 Silent Logitech Optico Gris - IntegralPro\" \/>\n<meta property=\"og:description\" content=\"# DE PARTE:910-005494\" \/>\n<meta property=\"og:url\" content=\"https:\/\/www.integralpro.com.co\/index.php\/producto\/mouse-alambrico-m110-silent-logitech-optico-gris\/\" \/>\n<meta property=\"og:site_name\" content=\"IntegralPro\" \/>\n<meta property=\"article:modified_time\" content=\"2021-02-19T20:00:08+00:00\" \/>\n<meta property=\"og:image\" content=\"https:\/\/www.integralpro.com.co\/wp-content\/uploads\/2021\/02\/ac89fd9ff9a9a6b3920e37307ed0bb9f.jpg\" \/>\n\t<meta property=\"og:image:width\" content=\"800\" \/>\n\t<meta property=\"og:image:height\" content=\"800\" \/>\n\t<meta property=\"og:image:type\" content=\"image\/jpeg\" \/>\n<meta name=\"twitter:card\" content=\"summary_large_image\" \/>\n<meta name=\"twitter:label1\" content=\"Tiempo de lectura\" \/>\n\t<meta name=\"twitter:data1\" content=\"2 minutos\" \/>\n<script type=\"application\/ld+json\" class=\"yoast-schema-graph\">{\"@context\":\"https:\\\/\\\/schema.org\",\"@graph\":[{\"@type\":\"WebPage\",\"@id\":\"https:\\\/\\\/www.integralpro.com.co\\\/index.php\\\/producto\\\/mouse-alambrico-m110-silent-logitech-optico-gris\\\/\",\"url\":\"https:\\\/\\\/www.integralpro.com.co\\\/index.php\\\/producto\\\/mouse-alambrico-m110-silent-logitech-optico-gris\\\/\",\"name\":\"Mouse Alambrico M110 Silent Logitech Optico Gris - IntegralPro\",\"isPartOf\":{\"@id\":\"https:\\\/\\\/www.integralpro.com.co\\\/#website\"},\"primaryImageOfPage\":{\"@id\":\"https:\\\/\\\/www.integralpro.com.co\\\/index.php\\\/producto\\\/mouse-alambrico-m110-silent-logitech-optico-gris\\\/#primaryimage\"},\"image\":{\"@id\":\"https:\\\/\\\/www.integralpro.com.co\\\/index.php\\\/producto\\\/mouse-alambrico-m110-silent-logitech-optico-gris\\\/#primaryimage\"},\"thumbnailUrl\":\"https:\\\/\\\/www.integralpro.com.co\\\/wp-content\\\/uploads\\\/2021\\\/02\\\/ac89fd9ff9a9a6b3920e37307ed0bb9f.jpg\",\"datePublished\":\"2021-02-19T19:59:31+00:00\",\"dateModified\":\"2021-02-19T20:00:08+00:00\",\"breadcrumb\":{\"@id\":\"https:\\\/\\\/www.integralpro.com.co\\\/index.php\\\/producto\\\/mouse-alambrico-m110-silent-logitech-optico-gris\\\/#breadcrumb\"},\"inLanguage\":\"es\",\"potentialAction\":[{\"@type\":\"ReadAction\",\"target\":[\"https:\\\/\\\/www.integralpro.com.co\\\/index.php\\\/producto\\\/mouse-alambrico-m110-silent-logitech-optico-gris\\\/\"]}]},{\"@type\":\"ImageObject\",\"inLanguage\":\"es\",\"@id\":\"https:\\\/\\\/www.integralpro.com.co\\\/index.php\\\/producto\\\/mouse-alambrico-m110-silent-logitech-optico-gris\\\/#primaryimage\",\"url\":\"https:\\\/\\\/www.integralpro.com.co\\\/wp-content\\\/uploads\\\/2021\\\/02\\\/ac89fd9ff9a9a6b3920e37307ed0bb9f.jpg\",\"contentUrl\":\"https:\\\/\\\/www.integralpro.com.co\\\/wp-content\\\/uploads\\\/2021\\\/02\\\/ac89fd9ff9a9a6b3920e37307ed0bb9f.jpg\",\"width\":800,\"height\":800},{\"@type\":\"BreadcrumbList\",\"@id\":\"https:\\\/\\\/www.integralpro.com.co\\\/index.php\\\/producto\\\/mouse-alambrico-m110-silent-logitech-optico-gris\\\/#breadcrumb\",\"itemListElement\":[{\"@type\":\"ListItem\",\"position\":1,\"name\":\"Portada\",\"item\":\"https:\\\/\\\/www.integralpro.com.co\\\/\"},{\"@type\":\"ListItem\",\"position\":2,\"name\":\"Tienda\",\"item\":\"https:\\\/\\\/www.integralpro.com.co\\\/index.php\\\/tienda\\\/\"},{\"@type\":\"ListItem\",\"position\":3,\"name\":\"Mouse Alambrico M110 Silent Logitech Optico Gris\"}]},{\"@type\":\"WebSite\",\"@id\":\"https:\\\/\\\/www.integralpro.com.co\\\/#website\",\"url\":\"https:\\\/\\\/www.integralpro.com.co\\\/\",\"name\":\"IntegralPro\",\"description\":\"Tienda de Tecnolog\u00eda en L\u00ednea\",\"publisher\":{\"@id\":\"https:\\\/\\\/www.integralpro.com.co\\\/#organization\"},\"potentialAction\":[{\"@type\":\"SearchAction\",\"target\":{\"@type\":\"EntryPoint\",\"urlTemplate\":\"https:\\\/\\\/www.integralpro.com.co\\\/?s={search_term_string}\"},\"query-input\":{\"@type\":\"PropertyValueSpecification\",\"valueRequired\":true,\"valueName\":\"search_term_string\"}}],\"inLanguage\":\"es\"},{\"@type\":\"Organization\",\"@id\":\"https:\\\/\\\/www.integralpro.com.co\\\/#organization\",\"name\":\"IntegralPro SAS\",\"url\":\"https:\\\/\\\/www.integralpro.com.co\\\/\",\"logo\":{\"@type\":\"ImageObject\",\"inLanguage\":\"es\",\"@id\":\"https:\\\/\\\/www.integralpro.com.co\\\/#\\\/schema\\\/logo\\\/image\\\/\",\"url\":\"https:\\\/\\\/www.integralpro.com.co\\\/wp-content\\\/uploads\\\/2021\\\/02\\\/logo-def.jpg\",\"contentUrl\":\"https:\\\/\\\/www.integralpro.com.co\\\/wp-content\\\/uploads\\\/2021\\\/02\\\/logo-def.jpg\",\"width\":238,\"height\":234,\"caption\":\"IntegralPro SAS\"},\"image\":{\"@id\":\"https:\\\/\\\/www.integralpro.com.co\\\/#\\\/schema\\\/logo\\\/image\\\/\"}}]}<\/script>\n<!-- \/ Yoast SEO plugin. -->","yoast_head_json":{"title":"Mouse Alambrico M110 Silent Logitech Optico Gris - IntegralPro","robots":{"index":"index","follow":"follow","max-snippet":"max-snippet:-1","max-image-preview":"max-image-preview:large","max-video-preview":"max-video-preview:-1"},"canonical":"https:\/\/www.integralpro.com.co\/index.php\/producto\/mouse-alambrico-m110-silent-logitech-optico-gris\/","og_locale":"es_ES","og_type":"article","og_title":"Mouse Alambrico M110 Silent Logitech Optico Gris - IntegralPro","og_description":"# DE PARTE:910-005494","og_url":"https:\/\/www.integralpro.com.co\/index.php\/producto\/mouse-alambrico-m110-silent-logitech-optico-gris\/","og_site_name":"IntegralPro","article_modified_time":"2021-02-19T20:00:08+00:00","og_image":[{"width":800,"height":800,"url":"https:\/\/www.integralpro.com.co\/wp-content\/uploads\/2021\/02\/ac89fd9ff9a9a6b3920e37307ed0bb9f.jpg","type":"image\/jpeg"}],"twitter_card":"summary_large_image","twitter_misc":{"Tiempo de lectura":"2 minutos"},"schema":{"@context":"https:\/\/schema.org","@graph":[{"@type":"WebPage","@id":"https:\/\/www.integralpro.com.co\/index.php\/producto\/mouse-alambrico-m110-silent-logitech-optico-gris\/","url":"https:\/\/www.integralpro.com.co\/index.php\/producto\/mouse-alambrico-m110-silent-logitech-optico-gris\/","name":"Mouse Alambrico M110 Silent Logitech Optico Gris - IntegralPro","isPartOf":{"@id":"https:\/\/www.integralpro.com.co\/#website"},"primaryImageOfPage":{"@id":"https:\/\/www.integralpro.com.co\/index.php\/producto\/mouse-alambrico-m110-silent-logitech-optico-gris\/#primaryimage"},"image":{"@id":"https:\/\/www.integralpro.com.co\/index.php\/producto\/mouse-alambrico-m110-silent-logitech-optico-gris\/#primaryimage"},"thumbnailUrl":"https:\/\/www.integralpro.com.co\/wp-content\/uploads\/2021\/02\/ac89fd9ff9a9a6b3920e37307ed0bb9f.jpg","datePublished":"2021-02-19T19:59:31+00:00","dateModified":"2021-02-19T20:00:08+00:00","breadcrumb":{"@id":"https:\/\/www.integralpro.com.co\/index.php\/producto\/mouse-alambrico-m110-silent-logitech-optico-gris\/#breadcrumb"},"inLanguage":"es","potentialAction":[{"@type":"ReadAction","target":["https:\/\/www.integralpro.com.co\/index.php\/producto\/mouse-alambrico-m110-silent-logitech-optico-gris\/"]}]},{"@type":"ImageObject","inLanguage":"es","@id":"https:\/\/www.integralpro.com.co\/index.php\/producto\/mouse-alambrico-m110-silent-logitech-optico-gris\/#primaryimage","url":"https:\/\/www.integralpro.com.co\/wp-content\/uploads\/2021\/02\/ac89fd9ff9a9a6b3920e37307ed0bb9f.jpg","contentUrl":"https:\/\/www.integralpro.com.co\/wp-content\/uploads\/2021\/02\/ac89fd9ff9a9a6b3920e37307ed0bb9f.jpg","width":800,"height":800},{"@type":"BreadcrumbList","@id":"https:\/\/www.integralpro.com.co\/index.php\/producto\/mouse-alambrico-m110-silent-logitech-optico-gris\/#breadcrumb","itemListElement":[{"@type":"ListItem","position":1,"name":"Portada","item":"https:\/\/www.integralpro.com.co\/"},{"@type":"ListItem","position":2,"name":"Tienda","item":"https:\/\/www.integralpro.com.co\/index.php\/tienda\/"},{"@type":"ListItem","position":3,"name":"Mouse Alambrico M110 Silent Logitech Optico Gris"}]},{"@type":"WebSite","@id":"https:\/\/www.integralpro.com.co\/#website","url":"https:\/\/www.integralpro.com.co\/","name":"IntegralPro","description":"Tienda de Tecnolog\u00eda en L\u00ednea","publisher":{"@id":"https:\/\/www.integralpro.com.co\/#organization"},"potentialAction":[{"@type":"SearchAction","target":{"@type":"EntryPoint","urlTemplate":"https:\/\/www.integralpro.com.co\/?s={search_term_string}"},"query-input":{"@type":"PropertyValueSpecification","valueRequired":true,"valueName":"search_term_string"}}],"inLanguage":"es"},{"@type":"Organization","@id":"https:\/\/www.integralpro.com.co\/#organization","name":"IntegralPro SAS","url":"https:\/\/www.integralpro.com.co\/","logo":{"@type":"ImageObject","inLanguage":"es","@id":"https:\/\/www.integralpro.com.co\/#\/schema\/logo\/image\/","url":"https:\/\/www.integralpro.com.co\/wp-content\/uploads\/2021\/02\/logo-def.jpg","contentUrl":"https:\/\/www.integralpro.com.co\/wp-content\/uploads\/2021\/02\/logo-def.jpg","width":238,"height":234,"caption":"IntegralPro SAS"},"image":{"@id":"https:\/\/www.integralpro.com.co\/#\/schema\/logo\/image\/"}}]}},"_links":{"self":[{"href":"https:\/\/www.integralpro.com.co\/index.php\/wp-json\/wp\/v2\/product\/2787","targetHints":{"allow":["GET"]}}],"collection":[{"href":"https:\/\/www.integralpro.com.co\/index.php\/wp-json\/wp\/v2\/product"}],"about":[{"href":"https:\/\/www.integralpro.com.co\/index.php\/wp-json\/wp\/v2\/types\/product"}],"version-history":[{"count":1,"href":"https:\/\/www.integralpro.com.co\/index.php\/wp-json\/wp\/v2\/product\/2787\/revisions"}],"predecessor-version":[{"id":2855,"href":"https:\/\/www.integralpro.com.co\/index.php\/wp-json\/wp\/v2\/product\/2787\/revisions\/2855"}],"wp:featuredmedia":[{"embeddable":true,"href":"https:\/\/www.integralpro.com.co\/index.php\/wp-json\/wp\/v2\/media\/2854"}],"wp:attachment":[{"href":"https:\/\/www.integralpro.com.co\/index.php\/wp-json\/wp\/v2\/media?parent=2787"}],"wp:term":[{"taxonomy":"product_brand","embeddable":true,"href":"https:\/\/www.integralpro.com.co\/index.php\/wp-json\/wp\/v2\/product_brand?post=2787"},{"taxonomy":"product_cat","embeddable":true,"href":"https:\/\/www.integralpro.com.co\/index.php\/wp-json\/wp\/v2\/product_cat?post=2787"},{"taxonomy":"product_tag","embeddable":true,"href":"https:\/\/www.integralpro.com.co\/index.php\/wp-json\/wp\/v2\/product_tag?post=2787"}],"curies":[{"name":"wp","href":"https:\/\/api.w.org\/{rel}","templated":true}]}}