{"id":2743,"date":"2021-02-19T14:59:08","date_gmt":"2021-02-19T19:59:08","guid":{"rendered":"https:\/\/www.integralpro.com.co\/index.php\/producto\/import-placeholder-for-1375\/"},"modified":"2021-02-19T14:59:40","modified_gmt":"2021-02-19T19:59:40","slug":"kit-tinta-4-colores-epson-t664-100-original","status":"publish","type":"product","link":"https:\/\/www.integralpro.com.co\/index.php\/producto\/kit-tinta-4-colores-epson-t664-100-original\/","title":{"rendered":"Kit Tinta 4 Colores Epson T664 100% Original"},"content":{"rendered":"<p><span>Epson es una empresa con gran reconocimiento en el mercado por ser el principal proveedor de suministros de impresi\u00f3n para el hogar y la oficina, facilitando y optimizando tus labores. En esta ocasi\u00f3n traemos lo mejor en tecnolog\u00eda para que logres los mejores resultados en tu vida cotidiana. No dejes pasar esta oportunidad que Linio trae para ti de la mano de Epson.<\/span><br style=\"box-sizing: inherit; color: rgb(102, 102, 102); font-family: &quot;Function Pro&quot;, &quot;Helvetica Neue&quot;, Arial, sans-serif; font-size: 16px;\" \/><br style=\"box-sizing: inherit; color: rgb(102, 102, 102); font-family: &quot;Function Pro&quot;, &quot;Helvetica Neue&quot;, Arial, sans-serif; font-size: 16px;\" \/><span>Ideal para la referencia:<\/span><span>&nbsp;l310 l210 l355 l365&nbsp;<\/span><\/p>\n<div class=\"features-box-section col-xs-12 col-md-6 col-lg-4\"><\/div>\n<p><span><br \/>ORIGINAL 100% garantizados<\/span><br style=\"box-sizing: inherit; color: rgb(102, 102, 102); font-family: &quot;Function Pro&quot;, &quot;Helvetica Neue&quot;, Arial, sans-serif; font-size: 16px;\" \/><br style=\"box-sizing: inherit; color: rgb(102, 102, 102); font-family: &quot;Function Pro&quot;, &quot;Helvetica Neue&quot;, Arial, sans-serif; font-size: 16px;\" \/><span><b>Grandes caracter\u00edsticas<\/b><\/span><br style=\"box-sizing: inherit; color: rgb(102, 102, 102); font-family: &quot;Function Pro&quot;, &quot;Helvetica Neue&quot;, Arial, sans-serif; font-size: 16px;\" \/><span>Las impresoras&nbsp;&nbsp;<\/span><span>l310 l210 l355 l365&nbsp;<\/span><span>&nbsp;fueron dise\u00f1adas para usar exclusivamente con las botellas de tinta originales marca Epson. Epson fuertemente recomienda el uso de tinta original para asegurar el mejor rendimiento y calidad de impresi\u00f3n y no arriesgar la garant\u00eda limitada.&nbsp;<\/span><br style=\"box-sizing: inherit; color: rgb(102, 102, 102); font-family: &quot;Function Pro&quot;, &quot;Helvetica Neue&quot;, Arial, sans-serif; font-size: 16px;\" \/><br style=\"box-sizing: inherit; color: rgb(102, 102, 102); font-family: &quot;Function Pro&quot;, &quot;Helvetica Neue&quot;, Arial, sans-serif; font-size: 16px;\" \/><br style=\"box-sizing: inherit; color: rgb(102, 102, 102); font-family: &quot;Function Pro&quot;, &quot;Helvetica Neue&quot;, Arial, sans-serif; font-size: 16px;\" \/><span>Con esta botella de tinta obtendr\u00e1s las impresiones que siempre deseaste, con una calidad que te sorprender\u00e1, pues cuenta con una capacidad de 70 Ml garantizando resultados excepcionales. Adem\u00e1s est\u00e1n dise\u00f1adas con los est\u00e1ndares m\u00e1s altos de calidad para impresiones de gran duraci\u00f3n. No dejes de tener este producto que traemos para t\u00ed.<\/span><\/p>\n<div><span style=\"font-family: Function Pro, Helvetica Neue, Arial, sans-serif; color: #666666;\"><span style=\"font-size: 16px;\"><br \/><\/span><\/span><\/p>\n<div><span><b>Contenido del paquete<\/b><\/span><\/div>\n<div><span><b><br \/><\/b><\/span><\/div>\n<div><span>1 botella de tinta Epson 664 Negra&nbsp; &#8211;&nbsp;<\/span><span>1 botella de tinta Epson 664 magenta &#8211;&nbsp;<\/span><span>1 botella de tinta Epson 664 cian &#8211;&nbsp;<\/span><span>1 botella de tinta Epson 664 amarillo&nbsp;<\/span><\/div>\n<\/div>\n","protected":false},"excerpt":{"rendered":"<p># DE PARTE:010343943964<\/p>\n","protected":false},"featured_media":2804,"template":"","meta":{"site-sidebar-layout":"default","site-content-layout":"","ast-site-content-layout":"default","site-content-style":"default","site-sidebar-style":"default","ast-global-header-display":"","ast-banner-title-visibility":"","ast-main-header-display":"","ast-hfb-above-header-display":"","ast-hfb-below-header-display":"","ast-hfb-mobile-header-display":"","site-post-title":"","ast-breadcrumbs-content":"","ast-featured-img":"","footer-sml-layout":"","ast-disable-related-posts":"","theme-transparent-header-meta":"","adv-header-id-meta":"","stick-header-meta":"","header-above-stick-meta":"","header-main-stick-meta":"","header-below-stick-meta":"","astra-migrate-meta-layouts":"default","ast-page-background-enabled":"default","ast-page-background-meta":{"desktop":{"background-color":"var(--ast-global-color-4)","background-image":"","background-repeat":"repeat","background-position":"center center","background-size":"auto","background-attachment":"scroll","background-type":"","background-media":"","overlay-type":"","overlay-color":"","overlay-opacity":"","overlay-gradient":""},"tablet":{"background-color":"","background-image":"","background-repeat":"repeat","background-position":"center center","background-size":"auto","background-attachment":"scroll","background-type":"","background-media":"","overlay-type":"","overlay-color":"","overlay-opacity":"","overlay-gradient":""},"mobile":{"background-color":"","background-image":"","background-repeat":"repeat","background-position":"center center","background-size":"auto","background-attachment":"scroll","background-type":"","background-media":"","overlay-type":"","overlay-color":"","overlay-opacity":"","overlay-gradient":""}},"ast-content-background-meta":{"desktop":{"background-color":"var(--ast-global-color-5)","background-image":"","background-repeat":"repeat","background-position":"center center","background-size":"auto","background-attachment":"scroll","background-type":"","background-media":"","overlay-type":"","overlay-color":"","overlay-opacity":"","overlay-gradient":""},"tablet":{"background-color":"var(--ast-global-color-5)","background-image":"","background-repeat":"repeat","background-position":"center center","background-size":"auto","background-attachment":"scroll","background-type":"","background-media":"","overlay-type":"","overlay-color":"","overlay-opacity":"","overlay-gradient":""},"mobile":{"background-color":"var(--ast-global-color-5)","background-image":"","background-repeat":"repeat","background-position":"center center","background-size":"auto","background-attachment":"scroll","background-type":"","background-media":"","overlay-type":"","overlay-color":"","overlay-opacity":"","overlay-gradient":""}}},"product_brand":[],"product_cat":[57,136],"product_tag":[40],"class_list":{"0":"post-2743","1":"product","2":"type-product","3":"status-publish","4":"has-post-thumbnail","6":"product_cat-impresoras-y-suministros","7":"product_cat-tintas","8":"product_tag-epson","9":"desktop-align-left","10":"tablet-align-left","11":"mobile-align-left","13":"first","14":"instock","15":"taxable","16":"shipping-taxable","17":"product-type-simple"},"yoast_head":"<!-- This site is optimized with the Yoast SEO plugin v27.4 - https:\/\/yoast.com\/product\/yoast-seo-wordpress\/ -->\n<title>Kit Tinta 4 Colores Epson T664 100% Original - IntegralPro<\/title>\n<meta name=\"robots\" content=\"index, follow, max-snippet:-1, max-image-preview:large, max-video-preview:-1\" \/>\n<link rel=\"canonical\" href=\"https:\/\/www.integralpro.com.co\/index.php\/producto\/kit-tinta-4-colores-epson-t664-100-original\/\" \/>\n<meta property=\"og:locale\" content=\"es_ES\" \/>\n<meta property=\"og:type\" content=\"article\" \/>\n<meta property=\"og:title\" content=\"Kit Tinta 4 Colores Epson T664 100% Original - IntegralPro\" \/>\n<meta property=\"og:description\" content=\"# DE PARTE:010343943964\" \/>\n<meta property=\"og:url\" content=\"https:\/\/www.integralpro.com.co\/index.php\/producto\/kit-tinta-4-colores-epson-t664-100-original\/\" \/>\n<meta property=\"og:site_name\" content=\"IntegralPro\" \/>\n<meta property=\"article:modified_time\" content=\"2021-02-19T19:59:40+00:00\" \/>\n<meta property=\"og:image\" content=\"https:\/\/www.integralpro.com.co\/wp-content\/uploads\/2021\/02\/8c2f578306c12bda9b191405c1fcb501.jpg\" \/>\n\t<meta property=\"og:image:width\" content=\"660\" \/>\n\t<meta property=\"og:image:height\" content=\"441\" \/>\n\t<meta property=\"og:image:type\" content=\"image\/jpeg\" \/>\n<meta name=\"twitter:card\" content=\"summary_large_image\" \/>\n<meta name=\"twitter:label1\" content=\"Tiempo de lectura\" \/>\n\t<meta name=\"twitter:data1\" content=\"1 minuto\" \/>\n<script type=\"application\/ld+json\" class=\"yoast-schema-graph\">{\"@context\":\"https:\\\/\\\/schema.org\",\"@graph\":[{\"@type\":\"WebPage\",\"@id\":\"https:\\\/\\\/www.integralpro.com.co\\\/index.php\\\/producto\\\/kit-tinta-4-colores-epson-t664-100-original\\\/\",\"url\":\"https:\\\/\\\/www.integralpro.com.co\\\/index.php\\\/producto\\\/kit-tinta-4-colores-epson-t664-100-original\\\/\",\"name\":\"Kit Tinta 4 Colores Epson T664 100% Original - IntegralPro\",\"isPartOf\":{\"@id\":\"https:\\\/\\\/www.integralpro.com.co\\\/#website\"},\"primaryImageOfPage\":{\"@id\":\"https:\\\/\\\/www.integralpro.com.co\\\/index.php\\\/producto\\\/kit-tinta-4-colores-epson-t664-100-original\\\/#primaryimage\"},\"image\":{\"@id\":\"https:\\\/\\\/www.integralpro.com.co\\\/index.php\\\/producto\\\/kit-tinta-4-colores-epson-t664-100-original\\\/#primaryimage\"},\"thumbnailUrl\":\"https:\\\/\\\/www.integralpro.com.co\\\/wp-content\\\/uploads\\\/2021\\\/02\\\/8c2f578306c12bda9b191405c1fcb501.jpg\",\"datePublished\":\"2021-02-19T19:59:08+00:00\",\"dateModified\":\"2021-02-19T19:59:40+00:00\",\"breadcrumb\":{\"@id\":\"https:\\\/\\\/www.integralpro.com.co\\\/index.php\\\/producto\\\/kit-tinta-4-colores-epson-t664-100-original\\\/#breadcrumb\"},\"inLanguage\":\"es\",\"potentialAction\":[{\"@type\":\"ReadAction\",\"target\":[\"https:\\\/\\\/www.integralpro.com.co\\\/index.php\\\/producto\\\/kit-tinta-4-colores-epson-t664-100-original\\\/\"]}]},{\"@type\":\"ImageObject\",\"inLanguage\":\"es\",\"@id\":\"https:\\\/\\\/www.integralpro.com.co\\\/index.php\\\/producto\\\/kit-tinta-4-colores-epson-t664-100-original\\\/#primaryimage\",\"url\":\"https:\\\/\\\/www.integralpro.com.co\\\/wp-content\\\/uploads\\\/2021\\\/02\\\/8c2f578306c12bda9b191405c1fcb501.jpg\",\"contentUrl\":\"https:\\\/\\\/www.integralpro.com.co\\\/wp-content\\\/uploads\\\/2021\\\/02\\\/8c2f578306c12bda9b191405c1fcb501.jpg\",\"width\":660,\"height\":441},{\"@type\":\"BreadcrumbList\",\"@id\":\"https:\\\/\\\/www.integralpro.com.co\\\/index.php\\\/producto\\\/kit-tinta-4-colores-epson-t664-100-original\\\/#breadcrumb\",\"itemListElement\":[{\"@type\":\"ListItem\",\"position\":1,\"name\":\"Portada\",\"item\":\"https:\\\/\\\/www.integralpro.com.co\\\/\"},{\"@type\":\"ListItem\",\"position\":2,\"name\":\"Tienda\",\"item\":\"https:\\\/\\\/www.integralpro.com.co\\\/index.php\\\/tienda\\\/\"},{\"@type\":\"ListItem\",\"position\":3,\"name\":\"Kit Tinta 4 Colores Epson T664 100% Original\"}]},{\"@type\":\"WebSite\",\"@id\":\"https:\\\/\\\/www.integralpro.com.co\\\/#website\",\"url\":\"https:\\\/\\\/www.integralpro.com.co\\\/\",\"name\":\"IntegralPro\",\"description\":\"Tienda de Tecnolog\u00eda en L\u00ednea\",\"publisher\":{\"@id\":\"https:\\\/\\\/www.integralpro.com.co\\\/#organization\"},\"potentialAction\":[{\"@type\":\"SearchAction\",\"target\":{\"@type\":\"EntryPoint\",\"urlTemplate\":\"https:\\\/\\\/www.integralpro.com.co\\\/?s={search_term_string}\"},\"query-input\":{\"@type\":\"PropertyValueSpecification\",\"valueRequired\":true,\"valueName\":\"search_term_string\"}}],\"inLanguage\":\"es\"},{\"@type\":\"Organization\",\"@id\":\"https:\\\/\\\/www.integralpro.com.co\\\/#organization\",\"name\":\"IntegralPro SAS\",\"url\":\"https:\\\/\\\/www.integralpro.com.co\\\/\",\"logo\":{\"@type\":\"ImageObject\",\"inLanguage\":\"es\",\"@id\":\"https:\\\/\\\/www.integralpro.com.co\\\/#\\\/schema\\\/logo\\\/image\\\/\",\"url\":\"https:\\\/\\\/www.integralpro.com.co\\\/wp-content\\\/uploads\\\/2021\\\/02\\\/logo-def.jpg\",\"contentUrl\":\"https:\\\/\\\/www.integralpro.com.co\\\/wp-content\\\/uploads\\\/2021\\\/02\\\/logo-def.jpg\",\"width\":238,\"height\":234,\"caption\":\"IntegralPro SAS\"},\"image\":{\"@id\":\"https:\\\/\\\/www.integralpro.com.co\\\/#\\\/schema\\\/logo\\\/image\\\/\"}}]}<\/script>\n<!-- \/ Yoast SEO plugin. -->","yoast_head_json":{"title":"Kit Tinta 4 Colores Epson T664 100% Original - IntegralPro","robots":{"index":"index","follow":"follow","max-snippet":"max-snippet:-1","max-image-preview":"max-image-preview:large","max-video-preview":"max-video-preview:-1"},"canonical":"https:\/\/www.integralpro.com.co\/index.php\/producto\/kit-tinta-4-colores-epson-t664-100-original\/","og_locale":"es_ES","og_type":"article","og_title":"Kit Tinta 4 Colores Epson T664 100% Original - IntegralPro","og_description":"# DE PARTE:010343943964","og_url":"https:\/\/www.integralpro.com.co\/index.php\/producto\/kit-tinta-4-colores-epson-t664-100-original\/","og_site_name":"IntegralPro","article_modified_time":"2021-02-19T19:59:40+00:00","og_image":[{"width":660,"height":441,"url":"https:\/\/www.integralpro.com.co\/wp-content\/uploads\/2021\/02\/8c2f578306c12bda9b191405c1fcb501.jpg","type":"image\/jpeg"}],"twitter_card":"summary_large_image","twitter_misc":{"Tiempo de lectura":"1 minuto"},"schema":{"@context":"https:\/\/schema.org","@graph":[{"@type":"WebPage","@id":"https:\/\/www.integralpro.com.co\/index.php\/producto\/kit-tinta-4-colores-epson-t664-100-original\/","url":"https:\/\/www.integralpro.com.co\/index.php\/producto\/kit-tinta-4-colores-epson-t664-100-original\/","name":"Kit Tinta 4 Colores Epson T664 100% Original - IntegralPro","isPartOf":{"@id":"https:\/\/www.integralpro.com.co\/#website"},"primaryImageOfPage":{"@id":"https:\/\/www.integralpro.com.co\/index.php\/producto\/kit-tinta-4-colores-epson-t664-100-original\/#primaryimage"},"image":{"@id":"https:\/\/www.integralpro.com.co\/index.php\/producto\/kit-tinta-4-colores-epson-t664-100-original\/#primaryimage"},"thumbnailUrl":"https:\/\/www.integralpro.com.co\/wp-content\/uploads\/2021\/02\/8c2f578306c12bda9b191405c1fcb501.jpg","datePublished":"2021-02-19T19:59:08+00:00","dateModified":"2021-02-19T19:59:40+00:00","breadcrumb":{"@id":"https:\/\/www.integralpro.com.co\/index.php\/producto\/kit-tinta-4-colores-epson-t664-100-original\/#breadcrumb"},"inLanguage":"es","potentialAction":[{"@type":"ReadAction","target":["https:\/\/www.integralpro.com.co\/index.php\/producto\/kit-tinta-4-colores-epson-t664-100-original\/"]}]},{"@type":"ImageObject","inLanguage":"es","@id":"https:\/\/www.integralpro.com.co\/index.php\/producto\/kit-tinta-4-colores-epson-t664-100-original\/#primaryimage","url":"https:\/\/www.integralpro.com.co\/wp-content\/uploads\/2021\/02\/8c2f578306c12bda9b191405c1fcb501.jpg","contentUrl":"https:\/\/www.integralpro.com.co\/wp-content\/uploads\/2021\/02\/8c2f578306c12bda9b191405c1fcb501.jpg","width":660,"height":441},{"@type":"BreadcrumbList","@id":"https:\/\/www.integralpro.com.co\/index.php\/producto\/kit-tinta-4-colores-epson-t664-100-original\/#breadcrumb","itemListElement":[{"@type":"ListItem","position":1,"name":"Portada","item":"https:\/\/www.integralpro.com.co\/"},{"@type":"ListItem","position":2,"name":"Tienda","item":"https:\/\/www.integralpro.com.co\/index.php\/tienda\/"},{"@type":"ListItem","position":3,"name":"Kit Tinta 4 Colores Epson T664 100% Original"}]},{"@type":"WebSite","@id":"https:\/\/www.integralpro.com.co\/#website","url":"https:\/\/www.integralpro.com.co\/","name":"IntegralPro","description":"Tienda de Tecnolog\u00eda en L\u00ednea","publisher":{"@id":"https:\/\/www.integralpro.com.co\/#organization"},"potentialAction":[{"@type":"SearchAction","target":{"@type":"EntryPoint","urlTemplate":"https:\/\/www.integralpro.com.co\/?s={search_term_string}"},"query-input":{"@type":"PropertyValueSpecification","valueRequired":true,"valueName":"search_term_string"}}],"inLanguage":"es"},{"@type":"Organization","@id":"https:\/\/www.integralpro.com.co\/#organization","name":"IntegralPro SAS","url":"https:\/\/www.integralpro.com.co\/","logo":{"@type":"ImageObject","inLanguage":"es","@id":"https:\/\/www.integralpro.com.co\/#\/schema\/logo\/image\/","url":"https:\/\/www.integralpro.com.co\/wp-content\/uploads\/2021\/02\/logo-def.jpg","contentUrl":"https:\/\/www.integralpro.com.co\/wp-content\/uploads\/2021\/02\/logo-def.jpg","width":238,"height":234,"caption":"IntegralPro SAS"},"image":{"@id":"https:\/\/www.integralpro.com.co\/#\/schema\/logo\/image\/"}}]}},"_links":{"self":[{"href":"https:\/\/www.integralpro.com.co\/index.php\/wp-json\/wp\/v2\/product\/2743","targetHints":{"allow":["GET"]}}],"collection":[{"href":"https:\/\/www.integralpro.com.co\/index.php\/wp-json\/wp\/v2\/product"}],"about":[{"href":"https:\/\/www.integralpro.com.co\/index.php\/wp-json\/wp\/v2\/types\/product"}],"version-history":[{"count":1,"href":"https:\/\/www.integralpro.com.co\/index.php\/wp-json\/wp\/v2\/product\/2743\/revisions"}],"predecessor-version":[{"id":2805,"href":"https:\/\/www.integralpro.com.co\/index.php\/wp-json\/wp\/v2\/product\/2743\/revisions\/2805"}],"wp:featuredmedia":[{"embeddable":true,"href":"https:\/\/www.integralpro.com.co\/index.php\/wp-json\/wp\/v2\/media\/2804"}],"wp:attachment":[{"href":"https:\/\/www.integralpro.com.co\/index.php\/wp-json\/wp\/v2\/media?parent=2743"}],"wp:term":[{"taxonomy":"product_brand","embeddable":true,"href":"https:\/\/www.integralpro.com.co\/index.php\/wp-json\/wp\/v2\/product_brand?post=2743"},{"taxonomy":"product_cat","embeddable":true,"href":"https:\/\/www.integralpro.com.co\/index.php\/wp-json\/wp\/v2\/product_cat?post=2743"},{"taxonomy":"product_tag","embeddable":true,"href":"https:\/\/www.integralpro.com.co\/index.php\/wp-json\/wp\/v2\/product_tag?post=2743"}],"curies":[{"name":"wp","href":"https:\/\/api.w.org\/{rel}","templated":true}]}}