{"id":2715,"date":"2021-02-19T14:58:47","date_gmt":"2021-02-19T19:58:47","guid":{"rendered":"https:\/\/www.integralpro.com.co\/index.php\/producto\/import-placeholder-for-1373\/"},"modified":"2021-02-19T14:59:38","modified_gmt":"2021-02-19T19:59:38","slug":"mouse-m570-logitech-trackball-inalambrico-plata","status":"publish","type":"product","link":"https:\/\/www.integralpro.com.co\/index.php\/producto\/mouse-m570-logitech-trackball-inalambrico-plata\/","title":{"rendered":"Mouse M570 Logitech Trackball Inalambrico Plata"},"content":{"rendered":"<p>El mouse TrackBall Inal\u00e1mbrico M570 de LOGITECH, algo distinto y moderno, <br \/>con un descansadero para el dedo pulgar, junto a dos botones adicionales m\u00e1s. <br \/>Nacido para ser especial.<\/p>\n<p><\/p>\n<p><strong>Comodidad durante todo el d\u00eda<\/strong><\/p>\n<p><\/p>\n<p>Trabaje con comodidad con una bola de seguimiento estable y <br \/>esculpida que soporta su mano y le permite descansar su brazo.<\/p>\n<p><\/p>\n<p><strong>Peque\u00f1a Maravilla<\/strong><\/p>\n<p><\/p>\n<p>Logitech Unifying el peque\u00f1o receptor inal\u00e1mbrico que puede <br \/>permanecer en su ordenador port\u00e1til y permite conectar dispositivos compatibles <br \/>a medida que los necesite.<\/p>\n<p><\/p>\n<p><strong>S\u00faper poderoso <\/strong><\/p>\n<p><\/p>\n<p>Con hasta 18 meses de uso de un solo AA, puede olvidar que su <br \/>trackball usa bater\u00edas.<\/p>\n<p><\/p>\n<p><strong>Comodidad del TrackBall<\/strong><\/p>\n<p><\/p>\n<p>Su trackball permanece en un lugar, por lo que no tiene que <br \/>mover el brazo para mover el cursor. Su forma esculpida apoya su mano para que <br \/>pueda trabajar todo el d\u00eda con comodidad.<\/p>\n<p><\/p>\n<p><strong>Huella Compacta<\/strong><\/p>\n<p><\/p>\n<p>\u00bfQueda poco espacio? No hay problema. Debido a que el <br \/>trackball no se mueve, es perfecto para espacios de trabajo reducidos y <br \/>escritorios ocupados.<\/p>\n<p><\/p>\n<p><strong>Libertad Inal\u00e1mbrica<\/strong><\/p>\n<p><\/p>\n<p>\u00bfQui\u00e9n quiere un cord\u00f3n en el camino? La conexi\u00f3n inal\u00e1mbrica <br \/>robusta le permite controlar su computadora port\u00e1til, computadora de escritorio <br \/>o PC de cine en casa desde una distancia de hasta 30 pies (10 metros).<\/p>\n<p><\/p>\n<p><strong>Receptor Inal\u00e1mbrico<\/strong><\/p>\n<p><\/p>\n<p>Es tan peque\u00f1o que puede permanecer conectado a un puerto USB. <br \/>No tiene que desenchufarlo cuando se mueve o preocuparse por perderlo. Y su <br \/>trackball siempre est\u00e1 listo para usar.<\/p>\n<p><\/p>\n<p><strong>Botones atr\u00e1s\/adelante<\/strong><\/p>\n<p><\/p>\n<p>Moverse r\u00e1pidamente entre documentos o navegar por sus sitios <br \/>web favoritos es muy f\u00e1cil con los botones Atr\u00e1s \/ Adelante grandes y f\u00e1ciles de <br \/>alcanzar.<\/p>\n<p><\/p>\n<p><strong>Botones programables<\/strong><\/p>\n<p><\/p>\n<p>Puede personalizar los botones de su trackball para ayudarlo a <br \/>hacer lo que quiere m\u00e1s r\u00e1pido.<\/p>\n<p><\/p>\n<p><strong>F\u00e1cil de mover<\/strong><\/p>\n<p><\/p>\n<p>Su escritorio, su c\u00f3moda silla, su cama: este trackball es <br \/>f\u00e1cil de llevar con usted a su casa. La pelota incluso permanece en su lugar <br \/>cuando la volteas.<\/p>\n<p><\/p>\n<p><strong>Especificaciones T&eacute;cnicas<\/strong><\/p>\n<p><\/p>\n<p>Dimensiones:<span> 9 x 4 x 14 cm<\/span><\/p>\n<p>Peso: 142gr<\/p>\n<p>Tecnolog\u00eda de sensor: l\u00e1ser <\/p>\n<p>Resoluci\u00f3n del sensor: 540 <\/p>\n<p>N\u00famero de botones: 5 <\/p>\n<p>Rueda de desplazamiento (S \/ N): S\u00ed <\/p>\n<p>Duraci\u00f3n de la bater\u00eda: duraci\u00f3n de la bater\u00eda de 18 meses<\/p>\n<p>Tipo de bater\u00eda: 1 bater\u00eda AA<\/p>\n<p>Distancia de funcionamiento inal\u00e1mbrica: aproximadamente 10 m&nbsp; <\/p>\n<p>Tecnolog\u00eda inal\u00e1mbrica: conectividad inal\u00e1mbrica avanzada de 2.4 GHz (compatible <br \/>con Unificaci\u00f3n) <\/p>\n<p>Software: SetPoint, LCC <\/p>\n<p>Interfaz: USB<\/p>\n<p>Requisitos o compatibilidad&nbsp; Windows&nbsp; XP, Windows Vista&nbsp; , <br \/>Windows 7, Windows 8, Windows 10 <\/p>\n<p>Puerto USB Conexi\u00f3n a internet para descarga de software<\/p>\n<p>Color Plata<\/p>\n<p><\/p>\n<p>Mouse &#8211; Receptor USB &#8211; Documentaci&oacute;n<\/p>\n","protected":false},"excerpt":{"rendered":"<p># DE PARTE:910-001799<\/p>\n","protected":false},"featured_media":2800,"template":"","meta":{"site-sidebar-layout":"default","site-content-layout":"","ast-site-content-layout":"default","site-content-style":"default","site-sidebar-style":"default","ast-global-header-display":"","ast-banner-title-visibility":"","ast-main-header-display":"","ast-hfb-above-header-display":"","ast-hfb-below-header-display":"","ast-hfb-mobile-header-display":"","site-post-title":"","ast-breadcrumbs-content":"","ast-featured-img":"","footer-sml-layout":"","ast-disable-related-posts":"","theme-transparent-header-meta":"","adv-header-id-meta":"","stick-header-meta":"","header-above-stick-meta":"","header-main-stick-meta":"","header-below-stick-meta":"","astra-migrate-meta-layouts":"default","ast-page-background-enabled":"default","ast-page-background-meta":{"desktop":{"background-color":"var(--ast-global-color-4)","background-image":"","background-repeat":"repeat","background-position":"center center","background-size":"auto","background-attachment":"scroll","background-type":"","background-media":"","overlay-type":"","overlay-color":"","overlay-opacity":"","overlay-gradient":""},"tablet":{"background-color":"","background-image":"","background-repeat":"repeat","background-position":"center center","background-size":"auto","background-attachment":"scroll","background-type":"","background-media":"","overlay-type":"","overlay-color":"","overlay-opacity":"","overlay-gradient":""},"mobile":{"background-color":"","background-image":"","background-repeat":"repeat","background-position":"center center","background-size":"auto","background-attachment":"scroll","background-type":"","background-media":"","overlay-type":"","overlay-color":"","overlay-opacity":"","overlay-gradient":""}},"ast-content-background-meta":{"desktop":{"background-color":"var(--ast-global-color-5)","background-image":"","background-repeat":"repeat","background-position":"center center","background-size":"auto","background-attachment":"scroll","background-type":"","background-media":"","overlay-type":"","overlay-color":"","overlay-opacity":"","overlay-gradient":""},"tablet":{"background-color":"var(--ast-global-color-5)","background-image":"","background-repeat":"repeat","background-position":"center center","background-size":"auto","background-attachment":"scroll","background-type":"","background-media":"","overlay-type":"","overlay-color":"","overlay-opacity":"","overlay-gradient":""},"mobile":{"background-color":"var(--ast-global-color-5)","background-image":"","background-repeat":"repeat","background-position":"center center","background-size":"auto","background-attachment":"scroll","background-type":"","background-media":"","overlay-type":"","overlay-color":"","overlay-opacity":"","overlay-gradient":""}}},"product_brand":[],"product_cat":[49,79],"product_tag":[46],"class_list":{"0":"post-2715","1":"product","2":"type-product","3":"status-publish","4":"has-post-thumbnail","6":"product_cat-accesorios","7":"product_cat-mouse","8":"product_tag-logitech","9":"desktop-align-left","10":"tablet-align-left","11":"mobile-align-left","13":"first","14":"instock","15":"taxable","16":"shipping-taxable","17":"product-type-simple"},"yoast_head":"<!-- This site is optimized with the Yoast SEO plugin v27.4 - https:\/\/yoast.com\/product\/yoast-seo-wordpress\/ -->\n<title>Mouse M570 Logitech Trackball Inalambrico Plata - IntegralPro<\/title>\n<meta name=\"robots\" content=\"index, follow, max-snippet:-1, max-image-preview:large, max-video-preview:-1\" \/>\n<link rel=\"canonical\" href=\"https:\/\/www.integralpro.com.co\/index.php\/producto\/mouse-m570-logitech-trackball-inalambrico-plata\/\" \/>\n<meta property=\"og:locale\" content=\"es_ES\" \/>\n<meta property=\"og:type\" content=\"article\" \/>\n<meta property=\"og:title\" content=\"Mouse M570 Logitech Trackball Inalambrico Plata - IntegralPro\" \/>\n<meta property=\"og:description\" content=\"# DE PARTE:910-001799\" \/>\n<meta property=\"og:url\" content=\"https:\/\/www.integralpro.com.co\/index.php\/producto\/mouse-m570-logitech-trackball-inalambrico-plata\/\" \/>\n<meta property=\"og:site_name\" content=\"IntegralPro\" \/>\n<meta property=\"article:modified_time\" content=\"2021-02-19T19:59:38+00:00\" \/>\n<meta property=\"og:image\" content=\"https:\/\/www.integralpro.com.co\/wp-content\/uploads\/2021\/02\/b2ddb26f0050eb589ae5803056408443.jpg\" \/>\n\t<meta property=\"og:image:width\" content=\"800\" \/>\n\t<meta property=\"og:image:height\" content=\"800\" \/>\n\t<meta property=\"og:image:type\" content=\"image\/jpeg\" \/>\n<meta name=\"twitter:card\" content=\"summary_large_image\" \/>\n<meta name=\"twitter:label1\" content=\"Tiempo de lectura\" \/>\n\t<meta name=\"twitter:data1\" content=\"2 minutos\" \/>\n<script type=\"application\/ld+json\" class=\"yoast-schema-graph\">{\"@context\":\"https:\\\/\\\/schema.org\",\"@graph\":[{\"@type\":\"WebPage\",\"@id\":\"https:\\\/\\\/www.integralpro.com.co\\\/index.php\\\/producto\\\/mouse-m570-logitech-trackball-inalambrico-plata\\\/\",\"url\":\"https:\\\/\\\/www.integralpro.com.co\\\/index.php\\\/producto\\\/mouse-m570-logitech-trackball-inalambrico-plata\\\/\",\"name\":\"Mouse M570 Logitech Trackball Inalambrico Plata - IntegralPro\",\"isPartOf\":{\"@id\":\"https:\\\/\\\/www.integralpro.com.co\\\/#website\"},\"primaryImageOfPage\":{\"@id\":\"https:\\\/\\\/www.integralpro.com.co\\\/index.php\\\/producto\\\/mouse-m570-logitech-trackball-inalambrico-plata\\\/#primaryimage\"},\"image\":{\"@id\":\"https:\\\/\\\/www.integralpro.com.co\\\/index.php\\\/producto\\\/mouse-m570-logitech-trackball-inalambrico-plata\\\/#primaryimage\"},\"thumbnailUrl\":\"https:\\\/\\\/www.integralpro.com.co\\\/wp-content\\\/uploads\\\/2021\\\/02\\\/b2ddb26f0050eb589ae5803056408443.jpg\",\"datePublished\":\"2021-02-19T19:58:47+00:00\",\"dateModified\":\"2021-02-19T19:59:38+00:00\",\"breadcrumb\":{\"@id\":\"https:\\\/\\\/www.integralpro.com.co\\\/index.php\\\/producto\\\/mouse-m570-logitech-trackball-inalambrico-plata\\\/#breadcrumb\"},\"inLanguage\":\"es\",\"potentialAction\":[{\"@type\":\"ReadAction\",\"target\":[\"https:\\\/\\\/www.integralpro.com.co\\\/index.php\\\/producto\\\/mouse-m570-logitech-trackball-inalambrico-plata\\\/\"]}]},{\"@type\":\"ImageObject\",\"inLanguage\":\"es\",\"@id\":\"https:\\\/\\\/www.integralpro.com.co\\\/index.php\\\/producto\\\/mouse-m570-logitech-trackball-inalambrico-plata\\\/#primaryimage\",\"url\":\"https:\\\/\\\/www.integralpro.com.co\\\/wp-content\\\/uploads\\\/2021\\\/02\\\/b2ddb26f0050eb589ae5803056408443.jpg\",\"contentUrl\":\"https:\\\/\\\/www.integralpro.com.co\\\/wp-content\\\/uploads\\\/2021\\\/02\\\/b2ddb26f0050eb589ae5803056408443.jpg\",\"width\":800,\"height\":800},{\"@type\":\"BreadcrumbList\",\"@id\":\"https:\\\/\\\/www.integralpro.com.co\\\/index.php\\\/producto\\\/mouse-m570-logitech-trackball-inalambrico-plata\\\/#breadcrumb\",\"itemListElement\":[{\"@type\":\"ListItem\",\"position\":1,\"name\":\"Portada\",\"item\":\"https:\\\/\\\/www.integralpro.com.co\\\/\"},{\"@type\":\"ListItem\",\"position\":2,\"name\":\"Tienda\",\"item\":\"https:\\\/\\\/www.integralpro.com.co\\\/index.php\\\/tienda\\\/\"},{\"@type\":\"ListItem\",\"position\":3,\"name\":\"Mouse M570 Logitech Trackball Inalambrico Plata\"}]},{\"@type\":\"WebSite\",\"@id\":\"https:\\\/\\\/www.integralpro.com.co\\\/#website\",\"url\":\"https:\\\/\\\/www.integralpro.com.co\\\/\",\"name\":\"IntegralPro\",\"description\":\"Tienda de Tecnolog\u00eda en L\u00ednea\",\"publisher\":{\"@id\":\"https:\\\/\\\/www.integralpro.com.co\\\/#organization\"},\"potentialAction\":[{\"@type\":\"SearchAction\",\"target\":{\"@type\":\"EntryPoint\",\"urlTemplate\":\"https:\\\/\\\/www.integralpro.com.co\\\/?s={search_term_string}\"},\"query-input\":{\"@type\":\"PropertyValueSpecification\",\"valueRequired\":true,\"valueName\":\"search_term_string\"}}],\"inLanguage\":\"es\"},{\"@type\":\"Organization\",\"@id\":\"https:\\\/\\\/www.integralpro.com.co\\\/#organization\",\"name\":\"IntegralPro SAS\",\"url\":\"https:\\\/\\\/www.integralpro.com.co\\\/\",\"logo\":{\"@type\":\"ImageObject\",\"inLanguage\":\"es\",\"@id\":\"https:\\\/\\\/www.integralpro.com.co\\\/#\\\/schema\\\/logo\\\/image\\\/\",\"url\":\"https:\\\/\\\/www.integralpro.com.co\\\/wp-content\\\/uploads\\\/2021\\\/02\\\/logo-def.jpg\",\"contentUrl\":\"https:\\\/\\\/www.integralpro.com.co\\\/wp-content\\\/uploads\\\/2021\\\/02\\\/logo-def.jpg\",\"width\":238,\"height\":234,\"caption\":\"IntegralPro SAS\"},\"image\":{\"@id\":\"https:\\\/\\\/www.integralpro.com.co\\\/#\\\/schema\\\/logo\\\/image\\\/\"}}]}<\/script>\n<!-- \/ Yoast SEO plugin. -->","yoast_head_json":{"title":"Mouse M570 Logitech Trackball Inalambrico Plata - IntegralPro","robots":{"index":"index","follow":"follow","max-snippet":"max-snippet:-1","max-image-preview":"max-image-preview:large","max-video-preview":"max-video-preview:-1"},"canonical":"https:\/\/www.integralpro.com.co\/index.php\/producto\/mouse-m570-logitech-trackball-inalambrico-plata\/","og_locale":"es_ES","og_type":"article","og_title":"Mouse M570 Logitech Trackball Inalambrico Plata - IntegralPro","og_description":"# DE PARTE:910-001799","og_url":"https:\/\/www.integralpro.com.co\/index.php\/producto\/mouse-m570-logitech-trackball-inalambrico-plata\/","og_site_name":"IntegralPro","article_modified_time":"2021-02-19T19:59:38+00:00","og_image":[{"width":800,"height":800,"url":"https:\/\/www.integralpro.com.co\/wp-content\/uploads\/2021\/02\/b2ddb26f0050eb589ae5803056408443.jpg","type":"image\/jpeg"}],"twitter_card":"summary_large_image","twitter_misc":{"Tiempo de lectura":"2 minutos"},"schema":{"@context":"https:\/\/schema.org","@graph":[{"@type":"WebPage","@id":"https:\/\/www.integralpro.com.co\/index.php\/producto\/mouse-m570-logitech-trackball-inalambrico-plata\/","url":"https:\/\/www.integralpro.com.co\/index.php\/producto\/mouse-m570-logitech-trackball-inalambrico-plata\/","name":"Mouse M570 Logitech Trackball Inalambrico Plata - IntegralPro","isPartOf":{"@id":"https:\/\/www.integralpro.com.co\/#website"},"primaryImageOfPage":{"@id":"https:\/\/www.integralpro.com.co\/index.php\/producto\/mouse-m570-logitech-trackball-inalambrico-plata\/#primaryimage"},"image":{"@id":"https:\/\/www.integralpro.com.co\/index.php\/producto\/mouse-m570-logitech-trackball-inalambrico-plata\/#primaryimage"},"thumbnailUrl":"https:\/\/www.integralpro.com.co\/wp-content\/uploads\/2021\/02\/b2ddb26f0050eb589ae5803056408443.jpg","datePublished":"2021-02-19T19:58:47+00:00","dateModified":"2021-02-19T19:59:38+00:00","breadcrumb":{"@id":"https:\/\/www.integralpro.com.co\/index.php\/producto\/mouse-m570-logitech-trackball-inalambrico-plata\/#breadcrumb"},"inLanguage":"es","potentialAction":[{"@type":"ReadAction","target":["https:\/\/www.integralpro.com.co\/index.php\/producto\/mouse-m570-logitech-trackball-inalambrico-plata\/"]}]},{"@type":"ImageObject","inLanguage":"es","@id":"https:\/\/www.integralpro.com.co\/index.php\/producto\/mouse-m570-logitech-trackball-inalambrico-plata\/#primaryimage","url":"https:\/\/www.integralpro.com.co\/wp-content\/uploads\/2021\/02\/b2ddb26f0050eb589ae5803056408443.jpg","contentUrl":"https:\/\/www.integralpro.com.co\/wp-content\/uploads\/2021\/02\/b2ddb26f0050eb589ae5803056408443.jpg","width":800,"height":800},{"@type":"BreadcrumbList","@id":"https:\/\/www.integralpro.com.co\/index.php\/producto\/mouse-m570-logitech-trackball-inalambrico-plata\/#breadcrumb","itemListElement":[{"@type":"ListItem","position":1,"name":"Portada","item":"https:\/\/www.integralpro.com.co\/"},{"@type":"ListItem","position":2,"name":"Tienda","item":"https:\/\/www.integralpro.com.co\/index.php\/tienda\/"},{"@type":"ListItem","position":3,"name":"Mouse M570 Logitech Trackball Inalambrico Plata"}]},{"@type":"WebSite","@id":"https:\/\/www.integralpro.com.co\/#website","url":"https:\/\/www.integralpro.com.co\/","name":"IntegralPro","description":"Tienda de Tecnolog\u00eda en L\u00ednea","publisher":{"@id":"https:\/\/www.integralpro.com.co\/#organization"},"potentialAction":[{"@type":"SearchAction","target":{"@type":"EntryPoint","urlTemplate":"https:\/\/www.integralpro.com.co\/?s={search_term_string}"},"query-input":{"@type":"PropertyValueSpecification","valueRequired":true,"valueName":"search_term_string"}}],"inLanguage":"es"},{"@type":"Organization","@id":"https:\/\/www.integralpro.com.co\/#organization","name":"IntegralPro SAS","url":"https:\/\/www.integralpro.com.co\/","logo":{"@type":"ImageObject","inLanguage":"es","@id":"https:\/\/www.integralpro.com.co\/#\/schema\/logo\/image\/","url":"https:\/\/www.integralpro.com.co\/wp-content\/uploads\/2021\/02\/logo-def.jpg","contentUrl":"https:\/\/www.integralpro.com.co\/wp-content\/uploads\/2021\/02\/logo-def.jpg","width":238,"height":234,"caption":"IntegralPro SAS"},"image":{"@id":"https:\/\/www.integralpro.com.co\/#\/schema\/logo\/image\/"}}]}},"_links":{"self":[{"href":"https:\/\/www.integralpro.com.co\/index.php\/wp-json\/wp\/v2\/product\/2715","targetHints":{"allow":["GET"]}}],"collection":[{"href":"https:\/\/www.integralpro.com.co\/index.php\/wp-json\/wp\/v2\/product"}],"about":[{"href":"https:\/\/www.integralpro.com.co\/index.php\/wp-json\/wp\/v2\/types\/product"}],"version-history":[{"count":1,"href":"https:\/\/www.integralpro.com.co\/index.php\/wp-json\/wp\/v2\/product\/2715\/revisions"}],"predecessor-version":[{"id":2801,"href":"https:\/\/www.integralpro.com.co\/index.php\/wp-json\/wp\/v2\/product\/2715\/revisions\/2801"}],"wp:featuredmedia":[{"embeddable":true,"href":"https:\/\/www.integralpro.com.co\/index.php\/wp-json\/wp\/v2\/media\/2800"}],"wp:attachment":[{"href":"https:\/\/www.integralpro.com.co\/index.php\/wp-json\/wp\/v2\/media?parent=2715"}],"wp:term":[{"taxonomy":"product_brand","embeddable":true,"href":"https:\/\/www.integralpro.com.co\/index.php\/wp-json\/wp\/v2\/product_brand?post=2715"},{"taxonomy":"product_cat","embeddable":true,"href":"https:\/\/www.integralpro.com.co\/index.php\/wp-json\/wp\/v2\/product_cat?post=2715"},{"taxonomy":"product_tag","embeddable":true,"href":"https:\/\/www.integralpro.com.co\/index.php\/wp-json\/wp\/v2\/product_tag?post=2715"}],"curies":[{"name":"wp","href":"https:\/\/api.w.org\/{rel}","templated":true}]}}