{"id":2708,"date":"2021-02-19T14:58:46","date_gmt":"2021-02-19T19:58:46","guid":{"rendered":"https:\/\/www.integralpro.com.co\/index.php\/producto\/import-placeholder-for-1366\/"},"modified":"2024-07-08T08:34:00","modified_gmt":"2024-07-08T13:34:00","slug":"camara-de-seguridad-bullet-vari-focal-ds2cd2623g0-izs-2mp","status":"publish","type":"product","link":"https:\/\/www.integralpro.com.co\/index.php\/producto\/camara-de-seguridad-bullet-vari-focal-ds2cd2623g0-izs-2mp\/","title":{"rendered":"Camara De Seguridad Bullet Vari-Focal Ds2Cd2623G0-Izs 2Mp"},"content":{"rendered":"<p>C\u00e1mara bullet de tecnolog\u00eda IP y resoluci\u00f3n 2 Megapixeles (1920&#215;1080 25IPS). \u00d3ptica varifocal 2.8-12 mm motorizada. Compresi\u00f3n H.265+\/H.265\/H.264+\/H.264.<\/p>\n<p>Sensor CMOS 1\/2.8&#8243; con conmutaci\u00f3n d\u00eda\/noche mediante filtro mec\u00e1nico.<\/p>\n<p>Sensibilidad en color 0,01 Lux.<\/p>\n<p>LEDS IR EXIR alcance 50m.<\/p>\n<p>WDR real 120dB, BLC, Defog, EIS, 3D DNR, ROI.<\/p>\n<p>-Especificaciones de red:<\/p>\n<p>Salida<\/p>\n<p><\/p>\n<p><strong>Especificaciones T\u00e9cnicas<\/strong><\/p>\n<p><\/p>\n<p>Dimensiones: <br \/>\u03a6 144.13 \u00d7 332.73 mm (\u03a6 5.7 \u00ab\u00d7 13.1\u00bb)<\/p>\n<p>Peso: <br \/>C\u00e1mara: Aprox. 1740 g (3.8 lb.)<\/p>\n<p>con paquete: Aprox. 2610 g (5.8 lb.)<\/p>\n<p>CMOS de barrido progresivo de 1 \/ 2.8 \u00ab<\/p>\n<p> \u2022 1920 \u00d7 1080 a 30 fps<\/p>\n<p>Lente varifocal de 2,8 a 12 mm.<\/p>\n<p>Color: 0.01 Lux @ (F1.2, AGC ON), 0.018 Lux @ (F1.6, AGC ON), 0 Lux con IR<\/p>\n<p>H.265 +, H.265, H.264 +, H.264<\/p>\n<p>Tres arroyos<\/p>\n<p>120dB WDR<\/p>\n<p>2 an\u00e1lisis de comportamiento, y detecci\u00f3n de rostros.<\/p>\n<p>BLC \/ 3D DNR \/ ROI \/ HLC<\/p>\n<p>IP67, IK10<\/p>\n<p>Ranura para tarjeta micro SD \/ SDHC \/ SDXC incorporada, hasta 128 GB<\/p>\n<p>Ajuste de 3 ejes<\/p>\n<p>Almacenamiento de red: <br \/>Tarjeta microSD \/ SDHC \/ SDXC (128G), almacenamiento local y NAS (NFS, SMB \/ CIFS), ANR<\/p>\n<p>Activador de alarma: <br \/>Detecci\u00f3n de movimiento, alarma de manipulaci\u00f3n de video, red desconectada, conflicto de direcciones IP, inicio de sesi\u00f3n ilegal, HDD completo, error de HDD<\/p>\n<p>Protocolos: <br \/>TCP \/ IP, ICMP, HTTP, HTTPS, FTP, DHCP, DNS, DDNS, RTP, RTSP, RTCP, PPPoE, NTP, UPnP ?, SMTP, SNMP, IGMP, 802.1X, QoS, IPv6, Bonjour<\/p>\n<p>Funci\u00f3n general: <br \/>Restablecimiento de una tecla, Anti-Flicker, latido del coraz\u00f3n, espejo, protecci\u00f3n de contrase\u00f1a, <br \/>m\u00e1scara de privacidad , marca de agua, filtrado de direcciones IP<\/p>\n<p>Compatibilidad del sistema: <br \/>ONVIF (Perfil S, Perfil G), ISAPI<\/p>\n<p><\/p>\n<p><strong>Contenido Del Paquete<\/strong><\/p>\n<p><\/p>\n<p>Equipo &#8211; Manos libres &#8211; Cable USB &#8211; Cargador &#8211; Documenta<\/p>\n","protected":false},"excerpt":{"rendered":"<p># DE PARTE:DS-2CD2623G0-IZS 2.8-12mm<\/p>\n","protected":false},"featured_media":2773,"template":"","meta":{"site-sidebar-layout":"default","site-content-layout":"","ast-site-content-layout":"default","site-content-style":"default","site-sidebar-style":"default","ast-global-header-display":"","ast-banner-title-visibility":"","ast-main-header-display":"","ast-hfb-above-header-display":"","ast-hfb-below-header-display":"","ast-hfb-mobile-header-display":"","site-post-title":"","ast-breadcrumbs-content":"","ast-featured-img":"","footer-sml-layout":"","ast-disable-related-posts":"","theme-transparent-header-meta":"","adv-header-id-meta":"","stick-header-meta":"","header-above-stick-meta":"","header-main-stick-meta":"","header-below-stick-meta":"","astra-migrate-meta-layouts":"default","ast-page-background-enabled":"default","ast-page-background-meta":{"desktop":{"background-color":"var(--ast-global-color-4)","background-image":"","background-repeat":"repeat","background-position":"center center","background-size":"auto","background-attachment":"scroll","background-type":"","background-media":"","overlay-type":"","overlay-color":"","overlay-opacity":"","overlay-gradient":""},"tablet":{"background-color":"","background-image":"","background-repeat":"repeat","background-position":"center center","background-size":"auto","background-attachment":"scroll","background-type":"","background-media":"","overlay-type":"","overlay-color":"","overlay-opacity":"","overlay-gradient":""},"mobile":{"background-color":"","background-image":"","background-repeat":"repeat","background-position":"center center","background-size":"auto","background-attachment":"scroll","background-type":"","background-media":"","overlay-type":"","overlay-color":"","overlay-opacity":"","overlay-gradient":""}},"ast-content-background-meta":{"desktop":{"background-color":"var(--ast-global-color-5)","background-image":"","background-repeat":"repeat","background-position":"center center","background-size":"auto","background-attachment":"scroll","background-type":"","background-media":"","overlay-type":"","overlay-color":"","overlay-opacity":"","overlay-gradient":""},"tablet":{"background-color":"var(--ast-global-color-5)","background-image":"","background-repeat":"repeat","background-position":"center center","background-size":"auto","background-attachment":"scroll","background-type":"","background-media":"","overlay-type":"","overlay-color":"","overlay-opacity":"","overlay-gradient":""},"mobile":{"background-color":"var(--ast-global-color-5)","background-image":"","background-repeat":"repeat","background-position":"center center","background-size":"auto","background-attachment":"scroll","background-type":"","background-media":"","overlay-type":"","overlay-color":"","overlay-opacity":"","overlay-gradient":""}}},"product_brand":[],"product_cat":[52,109],"product_tag":[459],"class_list":{"0":"post-2708","1":"product","2":"type-product","3":"status-publish","4":"has-post-thumbnail","6":"product_cat-camaras","7":"product_cat-camaras-de-video","8":"product_tag-hikvision","9":"desktop-align-left","10":"tablet-align-left","11":"mobile-align-left","13":"first","14":"instock","15":"taxable","16":"shipping-taxable","17":"product-type-simple"},"yoast_head":"<!-- This site is optimized with the Yoast SEO plugin v27.3 - https:\/\/yoast.com\/product\/yoast-seo-wordpress\/ -->\n<title>Camara De Seguridad Bullet Vari-Focal Ds2Cd2623G0-Izs 2Mp - IntegralPro<\/title>\n<meta name=\"robots\" content=\"index, follow, max-snippet:-1, max-image-preview:large, max-video-preview:-1\" \/>\n<link rel=\"canonical\" href=\"https:\/\/www.integralpro.com.co\/index.php\/producto\/camara-de-seguridad-bullet-vari-focal-ds2cd2623g0-izs-2mp\/\" \/>\n<meta property=\"og:locale\" content=\"es_ES\" \/>\n<meta property=\"og:type\" content=\"article\" \/>\n<meta property=\"og:title\" content=\"Camara De Seguridad Bullet Vari-Focal Ds2Cd2623G0-Izs 2Mp - IntegralPro\" \/>\n<meta property=\"og:description\" content=\"# DE PARTE:DS-2CD2623G0-IZS 2.8-12mm\" \/>\n<meta property=\"og:url\" content=\"https:\/\/www.integralpro.com.co\/index.php\/producto\/camara-de-seguridad-bullet-vari-focal-ds2cd2623g0-izs-2mp\/\" \/>\n<meta property=\"og:site_name\" content=\"IntegralPro\" \/>\n<meta property=\"article:modified_time\" content=\"2024-07-08T13:34:00+00:00\" \/>\n<meta property=\"og:image\" content=\"https:\/\/www.integralpro.com.co\/wp-content\/uploads\/2021\/02\/b3b252c8aa67e2520565d8f84d21dd0a.jpg\" \/>\n\t<meta property=\"og:image:width\" content=\"1000\" \/>\n\t<meta property=\"og:image:height\" content=\"1000\" \/>\n\t<meta property=\"og:image:type\" content=\"image\/jpeg\" \/>\n<meta name=\"twitter:card\" content=\"summary_large_image\" \/>\n<meta name=\"twitter:label1\" content=\"Tiempo de lectura\" \/>\n\t<meta name=\"twitter:data1\" content=\"1 minuto\" \/>\n<script type=\"application\/ld+json\" class=\"yoast-schema-graph\">{\"@context\":\"https:\\\/\\\/schema.org\",\"@graph\":[{\"@type\":\"WebPage\",\"@id\":\"https:\\\/\\\/www.integralpro.com.co\\\/index.php\\\/producto\\\/camara-de-seguridad-bullet-vari-focal-ds2cd2623g0-izs-2mp\\\/\",\"url\":\"https:\\\/\\\/www.integralpro.com.co\\\/index.php\\\/producto\\\/camara-de-seguridad-bullet-vari-focal-ds2cd2623g0-izs-2mp\\\/\",\"name\":\"Camara De Seguridad Bullet Vari-Focal Ds2Cd2623G0-Izs 2Mp - IntegralPro\",\"isPartOf\":{\"@id\":\"https:\\\/\\\/www.integralpro.com.co\\\/#website\"},\"primaryImageOfPage\":{\"@id\":\"https:\\\/\\\/www.integralpro.com.co\\\/index.php\\\/producto\\\/camara-de-seguridad-bullet-vari-focal-ds2cd2623g0-izs-2mp\\\/#primaryimage\"},\"image\":{\"@id\":\"https:\\\/\\\/www.integralpro.com.co\\\/index.php\\\/producto\\\/camara-de-seguridad-bullet-vari-focal-ds2cd2623g0-izs-2mp\\\/#primaryimage\"},\"thumbnailUrl\":\"https:\\\/\\\/www.integralpro.com.co\\\/wp-content\\\/uploads\\\/2021\\\/02\\\/b3b252c8aa67e2520565d8f84d21dd0a.jpg\",\"datePublished\":\"2021-02-19T19:58:46+00:00\",\"dateModified\":\"2024-07-08T13:34:00+00:00\",\"breadcrumb\":{\"@id\":\"https:\\\/\\\/www.integralpro.com.co\\\/index.php\\\/producto\\\/camara-de-seguridad-bullet-vari-focal-ds2cd2623g0-izs-2mp\\\/#breadcrumb\"},\"inLanguage\":\"es\",\"potentialAction\":[{\"@type\":\"ReadAction\",\"target\":[\"https:\\\/\\\/www.integralpro.com.co\\\/index.php\\\/producto\\\/camara-de-seguridad-bullet-vari-focal-ds2cd2623g0-izs-2mp\\\/\"]}]},{\"@type\":\"ImageObject\",\"inLanguage\":\"es\",\"@id\":\"https:\\\/\\\/www.integralpro.com.co\\\/index.php\\\/producto\\\/camara-de-seguridad-bullet-vari-focal-ds2cd2623g0-izs-2mp\\\/#primaryimage\",\"url\":\"https:\\\/\\\/www.integralpro.com.co\\\/wp-content\\\/uploads\\\/2021\\\/02\\\/b3b252c8aa67e2520565d8f84d21dd0a.jpg\",\"contentUrl\":\"https:\\\/\\\/www.integralpro.com.co\\\/wp-content\\\/uploads\\\/2021\\\/02\\\/b3b252c8aa67e2520565d8f84d21dd0a.jpg\",\"width\":1000,\"height\":1000},{\"@type\":\"BreadcrumbList\",\"@id\":\"https:\\\/\\\/www.integralpro.com.co\\\/index.php\\\/producto\\\/camara-de-seguridad-bullet-vari-focal-ds2cd2623g0-izs-2mp\\\/#breadcrumb\",\"itemListElement\":[{\"@type\":\"ListItem\",\"position\":1,\"name\":\"Portada\",\"item\":\"https:\\\/\\\/www.integralpro.com.co\\\/\"},{\"@type\":\"ListItem\",\"position\":2,\"name\":\"Tienda\",\"item\":\"https:\\\/\\\/www.integralpro.com.co\\\/index.php\\\/tienda\\\/\"},{\"@type\":\"ListItem\",\"position\":3,\"name\":\"Camara De Seguridad Bullet Vari-Focal Ds2Cd2623G0-Izs 2Mp\"}]},{\"@type\":\"WebSite\",\"@id\":\"https:\\\/\\\/www.integralpro.com.co\\\/#website\",\"url\":\"https:\\\/\\\/www.integralpro.com.co\\\/\",\"name\":\"IntegralPro\",\"description\":\"Tienda de Tecnolog\u00eda en L\u00ednea\",\"publisher\":{\"@id\":\"https:\\\/\\\/www.integralpro.com.co\\\/#organization\"},\"potentialAction\":[{\"@type\":\"SearchAction\",\"target\":{\"@type\":\"EntryPoint\",\"urlTemplate\":\"https:\\\/\\\/www.integralpro.com.co\\\/?s={search_term_string}\"},\"query-input\":{\"@type\":\"PropertyValueSpecification\",\"valueRequired\":true,\"valueName\":\"search_term_string\"}}],\"inLanguage\":\"es\"},{\"@type\":\"Organization\",\"@id\":\"https:\\\/\\\/www.integralpro.com.co\\\/#organization\",\"name\":\"IntegralPro SAS\",\"url\":\"https:\\\/\\\/www.integralpro.com.co\\\/\",\"logo\":{\"@type\":\"ImageObject\",\"inLanguage\":\"es\",\"@id\":\"https:\\\/\\\/www.integralpro.com.co\\\/#\\\/schema\\\/logo\\\/image\\\/\",\"url\":\"https:\\\/\\\/www.integralpro.com.co\\\/wp-content\\\/uploads\\\/2021\\\/02\\\/logo-def.jpg\",\"contentUrl\":\"https:\\\/\\\/www.integralpro.com.co\\\/wp-content\\\/uploads\\\/2021\\\/02\\\/logo-def.jpg\",\"width\":238,\"height\":234,\"caption\":\"IntegralPro SAS\"},\"image\":{\"@id\":\"https:\\\/\\\/www.integralpro.com.co\\\/#\\\/schema\\\/logo\\\/image\\\/\"}}]}<\/script>\n<!-- \/ Yoast SEO plugin. -->","yoast_head_json":{"title":"Camara De Seguridad Bullet Vari-Focal Ds2Cd2623G0-Izs 2Mp - IntegralPro","robots":{"index":"index","follow":"follow","max-snippet":"max-snippet:-1","max-image-preview":"max-image-preview:large","max-video-preview":"max-video-preview:-1"},"canonical":"https:\/\/www.integralpro.com.co\/index.php\/producto\/camara-de-seguridad-bullet-vari-focal-ds2cd2623g0-izs-2mp\/","og_locale":"es_ES","og_type":"article","og_title":"Camara De Seguridad Bullet Vari-Focal Ds2Cd2623G0-Izs 2Mp - IntegralPro","og_description":"# DE PARTE:DS-2CD2623G0-IZS 2.8-12mm","og_url":"https:\/\/www.integralpro.com.co\/index.php\/producto\/camara-de-seguridad-bullet-vari-focal-ds2cd2623g0-izs-2mp\/","og_site_name":"IntegralPro","article_modified_time":"2024-07-08T13:34:00+00:00","og_image":[{"width":1000,"height":1000,"url":"https:\/\/www.integralpro.com.co\/wp-content\/uploads\/2021\/02\/b3b252c8aa67e2520565d8f84d21dd0a.jpg","type":"image\/jpeg"}],"twitter_card":"summary_large_image","twitter_misc":{"Tiempo de lectura":"1 minuto"},"schema":{"@context":"https:\/\/schema.org","@graph":[{"@type":"WebPage","@id":"https:\/\/www.integralpro.com.co\/index.php\/producto\/camara-de-seguridad-bullet-vari-focal-ds2cd2623g0-izs-2mp\/","url":"https:\/\/www.integralpro.com.co\/index.php\/producto\/camara-de-seguridad-bullet-vari-focal-ds2cd2623g0-izs-2mp\/","name":"Camara De Seguridad Bullet Vari-Focal Ds2Cd2623G0-Izs 2Mp - IntegralPro","isPartOf":{"@id":"https:\/\/www.integralpro.com.co\/#website"},"primaryImageOfPage":{"@id":"https:\/\/www.integralpro.com.co\/index.php\/producto\/camara-de-seguridad-bullet-vari-focal-ds2cd2623g0-izs-2mp\/#primaryimage"},"image":{"@id":"https:\/\/www.integralpro.com.co\/index.php\/producto\/camara-de-seguridad-bullet-vari-focal-ds2cd2623g0-izs-2mp\/#primaryimage"},"thumbnailUrl":"https:\/\/www.integralpro.com.co\/wp-content\/uploads\/2021\/02\/b3b252c8aa67e2520565d8f84d21dd0a.jpg","datePublished":"2021-02-19T19:58:46+00:00","dateModified":"2024-07-08T13:34:00+00:00","breadcrumb":{"@id":"https:\/\/www.integralpro.com.co\/index.php\/producto\/camara-de-seguridad-bullet-vari-focal-ds2cd2623g0-izs-2mp\/#breadcrumb"},"inLanguage":"es","potentialAction":[{"@type":"ReadAction","target":["https:\/\/www.integralpro.com.co\/index.php\/producto\/camara-de-seguridad-bullet-vari-focal-ds2cd2623g0-izs-2mp\/"]}]},{"@type":"ImageObject","inLanguage":"es","@id":"https:\/\/www.integralpro.com.co\/index.php\/producto\/camara-de-seguridad-bullet-vari-focal-ds2cd2623g0-izs-2mp\/#primaryimage","url":"https:\/\/www.integralpro.com.co\/wp-content\/uploads\/2021\/02\/b3b252c8aa67e2520565d8f84d21dd0a.jpg","contentUrl":"https:\/\/www.integralpro.com.co\/wp-content\/uploads\/2021\/02\/b3b252c8aa67e2520565d8f84d21dd0a.jpg","width":1000,"height":1000},{"@type":"BreadcrumbList","@id":"https:\/\/www.integralpro.com.co\/index.php\/producto\/camara-de-seguridad-bullet-vari-focal-ds2cd2623g0-izs-2mp\/#breadcrumb","itemListElement":[{"@type":"ListItem","position":1,"name":"Portada","item":"https:\/\/www.integralpro.com.co\/"},{"@type":"ListItem","position":2,"name":"Tienda","item":"https:\/\/www.integralpro.com.co\/index.php\/tienda\/"},{"@type":"ListItem","position":3,"name":"Camara De Seguridad Bullet Vari-Focal Ds2Cd2623G0-Izs 2Mp"}]},{"@type":"WebSite","@id":"https:\/\/www.integralpro.com.co\/#website","url":"https:\/\/www.integralpro.com.co\/","name":"IntegralPro","description":"Tienda de Tecnolog\u00eda en L\u00ednea","publisher":{"@id":"https:\/\/www.integralpro.com.co\/#organization"},"potentialAction":[{"@type":"SearchAction","target":{"@type":"EntryPoint","urlTemplate":"https:\/\/www.integralpro.com.co\/?s={search_term_string}"},"query-input":{"@type":"PropertyValueSpecification","valueRequired":true,"valueName":"search_term_string"}}],"inLanguage":"es"},{"@type":"Organization","@id":"https:\/\/www.integralpro.com.co\/#organization","name":"IntegralPro SAS","url":"https:\/\/www.integralpro.com.co\/","logo":{"@type":"ImageObject","inLanguage":"es","@id":"https:\/\/www.integralpro.com.co\/#\/schema\/logo\/image\/","url":"https:\/\/www.integralpro.com.co\/wp-content\/uploads\/2021\/02\/logo-def.jpg","contentUrl":"https:\/\/www.integralpro.com.co\/wp-content\/uploads\/2021\/02\/logo-def.jpg","width":238,"height":234,"caption":"IntegralPro SAS"},"image":{"@id":"https:\/\/www.integralpro.com.co\/#\/schema\/logo\/image\/"}}]}},"_links":{"self":[{"href":"https:\/\/www.integralpro.com.co\/index.php\/wp-json\/wp\/v2\/product\/2708","targetHints":{"allow":["GET"]}}],"collection":[{"href":"https:\/\/www.integralpro.com.co\/index.php\/wp-json\/wp\/v2\/product"}],"about":[{"href":"https:\/\/www.integralpro.com.co\/index.php\/wp-json\/wp\/v2\/types\/product"}],"version-history":[{"count":1,"href":"https:\/\/www.integralpro.com.co\/index.php\/wp-json\/wp\/v2\/product\/2708\/revisions"}],"predecessor-version":[{"id":2774,"href":"https:\/\/www.integralpro.com.co\/index.php\/wp-json\/wp\/v2\/product\/2708\/revisions\/2774"}],"wp:featuredmedia":[{"embeddable":true,"href":"https:\/\/www.integralpro.com.co\/index.php\/wp-json\/wp\/v2\/media\/2773"}],"wp:attachment":[{"href":"https:\/\/www.integralpro.com.co\/index.php\/wp-json\/wp\/v2\/media?parent=2708"}],"wp:term":[{"taxonomy":"product_brand","embeddable":true,"href":"https:\/\/www.integralpro.com.co\/index.php\/wp-json\/wp\/v2\/product_brand?post=2708"},{"taxonomy":"product_cat","embeddable":true,"href":"https:\/\/www.integralpro.com.co\/index.php\/wp-json\/wp\/v2\/product_cat?post=2708"},{"taxonomy":"product_tag","embeddable":true,"href":"https:\/\/www.integralpro.com.co\/index.php\/wp-json\/wp\/v2\/product_tag?post=2708"}],"curies":[{"name":"wp","href":"https:\/\/api.w.org\/{rel}","templated":true}]}}