{"id":2707,"date":"2021-02-19T14:58:46","date_gmt":"2021-02-19T19:58:46","guid":{"rendered":"https:\/\/www.integralpro.com.co\/index.php\/producto\/import-placeholder-for-1365\/"},"modified":"2021-02-19T14:59:23","modified_gmt":"2021-02-19T19:59:23","slug":"audifonos-h600-logitech-de-diadema-inalambricos","status":"publish","type":"product","link":"https:\/\/www.integralpro.com.co\/index.php\/producto\/audifonos-h600-logitech-de-diadema-inalambricos\/","title":{"rendered":"Audifonos H600 Logitech De Diadema Inalambricos"},"content":{"rendered":"<p>Audifonos H600 LOGITECH de Diadema Inal\u00e1mbricos. Para <br \/>computadoras con un receptor USB.<\/p>\n<p><\/p>\n<p><strong>Libertad inal\u00e1mbrica para tu computadora<\/strong><\/p>\n<p><\/p>\n<p>Lib\u00e9rate de lo que te ata a tu PC y mu\u00e9vete con libertad <br \/>mientras hablas. Aud\u00edfonos inal\u00e1mbricos ligeros y de largo alcance, utilizables <br \/>a hasta 10 metros (33 pies) del equipo. Los transductores de altavoz optimizados <br \/>por l\u00e1ser y el micr\u00f3fono con supresi\u00f3n de ruido permiten llamadas n\u00edtidas y <br \/>sonido est\u00e9reo. Funcionan con Windows y Mac con puertos USB-A y tus aplicaciones <br \/>de llamadas favoritas. La diadema ajustable y las almohadillas de espuma <br \/>resultan confortables incluso despu\u00e9s de largas horas de uso.<\/p>\n<p><\/p>\n<p><strong>Audio inal\u00e1mbrico <\/strong><\/p>\n<p><\/p>\n<p>Inserta el nano receptor permanente en un puerto USB-A y <br \/>mu\u00e9vete libremente por la casa o la oficina, a una distancia de hasta 10 metros <br \/>(33 pies) de la computadora. Disfruta de hasta seis horas de audio inal\u00e1mbrico <br \/>con la bater\u00eda recargable.<\/p>\n<p><\/p>\n<p><strong>Sonido est\u00e9reo detallado<\/strong><\/p>\n<p><\/p>\n<p>Los transductores optimizados por l\u00e1ser proporcionan audio <br \/>digital para una completa inmersi\u00f3n en m\u00fasica, juegos y llamadas.<\/p>\n<p><\/p>\n<p><strong>Micr\u00f3fono con supresi\u00f3n de ruido <\/strong><\/p>\n<p><\/p>\n<p>El micr\u00f3fono flexible se puede colocar del modo m\u00e1s adecuado <br \/>para mejorar la captura de voz y reducir el ruido de fondo. La varilla de <br \/>colocaci\u00f3n en el lado derecho se puede guardar dentro de la diadema, para que no <br \/>estorbe cuando no se use.<\/p>\n<p><\/p>\n<p><strong>Controles integrados en el aud\u00edfono <\/strong><\/p>\n<p><\/p>\n<p>Puedes encender y apagar los aud\u00edfonos, ajustar el volumen o <br \/>silenciar las llamadas mediante sencillos controles integrados en el aud\u00edfono <br \/>derecho. El nano receptor se puede acomodar a la parte inferior del aud\u00edfono <br \/>izquierdo cuando vayas de un lado para otro.<\/p>\n<p><\/p>\n<p><strong>Confort acolchado<\/strong><\/p>\n<p><\/p>\n<p>La diadema acolchada ajustable con almohadillas de espuma de <br \/>montaje giratorio es muy confortable incluso en largas sesiones de uso. Los <br \/>aud\u00edfonos se pliegan para facilitar el transporte.<\/p>\n<p><\/p>\n<p><strong>Receptor USB-A<\/strong><\/p>\n<p><\/p>\n<p>Simplemente inserta el nano receptor en el puerto USB-A de la <br \/>computadora y empieza a hablar, escuchar m\u00fasica o jugar sin volver a ocuparte <br \/>del receptor. La carga se realiza a trav\u00e9s del cable USB-A incluido. Puedes <br \/>seguir hablando durante la operaci\u00f3n de carga. Disfruta de hasta seis horas de <br \/>audio inal\u00e1mbrico con la bater\u00eda recargable.<\/p>\n<p><\/p>\n<p><strong>Especificaciones T&eacute;cnicas<\/strong><\/p>\n<p><\/p>\n<p>Dimensiones: 21 x 7 x 18 cm<\/p>\n<p>Peso: 105gr<\/p>\n<p>Impedancia de entrada: 30 ohmios <\/p>\n<p>Sensibilidad (aud\u00edfono): 102 dB +\/-3 dB <\/p>\n<p>Sensibilidad (micr\u00f3fono): -44 dBV\/Pa +\/- 3 dB <\/p>\n<p>Respuesta de frecuencia (aud\u00edfonos): 40 Hz &#8211; 10 kHz <\/p>\n<p>Respuesta de frecuencia (micr\u00f3fono): 100 Hz &#8211; 6,5 kHz <\/p>\n<p>Longitud de cable de carga USB-A: 1,22 m <\/p>\n<p>Conexiones: compatibles con USB-A (1.1, 2.0, 3.0)<\/p>\n<p>Compatibilidad con las principales aplicaciones de telefon\u00eda en casi todas las <br \/>plataformas y sistemas operativos. Windows o macOS Chrome OS<\/p>\n<p>Puerto USB (puerto o adaptador tipo A)<\/p>\n<p><\/p>\n<p>Aud\u00edfonos &#8211; Nano Receptor (USB-A) &#8211; Documentaci&oacute;n<\/p>\n","protected":false},"excerpt":{"rendered":"<p># DE PARTE:981-000341<\/p>\n","protected":false},"featured_media":2771,"template":"","meta":{"site-sidebar-layout":"default","site-content-layout":"","ast-site-content-layout":"default","site-content-style":"default","site-sidebar-style":"default","ast-global-header-display":"","ast-banner-title-visibility":"","ast-main-header-display":"","ast-hfb-above-header-display":"","ast-hfb-below-header-display":"","ast-hfb-mobile-header-display":"","site-post-title":"","ast-breadcrumbs-content":"","ast-featured-img":"","footer-sml-layout":"","ast-disable-related-posts":"","theme-transparent-header-meta":"","adv-header-id-meta":"","stick-header-meta":"","header-above-stick-meta":"","header-main-stick-meta":"","header-below-stick-meta":"","astra-migrate-meta-layouts":"default","ast-page-background-enabled":"default","ast-page-background-meta":{"desktop":{"background-color":"var(--ast-global-color-4)","background-image":"","background-repeat":"repeat","background-position":"center center","background-size":"auto","background-attachment":"scroll","background-type":"","background-media":"","overlay-type":"","overlay-color":"","overlay-opacity":"","overlay-gradient":""},"tablet":{"background-color":"","background-image":"","background-repeat":"repeat","background-position":"center center","background-size":"auto","background-attachment":"scroll","background-type":"","background-media":"","overlay-type":"","overlay-color":"","overlay-opacity":"","overlay-gradient":""},"mobile":{"background-color":"","background-image":"","background-repeat":"repeat","background-position":"center center","background-size":"auto","background-attachment":"scroll","background-type":"","background-media":"","overlay-type":"","overlay-color":"","overlay-opacity":"","overlay-gradient":""}},"ast-content-background-meta":{"desktop":{"background-color":"var(--ast-global-color-5)","background-image":"","background-repeat":"repeat","background-position":"center center","background-size":"auto","background-attachment":"scroll","background-type":"","background-media":"","overlay-type":"","overlay-color":"","overlay-opacity":"","overlay-gradient":""},"tablet":{"background-color":"var(--ast-global-color-5)","background-image":"","background-repeat":"repeat","background-position":"center center","background-size":"auto","background-attachment":"scroll","background-type":"","background-media":"","overlay-type":"","overlay-color":"","overlay-opacity":"","overlay-gradient":""},"mobile":{"background-color":"var(--ast-global-color-5)","background-image":"","background-repeat":"repeat","background-position":"center center","background-size":"auto","background-attachment":"scroll","background-type":"","background-media":"","overlay-type":"","overlay-color":"","overlay-opacity":"","overlay-gradient":""}}},"product_brand":[],"product_cat":[99,51],"product_tag":[46],"class_list":{"0":"post-2707","1":"product","2":"type-product","3":"status-publish","4":"has-post-thumbnail","6":"product_cat-audifonos","7":"product_cat-audio","8":"product_tag-logitech","9":"desktop-align-left","10":"tablet-align-left","11":"mobile-align-left","13":"first","14":"instock","15":"taxable","16":"shipping-taxable","17":"product-type-simple"},"yoast_head":"<!-- This site is optimized with the Yoast SEO plugin v27.4 - https:\/\/yoast.com\/product\/yoast-seo-wordpress\/ -->\n<title>Audifonos H600 Logitech De Diadema Inalambricos - IntegralPro<\/title>\n<meta name=\"robots\" content=\"index, follow, max-snippet:-1, max-image-preview:large, max-video-preview:-1\" \/>\n<link rel=\"canonical\" href=\"https:\/\/www.integralpro.com.co\/index.php\/producto\/audifonos-h600-logitech-de-diadema-inalambricos\/\" \/>\n<meta property=\"og:locale\" content=\"es_ES\" \/>\n<meta property=\"og:type\" content=\"article\" \/>\n<meta property=\"og:title\" content=\"Audifonos H600 Logitech De Diadema Inalambricos - IntegralPro\" \/>\n<meta property=\"og:description\" content=\"# DE PARTE:981-000341\" \/>\n<meta property=\"og:url\" content=\"https:\/\/www.integralpro.com.co\/index.php\/producto\/audifonos-h600-logitech-de-diadema-inalambricos\/\" \/>\n<meta property=\"og:site_name\" content=\"IntegralPro\" \/>\n<meta property=\"article:modified_time\" content=\"2021-02-19T19:59:23+00:00\" \/>\n<meta property=\"og:image\" content=\"https:\/\/www.integralpro.com.co\/wp-content\/uploads\/2021\/02\/794b132c3416b9ca17c6c447763f4995.jpg\" \/>\n\t<meta property=\"og:image:width\" content=\"800\" \/>\n\t<meta property=\"og:image:height\" content=\"800\" \/>\n\t<meta property=\"og:image:type\" content=\"image\/jpeg\" \/>\n<meta name=\"twitter:card\" content=\"summary_large_image\" \/>\n<meta name=\"twitter:label1\" content=\"Tiempo de lectura\" \/>\n\t<meta name=\"twitter:data1\" content=\"2 minutos\" \/>\n<script type=\"application\/ld+json\" class=\"yoast-schema-graph\">{\"@context\":\"https:\\\/\\\/schema.org\",\"@graph\":[{\"@type\":\"WebPage\",\"@id\":\"https:\\\/\\\/www.integralpro.com.co\\\/index.php\\\/producto\\\/audifonos-h600-logitech-de-diadema-inalambricos\\\/\",\"url\":\"https:\\\/\\\/www.integralpro.com.co\\\/index.php\\\/producto\\\/audifonos-h600-logitech-de-diadema-inalambricos\\\/\",\"name\":\"Audifonos H600 Logitech De Diadema Inalambricos - IntegralPro\",\"isPartOf\":{\"@id\":\"https:\\\/\\\/www.integralpro.com.co\\\/#website\"},\"primaryImageOfPage\":{\"@id\":\"https:\\\/\\\/www.integralpro.com.co\\\/index.php\\\/producto\\\/audifonos-h600-logitech-de-diadema-inalambricos\\\/#primaryimage\"},\"image\":{\"@id\":\"https:\\\/\\\/www.integralpro.com.co\\\/index.php\\\/producto\\\/audifonos-h600-logitech-de-diadema-inalambricos\\\/#primaryimage\"},\"thumbnailUrl\":\"https:\\\/\\\/www.integralpro.com.co\\\/wp-content\\\/uploads\\\/2021\\\/02\\\/794b132c3416b9ca17c6c447763f4995.jpg\",\"datePublished\":\"2021-02-19T19:58:46+00:00\",\"dateModified\":\"2021-02-19T19:59:23+00:00\",\"breadcrumb\":{\"@id\":\"https:\\\/\\\/www.integralpro.com.co\\\/index.php\\\/producto\\\/audifonos-h600-logitech-de-diadema-inalambricos\\\/#breadcrumb\"},\"inLanguage\":\"es\",\"potentialAction\":[{\"@type\":\"ReadAction\",\"target\":[\"https:\\\/\\\/www.integralpro.com.co\\\/index.php\\\/producto\\\/audifonos-h600-logitech-de-diadema-inalambricos\\\/\"]}]},{\"@type\":\"ImageObject\",\"inLanguage\":\"es\",\"@id\":\"https:\\\/\\\/www.integralpro.com.co\\\/index.php\\\/producto\\\/audifonos-h600-logitech-de-diadema-inalambricos\\\/#primaryimage\",\"url\":\"https:\\\/\\\/www.integralpro.com.co\\\/wp-content\\\/uploads\\\/2021\\\/02\\\/794b132c3416b9ca17c6c447763f4995.jpg\",\"contentUrl\":\"https:\\\/\\\/www.integralpro.com.co\\\/wp-content\\\/uploads\\\/2021\\\/02\\\/794b132c3416b9ca17c6c447763f4995.jpg\",\"width\":800,\"height\":800},{\"@type\":\"BreadcrumbList\",\"@id\":\"https:\\\/\\\/www.integralpro.com.co\\\/index.php\\\/producto\\\/audifonos-h600-logitech-de-diadema-inalambricos\\\/#breadcrumb\",\"itemListElement\":[{\"@type\":\"ListItem\",\"position\":1,\"name\":\"Portada\",\"item\":\"https:\\\/\\\/www.integralpro.com.co\\\/\"},{\"@type\":\"ListItem\",\"position\":2,\"name\":\"Tienda\",\"item\":\"https:\\\/\\\/www.integralpro.com.co\\\/index.php\\\/tienda\\\/\"},{\"@type\":\"ListItem\",\"position\":3,\"name\":\"Audifonos H600 Logitech De Diadema Inalambricos\"}]},{\"@type\":\"WebSite\",\"@id\":\"https:\\\/\\\/www.integralpro.com.co\\\/#website\",\"url\":\"https:\\\/\\\/www.integralpro.com.co\\\/\",\"name\":\"IntegralPro\",\"description\":\"Tienda de Tecnolog\u00eda en L\u00ednea\",\"publisher\":{\"@id\":\"https:\\\/\\\/www.integralpro.com.co\\\/#organization\"},\"potentialAction\":[{\"@type\":\"SearchAction\",\"target\":{\"@type\":\"EntryPoint\",\"urlTemplate\":\"https:\\\/\\\/www.integralpro.com.co\\\/?s={search_term_string}\"},\"query-input\":{\"@type\":\"PropertyValueSpecification\",\"valueRequired\":true,\"valueName\":\"search_term_string\"}}],\"inLanguage\":\"es\"},{\"@type\":\"Organization\",\"@id\":\"https:\\\/\\\/www.integralpro.com.co\\\/#organization\",\"name\":\"IntegralPro SAS\",\"url\":\"https:\\\/\\\/www.integralpro.com.co\\\/\",\"logo\":{\"@type\":\"ImageObject\",\"inLanguage\":\"es\",\"@id\":\"https:\\\/\\\/www.integralpro.com.co\\\/#\\\/schema\\\/logo\\\/image\\\/\",\"url\":\"https:\\\/\\\/www.integralpro.com.co\\\/wp-content\\\/uploads\\\/2021\\\/02\\\/logo-def.jpg\",\"contentUrl\":\"https:\\\/\\\/www.integralpro.com.co\\\/wp-content\\\/uploads\\\/2021\\\/02\\\/logo-def.jpg\",\"width\":238,\"height\":234,\"caption\":\"IntegralPro SAS\"},\"image\":{\"@id\":\"https:\\\/\\\/www.integralpro.com.co\\\/#\\\/schema\\\/logo\\\/image\\\/\"}}]}<\/script>\n<!-- \/ Yoast SEO plugin. -->","yoast_head_json":{"title":"Audifonos H600 Logitech De Diadema Inalambricos - IntegralPro","robots":{"index":"index","follow":"follow","max-snippet":"max-snippet:-1","max-image-preview":"max-image-preview:large","max-video-preview":"max-video-preview:-1"},"canonical":"https:\/\/www.integralpro.com.co\/index.php\/producto\/audifonos-h600-logitech-de-diadema-inalambricos\/","og_locale":"es_ES","og_type":"article","og_title":"Audifonos H600 Logitech De Diadema Inalambricos - IntegralPro","og_description":"# DE PARTE:981-000341","og_url":"https:\/\/www.integralpro.com.co\/index.php\/producto\/audifonos-h600-logitech-de-diadema-inalambricos\/","og_site_name":"IntegralPro","article_modified_time":"2021-02-19T19:59:23+00:00","og_image":[{"width":800,"height":800,"url":"https:\/\/www.integralpro.com.co\/wp-content\/uploads\/2021\/02\/794b132c3416b9ca17c6c447763f4995.jpg","type":"image\/jpeg"}],"twitter_card":"summary_large_image","twitter_misc":{"Tiempo de lectura":"2 minutos"},"schema":{"@context":"https:\/\/schema.org","@graph":[{"@type":"WebPage","@id":"https:\/\/www.integralpro.com.co\/index.php\/producto\/audifonos-h600-logitech-de-diadema-inalambricos\/","url":"https:\/\/www.integralpro.com.co\/index.php\/producto\/audifonos-h600-logitech-de-diadema-inalambricos\/","name":"Audifonos H600 Logitech De Diadema Inalambricos - IntegralPro","isPartOf":{"@id":"https:\/\/www.integralpro.com.co\/#website"},"primaryImageOfPage":{"@id":"https:\/\/www.integralpro.com.co\/index.php\/producto\/audifonos-h600-logitech-de-diadema-inalambricos\/#primaryimage"},"image":{"@id":"https:\/\/www.integralpro.com.co\/index.php\/producto\/audifonos-h600-logitech-de-diadema-inalambricos\/#primaryimage"},"thumbnailUrl":"https:\/\/www.integralpro.com.co\/wp-content\/uploads\/2021\/02\/794b132c3416b9ca17c6c447763f4995.jpg","datePublished":"2021-02-19T19:58:46+00:00","dateModified":"2021-02-19T19:59:23+00:00","breadcrumb":{"@id":"https:\/\/www.integralpro.com.co\/index.php\/producto\/audifonos-h600-logitech-de-diadema-inalambricos\/#breadcrumb"},"inLanguage":"es","potentialAction":[{"@type":"ReadAction","target":["https:\/\/www.integralpro.com.co\/index.php\/producto\/audifonos-h600-logitech-de-diadema-inalambricos\/"]}]},{"@type":"ImageObject","inLanguage":"es","@id":"https:\/\/www.integralpro.com.co\/index.php\/producto\/audifonos-h600-logitech-de-diadema-inalambricos\/#primaryimage","url":"https:\/\/www.integralpro.com.co\/wp-content\/uploads\/2021\/02\/794b132c3416b9ca17c6c447763f4995.jpg","contentUrl":"https:\/\/www.integralpro.com.co\/wp-content\/uploads\/2021\/02\/794b132c3416b9ca17c6c447763f4995.jpg","width":800,"height":800},{"@type":"BreadcrumbList","@id":"https:\/\/www.integralpro.com.co\/index.php\/producto\/audifonos-h600-logitech-de-diadema-inalambricos\/#breadcrumb","itemListElement":[{"@type":"ListItem","position":1,"name":"Portada","item":"https:\/\/www.integralpro.com.co\/"},{"@type":"ListItem","position":2,"name":"Tienda","item":"https:\/\/www.integralpro.com.co\/index.php\/tienda\/"},{"@type":"ListItem","position":3,"name":"Audifonos H600 Logitech De Diadema Inalambricos"}]},{"@type":"WebSite","@id":"https:\/\/www.integralpro.com.co\/#website","url":"https:\/\/www.integralpro.com.co\/","name":"IntegralPro","description":"Tienda de Tecnolog\u00eda en L\u00ednea","publisher":{"@id":"https:\/\/www.integralpro.com.co\/#organization"},"potentialAction":[{"@type":"SearchAction","target":{"@type":"EntryPoint","urlTemplate":"https:\/\/www.integralpro.com.co\/?s={search_term_string}"},"query-input":{"@type":"PropertyValueSpecification","valueRequired":true,"valueName":"search_term_string"}}],"inLanguage":"es"},{"@type":"Organization","@id":"https:\/\/www.integralpro.com.co\/#organization","name":"IntegralPro SAS","url":"https:\/\/www.integralpro.com.co\/","logo":{"@type":"ImageObject","inLanguage":"es","@id":"https:\/\/www.integralpro.com.co\/#\/schema\/logo\/image\/","url":"https:\/\/www.integralpro.com.co\/wp-content\/uploads\/2021\/02\/logo-def.jpg","contentUrl":"https:\/\/www.integralpro.com.co\/wp-content\/uploads\/2021\/02\/logo-def.jpg","width":238,"height":234,"caption":"IntegralPro SAS"},"image":{"@id":"https:\/\/www.integralpro.com.co\/#\/schema\/logo\/image\/"}}]}},"_links":{"self":[{"href":"https:\/\/www.integralpro.com.co\/index.php\/wp-json\/wp\/v2\/product\/2707","targetHints":{"allow":["GET"]}}],"collection":[{"href":"https:\/\/www.integralpro.com.co\/index.php\/wp-json\/wp\/v2\/product"}],"about":[{"href":"https:\/\/www.integralpro.com.co\/index.php\/wp-json\/wp\/v2\/types\/product"}],"version-history":[{"count":1,"href":"https:\/\/www.integralpro.com.co\/index.php\/wp-json\/wp\/v2\/product\/2707\/revisions"}],"predecessor-version":[{"id":2772,"href":"https:\/\/www.integralpro.com.co\/index.php\/wp-json\/wp\/v2\/product\/2707\/revisions\/2772"}],"wp:featuredmedia":[{"embeddable":true,"href":"https:\/\/www.integralpro.com.co\/index.php\/wp-json\/wp\/v2\/media\/2771"}],"wp:attachment":[{"href":"https:\/\/www.integralpro.com.co\/index.php\/wp-json\/wp\/v2\/media?parent=2707"}],"wp:term":[{"taxonomy":"product_brand","embeddable":true,"href":"https:\/\/www.integralpro.com.co\/index.php\/wp-json\/wp\/v2\/product_brand?post=2707"},{"taxonomy":"product_cat","embeddable":true,"href":"https:\/\/www.integralpro.com.co\/index.php\/wp-json\/wp\/v2\/product_cat?post=2707"},{"taxonomy":"product_tag","embeddable":true,"href":"https:\/\/www.integralpro.com.co\/index.php\/wp-json\/wp\/v2\/product_tag?post=2707"}],"curies":[{"name":"wp","href":"https:\/\/api.w.org\/{rel}","templated":true}]}}