{"id":2637,"date":"2021-02-19T14:58:01","date_gmt":"2021-02-19T19:58:01","guid":{"rendered":"https:\/\/www.integralpro.com.co\/index.php\/producto\/import-placeholder-for-1342\/"},"modified":"2021-02-19T14:58:44","modified_gmt":"2021-02-19T19:58:44","slug":"tinta-epson-ultrachrome-hi-gloss-2-17-ml-magenta-epson-r2000","status":"publish","type":"product","link":"https:\/\/www.integralpro.com.co\/index.php\/producto\/tinta-epson-ultrachrome-hi-gloss-2-17-ml-magenta-epson-r2000\/","title":{"rendered":"Tinta Epson Ultrachrome Hi Gloss 2 17 Ml Magenta Epson R2000"},"content":{"rendered":"<p>Tinta Epson UltraChrome Hi Gloss 2 color Magenta. Funciona con Epson Stylus Photo R2000, tama\u00f1o 17 mL,<br \/>peso 0.046 kilogramos, dimensiones 4.6 x 4.32 x 0.75.<\/p>\n<p><\/p>\n<p><strong>Designed for Excellence <\/strong><\/p>\n<p><\/p>\n<p>Las tintas, los papeles especiales y las impresoras Epson est\u00e1n dise\u00f1adas para trabajar juntas para lograr los mejores resultados. &nbsp;<\/p>\n<p><\/p>\n<p>Ofrece una resistencia superior al agua, la decoloraci\u00f3n y las manchas. Ver y sentir la diferencia de este, tinta de pigmento profesional prev\u00e9, grabados archivo brillantes y proyectos creativos .&nbsp;<\/p>\n<p><\/p>\n<p><strong>Especificaciones T\u00e9cnicas<\/strong><\/p>\n<p><\/p>\n<p>Dimensiones: 4.6 x 4.32 x 0.75 cm <\/p>\n<p>Peso: 0.046 kg <\/p>\n<p>Marca: Epson<\/p>\n<p>Modelo: UltraChrome Hi Gloss 2 <\/p>\n<p>Color: Magenta<\/p>\n<p>Tipo: Original<\/p>\n<p>Desempe\u00f1o<br \/>: Colores de impresi\u00f3n Magenta<\/p>\n<p>Tecnolog\u00eda de impresi\u00f3n:&nbsp; inyecci\u00f3n de tinta<\/p>\n<p>Tipo de tinta:&nbsp; Tinta a base de pigmentos<\/p>\n<p>Compatibilidad : Epson Stylus Photo R2000<\/p>\n<p>Tipo de embalaje: Ampolla<\/p>\n<p><strong>Contenido Del Paquete<\/strong><\/p>\n<p>Tinta Epson Magenta &#8211; Documentaci\u00f3n. <\/p>\n","protected":false},"excerpt":{"rendered":"<p># DE PARTE:T159320<\/p>\n","protected":false},"featured_media":2700,"template":"","meta":{"site-sidebar-layout":"default","site-content-layout":"","ast-site-content-layout":"default","site-content-style":"default","site-sidebar-style":"default","ast-global-header-display":"","ast-banner-title-visibility":"","ast-main-header-display":"","ast-hfb-above-header-display":"","ast-hfb-below-header-display":"","ast-hfb-mobile-header-display":"","site-post-title":"","ast-breadcrumbs-content":"","ast-featured-img":"","footer-sml-layout":"","ast-disable-related-posts":"","theme-transparent-header-meta":"","adv-header-id-meta":"","stick-header-meta":"","header-above-stick-meta":"","header-main-stick-meta":"","header-below-stick-meta":"","astra-migrate-meta-layouts":"default","ast-page-background-enabled":"default","ast-page-background-meta":{"desktop":{"background-color":"var(--ast-global-color-4)","background-image":"","background-repeat":"repeat","background-position":"center center","background-size":"auto","background-attachment":"scroll","background-type":"","background-media":"","overlay-type":"","overlay-color":"","overlay-opacity":"","overlay-gradient":""},"tablet":{"background-color":"","background-image":"","background-repeat":"repeat","background-position":"center center","background-size":"auto","background-attachment":"scroll","background-type":"","background-media":"","overlay-type":"","overlay-color":"","overlay-opacity":"","overlay-gradient":""},"mobile":{"background-color":"","background-image":"","background-repeat":"repeat","background-position":"center center","background-size":"auto","background-attachment":"scroll","background-type":"","background-media":"","overlay-type":"","overlay-color":"","overlay-opacity":"","overlay-gradient":""}},"ast-content-background-meta":{"desktop":{"background-color":"var(--ast-global-color-5)","background-image":"","background-repeat":"repeat","background-position":"center center","background-size":"auto","background-attachment":"scroll","background-type":"","background-media":"","overlay-type":"","overlay-color":"","overlay-opacity":"","overlay-gradient":""},"tablet":{"background-color":"var(--ast-global-color-5)","background-image":"","background-repeat":"repeat","background-position":"center center","background-size":"auto","background-attachment":"scroll","background-type":"","background-media":"","overlay-type":"","overlay-color":"","overlay-opacity":"","overlay-gradient":""},"mobile":{"background-color":"var(--ast-global-color-5)","background-image":"","background-repeat":"repeat","background-position":"center center","background-size":"auto","background-attachment":"scroll","background-type":"","background-media":"","overlay-type":"","overlay-color":"","overlay-opacity":"","overlay-gradient":""}}},"product_brand":[],"product_cat":[57,136],"product_tag":[40],"class_list":{"0":"post-2637","1":"product","2":"type-product","3":"status-publish","4":"has-post-thumbnail","6":"product_cat-impresoras-y-suministros","7":"product_cat-tintas","8":"product_tag-epson","9":"desktop-align-left","10":"tablet-align-left","11":"mobile-align-left","13":"first","14":"instock","15":"taxable","16":"shipping-taxable","17":"product-type-simple"},"yoast_head":"<!-- This site is optimized with the Yoast SEO plugin v27.4 - https:\/\/yoast.com\/product\/yoast-seo-wordpress\/ -->\n<title>Tinta Epson Ultrachrome Hi Gloss 2 17 Ml Magenta Epson R2000 - IntegralPro<\/title>\n<meta name=\"robots\" content=\"index, follow, max-snippet:-1, max-image-preview:large, max-video-preview:-1\" \/>\n<link rel=\"canonical\" href=\"https:\/\/www.integralpro.com.co\/index.php\/producto\/tinta-epson-ultrachrome-hi-gloss-2-17-ml-magenta-epson-r2000\/\" \/>\n<meta property=\"og:locale\" content=\"es_ES\" \/>\n<meta property=\"og:type\" content=\"article\" \/>\n<meta property=\"og:title\" content=\"Tinta Epson Ultrachrome Hi Gloss 2 17 Ml Magenta Epson R2000 - IntegralPro\" \/>\n<meta property=\"og:description\" content=\"# DE PARTE:T159320\" \/>\n<meta property=\"og:url\" content=\"https:\/\/www.integralpro.com.co\/index.php\/producto\/tinta-epson-ultrachrome-hi-gloss-2-17-ml-magenta-epson-r2000\/\" \/>\n<meta property=\"og:site_name\" content=\"IntegralPro\" \/>\n<meta property=\"article:modified_time\" content=\"2021-02-19T19:58:44+00:00\" \/>\n<meta property=\"og:image\" content=\"https:\/\/www.integralpro.com.co\/wp-content\/uploads\/2021\/02\/6c9c71f66748e566cdddb3f8c3b9d81d.jpg\" \/>\n\t<meta property=\"og:image:width\" content=\"1000\" \/>\n\t<meta property=\"og:image:height\" content=\"1000\" \/>\n\t<meta property=\"og:image:type\" content=\"image\/jpeg\" \/>\n<meta name=\"twitter:card\" content=\"summary_large_image\" \/>\n<meta name=\"twitter:label1\" content=\"Tiempo de lectura\" \/>\n\t<meta name=\"twitter:data1\" content=\"1 minuto\" \/>\n<script type=\"application\/ld+json\" class=\"yoast-schema-graph\">{\"@context\":\"https:\\\/\\\/schema.org\",\"@graph\":[{\"@type\":\"WebPage\",\"@id\":\"https:\\\/\\\/www.integralpro.com.co\\\/index.php\\\/producto\\\/tinta-epson-ultrachrome-hi-gloss-2-17-ml-magenta-epson-r2000\\\/\",\"url\":\"https:\\\/\\\/www.integralpro.com.co\\\/index.php\\\/producto\\\/tinta-epson-ultrachrome-hi-gloss-2-17-ml-magenta-epson-r2000\\\/\",\"name\":\"Tinta Epson Ultrachrome Hi Gloss 2 17 Ml Magenta Epson R2000 - IntegralPro\",\"isPartOf\":{\"@id\":\"https:\\\/\\\/www.integralpro.com.co\\\/#website\"},\"primaryImageOfPage\":{\"@id\":\"https:\\\/\\\/www.integralpro.com.co\\\/index.php\\\/producto\\\/tinta-epson-ultrachrome-hi-gloss-2-17-ml-magenta-epson-r2000\\\/#primaryimage\"},\"image\":{\"@id\":\"https:\\\/\\\/www.integralpro.com.co\\\/index.php\\\/producto\\\/tinta-epson-ultrachrome-hi-gloss-2-17-ml-magenta-epson-r2000\\\/#primaryimage\"},\"thumbnailUrl\":\"https:\\\/\\\/www.integralpro.com.co\\\/wp-content\\\/uploads\\\/2021\\\/02\\\/6c9c71f66748e566cdddb3f8c3b9d81d.jpg\",\"datePublished\":\"2021-02-19T19:58:01+00:00\",\"dateModified\":\"2021-02-19T19:58:44+00:00\",\"breadcrumb\":{\"@id\":\"https:\\\/\\\/www.integralpro.com.co\\\/index.php\\\/producto\\\/tinta-epson-ultrachrome-hi-gloss-2-17-ml-magenta-epson-r2000\\\/#breadcrumb\"},\"inLanguage\":\"es\",\"potentialAction\":[{\"@type\":\"ReadAction\",\"target\":[\"https:\\\/\\\/www.integralpro.com.co\\\/index.php\\\/producto\\\/tinta-epson-ultrachrome-hi-gloss-2-17-ml-magenta-epson-r2000\\\/\"]}]},{\"@type\":\"ImageObject\",\"inLanguage\":\"es\",\"@id\":\"https:\\\/\\\/www.integralpro.com.co\\\/index.php\\\/producto\\\/tinta-epson-ultrachrome-hi-gloss-2-17-ml-magenta-epson-r2000\\\/#primaryimage\",\"url\":\"https:\\\/\\\/www.integralpro.com.co\\\/wp-content\\\/uploads\\\/2021\\\/02\\\/6c9c71f66748e566cdddb3f8c3b9d81d.jpg\",\"contentUrl\":\"https:\\\/\\\/www.integralpro.com.co\\\/wp-content\\\/uploads\\\/2021\\\/02\\\/6c9c71f66748e566cdddb3f8c3b9d81d.jpg\",\"width\":1000,\"height\":1000},{\"@type\":\"BreadcrumbList\",\"@id\":\"https:\\\/\\\/www.integralpro.com.co\\\/index.php\\\/producto\\\/tinta-epson-ultrachrome-hi-gloss-2-17-ml-magenta-epson-r2000\\\/#breadcrumb\",\"itemListElement\":[{\"@type\":\"ListItem\",\"position\":1,\"name\":\"Portada\",\"item\":\"https:\\\/\\\/www.integralpro.com.co\\\/\"},{\"@type\":\"ListItem\",\"position\":2,\"name\":\"Tienda\",\"item\":\"https:\\\/\\\/www.integralpro.com.co\\\/index.php\\\/tienda\\\/\"},{\"@type\":\"ListItem\",\"position\":3,\"name\":\"Tinta Epson Ultrachrome Hi Gloss 2 17 Ml Magenta Epson R2000\"}]},{\"@type\":\"WebSite\",\"@id\":\"https:\\\/\\\/www.integralpro.com.co\\\/#website\",\"url\":\"https:\\\/\\\/www.integralpro.com.co\\\/\",\"name\":\"IntegralPro\",\"description\":\"Tienda de Tecnolog\u00eda en L\u00ednea\",\"publisher\":{\"@id\":\"https:\\\/\\\/www.integralpro.com.co\\\/#organization\"},\"potentialAction\":[{\"@type\":\"SearchAction\",\"target\":{\"@type\":\"EntryPoint\",\"urlTemplate\":\"https:\\\/\\\/www.integralpro.com.co\\\/?s={search_term_string}\"},\"query-input\":{\"@type\":\"PropertyValueSpecification\",\"valueRequired\":true,\"valueName\":\"search_term_string\"}}],\"inLanguage\":\"es\"},{\"@type\":\"Organization\",\"@id\":\"https:\\\/\\\/www.integralpro.com.co\\\/#organization\",\"name\":\"IntegralPro SAS\",\"url\":\"https:\\\/\\\/www.integralpro.com.co\\\/\",\"logo\":{\"@type\":\"ImageObject\",\"inLanguage\":\"es\",\"@id\":\"https:\\\/\\\/www.integralpro.com.co\\\/#\\\/schema\\\/logo\\\/image\\\/\",\"url\":\"https:\\\/\\\/www.integralpro.com.co\\\/wp-content\\\/uploads\\\/2021\\\/02\\\/logo-def.jpg\",\"contentUrl\":\"https:\\\/\\\/www.integralpro.com.co\\\/wp-content\\\/uploads\\\/2021\\\/02\\\/logo-def.jpg\",\"width\":238,\"height\":234,\"caption\":\"IntegralPro SAS\"},\"image\":{\"@id\":\"https:\\\/\\\/www.integralpro.com.co\\\/#\\\/schema\\\/logo\\\/image\\\/\"}}]}<\/script>\n<!-- \/ Yoast SEO plugin. -->","yoast_head_json":{"title":"Tinta Epson Ultrachrome Hi Gloss 2 17 Ml Magenta Epson R2000 - IntegralPro","robots":{"index":"index","follow":"follow","max-snippet":"max-snippet:-1","max-image-preview":"max-image-preview:large","max-video-preview":"max-video-preview:-1"},"canonical":"https:\/\/www.integralpro.com.co\/index.php\/producto\/tinta-epson-ultrachrome-hi-gloss-2-17-ml-magenta-epson-r2000\/","og_locale":"es_ES","og_type":"article","og_title":"Tinta Epson Ultrachrome Hi Gloss 2 17 Ml Magenta Epson R2000 - IntegralPro","og_description":"# DE PARTE:T159320","og_url":"https:\/\/www.integralpro.com.co\/index.php\/producto\/tinta-epson-ultrachrome-hi-gloss-2-17-ml-magenta-epson-r2000\/","og_site_name":"IntegralPro","article_modified_time":"2021-02-19T19:58:44+00:00","og_image":[{"width":1000,"height":1000,"url":"https:\/\/www.integralpro.com.co\/wp-content\/uploads\/2021\/02\/6c9c71f66748e566cdddb3f8c3b9d81d.jpg","type":"image\/jpeg"}],"twitter_card":"summary_large_image","twitter_misc":{"Tiempo de lectura":"1 minuto"},"schema":{"@context":"https:\/\/schema.org","@graph":[{"@type":"WebPage","@id":"https:\/\/www.integralpro.com.co\/index.php\/producto\/tinta-epson-ultrachrome-hi-gloss-2-17-ml-magenta-epson-r2000\/","url":"https:\/\/www.integralpro.com.co\/index.php\/producto\/tinta-epson-ultrachrome-hi-gloss-2-17-ml-magenta-epson-r2000\/","name":"Tinta Epson Ultrachrome Hi Gloss 2 17 Ml Magenta Epson R2000 - IntegralPro","isPartOf":{"@id":"https:\/\/www.integralpro.com.co\/#website"},"primaryImageOfPage":{"@id":"https:\/\/www.integralpro.com.co\/index.php\/producto\/tinta-epson-ultrachrome-hi-gloss-2-17-ml-magenta-epson-r2000\/#primaryimage"},"image":{"@id":"https:\/\/www.integralpro.com.co\/index.php\/producto\/tinta-epson-ultrachrome-hi-gloss-2-17-ml-magenta-epson-r2000\/#primaryimage"},"thumbnailUrl":"https:\/\/www.integralpro.com.co\/wp-content\/uploads\/2021\/02\/6c9c71f66748e566cdddb3f8c3b9d81d.jpg","datePublished":"2021-02-19T19:58:01+00:00","dateModified":"2021-02-19T19:58:44+00:00","breadcrumb":{"@id":"https:\/\/www.integralpro.com.co\/index.php\/producto\/tinta-epson-ultrachrome-hi-gloss-2-17-ml-magenta-epson-r2000\/#breadcrumb"},"inLanguage":"es","potentialAction":[{"@type":"ReadAction","target":["https:\/\/www.integralpro.com.co\/index.php\/producto\/tinta-epson-ultrachrome-hi-gloss-2-17-ml-magenta-epson-r2000\/"]}]},{"@type":"ImageObject","inLanguage":"es","@id":"https:\/\/www.integralpro.com.co\/index.php\/producto\/tinta-epson-ultrachrome-hi-gloss-2-17-ml-magenta-epson-r2000\/#primaryimage","url":"https:\/\/www.integralpro.com.co\/wp-content\/uploads\/2021\/02\/6c9c71f66748e566cdddb3f8c3b9d81d.jpg","contentUrl":"https:\/\/www.integralpro.com.co\/wp-content\/uploads\/2021\/02\/6c9c71f66748e566cdddb3f8c3b9d81d.jpg","width":1000,"height":1000},{"@type":"BreadcrumbList","@id":"https:\/\/www.integralpro.com.co\/index.php\/producto\/tinta-epson-ultrachrome-hi-gloss-2-17-ml-magenta-epson-r2000\/#breadcrumb","itemListElement":[{"@type":"ListItem","position":1,"name":"Portada","item":"https:\/\/www.integralpro.com.co\/"},{"@type":"ListItem","position":2,"name":"Tienda","item":"https:\/\/www.integralpro.com.co\/index.php\/tienda\/"},{"@type":"ListItem","position":3,"name":"Tinta Epson Ultrachrome Hi Gloss 2 17 Ml Magenta Epson R2000"}]},{"@type":"WebSite","@id":"https:\/\/www.integralpro.com.co\/#website","url":"https:\/\/www.integralpro.com.co\/","name":"IntegralPro","description":"Tienda de Tecnolog\u00eda en L\u00ednea","publisher":{"@id":"https:\/\/www.integralpro.com.co\/#organization"},"potentialAction":[{"@type":"SearchAction","target":{"@type":"EntryPoint","urlTemplate":"https:\/\/www.integralpro.com.co\/?s={search_term_string}"},"query-input":{"@type":"PropertyValueSpecification","valueRequired":true,"valueName":"search_term_string"}}],"inLanguage":"es"},{"@type":"Organization","@id":"https:\/\/www.integralpro.com.co\/#organization","name":"IntegralPro SAS","url":"https:\/\/www.integralpro.com.co\/","logo":{"@type":"ImageObject","inLanguage":"es","@id":"https:\/\/www.integralpro.com.co\/#\/schema\/logo\/image\/","url":"https:\/\/www.integralpro.com.co\/wp-content\/uploads\/2021\/02\/logo-def.jpg","contentUrl":"https:\/\/www.integralpro.com.co\/wp-content\/uploads\/2021\/02\/logo-def.jpg","width":238,"height":234,"caption":"IntegralPro SAS"},"image":{"@id":"https:\/\/www.integralpro.com.co\/#\/schema\/logo\/image\/"}}]}},"_links":{"self":[{"href":"https:\/\/www.integralpro.com.co\/index.php\/wp-json\/wp\/v2\/product\/2637","targetHints":{"allow":["GET"]}}],"collection":[{"href":"https:\/\/www.integralpro.com.co\/index.php\/wp-json\/wp\/v2\/product"}],"about":[{"href":"https:\/\/www.integralpro.com.co\/index.php\/wp-json\/wp\/v2\/types\/product"}],"version-history":[{"count":1,"href":"https:\/\/www.integralpro.com.co\/index.php\/wp-json\/wp\/v2\/product\/2637\/revisions"}],"predecessor-version":[{"id":2701,"href":"https:\/\/www.integralpro.com.co\/index.php\/wp-json\/wp\/v2\/product\/2637\/revisions\/2701"}],"wp:featuredmedia":[{"embeddable":true,"href":"https:\/\/www.integralpro.com.co\/index.php\/wp-json\/wp\/v2\/media\/2700"}],"wp:attachment":[{"href":"https:\/\/www.integralpro.com.co\/index.php\/wp-json\/wp\/v2\/media?parent=2637"}],"wp:term":[{"taxonomy":"product_brand","embeddable":true,"href":"https:\/\/www.integralpro.com.co\/index.php\/wp-json\/wp\/v2\/product_brand?post=2637"},{"taxonomy":"product_cat","embeddable":true,"href":"https:\/\/www.integralpro.com.co\/index.php\/wp-json\/wp\/v2\/product_cat?post=2637"},{"taxonomy":"product_tag","embeddable":true,"href":"https:\/\/www.integralpro.com.co\/index.php\/wp-json\/wp\/v2\/product_tag?post=2637"}],"curies":[{"name":"wp","href":"https:\/\/api.w.org\/{rel}","templated":true}]}}