{"id":2598,"date":"2021-02-19T14:57:39","date_gmt":"2021-02-19T19:57:39","guid":{"rendered":"https:\/\/www.integralpro.com.co\/index.php\/producto\/import-placeholder-for-1329\/"},"modified":"2021-02-19T14:58:19","modified_gmt":"2021-02-19T19:58:19","slug":"disco-de-estado-solido-adata-asu800ss-1tt-c-1tb-sata-iii","status":"publish","type":"product","link":"https:\/\/www.integralpro.com.co\/index.php\/producto\/disco-de-estado-solido-adata-asu800ss-1tt-c-1tb-sata-iii\/","title":{"rendered":"Disco De Estado Solido Adata Asu800Ss-1Tt-C 1Tb Sata Iii"},"content":{"rendered":"<p>EL SSD SU800 hace honor a su nombre de Ultimate con Flash NAND 3D que proporciona una mayor densidad de almacenamiento, eficiencia y fiabilidad que la NAND 2D tradicional. Incluye cach\u00e9 SLC inteligente y un b\u00fafer con cach\u00e9 DRAM para aumentar a\u00fan m\u00e1s el rendimiento de lectura\/escritura. Con LDPC ECC y tecnolog\u00edas como TBW (total de bytes escritos) y DEVSLP (dispositivo en suspensi\u00f3n), el Ultimate SU800 actualiza al instante port\u00e1tiles y PCs de sobremesa con una estabilidad, durabilidad y eficiencia energ\u00e9tica superiores. Adem\u00e1s, los usuarios pueden descargar software propio de ADATA como SSD Toolbox y la utilidad de migraci\u00f3n de forma gratuita para facilitar el manejo y migraci\u00f3n de los datos.<\/p>\n<p><\/p>\n<p><strong>NAND Flash 3D de nueva generaci\u00f3n<br \/><\/strong><\/p>\n<p><\/p>\n<p>Incluyendo la avanzada Flash NAND 3D, el Ultimate SU800 cuenta con grandes capacidades de almacenamiento, una mayor eficiencia y fiabilidad y una mejor relaci\u00f3n calidad-precio nunca vistos. El Ultimate SU800 alcanza velocidades de lectura\/escritura de 560MB\/s y 520MB\/s para acelerar el PC.<\/p>\n<p><\/p>\n<p><strong>Alta capacidad y alto TBW<br \/><\/strong><\/p>\n<p><\/p>\n<p>Gracias a la flexibilidad de la NAND 3D, podemos ofrecer el Ultimate SU800 en diversas capacidades, que van desde 128GB hasta 1TB. Tendr\u00e1 m\u00e1s opciones seg\u00fan sus necesidades, ya sea para una unidad de arranque de sistema operativo o una unidad de almacenamiento masivo. Todos los modelos Ultimate SU800 proporcionan un alto TBW (total de bytes escritos), es decir, el n\u00famero de veces que un SSD puede escribir toda su capacidad en su tiempo de vida. El \u00edndice de TBW del Ultimate SU800 sobrepasa al de los modelos similares, siendo un SSD m\u00e1s duradero.<\/p>\n<p><\/p>\n<p><strong>Menor consumo energ\u00e9tico, mayor duraci\u00f3n de la bater\u00eda<br \/><\/strong><\/p>\n<p><\/p>\n<p>El Ultimate SU800 soporta la tecnolog\u00eda DEVSLP (dispositivo en suspensi\u00f3n) para una mejor eficiencia energ\u00e9tica. Esto se traduce en menor coste el\u00e9ctrico y mayor duraci\u00f3n de la bater\u00eda. En comparaci\u00f3n con los discos duros tradicionales, el Ultimate SU800 consume tan s\u00f3lo un 8% de energ\u00eda en modo inactivo y el 80% menos de energ\u00eda durante un funcionamiento normal. Para los usuarios que a menudo viajan o van de viaje de negocios, el Ulltimate SU800 es un gran socio con gran movilidad y capacidad de ahorro de energ\u00eda en las bater\u00edas <br \/>de los port\u00e1tiles.<\/p>\n<p><\/p>\n<p><strong>Para port\u00e1tiles y equipos de sobremesa<br \/><\/strong><\/p>\n<p><\/p>\n<p>Con s\u00f3lo 7mm de grosor, el Ultimate SU800 encaja perfectamente <br \/>en los ultrabooks. Se incluye un espaciador de 2,5mm para su uso en bah\u00edas de <br \/>discos de 9,5mm, permitiendo as\u00ed su compatibilidad con casi todos los port\u00e1tiles <br \/>y ordenadores de sobremesa.<\/p>\n<p><\/p>\n<p><strong>Especificaciones T\u00e9cnicas<\/strong><\/p>\n<p><\/p>\n<p>Dimensiones: 10 x 7 x 0.7 cm<\/p>\n<p>Peso: 0.47 Kg<\/p>\n<p>Capacidad 1000 GB<\/p>\n<p>Velocidad de transferencia de datos 6 Gbit\/s<\/p>\n<p>Velocidad de escritura 520 MB\/s<\/p>\n<p>Velocidad de lectura 560 MB\/s<\/p>\n<p>Intervalo de temperatura de almacenaje -40 &#8211; 85 \u00b0C<\/p>\n<p>Intervalo de temperatura operativa 0 &#8211; 70 \u00b0C<\/p>\n<p>Golpes en funcionamiento 1500 G<\/p>\n<p>Tiempo medio entre fallos: 2000000 h<\/p>\n<p>Acorde RoHS Si<\/p>\n<p>Certificaci\u00f3n: CE, FCC, BSMI, VCCI, KCC<\/p>\n<p>Cola de comandos nativos (NCQ): Si<\/p>\n<p>Tipo de memoria:TLC<\/p>\n<p>Tipo de controlador: SMI<\/p>\n<p>Factor de forma: 2.5pulg.<\/p>\n<p>Interfaz: Serial ATA III  <\/p>\n<p><\/p>\n<p><strong>Contenido Del Paquete<\/strong><\/p>\n<p><\/p>\n<p>Equipo &#8211; Documentaci\u00f3n<\/p>\n","protected":false},"excerpt":{"rendered":"<p># DE PARTE:ASU800SS-1TT-C<\/p>\n","protected":false},"featured_media":2662,"template":"","meta":{"site-sidebar-layout":"default","site-content-layout":"","ast-site-content-layout":"default","site-content-style":"default","site-sidebar-style":"default","ast-global-header-display":"","ast-banner-title-visibility":"","ast-main-header-display":"","ast-hfb-above-header-display":"","ast-hfb-below-header-display":"","ast-hfb-mobile-header-display":"","site-post-title":"","ast-breadcrumbs-content":"","ast-featured-img":"","footer-sml-layout":"","ast-disable-related-posts":"","theme-transparent-header-meta":"","adv-header-id-meta":"","stick-header-meta":"","header-above-stick-meta":"","header-main-stick-meta":"","header-below-stick-meta":"","astra-migrate-meta-layouts":"default","ast-page-background-enabled":"default","ast-page-background-meta":{"desktop":{"background-color":"var(--ast-global-color-4)","background-image":"","background-repeat":"repeat","background-position":"center center","background-size":"auto","background-attachment":"scroll","background-type":"","background-media":"","overlay-type":"","overlay-color":"","overlay-opacity":"","overlay-gradient":""},"tablet":{"background-color":"","background-image":"","background-repeat":"repeat","background-position":"center center","background-size":"auto","background-attachment":"scroll","background-type":"","background-media":"","overlay-type":"","overlay-color":"","overlay-opacity":"","overlay-gradient":""},"mobile":{"background-color":"","background-image":"","background-repeat":"repeat","background-position":"center center","background-size":"auto","background-attachment":"scroll","background-type":"","background-media":"","overlay-type":"","overlay-color":"","overlay-opacity":"","overlay-gradient":""}},"ast-content-background-meta":{"desktop":{"background-color":"var(--ast-global-color-5)","background-image":"","background-repeat":"repeat","background-position":"center center","background-size":"auto","background-attachment":"scroll","background-type":"","background-media":"","overlay-type":"","overlay-color":"","overlay-opacity":"","overlay-gradient":""},"tablet":{"background-color":"var(--ast-global-color-5)","background-image":"","background-repeat":"repeat","background-position":"center center","background-size":"auto","background-attachment":"scroll","background-type":"","background-media":"","overlay-type":"","overlay-color":"","overlay-opacity":"","overlay-gradient":""},"mobile":{"background-color":"var(--ast-global-color-5)","background-image":"","background-repeat":"repeat","background-position":"center center","background-size":"auto","background-attachment":"scroll","background-type":"","background-media":"","overlay-type":"","overlay-color":"","overlay-opacity":"","overlay-gradient":""}}},"product_brand":[],"product_cat":[49,84],"product_tag":[48],"class_list":{"0":"post-2598","1":"product","2":"type-product","3":"status-publish","4":"has-post-thumbnail","6":"product_cat-accesorios","7":"product_cat-discos-duros","8":"product_tag-adata","9":"desktop-align-left","10":"tablet-align-left","11":"mobile-align-left","13":"first","14":"instock","15":"taxable","16":"shipping-taxable","17":"product-type-simple"},"yoast_head":"<!-- This site is optimized with the Yoast SEO plugin v27.4 - https:\/\/yoast.com\/product\/yoast-seo-wordpress\/ -->\n<title>Disco De Estado Solido Adata Asu800Ss-1Tt-C 1Tb Sata Iii - IntegralPro<\/title>\n<meta name=\"robots\" content=\"index, follow, max-snippet:-1, max-image-preview:large, max-video-preview:-1\" \/>\n<link rel=\"canonical\" href=\"https:\/\/www.integralpro.com.co\/index.php\/producto\/disco-de-estado-solido-adata-asu800ss-1tt-c-1tb-sata-iii\/\" \/>\n<meta property=\"og:locale\" content=\"es_ES\" \/>\n<meta property=\"og:type\" content=\"article\" \/>\n<meta property=\"og:title\" content=\"Disco De Estado Solido Adata Asu800Ss-1Tt-C 1Tb Sata Iii - IntegralPro\" \/>\n<meta property=\"og:description\" content=\"# DE PARTE:ASU800SS-1TT-C\" \/>\n<meta property=\"og:url\" content=\"https:\/\/www.integralpro.com.co\/index.php\/producto\/disco-de-estado-solido-adata-asu800ss-1tt-c-1tb-sata-iii\/\" \/>\n<meta property=\"og:site_name\" content=\"IntegralPro\" \/>\n<meta property=\"article:modified_time\" content=\"2021-02-19T19:58:19+00:00\" \/>\n<meta property=\"og:image\" content=\"https:\/\/www.integralpro.com.co\/wp-content\/uploads\/2021\/02\/706d287f834a1477e78feaea9d847799.jpg\" \/>\n\t<meta property=\"og:image:width\" content=\"1000\" \/>\n\t<meta property=\"og:image:height\" content=\"1000\" \/>\n\t<meta property=\"og:image:type\" content=\"image\/jpeg\" \/>\n<meta name=\"twitter:card\" content=\"summary_large_image\" \/>\n<meta name=\"twitter:label1\" content=\"Tiempo de lectura\" \/>\n\t<meta name=\"twitter:data1\" content=\"3 minutos\" \/>\n<script type=\"application\/ld+json\" class=\"yoast-schema-graph\">{\"@context\":\"https:\\\/\\\/schema.org\",\"@graph\":[{\"@type\":\"WebPage\",\"@id\":\"https:\\\/\\\/www.integralpro.com.co\\\/index.php\\\/producto\\\/disco-de-estado-solido-adata-asu800ss-1tt-c-1tb-sata-iii\\\/\",\"url\":\"https:\\\/\\\/www.integralpro.com.co\\\/index.php\\\/producto\\\/disco-de-estado-solido-adata-asu800ss-1tt-c-1tb-sata-iii\\\/\",\"name\":\"Disco De Estado Solido Adata Asu800Ss-1Tt-C 1Tb Sata Iii - IntegralPro\",\"isPartOf\":{\"@id\":\"https:\\\/\\\/www.integralpro.com.co\\\/#website\"},\"primaryImageOfPage\":{\"@id\":\"https:\\\/\\\/www.integralpro.com.co\\\/index.php\\\/producto\\\/disco-de-estado-solido-adata-asu800ss-1tt-c-1tb-sata-iii\\\/#primaryimage\"},\"image\":{\"@id\":\"https:\\\/\\\/www.integralpro.com.co\\\/index.php\\\/producto\\\/disco-de-estado-solido-adata-asu800ss-1tt-c-1tb-sata-iii\\\/#primaryimage\"},\"thumbnailUrl\":\"https:\\\/\\\/www.integralpro.com.co\\\/wp-content\\\/uploads\\\/2021\\\/02\\\/706d287f834a1477e78feaea9d847799.jpg\",\"datePublished\":\"2021-02-19T19:57:39+00:00\",\"dateModified\":\"2021-02-19T19:58:19+00:00\",\"breadcrumb\":{\"@id\":\"https:\\\/\\\/www.integralpro.com.co\\\/index.php\\\/producto\\\/disco-de-estado-solido-adata-asu800ss-1tt-c-1tb-sata-iii\\\/#breadcrumb\"},\"inLanguage\":\"es\",\"potentialAction\":[{\"@type\":\"ReadAction\",\"target\":[\"https:\\\/\\\/www.integralpro.com.co\\\/index.php\\\/producto\\\/disco-de-estado-solido-adata-asu800ss-1tt-c-1tb-sata-iii\\\/\"]}]},{\"@type\":\"ImageObject\",\"inLanguage\":\"es\",\"@id\":\"https:\\\/\\\/www.integralpro.com.co\\\/index.php\\\/producto\\\/disco-de-estado-solido-adata-asu800ss-1tt-c-1tb-sata-iii\\\/#primaryimage\",\"url\":\"https:\\\/\\\/www.integralpro.com.co\\\/wp-content\\\/uploads\\\/2021\\\/02\\\/706d287f834a1477e78feaea9d847799.jpg\",\"contentUrl\":\"https:\\\/\\\/www.integralpro.com.co\\\/wp-content\\\/uploads\\\/2021\\\/02\\\/706d287f834a1477e78feaea9d847799.jpg\",\"width\":1000,\"height\":1000},{\"@type\":\"BreadcrumbList\",\"@id\":\"https:\\\/\\\/www.integralpro.com.co\\\/index.php\\\/producto\\\/disco-de-estado-solido-adata-asu800ss-1tt-c-1tb-sata-iii\\\/#breadcrumb\",\"itemListElement\":[{\"@type\":\"ListItem\",\"position\":1,\"name\":\"Portada\",\"item\":\"https:\\\/\\\/www.integralpro.com.co\\\/\"},{\"@type\":\"ListItem\",\"position\":2,\"name\":\"Tienda\",\"item\":\"https:\\\/\\\/www.integralpro.com.co\\\/index.php\\\/tienda\\\/\"},{\"@type\":\"ListItem\",\"position\":3,\"name\":\"Disco De Estado Solido Adata Asu800Ss-1Tt-C 1Tb Sata Iii\"}]},{\"@type\":\"WebSite\",\"@id\":\"https:\\\/\\\/www.integralpro.com.co\\\/#website\",\"url\":\"https:\\\/\\\/www.integralpro.com.co\\\/\",\"name\":\"IntegralPro\",\"description\":\"Tienda de Tecnolog\u00eda en L\u00ednea\",\"publisher\":{\"@id\":\"https:\\\/\\\/www.integralpro.com.co\\\/#organization\"},\"potentialAction\":[{\"@type\":\"SearchAction\",\"target\":{\"@type\":\"EntryPoint\",\"urlTemplate\":\"https:\\\/\\\/www.integralpro.com.co\\\/?s={search_term_string}\"},\"query-input\":{\"@type\":\"PropertyValueSpecification\",\"valueRequired\":true,\"valueName\":\"search_term_string\"}}],\"inLanguage\":\"es\"},{\"@type\":\"Organization\",\"@id\":\"https:\\\/\\\/www.integralpro.com.co\\\/#organization\",\"name\":\"IntegralPro SAS\",\"url\":\"https:\\\/\\\/www.integralpro.com.co\\\/\",\"logo\":{\"@type\":\"ImageObject\",\"inLanguage\":\"es\",\"@id\":\"https:\\\/\\\/www.integralpro.com.co\\\/#\\\/schema\\\/logo\\\/image\\\/\",\"url\":\"https:\\\/\\\/www.integralpro.com.co\\\/wp-content\\\/uploads\\\/2021\\\/02\\\/logo-def.jpg\",\"contentUrl\":\"https:\\\/\\\/www.integralpro.com.co\\\/wp-content\\\/uploads\\\/2021\\\/02\\\/logo-def.jpg\",\"width\":238,\"height\":234,\"caption\":\"IntegralPro SAS\"},\"image\":{\"@id\":\"https:\\\/\\\/www.integralpro.com.co\\\/#\\\/schema\\\/logo\\\/image\\\/\"}}]}<\/script>\n<!-- \/ Yoast SEO plugin. -->","yoast_head_json":{"title":"Disco De Estado Solido Adata Asu800Ss-1Tt-C 1Tb Sata Iii - IntegralPro","robots":{"index":"index","follow":"follow","max-snippet":"max-snippet:-1","max-image-preview":"max-image-preview:large","max-video-preview":"max-video-preview:-1"},"canonical":"https:\/\/www.integralpro.com.co\/index.php\/producto\/disco-de-estado-solido-adata-asu800ss-1tt-c-1tb-sata-iii\/","og_locale":"es_ES","og_type":"article","og_title":"Disco De Estado Solido Adata Asu800Ss-1Tt-C 1Tb Sata Iii - IntegralPro","og_description":"# DE PARTE:ASU800SS-1TT-C","og_url":"https:\/\/www.integralpro.com.co\/index.php\/producto\/disco-de-estado-solido-adata-asu800ss-1tt-c-1tb-sata-iii\/","og_site_name":"IntegralPro","article_modified_time":"2021-02-19T19:58:19+00:00","og_image":[{"width":1000,"height":1000,"url":"https:\/\/www.integralpro.com.co\/wp-content\/uploads\/2021\/02\/706d287f834a1477e78feaea9d847799.jpg","type":"image\/jpeg"}],"twitter_card":"summary_large_image","twitter_misc":{"Tiempo de lectura":"3 minutos"},"schema":{"@context":"https:\/\/schema.org","@graph":[{"@type":"WebPage","@id":"https:\/\/www.integralpro.com.co\/index.php\/producto\/disco-de-estado-solido-adata-asu800ss-1tt-c-1tb-sata-iii\/","url":"https:\/\/www.integralpro.com.co\/index.php\/producto\/disco-de-estado-solido-adata-asu800ss-1tt-c-1tb-sata-iii\/","name":"Disco De Estado Solido Adata Asu800Ss-1Tt-C 1Tb Sata Iii - IntegralPro","isPartOf":{"@id":"https:\/\/www.integralpro.com.co\/#website"},"primaryImageOfPage":{"@id":"https:\/\/www.integralpro.com.co\/index.php\/producto\/disco-de-estado-solido-adata-asu800ss-1tt-c-1tb-sata-iii\/#primaryimage"},"image":{"@id":"https:\/\/www.integralpro.com.co\/index.php\/producto\/disco-de-estado-solido-adata-asu800ss-1tt-c-1tb-sata-iii\/#primaryimage"},"thumbnailUrl":"https:\/\/www.integralpro.com.co\/wp-content\/uploads\/2021\/02\/706d287f834a1477e78feaea9d847799.jpg","datePublished":"2021-02-19T19:57:39+00:00","dateModified":"2021-02-19T19:58:19+00:00","breadcrumb":{"@id":"https:\/\/www.integralpro.com.co\/index.php\/producto\/disco-de-estado-solido-adata-asu800ss-1tt-c-1tb-sata-iii\/#breadcrumb"},"inLanguage":"es","potentialAction":[{"@type":"ReadAction","target":["https:\/\/www.integralpro.com.co\/index.php\/producto\/disco-de-estado-solido-adata-asu800ss-1tt-c-1tb-sata-iii\/"]}]},{"@type":"ImageObject","inLanguage":"es","@id":"https:\/\/www.integralpro.com.co\/index.php\/producto\/disco-de-estado-solido-adata-asu800ss-1tt-c-1tb-sata-iii\/#primaryimage","url":"https:\/\/www.integralpro.com.co\/wp-content\/uploads\/2021\/02\/706d287f834a1477e78feaea9d847799.jpg","contentUrl":"https:\/\/www.integralpro.com.co\/wp-content\/uploads\/2021\/02\/706d287f834a1477e78feaea9d847799.jpg","width":1000,"height":1000},{"@type":"BreadcrumbList","@id":"https:\/\/www.integralpro.com.co\/index.php\/producto\/disco-de-estado-solido-adata-asu800ss-1tt-c-1tb-sata-iii\/#breadcrumb","itemListElement":[{"@type":"ListItem","position":1,"name":"Portada","item":"https:\/\/www.integralpro.com.co\/"},{"@type":"ListItem","position":2,"name":"Tienda","item":"https:\/\/www.integralpro.com.co\/index.php\/tienda\/"},{"@type":"ListItem","position":3,"name":"Disco De Estado Solido Adata Asu800Ss-1Tt-C 1Tb Sata Iii"}]},{"@type":"WebSite","@id":"https:\/\/www.integralpro.com.co\/#website","url":"https:\/\/www.integralpro.com.co\/","name":"IntegralPro","description":"Tienda de Tecnolog\u00eda en L\u00ednea","publisher":{"@id":"https:\/\/www.integralpro.com.co\/#organization"},"potentialAction":[{"@type":"SearchAction","target":{"@type":"EntryPoint","urlTemplate":"https:\/\/www.integralpro.com.co\/?s={search_term_string}"},"query-input":{"@type":"PropertyValueSpecification","valueRequired":true,"valueName":"search_term_string"}}],"inLanguage":"es"},{"@type":"Organization","@id":"https:\/\/www.integralpro.com.co\/#organization","name":"IntegralPro SAS","url":"https:\/\/www.integralpro.com.co\/","logo":{"@type":"ImageObject","inLanguage":"es","@id":"https:\/\/www.integralpro.com.co\/#\/schema\/logo\/image\/","url":"https:\/\/www.integralpro.com.co\/wp-content\/uploads\/2021\/02\/logo-def.jpg","contentUrl":"https:\/\/www.integralpro.com.co\/wp-content\/uploads\/2021\/02\/logo-def.jpg","width":238,"height":234,"caption":"IntegralPro SAS"},"image":{"@id":"https:\/\/www.integralpro.com.co\/#\/schema\/logo\/image\/"}}]}},"_links":{"self":[{"href":"https:\/\/www.integralpro.com.co\/index.php\/wp-json\/wp\/v2\/product\/2598","targetHints":{"allow":["GET"]}}],"collection":[{"href":"https:\/\/www.integralpro.com.co\/index.php\/wp-json\/wp\/v2\/product"}],"about":[{"href":"https:\/\/www.integralpro.com.co\/index.php\/wp-json\/wp\/v2\/types\/product"}],"version-history":[{"count":1,"href":"https:\/\/www.integralpro.com.co\/index.php\/wp-json\/wp\/v2\/product\/2598\/revisions"}],"predecessor-version":[{"id":2663,"href":"https:\/\/www.integralpro.com.co\/index.php\/wp-json\/wp\/v2\/product\/2598\/revisions\/2663"}],"wp:featuredmedia":[{"embeddable":true,"href":"https:\/\/www.integralpro.com.co\/index.php\/wp-json\/wp\/v2\/media\/2662"}],"wp:attachment":[{"href":"https:\/\/www.integralpro.com.co\/index.php\/wp-json\/wp\/v2\/media?parent=2598"}],"wp:term":[{"taxonomy":"product_brand","embeddable":true,"href":"https:\/\/www.integralpro.com.co\/index.php\/wp-json\/wp\/v2\/product_brand?post=2598"},{"taxonomy":"product_cat","embeddable":true,"href":"https:\/\/www.integralpro.com.co\/index.php\/wp-json\/wp\/v2\/product_cat?post=2598"},{"taxonomy":"product_tag","embeddable":true,"href":"https:\/\/www.integralpro.com.co\/index.php\/wp-json\/wp\/v2\/product_tag?post=2598"}],"curies":[{"name":"wp","href":"https:\/\/api.w.org\/{rel}","templated":true}]}}