{"id":2480,"date":"2021-02-19T14:56:33","date_gmt":"2021-02-19T19:56:33","guid":{"rendered":"https:\/\/www.integralpro.com.co\/index.php\/producto\/import-placeholder-for-1289\/"},"modified":"2021-02-19T14:57:09","modified_gmt":"2021-02-19T19:57:09","slug":"tabla-digitalizadora-wacom-intuos-pro-pth660-medium","status":"publish","type":"product","link":"https:\/\/www.integralpro.com.co\/index.php\/producto\/tabla-digitalizadora-wacom-intuos-pro-pth660-medium\/","title":{"rendered":"Tabla Digitalizadora Wacom Intuos Pro Pth660 Medium"},"content":{"rendered":"<p>Wacom Intuos Pro te ofrece el control creativo m\u00e1s natural hasta la fecha.Combinado con el ultrasensible l\u00e1piz Wacom Pro Pen 2, nuestra nueva y elegante tableta tiene un aspecto y una sensaci\u00f3n formidables. \u00bfTe gusta empezar tus proyectos en papel? El modelo Paper Edition te permite convertir autom\u00e1ticamente tus bosquejos en papel a archivos digitales mientras dibujas. Justo lo que necesitas para tu pr\u00f3ximo logro creativo.<\/p>\n<p><\/p>\n<p><strong>Lo mejor en tecnolog\u00eda de l\u00e1piz<br \/><\/strong><\/p>\n<p><\/p>\n<p>Wacom Pro Pen 2 se ha dise\u00f1ado pensando en la excelencia, en desafiar los l\u00edmites y en pulir hasta los detalles m\u00e1s peque\u00f1os para ofrecer una experiencia de Wacom \u00fanica que cautive a nuestros clientes.<\/p>\n<p><\/p>\n<p><strong>Concebido para profesionales<br \/><\/strong><\/p>\n<p><\/p>\n<p>Dise\u00f1ado tomando en cuenta las opiniones de nuestros usuarios, Wacom Intuos Pro est\u00e1 fabricado con materiales de primera calidad y se ha sometido a las pruebas m\u00e1s rigurosas para satisfacer las necesidades de los profesionales.<\/p>\n<p><\/p>\n<p><strong>Ajustado a tu medida<br \/><\/strong><\/p>\n<p><\/p>\n<p>Escoge entre una variedad de l\u00e1pices y diversas hojas de textura* para personalizar tu m\u00e9todo de trabajo.Aprovecha tambi\u00e9n los pr\u00e1cticos atajos que te proporcionan el Touch Ring, los botones laterales del l\u00e1piz y las teclas Expresskey\u2122 personalizables.<\/p>\n<p><\/p>\n<p><strong>Especificaciones T\u00e9cnicas<\/strong><\/p>\n<p><\/p>\n<p>Dimensiones 338 x 219 x 8 <\/p>\n<p>Peso 0.70 kg<\/p>\n<p>\u00c1rea activa: 8,7&#8243; x 5,8&#8243;<\/p>\n<p>Niveles de presi\u00f3n: 8192 (4 veces mas gracias al nuevo Wacom Pro Pen 2) <\/p>\n<p>Resoluci\u00f3n: 5080 lpi \/ Multitouch<\/p>\n<p>8 Express Keys personalizables + Touch Ring<\/p>\n<p>L\u00e1piz ergon\u00f3mico Pro Pen 2 inal\u00e1mbrico, sin bater\u00edas <br \/>-Conexi\u00f3n USB y Bluetooth<\/p>\n<p>Compatible PC y MAC <\/p>\n<p><\/p>\n<p><strong>Contenido Del Paquete<\/strong><\/p>\n<p><\/p>\n<p>Tableta &#8211; L\u00e1piz &#8211; Cable USB &#8211; Herramienta de extracci\u00f3n de puntas en el extremo del l\u00e1piz &#8211; Documentaci\u00f3n<\/p>\n","protected":false},"excerpt":{"rendered":"<p># DE PARTE:PTH660<\/p>\n","protected":false},"featured_media":2544,"template":"","meta":{"site-sidebar-layout":"default","site-content-layout":"","ast-site-content-layout":"default","site-content-style":"default","site-sidebar-style":"default","ast-global-header-display":"","ast-banner-title-visibility":"","ast-main-header-display":"","ast-hfb-above-header-display":"","ast-hfb-below-header-display":"","ast-hfb-mobile-header-display":"","site-post-title":"","ast-breadcrumbs-content":"","ast-featured-img":"","footer-sml-layout":"","ast-disable-related-posts":"","theme-transparent-header-meta":"","adv-header-id-meta":"","stick-header-meta":"","header-above-stick-meta":"","header-main-stick-meta":"","header-below-stick-meta":"","astra-migrate-meta-layouts":"default","ast-page-background-enabled":"default","ast-page-background-meta":{"desktop":{"background-color":"var(--ast-global-color-4)","background-image":"","background-repeat":"repeat","background-position":"center center","background-size":"auto","background-attachment":"scroll","background-type":"","background-media":"","overlay-type":"","overlay-color":"","overlay-opacity":"","overlay-gradient":""},"tablet":{"background-color":"","background-image":"","background-repeat":"repeat","background-position":"center center","background-size":"auto","background-attachment":"scroll","background-type":"","background-media":"","overlay-type":"","overlay-color":"","overlay-opacity":"","overlay-gradient":""},"mobile":{"background-color":"","background-image":"","background-repeat":"repeat","background-position":"center center","background-size":"auto","background-attachment":"scroll","background-type":"","background-media":"","overlay-type":"","overlay-color":"","overlay-opacity":"","overlay-gradient":""}},"ast-content-background-meta":{"desktop":{"background-color":"var(--ast-global-color-5)","background-image":"","background-repeat":"repeat","background-position":"center center","background-size":"auto","background-attachment":"scroll","background-type":"","background-media":"","overlay-type":"","overlay-color":"","overlay-opacity":"","overlay-gradient":""},"tablet":{"background-color":"var(--ast-global-color-5)","background-image":"","background-repeat":"repeat","background-position":"center center","background-size":"auto","background-attachment":"scroll","background-type":"","background-media":"","overlay-type":"","overlay-color":"","overlay-opacity":"","overlay-gradient":""},"mobile":{"background-color":"var(--ast-global-color-5)","background-image":"","background-repeat":"repeat","background-position":"center center","background-size":"auto","background-attachment":"scroll","background-type":"","background-media":"","overlay-type":"","overlay-color":"","overlay-opacity":"","overlay-gradient":""}}},"product_brand":[],"product_cat":[49,87],"product_tag":[463],"class_list":{"0":"post-2480","1":"product","2":"type-product","3":"status-publish","4":"has-post-thumbnail","6":"product_cat-accesorios","7":"product_cat-tablas-digitalizadoras","8":"product_tag-wakon","9":"desktop-align-left","10":"tablet-align-left","11":"mobile-align-left","13":"first","14":"instock","15":"taxable","16":"shipping-taxable","17":"product-type-simple"},"yoast_head":"<!-- This site is optimized with the Yoast SEO plugin v27.3 - https:\/\/yoast.com\/product\/yoast-seo-wordpress\/ -->\n<title>Tabla Digitalizadora Wacom Intuos Pro Pth660 Medium - IntegralPro<\/title>\n<meta name=\"robots\" content=\"index, follow, max-snippet:-1, max-image-preview:large, max-video-preview:-1\" \/>\n<link rel=\"canonical\" href=\"https:\/\/www.integralpro.com.co\/index.php\/producto\/tabla-digitalizadora-wacom-intuos-pro-pth660-medium\/\" \/>\n<meta property=\"og:locale\" content=\"es_ES\" \/>\n<meta property=\"og:type\" content=\"article\" \/>\n<meta property=\"og:title\" content=\"Tabla Digitalizadora Wacom Intuos Pro Pth660 Medium - IntegralPro\" \/>\n<meta property=\"og:description\" content=\"# DE PARTE:PTH660\" \/>\n<meta property=\"og:url\" content=\"https:\/\/www.integralpro.com.co\/index.php\/producto\/tabla-digitalizadora-wacom-intuos-pro-pth660-medium\/\" \/>\n<meta property=\"og:site_name\" content=\"IntegralPro\" \/>\n<meta property=\"article:modified_time\" content=\"2021-02-19T19:57:09+00:00\" \/>\n<meta property=\"og:image\" content=\"https:\/\/www.integralpro.com.co\/wp-content\/uploads\/2021\/02\/5da3b7cf0b257f3519e1a48f13f74d1b.jpg\" \/>\n\t<meta property=\"og:image:width\" content=\"1000\" \/>\n\t<meta property=\"og:image:height\" content=\"1000\" \/>\n\t<meta property=\"og:image:type\" content=\"image\/jpeg\" \/>\n<meta name=\"twitter:card\" content=\"summary_large_image\" \/>\n<meta name=\"twitter:label1\" content=\"Tiempo de lectura\" \/>\n\t<meta name=\"twitter:data1\" content=\"1 minuto\" \/>\n<script type=\"application\/ld+json\" class=\"yoast-schema-graph\">{\"@context\":\"https:\\\/\\\/schema.org\",\"@graph\":[{\"@type\":\"WebPage\",\"@id\":\"https:\\\/\\\/www.integralpro.com.co\\\/index.php\\\/producto\\\/tabla-digitalizadora-wacom-intuos-pro-pth660-medium\\\/\",\"url\":\"https:\\\/\\\/www.integralpro.com.co\\\/index.php\\\/producto\\\/tabla-digitalizadora-wacom-intuos-pro-pth660-medium\\\/\",\"name\":\"Tabla Digitalizadora Wacom Intuos Pro Pth660 Medium - IntegralPro\",\"isPartOf\":{\"@id\":\"https:\\\/\\\/www.integralpro.com.co\\\/#website\"},\"primaryImageOfPage\":{\"@id\":\"https:\\\/\\\/www.integralpro.com.co\\\/index.php\\\/producto\\\/tabla-digitalizadora-wacom-intuos-pro-pth660-medium\\\/#primaryimage\"},\"image\":{\"@id\":\"https:\\\/\\\/www.integralpro.com.co\\\/index.php\\\/producto\\\/tabla-digitalizadora-wacom-intuos-pro-pth660-medium\\\/#primaryimage\"},\"thumbnailUrl\":\"https:\\\/\\\/www.integralpro.com.co\\\/wp-content\\\/uploads\\\/2021\\\/02\\\/5da3b7cf0b257f3519e1a48f13f74d1b.jpg\",\"datePublished\":\"2021-02-19T19:56:33+00:00\",\"dateModified\":\"2021-02-19T19:57:09+00:00\",\"breadcrumb\":{\"@id\":\"https:\\\/\\\/www.integralpro.com.co\\\/index.php\\\/producto\\\/tabla-digitalizadora-wacom-intuos-pro-pth660-medium\\\/#breadcrumb\"},\"inLanguage\":\"es\",\"potentialAction\":[{\"@type\":\"ReadAction\",\"target\":[\"https:\\\/\\\/www.integralpro.com.co\\\/index.php\\\/producto\\\/tabla-digitalizadora-wacom-intuos-pro-pth660-medium\\\/\"]}]},{\"@type\":\"ImageObject\",\"inLanguage\":\"es\",\"@id\":\"https:\\\/\\\/www.integralpro.com.co\\\/index.php\\\/producto\\\/tabla-digitalizadora-wacom-intuos-pro-pth660-medium\\\/#primaryimage\",\"url\":\"https:\\\/\\\/www.integralpro.com.co\\\/wp-content\\\/uploads\\\/2021\\\/02\\\/5da3b7cf0b257f3519e1a48f13f74d1b.jpg\",\"contentUrl\":\"https:\\\/\\\/www.integralpro.com.co\\\/wp-content\\\/uploads\\\/2021\\\/02\\\/5da3b7cf0b257f3519e1a48f13f74d1b.jpg\",\"width\":1000,\"height\":1000},{\"@type\":\"BreadcrumbList\",\"@id\":\"https:\\\/\\\/www.integralpro.com.co\\\/index.php\\\/producto\\\/tabla-digitalizadora-wacom-intuos-pro-pth660-medium\\\/#breadcrumb\",\"itemListElement\":[{\"@type\":\"ListItem\",\"position\":1,\"name\":\"Portada\",\"item\":\"https:\\\/\\\/www.integralpro.com.co\\\/\"},{\"@type\":\"ListItem\",\"position\":2,\"name\":\"Tienda\",\"item\":\"https:\\\/\\\/www.integralpro.com.co\\\/index.php\\\/tienda\\\/\"},{\"@type\":\"ListItem\",\"position\":3,\"name\":\"Tabla Digitalizadora Wacom Intuos Pro Pth660 Medium\"}]},{\"@type\":\"WebSite\",\"@id\":\"https:\\\/\\\/www.integralpro.com.co\\\/#website\",\"url\":\"https:\\\/\\\/www.integralpro.com.co\\\/\",\"name\":\"IntegralPro\",\"description\":\"Tienda de Tecnolog\u00eda en L\u00ednea\",\"publisher\":{\"@id\":\"https:\\\/\\\/www.integralpro.com.co\\\/#organization\"},\"potentialAction\":[{\"@type\":\"SearchAction\",\"target\":{\"@type\":\"EntryPoint\",\"urlTemplate\":\"https:\\\/\\\/www.integralpro.com.co\\\/?s={search_term_string}\"},\"query-input\":{\"@type\":\"PropertyValueSpecification\",\"valueRequired\":true,\"valueName\":\"search_term_string\"}}],\"inLanguage\":\"es\"},{\"@type\":\"Organization\",\"@id\":\"https:\\\/\\\/www.integralpro.com.co\\\/#organization\",\"name\":\"IntegralPro SAS\",\"url\":\"https:\\\/\\\/www.integralpro.com.co\\\/\",\"logo\":{\"@type\":\"ImageObject\",\"inLanguage\":\"es\",\"@id\":\"https:\\\/\\\/www.integralpro.com.co\\\/#\\\/schema\\\/logo\\\/image\\\/\",\"url\":\"https:\\\/\\\/www.integralpro.com.co\\\/wp-content\\\/uploads\\\/2021\\\/02\\\/logo-def.jpg\",\"contentUrl\":\"https:\\\/\\\/www.integralpro.com.co\\\/wp-content\\\/uploads\\\/2021\\\/02\\\/logo-def.jpg\",\"width\":238,\"height\":234,\"caption\":\"IntegralPro SAS\"},\"image\":{\"@id\":\"https:\\\/\\\/www.integralpro.com.co\\\/#\\\/schema\\\/logo\\\/image\\\/\"}}]}<\/script>\n<!-- \/ Yoast SEO plugin. -->","yoast_head_json":{"title":"Tabla Digitalizadora Wacom Intuos Pro Pth660 Medium - IntegralPro","robots":{"index":"index","follow":"follow","max-snippet":"max-snippet:-1","max-image-preview":"max-image-preview:large","max-video-preview":"max-video-preview:-1"},"canonical":"https:\/\/www.integralpro.com.co\/index.php\/producto\/tabla-digitalizadora-wacom-intuos-pro-pth660-medium\/","og_locale":"es_ES","og_type":"article","og_title":"Tabla Digitalizadora Wacom Intuos Pro Pth660 Medium - IntegralPro","og_description":"# DE PARTE:PTH660","og_url":"https:\/\/www.integralpro.com.co\/index.php\/producto\/tabla-digitalizadora-wacom-intuos-pro-pth660-medium\/","og_site_name":"IntegralPro","article_modified_time":"2021-02-19T19:57:09+00:00","og_image":[{"width":1000,"height":1000,"url":"https:\/\/www.integralpro.com.co\/wp-content\/uploads\/2021\/02\/5da3b7cf0b257f3519e1a48f13f74d1b.jpg","type":"image\/jpeg"}],"twitter_card":"summary_large_image","twitter_misc":{"Tiempo de lectura":"1 minuto"},"schema":{"@context":"https:\/\/schema.org","@graph":[{"@type":"WebPage","@id":"https:\/\/www.integralpro.com.co\/index.php\/producto\/tabla-digitalizadora-wacom-intuos-pro-pth660-medium\/","url":"https:\/\/www.integralpro.com.co\/index.php\/producto\/tabla-digitalizadora-wacom-intuos-pro-pth660-medium\/","name":"Tabla Digitalizadora Wacom Intuos Pro Pth660 Medium - IntegralPro","isPartOf":{"@id":"https:\/\/www.integralpro.com.co\/#website"},"primaryImageOfPage":{"@id":"https:\/\/www.integralpro.com.co\/index.php\/producto\/tabla-digitalizadora-wacom-intuos-pro-pth660-medium\/#primaryimage"},"image":{"@id":"https:\/\/www.integralpro.com.co\/index.php\/producto\/tabla-digitalizadora-wacom-intuos-pro-pth660-medium\/#primaryimage"},"thumbnailUrl":"https:\/\/www.integralpro.com.co\/wp-content\/uploads\/2021\/02\/5da3b7cf0b257f3519e1a48f13f74d1b.jpg","datePublished":"2021-02-19T19:56:33+00:00","dateModified":"2021-02-19T19:57:09+00:00","breadcrumb":{"@id":"https:\/\/www.integralpro.com.co\/index.php\/producto\/tabla-digitalizadora-wacom-intuos-pro-pth660-medium\/#breadcrumb"},"inLanguage":"es","potentialAction":[{"@type":"ReadAction","target":["https:\/\/www.integralpro.com.co\/index.php\/producto\/tabla-digitalizadora-wacom-intuos-pro-pth660-medium\/"]}]},{"@type":"ImageObject","inLanguage":"es","@id":"https:\/\/www.integralpro.com.co\/index.php\/producto\/tabla-digitalizadora-wacom-intuos-pro-pth660-medium\/#primaryimage","url":"https:\/\/www.integralpro.com.co\/wp-content\/uploads\/2021\/02\/5da3b7cf0b257f3519e1a48f13f74d1b.jpg","contentUrl":"https:\/\/www.integralpro.com.co\/wp-content\/uploads\/2021\/02\/5da3b7cf0b257f3519e1a48f13f74d1b.jpg","width":1000,"height":1000},{"@type":"BreadcrumbList","@id":"https:\/\/www.integralpro.com.co\/index.php\/producto\/tabla-digitalizadora-wacom-intuos-pro-pth660-medium\/#breadcrumb","itemListElement":[{"@type":"ListItem","position":1,"name":"Portada","item":"https:\/\/www.integralpro.com.co\/"},{"@type":"ListItem","position":2,"name":"Tienda","item":"https:\/\/www.integralpro.com.co\/index.php\/tienda\/"},{"@type":"ListItem","position":3,"name":"Tabla Digitalizadora Wacom Intuos Pro Pth660 Medium"}]},{"@type":"WebSite","@id":"https:\/\/www.integralpro.com.co\/#website","url":"https:\/\/www.integralpro.com.co\/","name":"IntegralPro","description":"Tienda de Tecnolog\u00eda en L\u00ednea","publisher":{"@id":"https:\/\/www.integralpro.com.co\/#organization"},"potentialAction":[{"@type":"SearchAction","target":{"@type":"EntryPoint","urlTemplate":"https:\/\/www.integralpro.com.co\/?s={search_term_string}"},"query-input":{"@type":"PropertyValueSpecification","valueRequired":true,"valueName":"search_term_string"}}],"inLanguage":"es"},{"@type":"Organization","@id":"https:\/\/www.integralpro.com.co\/#organization","name":"IntegralPro SAS","url":"https:\/\/www.integralpro.com.co\/","logo":{"@type":"ImageObject","inLanguage":"es","@id":"https:\/\/www.integralpro.com.co\/#\/schema\/logo\/image\/","url":"https:\/\/www.integralpro.com.co\/wp-content\/uploads\/2021\/02\/logo-def.jpg","contentUrl":"https:\/\/www.integralpro.com.co\/wp-content\/uploads\/2021\/02\/logo-def.jpg","width":238,"height":234,"caption":"IntegralPro SAS"},"image":{"@id":"https:\/\/www.integralpro.com.co\/#\/schema\/logo\/image\/"}}]}},"_links":{"self":[{"href":"https:\/\/www.integralpro.com.co\/index.php\/wp-json\/wp\/v2\/product\/2480","targetHints":{"allow":["GET"]}}],"collection":[{"href":"https:\/\/www.integralpro.com.co\/index.php\/wp-json\/wp\/v2\/product"}],"about":[{"href":"https:\/\/www.integralpro.com.co\/index.php\/wp-json\/wp\/v2\/types\/product"}],"version-history":[{"count":1,"href":"https:\/\/www.integralpro.com.co\/index.php\/wp-json\/wp\/v2\/product\/2480\/revisions"}],"predecessor-version":[{"id":2545,"href":"https:\/\/www.integralpro.com.co\/index.php\/wp-json\/wp\/v2\/product\/2480\/revisions\/2545"}],"wp:featuredmedia":[{"embeddable":true,"href":"https:\/\/www.integralpro.com.co\/index.php\/wp-json\/wp\/v2\/media\/2544"}],"wp:attachment":[{"href":"https:\/\/www.integralpro.com.co\/index.php\/wp-json\/wp\/v2\/media?parent=2480"}],"wp:term":[{"taxonomy":"product_brand","embeddable":true,"href":"https:\/\/www.integralpro.com.co\/index.php\/wp-json\/wp\/v2\/product_brand?post=2480"},{"taxonomy":"product_cat","embeddable":true,"href":"https:\/\/www.integralpro.com.co\/index.php\/wp-json\/wp\/v2\/product_cat?post=2480"},{"taxonomy":"product_tag","embeddable":true,"href":"https:\/\/www.integralpro.com.co\/index.php\/wp-json\/wp\/v2\/product_tag?post=2480"}],"curies":[{"name":"wp","href":"https:\/\/api.w.org\/{rel}","templated":true}]}}