{"id":2479,"date":"2021-02-19T14:56:33","date_gmt":"2021-02-19T19:56:33","guid":{"rendered":"https:\/\/www.integralpro.com.co\/index.php\/producto\/import-placeholder-for-1288\/"},"modified":"2021-02-19T14:57:08","modified_gmt":"2021-02-19T19:57:08","slug":"tabla-digitalizadora-wacom-intuos-ctl4100wlk0-bluetooth","status":"publish","type":"product","link":"https:\/\/www.integralpro.com.co\/index.php\/producto\/tabla-digitalizadora-wacom-intuos-ctl4100wlk0-bluetooth\/","title":{"rendered":"Tabla Digitalizadora Wacom Intuos Ctl4100Wlk0 Bluetooth"},"content":{"rendered":"<p>Explore nuevas formas de ser creativo con Wacom Intuos<\/p>\n<p>Wacom Intuos lo ayuda a encontrar nuevas formas de crear. Dise\u00f1ado para aquellos que dibujan, pintan y editan fotos con su Mac o PC por primera vez, el Wacom Intuos es f\u00e1cil de configurar y usar.<\/p>\n<p>Crea lo que quieras, de la manera que quieras: una tableta dise\u00f1ada completamente en torno a su pasi\u00f3n, la Wacom Intuos le ofrece todas las herramientas que necesita para mejorar su creatividad. Y su versatilidad y facilidad de uso significa que puede personalizar Wacom Intuos para que se ajuste a su propia forma de trabajar. Ya sea que te guste dibujar arte manga, pintar acuarelas digitales o retocar tus fotos, puedes adaptar la pen tablet a tu estilo, a tu manera.<\/p>\n<p>Si te gusta dibujar, dibujo o pintura, Corel Painter Esencial 6 le ayudar\u00e1 a liberar su artista interior. Con su amplia variedad de estilos de pintura, premiados Natural-Media <br \/>pinceles y efectos de la foto, que trabaja con el l\u00e1piz para proporcionar un <br \/>aspecto aut\u00e9ntico pintado a mano. Si lo tuyo es captar y realzar la vida real, <br \/>opta por Corel Aftershot 3 y convierte tu pasi\u00f3n en fotos inolvidables. Le permite realizar correcciones y mejoras f\u00e1ciles con poderosos controles de proceso y ajustes preestablecidos que resaltan lo mejor de cada imagen. Combina todo ese poder creativo con la destreza art\u00edstica de la pluma, y \u200b\u200bla grandeza te espera.<\/p>\n<p>Por \u00faltimo, est\u00e1 Clip Studio Paint Pro para hacer tus propias obras maestras de comics y manga. Con funciones intuitivas que incluyen trazos de l\u00e1piz naturales, coloraci\u00f3n r\u00e1pida, tonos ilimitados e incluso plantillas de figuras en 3D, se asocia con el l\u00e1piz para proporcionar todo lo que necesita para darle vida a la acci\u00f3n.<\/p>\n<p><\/p>\n<p><strong>Especificaciones T\u00e9cnicas<\/strong><\/p>\n<p><\/p>\n<p>Dimensiones 17 x 11 x 4 cm<\/p>\n<p>Peso 0.25 kg<\/p>\n<p>Tipo de producto : Tableta con l\u00e1piz sensible a la presi\u00f3n, inal\u00e1mbrico y sin pilas<\/p>\n<p>\u00c1rea activa : 152 x 95 mm<\/p>\n<p>Tecla ExpressKey : S\u00ed: ajustes personalizables espec\u00edficos de cada aplicaci\u00f3n<\/p>\n<p>Niveles de presi\u00f3n : 4096<br \/>Peso : 250 gramos<\/p>\n<p>Resoluci\u00f3n : 2540 lpi<br \/>L\u00e1piz : Wacom Pen 4K (LP-1100K)<\/p>\n<p>Cable incluido : S\u00ed, cable USB a micro-USB sin PVC de 1.5 m <\/p>\n<p><\/p>\n<p><strong>Contenido Del Paquete<\/strong><\/p>\n<p><\/p>\n<p>Tableta &#8211; L\u00e1piz &#8211; Cable USB &#8211; Herramienta de extracci\u00f3n de puntas en el extremo del l\u00e1piz &#8211; Documentaci\u00f3n<\/p>\n","protected":false},"excerpt":{"rendered":"<p># DE PARTE:CTL4100WLK0<\/p>\n","protected":false},"featured_media":2542,"template":"","meta":{"site-sidebar-layout":"default","site-content-layout":"","ast-site-content-layout":"default","site-content-style":"default","site-sidebar-style":"default","ast-global-header-display":"","ast-banner-title-visibility":"","ast-main-header-display":"","ast-hfb-above-header-display":"","ast-hfb-below-header-display":"","ast-hfb-mobile-header-display":"","site-post-title":"","ast-breadcrumbs-content":"","ast-featured-img":"","footer-sml-layout":"","ast-disable-related-posts":"","theme-transparent-header-meta":"","adv-header-id-meta":"","stick-header-meta":"","header-above-stick-meta":"","header-main-stick-meta":"","header-below-stick-meta":"","astra-migrate-meta-layouts":"default","ast-page-background-enabled":"default","ast-page-background-meta":{"desktop":{"background-color":"var(--ast-global-color-4)","background-image":"","background-repeat":"repeat","background-position":"center center","background-size":"auto","background-attachment":"scroll","background-type":"","background-media":"","overlay-type":"","overlay-color":"","overlay-opacity":"","overlay-gradient":""},"tablet":{"background-color":"","background-image":"","background-repeat":"repeat","background-position":"center center","background-size":"auto","background-attachment":"scroll","background-type":"","background-media":"","overlay-type":"","overlay-color":"","overlay-opacity":"","overlay-gradient":""},"mobile":{"background-color":"","background-image":"","background-repeat":"repeat","background-position":"center center","background-size":"auto","background-attachment":"scroll","background-type":"","background-media":"","overlay-type":"","overlay-color":"","overlay-opacity":"","overlay-gradient":""}},"ast-content-background-meta":{"desktop":{"background-color":"var(--ast-global-color-5)","background-image":"","background-repeat":"repeat","background-position":"center center","background-size":"auto","background-attachment":"scroll","background-type":"","background-media":"","overlay-type":"","overlay-color":"","overlay-opacity":"","overlay-gradient":""},"tablet":{"background-color":"var(--ast-global-color-5)","background-image":"","background-repeat":"repeat","background-position":"center center","background-size":"auto","background-attachment":"scroll","background-type":"","background-media":"","overlay-type":"","overlay-color":"","overlay-opacity":"","overlay-gradient":""},"mobile":{"background-color":"var(--ast-global-color-5)","background-image":"","background-repeat":"repeat","background-position":"center center","background-size":"auto","background-attachment":"scroll","background-type":"","background-media":"","overlay-type":"","overlay-color":"","overlay-opacity":"","overlay-gradient":""}}},"product_brand":[],"product_cat":[49,87],"product_tag":[463],"class_list":{"0":"post-2479","1":"product","2":"type-product","3":"status-publish","4":"has-post-thumbnail","6":"product_cat-accesorios","7":"product_cat-tablas-digitalizadoras","8":"product_tag-wakon","9":"desktop-align-left","10":"tablet-align-left","11":"mobile-align-left","13":"first","14":"instock","15":"taxable","16":"shipping-taxable","17":"product-type-simple"},"yoast_head":"<!-- This site is optimized with the Yoast SEO plugin v27.3 - https:\/\/yoast.com\/product\/yoast-seo-wordpress\/ -->\n<title>Tabla Digitalizadora Wacom Intuos Ctl4100Wlk0 Bluetooth - IntegralPro<\/title>\n<meta name=\"robots\" content=\"index, follow, max-snippet:-1, max-image-preview:large, max-video-preview:-1\" \/>\n<link rel=\"canonical\" href=\"https:\/\/www.integralpro.com.co\/index.php\/producto\/tabla-digitalizadora-wacom-intuos-ctl4100wlk0-bluetooth\/\" \/>\n<meta property=\"og:locale\" content=\"es_ES\" \/>\n<meta property=\"og:type\" content=\"article\" \/>\n<meta property=\"og:title\" content=\"Tabla Digitalizadora Wacom Intuos Ctl4100Wlk0 Bluetooth - IntegralPro\" \/>\n<meta property=\"og:description\" content=\"# DE PARTE:CTL4100WLK0\" \/>\n<meta property=\"og:url\" content=\"https:\/\/www.integralpro.com.co\/index.php\/producto\/tabla-digitalizadora-wacom-intuos-ctl4100wlk0-bluetooth\/\" \/>\n<meta property=\"og:site_name\" content=\"IntegralPro\" \/>\n<meta property=\"article:modified_time\" content=\"2021-02-19T19:57:08+00:00\" \/>\n<meta property=\"og:image\" content=\"https:\/\/www.integralpro.com.co\/wp-content\/uploads\/2021\/02\/431341a18371f9ed2f917c78cefe0aad.jpg\" \/>\n\t<meta property=\"og:image:width\" content=\"1000\" \/>\n\t<meta property=\"og:image:height\" content=\"1000\" \/>\n\t<meta property=\"og:image:type\" content=\"image\/jpeg\" \/>\n<meta name=\"twitter:card\" content=\"summary_large_image\" \/>\n<meta name=\"twitter:label1\" content=\"Tiempo de lectura\" \/>\n\t<meta name=\"twitter:data1\" content=\"2 minutos\" \/>\n<script type=\"application\/ld+json\" class=\"yoast-schema-graph\">{\"@context\":\"https:\\\/\\\/schema.org\",\"@graph\":[{\"@type\":\"WebPage\",\"@id\":\"https:\\\/\\\/www.integralpro.com.co\\\/index.php\\\/producto\\\/tabla-digitalizadora-wacom-intuos-ctl4100wlk0-bluetooth\\\/\",\"url\":\"https:\\\/\\\/www.integralpro.com.co\\\/index.php\\\/producto\\\/tabla-digitalizadora-wacom-intuos-ctl4100wlk0-bluetooth\\\/\",\"name\":\"Tabla Digitalizadora Wacom Intuos Ctl4100Wlk0 Bluetooth - IntegralPro\",\"isPartOf\":{\"@id\":\"https:\\\/\\\/www.integralpro.com.co\\\/#website\"},\"primaryImageOfPage\":{\"@id\":\"https:\\\/\\\/www.integralpro.com.co\\\/index.php\\\/producto\\\/tabla-digitalizadora-wacom-intuos-ctl4100wlk0-bluetooth\\\/#primaryimage\"},\"image\":{\"@id\":\"https:\\\/\\\/www.integralpro.com.co\\\/index.php\\\/producto\\\/tabla-digitalizadora-wacom-intuos-ctl4100wlk0-bluetooth\\\/#primaryimage\"},\"thumbnailUrl\":\"https:\\\/\\\/www.integralpro.com.co\\\/wp-content\\\/uploads\\\/2021\\\/02\\\/431341a18371f9ed2f917c78cefe0aad.jpg\",\"datePublished\":\"2021-02-19T19:56:33+00:00\",\"dateModified\":\"2021-02-19T19:57:08+00:00\",\"breadcrumb\":{\"@id\":\"https:\\\/\\\/www.integralpro.com.co\\\/index.php\\\/producto\\\/tabla-digitalizadora-wacom-intuos-ctl4100wlk0-bluetooth\\\/#breadcrumb\"},\"inLanguage\":\"es\",\"potentialAction\":[{\"@type\":\"ReadAction\",\"target\":[\"https:\\\/\\\/www.integralpro.com.co\\\/index.php\\\/producto\\\/tabla-digitalizadora-wacom-intuos-ctl4100wlk0-bluetooth\\\/\"]}]},{\"@type\":\"ImageObject\",\"inLanguage\":\"es\",\"@id\":\"https:\\\/\\\/www.integralpro.com.co\\\/index.php\\\/producto\\\/tabla-digitalizadora-wacom-intuos-ctl4100wlk0-bluetooth\\\/#primaryimage\",\"url\":\"https:\\\/\\\/www.integralpro.com.co\\\/wp-content\\\/uploads\\\/2021\\\/02\\\/431341a18371f9ed2f917c78cefe0aad.jpg\",\"contentUrl\":\"https:\\\/\\\/www.integralpro.com.co\\\/wp-content\\\/uploads\\\/2021\\\/02\\\/431341a18371f9ed2f917c78cefe0aad.jpg\",\"width\":1000,\"height\":1000},{\"@type\":\"BreadcrumbList\",\"@id\":\"https:\\\/\\\/www.integralpro.com.co\\\/index.php\\\/producto\\\/tabla-digitalizadora-wacom-intuos-ctl4100wlk0-bluetooth\\\/#breadcrumb\",\"itemListElement\":[{\"@type\":\"ListItem\",\"position\":1,\"name\":\"Portada\",\"item\":\"https:\\\/\\\/www.integralpro.com.co\\\/\"},{\"@type\":\"ListItem\",\"position\":2,\"name\":\"Tienda\",\"item\":\"https:\\\/\\\/www.integralpro.com.co\\\/index.php\\\/tienda\\\/\"},{\"@type\":\"ListItem\",\"position\":3,\"name\":\"Tabla Digitalizadora Wacom Intuos Ctl4100Wlk0 Bluetooth\"}]},{\"@type\":\"WebSite\",\"@id\":\"https:\\\/\\\/www.integralpro.com.co\\\/#website\",\"url\":\"https:\\\/\\\/www.integralpro.com.co\\\/\",\"name\":\"IntegralPro\",\"description\":\"Tienda de Tecnolog\u00eda en L\u00ednea\",\"publisher\":{\"@id\":\"https:\\\/\\\/www.integralpro.com.co\\\/#organization\"},\"potentialAction\":[{\"@type\":\"SearchAction\",\"target\":{\"@type\":\"EntryPoint\",\"urlTemplate\":\"https:\\\/\\\/www.integralpro.com.co\\\/?s={search_term_string}\"},\"query-input\":{\"@type\":\"PropertyValueSpecification\",\"valueRequired\":true,\"valueName\":\"search_term_string\"}}],\"inLanguage\":\"es\"},{\"@type\":\"Organization\",\"@id\":\"https:\\\/\\\/www.integralpro.com.co\\\/#organization\",\"name\":\"IntegralPro SAS\",\"url\":\"https:\\\/\\\/www.integralpro.com.co\\\/\",\"logo\":{\"@type\":\"ImageObject\",\"inLanguage\":\"es\",\"@id\":\"https:\\\/\\\/www.integralpro.com.co\\\/#\\\/schema\\\/logo\\\/image\\\/\",\"url\":\"https:\\\/\\\/www.integralpro.com.co\\\/wp-content\\\/uploads\\\/2021\\\/02\\\/logo-def.jpg\",\"contentUrl\":\"https:\\\/\\\/www.integralpro.com.co\\\/wp-content\\\/uploads\\\/2021\\\/02\\\/logo-def.jpg\",\"width\":238,\"height\":234,\"caption\":\"IntegralPro SAS\"},\"image\":{\"@id\":\"https:\\\/\\\/www.integralpro.com.co\\\/#\\\/schema\\\/logo\\\/image\\\/\"}}]}<\/script>\n<!-- \/ Yoast SEO plugin. -->","yoast_head_json":{"title":"Tabla Digitalizadora Wacom Intuos Ctl4100Wlk0 Bluetooth - IntegralPro","robots":{"index":"index","follow":"follow","max-snippet":"max-snippet:-1","max-image-preview":"max-image-preview:large","max-video-preview":"max-video-preview:-1"},"canonical":"https:\/\/www.integralpro.com.co\/index.php\/producto\/tabla-digitalizadora-wacom-intuos-ctl4100wlk0-bluetooth\/","og_locale":"es_ES","og_type":"article","og_title":"Tabla Digitalizadora Wacom Intuos Ctl4100Wlk0 Bluetooth - IntegralPro","og_description":"# DE PARTE:CTL4100WLK0","og_url":"https:\/\/www.integralpro.com.co\/index.php\/producto\/tabla-digitalizadora-wacom-intuos-ctl4100wlk0-bluetooth\/","og_site_name":"IntegralPro","article_modified_time":"2021-02-19T19:57:08+00:00","og_image":[{"width":1000,"height":1000,"url":"https:\/\/www.integralpro.com.co\/wp-content\/uploads\/2021\/02\/431341a18371f9ed2f917c78cefe0aad.jpg","type":"image\/jpeg"}],"twitter_card":"summary_large_image","twitter_misc":{"Tiempo de lectura":"2 minutos"},"schema":{"@context":"https:\/\/schema.org","@graph":[{"@type":"WebPage","@id":"https:\/\/www.integralpro.com.co\/index.php\/producto\/tabla-digitalizadora-wacom-intuos-ctl4100wlk0-bluetooth\/","url":"https:\/\/www.integralpro.com.co\/index.php\/producto\/tabla-digitalizadora-wacom-intuos-ctl4100wlk0-bluetooth\/","name":"Tabla Digitalizadora Wacom Intuos Ctl4100Wlk0 Bluetooth - IntegralPro","isPartOf":{"@id":"https:\/\/www.integralpro.com.co\/#website"},"primaryImageOfPage":{"@id":"https:\/\/www.integralpro.com.co\/index.php\/producto\/tabla-digitalizadora-wacom-intuos-ctl4100wlk0-bluetooth\/#primaryimage"},"image":{"@id":"https:\/\/www.integralpro.com.co\/index.php\/producto\/tabla-digitalizadora-wacom-intuos-ctl4100wlk0-bluetooth\/#primaryimage"},"thumbnailUrl":"https:\/\/www.integralpro.com.co\/wp-content\/uploads\/2021\/02\/431341a18371f9ed2f917c78cefe0aad.jpg","datePublished":"2021-02-19T19:56:33+00:00","dateModified":"2021-02-19T19:57:08+00:00","breadcrumb":{"@id":"https:\/\/www.integralpro.com.co\/index.php\/producto\/tabla-digitalizadora-wacom-intuos-ctl4100wlk0-bluetooth\/#breadcrumb"},"inLanguage":"es","potentialAction":[{"@type":"ReadAction","target":["https:\/\/www.integralpro.com.co\/index.php\/producto\/tabla-digitalizadora-wacom-intuos-ctl4100wlk0-bluetooth\/"]}]},{"@type":"ImageObject","inLanguage":"es","@id":"https:\/\/www.integralpro.com.co\/index.php\/producto\/tabla-digitalizadora-wacom-intuos-ctl4100wlk0-bluetooth\/#primaryimage","url":"https:\/\/www.integralpro.com.co\/wp-content\/uploads\/2021\/02\/431341a18371f9ed2f917c78cefe0aad.jpg","contentUrl":"https:\/\/www.integralpro.com.co\/wp-content\/uploads\/2021\/02\/431341a18371f9ed2f917c78cefe0aad.jpg","width":1000,"height":1000},{"@type":"BreadcrumbList","@id":"https:\/\/www.integralpro.com.co\/index.php\/producto\/tabla-digitalizadora-wacom-intuos-ctl4100wlk0-bluetooth\/#breadcrumb","itemListElement":[{"@type":"ListItem","position":1,"name":"Portada","item":"https:\/\/www.integralpro.com.co\/"},{"@type":"ListItem","position":2,"name":"Tienda","item":"https:\/\/www.integralpro.com.co\/index.php\/tienda\/"},{"@type":"ListItem","position":3,"name":"Tabla Digitalizadora Wacom Intuos Ctl4100Wlk0 Bluetooth"}]},{"@type":"WebSite","@id":"https:\/\/www.integralpro.com.co\/#website","url":"https:\/\/www.integralpro.com.co\/","name":"IntegralPro","description":"Tienda de Tecnolog\u00eda en L\u00ednea","publisher":{"@id":"https:\/\/www.integralpro.com.co\/#organization"},"potentialAction":[{"@type":"SearchAction","target":{"@type":"EntryPoint","urlTemplate":"https:\/\/www.integralpro.com.co\/?s={search_term_string}"},"query-input":{"@type":"PropertyValueSpecification","valueRequired":true,"valueName":"search_term_string"}}],"inLanguage":"es"},{"@type":"Organization","@id":"https:\/\/www.integralpro.com.co\/#organization","name":"IntegralPro SAS","url":"https:\/\/www.integralpro.com.co\/","logo":{"@type":"ImageObject","inLanguage":"es","@id":"https:\/\/www.integralpro.com.co\/#\/schema\/logo\/image\/","url":"https:\/\/www.integralpro.com.co\/wp-content\/uploads\/2021\/02\/logo-def.jpg","contentUrl":"https:\/\/www.integralpro.com.co\/wp-content\/uploads\/2021\/02\/logo-def.jpg","width":238,"height":234,"caption":"IntegralPro SAS"},"image":{"@id":"https:\/\/www.integralpro.com.co\/#\/schema\/logo\/image\/"}}]}},"_links":{"self":[{"href":"https:\/\/www.integralpro.com.co\/index.php\/wp-json\/wp\/v2\/product\/2479","targetHints":{"allow":["GET"]}}],"collection":[{"href":"https:\/\/www.integralpro.com.co\/index.php\/wp-json\/wp\/v2\/product"}],"about":[{"href":"https:\/\/www.integralpro.com.co\/index.php\/wp-json\/wp\/v2\/types\/product"}],"version-history":[{"count":1,"href":"https:\/\/www.integralpro.com.co\/index.php\/wp-json\/wp\/v2\/product\/2479\/revisions"}],"predecessor-version":[{"id":2543,"href":"https:\/\/www.integralpro.com.co\/index.php\/wp-json\/wp\/v2\/product\/2479\/revisions\/2543"}],"wp:featuredmedia":[{"embeddable":true,"href":"https:\/\/www.integralpro.com.co\/index.php\/wp-json\/wp\/v2\/media\/2542"}],"wp:attachment":[{"href":"https:\/\/www.integralpro.com.co\/index.php\/wp-json\/wp\/v2\/media?parent=2479"}],"wp:term":[{"taxonomy":"product_brand","embeddable":true,"href":"https:\/\/www.integralpro.com.co\/index.php\/wp-json\/wp\/v2\/product_brand?post=2479"},{"taxonomy":"product_cat","embeddable":true,"href":"https:\/\/www.integralpro.com.co\/index.php\/wp-json\/wp\/v2\/product_cat?post=2479"},{"taxonomy":"product_tag","embeddable":true,"href":"https:\/\/www.integralpro.com.co\/index.php\/wp-json\/wp\/v2\/product_tag?post=2479"}],"curies":[{"name":"wp","href":"https:\/\/api.w.org\/{rel}","templated":true}]}}