{"id":2476,"date":"2021-02-19T14:56:33","date_gmt":"2021-02-19T19:56:33","guid":{"rendered":"https:\/\/www.integralpro.com.co\/index.php\/producto\/import-placeholder-for-1285\/"},"modified":"2021-02-19T14:57:04","modified_gmt":"2021-02-19T19:57:04","slug":"tabla-digitalizadora-wacom-intuos-s-black-ctl-4100-lapiz-4k","status":"publish","type":"product","link":"https:\/\/www.integralpro.com.co\/index.php\/producto\/tabla-digitalizadora-wacom-intuos-s-black-ctl-4100-lapiz-4k\/","title":{"rendered":"Tabla Digitalizadora Wacom Intuos S Black Ctl-4100 Lapiz 4K"},"content":{"rendered":"<p>Explora nuevas formas de expresar tu creatividad con Wacom Intuos<br \/>Wacom est\u00e1 dise\u00f1ado para dar vida a tus ideas m\u00e1s ex\u00f3ticas, con un l\u00e1piz ligero y ultrapreciso, adem\u00e1s de software gratuito descargable* acorde a tu estilo.<\/p>\n<p><\/p>\n<p><strong>Un l\u00e1piz muy poderoso<br \/><\/strong><\/p>\n<p><\/p>\n<p>Lo primero que advertir\u00e1s al usar Wacom Intuos es la naturalidad que transmite. Gracias a su tecnolog\u00eda de resonancia electromagn\u00e9tica, el l\u00e1piz sin bater\u00eda con 4096 niveles de presi\u00f3n ofrece una experiencia de dibujo natural y una autonom\u00eda que le permite estar siempre a tu disposici\u00f3n. Adem\u00e1s, su dise\u00f1o ergon\u00f3mico y peso ligero hacen posible sostenerlo c\u00f3modamente, poniendo literalmente en tu mano tanta precisi\u00f3n como control. <\/p>\n<p><\/p>\n<p><strong>A tu medida<br \/><\/strong><\/p>\n<p><\/p>\n<p>M\u00e1s all\u00e1 del estilo de dibujo que uses, existe una gran variedad de puntas flexibles y de rotulador para que elijas*, todas ellas se almacenan dentro del l\u00e1piz de forma pr\u00e1ctica. Incluso puedes personalizar los dos botones del l\u00e1piz digital y las cuatro ExpressKeys\u2122 de la tableta para que se adapten a tu proceso creativo.<\/p>\n<p><\/p>\n<p><strong>Toda obra de arte necesita un marco<br \/><\/strong><\/p>\n<p><\/p>\n<p>Desde un estudio a un dormitorio, Wacom Intuos est\u00e1 disponible en una gama de colores impactantes para ajustarse a cualquier entorno..<\/p>\n<p><\/p>\n<p><strong>Ingenioso, compacto y elegante<br \/><\/strong><\/p>\n<p><\/p>\n<p>Gracias a su dise\u00f1o compacto y ultrafino, esta pen tablet se siente como en casa en cualquier lugar. Pero no te dejes enga\u00f1ar por las apariencias, ya que sigue siendo tan duradera y robusta como siempre. Grosor de tableta de 8.8 mm (comparable a un tel\u00e9fono inteligente t\u00edpico)<\/p>\n<p><\/p>\n<p><strong>Especificaciones T\u00e9cnicas<\/strong><\/p>\n<p><\/p>\n<p>Tipo de producto Tableta con l\u00e1piz sensible a la presi\u00f3n, inal\u00e1mbrico y sin pila<\/p>\n<p>N\u00famero de parte Peque\u00f1o: CTL-4100, CTL-4100WL (modelo Bluetooth) <br \/>Mediano: CTL-6100WL (modelo Bluetooth)<\/p>\n<p>\u00c1rea activa Small: 152 x 95 mm <br \/>Medium: 216 x 135 mm<\/p>\n<p>Tecla ExpressKey S\u00ed: ajustes personalizables espec\u00edficos de cada aplicaci\u00f3n<\/p>\n<p>Niveles de presi\u00f3n 4096<\/p>\n<p>Multit\u00e1ctil No<\/p>\n<p>Soporte de dispositivo inal\u00e1mbrico S\u00ed: Bluetooth Classic en los modelos Bluetooth (CTL-4100WL, CTL-6100WL)<\/p>\n<p>Bot\u00f3n ENCENDIDO\/APAGADO\/Emparejamiento Bluetooth S\u00ed, en los modelos Bluetooth (CTL-4100WL, CTL-6100WL)<\/p>\n<p>Bot\u00f3n de restablecimiento S\u00ed, en los modelos Bluetooth (CTL-4100WL, CTL-6100WL). Se guardan los ajustes de Bluetooth<\/p>\n<p>Resoluci\u00f3n 2540 lpi<\/p>\n<p>L\u00e1piz Wacom Pen 4K (LP-1100K)<\/p>\n<p>Cable incluido S\u00ed, cable USB-A a micro USB-B de 1.5 m con conector en forma de L, libre de PVC<\/p>\n<p>Seguridad Ranura de sujeci\u00f3n<\/p>\n<p>Potenciadores de la productividad Men\u00fa radial, cambio de pantalla y teclado num\u00e9rico en pantalla disponible en todos los modelos<\/p>\n<p>Funcionamiento continuo\/tiempo de carga M\u00ednimo de 15 horas, hasta 3.5 horas (solo en modelos Bluetooth)<\/p>\n<p>Requisitos del sistema Windows\u00ae 7, 8.1 o 10 (sin incluir Windows 10 S; \u00faltimo service pack\/versi\u00f3n), macOS X 10.11 o superior (\u00faltima actualizaci\u00f3n), puerto de cable USB est\u00e1ndar tipo-A, Bluetooth Classic para la conexi\u00f3n inal\u00e1mbrica (solo modelos Bluetooth: CTL-4100WL, CTL-6100WL), acceso de internet para la descarga de controladores para la tablet, para trabajar y seleccionar el software descargable* <\/p>\n<p>*Requiere registro y Wacom ID<\/p>\n<p>Velocidad de lectura (l\u00e1piz) 133 pps<\/p>\n<p>Tecnolog\u00eda M\u00e9todo de resonancia electromagn\u00e9tica patentado<\/p>\n<p><\/p>\n<p><strong>Contenido Del Paquete<\/strong><\/p>\n<p><\/p>\n<p>Tableta &#8211; L\u00e1piz &#8211; <br \/>Cable USB &#8211; Herramienta de extracci\u00f3n de puntas en el extremo del l\u00e1piz &#8211; <br \/>Documentaci\u00f3n<\/p>\n","protected":false},"excerpt":{"rendered":"<p># DE PARTE:CTL4100<\/p>\n","protected":false},"featured_media":2536,"template":"","meta":{"site-sidebar-layout":"default","site-content-layout":"","ast-site-content-layout":"default","site-content-style":"default","site-sidebar-style":"default","ast-global-header-display":"","ast-banner-title-visibility":"","ast-main-header-display":"","ast-hfb-above-header-display":"","ast-hfb-below-header-display":"","ast-hfb-mobile-header-display":"","site-post-title":"","ast-breadcrumbs-content":"","ast-featured-img":"","footer-sml-layout":"","ast-disable-related-posts":"","theme-transparent-header-meta":"","adv-header-id-meta":"","stick-header-meta":"","header-above-stick-meta":"","header-main-stick-meta":"","header-below-stick-meta":"","astra-migrate-meta-layouts":"default","ast-page-background-enabled":"default","ast-page-background-meta":{"desktop":{"background-color":"var(--ast-global-color-4)","background-image":"","background-repeat":"repeat","background-position":"center center","background-size":"auto","background-attachment":"scroll","background-type":"","background-media":"","overlay-type":"","overlay-color":"","overlay-opacity":"","overlay-gradient":""},"tablet":{"background-color":"","background-image":"","background-repeat":"repeat","background-position":"center center","background-size":"auto","background-attachment":"scroll","background-type":"","background-media":"","overlay-type":"","overlay-color":"","overlay-opacity":"","overlay-gradient":""},"mobile":{"background-color":"","background-image":"","background-repeat":"repeat","background-position":"center center","background-size":"auto","background-attachment":"scroll","background-type":"","background-media":"","overlay-type":"","overlay-color":"","overlay-opacity":"","overlay-gradient":""}},"ast-content-background-meta":{"desktop":{"background-color":"var(--ast-global-color-5)","background-image":"","background-repeat":"repeat","background-position":"center center","background-size":"auto","background-attachment":"scroll","background-type":"","background-media":"","overlay-type":"","overlay-color":"","overlay-opacity":"","overlay-gradient":""},"tablet":{"background-color":"var(--ast-global-color-5)","background-image":"","background-repeat":"repeat","background-position":"center center","background-size":"auto","background-attachment":"scroll","background-type":"","background-media":"","overlay-type":"","overlay-color":"","overlay-opacity":"","overlay-gradient":""},"mobile":{"background-color":"var(--ast-global-color-5)","background-image":"","background-repeat":"repeat","background-position":"center center","background-size":"auto","background-attachment":"scroll","background-type":"","background-media":"","overlay-type":"","overlay-color":"","overlay-opacity":"","overlay-gradient":""}}},"product_brand":[],"product_cat":[49,87],"product_tag":[463],"class_list":{"0":"post-2476","1":"product","2":"type-product","3":"status-publish","4":"has-post-thumbnail","6":"product_cat-accesorios","7":"product_cat-tablas-digitalizadoras","8":"product_tag-wakon","9":"desktop-align-left","10":"tablet-align-left","11":"mobile-align-left","13":"first","14":"instock","15":"taxable","16":"shipping-taxable","17":"product-type-simple"},"yoast_head":"<!-- This site is optimized with the Yoast SEO plugin v27.3 - https:\/\/yoast.com\/product\/yoast-seo-wordpress\/ -->\n<title>Tabla Digitalizadora Wacom Intuos S Black Ctl-4100 Lapiz 4K - IntegralPro<\/title>\n<meta name=\"robots\" content=\"index, follow, max-snippet:-1, max-image-preview:large, max-video-preview:-1\" \/>\n<link rel=\"canonical\" href=\"https:\/\/www.integralpro.com.co\/index.php\/producto\/tabla-digitalizadora-wacom-intuos-s-black-ctl-4100-lapiz-4k\/\" \/>\n<meta property=\"og:locale\" content=\"es_ES\" \/>\n<meta property=\"og:type\" content=\"article\" \/>\n<meta property=\"og:title\" content=\"Tabla Digitalizadora Wacom Intuos S Black Ctl-4100 Lapiz 4K - IntegralPro\" \/>\n<meta property=\"og:description\" content=\"# DE PARTE:CTL4100\" \/>\n<meta property=\"og:url\" content=\"https:\/\/www.integralpro.com.co\/index.php\/producto\/tabla-digitalizadora-wacom-intuos-s-black-ctl-4100-lapiz-4k\/\" \/>\n<meta property=\"og:site_name\" content=\"IntegralPro\" \/>\n<meta property=\"article:modified_time\" content=\"2021-02-19T19:57:04+00:00\" \/>\n<meta property=\"og:image\" content=\"https:\/\/www.integralpro.com.co\/wp-content\/uploads\/2021\/02\/3feff0b058bb3bfcb4756ff43f43512c.jpg\" \/>\n\t<meta property=\"og:image:width\" content=\"1000\" \/>\n\t<meta property=\"og:image:height\" content=\"1000\" \/>\n\t<meta property=\"og:image:type\" content=\"image\/jpeg\" \/>\n<meta name=\"twitter:card\" content=\"summary_large_image\" \/>\n<meta name=\"twitter:label1\" content=\"Tiempo de lectura\" \/>\n\t<meta name=\"twitter:data1\" content=\"3 minutos\" \/>\n<script type=\"application\/ld+json\" class=\"yoast-schema-graph\">{\"@context\":\"https:\\\/\\\/schema.org\",\"@graph\":[{\"@type\":\"WebPage\",\"@id\":\"https:\\\/\\\/www.integralpro.com.co\\\/index.php\\\/producto\\\/tabla-digitalizadora-wacom-intuos-s-black-ctl-4100-lapiz-4k\\\/\",\"url\":\"https:\\\/\\\/www.integralpro.com.co\\\/index.php\\\/producto\\\/tabla-digitalizadora-wacom-intuos-s-black-ctl-4100-lapiz-4k\\\/\",\"name\":\"Tabla Digitalizadora Wacom Intuos S Black Ctl-4100 Lapiz 4K - IntegralPro\",\"isPartOf\":{\"@id\":\"https:\\\/\\\/www.integralpro.com.co\\\/#website\"},\"primaryImageOfPage\":{\"@id\":\"https:\\\/\\\/www.integralpro.com.co\\\/index.php\\\/producto\\\/tabla-digitalizadora-wacom-intuos-s-black-ctl-4100-lapiz-4k\\\/#primaryimage\"},\"image\":{\"@id\":\"https:\\\/\\\/www.integralpro.com.co\\\/index.php\\\/producto\\\/tabla-digitalizadora-wacom-intuos-s-black-ctl-4100-lapiz-4k\\\/#primaryimage\"},\"thumbnailUrl\":\"https:\\\/\\\/www.integralpro.com.co\\\/wp-content\\\/uploads\\\/2021\\\/02\\\/3feff0b058bb3bfcb4756ff43f43512c.jpg\",\"datePublished\":\"2021-02-19T19:56:33+00:00\",\"dateModified\":\"2021-02-19T19:57:04+00:00\",\"breadcrumb\":{\"@id\":\"https:\\\/\\\/www.integralpro.com.co\\\/index.php\\\/producto\\\/tabla-digitalizadora-wacom-intuos-s-black-ctl-4100-lapiz-4k\\\/#breadcrumb\"},\"inLanguage\":\"es\",\"potentialAction\":[{\"@type\":\"ReadAction\",\"target\":[\"https:\\\/\\\/www.integralpro.com.co\\\/index.php\\\/producto\\\/tabla-digitalizadora-wacom-intuos-s-black-ctl-4100-lapiz-4k\\\/\"]}]},{\"@type\":\"ImageObject\",\"inLanguage\":\"es\",\"@id\":\"https:\\\/\\\/www.integralpro.com.co\\\/index.php\\\/producto\\\/tabla-digitalizadora-wacom-intuos-s-black-ctl-4100-lapiz-4k\\\/#primaryimage\",\"url\":\"https:\\\/\\\/www.integralpro.com.co\\\/wp-content\\\/uploads\\\/2021\\\/02\\\/3feff0b058bb3bfcb4756ff43f43512c.jpg\",\"contentUrl\":\"https:\\\/\\\/www.integralpro.com.co\\\/wp-content\\\/uploads\\\/2021\\\/02\\\/3feff0b058bb3bfcb4756ff43f43512c.jpg\",\"width\":1000,\"height\":1000},{\"@type\":\"BreadcrumbList\",\"@id\":\"https:\\\/\\\/www.integralpro.com.co\\\/index.php\\\/producto\\\/tabla-digitalizadora-wacom-intuos-s-black-ctl-4100-lapiz-4k\\\/#breadcrumb\",\"itemListElement\":[{\"@type\":\"ListItem\",\"position\":1,\"name\":\"Portada\",\"item\":\"https:\\\/\\\/www.integralpro.com.co\\\/\"},{\"@type\":\"ListItem\",\"position\":2,\"name\":\"Tienda\",\"item\":\"https:\\\/\\\/www.integralpro.com.co\\\/index.php\\\/tienda\\\/\"},{\"@type\":\"ListItem\",\"position\":3,\"name\":\"Tabla Digitalizadora Wacom Intuos S Black Ctl-4100 Lapiz 4K\"}]},{\"@type\":\"WebSite\",\"@id\":\"https:\\\/\\\/www.integralpro.com.co\\\/#website\",\"url\":\"https:\\\/\\\/www.integralpro.com.co\\\/\",\"name\":\"IntegralPro\",\"description\":\"Tienda de Tecnolog\u00eda en L\u00ednea\",\"publisher\":{\"@id\":\"https:\\\/\\\/www.integralpro.com.co\\\/#organization\"},\"potentialAction\":[{\"@type\":\"SearchAction\",\"target\":{\"@type\":\"EntryPoint\",\"urlTemplate\":\"https:\\\/\\\/www.integralpro.com.co\\\/?s={search_term_string}\"},\"query-input\":{\"@type\":\"PropertyValueSpecification\",\"valueRequired\":true,\"valueName\":\"search_term_string\"}}],\"inLanguage\":\"es\"},{\"@type\":\"Organization\",\"@id\":\"https:\\\/\\\/www.integralpro.com.co\\\/#organization\",\"name\":\"IntegralPro SAS\",\"url\":\"https:\\\/\\\/www.integralpro.com.co\\\/\",\"logo\":{\"@type\":\"ImageObject\",\"inLanguage\":\"es\",\"@id\":\"https:\\\/\\\/www.integralpro.com.co\\\/#\\\/schema\\\/logo\\\/image\\\/\",\"url\":\"https:\\\/\\\/www.integralpro.com.co\\\/wp-content\\\/uploads\\\/2021\\\/02\\\/logo-def.jpg\",\"contentUrl\":\"https:\\\/\\\/www.integralpro.com.co\\\/wp-content\\\/uploads\\\/2021\\\/02\\\/logo-def.jpg\",\"width\":238,\"height\":234,\"caption\":\"IntegralPro SAS\"},\"image\":{\"@id\":\"https:\\\/\\\/www.integralpro.com.co\\\/#\\\/schema\\\/logo\\\/image\\\/\"}}]}<\/script>\n<!-- \/ Yoast SEO plugin. -->","yoast_head_json":{"title":"Tabla Digitalizadora Wacom Intuos S Black Ctl-4100 Lapiz 4K - IntegralPro","robots":{"index":"index","follow":"follow","max-snippet":"max-snippet:-1","max-image-preview":"max-image-preview:large","max-video-preview":"max-video-preview:-1"},"canonical":"https:\/\/www.integralpro.com.co\/index.php\/producto\/tabla-digitalizadora-wacom-intuos-s-black-ctl-4100-lapiz-4k\/","og_locale":"es_ES","og_type":"article","og_title":"Tabla Digitalizadora Wacom Intuos S Black Ctl-4100 Lapiz 4K - IntegralPro","og_description":"# DE PARTE:CTL4100","og_url":"https:\/\/www.integralpro.com.co\/index.php\/producto\/tabla-digitalizadora-wacom-intuos-s-black-ctl-4100-lapiz-4k\/","og_site_name":"IntegralPro","article_modified_time":"2021-02-19T19:57:04+00:00","og_image":[{"width":1000,"height":1000,"url":"https:\/\/www.integralpro.com.co\/wp-content\/uploads\/2021\/02\/3feff0b058bb3bfcb4756ff43f43512c.jpg","type":"image\/jpeg"}],"twitter_card":"summary_large_image","twitter_misc":{"Tiempo de lectura":"3 minutos"},"schema":{"@context":"https:\/\/schema.org","@graph":[{"@type":"WebPage","@id":"https:\/\/www.integralpro.com.co\/index.php\/producto\/tabla-digitalizadora-wacom-intuos-s-black-ctl-4100-lapiz-4k\/","url":"https:\/\/www.integralpro.com.co\/index.php\/producto\/tabla-digitalizadora-wacom-intuos-s-black-ctl-4100-lapiz-4k\/","name":"Tabla Digitalizadora Wacom Intuos S Black Ctl-4100 Lapiz 4K - IntegralPro","isPartOf":{"@id":"https:\/\/www.integralpro.com.co\/#website"},"primaryImageOfPage":{"@id":"https:\/\/www.integralpro.com.co\/index.php\/producto\/tabla-digitalizadora-wacom-intuos-s-black-ctl-4100-lapiz-4k\/#primaryimage"},"image":{"@id":"https:\/\/www.integralpro.com.co\/index.php\/producto\/tabla-digitalizadora-wacom-intuos-s-black-ctl-4100-lapiz-4k\/#primaryimage"},"thumbnailUrl":"https:\/\/www.integralpro.com.co\/wp-content\/uploads\/2021\/02\/3feff0b058bb3bfcb4756ff43f43512c.jpg","datePublished":"2021-02-19T19:56:33+00:00","dateModified":"2021-02-19T19:57:04+00:00","breadcrumb":{"@id":"https:\/\/www.integralpro.com.co\/index.php\/producto\/tabla-digitalizadora-wacom-intuos-s-black-ctl-4100-lapiz-4k\/#breadcrumb"},"inLanguage":"es","potentialAction":[{"@type":"ReadAction","target":["https:\/\/www.integralpro.com.co\/index.php\/producto\/tabla-digitalizadora-wacom-intuos-s-black-ctl-4100-lapiz-4k\/"]}]},{"@type":"ImageObject","inLanguage":"es","@id":"https:\/\/www.integralpro.com.co\/index.php\/producto\/tabla-digitalizadora-wacom-intuos-s-black-ctl-4100-lapiz-4k\/#primaryimage","url":"https:\/\/www.integralpro.com.co\/wp-content\/uploads\/2021\/02\/3feff0b058bb3bfcb4756ff43f43512c.jpg","contentUrl":"https:\/\/www.integralpro.com.co\/wp-content\/uploads\/2021\/02\/3feff0b058bb3bfcb4756ff43f43512c.jpg","width":1000,"height":1000},{"@type":"BreadcrumbList","@id":"https:\/\/www.integralpro.com.co\/index.php\/producto\/tabla-digitalizadora-wacom-intuos-s-black-ctl-4100-lapiz-4k\/#breadcrumb","itemListElement":[{"@type":"ListItem","position":1,"name":"Portada","item":"https:\/\/www.integralpro.com.co\/"},{"@type":"ListItem","position":2,"name":"Tienda","item":"https:\/\/www.integralpro.com.co\/index.php\/tienda\/"},{"@type":"ListItem","position":3,"name":"Tabla Digitalizadora Wacom Intuos S Black Ctl-4100 Lapiz 4K"}]},{"@type":"WebSite","@id":"https:\/\/www.integralpro.com.co\/#website","url":"https:\/\/www.integralpro.com.co\/","name":"IntegralPro","description":"Tienda de Tecnolog\u00eda en L\u00ednea","publisher":{"@id":"https:\/\/www.integralpro.com.co\/#organization"},"potentialAction":[{"@type":"SearchAction","target":{"@type":"EntryPoint","urlTemplate":"https:\/\/www.integralpro.com.co\/?s={search_term_string}"},"query-input":{"@type":"PropertyValueSpecification","valueRequired":true,"valueName":"search_term_string"}}],"inLanguage":"es"},{"@type":"Organization","@id":"https:\/\/www.integralpro.com.co\/#organization","name":"IntegralPro SAS","url":"https:\/\/www.integralpro.com.co\/","logo":{"@type":"ImageObject","inLanguage":"es","@id":"https:\/\/www.integralpro.com.co\/#\/schema\/logo\/image\/","url":"https:\/\/www.integralpro.com.co\/wp-content\/uploads\/2021\/02\/logo-def.jpg","contentUrl":"https:\/\/www.integralpro.com.co\/wp-content\/uploads\/2021\/02\/logo-def.jpg","width":238,"height":234,"caption":"IntegralPro SAS"},"image":{"@id":"https:\/\/www.integralpro.com.co\/#\/schema\/logo\/image\/"}}]}},"_links":{"self":[{"href":"https:\/\/www.integralpro.com.co\/index.php\/wp-json\/wp\/v2\/product\/2476","targetHints":{"allow":["GET"]}}],"collection":[{"href":"https:\/\/www.integralpro.com.co\/index.php\/wp-json\/wp\/v2\/product"}],"about":[{"href":"https:\/\/www.integralpro.com.co\/index.php\/wp-json\/wp\/v2\/types\/product"}],"version-history":[{"count":1,"href":"https:\/\/www.integralpro.com.co\/index.php\/wp-json\/wp\/v2\/product\/2476\/revisions"}],"predecessor-version":[{"id":2537,"href":"https:\/\/www.integralpro.com.co\/index.php\/wp-json\/wp\/v2\/product\/2476\/revisions\/2537"}],"wp:featuredmedia":[{"embeddable":true,"href":"https:\/\/www.integralpro.com.co\/index.php\/wp-json\/wp\/v2\/media\/2536"}],"wp:attachment":[{"href":"https:\/\/www.integralpro.com.co\/index.php\/wp-json\/wp\/v2\/media?parent=2476"}],"wp:term":[{"taxonomy":"product_brand","embeddable":true,"href":"https:\/\/www.integralpro.com.co\/index.php\/wp-json\/wp\/v2\/product_brand?post=2476"},{"taxonomy":"product_cat","embeddable":true,"href":"https:\/\/www.integralpro.com.co\/index.php\/wp-json\/wp\/v2\/product_cat?post=2476"},{"taxonomy":"product_tag","embeddable":true,"href":"https:\/\/www.integralpro.com.co\/index.php\/wp-json\/wp\/v2\/product_tag?post=2476"}],"curies":[{"name":"wp","href":"https:\/\/api.w.org\/{rel}","templated":true}]}}