{"id":2475,"date":"2021-02-19T14:56:33","date_gmt":"2021-02-19T19:56:33","guid":{"rendered":"https:\/\/www.integralpro.com.co\/index.php\/producto\/import-placeholder-for-1284\/"},"modified":"2021-02-19T14:57:02","modified_gmt":"2021-02-19T19:57:02","slug":"unidad-de-estado-solido-adata-su650ss-120gb-negro","status":"publish","type":"product","link":"https:\/\/www.integralpro.com.co\/index.php\/producto\/unidad-de-estado-solido-adata-su650ss-120gb-negro\/","title":{"rendered":"Unidad De Estado Solido Adata Su650Ss 120Gb Negro"},"content":{"rendered":"<p>La unidad de estado s\u00f3lido Ultimate SU650 implementa Flash NAND 3D y un controlador de alta velocidad, ofreciendo capacidades de hasta 960GB. Ofrece un rendimiento de lectura\/escritura de hasta 520\/450MB\/s y mayor fiabilidad que los SSD con NAND 2D. El SU650 cuenta con cach\u00e9 SLC y tecnolog\u00edas avanzadas de correcci\u00f3n de errores para garantizar un rendimiento e integridad de datos optimizados. Para aquellos que quieren experimentar una mejora clara de su PC, el SU650 definitivamente es una excelente opci\u00f3n con una gran relaci\u00f3n costo-rendimiento.<br \/>&nbsp;<\/p>\n<p><strong>La actualizaci\u00f3n de un PC<\/strong><\/p>\n<p>Con la Flash NAND 3D, el SU650 ofrece mayor eficiencia y mayor fiabilidad en comparaci\u00f3n con los SSD NAND 2D con una mejor relaci\u00f3n coste-rendimiento.<\/p>\n<p><strong>Rendimiento m\u00e1s r\u00e1pido<\/strong><\/p>\n<p>El algoritmo inteligente de cach\u00e9 SLC permite que la memoria Flash NAND funcione en modo de celda de un solo nivel y aumenta el rendimiento, ayudando a mantener las velocidades m\u00e1ximas de lectura\/escritura del SU650 hasta 520\/450MB por segundo para un arranque, transferencias de archivos y descargas m\u00e1s suaves y con mayor rapidez.<br \/>&nbsp;<\/p>\n<p><strong>C\u00f3digo de correcci\u00f3n de errores avanzado<\/strong><\/p>\n<p>Con el soporte de la tecnolog\u00eda ECC (c\u00f3digo de correcci\u00f3n de errores), el SU650 puede detectar y corregir errores para garantizar la integridad de los datos y ayudar a extender la vida \u00fatil del SSD. Su MTBF (tiempo medio entre fallos) es de hasta 2 millones de horas, m\u00e1s de un 25% que los SSD NAND 2D.<br \/>&nbsp;<\/p>\n<p><strong>M\u00e1s resistente, silencioso y fiable<\/strong><\/p>\n<p>No hay componentes mec\u00e1nicos dentro de los SSD, por lo que superan a los discos duros tradicionales con mayor resistencia a impactos, vibraci\u00f3n (1500G\/0,5ms) y temperaturas extremas (0\u00b0C-70\u00b0C). Tambi\u00e9n son absolutamente silenciosos y consumen muy poca energ\u00eda, todo protegiendo mejor sus datos.<br \/>&nbsp;<\/p>\n<p><strong>Especificaciones T\u00e9cnicas<\/strong><\/p>\n<p>Dimensiones 10 x 6.9 x 0.70 cm<\/p>\n<p>Peso 59,5g<\/p>\n<p>Capacidad 120GB<\/p>\n<p>Factor de forma 2.5&#8243;<\/p>\n<p>NAND Flash 3D NAND<\/p>\n<p>Interfaz SATA 6Gb\/s<\/p>\n<p>Rendimiento secuencial L\/E (m\u00e1x.) Hasta 520 \/ 450MB\/s<br \/>* El rendimiento real puede variar seg\u00fan la capacidad SSD disponible, el hardware del sistema y los componentes de software, adem\u00e1s de otros factores<br \/>Temperatura de operaci\u00f3n 0\u00b0C &#8211; 70\u00b0C<\/p>\n<p>Temperatura de almacenamiento -40\u00b0C &#8211; 85\u00b0C<\/p>\n<p>Resistencia a golpes 1500G \/ 0,5ms<\/p>\n<p>MTBF 2.000.000 horas<\/p>\n<p>&nbsp;<\/p>\n<p><strong>Contenido Del Paquete<\/strong><\/p>\n<p>&nbsp;<\/p>\n<p>Unidad de estado solido &#8211; Documentaci\u00f3n<\/p>\n","protected":false},"excerpt":{"rendered":"<p># DE PARTE:ASU650SS-120GT-R<\/p>\n","protected":false},"featured_media":2534,"template":"","meta":{"site-sidebar-layout":"default","site-content-layout":"","ast-site-content-layout":"default","site-content-style":"default","site-sidebar-style":"default","ast-global-header-display":"","ast-banner-title-visibility":"","ast-main-header-display":"","ast-hfb-above-header-display":"","ast-hfb-below-header-display":"","ast-hfb-mobile-header-display":"","site-post-title":"","ast-breadcrumbs-content":"","ast-featured-img":"","footer-sml-layout":"","ast-disable-related-posts":"","theme-transparent-header-meta":"","adv-header-id-meta":"","stick-header-meta":"","header-above-stick-meta":"","header-main-stick-meta":"","header-below-stick-meta":"","astra-migrate-meta-layouts":"default","ast-page-background-enabled":"default","ast-page-background-meta":{"desktop":{"background-color":"var(--ast-global-color-4)","background-image":"","background-repeat":"repeat","background-position":"center center","background-size":"auto","background-attachment":"scroll","background-type":"","background-media":"","overlay-type":"","overlay-color":"","overlay-opacity":"","overlay-gradient":""},"tablet":{"background-color":"","background-image":"","background-repeat":"repeat","background-position":"center center","background-size":"auto","background-attachment":"scroll","background-type":"","background-media":"","overlay-type":"","overlay-color":"","overlay-opacity":"","overlay-gradient":""},"mobile":{"background-color":"","background-image":"","background-repeat":"repeat","background-position":"center center","background-size":"auto","background-attachment":"scroll","background-type":"","background-media":"","overlay-type":"","overlay-color":"","overlay-opacity":"","overlay-gradient":""}},"ast-content-background-meta":{"desktop":{"background-color":"var(--ast-global-color-5)","background-image":"","background-repeat":"repeat","background-position":"center center","background-size":"auto","background-attachment":"scroll","background-type":"","background-media":"","overlay-type":"","overlay-color":"","overlay-opacity":"","overlay-gradient":""},"tablet":{"background-color":"var(--ast-global-color-5)","background-image":"","background-repeat":"repeat","background-position":"center center","background-size":"auto","background-attachment":"scroll","background-type":"","background-media":"","overlay-type":"","overlay-color":"","overlay-opacity":"","overlay-gradient":""},"mobile":{"background-color":"var(--ast-global-color-5)","background-image":"","background-repeat":"repeat","background-position":"center center","background-size":"auto","background-attachment":"scroll","background-type":"","background-media":"","overlay-type":"","overlay-color":"","overlay-opacity":"","overlay-gradient":""}}},"product_brand":[],"product_cat":[49],"product_tag":[48],"class_list":{"0":"post-2475","1":"product","2":"type-product","3":"status-publish","4":"has-post-thumbnail","6":"product_cat-accesorios","7":"product_tag-adata","8":"desktop-align-left","9":"tablet-align-left","10":"mobile-align-left","12":"first","13":"instock","14":"taxable","15":"shipping-taxable","16":"product-type-simple"},"yoast_head":"<!-- This site is optimized with the Yoast SEO plugin v27.4 - https:\/\/yoast.com\/product\/yoast-seo-wordpress\/ -->\n<title>Unidad De Estado Solido Adata Su650Ss 120Gb Negro - IntegralPro<\/title>\n<meta name=\"robots\" content=\"index, follow, max-snippet:-1, max-image-preview:large, max-video-preview:-1\" \/>\n<link rel=\"canonical\" href=\"https:\/\/www.integralpro.com.co\/index.php\/producto\/unidad-de-estado-solido-adata-su650ss-120gb-negro\/\" \/>\n<meta property=\"og:locale\" content=\"es_ES\" \/>\n<meta property=\"og:type\" content=\"article\" \/>\n<meta property=\"og:title\" content=\"Unidad De Estado Solido Adata Su650Ss 120Gb Negro - IntegralPro\" \/>\n<meta property=\"og:description\" content=\"# DE PARTE:ASU650SS-120GT-R\" \/>\n<meta property=\"og:url\" content=\"https:\/\/www.integralpro.com.co\/index.php\/producto\/unidad-de-estado-solido-adata-su650ss-120gb-negro\/\" \/>\n<meta property=\"og:site_name\" content=\"IntegralPro\" \/>\n<meta property=\"article:modified_time\" content=\"2021-02-19T19:57:02+00:00\" \/>\n<meta property=\"og:image\" content=\"https:\/\/www.integralpro.com.co\/wp-content\/uploads\/2021\/02\/0fa8ef4bc04017f4afe228975ec2784e.jpg\" \/>\n\t<meta property=\"og:image:width\" content=\"1000\" \/>\n\t<meta property=\"og:image:height\" content=\"1000\" \/>\n\t<meta property=\"og:image:type\" content=\"image\/jpeg\" \/>\n<meta name=\"twitter:card\" content=\"summary_large_image\" \/>\n<meta name=\"twitter:label1\" content=\"Tiempo de lectura\" \/>\n\t<meta name=\"twitter:data1\" content=\"2 minutos\" \/>\n<script type=\"application\/ld+json\" class=\"yoast-schema-graph\">{\"@context\":\"https:\\\/\\\/schema.org\",\"@graph\":[{\"@type\":\"WebPage\",\"@id\":\"https:\\\/\\\/www.integralpro.com.co\\\/index.php\\\/producto\\\/unidad-de-estado-solido-adata-su650ss-120gb-negro\\\/\",\"url\":\"https:\\\/\\\/www.integralpro.com.co\\\/index.php\\\/producto\\\/unidad-de-estado-solido-adata-su650ss-120gb-negro\\\/\",\"name\":\"Unidad De Estado Solido Adata Su650Ss 120Gb Negro - IntegralPro\",\"isPartOf\":{\"@id\":\"https:\\\/\\\/www.integralpro.com.co\\\/#website\"},\"primaryImageOfPage\":{\"@id\":\"https:\\\/\\\/www.integralpro.com.co\\\/index.php\\\/producto\\\/unidad-de-estado-solido-adata-su650ss-120gb-negro\\\/#primaryimage\"},\"image\":{\"@id\":\"https:\\\/\\\/www.integralpro.com.co\\\/index.php\\\/producto\\\/unidad-de-estado-solido-adata-su650ss-120gb-negro\\\/#primaryimage\"},\"thumbnailUrl\":\"https:\\\/\\\/www.integralpro.com.co\\\/wp-content\\\/uploads\\\/2021\\\/02\\\/0fa8ef4bc04017f4afe228975ec2784e.jpg\",\"datePublished\":\"2021-02-19T19:56:33+00:00\",\"dateModified\":\"2021-02-19T19:57:02+00:00\",\"breadcrumb\":{\"@id\":\"https:\\\/\\\/www.integralpro.com.co\\\/index.php\\\/producto\\\/unidad-de-estado-solido-adata-su650ss-120gb-negro\\\/#breadcrumb\"},\"inLanguage\":\"es\",\"potentialAction\":[{\"@type\":\"ReadAction\",\"target\":[\"https:\\\/\\\/www.integralpro.com.co\\\/index.php\\\/producto\\\/unidad-de-estado-solido-adata-su650ss-120gb-negro\\\/\"]}]},{\"@type\":\"ImageObject\",\"inLanguage\":\"es\",\"@id\":\"https:\\\/\\\/www.integralpro.com.co\\\/index.php\\\/producto\\\/unidad-de-estado-solido-adata-su650ss-120gb-negro\\\/#primaryimage\",\"url\":\"https:\\\/\\\/www.integralpro.com.co\\\/wp-content\\\/uploads\\\/2021\\\/02\\\/0fa8ef4bc04017f4afe228975ec2784e.jpg\",\"contentUrl\":\"https:\\\/\\\/www.integralpro.com.co\\\/wp-content\\\/uploads\\\/2021\\\/02\\\/0fa8ef4bc04017f4afe228975ec2784e.jpg\",\"width\":1000,\"height\":1000},{\"@type\":\"BreadcrumbList\",\"@id\":\"https:\\\/\\\/www.integralpro.com.co\\\/index.php\\\/producto\\\/unidad-de-estado-solido-adata-su650ss-120gb-negro\\\/#breadcrumb\",\"itemListElement\":[{\"@type\":\"ListItem\",\"position\":1,\"name\":\"Portada\",\"item\":\"https:\\\/\\\/www.integralpro.com.co\\\/\"},{\"@type\":\"ListItem\",\"position\":2,\"name\":\"Tienda\",\"item\":\"https:\\\/\\\/www.integralpro.com.co\\\/index.php\\\/tienda\\\/\"},{\"@type\":\"ListItem\",\"position\":3,\"name\":\"Unidad De Estado Solido Adata Su650Ss 120Gb Negro\"}]},{\"@type\":\"WebSite\",\"@id\":\"https:\\\/\\\/www.integralpro.com.co\\\/#website\",\"url\":\"https:\\\/\\\/www.integralpro.com.co\\\/\",\"name\":\"IntegralPro\",\"description\":\"Tienda de Tecnolog\u00eda en L\u00ednea\",\"publisher\":{\"@id\":\"https:\\\/\\\/www.integralpro.com.co\\\/#organization\"},\"potentialAction\":[{\"@type\":\"SearchAction\",\"target\":{\"@type\":\"EntryPoint\",\"urlTemplate\":\"https:\\\/\\\/www.integralpro.com.co\\\/?s={search_term_string}\"},\"query-input\":{\"@type\":\"PropertyValueSpecification\",\"valueRequired\":true,\"valueName\":\"search_term_string\"}}],\"inLanguage\":\"es\"},{\"@type\":\"Organization\",\"@id\":\"https:\\\/\\\/www.integralpro.com.co\\\/#organization\",\"name\":\"IntegralPro SAS\",\"url\":\"https:\\\/\\\/www.integralpro.com.co\\\/\",\"logo\":{\"@type\":\"ImageObject\",\"inLanguage\":\"es\",\"@id\":\"https:\\\/\\\/www.integralpro.com.co\\\/#\\\/schema\\\/logo\\\/image\\\/\",\"url\":\"https:\\\/\\\/www.integralpro.com.co\\\/wp-content\\\/uploads\\\/2021\\\/02\\\/logo-def.jpg\",\"contentUrl\":\"https:\\\/\\\/www.integralpro.com.co\\\/wp-content\\\/uploads\\\/2021\\\/02\\\/logo-def.jpg\",\"width\":238,\"height\":234,\"caption\":\"IntegralPro SAS\"},\"image\":{\"@id\":\"https:\\\/\\\/www.integralpro.com.co\\\/#\\\/schema\\\/logo\\\/image\\\/\"}}]}<\/script>\n<!-- \/ Yoast SEO plugin. -->","yoast_head_json":{"title":"Unidad De Estado Solido Adata Su650Ss 120Gb Negro - IntegralPro","robots":{"index":"index","follow":"follow","max-snippet":"max-snippet:-1","max-image-preview":"max-image-preview:large","max-video-preview":"max-video-preview:-1"},"canonical":"https:\/\/www.integralpro.com.co\/index.php\/producto\/unidad-de-estado-solido-adata-su650ss-120gb-negro\/","og_locale":"es_ES","og_type":"article","og_title":"Unidad De Estado Solido Adata Su650Ss 120Gb Negro - IntegralPro","og_description":"# DE PARTE:ASU650SS-120GT-R","og_url":"https:\/\/www.integralpro.com.co\/index.php\/producto\/unidad-de-estado-solido-adata-su650ss-120gb-negro\/","og_site_name":"IntegralPro","article_modified_time":"2021-02-19T19:57:02+00:00","og_image":[{"width":1000,"height":1000,"url":"https:\/\/www.integralpro.com.co\/wp-content\/uploads\/2021\/02\/0fa8ef4bc04017f4afe228975ec2784e.jpg","type":"image\/jpeg"}],"twitter_card":"summary_large_image","twitter_misc":{"Tiempo de lectura":"2 minutos"},"schema":{"@context":"https:\/\/schema.org","@graph":[{"@type":"WebPage","@id":"https:\/\/www.integralpro.com.co\/index.php\/producto\/unidad-de-estado-solido-adata-su650ss-120gb-negro\/","url":"https:\/\/www.integralpro.com.co\/index.php\/producto\/unidad-de-estado-solido-adata-su650ss-120gb-negro\/","name":"Unidad De Estado Solido Adata Su650Ss 120Gb Negro - IntegralPro","isPartOf":{"@id":"https:\/\/www.integralpro.com.co\/#website"},"primaryImageOfPage":{"@id":"https:\/\/www.integralpro.com.co\/index.php\/producto\/unidad-de-estado-solido-adata-su650ss-120gb-negro\/#primaryimage"},"image":{"@id":"https:\/\/www.integralpro.com.co\/index.php\/producto\/unidad-de-estado-solido-adata-su650ss-120gb-negro\/#primaryimage"},"thumbnailUrl":"https:\/\/www.integralpro.com.co\/wp-content\/uploads\/2021\/02\/0fa8ef4bc04017f4afe228975ec2784e.jpg","datePublished":"2021-02-19T19:56:33+00:00","dateModified":"2021-02-19T19:57:02+00:00","breadcrumb":{"@id":"https:\/\/www.integralpro.com.co\/index.php\/producto\/unidad-de-estado-solido-adata-su650ss-120gb-negro\/#breadcrumb"},"inLanguage":"es","potentialAction":[{"@type":"ReadAction","target":["https:\/\/www.integralpro.com.co\/index.php\/producto\/unidad-de-estado-solido-adata-su650ss-120gb-negro\/"]}]},{"@type":"ImageObject","inLanguage":"es","@id":"https:\/\/www.integralpro.com.co\/index.php\/producto\/unidad-de-estado-solido-adata-su650ss-120gb-negro\/#primaryimage","url":"https:\/\/www.integralpro.com.co\/wp-content\/uploads\/2021\/02\/0fa8ef4bc04017f4afe228975ec2784e.jpg","contentUrl":"https:\/\/www.integralpro.com.co\/wp-content\/uploads\/2021\/02\/0fa8ef4bc04017f4afe228975ec2784e.jpg","width":1000,"height":1000},{"@type":"BreadcrumbList","@id":"https:\/\/www.integralpro.com.co\/index.php\/producto\/unidad-de-estado-solido-adata-su650ss-120gb-negro\/#breadcrumb","itemListElement":[{"@type":"ListItem","position":1,"name":"Portada","item":"https:\/\/www.integralpro.com.co\/"},{"@type":"ListItem","position":2,"name":"Tienda","item":"https:\/\/www.integralpro.com.co\/index.php\/tienda\/"},{"@type":"ListItem","position":3,"name":"Unidad De Estado Solido Adata Su650Ss 120Gb Negro"}]},{"@type":"WebSite","@id":"https:\/\/www.integralpro.com.co\/#website","url":"https:\/\/www.integralpro.com.co\/","name":"IntegralPro","description":"Tienda de Tecnolog\u00eda en L\u00ednea","publisher":{"@id":"https:\/\/www.integralpro.com.co\/#organization"},"potentialAction":[{"@type":"SearchAction","target":{"@type":"EntryPoint","urlTemplate":"https:\/\/www.integralpro.com.co\/?s={search_term_string}"},"query-input":{"@type":"PropertyValueSpecification","valueRequired":true,"valueName":"search_term_string"}}],"inLanguage":"es"},{"@type":"Organization","@id":"https:\/\/www.integralpro.com.co\/#organization","name":"IntegralPro SAS","url":"https:\/\/www.integralpro.com.co\/","logo":{"@type":"ImageObject","inLanguage":"es","@id":"https:\/\/www.integralpro.com.co\/#\/schema\/logo\/image\/","url":"https:\/\/www.integralpro.com.co\/wp-content\/uploads\/2021\/02\/logo-def.jpg","contentUrl":"https:\/\/www.integralpro.com.co\/wp-content\/uploads\/2021\/02\/logo-def.jpg","width":238,"height":234,"caption":"IntegralPro SAS"},"image":{"@id":"https:\/\/www.integralpro.com.co\/#\/schema\/logo\/image\/"}}]}},"_links":{"self":[{"href":"https:\/\/www.integralpro.com.co\/index.php\/wp-json\/wp\/v2\/product\/2475","targetHints":{"allow":["GET"]}}],"collection":[{"href":"https:\/\/www.integralpro.com.co\/index.php\/wp-json\/wp\/v2\/product"}],"about":[{"href":"https:\/\/www.integralpro.com.co\/index.php\/wp-json\/wp\/v2\/types\/product"}],"version-history":[{"count":1,"href":"https:\/\/www.integralpro.com.co\/index.php\/wp-json\/wp\/v2\/product\/2475\/revisions"}],"predecessor-version":[{"id":2535,"href":"https:\/\/www.integralpro.com.co\/index.php\/wp-json\/wp\/v2\/product\/2475\/revisions\/2535"}],"wp:featuredmedia":[{"embeddable":true,"href":"https:\/\/www.integralpro.com.co\/index.php\/wp-json\/wp\/v2\/media\/2534"}],"wp:attachment":[{"href":"https:\/\/www.integralpro.com.co\/index.php\/wp-json\/wp\/v2\/media?parent=2475"}],"wp:term":[{"taxonomy":"product_brand","embeddable":true,"href":"https:\/\/www.integralpro.com.co\/index.php\/wp-json\/wp\/v2\/product_brand?post=2475"},{"taxonomy":"product_cat","embeddable":true,"href":"https:\/\/www.integralpro.com.co\/index.php\/wp-json\/wp\/v2\/product_cat?post=2475"},{"taxonomy":"product_tag","embeddable":true,"href":"https:\/\/www.integralpro.com.co\/index.php\/wp-json\/wp\/v2\/product_tag?post=2475"}],"curies":[{"name":"wp","href":"https:\/\/api.w.org\/{rel}","templated":true}]}}