{"id":2447,"date":"2021-02-19T14:56:12","date_gmt":"2021-02-19T19:56:12","guid":{"rendered":"https:\/\/www.integralpro.com.co\/index.php\/producto\/import-placeholder-for-1282\/"},"modified":"2021-02-19T14:56:59","modified_gmt":"2021-02-19T19:56:59","slug":"impresora-epson-matriz-de-punto-fx-890ii-9-pines","status":"publish","type":"product","link":"https:\/\/www.integralpro.com.co\/index.php\/producto\/impresora-epson-matriz-de-punto-fx-890ii-9-pines\/","title":{"rendered":"Impresora Epson Matriz De Punto Fx-890Ii 9 Pines"},"content":{"rendered":"<p>La serie Epson FX-890II ofrece durabilidad y facilidad de uso para los exigentes requisitos de la impresi\u00f3n diaria. Estas fiables impresoras de impacto, de 9 pines y de carro angosto, cuentan con un largo ciclo de vida y velocidades de hasta 738 cps1. Su cartucho de cinta de hasta 7,5 millones de caracteres2 reduce las intervenciones del usuario, as\u00ed como el costo por p\u00e1gina. Dise\u00f1adas para una perfecta integraci\u00f3n en pr\u00e1cticamente cualquier sistema, incluye los lenguajes de impresi\u00f3n Epson ESC \/ P\u00ae, IBM\u00ae PPDS e MICROLINE\u00ae. Ideal para entornos agresivos, trabajan con hojas sueltas, formas continuas o multicopias de hasta 7 p\u00e1ginas de espesor, y cuentan con un panel de control intuitivo para facilitar la configuraci\u00f3n y el funcionamiento.<\/p>\n<p><\/p>\n<p><strong>Descripci\u00f3n general<\/strong><\/p>\n<p><\/p>\n<p>Fiabilidad extrema \u2013 largo ciclo de vida; dise\u00f1o durable con muy pocas piezas m\u00f3viles; soporta polvo, humedad y temperaturas extremas<br \/>Bajo costo de propiedad &#8211; un cartucho de cinta de hasta 7,5 millones de caracteres2 ofrece un bajo costo por p\u00e1gina y reduce la frecuencia de las intervenciones de los usuarios<br \/>Potente productividad: velocidades ultra r\u00e1pidas de 9 pines a trav\u00e9s de formularios de varias partes e informes de hasta 738 cps1<br \/>Integraci\u00f3n perfecta con sistemas nuevos y antiguos &#8211; incluye los lenguajes de impresi\u00f3n Epson ESC \/ P, IBM PPDS y MICROLINE para una mayor flexibilidad<br \/>Avanzado manejo del papel &#8211; ruta de papel simple; acomoda papel de hojas sueltas y formas continuas de hasta 7 p\u00e1ginas de espesor<br \/>F\u00e1cil configuraci\u00f3n y operaci\u00f3n &#8211; panel de control f\u00e1cil de usar con funciones intuitivas de configuraci\u00f3n y configuraci\u00f3n<br \/>Bajo consumo de energ\u00eda &#8211; Compatible con ENERGY STAR\u00ae V2.0<br \/>Compatible con Ethernet: la tarjeta de red admite IPv63<\/p>\n<p><\/p>\n<p><strong>Especificaciones T\u00e9cnicas<\/strong><\/p>\n<p><\/p>\n<p>Dimensiones: 44 x 38 x 18 cm<\/p>\n<p>Peso: 7 Kg<\/p>\n<p>Tecnolog\u00eda de Impresi\u00f3n:<br \/>Matriz de puntos de impacto en serie, 9 aguja<\/p>\n<p>Velocidad de Impresi\u00f3n:<br \/>Borrador ultravelocidad: 680 cps (12 cpi)** 566 cps (10 cpi)<\/p>\n<p>Direcci\u00f3n de Impresi\u00f3n:<br \/>B\u00fasqueda de l\u00f3gica bidireccional para la impresi\u00f3n de texto y gr\u00e1ficos. La impresi\u00f3n unidireccional de texto o gr\u00e1ficos se puede seleccionar mediante comandos de software.<\/p>\n<p>Set de Caracteres:<br \/>13 versiones est\u00e1ndar, 13 juegos de caracteres internacionales<\/p>\n<p>Fuentes Residentes de Bipmap:<br \/>Borrador ultra r\u00e1pido: 10, 12 cpi<br \/>Borrador: 10, 12, 15, 17, 20 cpi<br \/>Calidad de letra cercana (Roman \/ Sans Serif): 10, 12, 15, 17, 20 cpi, proporcional<\/p>\n<p>Caracteres por L\u00ednea:<br \/>80 caracteres a 10 cpi<\/p>\n<p>Espacio Interlineado:<br \/>6 l\u00edneas por pulgada por defecto<\/p>\n<p>Sistemas de Operaci\u00f3n:<br \/>Windows\u00ae NT 4.0, 98, 2000, Me, XP, Vista y Win 7-8<\/p>\n<p>Nivel de Sonido:<br \/>55 dBA (patr\u00f3n ISO 7779) <\/p>\n<p><\/p>\n<p><strong>Contenido Del Paquete<\/strong><\/p>\n<p><\/p>\n<p>Impresora &#8211; Controlador de impresora<br \/>&#8211; Gu\u00eda de Instalaci\u00f3n R\u00e1pida<br \/>&#8211; Cable de energ\u00eda &#8211; Documentaci\u00f3n<\/p>\n","protected":false},"excerpt":{"rendered":"<p># DE PARTE:C11CF37201<\/p>\n","protected":false},"featured_media":2530,"template":"","meta":{"site-sidebar-layout":"default","site-content-layout":"","ast-site-content-layout":"default","site-content-style":"default","site-sidebar-style":"default","ast-global-header-display":"","ast-banner-title-visibility":"","ast-main-header-display":"","ast-hfb-above-header-display":"","ast-hfb-below-header-display":"","ast-hfb-mobile-header-display":"","site-post-title":"","ast-breadcrumbs-content":"","ast-featured-img":"","footer-sml-layout":"","ast-disable-related-posts":"","theme-transparent-header-meta":"","adv-header-id-meta":"","stick-header-meta":"","header-above-stick-meta":"","header-main-stick-meta":"","header-below-stick-meta":"","astra-migrate-meta-layouts":"default","ast-page-background-enabled":"default","ast-page-background-meta":{"desktop":{"background-color":"var(--ast-global-color-4)","background-image":"","background-repeat":"repeat","background-position":"center center","background-size":"auto","background-attachment":"scroll","background-type":"","background-media":"","overlay-type":"","overlay-color":"","overlay-opacity":"","overlay-gradient":""},"tablet":{"background-color":"","background-image":"","background-repeat":"repeat","background-position":"center center","background-size":"auto","background-attachment":"scroll","background-type":"","background-media":"","overlay-type":"","overlay-color":"","overlay-opacity":"","overlay-gradient":""},"mobile":{"background-color":"","background-image":"","background-repeat":"repeat","background-position":"center center","background-size":"auto","background-attachment":"scroll","background-type":"","background-media":"","overlay-type":"","overlay-color":"","overlay-opacity":"","overlay-gradient":""}},"ast-content-background-meta":{"desktop":{"background-color":"var(--ast-global-color-5)","background-image":"","background-repeat":"repeat","background-position":"center center","background-size":"auto","background-attachment":"scroll","background-type":"","background-media":"","overlay-type":"","overlay-color":"","overlay-opacity":"","overlay-gradient":""},"tablet":{"background-color":"var(--ast-global-color-5)","background-image":"","background-repeat":"repeat","background-position":"center center","background-size":"auto","background-attachment":"scroll","background-type":"","background-media":"","overlay-type":"","overlay-color":"","overlay-opacity":"","overlay-gradient":""},"mobile":{"background-color":"var(--ast-global-color-5)","background-image":"","background-repeat":"repeat","background-position":"center center","background-size":"auto","background-attachment":"scroll","background-type":"","background-media":"","overlay-type":"","overlay-color":"","overlay-opacity":"","overlay-gradient":""}}},"product_brand":[],"product_cat":[57,129],"product_tag":[40],"class_list":{"0":"post-2447","1":"product","2":"type-product","3":"status-publish","4":"has-post-thumbnail","6":"product_cat-impresoras-y-suministros","7":"product_cat-matriz-de-punto","8":"product_tag-epson","9":"desktop-align-left","10":"tablet-align-left","11":"mobile-align-left","13":"first","14":"instock","15":"taxable","16":"shipping-taxable","17":"product-type-simple"},"yoast_head":"<!-- This site is optimized with the Yoast SEO plugin v27.4 - https:\/\/yoast.com\/product\/yoast-seo-wordpress\/ -->\n<title>Impresora Epson Matriz De Punto Fx-890Ii 9 Pines - IntegralPro<\/title>\n<meta name=\"robots\" content=\"index, follow, max-snippet:-1, max-image-preview:large, max-video-preview:-1\" \/>\n<link rel=\"canonical\" href=\"https:\/\/www.integralpro.com.co\/index.php\/producto\/impresora-epson-matriz-de-punto-fx-890ii-9-pines\/\" \/>\n<meta property=\"og:locale\" content=\"es_ES\" \/>\n<meta property=\"og:type\" content=\"article\" \/>\n<meta property=\"og:title\" content=\"Impresora Epson Matriz De Punto Fx-890Ii 9 Pines - IntegralPro\" \/>\n<meta property=\"og:description\" content=\"# DE PARTE:C11CF37201\" \/>\n<meta property=\"og:url\" content=\"https:\/\/www.integralpro.com.co\/index.php\/producto\/impresora-epson-matriz-de-punto-fx-890ii-9-pines\/\" \/>\n<meta property=\"og:site_name\" content=\"IntegralPro\" \/>\n<meta property=\"article:modified_time\" content=\"2021-02-19T19:56:59+00:00\" \/>\n<meta property=\"og:image\" content=\"https:\/\/www.integralpro.com.co\/wp-content\/uploads\/2021\/02\/80477b2c4efe9581283724e6fc6f426e.jpg\" \/>\n\t<meta property=\"og:image:width\" content=\"1000\" \/>\n\t<meta property=\"og:image:height\" content=\"1000\" \/>\n\t<meta property=\"og:image:type\" content=\"image\/jpeg\" \/>\n<meta name=\"twitter:card\" content=\"summary_large_image\" \/>\n<meta name=\"twitter:label1\" content=\"Tiempo de lectura\" \/>\n\t<meta name=\"twitter:data1\" content=\"2 minutos\" \/>\n<script type=\"application\/ld+json\" class=\"yoast-schema-graph\">{\"@context\":\"https:\\\/\\\/schema.org\",\"@graph\":[{\"@type\":\"WebPage\",\"@id\":\"https:\\\/\\\/www.integralpro.com.co\\\/index.php\\\/producto\\\/impresora-epson-matriz-de-punto-fx-890ii-9-pines\\\/\",\"url\":\"https:\\\/\\\/www.integralpro.com.co\\\/index.php\\\/producto\\\/impresora-epson-matriz-de-punto-fx-890ii-9-pines\\\/\",\"name\":\"Impresora Epson Matriz De Punto Fx-890Ii 9 Pines - IntegralPro\",\"isPartOf\":{\"@id\":\"https:\\\/\\\/www.integralpro.com.co\\\/#website\"},\"primaryImageOfPage\":{\"@id\":\"https:\\\/\\\/www.integralpro.com.co\\\/index.php\\\/producto\\\/impresora-epson-matriz-de-punto-fx-890ii-9-pines\\\/#primaryimage\"},\"image\":{\"@id\":\"https:\\\/\\\/www.integralpro.com.co\\\/index.php\\\/producto\\\/impresora-epson-matriz-de-punto-fx-890ii-9-pines\\\/#primaryimage\"},\"thumbnailUrl\":\"https:\\\/\\\/www.integralpro.com.co\\\/wp-content\\\/uploads\\\/2021\\\/02\\\/80477b2c4efe9581283724e6fc6f426e.jpg\",\"datePublished\":\"2021-02-19T19:56:12+00:00\",\"dateModified\":\"2021-02-19T19:56:59+00:00\",\"breadcrumb\":{\"@id\":\"https:\\\/\\\/www.integralpro.com.co\\\/index.php\\\/producto\\\/impresora-epson-matriz-de-punto-fx-890ii-9-pines\\\/#breadcrumb\"},\"inLanguage\":\"es\",\"potentialAction\":[{\"@type\":\"ReadAction\",\"target\":[\"https:\\\/\\\/www.integralpro.com.co\\\/index.php\\\/producto\\\/impresora-epson-matriz-de-punto-fx-890ii-9-pines\\\/\"]}]},{\"@type\":\"ImageObject\",\"inLanguage\":\"es\",\"@id\":\"https:\\\/\\\/www.integralpro.com.co\\\/index.php\\\/producto\\\/impresora-epson-matriz-de-punto-fx-890ii-9-pines\\\/#primaryimage\",\"url\":\"https:\\\/\\\/www.integralpro.com.co\\\/wp-content\\\/uploads\\\/2021\\\/02\\\/80477b2c4efe9581283724e6fc6f426e.jpg\",\"contentUrl\":\"https:\\\/\\\/www.integralpro.com.co\\\/wp-content\\\/uploads\\\/2021\\\/02\\\/80477b2c4efe9581283724e6fc6f426e.jpg\",\"width\":1000,\"height\":1000},{\"@type\":\"BreadcrumbList\",\"@id\":\"https:\\\/\\\/www.integralpro.com.co\\\/index.php\\\/producto\\\/impresora-epson-matriz-de-punto-fx-890ii-9-pines\\\/#breadcrumb\",\"itemListElement\":[{\"@type\":\"ListItem\",\"position\":1,\"name\":\"Portada\",\"item\":\"https:\\\/\\\/www.integralpro.com.co\\\/\"},{\"@type\":\"ListItem\",\"position\":2,\"name\":\"Tienda\",\"item\":\"https:\\\/\\\/www.integralpro.com.co\\\/index.php\\\/tienda\\\/\"},{\"@type\":\"ListItem\",\"position\":3,\"name\":\"Impresora Epson Matriz De Punto Fx-890Ii 9 Pines\"}]},{\"@type\":\"WebSite\",\"@id\":\"https:\\\/\\\/www.integralpro.com.co\\\/#website\",\"url\":\"https:\\\/\\\/www.integralpro.com.co\\\/\",\"name\":\"IntegralPro\",\"description\":\"Tienda de Tecnolog\u00eda en L\u00ednea\",\"publisher\":{\"@id\":\"https:\\\/\\\/www.integralpro.com.co\\\/#organization\"},\"potentialAction\":[{\"@type\":\"SearchAction\",\"target\":{\"@type\":\"EntryPoint\",\"urlTemplate\":\"https:\\\/\\\/www.integralpro.com.co\\\/?s={search_term_string}\"},\"query-input\":{\"@type\":\"PropertyValueSpecification\",\"valueRequired\":true,\"valueName\":\"search_term_string\"}}],\"inLanguage\":\"es\"},{\"@type\":\"Organization\",\"@id\":\"https:\\\/\\\/www.integralpro.com.co\\\/#organization\",\"name\":\"IntegralPro SAS\",\"url\":\"https:\\\/\\\/www.integralpro.com.co\\\/\",\"logo\":{\"@type\":\"ImageObject\",\"inLanguage\":\"es\",\"@id\":\"https:\\\/\\\/www.integralpro.com.co\\\/#\\\/schema\\\/logo\\\/image\\\/\",\"url\":\"https:\\\/\\\/www.integralpro.com.co\\\/wp-content\\\/uploads\\\/2021\\\/02\\\/logo-def.jpg\",\"contentUrl\":\"https:\\\/\\\/www.integralpro.com.co\\\/wp-content\\\/uploads\\\/2021\\\/02\\\/logo-def.jpg\",\"width\":238,\"height\":234,\"caption\":\"IntegralPro SAS\"},\"image\":{\"@id\":\"https:\\\/\\\/www.integralpro.com.co\\\/#\\\/schema\\\/logo\\\/image\\\/\"}}]}<\/script>\n<!-- \/ Yoast SEO plugin. -->","yoast_head_json":{"title":"Impresora Epson Matriz De Punto Fx-890Ii 9 Pines - IntegralPro","robots":{"index":"index","follow":"follow","max-snippet":"max-snippet:-1","max-image-preview":"max-image-preview:large","max-video-preview":"max-video-preview:-1"},"canonical":"https:\/\/www.integralpro.com.co\/index.php\/producto\/impresora-epson-matriz-de-punto-fx-890ii-9-pines\/","og_locale":"es_ES","og_type":"article","og_title":"Impresora Epson Matriz De Punto Fx-890Ii 9 Pines - IntegralPro","og_description":"# DE PARTE:C11CF37201","og_url":"https:\/\/www.integralpro.com.co\/index.php\/producto\/impresora-epson-matriz-de-punto-fx-890ii-9-pines\/","og_site_name":"IntegralPro","article_modified_time":"2021-02-19T19:56:59+00:00","og_image":[{"width":1000,"height":1000,"url":"https:\/\/www.integralpro.com.co\/wp-content\/uploads\/2021\/02\/80477b2c4efe9581283724e6fc6f426e.jpg","type":"image\/jpeg"}],"twitter_card":"summary_large_image","twitter_misc":{"Tiempo de lectura":"2 minutos"},"schema":{"@context":"https:\/\/schema.org","@graph":[{"@type":"WebPage","@id":"https:\/\/www.integralpro.com.co\/index.php\/producto\/impresora-epson-matriz-de-punto-fx-890ii-9-pines\/","url":"https:\/\/www.integralpro.com.co\/index.php\/producto\/impresora-epson-matriz-de-punto-fx-890ii-9-pines\/","name":"Impresora Epson Matriz De Punto Fx-890Ii 9 Pines - IntegralPro","isPartOf":{"@id":"https:\/\/www.integralpro.com.co\/#website"},"primaryImageOfPage":{"@id":"https:\/\/www.integralpro.com.co\/index.php\/producto\/impresora-epson-matriz-de-punto-fx-890ii-9-pines\/#primaryimage"},"image":{"@id":"https:\/\/www.integralpro.com.co\/index.php\/producto\/impresora-epson-matriz-de-punto-fx-890ii-9-pines\/#primaryimage"},"thumbnailUrl":"https:\/\/www.integralpro.com.co\/wp-content\/uploads\/2021\/02\/80477b2c4efe9581283724e6fc6f426e.jpg","datePublished":"2021-02-19T19:56:12+00:00","dateModified":"2021-02-19T19:56:59+00:00","breadcrumb":{"@id":"https:\/\/www.integralpro.com.co\/index.php\/producto\/impresora-epson-matriz-de-punto-fx-890ii-9-pines\/#breadcrumb"},"inLanguage":"es","potentialAction":[{"@type":"ReadAction","target":["https:\/\/www.integralpro.com.co\/index.php\/producto\/impresora-epson-matriz-de-punto-fx-890ii-9-pines\/"]}]},{"@type":"ImageObject","inLanguage":"es","@id":"https:\/\/www.integralpro.com.co\/index.php\/producto\/impresora-epson-matriz-de-punto-fx-890ii-9-pines\/#primaryimage","url":"https:\/\/www.integralpro.com.co\/wp-content\/uploads\/2021\/02\/80477b2c4efe9581283724e6fc6f426e.jpg","contentUrl":"https:\/\/www.integralpro.com.co\/wp-content\/uploads\/2021\/02\/80477b2c4efe9581283724e6fc6f426e.jpg","width":1000,"height":1000},{"@type":"BreadcrumbList","@id":"https:\/\/www.integralpro.com.co\/index.php\/producto\/impresora-epson-matriz-de-punto-fx-890ii-9-pines\/#breadcrumb","itemListElement":[{"@type":"ListItem","position":1,"name":"Portada","item":"https:\/\/www.integralpro.com.co\/"},{"@type":"ListItem","position":2,"name":"Tienda","item":"https:\/\/www.integralpro.com.co\/index.php\/tienda\/"},{"@type":"ListItem","position":3,"name":"Impresora Epson Matriz De Punto Fx-890Ii 9 Pines"}]},{"@type":"WebSite","@id":"https:\/\/www.integralpro.com.co\/#website","url":"https:\/\/www.integralpro.com.co\/","name":"IntegralPro","description":"Tienda de Tecnolog\u00eda en L\u00ednea","publisher":{"@id":"https:\/\/www.integralpro.com.co\/#organization"},"potentialAction":[{"@type":"SearchAction","target":{"@type":"EntryPoint","urlTemplate":"https:\/\/www.integralpro.com.co\/?s={search_term_string}"},"query-input":{"@type":"PropertyValueSpecification","valueRequired":true,"valueName":"search_term_string"}}],"inLanguage":"es"},{"@type":"Organization","@id":"https:\/\/www.integralpro.com.co\/#organization","name":"IntegralPro SAS","url":"https:\/\/www.integralpro.com.co\/","logo":{"@type":"ImageObject","inLanguage":"es","@id":"https:\/\/www.integralpro.com.co\/#\/schema\/logo\/image\/","url":"https:\/\/www.integralpro.com.co\/wp-content\/uploads\/2021\/02\/logo-def.jpg","contentUrl":"https:\/\/www.integralpro.com.co\/wp-content\/uploads\/2021\/02\/logo-def.jpg","width":238,"height":234,"caption":"IntegralPro SAS"},"image":{"@id":"https:\/\/www.integralpro.com.co\/#\/schema\/logo\/image\/"}}]}},"_links":{"self":[{"href":"https:\/\/www.integralpro.com.co\/index.php\/wp-json\/wp\/v2\/product\/2447","targetHints":{"allow":["GET"]}}],"collection":[{"href":"https:\/\/www.integralpro.com.co\/index.php\/wp-json\/wp\/v2\/product"}],"about":[{"href":"https:\/\/www.integralpro.com.co\/index.php\/wp-json\/wp\/v2\/types\/product"}],"version-history":[{"count":1,"href":"https:\/\/www.integralpro.com.co\/index.php\/wp-json\/wp\/v2\/product\/2447\/revisions"}],"predecessor-version":[{"id":2531,"href":"https:\/\/www.integralpro.com.co\/index.php\/wp-json\/wp\/v2\/product\/2447\/revisions\/2531"}],"wp:featuredmedia":[{"embeddable":true,"href":"https:\/\/www.integralpro.com.co\/index.php\/wp-json\/wp\/v2\/media\/2530"}],"wp:attachment":[{"href":"https:\/\/www.integralpro.com.co\/index.php\/wp-json\/wp\/v2\/media?parent=2447"}],"wp:term":[{"taxonomy":"product_brand","embeddable":true,"href":"https:\/\/www.integralpro.com.co\/index.php\/wp-json\/wp\/v2\/product_brand?post=2447"},{"taxonomy":"product_cat","embeddable":true,"href":"https:\/\/www.integralpro.com.co\/index.php\/wp-json\/wp\/v2\/product_cat?post=2447"},{"taxonomy":"product_tag","embeddable":true,"href":"https:\/\/www.integralpro.com.co\/index.php\/wp-json\/wp\/v2\/product_tag?post=2447"}],"curies":[{"name":"wp","href":"https:\/\/api.w.org\/{rel}","templated":true}]}}