{"id":2445,"date":"2021-02-19T14:56:12","date_gmt":"2021-02-19T19:56:12","guid":{"rendered":"https:\/\/www.integralpro.com.co\/index.php\/producto\/import-placeholder-for-1280\/"},"modified":"2021-02-19T14:56:55","modified_gmt":"2021-02-19T19:56:55","slug":"unidad-de-estado-solido-ssd-m-2-adata-su800-256gb-sata-iii-modelo-asu800ns38-256gt-c","status":"publish","type":"product","link":"https:\/\/www.integralpro.com.co\/index.php\/producto\/unidad-de-estado-solido-ssd-m-2-adata-su800-256gb-sata-iii-modelo-asu800ns38-256gt-c\/","title":{"rendered":"Unidad De Estado S\u00f3lido Ssd M.2 Adata Su800 256Gb Sata Iii Modelo: Asu800Ns38-256Gt-C"},"content":{"rendered":"<p>Utilizando Flash NAND 3D y un controlador SMI de alta velocidad, las unidades de estado s\u00f3lido compactas SU800 M.2 2280 proporcionan capacidades de hasta 1TB y mejoran considerablemente el rendimiento, la eficiencia y la fiabilidad de la NAND 2D tradicional. Tambi\u00e9n vienen con cach\u00e9 SLC inteligente y un b\u00fafer con cach\u00e9 DRAM para aumentar el rendimiento de lectura\/escritura. Con LDPC ECC y tecnolog\u00edas como TBW (total de bytes escritos) y DEVSLP (dispositivo en suspensi\u00f3n), el SU800 M.2 2280 actualiza al instante port\u00e1tiles y PCs de sobremesa con una estabilidad, durabilidad y eficiencia energ\u00e9tica superiores.<\/p>\n<p><\/p>\n<p><strong>Menor tama\u00f1o y mayor capacidad<br \/><\/strong><\/p>\n<p><\/p>\n<p>Con la implementaci\u00f3n de la avanzada Flash NAND 3D, el SU800 M.2 2280 ofrece una mayor densidad y capacidades m\u00e1s grandes que los SSD Flash NAND 2D. Esto significa que es tambi\u00e9n m\u00e1s eficiente y confiable con una mejor relaci\u00f3n coste-rendimiento. El SU800 M.2 2280 viene en una amplia gama de variantes de capacidad de 128GB a 1TB y ofrece velocidades de lectura\/escritura de 560MB\/s y 520MB\/s para acelerar el PC.<\/p>\n<p><\/p>\n<p><strong>Cach\u00e9 SLC inteligente y b\u00fafer de cach\u00e9 DRAM<br \/><\/strong><\/p>\n<p><\/p>\n<p>El algoritmo de Cach\u00e9 SLC inteligente permite a la memoria NAND Flash funcionar en modo de celda de un s\u00f3lo nivel y aumenta el rendimiento de lectura\/escritura. Adem\u00e1s, al ser compatible con b\u00fafer de cach\u00e9 DRAM, el rendimiento de lectura\/escritura puede llegar a ser el doble de las unidades solid state sin cach\u00e9 DRAM, en otras palabras, no pueden utilizar la memoria auxiliar como b\u00fafer de SSD para tareas de gran intensidad.<\/p>\n<p><\/p>\n<p><strong>Motor LDPC ECC avanzado<br \/><\/strong><\/p>\n<p><\/p>\n<p>El c\u00f3digo de correcci\u00f3n de errores de comprobaci\u00f3n de paridad de baja densidad se ha implementado en el SU800 M.2 2280, llevando a una reducci\u00f3n dr\u00e1stica de los errores de datos y un aumento igual en la integridad de los datos. Por lo tanto, protege su preciado contenido contra la corrupci\u00f3n de datos en un grado mucho mayor que los SSD sin ECC o incluso los SSD que utilizan la correcci\u00f3n de errores BCH b\u00e1sica.<\/p>\n<p><\/p>\n<p><strong>Menor consumo energ\u00e9tico, mayor duraci\u00f3n de la bater\u00eda<br \/><\/strong><\/p>\n<p><\/p>\n<p>El SU800 M.2 2280 soporta la tecnolog\u00eda DEVSLP (dispositivo en suspensi\u00f3n) para una mejor eficiencia energ\u00e9tica. Esto se traduce en menor coste el\u00e9ctrico y mayor duraci\u00f3n de la bater\u00eda. En comparaci\u00f3n con los discos duros tradicionales, el SU800 M.2 2280 consume tan s\u00f3lo un 8% de energ\u00eda en modo inactivo y el 80% menos de energ\u00eda durante un funcionamiento normal. Para los usuarios que a menudo viajan o van de viaje de negocios, el SU800 M.2 2280 es un gran socio con gran movilidad y capacidad de ahorro de energ\u00eda en las bater\u00edas de los port\u00e1tiles.<\/p>\n<p><\/p>\n<p><strong>Especificaciones T\u00e9cnicas<\/strong><\/p>\n<p><\/p>\n<p>Dimensiones (L x An x Al) 22 x 80 x 3,5mm<\/p>\n<p>Peso 8g<\/p>\n<p>Interfaz SATA 6Gb\/s<\/p>\n<p>Intervalo de temperatura de almacenaje -40 &#8211; 85 \u00b0C<\/p>\n<p>Factor de forma M.2 2280<\/p>\n<p>Intervalo de temperatura operativa 0 &#8211; 70 \u00b0C<\/p>\n<p>Golpes en funcionamiento 1500 G<\/p>\n<p>Tiempo medio entre fallos 2000000 h<\/p>\n<p>Tipo de memoria TLC<\/p>\n<p>Velocidad de transferencia de datos 6 Gbit\/s<\/p>\n<p>Velocidad de lectura 560 MB\/s<\/p>\n<p>Velocidad de escritura 520 MB\/s<\/p>\n<p>Tipo de controlador SMI<\/p>\n<p>Interfaces de disco de estado s\u00f3lido Serial ATA III<\/p>\n<p>Disco de estado s\u00f3lido, capacidad 256 GB<\/p>\n<p>Compatibilidad con RAID: Si <\/p>\n<p><\/p>\n<p><strong>Contenido Del Paquete<\/strong><\/p>\n<p><\/p>\n<p>Unidad de estado solido &#8211; Documentaci\u00f3n<\/p>\n","protected":false},"excerpt":{"rendered":"<p># DE PARTE:ASU800NS38-256GT-C<\/p>\n","protected":false},"featured_media":2512,"template":"","meta":{"site-sidebar-layout":"default","site-content-layout":"","ast-site-content-layout":"default","site-content-style":"default","site-sidebar-style":"default","ast-global-header-display":"","ast-banner-title-visibility":"","ast-main-header-display":"","ast-hfb-above-header-display":"","ast-hfb-below-header-display":"","ast-hfb-mobile-header-display":"","site-post-title":"","ast-breadcrumbs-content":"","ast-featured-img":"","footer-sml-layout":"","ast-disable-related-posts":"","theme-transparent-header-meta":"","adv-header-id-meta":"","stick-header-meta":"","header-above-stick-meta":"","header-main-stick-meta":"","header-below-stick-meta":"","astra-migrate-meta-layouts":"default","ast-page-background-enabled":"default","ast-page-background-meta":{"desktop":{"background-color":"var(--ast-global-color-4)","background-image":"","background-repeat":"repeat","background-position":"center center","background-size":"auto","background-attachment":"scroll","background-type":"","background-media":"","overlay-type":"","overlay-color":"","overlay-opacity":"","overlay-gradient":""},"tablet":{"background-color":"","background-image":"","background-repeat":"repeat","background-position":"center center","background-size":"auto","background-attachment":"scroll","background-type":"","background-media":"","overlay-type":"","overlay-color":"","overlay-opacity":"","overlay-gradient":""},"mobile":{"background-color":"","background-image":"","background-repeat":"repeat","background-position":"center center","background-size":"auto","background-attachment":"scroll","background-type":"","background-media":"","overlay-type":"","overlay-color":"","overlay-opacity":"","overlay-gradient":""}},"ast-content-background-meta":{"desktop":{"background-color":"var(--ast-global-color-5)","background-image":"","background-repeat":"repeat","background-position":"center center","background-size":"auto","background-attachment":"scroll","background-type":"","background-media":"","overlay-type":"","overlay-color":"","overlay-opacity":"","overlay-gradient":""},"tablet":{"background-color":"var(--ast-global-color-5)","background-image":"","background-repeat":"repeat","background-position":"center center","background-size":"auto","background-attachment":"scroll","background-type":"","background-media":"","overlay-type":"","overlay-color":"","overlay-opacity":"","overlay-gradient":""},"mobile":{"background-color":"var(--ast-global-color-5)","background-image":"","background-repeat":"repeat","background-position":"center center","background-size":"auto","background-attachment":"scroll","background-type":"","background-media":"","overlay-type":"","overlay-color":"","overlay-opacity":"","overlay-gradient":""}}},"product_brand":[],"product_cat":[49],"product_tag":[48],"class_list":{"0":"post-2445","1":"product","2":"type-product","3":"status-publish","4":"has-post-thumbnail","6":"product_cat-accesorios","7":"product_tag-adata","8":"desktop-align-left","9":"tablet-align-left","10":"mobile-align-left","12":"first","13":"instock","14":"taxable","15":"shipping-taxable","16":"product-type-simple"},"yoast_head":"<!-- This site is optimized with the Yoast SEO plugin v27.3 - https:\/\/yoast.com\/product\/yoast-seo-wordpress\/ -->\n<title>Unidad De Estado S\u00f3lido Ssd M.2 Adata Su800 256Gb Sata Iii Modelo: Asu800Ns38-256Gt-C - IntegralPro<\/title>\n<meta name=\"robots\" content=\"index, follow, max-snippet:-1, max-image-preview:large, max-video-preview:-1\" \/>\n<link rel=\"canonical\" href=\"https:\/\/www.integralpro.com.co\/index.php\/producto\/unidad-de-estado-solido-ssd-m-2-adata-su800-256gb-sata-iii-modelo-asu800ns38-256gt-c\/\" \/>\n<meta property=\"og:locale\" content=\"es_ES\" \/>\n<meta property=\"og:type\" content=\"article\" \/>\n<meta property=\"og:title\" content=\"Unidad De Estado S\u00f3lido Ssd M.2 Adata Su800 256Gb Sata Iii Modelo: Asu800Ns38-256Gt-C - IntegralPro\" \/>\n<meta property=\"og:description\" content=\"# DE PARTE:ASU800NS38-256GT-C\" \/>\n<meta property=\"og:url\" content=\"https:\/\/www.integralpro.com.co\/index.php\/producto\/unidad-de-estado-solido-ssd-m-2-adata-su800-256gb-sata-iii-modelo-asu800ns38-256gt-c\/\" \/>\n<meta property=\"og:site_name\" content=\"IntegralPro\" \/>\n<meta property=\"article:modified_time\" content=\"2021-02-19T19:56:55+00:00\" \/>\n<meta property=\"og:image\" content=\"https:\/\/www.integralpro.com.co\/wp-content\/uploads\/2021\/02\/f438158fb28ce383b3d4794cef1d8c18.jpg\" \/>\n\t<meta property=\"og:image:width\" content=\"1000\" \/>\n\t<meta property=\"og:image:height\" content=\"1000\" \/>\n\t<meta property=\"og:image:type\" content=\"image\/jpeg\" \/>\n<meta name=\"twitter:card\" content=\"summary_large_image\" \/>\n<meta name=\"twitter:label1\" content=\"Tiempo de lectura\" \/>\n\t<meta name=\"twitter:data1\" content=\"3 minutos\" \/>\n<script type=\"application\/ld+json\" class=\"yoast-schema-graph\">{\"@context\":\"https:\\\/\\\/schema.org\",\"@graph\":[{\"@type\":\"WebPage\",\"@id\":\"https:\\\/\\\/www.integralpro.com.co\\\/index.php\\\/producto\\\/unidad-de-estado-solido-ssd-m-2-adata-su800-256gb-sata-iii-modelo-asu800ns38-256gt-c\\\/\",\"url\":\"https:\\\/\\\/www.integralpro.com.co\\\/index.php\\\/producto\\\/unidad-de-estado-solido-ssd-m-2-adata-su800-256gb-sata-iii-modelo-asu800ns38-256gt-c\\\/\",\"name\":\"Unidad De Estado S\u00f3lido Ssd M.2 Adata Su800 256Gb Sata Iii Modelo: Asu800Ns38-256Gt-C - IntegralPro\",\"isPartOf\":{\"@id\":\"https:\\\/\\\/www.integralpro.com.co\\\/#website\"},\"primaryImageOfPage\":{\"@id\":\"https:\\\/\\\/www.integralpro.com.co\\\/index.php\\\/producto\\\/unidad-de-estado-solido-ssd-m-2-adata-su800-256gb-sata-iii-modelo-asu800ns38-256gt-c\\\/#primaryimage\"},\"image\":{\"@id\":\"https:\\\/\\\/www.integralpro.com.co\\\/index.php\\\/producto\\\/unidad-de-estado-solido-ssd-m-2-adata-su800-256gb-sata-iii-modelo-asu800ns38-256gt-c\\\/#primaryimage\"},\"thumbnailUrl\":\"https:\\\/\\\/www.integralpro.com.co\\\/wp-content\\\/uploads\\\/2021\\\/02\\\/f438158fb28ce383b3d4794cef1d8c18.jpg\",\"datePublished\":\"2021-02-19T19:56:12+00:00\",\"dateModified\":\"2021-02-19T19:56:55+00:00\",\"breadcrumb\":{\"@id\":\"https:\\\/\\\/www.integralpro.com.co\\\/index.php\\\/producto\\\/unidad-de-estado-solido-ssd-m-2-adata-su800-256gb-sata-iii-modelo-asu800ns38-256gt-c\\\/#breadcrumb\"},\"inLanguage\":\"es\",\"potentialAction\":[{\"@type\":\"ReadAction\",\"target\":[\"https:\\\/\\\/www.integralpro.com.co\\\/index.php\\\/producto\\\/unidad-de-estado-solido-ssd-m-2-adata-su800-256gb-sata-iii-modelo-asu800ns38-256gt-c\\\/\"]}]},{\"@type\":\"ImageObject\",\"inLanguage\":\"es\",\"@id\":\"https:\\\/\\\/www.integralpro.com.co\\\/index.php\\\/producto\\\/unidad-de-estado-solido-ssd-m-2-adata-su800-256gb-sata-iii-modelo-asu800ns38-256gt-c\\\/#primaryimage\",\"url\":\"https:\\\/\\\/www.integralpro.com.co\\\/wp-content\\\/uploads\\\/2021\\\/02\\\/f438158fb28ce383b3d4794cef1d8c18.jpg\",\"contentUrl\":\"https:\\\/\\\/www.integralpro.com.co\\\/wp-content\\\/uploads\\\/2021\\\/02\\\/f438158fb28ce383b3d4794cef1d8c18.jpg\",\"width\":1000,\"height\":1000},{\"@type\":\"BreadcrumbList\",\"@id\":\"https:\\\/\\\/www.integralpro.com.co\\\/index.php\\\/producto\\\/unidad-de-estado-solido-ssd-m-2-adata-su800-256gb-sata-iii-modelo-asu800ns38-256gt-c\\\/#breadcrumb\",\"itemListElement\":[{\"@type\":\"ListItem\",\"position\":1,\"name\":\"Portada\",\"item\":\"https:\\\/\\\/www.integralpro.com.co\\\/\"},{\"@type\":\"ListItem\",\"position\":2,\"name\":\"Tienda\",\"item\":\"https:\\\/\\\/www.integralpro.com.co\\\/index.php\\\/tienda\\\/\"},{\"@type\":\"ListItem\",\"position\":3,\"name\":\"Unidad De Estado S\u00f3lido Ssd M.2 Adata Su800 256Gb Sata Iii Modelo: Asu800Ns38-256Gt-C\"}]},{\"@type\":\"WebSite\",\"@id\":\"https:\\\/\\\/www.integralpro.com.co\\\/#website\",\"url\":\"https:\\\/\\\/www.integralpro.com.co\\\/\",\"name\":\"IntegralPro\",\"description\":\"Tienda de Tecnolog\u00eda en L\u00ednea\",\"publisher\":{\"@id\":\"https:\\\/\\\/www.integralpro.com.co\\\/#organization\"},\"potentialAction\":[{\"@type\":\"SearchAction\",\"target\":{\"@type\":\"EntryPoint\",\"urlTemplate\":\"https:\\\/\\\/www.integralpro.com.co\\\/?s={search_term_string}\"},\"query-input\":{\"@type\":\"PropertyValueSpecification\",\"valueRequired\":true,\"valueName\":\"search_term_string\"}}],\"inLanguage\":\"es\"},{\"@type\":\"Organization\",\"@id\":\"https:\\\/\\\/www.integralpro.com.co\\\/#organization\",\"name\":\"IntegralPro SAS\",\"url\":\"https:\\\/\\\/www.integralpro.com.co\\\/\",\"logo\":{\"@type\":\"ImageObject\",\"inLanguage\":\"es\",\"@id\":\"https:\\\/\\\/www.integralpro.com.co\\\/#\\\/schema\\\/logo\\\/image\\\/\",\"url\":\"https:\\\/\\\/www.integralpro.com.co\\\/wp-content\\\/uploads\\\/2021\\\/02\\\/logo-def.jpg\",\"contentUrl\":\"https:\\\/\\\/www.integralpro.com.co\\\/wp-content\\\/uploads\\\/2021\\\/02\\\/logo-def.jpg\",\"width\":238,\"height\":234,\"caption\":\"IntegralPro SAS\"},\"image\":{\"@id\":\"https:\\\/\\\/www.integralpro.com.co\\\/#\\\/schema\\\/logo\\\/image\\\/\"}}]}<\/script>\n<!-- \/ Yoast SEO plugin. -->","yoast_head_json":{"title":"Unidad De Estado S\u00f3lido Ssd M.2 Adata Su800 256Gb Sata Iii Modelo: Asu800Ns38-256Gt-C - IntegralPro","robots":{"index":"index","follow":"follow","max-snippet":"max-snippet:-1","max-image-preview":"max-image-preview:large","max-video-preview":"max-video-preview:-1"},"canonical":"https:\/\/www.integralpro.com.co\/index.php\/producto\/unidad-de-estado-solido-ssd-m-2-adata-su800-256gb-sata-iii-modelo-asu800ns38-256gt-c\/","og_locale":"es_ES","og_type":"article","og_title":"Unidad De Estado S\u00f3lido Ssd M.2 Adata Su800 256Gb Sata Iii Modelo: Asu800Ns38-256Gt-C - IntegralPro","og_description":"# DE PARTE:ASU800NS38-256GT-C","og_url":"https:\/\/www.integralpro.com.co\/index.php\/producto\/unidad-de-estado-solido-ssd-m-2-adata-su800-256gb-sata-iii-modelo-asu800ns38-256gt-c\/","og_site_name":"IntegralPro","article_modified_time":"2021-02-19T19:56:55+00:00","og_image":[{"width":1000,"height":1000,"url":"https:\/\/www.integralpro.com.co\/wp-content\/uploads\/2021\/02\/f438158fb28ce383b3d4794cef1d8c18.jpg","type":"image\/jpeg"}],"twitter_card":"summary_large_image","twitter_misc":{"Tiempo de lectura":"3 minutos"},"schema":{"@context":"https:\/\/schema.org","@graph":[{"@type":"WebPage","@id":"https:\/\/www.integralpro.com.co\/index.php\/producto\/unidad-de-estado-solido-ssd-m-2-adata-su800-256gb-sata-iii-modelo-asu800ns38-256gt-c\/","url":"https:\/\/www.integralpro.com.co\/index.php\/producto\/unidad-de-estado-solido-ssd-m-2-adata-su800-256gb-sata-iii-modelo-asu800ns38-256gt-c\/","name":"Unidad De Estado S\u00f3lido Ssd M.2 Adata Su800 256Gb Sata Iii Modelo: Asu800Ns38-256Gt-C - IntegralPro","isPartOf":{"@id":"https:\/\/www.integralpro.com.co\/#website"},"primaryImageOfPage":{"@id":"https:\/\/www.integralpro.com.co\/index.php\/producto\/unidad-de-estado-solido-ssd-m-2-adata-su800-256gb-sata-iii-modelo-asu800ns38-256gt-c\/#primaryimage"},"image":{"@id":"https:\/\/www.integralpro.com.co\/index.php\/producto\/unidad-de-estado-solido-ssd-m-2-adata-su800-256gb-sata-iii-modelo-asu800ns38-256gt-c\/#primaryimage"},"thumbnailUrl":"https:\/\/www.integralpro.com.co\/wp-content\/uploads\/2021\/02\/f438158fb28ce383b3d4794cef1d8c18.jpg","datePublished":"2021-02-19T19:56:12+00:00","dateModified":"2021-02-19T19:56:55+00:00","breadcrumb":{"@id":"https:\/\/www.integralpro.com.co\/index.php\/producto\/unidad-de-estado-solido-ssd-m-2-adata-su800-256gb-sata-iii-modelo-asu800ns38-256gt-c\/#breadcrumb"},"inLanguage":"es","potentialAction":[{"@type":"ReadAction","target":["https:\/\/www.integralpro.com.co\/index.php\/producto\/unidad-de-estado-solido-ssd-m-2-adata-su800-256gb-sata-iii-modelo-asu800ns38-256gt-c\/"]}]},{"@type":"ImageObject","inLanguage":"es","@id":"https:\/\/www.integralpro.com.co\/index.php\/producto\/unidad-de-estado-solido-ssd-m-2-adata-su800-256gb-sata-iii-modelo-asu800ns38-256gt-c\/#primaryimage","url":"https:\/\/www.integralpro.com.co\/wp-content\/uploads\/2021\/02\/f438158fb28ce383b3d4794cef1d8c18.jpg","contentUrl":"https:\/\/www.integralpro.com.co\/wp-content\/uploads\/2021\/02\/f438158fb28ce383b3d4794cef1d8c18.jpg","width":1000,"height":1000},{"@type":"BreadcrumbList","@id":"https:\/\/www.integralpro.com.co\/index.php\/producto\/unidad-de-estado-solido-ssd-m-2-adata-su800-256gb-sata-iii-modelo-asu800ns38-256gt-c\/#breadcrumb","itemListElement":[{"@type":"ListItem","position":1,"name":"Portada","item":"https:\/\/www.integralpro.com.co\/"},{"@type":"ListItem","position":2,"name":"Tienda","item":"https:\/\/www.integralpro.com.co\/index.php\/tienda\/"},{"@type":"ListItem","position":3,"name":"Unidad De Estado S\u00f3lido Ssd M.2 Adata Su800 256Gb Sata Iii Modelo: Asu800Ns38-256Gt-C"}]},{"@type":"WebSite","@id":"https:\/\/www.integralpro.com.co\/#website","url":"https:\/\/www.integralpro.com.co\/","name":"IntegralPro","description":"Tienda de Tecnolog\u00eda en L\u00ednea","publisher":{"@id":"https:\/\/www.integralpro.com.co\/#organization"},"potentialAction":[{"@type":"SearchAction","target":{"@type":"EntryPoint","urlTemplate":"https:\/\/www.integralpro.com.co\/?s={search_term_string}"},"query-input":{"@type":"PropertyValueSpecification","valueRequired":true,"valueName":"search_term_string"}}],"inLanguage":"es"},{"@type":"Organization","@id":"https:\/\/www.integralpro.com.co\/#organization","name":"IntegralPro SAS","url":"https:\/\/www.integralpro.com.co\/","logo":{"@type":"ImageObject","inLanguage":"es","@id":"https:\/\/www.integralpro.com.co\/#\/schema\/logo\/image\/","url":"https:\/\/www.integralpro.com.co\/wp-content\/uploads\/2021\/02\/logo-def.jpg","contentUrl":"https:\/\/www.integralpro.com.co\/wp-content\/uploads\/2021\/02\/logo-def.jpg","width":238,"height":234,"caption":"IntegralPro SAS"},"image":{"@id":"https:\/\/www.integralpro.com.co\/#\/schema\/logo\/image\/"}}]}},"_links":{"self":[{"href":"https:\/\/www.integralpro.com.co\/index.php\/wp-json\/wp\/v2\/product\/2445","targetHints":{"allow":["GET"]}}],"collection":[{"href":"https:\/\/www.integralpro.com.co\/index.php\/wp-json\/wp\/v2\/product"}],"about":[{"href":"https:\/\/www.integralpro.com.co\/index.php\/wp-json\/wp\/v2\/types\/product"}],"version-history":[{"count":1,"href":"https:\/\/www.integralpro.com.co\/index.php\/wp-json\/wp\/v2\/product\/2445\/revisions"}],"predecessor-version":[{"id":2513,"href":"https:\/\/www.integralpro.com.co\/index.php\/wp-json\/wp\/v2\/product\/2445\/revisions\/2513"}],"wp:featuredmedia":[{"embeddable":true,"href":"https:\/\/www.integralpro.com.co\/index.php\/wp-json\/wp\/v2\/media\/2512"}],"wp:attachment":[{"href":"https:\/\/www.integralpro.com.co\/index.php\/wp-json\/wp\/v2\/media?parent=2445"}],"wp:term":[{"taxonomy":"product_brand","embeddable":true,"href":"https:\/\/www.integralpro.com.co\/index.php\/wp-json\/wp\/v2\/product_brand?post=2445"},{"taxonomy":"product_cat","embeddable":true,"href":"https:\/\/www.integralpro.com.co\/index.php\/wp-json\/wp\/v2\/product_cat?post=2445"},{"taxonomy":"product_tag","embeddable":true,"href":"https:\/\/www.integralpro.com.co\/index.php\/wp-json\/wp\/v2\/product_tag?post=2445"}],"curies":[{"name":"wp","href":"https:\/\/api.w.org\/{rel}","templated":true}]}}